{"id":1526,"date":"2023-08-12T10:41:14","date_gmt":"2023-08-12T08:41:14","guid":{"rendered":"https:\/\/www.malasmora.si\/?post_type=product&#038;p=1526"},"modified":"2025-02-17T12:37:17","modified_gmt":"2025-02-17T10:37:17","slug":"ladybug_resin_necklace","status":"publish","type":"product","link":"https:\/\/www.malasmora.si\/hr\/proizvod\/ladybug_resin_necklace\/","title":{"rendered":"Ogrlica pikapolonica"},"content":{"rendered":"<p>Spomnim se, ko sem bila \u0161e otrok, so mi star\u0161i rekli, \u010de Pikapolonica pristane name, si lahko nekaj za\u017eelim in ona mi bo to izpolnila.<br \/>\nZato sem naredila to \u010dudovito ogrlico Pikapolonica iz epoksi smole z enim samim ciljem: nekomu prinesti sre\u010do v \u017eivljenje.<\/p>\n<p>\ud83d\udc1ePikapolonica predstavlja sre\u010do, bogastvo in za\u0161\u010dito\ud83d\udc1e<\/p>\n<p>Obesek temelji na dveh kontrastnih barvah: rde\u010di za Pikapolonico in \u010drni za ozadje. Seveda sem dala tudi nekaj ble\u0161\u010dic.<\/p>\n<p>\ud83d\udcd0Dimenzije:<br \/>\nPremer obeska 4 cm<br \/>\nVeri\u017eica iz nerjave\u010deg jekla 45 cm<\/p>\n<p><img decoding=\"async\" class=\"emoji\" role=\"img\" draggable=\"false\" src=\"https:\/\/s.w.org\/images\/core\/emoji\/15.0.3\/svg\/1f496.svg\" alt=\"\ud83d\udc96\" \/> NJEGA ZA RU\u010cNO IZRA\u0110ENI NAKIT <img decoding=\"async\" class=\"emoji\" role=\"img\" draggable=\"false\" src=\"https:\/\/s.w.org\/images\/core\/emoji\/15.0.3\/svg\/1f496.svg\" alt=\"\ud83d\udc96\" \/><br \/>\nMolimo \u010duvajte na suhom mjestu i izbjegavajte dugotrajnu izravnu sun\u010devu svjetlost, vodu, kemikalije i parfeme kako biste sa\u010duvali i odr\u017eali ljepotu nakita.<\/p>\n<p><img decoding=\"async\" class=\"emoji\" role=\"img\" draggable=\"false\" src=\"https:\/\/s.w.org\/images\/core\/emoji\/15.0.3\/svg\/1f536.svg\" alt=\"\ud83d\udd36\" \/>Vse izdelke sem ro\u010dno izdelala, torej ne obstajajo dva enaka. Poleg tega zaradi ro\u010dne izdelave vedno obstaja mo\u017enost majhnih nepravilnosti in mehur\u010dkov.<\/p>\n<p><img decoding=\"async\" class=\"emoji\" role=\"img\" draggable=\"false\" src=\"https:\/\/s.w.org\/images\/core\/emoji\/15.0.3\/svg\/1f536.svg\" alt=\"\ud83d\udd36\" \/>Imajte na umu da se boja mo\u017ee neznatno razlikovati na nekim monitorima zbog razli\u010ditih postavki slike.<\/p>\n<p>\u2757Ogrlica Pikapolonica se odli\u010dno poda k uhanom Pikapolonica, ki jih lahko kupite tukaj<br \/>\n\ud83d\udc47\ud83d\udc47 \ud83d\udc47<\/p>\n<blockquote class=\"wp-embedded-content\" data-secret=\"90btjMnJWB\"><p><a href=\"https:\/\/www.malasmora.si\/hr\/proizvod\/handmade-shiny-ladybug-black-resin-round-drop-dangle-earrings\/\">Ro\u010dno izdelani sijo\u010di okrogli vise\u010di uhani Pikapolonica iz smole<\/a><\/p><\/blockquote>\n<p><iframe loading=\"lazy\" class=\"wp-embedded-content\" sandbox=\"allow-scripts\" security=\"restricted\" style=\"position: absolute; visibility: hidden;\" title=\"&#8220;Ro\u010dno izdelani sijo\u010di okrogli vise\u010di uhani Pikapolonica iz smole&#8221; &#8212; Mala s mora\" src=\"https:\/\/www.malasmora.si\/izdelek\/handmade-shiny-ladybug-black-resin-round-drop-dangle-earrings\/embed\/#?secret=6sY9wfgrO1#?secret=90btjMnJWB\" data-secret=\"90btjMnJWB\" width=\"600\" height=\"338\" frameborder=\"0\" marginwidth=\"0\" marginheight=\"0\" scrolling=\"no\"><\/iframe><\/p>","protected":false},"excerpt":{"rendered":"<p>Spomnim se, ko sem bila \u0161e otrok, so mi star\u0161i rekli, \u010de Pikapolonica pristane name, si lahko nekaj za\u017eelim in ona mi bo to izpolnila. Zato sem naredila to \u010dudovito ogrlico Pikapolonica iz epoksi smole z enim samim ciljem: nekomu prinesti sre\u010do v \u017eivljenje. \ud83d\udc1ePikapolonica predstavlja sre\u010do, bogastvo in za\u0161\u010dito\ud83d\udc1e Obesek temelji na dveh kontrastnih&#8230;<\/p>","protected":false},"featured_media":1490,"comment_status":"open","ping_status":"closed","template":"","meta":{"_kadence_starter_templates_imported_post":false,"_kad_post_transparent":"default","_kad_post_title":"","_kad_post_layout":"default","_kad_post_sidebar_id":"","_kad_post_content_style":"default","_kad_post_vertical_padding":"default","_kad_post_feature":"","_kad_post_feature_position":"","_kad_post_header":false,"_kad_post_footer":false},"product_brand":[],"product_cat":[20],"product_tag":[478,889,63,887,67,60,476,888,891,58,890,168,477],"class_list":{"0":"post-1526","1":"product","2":"type-product","3":"status-publish","4":"has-post-thumbnail","6":"product_cat-necklaces","7":"product_tag-black_pendant_necklace","8":"product_tag-bubamara_ogrlilca","9":"product_tag-designer_jewelry","10":"product_tag-good_luck_necklace","11":"product_tag-handmade_jewelry","12":"product_tag-handmade_necklace","13":"product_tag-lady_bug_necklace","14":"product_tag-ladybird_necklace","15":"product_tag-ladybug_necklace","16":"product_tag-pendant_necklace","17":"product_tag-pikapolonica_ogrlica","18":"product_tag-resin_necklace","19":"product_tag-round_pendant_necklace","21":"first","22":"instock","23":"sold-individually","24":"taxable","25":"shipping-taxable","26":"purchasable","27":"product-type-simple","28":"entry","29":"content-bg","30":"loop-entry"},"yoast_head":"<!-- This site is optimized with the Yoast SEO plugin v26.6 - https:\/\/yoast.com\/wordpress\/plugins\/seo\/ -->\n<title>Ogrlica pikapolonica - Mala s mora<\/title>\n<meta name=\"description\" content=\"Good luck Ladybug resin necklace, Ogrlica iz smole Pikapolonica, Ogrlica od smole Bubamara\" \/>\n<meta name=\"robots\" content=\"index, follow, max-snippet:-1, max-image-preview:large, max-video-preview:-1\" \/>\n<link rel=\"canonical\" href=\"https:\/\/www.malasmora.si\/hr\/proizvod\/ladybug_resin_necklace\/\" \/>\n<meta property=\"og:locale\" content=\"hr_HR\" \/>\n<meta property=\"og:type\" content=\"article\" \/>\n<meta property=\"og:title\" content=\"Ogrlica pikapolonica - Mala s mora\" \/>\n<meta property=\"og:description\" content=\"Good luck Ladybug resin necklace, Ogrlica iz smole Pikapolonica, Ogrlica od smole Bubamara\" \/>\n<meta property=\"og:url\" content=\"https:\/\/www.malasmora.si\/hr\/proizvod\/ladybug_resin_necklace\/\" \/>\n<meta property=\"og:site_name\" content=\"Mala s mora\" \/>\n<meta property=\"article:publisher\" content=\"https:\/\/www.facebook.com\/MalaSMoraArt\/\" \/>\n<meta property=\"article:modified_time\" content=\"2025-02-17T10:37:17+00:00\" \/>\n<meta property=\"og:image\" content=\"https:\/\/www.malasmora.si\/wp-content\/uploads\/2023\/08\/ladybug_necklace.jpg\" \/>\n\t<meta property=\"og:image:width\" content=\"1000\" \/>\n\t<meta property=\"og:image:height\" content=\"1000\" \/>\n\t<meta property=\"og:image:type\" content=\"image\/jpeg\" \/>\n<meta name=\"twitter:card\" content=\"summary_large_image\" \/>\n<meta name=\"twitter:label1\" content=\"Procijenjeno vrijeme \u010ditanja\" \/>\n\t<meta name=\"twitter:data1\" content=\"2 minute\" \/>\n<script type=\"application\/ld+json\" class=\"yoast-schema-graph\">{\"@context\":\"https:\/\/schema.org\",\"@graph\":[{\"@type\":\"WebPage\",\"@id\":\"https:\/\/www.malasmora.si\/izdelek\/ladybug_resin_necklace\/\",\"url\":\"https:\/\/www.malasmora.si\/izdelek\/ladybug_resin_necklace\/\",\"name\":\"Ogrlica pikapolonica - Mala s mora\",\"isPartOf\":{\"@id\":\"https:\/\/www.malasmora.si\/#website\"},\"primaryImageOfPage\":{\"@id\":\"https:\/\/www.malasmora.si\/izdelek\/ladybug_resin_necklace\/#primaryimage\"},\"image\":{\"@id\":\"https:\/\/www.malasmora.si\/izdelek\/ladybug_resin_necklace\/#primaryimage\"},\"thumbnailUrl\":\"https:\/\/www.malasmora.si\/wp-content\/uploads\/2023\/08\/ladybug_necklace.jpg\",\"datePublished\":\"2023-08-12T08:41:14+00:00\",\"dateModified\":\"2025-02-17T10:37:17+00:00\",\"description\":\"Good luck Ladybug resin necklace, Ogrlica iz smole Pikapolonica, Ogrlica od smole Bubamara\",\"breadcrumb\":{\"@id\":\"https:\/\/www.malasmora.si\/izdelek\/ladybug_resin_necklace\/#breadcrumb\"},\"inLanguage\":\"hr\",\"potentialAction\":[{\"@type\":\"ReadAction\",\"target\":[\"https:\/\/www.malasmora.si\/izdelek\/ladybug_resin_necklace\/\"]}]},{\"@type\":\"ImageObject\",\"inLanguage\":\"hr\",\"@id\":\"https:\/\/www.malasmora.si\/izdelek\/ladybug_resin_necklace\/#primaryimage\",\"url\":\"https:\/\/www.malasmora.si\/wp-content\/uploads\/2023\/08\/ladybug_necklace.jpg\",\"contentUrl\":\"https:\/\/www.malasmora.si\/wp-content\/uploads\/2023\/08\/ladybug_necklace.jpg\",\"width\":1000,\"height\":1000,\"caption\":\"O101\"},{\"@type\":\"BreadcrumbList\",\"@id\":\"https:\/\/www.malasmora.si\/izdelek\/ladybug_resin_necklace\/#breadcrumb\",\"itemListElement\":[{\"@type\":\"ListItem\",\"position\":1,\"name\":\"Home\",\"item\":\"https:\/\/www.malasmora.si\/\"},{\"@type\":\"ListItem\",\"position\":2,\"name\":\"Shop\",\"item\":\"https:\/\/www.malasmora.si\/shop\/\"},{\"@type\":\"ListItem\",\"position\":3,\"name\":\"Ogrlica pikapolonica\"}]},{\"@type\":\"WebSite\",\"@id\":\"https:\/\/www.malasmora.si\/#website\",\"url\":\"https:\/\/www.malasmora.si\/\",\"name\":\"Mala s mora\",\"description\":\"Ro\u010dno izdelan nakit iz epoksi smole\",\"publisher\":{\"@id\":\"https:\/\/www.malasmora.si\/#organization\"},\"potentialAction\":[{\"@type\":\"SearchAction\",\"target\":{\"@type\":\"EntryPoint\",\"urlTemplate\":\"https:\/\/www.malasmora.si\/?s={search_term_string}\"},\"query-input\":{\"@type\":\"PropertyValueSpecification\",\"valueRequired\":true,\"valueName\":\"search_term_string\"}}],\"inLanguage\":\"hr\"},{\"@type\":\"Organization\",\"@id\":\"https:\/\/www.malasmora.si\/#organization\",\"name\":\"Mala s mora\",\"url\":\"https:\/\/www.malasmora.si\/\",\"logo\":{\"@type\":\"ImageObject\",\"inLanguage\":\"hr\",\"@id\":\"https:\/\/www.malasmora.si\/#\/schema\/logo\/image\/\",\"url\":\"https:\/\/www.malasmora.si\/wp-content\/uploads\/2025\/07\/logo_novi_03.png\",\"contentUrl\":\"https:\/\/www.malasmora.si\/wp-content\/uploads\/2025\/07\/logo_novi_03.png\",\"width\":1536,\"height\":1024,\"caption\":\"Mala s mora\"},\"image\":{\"@id\":\"https:\/\/www.malasmora.si\/#\/schema\/logo\/image\/\"},\"sameAs\":[\"https:\/\/www.facebook.com\/MalaSMoraArt\/\"]}]}<\/script>\n<!-- \/ Yoast SEO plugin. -->","yoast_head_json":{"title":"Ogrlica pikapolonica - Mala s mora","description":"Good luck Ladybug resin necklace, Ogrlica iz smole Pikapolonica, Ogrlica od smole Bubamara","robots":{"index":"index","follow":"follow","max-snippet":"max-snippet:-1","max-image-preview":"max-image-preview:large","max-video-preview":"max-video-preview:-1"},"canonical":"https:\/\/www.malasmora.si\/hr\/proizvod\/ladybug_resin_necklace\/","og_locale":"hr_HR","og_type":"article","og_title":"Ogrlica pikapolonica - Mala s mora","og_description":"Good luck Ladybug resin necklace, Ogrlica iz smole Pikapolonica, Ogrlica od smole Bubamara","og_url":"https:\/\/www.malasmora.si\/hr\/proizvod\/ladybug_resin_necklace\/","og_site_name":"Mala s mora","article_publisher":"https:\/\/www.facebook.com\/MalaSMoraArt\/","article_modified_time":"2025-02-17T10:37:17+00:00","og_image":[{"width":1000,"height":1000,"url":"https:\/\/www.malasmora.si\/wp-content\/uploads\/2023\/08\/ladybug_necklace.jpg","type":"image\/jpeg"}],"twitter_card":"summary_large_image","twitter_misc":{"Procijenjeno vrijeme \u010ditanja":"2 minute"},"schema":{"@context":"https:\/\/schema.org","@graph":[{"@type":"WebPage","@id":"https:\/\/www.malasmora.si\/izdelek\/ladybug_resin_necklace\/","url":"https:\/\/www.malasmora.si\/izdelek\/ladybug_resin_necklace\/","name":"Ogrlica pikapolonica - Mala s mora","isPartOf":{"@id":"https:\/\/www.malasmora.si\/#website"},"primaryImageOfPage":{"@id":"https:\/\/www.malasmora.si\/izdelek\/ladybug_resin_necklace\/#primaryimage"},"image":{"@id":"https:\/\/www.malasmora.si\/izdelek\/ladybug_resin_necklace\/#primaryimage"},"thumbnailUrl":"https:\/\/www.malasmora.si\/wp-content\/uploads\/2023\/08\/ladybug_necklace.jpg","datePublished":"2023-08-12T08:41:14+00:00","dateModified":"2025-02-17T10:37:17+00:00","description":"Good luck Ladybug resin necklace, Ogrlica iz smole Pikapolonica, Ogrlica od smole Bubamara","breadcrumb":{"@id":"https:\/\/www.malasmora.si\/izdelek\/ladybug_resin_necklace\/#breadcrumb"},"inLanguage":"hr","potentialAction":[{"@type":"ReadAction","target":["https:\/\/www.malasmora.si\/izdelek\/ladybug_resin_necklace\/"]}]},{"@type":"ImageObject","inLanguage":"hr","@id":"https:\/\/www.malasmora.si\/izdelek\/ladybug_resin_necklace\/#primaryimage","url":"https:\/\/www.malasmora.si\/wp-content\/uploads\/2023\/08\/ladybug_necklace.jpg","contentUrl":"https:\/\/www.malasmora.si\/wp-content\/uploads\/2023\/08\/ladybug_necklace.jpg","width":1000,"height":1000,"caption":"O101"},{"@type":"BreadcrumbList","@id":"https:\/\/www.malasmora.si\/izdelek\/ladybug_resin_necklace\/#breadcrumb","itemListElement":[{"@type":"ListItem","position":1,"name":"Home","item":"https:\/\/www.malasmora.si\/"},{"@type":"ListItem","position":2,"name":"Shop","item":"https:\/\/www.malasmora.si\/shop\/"},{"@type":"ListItem","position":3,"name":"Ogrlica pikapolonica"}]},{"@type":"WebSite","@id":"https:\/\/www.malasmora.si\/#website","url":"https:\/\/www.malasmora.si\/","name":"Mala s mora","description":"Ro\u010dno izdelan nakit iz epoksi smole","publisher":{"@id":"https:\/\/www.malasmora.si\/#organization"},"potentialAction":[{"@type":"SearchAction","target":{"@type":"EntryPoint","urlTemplate":"https:\/\/www.malasmora.si\/?s={search_term_string}"},"query-input":{"@type":"PropertyValueSpecification","valueRequired":true,"valueName":"search_term_string"}}],"inLanguage":"hr"},{"@type":"Organization","@id":"https:\/\/www.malasmora.si\/#organization","name":"Mala s mora","url":"https:\/\/www.malasmora.si\/","logo":{"@type":"ImageObject","inLanguage":"hr","@id":"https:\/\/www.malasmora.si\/#\/schema\/logo\/image\/","url":"https:\/\/www.malasmora.si\/wp-content\/uploads\/2025\/07\/logo_novi_03.png","contentUrl":"https:\/\/www.malasmora.si\/wp-content\/uploads\/2025\/07\/logo_novi_03.png","width":1536,"height":1024,"caption":"Mala s mora"},"image":{"@id":"https:\/\/www.malasmora.si\/#\/schema\/logo\/image\/"},"sameAs":["https:\/\/www.facebook.com\/MalaSMoraArt\/"]}]}},"_links":{"self":[{"href":"https:\/\/www.malasmora.si\/hr\/wp-json\/wp\/v2\/product\/1526","targetHints":{"allow":["GET"]}}],"collection":[{"href":"https:\/\/www.malasmora.si\/hr\/wp-json\/wp\/v2\/product"}],"about":[{"href":"https:\/\/www.malasmora.si\/hr\/wp-json\/wp\/v2\/types\/product"}],"replies":[{"embeddable":true,"href":"https:\/\/www.malasmora.si\/hr\/wp-json\/wp\/v2\/comments?post=1526"}],"wp:featuredmedia":[{"embeddable":true,"href":"https:\/\/www.malasmora.si\/hr\/wp-json\/wp\/v2\/media\/1490"}],"wp:attachment":[{"href":"https:\/\/www.malasmora.si\/hr\/wp-json\/wp\/v2\/media?parent=1526"}],"wp:term":[{"taxonomy":"product_brand","embeddable":true,"href":"https:\/\/www.malasmora.si\/hr\/wp-json\/wp\/v2\/product_brand?post=1526"},{"taxonomy":"product_cat","embeddable":true,"href":"https:\/\/www.malasmora.si\/hr\/wp-json\/wp\/v2\/product_cat?post=1526"},{"taxonomy":"product_tag","embeddable":true,"href":"https:\/\/www.malasmora.si\/hr\/wp-json\/wp\/v2\/product_tag?post=1526"}],"curies":[{"name":"wp","href":"https:\/\/api.w.org\/{rel}","templated":true}]}}