{"id":1711,"date":"2023-08-19T08:26:46","date_gmt":"2023-08-19T06:26:46","guid":{"rendered":"https:\/\/www.malasmora.si\/?post_type=product&#038;p=1711"},"modified":"2025-01-15T11:16:51","modified_gmt":"2025-01-15T09:16:51","slug":"blue_purple_seahorse","status":"publish","type":"product","link":"https:\/\/www.malasmora.si\/hr\/proizvod\/blue_purple_seahorse\/","title":{"rendered":"Morski konji\u010dek plavo-vijoli\u010dna stenska dekoracija"},"content":{"rendered":"<p>Morski konji\u010dek je krhko in ne\u017eno morsko bitje, ki o\u010dara s svojo pojavo in lepoto. Unikatna ro\u010dno izdelana stenska dekoracija morski konji\u010dek v \u010dudovitih oceanskih barvah bo v va\u0161 dom ali pisarno prinesla lepoto in sve\u017eino morja.<\/p>\n<p>Ta edinstvena ro\u010dno izdelana stenska dekoracija bo vsakemu prostoru dala pridih elegance. Na zadnji strani je kovinski kavelj za slike, tako da morskega konji\u010dka enostavno obesite na steno.<\/p>\n<p><img decoding=\"async\" class=\"emoji\" role=\"img\" draggable=\"false\" src=\"https:\/\/s.w.org\/images\/core\/emoji\/15.0.3\/svg\/1f4d0.svg\" alt=\"\ud83d\udcd0\" \/>Dimenzije:<br \/>\nvi\u0161ina 19,5 cm<br \/>\n\u0161irina 10 cm<\/p>\n<p><img decoding=\"async\" class=\"emoji\" role=\"img\" draggable=\"false\" src=\"https:\/\/s.w.org\/images\/core\/emoji\/15.0.3\/svg\/1f4a0.svg\" alt=\"\ud83d\udca0\" \/>Budu\u0107i da su svi proizvodi ru\u010dno izra\u0111eni, ne postoje dva potpuno ista. Nadalje, zbog ru\u010dne izrade, uvijek postoji mogu\u0107nost manjih nepravilnosti i mjehuri\u0107a.<\/p>\n<p><img decoding=\"async\" class=\"emoji\" role=\"img\" draggable=\"false\" src=\"https:\/\/s.w.org\/images\/core\/emoji\/15.0.3\/svg\/1f4a0.svg\" alt=\"\ud83d\udca0\" \/>Imajte na umu da se boja mo\u017ee neznatno razlikovati na nekim monitorima zbog razli\u010ditih postavki slike.<\/p>","protected":false},"excerpt":{"rendered":"<p>Morski konji\u010dek je krhko in ne\u017eno morsko bitje, ki o\u010dara s svojo pojavo in lepoto. Unikatna ro\u010dno izdelana stenska dekoracija morski konji\u010dek v \u010dudovitih oceanskih barvah bo v va\u0161 dom ali pisarno prinesla lepoto in sve\u017eino morja. Ta edinstvena ro\u010dno izdelana stenska dekoracija bo vsakemu prostoru dala pridih elegance. Na zadnji strani je kovinski kavelj&#8230;<\/p>","protected":false},"featured_media":1536,"comment_status":"open","ping_status":"closed","template":"","meta":{"_kadence_starter_templates_imported_post":false,"_kad_post_transparent":"default","_kad_post_title":"","_kad_post_layout":"default","_kad_post_sidebar_id":"","_kad_post_content_style":"default","_kad_post_vertical_padding":"default","_kad_post_feature":"","_kad_post_feature_position":"","_kad_post_header":false,"_kad_post_footer":false},"product_brand":[],"product_cat":[37],"product_tag":[65,66,212,293,291,214,289,290,292,165,294,53,78],"class_list":{"0":"post-1711","1":"product","2":"type-product","3":"status-publish","4":"has-post-thumbnail","6":"product_cat-wall_decorations","7":"product_tag-gift_for_her","8":"product_tag-gift_for_mum","9":"product_tag-handmade","10":"product_tag-handmade_gift","11":"product_tag-handmade_wall_decor","12":"product_tag-home_decor","13":"product_tag-resin_seahorse","14":"product_tag-resin_wall_decor","15":"product_tag-seahorse","16":"product_tag-unique","17":"product_tag-unique_decoration","18":"product_tag-wall_decoration","19":"product_tag-womans_day_gift","21":"first","22":"instock","23":"sale","24":"sold-individually","25":"taxable","26":"shipping-taxable","27":"purchasable","28":"product-type-simple","29":"entry","30":"content-bg","31":"loop-entry"},"yoast_head":"<!-- This site is optimized with the Yoast SEO plugin v26.6 - https:\/\/yoast.com\/wordpress\/plugins\/seo\/ -->\n<title>Morski konji\u010dek plavo-vijoli\u010dna stenska dekoracija - Mala s mora<\/title>\n<meta name=\"description\" content=\"Handmade ocean inspired seahorse resin living room kitchen patio wall decoration, Ro\u010dno izdelana stenska dekoracija iz smole morskegi konji\u010dek, Ru\u010dno ra\u0111eni zidni ukras od smole morski konji\u0107\" \/>\n<meta name=\"robots\" content=\"index, follow, max-snippet:-1, max-image-preview:large, max-video-preview:-1\" \/>\n<link rel=\"canonical\" href=\"https:\/\/www.malasmora.si\/hr\/proizvod\/blue_purple_seahorse\/\" \/>\n<meta property=\"og:locale\" content=\"hr_HR\" \/>\n<meta property=\"og:type\" content=\"article\" \/>\n<meta property=\"og:title\" content=\"Morski konji\u010dek plavo-vijoli\u010dna stenska dekoracija - Mala s mora\" \/>\n<meta property=\"og:description\" content=\"Handmade ocean inspired seahorse resin living room kitchen patio wall decoration, Ro\u010dno izdelana stenska dekoracija iz smole morskegi konji\u010dek, Ru\u010dno ra\u0111eni zidni ukras od smole morski konji\u0107\" \/>\n<meta property=\"og:url\" content=\"https:\/\/www.malasmora.si\/hr\/proizvod\/blue_purple_seahorse\/\" \/>\n<meta property=\"og:site_name\" content=\"Mala s mora\" \/>\n<meta property=\"article:publisher\" content=\"https:\/\/www.facebook.com\/MalaSMoraArt\/\" \/>\n<meta property=\"article:modified_time\" content=\"2025-01-15T09:16:51+00:00\" \/>\n<meta property=\"og:image\" content=\"https:\/\/www.malasmora.si\/wp-content\/uploads\/2023\/08\/IMG_20230512_131651-2999-scaled.jpg\" \/>\n\t<meta property=\"og:image:width\" content=\"1804\" \/>\n\t<meta property=\"og:image:height\" content=\"2560\" \/>\n\t<meta property=\"og:image:type\" content=\"image\/jpeg\" \/>\n<meta name=\"twitter:card\" content=\"summary_large_image\" \/>\n<meta name=\"twitter:label1\" content=\"Procijenjeno vrijeme \u010ditanja\" \/>\n\t<meta name=\"twitter:data1\" content=\"2 minute\" \/>\n<script type=\"application\/ld+json\" class=\"yoast-schema-graph\">{\"@context\":\"https:\/\/schema.org\",\"@graph\":[{\"@type\":\"WebPage\",\"@id\":\"https:\/\/www.malasmora.si\/izdelek\/blue_purple_seahorse\/\",\"url\":\"https:\/\/www.malasmora.si\/izdelek\/blue_purple_seahorse\/\",\"name\":\"Morski konji\u010dek plavo-vijoli\u010dna stenska dekoracija - Mala s mora\",\"isPartOf\":{\"@id\":\"https:\/\/www.malasmora.si\/#website\"},\"primaryImageOfPage\":{\"@id\":\"https:\/\/www.malasmora.si\/izdelek\/blue_purple_seahorse\/#primaryimage\"},\"image\":{\"@id\":\"https:\/\/www.malasmora.si\/izdelek\/blue_purple_seahorse\/#primaryimage\"},\"thumbnailUrl\":\"https:\/\/www.malasmora.si\/wp-content\/uploads\/2023\/08\/IMG_20230512_131651-2999-scaled.jpg\",\"datePublished\":\"2023-08-19T06:26:46+00:00\",\"dateModified\":\"2025-01-15T09:16:51+00:00\",\"description\":\"Handmade ocean inspired seahorse resin living room kitchen patio wall decoration, Ro\u010dno izdelana stenska dekoracija iz smole morskegi konji\u010dek, Ru\u010dno ra\u0111eni zidni ukras od smole morski konji\u0107\",\"breadcrumb\":{\"@id\":\"https:\/\/www.malasmora.si\/izdelek\/blue_purple_seahorse\/#breadcrumb\"},\"inLanguage\":\"hr\",\"potentialAction\":[{\"@type\":\"ReadAction\",\"target\":[\"https:\/\/www.malasmora.si\/izdelek\/blue_purple_seahorse\/\"]}]},{\"@type\":\"ImageObject\",\"inLanguage\":\"hr\",\"@id\":\"https:\/\/www.malasmora.si\/izdelek\/blue_purple_seahorse\/#primaryimage\",\"url\":\"https:\/\/www.malasmora.si\/wp-content\/uploads\/2023\/08\/IMG_20230512_131651-2999-scaled.jpg\",\"contentUrl\":\"https:\/\/www.malasmora.si\/wp-content\/uploads\/2023\/08\/IMG_20230512_131651-2999-scaled.jpg\",\"width\":1804,\"height\":2560},{\"@type\":\"BreadcrumbList\",\"@id\":\"https:\/\/www.malasmora.si\/izdelek\/blue_purple_seahorse\/#breadcrumb\",\"itemListElement\":[{\"@type\":\"ListItem\",\"position\":1,\"name\":\"Home\",\"item\":\"https:\/\/www.malasmora.si\/\"},{\"@type\":\"ListItem\",\"position\":2,\"name\":\"Shop\",\"item\":\"https:\/\/www.malasmora.si\/shop\/\"},{\"@type\":\"ListItem\",\"position\":3,\"name\":\"Morski konji\u010dek plavo-vijoli\u010dna stenska dekoracija\"}]},{\"@type\":\"WebSite\",\"@id\":\"https:\/\/www.malasmora.si\/#website\",\"url\":\"https:\/\/www.malasmora.si\/\",\"name\":\"Mala s mora\",\"description\":\"Ro\u010dno izdelan nakit iz epoksi smole\",\"publisher\":{\"@id\":\"https:\/\/www.malasmora.si\/#organization\"},\"potentialAction\":[{\"@type\":\"SearchAction\",\"target\":{\"@type\":\"EntryPoint\",\"urlTemplate\":\"https:\/\/www.malasmora.si\/?s={search_term_string}\"},\"query-input\":{\"@type\":\"PropertyValueSpecification\",\"valueRequired\":true,\"valueName\":\"search_term_string\"}}],\"inLanguage\":\"hr\"},{\"@type\":\"Organization\",\"@id\":\"https:\/\/www.malasmora.si\/#organization\",\"name\":\"Mala s mora\",\"url\":\"https:\/\/www.malasmora.si\/\",\"logo\":{\"@type\":\"ImageObject\",\"inLanguage\":\"hr\",\"@id\":\"https:\/\/www.malasmora.si\/#\/schema\/logo\/image\/\",\"url\":\"https:\/\/www.malasmora.si\/wp-content\/uploads\/2025\/07\/logo_novi_03.png\",\"contentUrl\":\"https:\/\/www.malasmora.si\/wp-content\/uploads\/2025\/07\/logo_novi_03.png\",\"width\":1536,\"height\":1024,\"caption\":\"Mala s mora\"},\"image\":{\"@id\":\"https:\/\/www.malasmora.si\/#\/schema\/logo\/image\/\"},\"sameAs\":[\"https:\/\/www.facebook.com\/MalaSMoraArt\/\"]}]}<\/script>\n<!-- \/ Yoast SEO plugin. -->","yoast_head_json":{"title":"Morski konji\u010dek plavo-vijoli\u010dna stenska dekoracija - Mala s mora","description":"Handmade ocean inspired seahorse resin living room kitchen patio wall decoration, Ro\u010dno izdelana stenska dekoracija iz smole morskegi konji\u010dek, Ru\u010dno ra\u0111eni zidni ukras od smole morski konji\u0107","robots":{"index":"index","follow":"follow","max-snippet":"max-snippet:-1","max-image-preview":"max-image-preview:large","max-video-preview":"max-video-preview:-1"},"canonical":"https:\/\/www.malasmora.si\/hr\/proizvod\/blue_purple_seahorse\/","og_locale":"hr_HR","og_type":"article","og_title":"Morski konji\u010dek plavo-vijoli\u010dna stenska dekoracija - Mala s mora","og_description":"Handmade ocean inspired seahorse resin living room kitchen patio wall decoration, Ro\u010dno izdelana stenska dekoracija iz smole morskegi konji\u010dek, Ru\u010dno ra\u0111eni zidni ukras od smole morski konji\u0107","og_url":"https:\/\/www.malasmora.si\/hr\/proizvod\/blue_purple_seahorse\/","og_site_name":"Mala s mora","article_publisher":"https:\/\/www.facebook.com\/MalaSMoraArt\/","article_modified_time":"2025-01-15T09:16:51+00:00","og_image":[{"width":1804,"height":2560,"url":"https:\/\/www.malasmora.si\/wp-content\/uploads\/2023\/08\/IMG_20230512_131651-2999-scaled.jpg","type":"image\/jpeg"}],"twitter_card":"summary_large_image","twitter_misc":{"Procijenjeno vrijeme \u010ditanja":"2 minute"},"schema":{"@context":"https:\/\/schema.org","@graph":[{"@type":"WebPage","@id":"https:\/\/www.malasmora.si\/izdelek\/blue_purple_seahorse\/","url":"https:\/\/www.malasmora.si\/izdelek\/blue_purple_seahorse\/","name":"Morski konji\u010dek plavo-vijoli\u010dna stenska dekoracija - Mala s mora","isPartOf":{"@id":"https:\/\/www.malasmora.si\/#website"},"primaryImageOfPage":{"@id":"https:\/\/www.malasmora.si\/izdelek\/blue_purple_seahorse\/#primaryimage"},"image":{"@id":"https:\/\/www.malasmora.si\/izdelek\/blue_purple_seahorse\/#primaryimage"},"thumbnailUrl":"https:\/\/www.malasmora.si\/wp-content\/uploads\/2023\/08\/IMG_20230512_131651-2999-scaled.jpg","datePublished":"2023-08-19T06:26:46+00:00","dateModified":"2025-01-15T09:16:51+00:00","description":"Handmade ocean inspired seahorse resin living room kitchen patio wall decoration, Ro\u010dno izdelana stenska dekoracija iz smole morskegi konji\u010dek, Ru\u010dno ra\u0111eni zidni ukras od smole morski konji\u0107","breadcrumb":{"@id":"https:\/\/www.malasmora.si\/izdelek\/blue_purple_seahorse\/#breadcrumb"},"inLanguage":"hr","potentialAction":[{"@type":"ReadAction","target":["https:\/\/www.malasmora.si\/izdelek\/blue_purple_seahorse\/"]}]},{"@type":"ImageObject","inLanguage":"hr","@id":"https:\/\/www.malasmora.si\/izdelek\/blue_purple_seahorse\/#primaryimage","url":"https:\/\/www.malasmora.si\/wp-content\/uploads\/2023\/08\/IMG_20230512_131651-2999-scaled.jpg","contentUrl":"https:\/\/www.malasmora.si\/wp-content\/uploads\/2023\/08\/IMG_20230512_131651-2999-scaled.jpg","width":1804,"height":2560},{"@type":"BreadcrumbList","@id":"https:\/\/www.malasmora.si\/izdelek\/blue_purple_seahorse\/#breadcrumb","itemListElement":[{"@type":"ListItem","position":1,"name":"Home","item":"https:\/\/www.malasmora.si\/"},{"@type":"ListItem","position":2,"name":"Shop","item":"https:\/\/www.malasmora.si\/shop\/"},{"@type":"ListItem","position":3,"name":"Morski konji\u010dek plavo-vijoli\u010dna stenska dekoracija"}]},{"@type":"WebSite","@id":"https:\/\/www.malasmora.si\/#website","url":"https:\/\/www.malasmora.si\/","name":"Mala s mora","description":"Ro\u010dno izdelan nakit iz epoksi smole","publisher":{"@id":"https:\/\/www.malasmora.si\/#organization"},"potentialAction":[{"@type":"SearchAction","target":{"@type":"EntryPoint","urlTemplate":"https:\/\/www.malasmora.si\/?s={search_term_string}"},"query-input":{"@type":"PropertyValueSpecification","valueRequired":true,"valueName":"search_term_string"}}],"inLanguage":"hr"},{"@type":"Organization","@id":"https:\/\/www.malasmora.si\/#organization","name":"Mala s mora","url":"https:\/\/www.malasmora.si\/","logo":{"@type":"ImageObject","inLanguage":"hr","@id":"https:\/\/www.malasmora.si\/#\/schema\/logo\/image\/","url":"https:\/\/www.malasmora.si\/wp-content\/uploads\/2025\/07\/logo_novi_03.png","contentUrl":"https:\/\/www.malasmora.si\/wp-content\/uploads\/2025\/07\/logo_novi_03.png","width":1536,"height":1024,"caption":"Mala s mora"},"image":{"@id":"https:\/\/www.malasmora.si\/#\/schema\/logo\/image\/"},"sameAs":["https:\/\/www.facebook.com\/MalaSMoraArt\/"]}]}},"_links":{"self":[{"href":"https:\/\/www.malasmora.si\/hr\/wp-json\/wp\/v2\/product\/1711","targetHints":{"allow":["GET"]}}],"collection":[{"href":"https:\/\/www.malasmora.si\/hr\/wp-json\/wp\/v2\/product"}],"about":[{"href":"https:\/\/www.malasmora.si\/hr\/wp-json\/wp\/v2\/types\/product"}],"replies":[{"embeddable":true,"href":"https:\/\/www.malasmora.si\/hr\/wp-json\/wp\/v2\/comments?post=1711"}],"wp:featuredmedia":[{"embeddable":true,"href":"https:\/\/www.malasmora.si\/hr\/wp-json\/wp\/v2\/media\/1536"}],"wp:attachment":[{"href":"https:\/\/www.malasmora.si\/hr\/wp-json\/wp\/v2\/media?parent=1711"}],"wp:term":[{"taxonomy":"product_brand","embeddable":true,"href":"https:\/\/www.malasmora.si\/hr\/wp-json\/wp\/v2\/product_brand?post=1711"},{"taxonomy":"product_cat","embeddable":true,"href":"https:\/\/www.malasmora.si\/hr\/wp-json\/wp\/v2\/product_cat?post=1711"},{"taxonomy":"product_tag","embeddable":true,"href":"https:\/\/www.malasmora.si\/hr\/wp-json\/wp\/v2\/product_tag?post=1711"}],"curies":[{"name":"wp","href":"https:\/\/api.w.org\/{rel}","templated":true}]}}