{"id":1714,"date":"2023-08-19T09:04:50","date_gmt":"2023-08-19T07:04:50","guid":{"rendered":"https:\/\/www.malasmora.si\/?post_type=product&#038;p=1714"},"modified":"2024-06-04T11:31:26","modified_gmt":"2024-06-04T09:31:26","slug":"amanita_mushroom-trinket_jar","status":"publish","type":"product","link":"https:\/\/www.malasmora.si\/hr\/proizvod\/amanita_mushroom-trinket_jar\/","title":{"rendered":"Okrasna posoda v obliki gobe rde\u010de mu\u0161nice, s pokrovom"},"content":{"rendered":"<p>Unikatna, ro\u010dno izdelana posoda v obliki gobe, s pokrovom, je narejena iz epoksi smole, alkoholnega \u010drnila in pigmentne paste.<\/p>\n<p>Popolno za shranjevanje nakita, klju\u010da, denajrja, drobnarij ali drugih stvari. \u010dudovit okras za va\u0161 dom ali pisarno.<\/p>\n<p>Dimenzije:<br \/>\nvi\u0161ina 9,0 cm (3,54\u2033)<br \/>\n\u0161irina naj\u0161ir\u0161ega dela 8,0 cm (3,15\u2033)<br \/>\nglobina spodnjeg dela 4,6 cm (1,81\u2033)<\/p>\n<p>Upo\u0161tevajte, da sem vse svoje izdelke ro\u010dno izdelala, torej ne obstajajo dva enaka izdelka. Poleg tega zaradi ro\u010dne izdelave vedno obstaja mo\u017enost majhnih nepravilnosti in mehur\u010dkov.<\/p>\n<p>Imajte na umu da se boja mo\u017ee neznatno razlikovati na nekim monitorima zbog razli\u010ditih postavki slike.<\/p>","protected":false},"excerpt":{"rendered":"<p>Unikatna, ro\u010dno izdelana posoda v obliki gobe, s pokrovom, je narejena iz epoksi smole, alkoholnega \u010drnila in pigmentne paste. Popolno za shranjevanje nakita, klju\u010da, denajrja, drobnarij ali drugih stvari. \u010dudovit okras za va\u0161 dom ali pisarno. Dimenzije: vi\u0161ina 9,0 cm (3,54\u2033) \u0161irina naj\u0161ir\u0161ega dela 8,0 cm (3,15\u2033) globina spodnjeg dela 4,6 cm (1,81\u2033) Upo\u0161tevajte, da&#8230;<\/p>","protected":false},"featured_media":1558,"comment_status":"open","ping_status":"closed","template":"","meta":{"_kadence_starter_templates_imported_post":false,"_kad_post_transparent":"default","_kad_post_title":"","_kad_post_layout":"default","_kad_post_sidebar_id":"","_kad_post_content_style":"default","_kad_post_vertical_padding":"default","_kad_post_feature":"","_kad_post_feature_position":"","_kad_post_header":false,"_kad_post_footer":false},"product_brand":[],"product_cat":[22],"product_tag":[495,404,407,193,405,408,194],"class_list":{"0":"post-1714","1":"product","2":"type-product","3":"status-publish","4":"has-post-thumbnail","6":"product_cat-trinket_jars_with_lid","7":"product_tag-amanita_jar","8":"product_tag-epoxy_art","9":"product_tag-fly_amanita_mushroom_jar","10":"product_tag-mushroom_boho_decor","11":"product_tag-mushroom_trinket_box","12":"product_tag-red_and_white_mushroom_jar","13":"product_tag-resin_mushroom","15":"first","16":"instock","17":"sale","18":"sold-individually","19":"taxable","20":"shipping-taxable","21":"purchasable","22":"product-type-simple","23":"entry","24":"content-bg","25":"loop-entry"},"yoast_head":"<!-- This site is optimized with the Yoast SEO plugin v26.6 - https:\/\/yoast.com\/wordpress\/plugins\/seo\/ -->\n<title>Okrasna posoda v obliki gobe rde\u010de mu\u0161nice, s pokrovom - Mala s mora<\/title>\n<meta name=\"robots\" content=\"index, follow, max-snippet:-1, max-image-preview:large, max-video-preview:-1\" \/>\n<link rel=\"canonical\" href=\"https:\/\/www.malasmora.si\/hr\/proizvod\/amanita_mushroom-trinket_jar\/\" \/>\n<meta property=\"og:locale\" content=\"hr_HR\" \/>\n<meta property=\"og:type\" content=\"article\" \/>\n<meta property=\"og:title\" content=\"Okrasna posoda v obliki gobe rde\u010de mu\u0161nice, s pokrovom - Mala s mora\" \/>\n<meta property=\"og:description\" content=\"Unikatna, ro\u010dno izdelana posoda v obliki gobe, s pokrovom, je narejena iz epoksi smole, alkoholnega \u010drnila in pigmentne paste. Popolno za shranjevanje nakita, klju\u010da, denajrja, drobnarij ali drugih stvari. \u010dudovit okras za va\u0161 dom ali pisarno. Dimenzije: vi\u0161ina 9,0 cm (3,54\u2033) \u0161irina naj\u0161ir\u0161ega dela 8,0 cm (3,15\u2033) globina spodnjeg dela 4,6 cm (1,81\u2033) Upo\u0161tevajte, da...\" \/>\n<meta property=\"og:url\" content=\"https:\/\/www.malasmora.si\/hr\/proizvod\/amanita_mushroom-trinket_jar\/\" \/>\n<meta property=\"og:site_name\" content=\"Mala s mora\" \/>\n<meta property=\"article:publisher\" content=\"https:\/\/www.facebook.com\/MalaSMoraArt\/\" \/>\n<meta property=\"article:modified_time\" content=\"2024-06-04T09:31:26+00:00\" \/>\n<meta property=\"og:image\" content=\"https:\/\/www.malasmora.si\/wp-content\/uploads\/2023\/08\/mushroom_101.jpg\" \/>\n\t<meta property=\"og:image:width\" content=\"577\" \/>\n\t<meta property=\"og:image:height\" content=\"710\" \/>\n\t<meta property=\"og:image:type\" content=\"image\/jpeg\" \/>\n<meta name=\"twitter:card\" content=\"summary_large_image\" \/>\n<meta name=\"twitter:label1\" content=\"Procijenjeno vrijeme \u010ditanja\" \/>\n\t<meta name=\"twitter:data1\" content=\"1 minuta\" \/>\n<script type=\"application\/ld+json\" class=\"yoast-schema-graph\">{\"@context\":\"https:\/\/schema.org\",\"@graph\":[{\"@type\":\"WebPage\",\"@id\":\"https:\/\/www.malasmora.si\/izdelek\/amanita_mushroom-trinket_jar\/\",\"url\":\"https:\/\/www.malasmora.si\/izdelek\/amanita_mushroom-trinket_jar\/\",\"name\":\"Okrasna posoda v obliki gobe rde\u010de mu\u0161nice, s pokrovom - Mala s mora\",\"isPartOf\":{\"@id\":\"https:\/\/www.malasmora.si\/#website\"},\"primaryImageOfPage\":{\"@id\":\"https:\/\/www.malasmora.si\/izdelek\/amanita_mushroom-trinket_jar\/#primaryimage\"},\"image\":{\"@id\":\"https:\/\/www.malasmora.si\/izdelek\/amanita_mushroom-trinket_jar\/#primaryimage\"},\"thumbnailUrl\":\"https:\/\/www.malasmora.si\/wp-content\/uploads\/2023\/08\/mushroom_101.jpg\",\"datePublished\":\"2023-08-19T07:04:50+00:00\",\"dateModified\":\"2024-06-04T09:31:26+00:00\",\"breadcrumb\":{\"@id\":\"https:\/\/www.malasmora.si\/izdelek\/amanita_mushroom-trinket_jar\/#breadcrumb\"},\"inLanguage\":\"hr\",\"potentialAction\":[{\"@type\":\"ReadAction\",\"target\":[\"https:\/\/www.malasmora.si\/izdelek\/amanita_mushroom-trinket_jar\/\"]}]},{\"@type\":\"ImageObject\",\"inLanguage\":\"hr\",\"@id\":\"https:\/\/www.malasmora.si\/izdelek\/amanita_mushroom-trinket_jar\/#primaryimage\",\"url\":\"https:\/\/www.malasmora.si\/wp-content\/uploads\/2023\/08\/mushroom_101.jpg\",\"contentUrl\":\"https:\/\/www.malasmora.si\/wp-content\/uploads\/2023\/08\/mushroom_101.jpg\",\"width\":577,\"height\":710},{\"@type\":\"BreadcrumbList\",\"@id\":\"https:\/\/www.malasmora.si\/izdelek\/amanita_mushroom-trinket_jar\/#breadcrumb\",\"itemListElement\":[{\"@type\":\"ListItem\",\"position\":1,\"name\":\"Home\",\"item\":\"https:\/\/www.malasmora.si\/\"},{\"@type\":\"ListItem\",\"position\":2,\"name\":\"Shop\",\"item\":\"https:\/\/www.malasmora.si\/shop\/\"},{\"@type\":\"ListItem\",\"position\":3,\"name\":\"Okrasna posoda v obliki gobe rde\u010de mu\u0161nice, s pokrovom\"}]},{\"@type\":\"WebSite\",\"@id\":\"https:\/\/www.malasmora.si\/#website\",\"url\":\"https:\/\/www.malasmora.si\/\",\"name\":\"Mala s mora\",\"description\":\"Ro\u010dno izdelan nakit iz epoksi smole\",\"publisher\":{\"@id\":\"https:\/\/www.malasmora.si\/#organization\"},\"potentialAction\":[{\"@type\":\"SearchAction\",\"target\":{\"@type\":\"EntryPoint\",\"urlTemplate\":\"https:\/\/www.malasmora.si\/?s={search_term_string}\"},\"query-input\":{\"@type\":\"PropertyValueSpecification\",\"valueRequired\":true,\"valueName\":\"search_term_string\"}}],\"inLanguage\":\"hr\"},{\"@type\":\"Organization\",\"@id\":\"https:\/\/www.malasmora.si\/#organization\",\"name\":\"Mala s mora\",\"url\":\"https:\/\/www.malasmora.si\/\",\"logo\":{\"@type\":\"ImageObject\",\"inLanguage\":\"hr\",\"@id\":\"https:\/\/www.malasmora.si\/#\/schema\/logo\/image\/\",\"url\":\"https:\/\/www.malasmora.si\/wp-content\/uploads\/2025\/07\/logo_novi_03.png\",\"contentUrl\":\"https:\/\/www.malasmora.si\/wp-content\/uploads\/2025\/07\/logo_novi_03.png\",\"width\":1536,\"height\":1024,\"caption\":\"Mala s mora\"},\"image\":{\"@id\":\"https:\/\/www.malasmora.si\/#\/schema\/logo\/image\/\"},\"sameAs\":[\"https:\/\/www.facebook.com\/MalaSMoraArt\/\"]}]}<\/script>\n<!-- \/ Yoast SEO plugin. -->","yoast_head_json":{"title":"Okrasna posoda v obliki gobe rde\u010de mu\u0161nice, s pokrovom - Mala s mora","robots":{"index":"index","follow":"follow","max-snippet":"max-snippet:-1","max-image-preview":"max-image-preview:large","max-video-preview":"max-video-preview:-1"},"canonical":"https:\/\/www.malasmora.si\/hr\/proizvod\/amanita_mushroom-trinket_jar\/","og_locale":"hr_HR","og_type":"article","og_title":"Okrasna posoda v obliki gobe rde\u010de mu\u0161nice, s pokrovom - Mala s mora","og_description":"Unikatna, ro\u010dno izdelana posoda v obliki gobe, s pokrovom, je narejena iz epoksi smole, alkoholnega \u010drnila in pigmentne paste. Popolno za shranjevanje nakita, klju\u010da, denajrja, drobnarij ali drugih stvari. \u010dudovit okras za va\u0161 dom ali pisarno. Dimenzije: vi\u0161ina 9,0 cm (3,54\u2033) \u0161irina naj\u0161ir\u0161ega dela 8,0 cm (3,15\u2033) globina spodnjeg dela 4,6 cm (1,81\u2033) Upo\u0161tevajte, da...","og_url":"https:\/\/www.malasmora.si\/hr\/proizvod\/amanita_mushroom-trinket_jar\/","og_site_name":"Mala s mora","article_publisher":"https:\/\/www.facebook.com\/MalaSMoraArt\/","article_modified_time":"2024-06-04T09:31:26+00:00","og_image":[{"width":577,"height":710,"url":"https:\/\/www.malasmora.si\/wp-content\/uploads\/2023\/08\/mushroom_101.jpg","type":"image\/jpeg"}],"twitter_card":"summary_large_image","twitter_misc":{"Procijenjeno vrijeme \u010ditanja":"1 minuta"},"schema":{"@context":"https:\/\/schema.org","@graph":[{"@type":"WebPage","@id":"https:\/\/www.malasmora.si\/izdelek\/amanita_mushroom-trinket_jar\/","url":"https:\/\/www.malasmora.si\/izdelek\/amanita_mushroom-trinket_jar\/","name":"Okrasna posoda v obliki gobe rde\u010de mu\u0161nice, s pokrovom - Mala s mora","isPartOf":{"@id":"https:\/\/www.malasmora.si\/#website"},"primaryImageOfPage":{"@id":"https:\/\/www.malasmora.si\/izdelek\/amanita_mushroom-trinket_jar\/#primaryimage"},"image":{"@id":"https:\/\/www.malasmora.si\/izdelek\/amanita_mushroom-trinket_jar\/#primaryimage"},"thumbnailUrl":"https:\/\/www.malasmora.si\/wp-content\/uploads\/2023\/08\/mushroom_101.jpg","datePublished":"2023-08-19T07:04:50+00:00","dateModified":"2024-06-04T09:31:26+00:00","breadcrumb":{"@id":"https:\/\/www.malasmora.si\/izdelek\/amanita_mushroom-trinket_jar\/#breadcrumb"},"inLanguage":"hr","potentialAction":[{"@type":"ReadAction","target":["https:\/\/www.malasmora.si\/izdelek\/amanita_mushroom-trinket_jar\/"]}]},{"@type":"ImageObject","inLanguage":"hr","@id":"https:\/\/www.malasmora.si\/izdelek\/amanita_mushroom-trinket_jar\/#primaryimage","url":"https:\/\/www.malasmora.si\/wp-content\/uploads\/2023\/08\/mushroom_101.jpg","contentUrl":"https:\/\/www.malasmora.si\/wp-content\/uploads\/2023\/08\/mushroom_101.jpg","width":577,"height":710},{"@type":"BreadcrumbList","@id":"https:\/\/www.malasmora.si\/izdelek\/amanita_mushroom-trinket_jar\/#breadcrumb","itemListElement":[{"@type":"ListItem","position":1,"name":"Home","item":"https:\/\/www.malasmora.si\/"},{"@type":"ListItem","position":2,"name":"Shop","item":"https:\/\/www.malasmora.si\/shop\/"},{"@type":"ListItem","position":3,"name":"Okrasna posoda v obliki gobe rde\u010de mu\u0161nice, s pokrovom"}]},{"@type":"WebSite","@id":"https:\/\/www.malasmora.si\/#website","url":"https:\/\/www.malasmora.si\/","name":"Mala s mora","description":"Ro\u010dno izdelan nakit iz epoksi smole","publisher":{"@id":"https:\/\/www.malasmora.si\/#organization"},"potentialAction":[{"@type":"SearchAction","target":{"@type":"EntryPoint","urlTemplate":"https:\/\/www.malasmora.si\/?s={search_term_string}"},"query-input":{"@type":"PropertyValueSpecification","valueRequired":true,"valueName":"search_term_string"}}],"inLanguage":"hr"},{"@type":"Organization","@id":"https:\/\/www.malasmora.si\/#organization","name":"Mala s mora","url":"https:\/\/www.malasmora.si\/","logo":{"@type":"ImageObject","inLanguage":"hr","@id":"https:\/\/www.malasmora.si\/#\/schema\/logo\/image\/","url":"https:\/\/www.malasmora.si\/wp-content\/uploads\/2025\/07\/logo_novi_03.png","contentUrl":"https:\/\/www.malasmora.si\/wp-content\/uploads\/2025\/07\/logo_novi_03.png","width":1536,"height":1024,"caption":"Mala s mora"},"image":{"@id":"https:\/\/www.malasmora.si\/#\/schema\/logo\/image\/"},"sameAs":["https:\/\/www.facebook.com\/MalaSMoraArt\/"]}]}},"_links":{"self":[{"href":"https:\/\/www.malasmora.si\/hr\/wp-json\/wp\/v2\/product\/1714","targetHints":{"allow":["GET"]}}],"collection":[{"href":"https:\/\/www.malasmora.si\/hr\/wp-json\/wp\/v2\/product"}],"about":[{"href":"https:\/\/www.malasmora.si\/hr\/wp-json\/wp\/v2\/types\/product"}],"replies":[{"embeddable":true,"href":"https:\/\/www.malasmora.si\/hr\/wp-json\/wp\/v2\/comments?post=1714"}],"wp:featuredmedia":[{"embeddable":true,"href":"https:\/\/www.malasmora.si\/hr\/wp-json\/wp\/v2\/media\/1558"}],"wp:attachment":[{"href":"https:\/\/www.malasmora.si\/hr\/wp-json\/wp\/v2\/media?parent=1714"}],"wp:term":[{"taxonomy":"product_brand","embeddable":true,"href":"https:\/\/www.malasmora.si\/hr\/wp-json\/wp\/v2\/product_brand?post=1714"},{"taxonomy":"product_cat","embeddable":true,"href":"https:\/\/www.malasmora.si\/hr\/wp-json\/wp\/v2\/product_cat?post=1714"},{"taxonomy":"product_tag","embeddable":true,"href":"https:\/\/www.malasmora.si\/hr\/wp-json\/wp\/v2\/product_tag?post=1714"}],"curies":[{"name":"wp","href":"https:\/\/api.w.org\/{rel}","templated":true}]}}