{"id":1718,"date":"2023-08-19T09:26:07","date_gmt":"2023-08-19T07:26:07","guid":{"rendered":"https:\/\/www.malasmora.si\/?post_type=product&#038;p=1718"},"modified":"2024-07-25T13:26:59","modified_gmt":"2024-07-25T11:26:59","slug":"pudding-trinket_jar_purple_amethyst","status":"publish","type":"product","link":"https:\/\/www.malasmora.si\/hr\/proizvod\/pudding-trinket_jar_purple_amethyst\/","title":{"rendered":"Okrasna vijoli\u010dna posoda puding, s pokrovom in pravimi ametisti"},"content":{"rendered":"<p>Unikatna, ro\u010dno izdelana vijoli\u010dna posoda za puding, s pokrovom, je narejena iz epoksi smole za \u017eivila, alkoholnega \u010drnila, zlatih listi\u010dev in pravih ametista.<\/p>\n<p>Popolno za shranjevanje nakita, klju\u010da, denajrja, drobnarij ali drugih stvari. \u010dudovit okras za va\u0161 dom ali pisarno.<\/p>\n<p>Dimenzije:<br \/>\nvi\u0161ina 7,8 cm (3,07&#8243;)<br \/>\n\u0161irina naj\u0161ir\u0161ega dela 8,1 cm (3,19&#8243;)<br \/>\nglobina spodnjeg dela 6,4 cm (2,52&#8243;)<\/p>\n<p>Upo\u0161tevajte, da sem vse svoje izdelke ro\u010dno izdelala, torej ne obstajajo dva enaka izdelka.\u00a0 Poleg tega zaradi ro\u010dne izdelave vedno obstaja mo\u017enost majhnih nepravilnosti in mehur\u010dkov.<\/p>\n<p>Imajte na umu da se boja mo\u017ee neznatno razlikovati na nekim monitorima zbog razli\u010ditih postavki slike.<\/p>","protected":false},"excerpt":{"rendered":"<p>Unikatna, ro\u010dno izdelana vijoli\u010dna posoda za puding, s pokrovom, je narejena iz epoksi smole za \u017eivila, alkoholnega \u010drnila, zlatih listi\u010dev in pravih ametista. Popolno za shranjevanje nakita, klju\u010da, denajrja, drobnarij ali drugih stvari. \u010dudovit okras za va\u0161 dom ali pisarno. Dimenzije: vi\u0161ina 7,8 cm (3,07&#8243;) \u0161irina naj\u0161ir\u0161ega dela 8,1 cm (3,19&#8243;) globina spodnjeg dela 6,4&#8230;<\/p>","protected":false},"featured_media":1574,"comment_status":"open","ping_status":"closed","template":"","meta":{"_kadence_starter_templates_imported_post":false,"_kad_post_transparent":"default","_kad_post_title":"","_kad_post_layout":"default","_kad_post_sidebar_id":"","_kad_post_content_style":"default","_kad_post_vertical_padding":"default","_kad_post_feature":"","_kad_post_feature_position":"","_kad_post_header":false,"_kad_post_footer":false},"product_brand":[],"product_cat":[22],"product_tag":[189,417,404,493,492,187,410,411,409,418,186],"class_list":{"0":"post-1718","1":"product","2":"type-product","3":"status-publish","4":"has-post-thumbnail","6":"product_cat-trinket_jars_with_lid","7":"product_tag-amethyst_jar","8":"product_tag-amethyst_trinket_jar","9":"product_tag-epoxy_art","10":"product_tag-handmade_jar","11":"product_tag-jar_with_lid","12":"product_tag-pudding_jar","13":"product_tag-pudding_trinket_box","14":"product_tag-purple_jar_with_real_amethyst","15":"product_tag-purple_resin_jar","16":"product_tag-purple_trinket_jar","17":"product_tag-resin_jar","19":"first","20":"outofstock","21":"sale","22":"sold-individually","23":"taxable","24":"shipping-taxable","25":"purchasable","26":"product-type-simple","27":"entry","28":"content-bg","29":"loop-entry"},"yoast_head":"<!-- This site is optimized with the Yoast SEO plugin v26.6 - https:\/\/yoast.com\/wordpress\/plugins\/seo\/ -->\n<title>Okrasna vijoli\u010dna posoda puding, s pokrovom in pravimi ametisti - Mala s mora<\/title>\n<meta name=\"robots\" content=\"index, follow, max-snippet:-1, max-image-preview:large, max-video-preview:-1\" \/>\n<link rel=\"canonical\" href=\"https:\/\/www.malasmora.si\/hr\/proizvod\/pudding-trinket_jar_purple_amethyst\/\" \/>\n<meta property=\"og:locale\" content=\"hr_HR\" \/>\n<meta property=\"og:type\" content=\"article\" \/>\n<meta property=\"og:title\" content=\"Okrasna vijoli\u010dna posoda puding, s pokrovom in pravimi ametisti - Mala s mora\" \/>\n<meta property=\"og:description\" content=\"Unikatna, ro\u010dno izdelana vijoli\u010dna posoda za puding, s pokrovom, je narejena iz epoksi smole za \u017eivila, alkoholnega \u010drnila, zlatih listi\u010dev in pravih ametista. Popolno za shranjevanje nakita, klju\u010da, denajrja, drobnarij ali drugih stvari. \u010dudovit okras za va\u0161 dom ali pisarno. Dimenzije: vi\u0161ina 7,8 cm (3,07&#8243;) \u0161irina naj\u0161ir\u0161ega dela 8,1 cm (3,19&#8243;) globina spodnjeg dela 6,4...\" \/>\n<meta property=\"og:url\" content=\"https:\/\/www.malasmora.si\/hr\/proizvod\/pudding-trinket_jar_purple_amethyst\/\" \/>\n<meta property=\"og:site_name\" content=\"Mala s mora\" \/>\n<meta property=\"article:publisher\" content=\"https:\/\/www.facebook.com\/MalaSMoraArt\/\" \/>\n<meta property=\"article:modified_time\" content=\"2024-07-25T11:26:59+00:00\" \/>\n<meta property=\"og:image\" content=\"https:\/\/www.malasmora.si\/wp-content\/uploads\/2023\/08\/pudding_101_4.jpg\" \/>\n\t<meta property=\"og:image:width\" content=\"714\" \/>\n\t<meta property=\"og:image:height\" content=\"935\" \/>\n\t<meta property=\"og:image:type\" content=\"image\/jpeg\" \/>\n<meta name=\"twitter:card\" content=\"summary_large_image\" \/>\n<meta name=\"twitter:label1\" content=\"Procijenjeno vrijeme \u010ditanja\" \/>\n\t<meta name=\"twitter:data1\" content=\"1 minuta\" \/>\n<script type=\"application\/ld+json\" class=\"yoast-schema-graph\">{\"@context\":\"https:\/\/schema.org\",\"@graph\":[{\"@type\":\"WebPage\",\"@id\":\"https:\/\/www.malasmora.si\/izdelek\/pudding-trinket_jar_purple_amethyst\/\",\"url\":\"https:\/\/www.malasmora.si\/izdelek\/pudding-trinket_jar_purple_amethyst\/\",\"name\":\"Okrasna vijoli\u010dna posoda puding, s pokrovom in pravimi ametisti - Mala s mora\",\"isPartOf\":{\"@id\":\"https:\/\/www.malasmora.si\/#website\"},\"primaryImageOfPage\":{\"@id\":\"https:\/\/www.malasmora.si\/izdelek\/pudding-trinket_jar_purple_amethyst\/#primaryimage\"},\"image\":{\"@id\":\"https:\/\/www.malasmora.si\/izdelek\/pudding-trinket_jar_purple_amethyst\/#primaryimage\"},\"thumbnailUrl\":\"https:\/\/www.malasmora.si\/wp-content\/uploads\/2023\/08\/pudding_101_4.jpg\",\"datePublished\":\"2023-08-19T07:26:07+00:00\",\"dateModified\":\"2024-07-25T11:26:59+00:00\",\"breadcrumb\":{\"@id\":\"https:\/\/www.malasmora.si\/izdelek\/pudding-trinket_jar_purple_amethyst\/#breadcrumb\"},\"inLanguage\":\"hr\",\"potentialAction\":[{\"@type\":\"ReadAction\",\"target\":[\"https:\/\/www.malasmora.si\/izdelek\/pudding-trinket_jar_purple_amethyst\/\"]}]},{\"@type\":\"ImageObject\",\"inLanguage\":\"hr\",\"@id\":\"https:\/\/www.malasmora.si\/izdelek\/pudding-trinket_jar_purple_amethyst\/#primaryimage\",\"url\":\"https:\/\/www.malasmora.si\/wp-content\/uploads\/2023\/08\/pudding_101_4.jpg\",\"contentUrl\":\"https:\/\/www.malasmora.si\/wp-content\/uploads\/2023\/08\/pudding_101_4.jpg\",\"width\":714,\"height\":935},{\"@type\":\"BreadcrumbList\",\"@id\":\"https:\/\/www.malasmora.si\/izdelek\/pudding-trinket_jar_purple_amethyst\/#breadcrumb\",\"itemListElement\":[{\"@type\":\"ListItem\",\"position\":1,\"name\":\"Home\",\"item\":\"https:\/\/www.malasmora.si\/\"},{\"@type\":\"ListItem\",\"position\":2,\"name\":\"Shop\",\"item\":\"https:\/\/www.malasmora.si\/shop\/\"},{\"@type\":\"ListItem\",\"position\":3,\"name\":\"Okrasna vijoli\u010dna posoda puding, s pokrovom in pravimi ametisti\"}]},{\"@type\":\"WebSite\",\"@id\":\"https:\/\/www.malasmora.si\/#website\",\"url\":\"https:\/\/www.malasmora.si\/\",\"name\":\"Mala s mora\",\"description\":\"Ro\u010dno izdelan nakit iz epoksi smole\",\"publisher\":{\"@id\":\"https:\/\/www.malasmora.si\/#organization\"},\"potentialAction\":[{\"@type\":\"SearchAction\",\"target\":{\"@type\":\"EntryPoint\",\"urlTemplate\":\"https:\/\/www.malasmora.si\/?s={search_term_string}\"},\"query-input\":{\"@type\":\"PropertyValueSpecification\",\"valueRequired\":true,\"valueName\":\"search_term_string\"}}],\"inLanguage\":\"hr\"},{\"@type\":\"Organization\",\"@id\":\"https:\/\/www.malasmora.si\/#organization\",\"name\":\"Mala s mora\",\"url\":\"https:\/\/www.malasmora.si\/\",\"logo\":{\"@type\":\"ImageObject\",\"inLanguage\":\"hr\",\"@id\":\"https:\/\/www.malasmora.si\/#\/schema\/logo\/image\/\",\"url\":\"https:\/\/www.malasmora.si\/wp-content\/uploads\/2025\/07\/logo_novi_03.png\",\"contentUrl\":\"https:\/\/www.malasmora.si\/wp-content\/uploads\/2025\/07\/logo_novi_03.png\",\"width\":1536,\"height\":1024,\"caption\":\"Mala s mora\"},\"image\":{\"@id\":\"https:\/\/www.malasmora.si\/#\/schema\/logo\/image\/\"},\"sameAs\":[\"https:\/\/www.facebook.com\/MalaSMoraArt\/\"]}]}<\/script>\n<!-- \/ Yoast SEO plugin. -->","yoast_head_json":{"title":"Okrasna vijoli\u010dna posoda puding, s pokrovom in pravimi ametisti - Mala s mora","robots":{"index":"index","follow":"follow","max-snippet":"max-snippet:-1","max-image-preview":"max-image-preview:large","max-video-preview":"max-video-preview:-1"},"canonical":"https:\/\/www.malasmora.si\/hr\/proizvod\/pudding-trinket_jar_purple_amethyst\/","og_locale":"hr_HR","og_type":"article","og_title":"Okrasna vijoli\u010dna posoda puding, s pokrovom in pravimi ametisti - Mala s mora","og_description":"Unikatna, ro\u010dno izdelana vijoli\u010dna posoda za puding, s pokrovom, je narejena iz epoksi smole za \u017eivila, alkoholnega \u010drnila, zlatih listi\u010dev in pravih ametista. Popolno za shranjevanje nakita, klju\u010da, denajrja, drobnarij ali drugih stvari. \u010dudovit okras za va\u0161 dom ali pisarno. Dimenzije: vi\u0161ina 7,8 cm (3,07&#8243;) \u0161irina naj\u0161ir\u0161ega dela 8,1 cm (3,19&#8243;) globina spodnjeg dela 6,4...","og_url":"https:\/\/www.malasmora.si\/hr\/proizvod\/pudding-trinket_jar_purple_amethyst\/","og_site_name":"Mala s mora","article_publisher":"https:\/\/www.facebook.com\/MalaSMoraArt\/","article_modified_time":"2024-07-25T11:26:59+00:00","og_image":[{"width":714,"height":935,"url":"https:\/\/www.malasmora.si\/wp-content\/uploads\/2023\/08\/pudding_101_4.jpg","type":"image\/jpeg"}],"twitter_card":"summary_large_image","twitter_misc":{"Procijenjeno vrijeme \u010ditanja":"1 minuta"},"schema":{"@context":"https:\/\/schema.org","@graph":[{"@type":"WebPage","@id":"https:\/\/www.malasmora.si\/izdelek\/pudding-trinket_jar_purple_amethyst\/","url":"https:\/\/www.malasmora.si\/izdelek\/pudding-trinket_jar_purple_amethyst\/","name":"Okrasna vijoli\u010dna posoda puding, s pokrovom in pravimi ametisti - Mala s mora","isPartOf":{"@id":"https:\/\/www.malasmora.si\/#website"},"primaryImageOfPage":{"@id":"https:\/\/www.malasmora.si\/izdelek\/pudding-trinket_jar_purple_amethyst\/#primaryimage"},"image":{"@id":"https:\/\/www.malasmora.si\/izdelek\/pudding-trinket_jar_purple_amethyst\/#primaryimage"},"thumbnailUrl":"https:\/\/www.malasmora.si\/wp-content\/uploads\/2023\/08\/pudding_101_4.jpg","datePublished":"2023-08-19T07:26:07+00:00","dateModified":"2024-07-25T11:26:59+00:00","breadcrumb":{"@id":"https:\/\/www.malasmora.si\/izdelek\/pudding-trinket_jar_purple_amethyst\/#breadcrumb"},"inLanguage":"hr","potentialAction":[{"@type":"ReadAction","target":["https:\/\/www.malasmora.si\/izdelek\/pudding-trinket_jar_purple_amethyst\/"]}]},{"@type":"ImageObject","inLanguage":"hr","@id":"https:\/\/www.malasmora.si\/izdelek\/pudding-trinket_jar_purple_amethyst\/#primaryimage","url":"https:\/\/www.malasmora.si\/wp-content\/uploads\/2023\/08\/pudding_101_4.jpg","contentUrl":"https:\/\/www.malasmora.si\/wp-content\/uploads\/2023\/08\/pudding_101_4.jpg","width":714,"height":935},{"@type":"BreadcrumbList","@id":"https:\/\/www.malasmora.si\/izdelek\/pudding-trinket_jar_purple_amethyst\/#breadcrumb","itemListElement":[{"@type":"ListItem","position":1,"name":"Home","item":"https:\/\/www.malasmora.si\/"},{"@type":"ListItem","position":2,"name":"Shop","item":"https:\/\/www.malasmora.si\/shop\/"},{"@type":"ListItem","position":3,"name":"Okrasna vijoli\u010dna posoda puding, s pokrovom in pravimi ametisti"}]},{"@type":"WebSite","@id":"https:\/\/www.malasmora.si\/#website","url":"https:\/\/www.malasmora.si\/","name":"Mala s mora","description":"Ro\u010dno izdelan nakit iz epoksi smole","publisher":{"@id":"https:\/\/www.malasmora.si\/#organization"},"potentialAction":[{"@type":"SearchAction","target":{"@type":"EntryPoint","urlTemplate":"https:\/\/www.malasmora.si\/?s={search_term_string}"},"query-input":{"@type":"PropertyValueSpecification","valueRequired":true,"valueName":"search_term_string"}}],"inLanguage":"hr"},{"@type":"Organization","@id":"https:\/\/www.malasmora.si\/#organization","name":"Mala s mora","url":"https:\/\/www.malasmora.si\/","logo":{"@type":"ImageObject","inLanguage":"hr","@id":"https:\/\/www.malasmora.si\/#\/schema\/logo\/image\/","url":"https:\/\/www.malasmora.si\/wp-content\/uploads\/2025\/07\/logo_novi_03.png","contentUrl":"https:\/\/www.malasmora.si\/wp-content\/uploads\/2025\/07\/logo_novi_03.png","width":1536,"height":1024,"caption":"Mala s mora"},"image":{"@id":"https:\/\/www.malasmora.si\/#\/schema\/logo\/image\/"},"sameAs":["https:\/\/www.facebook.com\/MalaSMoraArt\/"]}]}},"_links":{"self":[{"href":"https:\/\/www.malasmora.si\/hr\/wp-json\/wp\/v2\/product\/1718","targetHints":{"allow":["GET"]}}],"collection":[{"href":"https:\/\/www.malasmora.si\/hr\/wp-json\/wp\/v2\/product"}],"about":[{"href":"https:\/\/www.malasmora.si\/hr\/wp-json\/wp\/v2\/types\/product"}],"replies":[{"embeddable":true,"href":"https:\/\/www.malasmora.si\/hr\/wp-json\/wp\/v2\/comments?post=1718"}],"wp:featuredmedia":[{"embeddable":true,"href":"https:\/\/www.malasmora.si\/hr\/wp-json\/wp\/v2\/media\/1574"}],"wp:attachment":[{"href":"https:\/\/www.malasmora.si\/hr\/wp-json\/wp\/v2\/media?parent=1718"}],"wp:term":[{"taxonomy":"product_brand","embeddable":true,"href":"https:\/\/www.malasmora.si\/hr\/wp-json\/wp\/v2\/product_brand?post=1718"},{"taxonomy":"product_cat","embeddable":true,"href":"https:\/\/www.malasmora.si\/hr\/wp-json\/wp\/v2\/product_cat?post=1718"},{"taxonomy":"product_tag","embeddable":true,"href":"https:\/\/www.malasmora.si\/hr\/wp-json\/wp\/v2\/product_tag?post=1718"}],"curies":[{"name":"wp","href":"https:\/\/api.w.org\/{rel}","templated":true}]}}