{"id":1736,"date":"2023-08-19T10:47:49","date_gmt":"2023-08-19T08:47:49","guid":{"rendered":"https:\/\/www.malasmora.si\/?post_type=product&#038;p=1736"},"modified":"2025-01-09T18:45:58","modified_gmt":"2025-01-09T16:45:58","slug":"night_sky_stars_moon_stud_earrings","status":"publish","type":"product","link":"https:\/\/www.malasmora.si\/hr\/proizvod\/night_sky_stars_moon_stud_earrings\/","title":{"rendered":"Vise\u010di uhani modri z zvezdami, na iglico"},"content":{"rendered":"<p>Unikatni vise\u010di uhani barve no\u010dnega neba, z ble\u0161\u010dicami, zvezdami in lunco, ter holografsko folijo. Narejeni ro\u010dno iz visokokakovostne UV smole.<\/p>\n<p><img decoding=\"async\" class=\"emoji\" role=\"img\" draggable=\"false\" src=\"https:\/\/s.w.org\/images\/core\/emoji\/15.0.3\/svg\/1f4d0.svg\" alt=\"\ud83d\udcd0\" \/> Celotna dol\u017eina uhanov je 5 cm<\/p>\n<p><span class=\"HwtZe\" lang=\"sl\"><span class=\"jCAhz JxVs2d ChMk0b\"><span class=\"ryNqvb\">\u2726 Vse kaj je v moji trgovini izdelujem ro\u010dno, torej ne obstajajo dva popolnoma enaka izdelka.<\/span><\/span> <span class=\"jCAhz JxVs2d ChMk0b\"><span class=\"ryNqvb\">Poleg tega zaradi ro\u010dne izdelave vedno obstaja mo\u017enost majhnih nepravilnosti in mehur\u010dkov. <\/span><\/span><\/span><\/p>\n<p>\u2726 Upo\u0161tevajte, da se lahko na nekaterih monitorjih zaradi razli\u010dnih nastavitev slike barva nekoliko razlikuje.<\/p>","protected":false},"excerpt":{"rendered":"<p>Unikatni vise\u010di uhani barve no\u010dnega neba, z ble\u0161\u010dicami, zvezdami in lunco, ter holografsko folijo. Narejeni ro\u010dno iz visokokakovostne UV smole. Celotna dol\u017eina uhanov je 5 cm \u2726 Vse kaj je v moji trgovini izdelujem ro\u010dno, torej ne obstajajo dva popolnoma enaka izdelka. Poleg tega zaradi ro\u010dne izdelave vedno obstaja mo\u017enost majhnih nepravilnosti in mehur\u010dkov. \u2726&#8230;<\/p>","protected":false},"featured_media":3328,"comment_status":"open","ping_status":"closed","template":"","meta":{"_kadence_starter_templates_imported_post":false,"_kad_post_transparent":"default","_kad_post_title":"","_kad_post_layout":"default","_kad_post_sidebar_id":"","_kad_post_content_style":"default","_kad_post_vertical_padding":"default","_kad_post_feature":"","_kad_post_feature_position":"","_kad_post_header":false,"_kad_post_footer":false},"product_brand":[],"product_cat":[19],"product_tag":[97,828,73,242,67,830,75,484,829,76],"class_list":{"0":"post-1736","1":"product","2":"type-product","3":"status-publish","4":"has-post-thumbnail","6":"product_cat-earrings","7":"product_tag-blue_earrings","8":"product_tag-blue_resin_dangle_earrings_stars_moon","9":"product_tag-dangle_earrings","10":"product_tag-glitter_earrings","11":"product_tag-handmade_jewelry","12":"product_tag-night_sky_stars_moon_stud_earrings","13":"product_tag-resin_earrings","14":"product_tag-resin_glitter_earrings","15":"product_tag-stars_moon_earrings","16":"product_tag-statement_earrings","18":"first","19":"instock","20":"sale","21":"sold-individually","22":"taxable","23":"shipping-taxable","24":"purchasable","25":"product-type-simple","26":"entry","27":"content-bg","28":"loop-entry"},"yoast_head":"<!-- This site is optimized with the Yoast SEO plugin v26.6 - https:\/\/yoast.com\/wordpress\/plugins\/seo\/ -->\n<title>Vise\u010di uhani modri z zvezdami, na iglico - Mala s mora<\/title>\n<meta name=\"description\" content=\"Blue night sky with stars and moon handmade resin dangle earrings, Modro no\u010dno nebo z zvezdami in luno, ro\u010dno izdelani vise\u010di uhani iz smole, Plavo no\u0107no nebo sa zvijezdama i mjesecom ru\u010dno izra\u0111ene vise\u0107e nau\u0161nice od smole\" \/>\n<meta name=\"robots\" content=\"index, follow, max-snippet:-1, max-image-preview:large, max-video-preview:-1\" \/>\n<link rel=\"canonical\" href=\"https:\/\/www.malasmora.si\/hr\/proizvod\/night_sky_stars_moon_stud_earrings\/\" \/>\n<meta property=\"og:locale\" content=\"hr_HR\" \/>\n<meta property=\"og:type\" content=\"article\" \/>\n<meta property=\"og:title\" content=\"Vise\u010di uhani modri z zvezdami, na iglico - Mala s mora\" \/>\n<meta property=\"og:description\" content=\"Blue night sky with stars and moon handmade resin dangle earrings, Modro no\u010dno nebo z zvezdami in luno, ro\u010dno izdelani vise\u010di uhani iz smole, Plavo no\u0107no nebo sa zvijezdama i mjesecom ru\u010dno izra\u0111ene vise\u0107e nau\u0161nice od smole\" \/>\n<meta property=\"og:url\" content=\"https:\/\/www.malasmora.si\/hr\/proizvod\/night_sky_stars_moon_stud_earrings\/\" \/>\n<meta property=\"og:site_name\" content=\"Mala s mora\" \/>\n<meta property=\"article:publisher\" content=\"https:\/\/www.facebook.com\/MalaSMoraArt\/\" \/>\n<meta property=\"article:modified_time\" content=\"2025-01-09T16:45:58+00:00\" \/>\n<meta property=\"og:image\" content=\"https:\/\/www.malasmora.si\/wp-content\/uploads\/2023\/08\/blue_resin_dangle_earrings_stars_moon-scaled.jpg\" \/>\n\t<meta property=\"og:image:width\" content=\"1920\" \/>\n\t<meta property=\"og:image:height\" content=\"2560\" \/>\n\t<meta property=\"og:image:type\" content=\"image\/jpeg\" \/>\n<meta name=\"twitter:card\" content=\"summary_large_image\" \/>\n<meta name=\"twitter:label1\" content=\"Procijenjeno vrijeme \u010ditanja\" \/>\n\t<meta name=\"twitter:data1\" content=\"1 minuta\" \/>\n<script type=\"application\/ld+json\" class=\"yoast-schema-graph\">{\"@context\":\"https:\/\/schema.org\",\"@graph\":[{\"@type\":\"WebPage\",\"@id\":\"https:\/\/www.malasmora.si\/izdelek\/night_sky_stars_moon_stud_earrings\/\",\"url\":\"https:\/\/www.malasmora.si\/izdelek\/night_sky_stars_moon_stud_earrings\/\",\"name\":\"Vise\u010di uhani modri z zvezdami, na iglico - Mala s mora\",\"isPartOf\":{\"@id\":\"https:\/\/www.malasmora.si\/#website\"},\"primaryImageOfPage\":{\"@id\":\"https:\/\/www.malasmora.si\/izdelek\/night_sky_stars_moon_stud_earrings\/#primaryimage\"},\"image\":{\"@id\":\"https:\/\/www.malasmora.si\/izdelek\/night_sky_stars_moon_stud_earrings\/#primaryimage\"},\"thumbnailUrl\":\"https:\/\/www.malasmora.si\/wp-content\/uploads\/2023\/08\/blue_resin_dangle_earrings_stars_moon-scaled.jpg\",\"datePublished\":\"2023-08-19T08:47:49+00:00\",\"dateModified\":\"2025-01-09T16:45:58+00:00\",\"description\":\"Blue night sky with stars and moon handmade resin dangle earrings, Modro no\u010dno nebo z zvezdami in luno, ro\u010dno izdelani vise\u010di uhani iz smole, Plavo no\u0107no nebo sa zvijezdama i mjesecom ru\u010dno izra\u0111ene vise\u0107e nau\u0161nice od smole\",\"breadcrumb\":{\"@id\":\"https:\/\/www.malasmora.si\/izdelek\/night_sky_stars_moon_stud_earrings\/#breadcrumb\"},\"inLanguage\":\"hr\",\"potentialAction\":[{\"@type\":\"ReadAction\",\"target\":[\"https:\/\/www.malasmora.si\/izdelek\/night_sky_stars_moon_stud_earrings\/\"]}]},{\"@type\":\"ImageObject\",\"inLanguage\":\"hr\",\"@id\":\"https:\/\/www.malasmora.si\/izdelek\/night_sky_stars_moon_stud_earrings\/#primaryimage\",\"url\":\"https:\/\/www.malasmora.si\/wp-content\/uploads\/2023\/08\/blue_resin_dangle_earrings_stars_moon-scaled.jpg\",\"contentUrl\":\"https:\/\/www.malasmora.si\/wp-content\/uploads\/2023\/08\/blue_resin_dangle_earrings_stars_moon-scaled.jpg\",\"width\":1920,\"height\":2560,\"caption\":\"blue_resin_dangle_earrings_stars_moon\"},{\"@type\":\"BreadcrumbList\",\"@id\":\"https:\/\/www.malasmora.si\/izdelek\/night_sky_stars_moon_stud_earrings\/#breadcrumb\",\"itemListElement\":[{\"@type\":\"ListItem\",\"position\":1,\"name\":\"Home\",\"item\":\"https:\/\/www.malasmora.si\/\"},{\"@type\":\"ListItem\",\"position\":2,\"name\":\"Shop\",\"item\":\"https:\/\/www.malasmora.si\/shop\/\"},{\"@type\":\"ListItem\",\"position\":3,\"name\":\"Vise\u010di uhani modri z zvezdami, na iglico\"}]},{\"@type\":\"WebSite\",\"@id\":\"https:\/\/www.malasmora.si\/#website\",\"url\":\"https:\/\/www.malasmora.si\/\",\"name\":\"Mala s mora\",\"description\":\"Ro\u010dno izdelan nakit iz epoksi smole\",\"publisher\":{\"@id\":\"https:\/\/www.malasmora.si\/#organization\"},\"potentialAction\":[{\"@type\":\"SearchAction\",\"target\":{\"@type\":\"EntryPoint\",\"urlTemplate\":\"https:\/\/www.malasmora.si\/?s={search_term_string}\"},\"query-input\":{\"@type\":\"PropertyValueSpecification\",\"valueRequired\":true,\"valueName\":\"search_term_string\"}}],\"inLanguage\":\"hr\"},{\"@type\":\"Organization\",\"@id\":\"https:\/\/www.malasmora.si\/#organization\",\"name\":\"Mala s mora\",\"url\":\"https:\/\/www.malasmora.si\/\",\"logo\":{\"@type\":\"ImageObject\",\"inLanguage\":\"hr\",\"@id\":\"https:\/\/www.malasmora.si\/#\/schema\/logo\/image\/\",\"url\":\"https:\/\/www.malasmora.si\/wp-content\/uploads\/2025\/07\/logo_novi_03.png\",\"contentUrl\":\"https:\/\/www.malasmora.si\/wp-content\/uploads\/2025\/07\/logo_novi_03.png\",\"width\":1536,\"height\":1024,\"caption\":\"Mala s mora\"},\"image\":{\"@id\":\"https:\/\/www.malasmora.si\/#\/schema\/logo\/image\/\"},\"sameAs\":[\"https:\/\/www.facebook.com\/MalaSMoraArt\/\"]}]}<\/script>\n<!-- \/ Yoast SEO plugin. -->","yoast_head_json":{"title":"Vise\u010di uhani modri z zvezdami, na iglico - Mala s mora","description":"Blue night sky with stars and moon handmade resin dangle earrings, Modro no\u010dno nebo z zvezdami in luno, ro\u010dno izdelani vise\u010di uhani iz smole, Plavo no\u0107no nebo sa zvijezdama i mjesecom ru\u010dno izra\u0111ene vise\u0107e nau\u0161nice od smole","robots":{"index":"index","follow":"follow","max-snippet":"max-snippet:-1","max-image-preview":"max-image-preview:large","max-video-preview":"max-video-preview:-1"},"canonical":"https:\/\/www.malasmora.si\/hr\/proizvod\/night_sky_stars_moon_stud_earrings\/","og_locale":"hr_HR","og_type":"article","og_title":"Vise\u010di uhani modri z zvezdami, na iglico - Mala s mora","og_description":"Blue night sky with stars and moon handmade resin dangle earrings, Modro no\u010dno nebo z zvezdami in luno, ro\u010dno izdelani vise\u010di uhani iz smole, Plavo no\u0107no nebo sa zvijezdama i mjesecom ru\u010dno izra\u0111ene vise\u0107e nau\u0161nice od smole","og_url":"https:\/\/www.malasmora.si\/hr\/proizvod\/night_sky_stars_moon_stud_earrings\/","og_site_name":"Mala s mora","article_publisher":"https:\/\/www.facebook.com\/MalaSMoraArt\/","article_modified_time":"2025-01-09T16:45:58+00:00","og_image":[{"width":1920,"height":2560,"url":"https:\/\/www.malasmora.si\/wp-content\/uploads\/2023\/08\/blue_resin_dangle_earrings_stars_moon-scaled.jpg","type":"image\/jpeg"}],"twitter_card":"summary_large_image","twitter_misc":{"Procijenjeno vrijeme \u010ditanja":"1 minuta"},"schema":{"@context":"https:\/\/schema.org","@graph":[{"@type":"WebPage","@id":"https:\/\/www.malasmora.si\/izdelek\/night_sky_stars_moon_stud_earrings\/","url":"https:\/\/www.malasmora.si\/izdelek\/night_sky_stars_moon_stud_earrings\/","name":"Vise\u010di uhani modri z zvezdami, na iglico - Mala s mora","isPartOf":{"@id":"https:\/\/www.malasmora.si\/#website"},"primaryImageOfPage":{"@id":"https:\/\/www.malasmora.si\/izdelek\/night_sky_stars_moon_stud_earrings\/#primaryimage"},"image":{"@id":"https:\/\/www.malasmora.si\/izdelek\/night_sky_stars_moon_stud_earrings\/#primaryimage"},"thumbnailUrl":"https:\/\/www.malasmora.si\/wp-content\/uploads\/2023\/08\/blue_resin_dangle_earrings_stars_moon-scaled.jpg","datePublished":"2023-08-19T08:47:49+00:00","dateModified":"2025-01-09T16:45:58+00:00","description":"Blue night sky with stars and moon handmade resin dangle earrings, Modro no\u010dno nebo z zvezdami in luno, ro\u010dno izdelani vise\u010di uhani iz smole, Plavo no\u0107no nebo sa zvijezdama i mjesecom ru\u010dno izra\u0111ene vise\u0107e nau\u0161nice od smole","breadcrumb":{"@id":"https:\/\/www.malasmora.si\/izdelek\/night_sky_stars_moon_stud_earrings\/#breadcrumb"},"inLanguage":"hr","potentialAction":[{"@type":"ReadAction","target":["https:\/\/www.malasmora.si\/izdelek\/night_sky_stars_moon_stud_earrings\/"]}]},{"@type":"ImageObject","inLanguage":"hr","@id":"https:\/\/www.malasmora.si\/izdelek\/night_sky_stars_moon_stud_earrings\/#primaryimage","url":"https:\/\/www.malasmora.si\/wp-content\/uploads\/2023\/08\/blue_resin_dangle_earrings_stars_moon-scaled.jpg","contentUrl":"https:\/\/www.malasmora.si\/wp-content\/uploads\/2023\/08\/blue_resin_dangle_earrings_stars_moon-scaled.jpg","width":1920,"height":2560,"caption":"blue_resin_dangle_earrings_stars_moon"},{"@type":"BreadcrumbList","@id":"https:\/\/www.malasmora.si\/izdelek\/night_sky_stars_moon_stud_earrings\/#breadcrumb","itemListElement":[{"@type":"ListItem","position":1,"name":"Home","item":"https:\/\/www.malasmora.si\/"},{"@type":"ListItem","position":2,"name":"Shop","item":"https:\/\/www.malasmora.si\/shop\/"},{"@type":"ListItem","position":3,"name":"Vise\u010di uhani modri z zvezdami, na iglico"}]},{"@type":"WebSite","@id":"https:\/\/www.malasmora.si\/#website","url":"https:\/\/www.malasmora.si\/","name":"Mala s mora","description":"Ro\u010dno izdelan nakit iz epoksi smole","publisher":{"@id":"https:\/\/www.malasmora.si\/#organization"},"potentialAction":[{"@type":"SearchAction","target":{"@type":"EntryPoint","urlTemplate":"https:\/\/www.malasmora.si\/?s={search_term_string}"},"query-input":{"@type":"PropertyValueSpecification","valueRequired":true,"valueName":"search_term_string"}}],"inLanguage":"hr"},{"@type":"Organization","@id":"https:\/\/www.malasmora.si\/#organization","name":"Mala s mora","url":"https:\/\/www.malasmora.si\/","logo":{"@type":"ImageObject","inLanguage":"hr","@id":"https:\/\/www.malasmora.si\/#\/schema\/logo\/image\/","url":"https:\/\/www.malasmora.si\/wp-content\/uploads\/2025\/07\/logo_novi_03.png","contentUrl":"https:\/\/www.malasmora.si\/wp-content\/uploads\/2025\/07\/logo_novi_03.png","width":1536,"height":1024,"caption":"Mala s mora"},"image":{"@id":"https:\/\/www.malasmora.si\/#\/schema\/logo\/image\/"},"sameAs":["https:\/\/www.facebook.com\/MalaSMoraArt\/"]}]}},"_links":{"self":[{"href":"https:\/\/www.malasmora.si\/hr\/wp-json\/wp\/v2\/product\/1736","targetHints":{"allow":["GET"]}}],"collection":[{"href":"https:\/\/www.malasmora.si\/hr\/wp-json\/wp\/v2\/product"}],"about":[{"href":"https:\/\/www.malasmora.si\/hr\/wp-json\/wp\/v2\/types\/product"}],"replies":[{"embeddable":true,"href":"https:\/\/www.malasmora.si\/hr\/wp-json\/wp\/v2\/comments?post=1736"}],"wp:featuredmedia":[{"embeddable":true,"href":"https:\/\/www.malasmora.si\/hr\/wp-json\/wp\/v2\/media\/3328"}],"wp:attachment":[{"href":"https:\/\/www.malasmora.si\/hr\/wp-json\/wp\/v2\/media?parent=1736"}],"wp:term":[{"taxonomy":"product_brand","embeddable":true,"href":"https:\/\/www.malasmora.si\/hr\/wp-json\/wp\/v2\/product_brand?post=1736"},{"taxonomy":"product_cat","embeddable":true,"href":"https:\/\/www.malasmora.si\/hr\/wp-json\/wp\/v2\/product_cat?post=1736"},{"taxonomy":"product_tag","embeddable":true,"href":"https:\/\/www.malasmora.si\/hr\/wp-json\/wp\/v2\/product_tag?post=1736"}],"curies":[{"name":"wp","href":"https:\/\/api.w.org\/{rel}","templated":true}]}}