{"id":1764,"date":"2023-08-22T14:49:16","date_gmt":"2023-08-22T12:49:16","guid":{"rendered":"https:\/\/www.malasmora.si\/?post_type=product&#038;p=1764"},"modified":"2025-01-08T20:18:13","modified_gmt":"2025-01-08T18:18:13","slug":"dangle_yellow_green_earrings","status":"publish","type":"product","link":"https:\/\/www.malasmora.si\/hr\/proizvod\/dangle_yellow_green_earrings\/","title":{"rendered":"Dvobarvni vise\u010di uhani, rumeno-zeleni"},"content":{"rendered":"<p>Rumena in zelena je kul barvna kombinacija, tak\u0161en je tudi ta par uhanov.<br \/>\n\u010ceprav sem jih naredila z ve\u010d plastmi kristalno \u010diste smole, so lahki in jih lahko brez te\u017eav nosite ves dan.<\/p>\n<p>\ud83d\udcd0Celotna dol\u017eina uhanov 8,5 cm<\/p>\n<p><img decoding=\"async\" class=\"emoji\" role=\"img\" draggable=\"false\" src=\"https:\/\/s.w.org\/images\/core\/emoji\/15.0.3\/svg\/1f496.svg\" alt=\"\ud83d\udc96\" \/> NJEGA ZA RU\u010cNO IZRA\u0110ENI NAKIT <img decoding=\"async\" class=\"emoji\" role=\"img\" draggable=\"false\" src=\"https:\/\/s.w.org\/images\/core\/emoji\/15.0.3\/svg\/1f496.svg\" alt=\"\ud83d\udc96\" \/><br \/>\nProsimo, hranite na suhem mestu in se izogibajte dolgotrajni neposredni son\u010dni svetlobi, vodi, kemikalijam in parfumom, da ohranite lepoto nakita.<\/p>\n<p>\ud83d\udd36 Vsi moji izdelki so ro\u010dno izdelani, torej ne obstajajo dva enaka izdelka. Poleg tega zaradi ro\u010dne izdelave vedno obstaja mo\u017enost majhnih nepravilnosti in mehur\u010dkov.<\/p>\n<p>\ud83d\udd36Upo\u0161tevajte, da se lahko na nekaterih ra\u010dunalni\u0161kih monitorjih zaradi razli\u010dnih nastavitev slike barva nekoliko razlikuje.<\/p>","protected":false},"excerpt":{"rendered":"<p>Rumena in zelena je kul barvna kombinacija, tak\u0161en je tudi ta par uhanov. \u010ceprav sem jih naredila z ve\u010d plastmi kristalno \u010diste smole, so lahki in jih lahko brez te\u017eav nosite ves dan. \ud83d\udcd0Celotna dol\u017eina uhanov 8,5 cm SKRBITE ZA ro\u010dno izdelan nakit Prosimo, hranite na suhem mestu in se izogibajte dolgotrajni neposredni son\u010dni svetlobi,&#8230;<\/p>","protected":false},"featured_media":3153,"comment_status":"open","ping_status":"closed","template":"","meta":{"_kadence_starter_templates_imported_post":false,"_kad_post_transparent":"default","_kad_post_title":"","_kad_post_layout":"default","_kad_post_sidebar_id":"","_kad_post_content_style":"default","_kad_post_vertical_padding":"default","_kad_post_feature":"","_kad_post_feature_position":"","_kad_post_header":false,"_kad_post_footer":false},"product_brand":[],"product_cat":[19],"product_tag":[73,67,781,782,75,470,76,469],"class_list":{"0":"post-1764","1":"product","2":"type-product","3":"status-publish","4":"has-post-thumbnail","6":"product_cat-earrings","7":"product_tag-dangle_earrings","8":"product_tag-handmade_jewelry","9":"product_tag-long_rectangular_earrings","10":"product_tag-long_resin_earrings","11":"product_tag-resin_earrings","12":"product_tag-resin_yellow_green_earrings","13":"product_tag-statement_earrings","14":"product_tag-yellow_green_earrings","16":"first","17":"instock","18":"sale","19":"sold-individually","20":"taxable","21":"shipping-taxable","22":"purchasable","23":"product-type-simple","24":"entry","25":"content-bg","26":"loop-entry"},"yoast_head":"<!-- This site is optimized with the Yoast SEO plugin v26.6 - https:\/\/yoast.com\/wordpress\/plugins\/seo\/ -->\n<title>Dvobarvni vise\u010di uhani, rumeno-zeleni - Mala s mora<\/title>\n<meta name=\"description\" content=\"Dangle yellow green resin earrings, Vise\u010di rumeno zeleni uhani, Vise\u0107e \u017euto-zelene nau\u0161nice\" \/>\n<meta name=\"robots\" content=\"index, follow, max-snippet:-1, max-image-preview:large, max-video-preview:-1\" \/>\n<link rel=\"canonical\" href=\"https:\/\/www.malasmora.si\/hr\/proizvod\/dangle_yellow_green_earrings\/\" \/>\n<meta property=\"og:locale\" content=\"hr_HR\" \/>\n<meta property=\"og:type\" content=\"article\" \/>\n<meta property=\"og:title\" content=\"Dvobarvni vise\u010di uhani, rumeno-zeleni - Mala s mora\" \/>\n<meta property=\"og:description\" content=\"Dangle yellow green resin earrings, Vise\u010di rumeno zeleni uhani, Vise\u0107e \u017euto-zelene nau\u0161nice\" \/>\n<meta property=\"og:url\" content=\"https:\/\/www.malasmora.si\/hr\/proizvod\/dangle_yellow_green_earrings\/\" \/>\n<meta property=\"og:site_name\" content=\"Mala s mora\" \/>\n<meta property=\"article:publisher\" content=\"https:\/\/www.facebook.com\/MalaSMoraArt\/\" \/>\n<meta property=\"article:modified_time\" content=\"2025-01-08T18:18:13+00:00\" \/>\n<meta property=\"og:image\" content=\"https:\/\/www.malasmora.si\/wp-content\/uploads\/2023\/08\/yellow_green_drop_earrings_2-scaled.jpg\" \/>\n\t<meta property=\"og:image:width\" content=\"1920\" \/>\n\t<meta property=\"og:image:height\" content=\"2560\" \/>\n\t<meta property=\"og:image:type\" content=\"image\/jpeg\" \/>\n<meta name=\"twitter:card\" content=\"summary_large_image\" \/>\n<meta name=\"twitter:label1\" content=\"Procijenjeno vrijeme \u010ditanja\" \/>\n\t<meta name=\"twitter:data1\" content=\"2 minute\" \/>\n<script type=\"application\/ld+json\" class=\"yoast-schema-graph\">{\"@context\":\"https:\/\/schema.org\",\"@graph\":[{\"@type\":\"WebPage\",\"@id\":\"https:\/\/www.malasmora.si\/izdelek\/dangle_yellow_green_earrings\/\",\"url\":\"https:\/\/www.malasmora.si\/izdelek\/dangle_yellow_green_earrings\/\",\"name\":\"Dvobarvni vise\u010di uhani, rumeno-zeleni - Mala s mora\",\"isPartOf\":{\"@id\":\"https:\/\/www.malasmora.si\/#website\"},\"primaryImageOfPage\":{\"@id\":\"https:\/\/www.malasmora.si\/izdelek\/dangle_yellow_green_earrings\/#primaryimage\"},\"image\":{\"@id\":\"https:\/\/www.malasmora.si\/izdelek\/dangle_yellow_green_earrings\/#primaryimage\"},\"thumbnailUrl\":\"https:\/\/www.malasmora.si\/wp-content\/uploads\/2023\/08\/yellow_green_drop_earrings_2-scaled.jpg\",\"datePublished\":\"2023-08-22T12:49:16+00:00\",\"dateModified\":\"2025-01-08T18:18:13+00:00\",\"description\":\"Dangle yellow green resin earrings, Vise\u010di rumeno zeleni uhani, Vise\u0107e \u017euto-zelene nau\u0161nice\",\"breadcrumb\":{\"@id\":\"https:\/\/www.malasmora.si\/izdelek\/dangle_yellow_green_earrings\/#breadcrumb\"},\"inLanguage\":\"hr\",\"potentialAction\":[{\"@type\":\"ReadAction\",\"target\":[\"https:\/\/www.malasmora.si\/izdelek\/dangle_yellow_green_earrings\/\"]}]},{\"@type\":\"ImageObject\",\"inLanguage\":\"hr\",\"@id\":\"https:\/\/www.malasmora.si\/izdelek\/dangle_yellow_green_earrings\/#primaryimage\",\"url\":\"https:\/\/www.malasmora.si\/wp-content\/uploads\/2023\/08\/yellow_green_drop_earrings_2-scaled.jpg\",\"contentUrl\":\"https:\/\/www.malasmora.si\/wp-content\/uploads\/2023\/08\/yellow_green_drop_earrings_2-scaled.jpg\",\"width\":1920,\"height\":2560,\"caption\":\"yellow_green_drop_earrings\"},{\"@type\":\"BreadcrumbList\",\"@id\":\"https:\/\/www.malasmora.si\/izdelek\/dangle_yellow_green_earrings\/#breadcrumb\",\"itemListElement\":[{\"@type\":\"ListItem\",\"position\":1,\"name\":\"Home\",\"item\":\"https:\/\/www.malasmora.si\/\"},{\"@type\":\"ListItem\",\"position\":2,\"name\":\"Shop\",\"item\":\"https:\/\/www.malasmora.si\/shop\/\"},{\"@type\":\"ListItem\",\"position\":3,\"name\":\"Dvobarvni vise\u010di uhani, rumeno-zeleni\"}]},{\"@type\":\"WebSite\",\"@id\":\"https:\/\/www.malasmora.si\/#website\",\"url\":\"https:\/\/www.malasmora.si\/\",\"name\":\"Mala s mora\",\"description\":\"Ro\u010dno izdelan nakit iz epoksi smole\",\"publisher\":{\"@id\":\"https:\/\/www.malasmora.si\/#organization\"},\"potentialAction\":[{\"@type\":\"SearchAction\",\"target\":{\"@type\":\"EntryPoint\",\"urlTemplate\":\"https:\/\/www.malasmora.si\/?s={search_term_string}\"},\"query-input\":{\"@type\":\"PropertyValueSpecification\",\"valueRequired\":true,\"valueName\":\"search_term_string\"}}],\"inLanguage\":\"hr\"},{\"@type\":\"Organization\",\"@id\":\"https:\/\/www.malasmora.si\/#organization\",\"name\":\"Mala s mora\",\"url\":\"https:\/\/www.malasmora.si\/\",\"logo\":{\"@type\":\"ImageObject\",\"inLanguage\":\"hr\",\"@id\":\"https:\/\/www.malasmora.si\/#\/schema\/logo\/image\/\",\"url\":\"https:\/\/www.malasmora.si\/wp-content\/uploads\/2025\/07\/logo_novi_03.png\",\"contentUrl\":\"https:\/\/www.malasmora.si\/wp-content\/uploads\/2025\/07\/logo_novi_03.png\",\"width\":1536,\"height\":1024,\"caption\":\"Mala s mora\"},\"image\":{\"@id\":\"https:\/\/www.malasmora.si\/#\/schema\/logo\/image\/\"},\"sameAs\":[\"https:\/\/www.facebook.com\/MalaSMoraArt\/\"]}]}<\/script>\n<!-- \/ Yoast SEO plugin. -->","yoast_head_json":{"title":"Dvobarvni vise\u010di uhani, rumeno-zeleni - Mala s mora","description":"Dangle yellow green resin earrings, Vise\u010di rumeno zeleni uhani, Vise\u0107e \u017euto-zelene nau\u0161nice","robots":{"index":"index","follow":"follow","max-snippet":"max-snippet:-1","max-image-preview":"max-image-preview:large","max-video-preview":"max-video-preview:-1"},"canonical":"https:\/\/www.malasmora.si\/hr\/proizvod\/dangle_yellow_green_earrings\/","og_locale":"hr_HR","og_type":"article","og_title":"Dvobarvni vise\u010di uhani, rumeno-zeleni - Mala s mora","og_description":"Dangle yellow green resin earrings, Vise\u010di rumeno zeleni uhani, Vise\u0107e \u017euto-zelene nau\u0161nice","og_url":"https:\/\/www.malasmora.si\/hr\/proizvod\/dangle_yellow_green_earrings\/","og_site_name":"Mala s mora","article_publisher":"https:\/\/www.facebook.com\/MalaSMoraArt\/","article_modified_time":"2025-01-08T18:18:13+00:00","og_image":[{"width":1920,"height":2560,"url":"https:\/\/www.malasmora.si\/wp-content\/uploads\/2023\/08\/yellow_green_drop_earrings_2-scaled.jpg","type":"image\/jpeg"}],"twitter_card":"summary_large_image","twitter_misc":{"Procijenjeno vrijeme \u010ditanja":"2 minute"},"schema":{"@context":"https:\/\/schema.org","@graph":[{"@type":"WebPage","@id":"https:\/\/www.malasmora.si\/izdelek\/dangle_yellow_green_earrings\/","url":"https:\/\/www.malasmora.si\/izdelek\/dangle_yellow_green_earrings\/","name":"Dvobarvni vise\u010di uhani, rumeno-zeleni - Mala s mora","isPartOf":{"@id":"https:\/\/www.malasmora.si\/#website"},"primaryImageOfPage":{"@id":"https:\/\/www.malasmora.si\/izdelek\/dangle_yellow_green_earrings\/#primaryimage"},"image":{"@id":"https:\/\/www.malasmora.si\/izdelek\/dangle_yellow_green_earrings\/#primaryimage"},"thumbnailUrl":"https:\/\/www.malasmora.si\/wp-content\/uploads\/2023\/08\/yellow_green_drop_earrings_2-scaled.jpg","datePublished":"2023-08-22T12:49:16+00:00","dateModified":"2025-01-08T18:18:13+00:00","description":"Dangle yellow green resin earrings, Vise\u010di rumeno zeleni uhani, Vise\u0107e \u017euto-zelene nau\u0161nice","breadcrumb":{"@id":"https:\/\/www.malasmora.si\/izdelek\/dangle_yellow_green_earrings\/#breadcrumb"},"inLanguage":"hr","potentialAction":[{"@type":"ReadAction","target":["https:\/\/www.malasmora.si\/izdelek\/dangle_yellow_green_earrings\/"]}]},{"@type":"ImageObject","inLanguage":"hr","@id":"https:\/\/www.malasmora.si\/izdelek\/dangle_yellow_green_earrings\/#primaryimage","url":"https:\/\/www.malasmora.si\/wp-content\/uploads\/2023\/08\/yellow_green_drop_earrings_2-scaled.jpg","contentUrl":"https:\/\/www.malasmora.si\/wp-content\/uploads\/2023\/08\/yellow_green_drop_earrings_2-scaled.jpg","width":1920,"height":2560,"caption":"yellow_green_drop_earrings"},{"@type":"BreadcrumbList","@id":"https:\/\/www.malasmora.si\/izdelek\/dangle_yellow_green_earrings\/#breadcrumb","itemListElement":[{"@type":"ListItem","position":1,"name":"Home","item":"https:\/\/www.malasmora.si\/"},{"@type":"ListItem","position":2,"name":"Shop","item":"https:\/\/www.malasmora.si\/shop\/"},{"@type":"ListItem","position":3,"name":"Dvobarvni vise\u010di uhani, rumeno-zeleni"}]},{"@type":"WebSite","@id":"https:\/\/www.malasmora.si\/#website","url":"https:\/\/www.malasmora.si\/","name":"Mala s mora","description":"Ro\u010dno izdelan nakit iz epoksi smole","publisher":{"@id":"https:\/\/www.malasmora.si\/#organization"},"potentialAction":[{"@type":"SearchAction","target":{"@type":"EntryPoint","urlTemplate":"https:\/\/www.malasmora.si\/?s={search_term_string}"},"query-input":{"@type":"PropertyValueSpecification","valueRequired":true,"valueName":"search_term_string"}}],"inLanguage":"hr"},{"@type":"Organization","@id":"https:\/\/www.malasmora.si\/#organization","name":"Mala s mora","url":"https:\/\/www.malasmora.si\/","logo":{"@type":"ImageObject","inLanguage":"hr","@id":"https:\/\/www.malasmora.si\/#\/schema\/logo\/image\/","url":"https:\/\/www.malasmora.si\/wp-content\/uploads\/2025\/07\/logo_novi_03.png","contentUrl":"https:\/\/www.malasmora.si\/wp-content\/uploads\/2025\/07\/logo_novi_03.png","width":1536,"height":1024,"caption":"Mala s mora"},"image":{"@id":"https:\/\/www.malasmora.si\/#\/schema\/logo\/image\/"},"sameAs":["https:\/\/www.facebook.com\/MalaSMoraArt\/"]}]}},"_links":{"self":[{"href":"https:\/\/www.malasmora.si\/hr\/wp-json\/wp\/v2\/product\/1764","targetHints":{"allow":["GET"]}}],"collection":[{"href":"https:\/\/www.malasmora.si\/hr\/wp-json\/wp\/v2\/product"}],"about":[{"href":"https:\/\/www.malasmora.si\/hr\/wp-json\/wp\/v2\/types\/product"}],"replies":[{"embeddable":true,"href":"https:\/\/www.malasmora.si\/hr\/wp-json\/wp\/v2\/comments?post=1764"}],"wp:featuredmedia":[{"embeddable":true,"href":"https:\/\/www.malasmora.si\/hr\/wp-json\/wp\/v2\/media\/3153"}],"wp:attachment":[{"href":"https:\/\/www.malasmora.si\/hr\/wp-json\/wp\/v2\/media?parent=1764"}],"wp:term":[{"taxonomy":"product_brand","embeddable":true,"href":"https:\/\/www.malasmora.si\/hr\/wp-json\/wp\/v2\/product_brand?post=1764"},{"taxonomy":"product_cat","embeddable":true,"href":"https:\/\/www.malasmora.si\/hr\/wp-json\/wp\/v2\/product_cat?post=1764"},{"taxonomy":"product_tag","embeddable":true,"href":"https:\/\/www.malasmora.si\/hr\/wp-json\/wp\/v2\/product_tag?post=1764"}],"curies":[{"name":"wp","href":"https:\/\/api.w.org\/{rel}","templated":true}]}}