{"id":1771,"date":"2023-08-23T20:13:38","date_gmt":"2023-08-23T18:13:38","guid":{"rendered":"https:\/\/www.malasmora.si\/?post_type=product&#038;p=1771"},"modified":"2024-12-02T21:30:46","modified_gmt":"2024-12-02T19:30:46","slug":"cob_and_spruce_earrings","status":"publish","type":"product","link":"https:\/\/www.malasmora.si\/hr\/proizvod\/cob_and_spruce_earrings\/","title":{"rendered":"Uhani iz stor\u017eev in smreke"},"content":{"rendered":"<p>Ro\u010dno izdelani botani\u010dni uhani iz pravih posu\u0161enih stor\u017eev in smrekovih vejic, ki jih naberem v bli\u017enjem gozdu. Sem jih posu\u0161ila in ohranila v ve\u010d plasteh smole.<\/p>\n<p><img decoding=\"async\" class=\"emoji\" role=\"img\" draggable=\"false\" src=\"https:\/\/s.w.org\/images\/core\/emoji\/15.0.3\/svg\/1f4d0.svg\" alt=\"\ud83d\udcd0\" \/> Dol\u017eina uhanov brez kavlja je 37 mm.<\/p>\n<p>Kavelj je iz nerjave\u010dega jekla.<\/p>\n<p><img decoding=\"async\" class=\"emoji\" role=\"img\" draggable=\"false\" src=\"https:\/\/s.w.org\/images\/core\/emoji\/15.0.3\/svg\/1f496.svg\" alt=\"\ud83d\udc96\" \/> NJEGA ZA RU\u010cNO IZRA\u0110ENI NAKIT <img decoding=\"async\" class=\"emoji\" role=\"img\" draggable=\"false\" src=\"https:\/\/s.w.org\/images\/core\/emoji\/15.0.3\/svg\/1f496.svg\" alt=\"\ud83d\udc96\" \/><br \/>\nProsimo, hranite na suhem mestu in se izogibajte dolgotrajni neposredni son\u010dni svetlobi, vodi, kemikalijam in parfumom, da ohranite lepoto nakita<\/p>\n<p><span class=\"HwtZe\" lang=\"sl\"><span class=\"jCAhz JxVs2d ChMk0b\"><span class=\"ryNqvb\">\u2726 Vse kaj je v moji trgovini izdelujem ro\u010dno, torej ne obstajajo dva popolnoma enaka izdelka.<\/span><\/span> <span class=\"jCAhz JxVs2d ChMk0b\"><span class=\"ryNqvb\">Poleg tega zaradi ro\u010dne izdelave vedno obstaja mo\u017enost majhnih nepravilnosti in mehur\u010dkov. <\/span><\/span><\/span><\/p>\n<p>\u2726 Upo\u0161tevajte, da se lahko na nekaterih monitorjih zaradi razli\u010dnih nastavitev slike barva nekoliko razlikuje.<\/p>\n<p>&nbsp;<\/p>","protected":false},"excerpt":{"rendered":"<p>Ro\u010dno izdelani botani\u010dni uhani iz pravih posu\u0161enih stor\u017eev in smrekovih vejic, ki jih naberem v bli\u017enjem gozdu. Sem jih posu\u0161ila in ohranila v ve\u010d plasteh smole. Dol\u017eina uhanov brez kavlja je 37 mm. Kavelj je iz nerjave\u010dega jekla. SKRBITE ZA ro\u010dno izdelan nakit Prosimo, hranite na suhem mestu in se izogibajte dolgotrajni neposredni son\u010dni svetlobi,&#8230;<\/p>","protected":false},"featured_media":1769,"comment_status":"open","ping_status":"closed","template":"","meta":{"_kadence_starter_templates_imported_post":false,"_kad_post_transparent":"default","_kad_post_title":"","_kad_post_layout":"default","_kad_post_sidebar_id":"","_kad_post_content_style":"default","_kad_post_vertical_padding":"default","_kad_post_feature":"","_kad_post_feature_position":"","_kad_post_header":false,"_kad_post_footer":false},"product_brand":[],"product_cat":[19],"product_tag":[231,257,732,73,467,67,474,468,75],"class_list":{"0":"post-1771","1":"product","2":"type-product","3":"status-publish","4":"has-post-thumbnail","6":"product_cat-earrings","7":"product_tag-botanical_earrings","8":"product_tag-botanical_jewelry","9":"product_tag-cob_and_spruce_earrings","10":"product_tag-dangle_earrings","11":"product_tag-dried_pine_cones_earrings","12":"product_tag-handmade_jewelry","13":"product_tag-natural_pine_cone_earrings","14":"product_tag-resin_dried_pine_cones_earrings","15":"product_tag-resin_earrings","17":"first","18":"outofstock","19":"sold-individually","20":"taxable","21":"shipping-taxable","22":"purchasable","23":"product-type-simple","24":"entry","25":"content-bg","26":"loop-entry"},"yoast_head":"<!-- This site is optimized with the Yoast SEO plugin v26.6 - https:\/\/yoast.com\/wordpress\/plugins\/seo\/ -->\n<title>Uhani iz stor\u017eev in smreke - Mala s mora<\/title>\n<meta name=\"description\" content=\"Handmade real dried cones and spruce twigs resin botanical earrings, Ro\u010dno izdelani botani\u010dni uhani iz pravih posu\u0161enih stor\u017eev in smrekovih vejic, Botani\u010dke nau\u0161nice od pravih osu\u0161enih \u010de\u0161era i smrekovih gran\u010dica izra\u0111ene ru\u010dno\" \/>\n<meta name=\"robots\" content=\"index, follow, max-snippet:-1, max-image-preview:large, max-video-preview:-1\" \/>\n<link rel=\"canonical\" href=\"https:\/\/www.malasmora.si\/hr\/proizvod\/cob_and_spruce_earrings\/\" \/>\n<meta property=\"og:locale\" content=\"hr_HR\" \/>\n<meta property=\"og:type\" content=\"article\" \/>\n<meta property=\"og:title\" content=\"Uhani iz stor\u017eev in smreke - Mala s mora\" \/>\n<meta property=\"og:description\" content=\"Handmade real dried cones and spruce twigs resin botanical earrings, Ro\u010dno izdelani botani\u010dni uhani iz pravih posu\u0161enih stor\u017eev in smrekovih vejic, Botani\u010dke nau\u0161nice od pravih osu\u0161enih \u010de\u0161era i smrekovih gran\u010dica izra\u0111ene ru\u010dno\" \/>\n<meta property=\"og:url\" content=\"https:\/\/www.malasmora.si\/hr\/proizvod\/cob_and_spruce_earrings\/\" \/>\n<meta property=\"og:site_name\" content=\"Mala s mora\" \/>\n<meta property=\"article:publisher\" content=\"https:\/\/www.facebook.com\/MalaSMoraArt\/\" \/>\n<meta property=\"article:modified_time\" content=\"2024-12-02T19:30:46+00:00\" \/>\n<meta property=\"og:image\" content=\"https:\/\/www.malasmora.si\/wp-content\/uploads\/2023\/08\/earrings_dry_cones_e418.jpg\" \/>\n\t<meta property=\"og:image:width\" content=\"830\" \/>\n\t<meta property=\"og:image:height\" content=\"738\" \/>\n\t<meta property=\"og:image:type\" content=\"image\/jpeg\" \/>\n<meta name=\"twitter:card\" content=\"summary_large_image\" \/>\n<meta name=\"twitter:label1\" content=\"Procijenjeno vrijeme \u010ditanja\" \/>\n\t<meta name=\"twitter:data1\" content=\"2 minute\" \/>\n<script type=\"application\/ld+json\" class=\"yoast-schema-graph\">{\"@context\":\"https:\/\/schema.org\",\"@graph\":[{\"@type\":\"WebPage\",\"@id\":\"https:\/\/www.malasmora.si\/izdelek\/cob_and_spruce_earrings\/\",\"url\":\"https:\/\/www.malasmora.si\/izdelek\/cob_and_spruce_earrings\/\",\"name\":\"Uhani iz stor\u017eev in smreke - Mala s mora\",\"isPartOf\":{\"@id\":\"https:\/\/www.malasmora.si\/#website\"},\"primaryImageOfPage\":{\"@id\":\"https:\/\/www.malasmora.si\/izdelek\/cob_and_spruce_earrings\/#primaryimage\"},\"image\":{\"@id\":\"https:\/\/www.malasmora.si\/izdelek\/cob_and_spruce_earrings\/#primaryimage\"},\"thumbnailUrl\":\"https:\/\/www.malasmora.si\/wp-content\/uploads\/2023\/08\/earrings_dry_cones_e418.jpg\",\"datePublished\":\"2023-08-23T18:13:38+00:00\",\"dateModified\":\"2024-12-02T19:30:46+00:00\",\"description\":\"Handmade real dried cones and spruce twigs resin botanical earrings, Ro\u010dno izdelani botani\u010dni uhani iz pravih posu\u0161enih stor\u017eev in smrekovih vejic, Botani\u010dke nau\u0161nice od pravih osu\u0161enih \u010de\u0161era i smrekovih gran\u010dica izra\u0111ene ru\u010dno\",\"breadcrumb\":{\"@id\":\"https:\/\/www.malasmora.si\/izdelek\/cob_and_spruce_earrings\/#breadcrumb\"},\"inLanguage\":\"hr\",\"potentialAction\":[{\"@type\":\"ReadAction\",\"target\":[\"https:\/\/www.malasmora.si\/izdelek\/cob_and_spruce_earrings\/\"]}]},{\"@type\":\"ImageObject\",\"inLanguage\":\"hr\",\"@id\":\"https:\/\/www.malasmora.si\/izdelek\/cob_and_spruce_earrings\/#primaryimage\",\"url\":\"https:\/\/www.malasmora.si\/wp-content\/uploads\/2023\/08\/earrings_dry_cones_e418.jpg\",\"contentUrl\":\"https:\/\/www.malasmora.si\/wp-content\/uploads\/2023\/08\/earrings_dry_cones_e418.jpg\",\"width\":830,\"height\":738,\"caption\":\"Handmade real dried cones and spruce twigs resin botanical earrings\"},{\"@type\":\"BreadcrumbList\",\"@id\":\"https:\/\/www.malasmora.si\/izdelek\/cob_and_spruce_earrings\/#breadcrumb\",\"itemListElement\":[{\"@type\":\"ListItem\",\"position\":1,\"name\":\"Home\",\"item\":\"https:\/\/www.malasmora.si\/\"},{\"@type\":\"ListItem\",\"position\":2,\"name\":\"Shop\",\"item\":\"https:\/\/www.malasmora.si\/shop\/\"},{\"@type\":\"ListItem\",\"position\":3,\"name\":\"Uhani iz stor\u017eev in smreke\"}]},{\"@type\":\"WebSite\",\"@id\":\"https:\/\/www.malasmora.si\/#website\",\"url\":\"https:\/\/www.malasmora.si\/\",\"name\":\"Mala s mora\",\"description\":\"Ro\u010dno izdelan nakit iz epoksi smole\",\"publisher\":{\"@id\":\"https:\/\/www.malasmora.si\/#organization\"},\"potentialAction\":[{\"@type\":\"SearchAction\",\"target\":{\"@type\":\"EntryPoint\",\"urlTemplate\":\"https:\/\/www.malasmora.si\/?s={search_term_string}\"},\"query-input\":{\"@type\":\"PropertyValueSpecification\",\"valueRequired\":true,\"valueName\":\"search_term_string\"}}],\"inLanguage\":\"hr\"},{\"@type\":\"Organization\",\"@id\":\"https:\/\/www.malasmora.si\/#organization\",\"name\":\"Mala s mora\",\"url\":\"https:\/\/www.malasmora.si\/\",\"logo\":{\"@type\":\"ImageObject\",\"inLanguage\":\"hr\",\"@id\":\"https:\/\/www.malasmora.si\/#\/schema\/logo\/image\/\",\"url\":\"https:\/\/www.malasmora.si\/wp-content\/uploads\/2025\/07\/logo_novi_03.png\",\"contentUrl\":\"https:\/\/www.malasmora.si\/wp-content\/uploads\/2025\/07\/logo_novi_03.png\",\"width\":1536,\"height\":1024,\"caption\":\"Mala s mora\"},\"image\":{\"@id\":\"https:\/\/www.malasmora.si\/#\/schema\/logo\/image\/\"},\"sameAs\":[\"https:\/\/www.facebook.com\/MalaSMoraArt\/\"]}]}<\/script>\n<!-- \/ Yoast SEO plugin. -->","yoast_head_json":{"title":"Uhani iz stor\u017eev in smreke - Mala s mora","description":"Handmade real dried cones and spruce twigs resin botanical earrings, Ro\u010dno izdelani botani\u010dni uhani iz pravih posu\u0161enih stor\u017eev in smrekovih vejic, Botani\u010dke nau\u0161nice od pravih osu\u0161enih \u010de\u0161era i smrekovih gran\u010dica izra\u0111ene ru\u010dno","robots":{"index":"index","follow":"follow","max-snippet":"max-snippet:-1","max-image-preview":"max-image-preview:large","max-video-preview":"max-video-preview:-1"},"canonical":"https:\/\/www.malasmora.si\/hr\/proizvod\/cob_and_spruce_earrings\/","og_locale":"hr_HR","og_type":"article","og_title":"Uhani iz stor\u017eev in smreke - Mala s mora","og_description":"Handmade real dried cones and spruce twigs resin botanical earrings, Ro\u010dno izdelani botani\u010dni uhani iz pravih posu\u0161enih stor\u017eev in smrekovih vejic, Botani\u010dke nau\u0161nice od pravih osu\u0161enih \u010de\u0161era i smrekovih gran\u010dica izra\u0111ene ru\u010dno","og_url":"https:\/\/www.malasmora.si\/hr\/proizvod\/cob_and_spruce_earrings\/","og_site_name":"Mala s mora","article_publisher":"https:\/\/www.facebook.com\/MalaSMoraArt\/","article_modified_time":"2024-12-02T19:30:46+00:00","og_image":[{"width":830,"height":738,"url":"https:\/\/www.malasmora.si\/wp-content\/uploads\/2023\/08\/earrings_dry_cones_e418.jpg","type":"image\/jpeg"}],"twitter_card":"summary_large_image","twitter_misc":{"Procijenjeno vrijeme \u010ditanja":"2 minute"},"schema":{"@context":"https:\/\/schema.org","@graph":[{"@type":"WebPage","@id":"https:\/\/www.malasmora.si\/izdelek\/cob_and_spruce_earrings\/","url":"https:\/\/www.malasmora.si\/izdelek\/cob_and_spruce_earrings\/","name":"Uhani iz stor\u017eev in smreke - Mala s mora","isPartOf":{"@id":"https:\/\/www.malasmora.si\/#website"},"primaryImageOfPage":{"@id":"https:\/\/www.malasmora.si\/izdelek\/cob_and_spruce_earrings\/#primaryimage"},"image":{"@id":"https:\/\/www.malasmora.si\/izdelek\/cob_and_spruce_earrings\/#primaryimage"},"thumbnailUrl":"https:\/\/www.malasmora.si\/wp-content\/uploads\/2023\/08\/earrings_dry_cones_e418.jpg","datePublished":"2023-08-23T18:13:38+00:00","dateModified":"2024-12-02T19:30:46+00:00","description":"Handmade real dried cones and spruce twigs resin botanical earrings, Ro\u010dno izdelani botani\u010dni uhani iz pravih posu\u0161enih stor\u017eev in smrekovih vejic, Botani\u010dke nau\u0161nice od pravih osu\u0161enih \u010de\u0161era i smrekovih gran\u010dica izra\u0111ene ru\u010dno","breadcrumb":{"@id":"https:\/\/www.malasmora.si\/izdelek\/cob_and_spruce_earrings\/#breadcrumb"},"inLanguage":"hr","potentialAction":[{"@type":"ReadAction","target":["https:\/\/www.malasmora.si\/izdelek\/cob_and_spruce_earrings\/"]}]},{"@type":"ImageObject","inLanguage":"hr","@id":"https:\/\/www.malasmora.si\/izdelek\/cob_and_spruce_earrings\/#primaryimage","url":"https:\/\/www.malasmora.si\/wp-content\/uploads\/2023\/08\/earrings_dry_cones_e418.jpg","contentUrl":"https:\/\/www.malasmora.si\/wp-content\/uploads\/2023\/08\/earrings_dry_cones_e418.jpg","width":830,"height":738,"caption":"Handmade real dried cones and spruce twigs resin botanical earrings"},{"@type":"BreadcrumbList","@id":"https:\/\/www.malasmora.si\/izdelek\/cob_and_spruce_earrings\/#breadcrumb","itemListElement":[{"@type":"ListItem","position":1,"name":"Home","item":"https:\/\/www.malasmora.si\/"},{"@type":"ListItem","position":2,"name":"Shop","item":"https:\/\/www.malasmora.si\/shop\/"},{"@type":"ListItem","position":3,"name":"Uhani iz stor\u017eev in smreke"}]},{"@type":"WebSite","@id":"https:\/\/www.malasmora.si\/#website","url":"https:\/\/www.malasmora.si\/","name":"Mala s mora","description":"Ro\u010dno izdelan nakit iz epoksi smole","publisher":{"@id":"https:\/\/www.malasmora.si\/#organization"},"potentialAction":[{"@type":"SearchAction","target":{"@type":"EntryPoint","urlTemplate":"https:\/\/www.malasmora.si\/?s={search_term_string}"},"query-input":{"@type":"PropertyValueSpecification","valueRequired":true,"valueName":"search_term_string"}}],"inLanguage":"hr"},{"@type":"Organization","@id":"https:\/\/www.malasmora.si\/#organization","name":"Mala s mora","url":"https:\/\/www.malasmora.si\/","logo":{"@type":"ImageObject","inLanguage":"hr","@id":"https:\/\/www.malasmora.si\/#\/schema\/logo\/image\/","url":"https:\/\/www.malasmora.si\/wp-content\/uploads\/2025\/07\/logo_novi_03.png","contentUrl":"https:\/\/www.malasmora.si\/wp-content\/uploads\/2025\/07\/logo_novi_03.png","width":1536,"height":1024,"caption":"Mala s mora"},"image":{"@id":"https:\/\/www.malasmora.si\/#\/schema\/logo\/image\/"},"sameAs":["https:\/\/www.facebook.com\/MalaSMoraArt\/"]}]}},"_links":{"self":[{"href":"https:\/\/www.malasmora.si\/hr\/wp-json\/wp\/v2\/product\/1771","targetHints":{"allow":["GET"]}}],"collection":[{"href":"https:\/\/www.malasmora.si\/hr\/wp-json\/wp\/v2\/product"}],"about":[{"href":"https:\/\/www.malasmora.si\/hr\/wp-json\/wp\/v2\/types\/product"}],"replies":[{"embeddable":true,"href":"https:\/\/www.malasmora.si\/hr\/wp-json\/wp\/v2\/comments?post=1771"}],"wp:featuredmedia":[{"embeddable":true,"href":"https:\/\/www.malasmora.si\/hr\/wp-json\/wp\/v2\/media\/1769"}],"wp:attachment":[{"href":"https:\/\/www.malasmora.si\/hr\/wp-json\/wp\/v2\/media?parent=1771"}],"wp:term":[{"taxonomy":"product_brand","embeddable":true,"href":"https:\/\/www.malasmora.si\/hr\/wp-json\/wp\/v2\/product_brand?post=1771"},{"taxonomy":"product_cat","embeddable":true,"href":"https:\/\/www.malasmora.si\/hr\/wp-json\/wp\/v2\/product_cat?post=1771"},{"taxonomy":"product_tag","embeddable":true,"href":"https:\/\/www.malasmora.si\/hr\/wp-json\/wp\/v2\/product_tag?post=1771"}],"curies":[{"name":"wp","href":"https:\/\/api.w.org\/{rel}","templated":true}]}}