{"id":1774,"date":"2023-08-23T20:27:22","date_gmt":"2023-08-23T18:27:22","guid":{"rendered":"https:\/\/www.malasmora.si\/?post_type=product&#038;p=1774"},"modified":"2025-02-05T11:59:49","modified_gmt":"2025-02-05T09:59:49","slug":"double_spiral_abstract_resin_necklace","status":"publish","type":"product","link":"https:\/\/www.malasmora.si\/hr\/proizvod\/double_spiral_abstract_resin_necklace\/","title":{"rendered":"Apstraktna ogrlica od zelene smole s dvostrukom spiralom"},"content":{"rendered":"<p>Ro\u010dno izdelana ogrlica z obeskom iz zelene smole. Obesek lahko dejansko nosite na obeh straneh, ker ima dva obraza. Na eni strani izstopa dvojna rde\u010da spirala, ki naj bi pomenila ravnote\u017eje, druga stran pa je zapolnjena z zlatimi listi\u010di.<br \/>\nGlavna barva je zelena, ki je barva narave, miru in sre\u010de, obesek pa ima elegantno zlato obrobo.<\/p>\n<p>Ta ogrlica je lepo darilo zase ali za va\u0161e prijatelje in najdra\u017eje, saj jo enostavno nosite podnevi in \u200b\u200bpono\u010di ter ob \u0161tevilnih prilo\u017enostih, kot so zabave, rojstni dnevi, obletnice, praznovanja, poroke itd.<\/p>\n<p><span class=\"HwtZe\" lang=\"sl\">\ud83d\udcd0Dimenzije:<br \/>\nObesek je 3 x 1,9 cm<br \/>\nNastavljiva \u010drna vrvica je 40 cm + 5 cm podalj\u0161ka<br \/>\n<\/span><\/p>\n<p><img decoding=\"async\" class=\"emoji\" role=\"img\" draggable=\"false\" src=\"https:\/\/s.w.org\/images\/core\/emoji\/15.0.3\/svg\/1f496.svg\" alt=\"\ud83d\udc96\" \/> NJEGA ZA RU\u010cNO IZRA\u0110ENI NAKIT <img decoding=\"async\" class=\"emoji\" role=\"img\" draggable=\"false\" src=\"https:\/\/s.w.org\/images\/core\/emoji\/15.0.3\/svg\/1f496.svg\" alt=\"\ud83d\udc96\" \/><br \/>\nMolimo \u010duvajte na suhom mjestu i izbjegavajte dugotrajnu izravnu sun\u010devu svjetlost, vodu, kemikalije i parfeme kako biste sa\u010duvali i odr\u017eali ljepotu nakita.<\/p>\n<p><img decoding=\"async\" class=\"emoji\" role=\"img\" draggable=\"false\" src=\"https:\/\/s.w.org\/images\/core\/emoji\/15.0.3\/svg\/1f536.svg\" alt=\"\ud83d\udd36\" \/>Vse izdelke sem ro\u010dno izdelala, torej ne obstajajo dva enaka. Poleg tega zaradi ro\u010dne izdelave vedno obstaja mo\u017enost majhnih nepravilnosti in mehur\u010dkov.<\/p>\n<p><img decoding=\"async\" class=\"emoji\" role=\"img\" draggable=\"false\" src=\"https:\/\/s.w.org\/images\/core\/emoji\/15.0.3\/svg\/1f536.svg\" alt=\"\ud83d\udd36\" \/>Imajte na umu da se boja mo\u017ee neznatno razlikovati na nekim monitorima zbog razli\u010ditih postavki slike.<\/p>\n<p>&nbsp;<\/p>","protected":false},"excerpt":{"rendered":"<p>Ro\u010dno izdelana ogrlica z obeskom iz zelene smole. Obesek lahko dejansko nosite na obeh straneh, ker ima dva obraza. Na eni strani izstopa dvojna rde\u010da spirala, ki naj bi pomenila ravnote\u017eje, druga stran pa je zapolnjena z zlatimi listi\u010di. Glavna barva je zelena, ki je barva narave, miru in sre\u010de, obesek pa ima elegantno zlato&#8230;<\/p>","protected":false},"featured_media":3400,"comment_status":"open","ping_status":"closed","template":"","meta":{"_kadence_starter_templates_imported_post":false,"_kad_post_transparent":"default","_kad_post_title":"","_kad_post_layout":"default","_kad_post_sidebar_id":"","_kad_post_content_style":"default","_kad_post_vertical_padding":"default","_kad_post_feature":"","_kad_post_feature_position":"","_kad_post_header":false,"_kad_post_footer":false},"product_brand":[],"product_cat":[20],"product_tag":[456,455,867,866,67,457,168],"class_list":{"0":"post-1774","1":"product","2":"type-product","3":"status-publish","4":"has-post-thumbnail","6":"product_cat-necklaces","7":"product_tag-abstract_necklace","8":"product_tag-abstract_pendant","9":"product_tag-double_red_spiral_necklace","10":"product_tag-green_resin_necklace","11":"product_tag-handmade_jewelry","12":"product_tag-resin_abstract_necklace","13":"product_tag-resin_necklace","15":"first","16":"instock","17":"sold-individually","18":"taxable","19":"shipping-taxable","20":"purchasable","21":"product-type-simple","22":"entry","23":"content-bg","24":"loop-entry"},"yoast_head":"<!-- This site is optimized with the Yoast SEO plugin v26.6 - https:\/\/yoast.com\/wordpress\/plugins\/seo\/ -->\n<title>Abstraktna ogrlica iz zelene smole z dvojno spiralo - Mala s mora<\/title>\n<meta name=\"description\" content=\"Double spiral rectangle resin necklace, Abstraktna ogrlica iz zelene smole z dvojno spiralo, Apstraktna zelena ogrlica od smole s dvostrukom spiralom\" \/>\n<meta name=\"robots\" content=\"index, follow, max-snippet:-1, max-image-preview:large, max-video-preview:-1\" \/>\n<link rel=\"canonical\" href=\"https:\/\/www.malasmora.si\/hr\/proizvod\/double_spiral_abstract_resin_necklace\/\" \/>\n<meta property=\"og:locale\" content=\"hr_HR\" \/>\n<meta property=\"og:type\" content=\"article\" \/>\n<meta property=\"og:title\" content=\"Abstraktna ogrlica iz zelene smole z dvojno spiralo - Mala s mora\" \/>\n<meta property=\"og:description\" content=\"Double spiral rectangle resin necklace, Abstraktna ogrlica iz zelene smole z dvojno spiralo, Apstraktna zelena ogrlica od smole s dvostrukom spiralom\" \/>\n<meta property=\"og:url\" content=\"https:\/\/www.malasmora.si\/hr\/proizvod\/double_spiral_abstract_resin_necklace\/\" \/>\n<meta property=\"og:site_name\" content=\"Mala s mora\" \/>\n<meta property=\"article:publisher\" content=\"https:\/\/www.facebook.com\/MalaSMoraArt\/\" \/>\n<meta property=\"article:modified_time\" content=\"2025-02-05T09:59:49+00:00\" \/>\n<meta property=\"og:image\" content=\"https:\/\/www.malasmora.si\/wp-content\/uploads\/2023\/08\/abstract_green_chunky_glitter_resin_necklace_4-scaled.jpg\" \/>\n\t<meta property=\"og:image:width\" content=\"1920\" \/>\n\t<meta property=\"og:image:height\" content=\"2560\" \/>\n\t<meta property=\"og:image:type\" content=\"image\/jpeg\" \/>\n<meta name=\"twitter:card\" content=\"summary_large_image\" \/>\n<meta name=\"twitter:label1\" content=\"Procijenjeno vrijeme \u010ditanja\" \/>\n\t<meta name=\"twitter:data1\" content=\"2 minute\" \/>\n<script type=\"application\/ld+json\" class=\"yoast-schema-graph\">{\"@context\":\"https:\/\/schema.org\",\"@graph\":[{\"@type\":\"WebPage\",\"@id\":\"https:\/\/www.malasmora.si\/izdelek\/double_spiral_abstract_resin_necklace\/\",\"url\":\"https:\/\/www.malasmora.si\/izdelek\/double_spiral_abstract_resin_necklace\/\",\"name\":\"Abstraktna ogrlica iz zelene smole z dvojno spiralo - Mala s mora\",\"isPartOf\":{\"@id\":\"https:\/\/www.malasmora.si\/#website\"},\"primaryImageOfPage\":{\"@id\":\"https:\/\/www.malasmora.si\/izdelek\/double_spiral_abstract_resin_necklace\/#primaryimage\"},\"image\":{\"@id\":\"https:\/\/www.malasmora.si\/izdelek\/double_spiral_abstract_resin_necklace\/#primaryimage\"},\"thumbnailUrl\":\"https:\/\/www.malasmora.si\/wp-content\/uploads\/2023\/08\/abstract_green_chunky_glitter_resin_necklace_4-scaled.jpg\",\"datePublished\":\"2023-08-23T18:27:22+00:00\",\"dateModified\":\"2025-02-05T09:59:49+00:00\",\"description\":\"Double spiral rectangle resin necklace, Abstraktna ogrlica iz zelene smole z dvojno spiralo, Apstraktna zelena ogrlica od smole s dvostrukom spiralom\",\"breadcrumb\":{\"@id\":\"https:\/\/www.malasmora.si\/izdelek\/double_spiral_abstract_resin_necklace\/#breadcrumb\"},\"inLanguage\":\"hr\",\"potentialAction\":[{\"@type\":\"ReadAction\",\"target\":[\"https:\/\/www.malasmora.si\/izdelek\/double_spiral_abstract_resin_necklace\/\"]}]},{\"@type\":\"ImageObject\",\"inLanguage\":\"hr\",\"@id\":\"https:\/\/www.malasmora.si\/izdelek\/double_spiral_abstract_resin_necklace\/#primaryimage\",\"url\":\"https:\/\/www.malasmora.si\/wp-content\/uploads\/2023\/08\/abstract_green_chunky_glitter_resin_necklace_4-scaled.jpg\",\"contentUrl\":\"https:\/\/www.malasmora.si\/wp-content\/uploads\/2023\/08\/abstract_green_chunky_glitter_resin_necklace_4-scaled.jpg\",\"width\":1920,\"height\":2560,\"caption\":\"abstract_green_chunky_glitter_resin_necklace\"},{\"@type\":\"BreadcrumbList\",\"@id\":\"https:\/\/www.malasmora.si\/izdelek\/double_spiral_abstract_resin_necklace\/#breadcrumb\",\"itemListElement\":[{\"@type\":\"ListItem\",\"position\":1,\"name\":\"Home\",\"item\":\"https:\/\/www.malasmora.si\/\"},{\"@type\":\"ListItem\",\"position\":2,\"name\":\"Shop\",\"item\":\"https:\/\/www.malasmora.si\/shop\/\"},{\"@type\":\"ListItem\",\"position\":3,\"name\":\"Abstraktna ogrlica iz zelene smole z dvojno spiralo\"}]},{\"@type\":\"WebSite\",\"@id\":\"https:\/\/www.malasmora.si\/#website\",\"url\":\"https:\/\/www.malasmora.si\/\",\"name\":\"Mala s mora\",\"description\":\"Ro\u010dno izdelan nakit iz epoksi smole\",\"publisher\":{\"@id\":\"https:\/\/www.malasmora.si\/#organization\"},\"potentialAction\":[{\"@type\":\"SearchAction\",\"target\":{\"@type\":\"EntryPoint\",\"urlTemplate\":\"https:\/\/www.malasmora.si\/?s={search_term_string}\"},\"query-input\":{\"@type\":\"PropertyValueSpecification\",\"valueRequired\":true,\"valueName\":\"search_term_string\"}}],\"inLanguage\":\"hr\"},{\"@type\":\"Organization\",\"@id\":\"https:\/\/www.malasmora.si\/#organization\",\"name\":\"Mala s mora\",\"url\":\"https:\/\/www.malasmora.si\/\",\"logo\":{\"@type\":\"ImageObject\",\"inLanguage\":\"hr\",\"@id\":\"https:\/\/www.malasmora.si\/#\/schema\/logo\/image\/\",\"url\":\"https:\/\/www.malasmora.si\/wp-content\/uploads\/2025\/07\/logo_novi_03.png\",\"contentUrl\":\"https:\/\/www.malasmora.si\/wp-content\/uploads\/2025\/07\/logo_novi_03.png\",\"width\":1536,\"height\":1024,\"caption\":\"Mala s mora\"},\"image\":{\"@id\":\"https:\/\/www.malasmora.si\/#\/schema\/logo\/image\/\"},\"sameAs\":[\"https:\/\/www.facebook.com\/MalaSMoraArt\/\"]}]}<\/script>\n<!-- \/ Yoast SEO plugin. -->","yoast_head_json":{"title":"Abstraktna ogrlica iz zelene smole z dvojno spiralo - Mala s mora","description":"Double spiral rectangle resin necklace, Abstraktna ogrlica iz zelene smole z dvojno spiralo, Apstraktna zelena ogrlica od smole s dvostrukom spiralom","robots":{"index":"index","follow":"follow","max-snippet":"max-snippet:-1","max-image-preview":"max-image-preview:large","max-video-preview":"max-video-preview:-1"},"canonical":"https:\/\/www.malasmora.si\/hr\/proizvod\/double_spiral_abstract_resin_necklace\/","og_locale":"hr_HR","og_type":"article","og_title":"Abstraktna ogrlica iz zelene smole z dvojno spiralo - Mala s mora","og_description":"Double spiral rectangle resin necklace, Abstraktna ogrlica iz zelene smole z dvojno spiralo, Apstraktna zelena ogrlica od smole s dvostrukom spiralom","og_url":"https:\/\/www.malasmora.si\/hr\/proizvod\/double_spiral_abstract_resin_necklace\/","og_site_name":"Mala s mora","article_publisher":"https:\/\/www.facebook.com\/MalaSMoraArt\/","article_modified_time":"2025-02-05T09:59:49+00:00","og_image":[{"width":1920,"height":2560,"url":"https:\/\/www.malasmora.si\/wp-content\/uploads\/2023\/08\/abstract_green_chunky_glitter_resin_necklace_4-scaled.jpg","type":"image\/jpeg"}],"twitter_card":"summary_large_image","twitter_misc":{"Procijenjeno vrijeme \u010ditanja":"2 minute"},"schema":{"@context":"https:\/\/schema.org","@graph":[{"@type":"WebPage","@id":"https:\/\/www.malasmora.si\/izdelek\/double_spiral_abstract_resin_necklace\/","url":"https:\/\/www.malasmora.si\/izdelek\/double_spiral_abstract_resin_necklace\/","name":"Abstraktna ogrlica iz zelene smole z dvojno spiralo - Mala s mora","isPartOf":{"@id":"https:\/\/www.malasmora.si\/#website"},"primaryImageOfPage":{"@id":"https:\/\/www.malasmora.si\/izdelek\/double_spiral_abstract_resin_necklace\/#primaryimage"},"image":{"@id":"https:\/\/www.malasmora.si\/izdelek\/double_spiral_abstract_resin_necklace\/#primaryimage"},"thumbnailUrl":"https:\/\/www.malasmora.si\/wp-content\/uploads\/2023\/08\/abstract_green_chunky_glitter_resin_necklace_4-scaled.jpg","datePublished":"2023-08-23T18:27:22+00:00","dateModified":"2025-02-05T09:59:49+00:00","description":"Double spiral rectangle resin necklace, Abstraktna ogrlica iz zelene smole z dvojno spiralo, Apstraktna zelena ogrlica od smole s dvostrukom spiralom","breadcrumb":{"@id":"https:\/\/www.malasmora.si\/izdelek\/double_spiral_abstract_resin_necklace\/#breadcrumb"},"inLanguage":"hr","potentialAction":[{"@type":"ReadAction","target":["https:\/\/www.malasmora.si\/izdelek\/double_spiral_abstract_resin_necklace\/"]}]},{"@type":"ImageObject","inLanguage":"hr","@id":"https:\/\/www.malasmora.si\/izdelek\/double_spiral_abstract_resin_necklace\/#primaryimage","url":"https:\/\/www.malasmora.si\/wp-content\/uploads\/2023\/08\/abstract_green_chunky_glitter_resin_necklace_4-scaled.jpg","contentUrl":"https:\/\/www.malasmora.si\/wp-content\/uploads\/2023\/08\/abstract_green_chunky_glitter_resin_necklace_4-scaled.jpg","width":1920,"height":2560,"caption":"abstract_green_chunky_glitter_resin_necklace"},{"@type":"BreadcrumbList","@id":"https:\/\/www.malasmora.si\/izdelek\/double_spiral_abstract_resin_necklace\/#breadcrumb","itemListElement":[{"@type":"ListItem","position":1,"name":"Home","item":"https:\/\/www.malasmora.si\/"},{"@type":"ListItem","position":2,"name":"Shop","item":"https:\/\/www.malasmora.si\/shop\/"},{"@type":"ListItem","position":3,"name":"Abstraktna ogrlica iz zelene smole z dvojno spiralo"}]},{"@type":"WebSite","@id":"https:\/\/www.malasmora.si\/#website","url":"https:\/\/www.malasmora.si\/","name":"Mala s mora","description":"Ro\u010dno izdelan nakit iz epoksi smole","publisher":{"@id":"https:\/\/www.malasmora.si\/#organization"},"potentialAction":[{"@type":"SearchAction","target":{"@type":"EntryPoint","urlTemplate":"https:\/\/www.malasmora.si\/?s={search_term_string}"},"query-input":{"@type":"PropertyValueSpecification","valueRequired":true,"valueName":"search_term_string"}}],"inLanguage":"hr"},{"@type":"Organization","@id":"https:\/\/www.malasmora.si\/#organization","name":"Mala s mora","url":"https:\/\/www.malasmora.si\/","logo":{"@type":"ImageObject","inLanguage":"hr","@id":"https:\/\/www.malasmora.si\/#\/schema\/logo\/image\/","url":"https:\/\/www.malasmora.si\/wp-content\/uploads\/2025\/07\/logo_novi_03.png","contentUrl":"https:\/\/www.malasmora.si\/wp-content\/uploads\/2025\/07\/logo_novi_03.png","width":1536,"height":1024,"caption":"Mala s mora"},"image":{"@id":"https:\/\/www.malasmora.si\/#\/schema\/logo\/image\/"},"sameAs":["https:\/\/www.facebook.com\/MalaSMoraArt\/"]}]}},"_links":{"self":[{"href":"https:\/\/www.malasmora.si\/hr\/wp-json\/wp\/v2\/product\/1774","targetHints":{"allow":["GET"]}}],"collection":[{"href":"https:\/\/www.malasmora.si\/hr\/wp-json\/wp\/v2\/product"}],"about":[{"href":"https:\/\/www.malasmora.si\/hr\/wp-json\/wp\/v2\/types\/product"}],"replies":[{"embeddable":true,"href":"https:\/\/www.malasmora.si\/hr\/wp-json\/wp\/v2\/comments?post=1774"}],"wp:featuredmedia":[{"embeddable":true,"href":"https:\/\/www.malasmora.si\/hr\/wp-json\/wp\/v2\/media\/3400"}],"wp:attachment":[{"href":"https:\/\/www.malasmora.si\/hr\/wp-json\/wp\/v2\/media?parent=1774"}],"wp:term":[{"taxonomy":"product_brand","embeddable":true,"href":"https:\/\/www.malasmora.si\/hr\/wp-json\/wp\/v2\/product_brand?post=1774"},{"taxonomy":"product_cat","embeddable":true,"href":"https:\/\/www.malasmora.si\/hr\/wp-json\/wp\/v2\/product_cat?post=1774"},{"taxonomy":"product_tag","embeddable":true,"href":"https:\/\/www.malasmora.si\/hr\/wp-json\/wp\/v2\/product_tag?post=1774"}],"curies":[{"name":"wp","href":"https:\/\/api.w.org\/{rel}","templated":true}]}}