{"id":1778,"date":"2023-08-23T20:42:24","date_gmt":"2023-08-23T18:42:24","guid":{"rendered":"https:\/\/www.malasmora.si\/?post_type=product&#038;p=1778"},"modified":"2025-03-30T22:57:49","modified_gmt":"2025-03-30T20:57:49","slug":"ogrlica-storzi-n523","status":"publish","type":"product","link":"https:\/\/www.malasmora.si\/hr\/proizvod\/ogrlica-storzi-n523\/","title":{"rendered":"Jedinstvena ogrlica od smole s privjeskom i komadi\u0107ima \u010de\u0161era"},"content":{"rendered":"<p>Ro\u010dno izdelana ogrlica iz smole je narejena iz prozorne epoksi smole in naravnih materialov (ko\u0161\u010dkov posu\u0161enih borovih stor\u017eev in smrekovih vejic), katere nabiram v bli\u017enjem gozdu.<\/p>\n<p>Budu\u0107i da su svi proizvodi ru\u010dno izra\u0111eni, ne postoje dva potpuno ista. Nadalje, zbog ru\u010dne izrade, uvijek postoji mogu\u0107nost manjih nepravilnosti i mjehuri\u0107a.<\/p>\n<p>Imajte na umu da se boja mo\u017ee neznatno razlikovati na nekim monitorima zbog razli\u010ditih postavki slike.<\/p>","protected":false},"excerpt":{"rendered":"<p>Ro\u010dno izdelana ogrlica iz smole je narejena iz prozorne epoksi smole in naravnih materialov (ko\u0161\u010dkov posu\u0161enih borovih stor\u017eev in smrekovih vejic), katere nabiram v bli\u017enjem gozdu. Ker so vsi izdelki ro\u010dno izdelani, ne obstajajo dva popolnoma enaka. Poleg tega zaradi ro\u010dne izdelave vedno obstaja mo\u017enost manj\u0161ih nepravilnosti in mehur\u010dkov. Upo\u0161tevajte, da se lahko na nekaterih&#8230;<\/p>","protected":false},"featured_media":1656,"comment_status":"open","ping_status":"closed","template":"","meta":{"_kadence_starter_templates_imported_post":false,"_kad_post_transparent":"default","_kad_post_title":"","_kad_post_layout":"default","_kad_post_sidebar_id":"","_kad_post_content_style":"default","_kad_post_vertical_padding":"default","_kad_post_feature":"","_kad_post_feature_position":"","_kad_post_header":false,"_kad_post_footer":false},"product_brand":[],"product_cat":[20],"product_tag":[251,269,267,268,59,270],"class_list":{"0":"post-1778","1":"product","2":"type-product","3":"status-publish","4":"has-post-thumbnail","6":"product_cat-necklaces","7":"product_tag-botanical_pendant","8":"product_tag-clear_resin_pendant","9":"product_tag-dried_pine_cones","10":"product_tag-dried_spruce_twigs","11":"product_tag-handmade_pendant","12":"product_tag-pine_cone_pendant","14":"first","15":"outofstock","16":"sale","17":"sold-individually","18":"taxable","19":"shipping-taxable","20":"purchasable","21":"product-type-simple","22":"entry","23":"content-bg","24":"loop-entry"},"yoast_head":"<!-- This site is optimized with the Yoast SEO plugin v26.6 - https:\/\/yoast.com\/wordpress\/plugins\/seo\/ -->\n<title>Unikatna ogrlica z obeskom iz smole s ko\u0161\u010dki borovih stor\u017eev - Mala s mora<\/title>\n<meta name=\"robots\" content=\"index, follow, max-snippet:-1, max-image-preview:large, max-video-preview:-1\" \/>\n<link rel=\"canonical\" href=\"https:\/\/www.malasmora.si\/hr\/proizvod\/ogrlica-storzi-n523\/\" \/>\n<meta property=\"og:locale\" content=\"hr_HR\" \/>\n<meta property=\"og:type\" content=\"article\" \/>\n<meta property=\"og:title\" content=\"Unikatna ogrlica z obeskom iz smole s ko\u0161\u010dki borovih stor\u017eev - Mala s mora\" \/>\n<meta property=\"og:description\" content=\"Ro\u010dno izdelana ogrlica iz smole je narejena iz prozorne epoksi smole in naravnih materialov (ko\u0161\u010dkov posu\u0161enih borovih stor\u017eev in smrekovih vejic), katere nabiram v bli\u017enjem gozdu. Ker so vsi izdelki ro\u010dno izdelani, ne obstajajo dva popolnoma enaka. Poleg tega zaradi ro\u010dne izdelave vedno obstaja mo\u017enost manj\u0161ih nepravilnosti in mehur\u010dkov. Upo\u0161tevajte, da se lahko na nekaterih...\" \/>\n<meta property=\"og:url\" content=\"https:\/\/www.malasmora.si\/hr\/proizvod\/ogrlica-storzi-n523\/\" \/>\n<meta property=\"og:site_name\" content=\"Mala s mora\" \/>\n<meta property=\"article:publisher\" content=\"https:\/\/www.facebook.com\/MalaSMoraArt\/\" \/>\n<meta property=\"article:modified_time\" content=\"2025-03-30T20:57:49+00:00\" \/>\n<meta property=\"og:image\" content=\"https:\/\/www.malasmora.si\/wp-content\/uploads\/2023\/08\/necklace_dry_cones_523_1.jpg\" \/>\n\t<meta property=\"og:image:width\" content=\"910\" \/>\n\t<meta property=\"og:image:height\" content=\"1036\" \/>\n\t<meta property=\"og:image:type\" content=\"image\/jpeg\" \/>\n<meta name=\"twitter:card\" content=\"summary_large_image\" \/>\n<script type=\"application\/ld+json\" class=\"yoast-schema-graph\">{\"@context\":\"https:\/\/schema.org\",\"@graph\":[{\"@type\":\"WebPage\",\"@id\":\"https:\/\/www.malasmora.si\/izdelek\/ogrlica-storzi-n523\/\",\"url\":\"https:\/\/www.malasmora.si\/izdelek\/ogrlica-storzi-n523\/\",\"name\":\"Unikatna ogrlica z obeskom iz smole s ko\u0161\u010dki borovih stor\u017eev - Mala s mora\",\"isPartOf\":{\"@id\":\"https:\/\/www.malasmora.si\/#website\"},\"primaryImageOfPage\":{\"@id\":\"https:\/\/www.malasmora.si\/izdelek\/ogrlica-storzi-n523\/#primaryimage\"},\"image\":{\"@id\":\"https:\/\/www.malasmora.si\/izdelek\/ogrlica-storzi-n523\/#primaryimage\"},\"thumbnailUrl\":\"https:\/\/www.malasmora.si\/wp-content\/uploads\/2023\/08\/necklace_dry_cones_523_1.jpg\",\"datePublished\":\"2023-08-23T18:42:24+00:00\",\"dateModified\":\"2025-03-30T20:57:49+00:00\",\"breadcrumb\":{\"@id\":\"https:\/\/www.malasmora.si\/izdelek\/ogrlica-storzi-n523\/#breadcrumb\"},\"inLanguage\":\"hr\",\"potentialAction\":[{\"@type\":\"ReadAction\",\"target\":[\"https:\/\/www.malasmora.si\/izdelek\/ogrlica-storzi-n523\/\"]}]},{\"@type\":\"ImageObject\",\"inLanguage\":\"hr\",\"@id\":\"https:\/\/www.malasmora.si\/izdelek\/ogrlica-storzi-n523\/#primaryimage\",\"url\":\"https:\/\/www.malasmora.si\/wp-content\/uploads\/2023\/08\/necklace_dry_cones_523_1.jpg\",\"contentUrl\":\"https:\/\/www.malasmora.si\/wp-content\/uploads\/2023\/08\/necklace_dry_cones_523_1.jpg\",\"width\":910,\"height\":1036},{\"@type\":\"BreadcrumbList\",\"@id\":\"https:\/\/www.malasmora.si\/izdelek\/ogrlica-storzi-n523\/#breadcrumb\",\"itemListElement\":[{\"@type\":\"ListItem\",\"position\":1,\"name\":\"Home\",\"item\":\"https:\/\/www.malasmora.si\/\"},{\"@type\":\"ListItem\",\"position\":2,\"name\":\"Shop\",\"item\":\"https:\/\/www.malasmora.si\/shop\/\"},{\"@type\":\"ListItem\",\"position\":3,\"name\":\"Unikatna ogrlica z obeskom iz smole s ko\u0161\u010dki borovih stor\u017eev\"}]},{\"@type\":\"WebSite\",\"@id\":\"https:\/\/www.malasmora.si\/#website\",\"url\":\"https:\/\/www.malasmora.si\/\",\"name\":\"Mala s mora\",\"description\":\"Ro\u010dno izdelan nakit iz epoksi smole\",\"publisher\":{\"@id\":\"https:\/\/www.malasmora.si\/#organization\"},\"potentialAction\":[{\"@type\":\"SearchAction\",\"target\":{\"@type\":\"EntryPoint\",\"urlTemplate\":\"https:\/\/www.malasmora.si\/?s={search_term_string}\"},\"query-input\":{\"@type\":\"PropertyValueSpecification\",\"valueRequired\":true,\"valueName\":\"search_term_string\"}}],\"inLanguage\":\"hr\"},{\"@type\":\"Organization\",\"@id\":\"https:\/\/www.malasmora.si\/#organization\",\"name\":\"Mala s mora\",\"url\":\"https:\/\/www.malasmora.si\/\",\"logo\":{\"@type\":\"ImageObject\",\"inLanguage\":\"hr\",\"@id\":\"https:\/\/www.malasmora.si\/#\/schema\/logo\/image\/\",\"url\":\"https:\/\/www.malasmora.si\/wp-content\/uploads\/2025\/07\/logo_novi_03.png\",\"contentUrl\":\"https:\/\/www.malasmora.si\/wp-content\/uploads\/2025\/07\/logo_novi_03.png\",\"width\":1536,\"height\":1024,\"caption\":\"Mala s mora\"},\"image\":{\"@id\":\"https:\/\/www.malasmora.si\/#\/schema\/logo\/image\/\"},\"sameAs\":[\"https:\/\/www.facebook.com\/MalaSMoraArt\/\"]}]}<\/script>\n<!-- \/ Yoast SEO plugin. -->","yoast_head_json":{"title":"Unikatna ogrlica z obeskom iz smole s ko\u0161\u010dki borovih stor\u017eev - Mala s mora","robots":{"index":"index","follow":"follow","max-snippet":"max-snippet:-1","max-image-preview":"max-image-preview:large","max-video-preview":"max-video-preview:-1"},"canonical":"https:\/\/www.malasmora.si\/hr\/proizvod\/ogrlica-storzi-n523\/","og_locale":"hr_HR","og_type":"article","og_title":"Unikatna ogrlica z obeskom iz smole s ko\u0161\u010dki borovih stor\u017eev - Mala s mora","og_description":"Ro\u010dno izdelana ogrlica iz smole je narejena iz prozorne epoksi smole in naravnih materialov (ko\u0161\u010dkov posu\u0161enih borovih stor\u017eev in smrekovih vejic), katere nabiram v bli\u017enjem gozdu. Ker so vsi izdelki ro\u010dno izdelani, ne obstajajo dva popolnoma enaka. Poleg tega zaradi ro\u010dne izdelave vedno obstaja mo\u017enost manj\u0161ih nepravilnosti in mehur\u010dkov. Upo\u0161tevajte, da se lahko na nekaterih...","og_url":"https:\/\/www.malasmora.si\/hr\/proizvod\/ogrlica-storzi-n523\/","og_site_name":"Mala s mora","article_publisher":"https:\/\/www.facebook.com\/MalaSMoraArt\/","article_modified_time":"2025-03-30T20:57:49+00:00","og_image":[{"width":910,"height":1036,"url":"https:\/\/www.malasmora.si\/wp-content\/uploads\/2023\/08\/necklace_dry_cones_523_1.jpg","type":"image\/jpeg"}],"twitter_card":"summary_large_image","schema":{"@context":"https:\/\/schema.org","@graph":[{"@type":"WebPage","@id":"https:\/\/www.malasmora.si\/izdelek\/ogrlica-storzi-n523\/","url":"https:\/\/www.malasmora.si\/izdelek\/ogrlica-storzi-n523\/","name":"Unikatna ogrlica z obeskom iz smole s ko\u0161\u010dki borovih stor\u017eev - Mala s mora","isPartOf":{"@id":"https:\/\/www.malasmora.si\/#website"},"primaryImageOfPage":{"@id":"https:\/\/www.malasmora.si\/izdelek\/ogrlica-storzi-n523\/#primaryimage"},"image":{"@id":"https:\/\/www.malasmora.si\/izdelek\/ogrlica-storzi-n523\/#primaryimage"},"thumbnailUrl":"https:\/\/www.malasmora.si\/wp-content\/uploads\/2023\/08\/necklace_dry_cones_523_1.jpg","datePublished":"2023-08-23T18:42:24+00:00","dateModified":"2025-03-30T20:57:49+00:00","breadcrumb":{"@id":"https:\/\/www.malasmora.si\/izdelek\/ogrlica-storzi-n523\/#breadcrumb"},"inLanguage":"hr","potentialAction":[{"@type":"ReadAction","target":["https:\/\/www.malasmora.si\/izdelek\/ogrlica-storzi-n523\/"]}]},{"@type":"ImageObject","inLanguage":"hr","@id":"https:\/\/www.malasmora.si\/izdelek\/ogrlica-storzi-n523\/#primaryimage","url":"https:\/\/www.malasmora.si\/wp-content\/uploads\/2023\/08\/necklace_dry_cones_523_1.jpg","contentUrl":"https:\/\/www.malasmora.si\/wp-content\/uploads\/2023\/08\/necklace_dry_cones_523_1.jpg","width":910,"height":1036},{"@type":"BreadcrumbList","@id":"https:\/\/www.malasmora.si\/izdelek\/ogrlica-storzi-n523\/#breadcrumb","itemListElement":[{"@type":"ListItem","position":1,"name":"Home","item":"https:\/\/www.malasmora.si\/"},{"@type":"ListItem","position":2,"name":"Shop","item":"https:\/\/www.malasmora.si\/shop\/"},{"@type":"ListItem","position":3,"name":"Unikatna ogrlica z obeskom iz smole s ko\u0161\u010dki borovih stor\u017eev"}]},{"@type":"WebSite","@id":"https:\/\/www.malasmora.si\/#website","url":"https:\/\/www.malasmora.si\/","name":"Mala s mora","description":"Ro\u010dno izdelan nakit iz epoksi smole","publisher":{"@id":"https:\/\/www.malasmora.si\/#organization"},"potentialAction":[{"@type":"SearchAction","target":{"@type":"EntryPoint","urlTemplate":"https:\/\/www.malasmora.si\/?s={search_term_string}"},"query-input":{"@type":"PropertyValueSpecification","valueRequired":true,"valueName":"search_term_string"}}],"inLanguage":"hr"},{"@type":"Organization","@id":"https:\/\/www.malasmora.si\/#organization","name":"Mala s mora","url":"https:\/\/www.malasmora.si\/","logo":{"@type":"ImageObject","inLanguage":"hr","@id":"https:\/\/www.malasmora.si\/#\/schema\/logo\/image\/","url":"https:\/\/www.malasmora.si\/wp-content\/uploads\/2025\/07\/logo_novi_03.png","contentUrl":"https:\/\/www.malasmora.si\/wp-content\/uploads\/2025\/07\/logo_novi_03.png","width":1536,"height":1024,"caption":"Mala s mora"},"image":{"@id":"https:\/\/www.malasmora.si\/#\/schema\/logo\/image\/"},"sameAs":["https:\/\/www.facebook.com\/MalaSMoraArt\/"]}]}},"_links":{"self":[{"href":"https:\/\/www.malasmora.si\/hr\/wp-json\/wp\/v2\/product\/1778","targetHints":{"allow":["GET"]}}],"collection":[{"href":"https:\/\/www.malasmora.si\/hr\/wp-json\/wp\/v2\/product"}],"about":[{"href":"https:\/\/www.malasmora.si\/hr\/wp-json\/wp\/v2\/types\/product"}],"replies":[{"embeddable":true,"href":"https:\/\/www.malasmora.si\/hr\/wp-json\/wp\/v2\/comments?post=1778"}],"wp:featuredmedia":[{"embeddable":true,"href":"https:\/\/www.malasmora.si\/hr\/wp-json\/wp\/v2\/media\/1656"}],"wp:attachment":[{"href":"https:\/\/www.malasmora.si\/hr\/wp-json\/wp\/v2\/media?parent=1778"}],"wp:term":[{"taxonomy":"product_brand","embeddable":true,"href":"https:\/\/www.malasmora.si\/hr\/wp-json\/wp\/v2\/product_brand?post=1778"},{"taxonomy":"product_cat","embeddable":true,"href":"https:\/\/www.malasmora.si\/hr\/wp-json\/wp\/v2\/product_cat?post=1778"},{"taxonomy":"product_tag","embeddable":true,"href":"https:\/\/www.malasmora.si\/hr\/wp-json\/wp\/v2\/product_tag?post=1778"}],"curies":[{"name":"wp","href":"https:\/\/api.w.org\/{rel}","templated":true}]}}