{"id":1909,"date":"2023-12-26T23:21:17","date_gmt":"2023-12-26T21:21:17","guid":{"rendered":"https:\/\/www.malasmora.si\/?post_type=product&#038;p=1909"},"modified":"2024-02-25T12:29:45","modified_gmt":"2024-02-25T10:29:45","slug":"ogrlica-s-obeskom-iz-smole-in-alkoholne-tinte-n534","status":"publish","type":"product","link":"https:\/\/www.malasmora.si\/hr\/proizvod\/ogrlica-s-obeskom-iz-smole-in-alkoholne-tinte-n534\/","title":{"rendered":"Jedinstvena ogrlica s privjeskom izra\u0111enim od smole i alkoholne tinte"},"content":{"rendered":"<p>Ogrlice od smole s alkoholnom tintom prikladne su za svaki stil i prigodu. Izvrstan su poklon za svakoga tko voli ljepotu i umjetnost.<br \/>\nSvaki privjesak je ru\u010dno izra\u0111en i ima jedinstveni uzorak.<\/p>\n<p>Dimenzije su:<br \/>\nOvalni \u010drno-rumeni obesek je 3,9 x 1,6 cm, veri\u017eica iz nerjave\u010dega jekla je 44 cm<\/p>\n<p>Budu\u0107i da su svi proizvodi ru\u010dno izra\u0111eni, ne postoje dva potpuno ista. Nadalje, zbog ru\u010dne izrade, uvijek postoji mogu\u0107nost manjih nepravilnosti i mjehuri\u0107a.<\/p>\n<p>Imajte na umu da se boja mo\u017ee neznatno razlikovati na nekim monitorima zbog razli\u010ditih postavki slike.<\/p>","protected":false},"excerpt":{"rendered":"<p>Ogrlice z obeski iz smole z alkoholnim \u010drnilom so primerne za vsak stil in prilo\u017enost. Je odli\u010dno darilo za vse, ki imate radi lepoto in umetnost. Vsak obesek je ro\u010dno izdelan in ima unikaten vzorec. Dimenzije so: Ovalni \u010drno-rumeni obesek je 3,9 x 1,6 cm, veri\u017eica iz nerjave\u010dega jekla je 44 cm Ker so vsi&#8230;<\/p>","protected":false},"featured_media":1911,"comment_status":"open","ping_status":"closed","template":"","meta":{"_kadence_starter_templates_imported_post":false,"_kad_post_transparent":"default","_kad_post_title":"","_kad_post_layout":"default","_kad_post_sidebar_id":"","_kad_post_content_style":"default","_kad_post_vertical_padding":"default","_kad_post_feature":"","_kad_post_feature_position":"","_kad_post_header":false,"_kad_post_footer":false},"product_brand":[],"product_cat":[20],"product_tag":[220,212,67,222,51,169,221,218,203,223,161,165,219],"class_list":{"0":"post-1909","1":"product","2":"type-product","3":"status-publish","4":"has-post-thumbnail","6":"product_cat-necklaces","7":"product_tag-black_pendant","8":"product_tag-handmade","9":"product_tag-handmade_jewelry","10":"product_tag-jewelry","11":"product_tag-necklace","12":"product_tag-oval_pendant","13":"product_tag-pendant","14":"product_tag-purple_pendant","15":"product_tag-red_pendant","16":"product_tag-resin","17":"product_tag-round_pendant","18":"product_tag-unique","19":"product_tag-yellow_pendant","21":"first","22":"instock","23":"sold-individually","24":"taxable","25":"shipping-taxable","26":"purchasable","27":"product-type-simple","28":"entry","29":"content-bg","30":"loop-entry"},"yoast_head":"<!-- This site is optimized with the Yoast SEO plugin v26.6 - https:\/\/yoast.com\/wordpress\/plugins\/seo\/ -->\n<title>Unikatna ogrlica z obeskom iz smole in alkoholnega \u010drnila - Mala s mora<\/title>\n<meta name=\"robots\" content=\"index, follow, max-snippet:-1, max-image-preview:large, max-video-preview:-1\" \/>\n<link rel=\"canonical\" href=\"https:\/\/www.malasmora.si\/hr\/proizvod\/ogrlica-s-obeskom-iz-smole-in-alkoholne-tinte-n534\/\" \/>\n<meta property=\"og:locale\" content=\"hr_HR\" \/>\n<meta property=\"og:type\" content=\"article\" \/>\n<meta property=\"og:title\" content=\"Unikatna ogrlica z obeskom iz smole in alkoholnega \u010drnila - Mala s mora\" \/>\n<meta property=\"og:description\" content=\"Ogrlice z obeski iz smole z alkoholnim \u010drnilom so primerne za vsak stil in prilo\u017enost. Je odli\u010dno darilo za vse, ki imate radi lepoto in umetnost. Vsak obesek je ro\u010dno izdelan in ima unikaten vzorec. Dimenzije so: Ovalni \u010drno-rumeni obesek je 3,9 x 1,6 cm, veri\u017eica iz nerjave\u010dega jekla je 44 cm Ker so vsi...\" \/>\n<meta property=\"og:url\" content=\"https:\/\/www.malasmora.si\/hr\/proizvod\/ogrlica-s-obeskom-iz-smole-in-alkoholne-tinte-n534\/\" \/>\n<meta property=\"og:site_name\" content=\"Mala s mora\" \/>\n<meta property=\"article:publisher\" content=\"https:\/\/www.facebook.com\/MalaSMoraArt\/\" \/>\n<meta property=\"article:modified_time\" content=\"2024-02-25T10:29:45+00:00\" \/>\n<meta property=\"og:image\" content=\"https:\/\/www.malasmora.si\/wp-content\/uploads\/2023\/12\/N534_2-scaled.jpg\" \/>\n\t<meta property=\"og:image:width\" content=\"1920\" \/>\n\t<meta property=\"og:image:height\" content=\"2560\" \/>\n\t<meta property=\"og:image:type\" content=\"image\/jpeg\" \/>\n<meta name=\"twitter:card\" content=\"summary_large_image\" \/>\n<script type=\"application\/ld+json\" class=\"yoast-schema-graph\">{\"@context\":\"https:\/\/schema.org\",\"@graph\":[{\"@type\":\"WebPage\",\"@id\":\"https:\/\/www.malasmora.si\/izdelek\/ogrlica-s-obeskom-iz-smole-in-alkoholne-tinte-n534\/\",\"url\":\"https:\/\/www.malasmora.si\/izdelek\/ogrlica-s-obeskom-iz-smole-in-alkoholne-tinte-n534\/\",\"name\":\"Unikatna ogrlica z obeskom iz smole in alkoholnega \u010drnila - Mala s mora\",\"isPartOf\":{\"@id\":\"https:\/\/www.malasmora.si\/#website\"},\"primaryImageOfPage\":{\"@id\":\"https:\/\/www.malasmora.si\/izdelek\/ogrlica-s-obeskom-iz-smole-in-alkoholne-tinte-n534\/#primaryimage\"},\"image\":{\"@id\":\"https:\/\/www.malasmora.si\/izdelek\/ogrlica-s-obeskom-iz-smole-in-alkoholne-tinte-n534\/#primaryimage\"},\"thumbnailUrl\":\"https:\/\/www.malasmora.si\/wp-content\/uploads\/2023\/12\/N534_2-scaled.jpg\",\"datePublished\":\"2023-12-26T21:21:17+00:00\",\"dateModified\":\"2024-02-25T10:29:45+00:00\",\"breadcrumb\":{\"@id\":\"https:\/\/www.malasmora.si\/izdelek\/ogrlica-s-obeskom-iz-smole-in-alkoholne-tinte-n534\/#breadcrumb\"},\"inLanguage\":\"hr\",\"potentialAction\":[{\"@type\":\"ReadAction\",\"target\":[\"https:\/\/www.malasmora.si\/izdelek\/ogrlica-s-obeskom-iz-smole-in-alkoholne-tinte-n534\/\"]}]},{\"@type\":\"ImageObject\",\"inLanguage\":\"hr\",\"@id\":\"https:\/\/www.malasmora.si\/izdelek\/ogrlica-s-obeskom-iz-smole-in-alkoholne-tinte-n534\/#primaryimage\",\"url\":\"https:\/\/www.malasmora.si\/wp-content\/uploads\/2023\/12\/N534_2-scaled.jpg\",\"contentUrl\":\"https:\/\/www.malasmora.si\/wp-content\/uploads\/2023\/12\/N534_2-scaled.jpg\",\"width\":1920,\"height\":2560},{\"@type\":\"BreadcrumbList\",\"@id\":\"https:\/\/www.malasmora.si\/izdelek\/ogrlica-s-obeskom-iz-smole-in-alkoholne-tinte-n534\/#breadcrumb\",\"itemListElement\":[{\"@type\":\"ListItem\",\"position\":1,\"name\":\"Home\",\"item\":\"https:\/\/www.malasmora.si\/\"},{\"@type\":\"ListItem\",\"position\":2,\"name\":\"Shop\",\"item\":\"https:\/\/www.malasmora.si\/shop\/\"},{\"@type\":\"ListItem\",\"position\":3,\"name\":\"Unikatna ogrlica z obeskom iz smole in alkoholnega \u010drnila\"}]},{\"@type\":\"WebSite\",\"@id\":\"https:\/\/www.malasmora.si\/#website\",\"url\":\"https:\/\/www.malasmora.si\/\",\"name\":\"Mala s mora\",\"description\":\"Ro\u010dno izdelan nakit iz epoksi smole\",\"publisher\":{\"@id\":\"https:\/\/www.malasmora.si\/#organization\"},\"potentialAction\":[{\"@type\":\"SearchAction\",\"target\":{\"@type\":\"EntryPoint\",\"urlTemplate\":\"https:\/\/www.malasmora.si\/?s={search_term_string}\"},\"query-input\":{\"@type\":\"PropertyValueSpecification\",\"valueRequired\":true,\"valueName\":\"search_term_string\"}}],\"inLanguage\":\"hr\"},{\"@type\":\"Organization\",\"@id\":\"https:\/\/www.malasmora.si\/#organization\",\"name\":\"Mala s mora\",\"url\":\"https:\/\/www.malasmora.si\/\",\"logo\":{\"@type\":\"ImageObject\",\"inLanguage\":\"hr\",\"@id\":\"https:\/\/www.malasmora.si\/#\/schema\/logo\/image\/\",\"url\":\"https:\/\/www.malasmora.si\/wp-content\/uploads\/2025\/07\/logo_novi_03.png\",\"contentUrl\":\"https:\/\/www.malasmora.si\/wp-content\/uploads\/2025\/07\/logo_novi_03.png\",\"width\":1536,\"height\":1024,\"caption\":\"Mala s mora\"},\"image\":{\"@id\":\"https:\/\/www.malasmora.si\/#\/schema\/logo\/image\/\"},\"sameAs\":[\"https:\/\/www.facebook.com\/MalaSMoraArt\/\"]}]}<\/script>\n<!-- \/ Yoast SEO plugin. -->","yoast_head_json":{"title":"Unikatna ogrlica z obeskom iz smole in alkoholnega \u010drnila - Mala s mora","robots":{"index":"index","follow":"follow","max-snippet":"max-snippet:-1","max-image-preview":"max-image-preview:large","max-video-preview":"max-video-preview:-1"},"canonical":"https:\/\/www.malasmora.si\/hr\/proizvod\/ogrlica-s-obeskom-iz-smole-in-alkoholne-tinte-n534\/","og_locale":"hr_HR","og_type":"article","og_title":"Unikatna ogrlica z obeskom iz smole in alkoholnega \u010drnila - Mala s mora","og_description":"Ogrlice z obeski iz smole z alkoholnim \u010drnilom so primerne za vsak stil in prilo\u017enost. Je odli\u010dno darilo za vse, ki imate radi lepoto in umetnost. Vsak obesek je ro\u010dno izdelan in ima unikaten vzorec. Dimenzije so: Ovalni \u010drno-rumeni obesek je 3,9 x 1,6 cm, veri\u017eica iz nerjave\u010dega jekla je 44 cm Ker so vsi...","og_url":"https:\/\/www.malasmora.si\/hr\/proizvod\/ogrlica-s-obeskom-iz-smole-in-alkoholne-tinte-n534\/","og_site_name":"Mala s mora","article_publisher":"https:\/\/www.facebook.com\/MalaSMoraArt\/","article_modified_time":"2024-02-25T10:29:45+00:00","og_image":[{"width":1920,"height":2560,"url":"https:\/\/www.malasmora.si\/wp-content\/uploads\/2023\/12\/N534_2-scaled.jpg","type":"image\/jpeg"}],"twitter_card":"summary_large_image","schema":{"@context":"https:\/\/schema.org","@graph":[{"@type":"WebPage","@id":"https:\/\/www.malasmora.si\/izdelek\/ogrlica-s-obeskom-iz-smole-in-alkoholne-tinte-n534\/","url":"https:\/\/www.malasmora.si\/izdelek\/ogrlica-s-obeskom-iz-smole-in-alkoholne-tinte-n534\/","name":"Unikatna ogrlica z obeskom iz smole in alkoholnega \u010drnila - Mala s mora","isPartOf":{"@id":"https:\/\/www.malasmora.si\/#website"},"primaryImageOfPage":{"@id":"https:\/\/www.malasmora.si\/izdelek\/ogrlica-s-obeskom-iz-smole-in-alkoholne-tinte-n534\/#primaryimage"},"image":{"@id":"https:\/\/www.malasmora.si\/izdelek\/ogrlica-s-obeskom-iz-smole-in-alkoholne-tinte-n534\/#primaryimage"},"thumbnailUrl":"https:\/\/www.malasmora.si\/wp-content\/uploads\/2023\/12\/N534_2-scaled.jpg","datePublished":"2023-12-26T21:21:17+00:00","dateModified":"2024-02-25T10:29:45+00:00","breadcrumb":{"@id":"https:\/\/www.malasmora.si\/izdelek\/ogrlica-s-obeskom-iz-smole-in-alkoholne-tinte-n534\/#breadcrumb"},"inLanguage":"hr","potentialAction":[{"@type":"ReadAction","target":["https:\/\/www.malasmora.si\/izdelek\/ogrlica-s-obeskom-iz-smole-in-alkoholne-tinte-n534\/"]}]},{"@type":"ImageObject","inLanguage":"hr","@id":"https:\/\/www.malasmora.si\/izdelek\/ogrlica-s-obeskom-iz-smole-in-alkoholne-tinte-n534\/#primaryimage","url":"https:\/\/www.malasmora.si\/wp-content\/uploads\/2023\/12\/N534_2-scaled.jpg","contentUrl":"https:\/\/www.malasmora.si\/wp-content\/uploads\/2023\/12\/N534_2-scaled.jpg","width":1920,"height":2560},{"@type":"BreadcrumbList","@id":"https:\/\/www.malasmora.si\/izdelek\/ogrlica-s-obeskom-iz-smole-in-alkoholne-tinte-n534\/#breadcrumb","itemListElement":[{"@type":"ListItem","position":1,"name":"Home","item":"https:\/\/www.malasmora.si\/"},{"@type":"ListItem","position":2,"name":"Shop","item":"https:\/\/www.malasmora.si\/shop\/"},{"@type":"ListItem","position":3,"name":"Unikatna ogrlica z obeskom iz smole in alkoholnega \u010drnila"}]},{"@type":"WebSite","@id":"https:\/\/www.malasmora.si\/#website","url":"https:\/\/www.malasmora.si\/","name":"Mala s mora","description":"Ro\u010dno izdelan nakit iz epoksi smole","publisher":{"@id":"https:\/\/www.malasmora.si\/#organization"},"potentialAction":[{"@type":"SearchAction","target":{"@type":"EntryPoint","urlTemplate":"https:\/\/www.malasmora.si\/?s={search_term_string}"},"query-input":{"@type":"PropertyValueSpecification","valueRequired":true,"valueName":"search_term_string"}}],"inLanguage":"hr"},{"@type":"Organization","@id":"https:\/\/www.malasmora.si\/#organization","name":"Mala s mora","url":"https:\/\/www.malasmora.si\/","logo":{"@type":"ImageObject","inLanguage":"hr","@id":"https:\/\/www.malasmora.si\/#\/schema\/logo\/image\/","url":"https:\/\/www.malasmora.si\/wp-content\/uploads\/2025\/07\/logo_novi_03.png","contentUrl":"https:\/\/www.malasmora.si\/wp-content\/uploads\/2025\/07\/logo_novi_03.png","width":1536,"height":1024,"caption":"Mala s mora"},"image":{"@id":"https:\/\/www.malasmora.si\/#\/schema\/logo\/image\/"},"sameAs":["https:\/\/www.facebook.com\/MalaSMoraArt\/"]}]}},"_links":{"self":[{"href":"https:\/\/www.malasmora.si\/hr\/wp-json\/wp\/v2\/product\/1909","targetHints":{"allow":["GET"]}}],"collection":[{"href":"https:\/\/www.malasmora.si\/hr\/wp-json\/wp\/v2\/product"}],"about":[{"href":"https:\/\/www.malasmora.si\/hr\/wp-json\/wp\/v2\/types\/product"}],"replies":[{"embeddable":true,"href":"https:\/\/www.malasmora.si\/hr\/wp-json\/wp\/v2\/comments?post=1909"}],"wp:featuredmedia":[{"embeddable":true,"href":"https:\/\/www.malasmora.si\/hr\/wp-json\/wp\/v2\/media\/1911"}],"wp:attachment":[{"href":"https:\/\/www.malasmora.si\/hr\/wp-json\/wp\/v2\/media?parent=1909"}],"wp:term":[{"taxonomy":"product_brand","embeddable":true,"href":"https:\/\/www.malasmora.si\/hr\/wp-json\/wp\/v2\/product_brand?post=1909"},{"taxonomy":"product_cat","embeddable":true,"href":"https:\/\/www.malasmora.si\/hr\/wp-json\/wp\/v2\/product_cat?post=1909"},{"taxonomy":"product_tag","embeddable":true,"href":"https:\/\/www.malasmora.si\/hr\/wp-json\/wp\/v2\/product_tag?post=1909"}],"curies":[{"name":"wp","href":"https:\/\/api.w.org\/{rel}","templated":true}]}}