{"id":1917,"date":"2023-12-26T23:44:57","date_gmt":"2023-12-26T21:44:57","guid":{"rendered":"https:\/\/www.malasmora.si\/?post_type=product&#038;p=1917"},"modified":"2026-02-03T13:39:54","modified_gmt":"2026-02-03T11:39:54","slug":"turquoise_in_resin_bracelet","status":"publish","type":"product","link":"https:\/\/www.malasmora.si\/hr\/proizvod\/turquoise_in_resin_bracelet\/","title":{"rendered":"Zapestnica z naravnim turkizom v smoli"},"content":{"rendered":"<p>Dodajte kan\u010dek elegance svoji zbirki nakita s to ro\u010dno izdelano turkizno zapestnico iz smole! Popolna kot izjemen kos nakita ali darilo za nekoga posebnega.<\/p>\n<p>\u2728 Materiali in dizajn:<br \/>\n&#8211; Obesek iz smole, napolnjen s pravimi turkiznimi ko\u0161\u010dki in zlatimi ble\u0161\u010dicami<br \/>\n&#8211; Nastavljiva zlata veri\u017eica iz nerjave\u010dega jekla (brez niklja in svinca)<br \/>\n&#8211; Premer obeska: 3,7 cm (1,46&#8243;)<br \/>\n&#8211; Nastavljiva dol\u017eina veri\u017eice: vsaka stran 12,5 cm (4,92&#8243;)<\/p>\n<p>\ud83d\udc96 Zakaj vam bo v\u0161e\u010d:<br \/>\n&#8211; Unikaten, ro\u010dno izdelan kos \u2013 vsaka zapestnica je unikatna<br \/>\n&#8211; Elegantna in stilska za vsakodnevno no\u0161enje ali posebne prilo\u017enosti<br \/>\n&#8211; Pripravljena za darilo<\/p>\n<p>\ud83d\udcd0 Navodila za nego:<br \/>\n&#8211; Hranite na suhem mestu, izogibajte se dolgotrajni son\u010dni svetlobi, vodi, kemikalijam in parfumom<br \/>\n&#8211; Zaradi ro\u010dno izdelane narave se lahko pojavijo manj\u0161a odstopanja in drobni mehur\u010dki<\/p>\n<p>Popolna kot darilo za: rojstne dneve, obletnice, praznike ali samo za razvajanje!<\/p>","protected":false},"excerpt":{"rendered":"<p>Dodajte kan\u010dek elegance svoji zbirki nakita s to ro\u010dno izdelano turkizno zapestnico iz smole! Popolna kot izjemen kos nakita ali darilo za nekoga posebnega. \u2728 Materiali in dizajn: &#8211; Obesek iz smole, napolnjen s pravimi turkiznimi ko\u0161\u010dki in zlatimi ble\u0161\u010dicami &#8211; Nastavljiva zlata veri\u017eica iz nerjave\u010dega jekla (brez niklja in svinca) &#8211; Premer obeska: 3,7&#8230;<\/p>","protected":false},"featured_media":1920,"comment_status":"open","ping_status":"closed","template":"","meta":{"_kadence_starter_templates_imported_post":false,"_kad_post_transparent":"default","_kad_post_title":"","_kad_post_layout":"default","_kad_post_sidebar_id":"","_kad_post_content_style":"default","_kad_post_vertical_padding":"default","_kad_post_feature":"","_kad_post_feature_position":"","_kad_post_header":false,"_kad_post_footer":false},"product_brand":[],"product_cat":[57],"product_tag":[63,228,80,67,81,225],"class_list":{"0":"post-1917","1":"product","2":"type-product","3":"status-publish","4":"has-post-thumbnail","6":"product_cat-bracelets","7":"product_tag-designer_jewelry","8":"product_tag-gemstone_bracelet","9":"product_tag-handmade_bracelet","10":"product_tag-handmade_jewelry","11":"product_tag-resin_bracelet","12":"product_tag-turquoise_bracelet","14":"first","15":"instock","16":"taxable","17":"shipping-taxable","18":"purchasable","19":"product-type-simple","20":"entry","21":"content-bg","22":"loop-entry"},"yoast_head":"<!-- This site is optimized with the Yoast SEO plugin v26.6 - https:\/\/yoast.com\/wordpress\/plugins\/seo\/ -->\n<title>Zapestnica z naravnim turkizom v smoli - Mala s mora<\/title>\n<meta name=\"description\" content=\"Turquoise in resin bracelet, zapestnica iz smole z turkizom, narukvica sa tirkizom u smoli\" \/>\n<meta name=\"robots\" content=\"index, follow, max-snippet:-1, max-image-preview:large, max-video-preview:-1\" \/>\n<link rel=\"canonical\" href=\"https:\/\/www.malasmora.si\/hr\/proizvod\/turquoise_in_resin_bracelet\/\" \/>\n<meta property=\"og:locale\" content=\"hr_HR\" \/>\n<meta property=\"og:type\" content=\"article\" \/>\n<meta property=\"og:title\" content=\"Zapestnica z naravnim turkizom v smoli - Mala s mora\" \/>\n<meta property=\"og:description\" content=\"Turquoise in resin bracelet, zapestnica iz smole z turkizom, narukvica sa tirkizom u smoli\" \/>\n<meta property=\"og:url\" content=\"https:\/\/www.malasmora.si\/hr\/proizvod\/turquoise_in_resin_bracelet\/\" \/>\n<meta property=\"og:site_name\" content=\"Mala s mora\" \/>\n<meta property=\"article:publisher\" content=\"https:\/\/www.facebook.com\/MalaSMoraArt\/\" \/>\n<meta property=\"article:modified_time\" content=\"2026-02-03T11:39:54+00:00\" \/>\n<meta property=\"og:image\" content=\"https:\/\/www.malasmora.si\/wp-content\/uploads\/2023\/12\/B601_6-scaled.jpg\" \/>\n\t<meta property=\"og:image:width\" content=\"1920\" \/>\n\t<meta property=\"og:image:height\" content=\"2560\" \/>\n\t<meta property=\"og:image:type\" content=\"image\/jpeg\" \/>\n<meta name=\"twitter:card\" content=\"summary_large_image\" \/>\n<meta name=\"twitter:label1\" content=\"Procijenjeno vrijeme \u010ditanja\" \/>\n\t<meta name=\"twitter:data1\" content=\"1 minuta\" \/>\n<script type=\"application\/ld+json\" class=\"yoast-schema-graph\">{\"@context\":\"https:\/\/schema.org\",\"@graph\":[{\"@type\":\"WebPage\",\"@id\":\"https:\/\/www.malasmora.si\/izdelek\/turquoise_in_resin_bracelet\/\",\"url\":\"https:\/\/www.malasmora.si\/izdelek\/turquoise_in_resin_bracelet\/\",\"name\":\"Zapestnica z naravnim turkizom v smoli - Mala s mora\",\"isPartOf\":{\"@id\":\"https:\/\/www.malasmora.si\/#website\"},\"primaryImageOfPage\":{\"@id\":\"https:\/\/www.malasmora.si\/izdelek\/turquoise_in_resin_bracelet\/#primaryimage\"},\"image\":{\"@id\":\"https:\/\/www.malasmora.si\/izdelek\/turquoise_in_resin_bracelet\/#primaryimage\"},\"thumbnailUrl\":\"https:\/\/www.malasmora.si\/wp-content\/uploads\/2023\/12\/B601_6-scaled.jpg\",\"datePublished\":\"2023-12-26T21:44:57+00:00\",\"dateModified\":\"2026-02-03T11:39:54+00:00\",\"description\":\"Turquoise in resin bracelet, zapestnica iz smole z turkizom, narukvica sa tirkizom u smoli\",\"breadcrumb\":{\"@id\":\"https:\/\/www.malasmora.si\/izdelek\/turquoise_in_resin_bracelet\/#breadcrumb\"},\"inLanguage\":\"hr\",\"potentialAction\":[{\"@type\":\"ReadAction\",\"target\":[\"https:\/\/www.malasmora.si\/izdelek\/turquoise_in_resin_bracelet\/\"]}]},{\"@type\":\"ImageObject\",\"inLanguage\":\"hr\",\"@id\":\"https:\/\/www.malasmora.si\/izdelek\/turquoise_in_resin_bracelet\/#primaryimage\",\"url\":\"https:\/\/www.malasmora.si\/wp-content\/uploads\/2023\/12\/B601_6-scaled.jpg\",\"contentUrl\":\"https:\/\/www.malasmora.si\/wp-content\/uploads\/2023\/12\/B601_6-scaled.jpg\",\"width\":1920,\"height\":2560},{\"@type\":\"BreadcrumbList\",\"@id\":\"https:\/\/www.malasmora.si\/izdelek\/turquoise_in_resin_bracelet\/#breadcrumb\",\"itemListElement\":[{\"@type\":\"ListItem\",\"position\":1,\"name\":\"Home\",\"item\":\"https:\/\/www.malasmora.si\/\"},{\"@type\":\"ListItem\",\"position\":2,\"name\":\"Shop\",\"item\":\"https:\/\/www.malasmora.si\/shop\/\"},{\"@type\":\"ListItem\",\"position\":3,\"name\":\"Zapestnica z naravnim turkizom v smoli\"}]},{\"@type\":\"WebSite\",\"@id\":\"https:\/\/www.malasmora.si\/#website\",\"url\":\"https:\/\/www.malasmora.si\/\",\"name\":\"Mala s mora\",\"description\":\"Ro\u010dno izdelan nakit iz epoksi smole\",\"publisher\":{\"@id\":\"https:\/\/www.malasmora.si\/#organization\"},\"potentialAction\":[{\"@type\":\"SearchAction\",\"target\":{\"@type\":\"EntryPoint\",\"urlTemplate\":\"https:\/\/www.malasmora.si\/?s={search_term_string}\"},\"query-input\":{\"@type\":\"PropertyValueSpecification\",\"valueRequired\":true,\"valueName\":\"search_term_string\"}}],\"inLanguage\":\"hr\"},{\"@type\":\"Organization\",\"@id\":\"https:\/\/www.malasmora.si\/#organization\",\"name\":\"Mala s mora\",\"url\":\"https:\/\/www.malasmora.si\/\",\"logo\":{\"@type\":\"ImageObject\",\"inLanguage\":\"hr\",\"@id\":\"https:\/\/www.malasmora.si\/#\/schema\/logo\/image\/\",\"url\":\"https:\/\/www.malasmora.si\/wp-content\/uploads\/2025\/07\/logo_novi_03.png\",\"contentUrl\":\"https:\/\/www.malasmora.si\/wp-content\/uploads\/2025\/07\/logo_novi_03.png\",\"width\":1536,\"height\":1024,\"caption\":\"Mala s mora\"},\"image\":{\"@id\":\"https:\/\/www.malasmora.si\/#\/schema\/logo\/image\/\"},\"sameAs\":[\"https:\/\/www.facebook.com\/MalaSMoraArt\/\"]}]}<\/script>\n<!-- \/ Yoast SEO plugin. -->","yoast_head_json":{"title":"Zapestnica z naravnim turkizom v smoli - Mala s mora","description":"Turquoise in resin bracelet, zapestnica iz smole z turkizom, narukvica sa tirkizom u smoli","robots":{"index":"index","follow":"follow","max-snippet":"max-snippet:-1","max-image-preview":"max-image-preview:large","max-video-preview":"max-video-preview:-1"},"canonical":"https:\/\/www.malasmora.si\/hr\/proizvod\/turquoise_in_resin_bracelet\/","og_locale":"hr_HR","og_type":"article","og_title":"Zapestnica z naravnim turkizom v smoli - Mala s mora","og_description":"Turquoise in resin bracelet, zapestnica iz smole z turkizom, narukvica sa tirkizom u smoli","og_url":"https:\/\/www.malasmora.si\/hr\/proizvod\/turquoise_in_resin_bracelet\/","og_site_name":"Mala s mora","article_publisher":"https:\/\/www.facebook.com\/MalaSMoraArt\/","article_modified_time":"2026-02-03T11:39:54+00:00","og_image":[{"width":1920,"height":2560,"url":"https:\/\/www.malasmora.si\/wp-content\/uploads\/2023\/12\/B601_6-scaled.jpg","type":"image\/jpeg"}],"twitter_card":"summary_large_image","twitter_misc":{"Procijenjeno vrijeme \u010ditanja":"1 minuta"},"schema":{"@context":"https:\/\/schema.org","@graph":[{"@type":"WebPage","@id":"https:\/\/www.malasmora.si\/izdelek\/turquoise_in_resin_bracelet\/","url":"https:\/\/www.malasmora.si\/izdelek\/turquoise_in_resin_bracelet\/","name":"Zapestnica z naravnim turkizom v smoli - Mala s mora","isPartOf":{"@id":"https:\/\/www.malasmora.si\/#website"},"primaryImageOfPage":{"@id":"https:\/\/www.malasmora.si\/izdelek\/turquoise_in_resin_bracelet\/#primaryimage"},"image":{"@id":"https:\/\/www.malasmora.si\/izdelek\/turquoise_in_resin_bracelet\/#primaryimage"},"thumbnailUrl":"https:\/\/www.malasmora.si\/wp-content\/uploads\/2023\/12\/B601_6-scaled.jpg","datePublished":"2023-12-26T21:44:57+00:00","dateModified":"2026-02-03T11:39:54+00:00","description":"Turquoise in resin bracelet, zapestnica iz smole z turkizom, narukvica sa tirkizom u smoli","breadcrumb":{"@id":"https:\/\/www.malasmora.si\/izdelek\/turquoise_in_resin_bracelet\/#breadcrumb"},"inLanguage":"hr","potentialAction":[{"@type":"ReadAction","target":["https:\/\/www.malasmora.si\/izdelek\/turquoise_in_resin_bracelet\/"]}]},{"@type":"ImageObject","inLanguage":"hr","@id":"https:\/\/www.malasmora.si\/izdelek\/turquoise_in_resin_bracelet\/#primaryimage","url":"https:\/\/www.malasmora.si\/wp-content\/uploads\/2023\/12\/B601_6-scaled.jpg","contentUrl":"https:\/\/www.malasmora.si\/wp-content\/uploads\/2023\/12\/B601_6-scaled.jpg","width":1920,"height":2560},{"@type":"BreadcrumbList","@id":"https:\/\/www.malasmora.si\/izdelek\/turquoise_in_resin_bracelet\/#breadcrumb","itemListElement":[{"@type":"ListItem","position":1,"name":"Home","item":"https:\/\/www.malasmora.si\/"},{"@type":"ListItem","position":2,"name":"Shop","item":"https:\/\/www.malasmora.si\/shop\/"},{"@type":"ListItem","position":3,"name":"Zapestnica z naravnim turkizom v smoli"}]},{"@type":"WebSite","@id":"https:\/\/www.malasmora.si\/#website","url":"https:\/\/www.malasmora.si\/","name":"Mala s mora","description":"Ro\u010dno izdelan nakit iz epoksi smole","publisher":{"@id":"https:\/\/www.malasmora.si\/#organization"},"potentialAction":[{"@type":"SearchAction","target":{"@type":"EntryPoint","urlTemplate":"https:\/\/www.malasmora.si\/?s={search_term_string}"},"query-input":{"@type":"PropertyValueSpecification","valueRequired":true,"valueName":"search_term_string"}}],"inLanguage":"hr"},{"@type":"Organization","@id":"https:\/\/www.malasmora.si\/#organization","name":"Mala s mora","url":"https:\/\/www.malasmora.si\/","logo":{"@type":"ImageObject","inLanguage":"hr","@id":"https:\/\/www.malasmora.si\/#\/schema\/logo\/image\/","url":"https:\/\/www.malasmora.si\/wp-content\/uploads\/2025\/07\/logo_novi_03.png","contentUrl":"https:\/\/www.malasmora.si\/wp-content\/uploads\/2025\/07\/logo_novi_03.png","width":1536,"height":1024,"caption":"Mala s mora"},"image":{"@id":"https:\/\/www.malasmora.si\/#\/schema\/logo\/image\/"},"sameAs":["https:\/\/www.facebook.com\/MalaSMoraArt\/"]}]}},"_links":{"self":[{"href":"https:\/\/www.malasmora.si\/hr\/wp-json\/wp\/v2\/product\/1917","targetHints":{"allow":["GET"]}}],"collection":[{"href":"https:\/\/www.malasmora.si\/hr\/wp-json\/wp\/v2\/product"}],"about":[{"href":"https:\/\/www.malasmora.si\/hr\/wp-json\/wp\/v2\/types\/product"}],"replies":[{"embeddable":true,"href":"https:\/\/www.malasmora.si\/hr\/wp-json\/wp\/v2\/comments?post=1917"}],"wp:featuredmedia":[{"embeddable":true,"href":"https:\/\/www.malasmora.si\/hr\/wp-json\/wp\/v2\/media\/1920"}],"wp:attachment":[{"href":"https:\/\/www.malasmora.si\/hr\/wp-json\/wp\/v2\/media?parent=1917"}],"wp:term":[{"taxonomy":"product_brand","embeddable":true,"href":"https:\/\/www.malasmora.si\/hr\/wp-json\/wp\/v2\/product_brand?post=1917"},{"taxonomy":"product_cat","embeddable":true,"href":"https:\/\/www.malasmora.si\/hr\/wp-json\/wp\/v2\/product_cat?post=1917"},{"taxonomy":"product_tag","embeddable":true,"href":"https:\/\/www.malasmora.si\/hr\/wp-json\/wp\/v2\/product_tag?post=1917"}],"curies":[{"name":"wp","href":"https:\/\/api.w.org\/{rel}","templated":true}]}}