{"id":1943,"date":"2024-02-23T15:02:25","date_gmt":"2024-02-23T13:02:25","guid":{"rendered":"https:\/\/www.malasmora.si\/izdelek\/handmade-shiny-ladybug-black-resin-round-drop-dangle-earrings\/"},"modified":"2025-02-17T12:43:25","modified_gmt":"2025-02-17T10:43:25","slug":"handmade-shiny-ladybug-black-resin-round-drop-dangle-earrings","status":"publish","type":"product","link":"https:\/\/www.malasmora.si\/hr\/proizvod\/handmade-shiny-ladybug-black-resin-round-drop-dangle-earrings\/","title":{"rendered":"Okrogli vise\u010di uhani Pikapolonica"},"content":{"rendered":"<p>Te uhane sem naredila s poudarkom na dveh kontrastnih barvah: rde\u010da za Pikapolonico in \u010drna za ozadje. Seveda je tudi veliko ble\u0161\u010dic in pisanih konfetov.<\/p>\n<p>\ud83d\udc1eUhani so gladki in sijo\u010di, pripravljeni povzdigniti vsako obleko\ud83d\udc1e<\/p>\n<p>\ud83d\udcd0Dimenzije:<br \/>\nCelotna dol\u017eina 5,5 cm (2,17&#8243;)<br \/>\nPremer 3 cm (1,18&#8243;)<\/p>\n<p><img decoding=\"async\" class=\"emoji\" role=\"img\" draggable=\"false\" src=\"https:\/\/s.w.org\/images\/core\/emoji\/15.0.3\/svg\/1f496.svg\" alt=\"\ud83d\udc96\" \/> NJEGA ZA RU\u010cNO IZRA\u0110ENI NAKIT <img decoding=\"async\" class=\"emoji\" role=\"img\" draggable=\"false\" src=\"https:\/\/s.w.org\/images\/core\/emoji\/15.0.3\/svg\/1f496.svg\" alt=\"\ud83d\udc96\" \/><br \/>\nMolimo \u010duvajte na suhom mjestu i izbjegavajte dugotrajnu izravnu sun\u010devu svjetlost, vodu, kemikalije i parfeme kako biste sa\u010duvali i odr\u017eali ljepotu nakita.<\/p>\n<p><img decoding=\"async\" class=\"emoji\" role=\"img\" draggable=\"false\" src=\"https:\/\/s.w.org\/images\/core\/emoji\/15.0.3\/svg\/1f536.svg\" alt=\"\ud83d\udd36\" \/>Vse izdelke sem ro\u010dno izdelala, torej ne obstajajo dva enaka. Poleg tega zaradi ro\u010dne izdelave vedno obstaja mo\u017enost majhnih nepravilnosti in mehur\u010dkov.<\/p>\n<p><img decoding=\"async\" class=\"emoji\" role=\"img\" draggable=\"false\" src=\"https:\/\/s.w.org\/images\/core\/emoji\/15.0.3\/svg\/1f536.svg\" alt=\"\ud83d\udd36\" \/>Imajte na umu da se boja mo\u017ee neznatno razlikovati na nekim monitorima zbog razli\u010ditih postavki slike.<\/p>\n<p>\u2757Uhani Pikapolonica se odli\u010dno podajo k ujemajo\u010di se ogrlici Pikapolonica<br \/>\n\ud83d\udc47\ud83d\udc47\ud83d\udc47<\/p>\n<blockquote class=\"wp-embedded-content\" data-secret=\"Qr1Ziycwl9\"><p><a href=\"https:\/\/www.malasmora.si\/hr\/proizvod\/ladybug_resin_necklace\/\">Ogrlica pikapolonica<\/a><\/p><\/blockquote>\n<p><iframe loading=\"lazy\" class=\"wp-embedded-content\" sandbox=\"allow-scripts\" security=\"restricted\" style=\"position: absolute; visibility: hidden;\" title=\"&#8220;Ogrlica pikapolonica&#8221; &#8212; Mala s mora\" src=\"https:\/\/www.malasmora.si\/izdelek\/ladybug_resin_necklace\/embed\/#?secret=2Pf3pizxnN#?secret=Qr1Ziycwl9\" data-secret=\"Qr1Ziycwl9\" width=\"600\" height=\"338\" frameborder=\"0\" marginwidth=\"0\" marginheight=\"0\" scrolling=\"no\"><\/iframe><\/p>\n<p>&nbsp;<\/p>","protected":false},"excerpt":{"rendered":"<p>Te uhane sem naredila s poudarkom na dveh kontrastnih barvah: rde\u010da za Pikapolonico in \u010drna za ozadje. Seveda je tudi veliko ble\u0161\u010dic in pisanih konfetov. \ud83d\udc1eUhani so gladki in sijo\u010di, pripravljeni povzdigniti vsako obleko\ud83d\udc1e \ud83d\udcd0Dimenzije: Celotna dol\u017eina 5,5 cm (2,17&#8243;) Premer 3 cm (1,18&#8243;) SKRBITE ZA ro\u010dno izdelan nakit Prosimo, hranite na suhem mestu in&#8230;<\/p>","protected":false},"featured_media":1942,"comment_status":"open","ping_status":"closed","template":"","meta":{"_kadence_starter_templates_imported_post":false,"_kad_post_transparent":"default","_kad_post_title":"","_kad_post_layout":"default","_kad_post_sidebar_id":"","_kad_post_content_style":"default","_kad_post_vertical_padding":"default","_kad_post_feature":"","_kad_post_feature_position":"","_kad_post_header":false,"_kad_post_footer":false},"product_brand":[],"product_cat":[19],"product_tag":[73,72,65,74,67,893,892,79,895,894,75,78],"class_list":{"0":"post-1943","1":"product","2":"type-product","3":"status-publish","4":"has-post-thumbnail","6":"product_cat-earrings","7":"product_tag-dangle_earrings","8":"product_tag-drop_earrings","9":"product_tag-gift_for_her","10":"product_tag-handmade_earrings","11":"product_tag-handmade_jewelry","12":"product_tag-ladybird_earrings","13":"product_tag-ladybug_earrings","14":"product_tag-nature_lover","15":"product_tag-nausnice_bubamara","16":"product_tag-pikapolonica_uhani","17":"product_tag-resin_earrings","18":"product_tag-womans_day_gift","20":"first","21":"instock","22":"sold-individually","23":"taxable","24":"shipping-taxable","25":"purchasable","26":"product-type-simple","27":"entry","28":"content-bg","29":"loop-entry"},"yoast_head":"<!-- This site is optimized with the Yoast SEO plugin v26.6 - https:\/\/yoast.com\/wordpress\/plugins\/seo\/ -->\n<title>Okrogli vise\u010di uhani Pikapolonica - Mala s mora<\/title>\n<meta name=\"description\" content=\"Ladybug resin earrings, Uhani iz smole pikapolonica, Nau\u0161nice od smole bubamara\" \/>\n<meta name=\"robots\" content=\"index, follow, max-snippet:-1, max-image-preview:large, max-video-preview:-1\" \/>\n<link rel=\"canonical\" href=\"https:\/\/www.malasmora.si\/hr\/proizvod\/handmade-shiny-ladybug-black-resin-round-drop-dangle-earrings\/\" \/>\n<meta property=\"og:locale\" content=\"hr_HR\" \/>\n<meta property=\"og:type\" content=\"article\" \/>\n<meta property=\"og:title\" content=\"Okrogli vise\u010di uhani Pikapolonica - Mala s mora\" \/>\n<meta property=\"og:description\" content=\"Ladybug resin earrings, Uhani iz smole pikapolonica, Nau\u0161nice od smole bubamara\" \/>\n<meta property=\"og:url\" content=\"https:\/\/www.malasmora.si\/hr\/proizvod\/handmade-shiny-ladybug-black-resin-round-drop-dangle-earrings\/\" \/>\n<meta property=\"og:site_name\" content=\"Mala s mora\" \/>\n<meta property=\"article:publisher\" content=\"https:\/\/www.facebook.com\/MalaSMoraArt\/\" \/>\n<meta property=\"article:modified_time\" content=\"2025-02-17T10:43:25+00:00\" \/>\n<meta property=\"og:image\" content=\"https:\/\/www.malasmora.si\/wp-content\/uploads\/2024\/02\/il_fullxfull.5815445019_cdv5-scaled.jpg\" \/>\n\t<meta property=\"og:image:width\" content=\"1920\" \/>\n\t<meta property=\"og:image:height\" content=\"2560\" \/>\n\t<meta property=\"og:image:type\" content=\"image\/jpeg\" \/>\n<meta name=\"twitter:card\" content=\"summary_large_image\" \/>\n<meta name=\"twitter:label1\" content=\"Procijenjeno vrijeme \u010ditanja\" \/>\n\t<meta name=\"twitter:data1\" content=\"2 minute\" \/>\n<script type=\"application\/ld+json\" class=\"yoast-schema-graph\">{\"@context\":\"https:\/\/schema.org\",\"@graph\":[{\"@type\":\"WebPage\",\"@id\":\"https:\/\/www.malasmora.si\/izdelek\/handmade-shiny-ladybug-black-resin-round-drop-dangle-earrings\/\",\"url\":\"https:\/\/www.malasmora.si\/izdelek\/handmade-shiny-ladybug-black-resin-round-drop-dangle-earrings\/\",\"name\":\"Okrogli vise\u010di uhani Pikapolonica - Mala s mora\",\"isPartOf\":{\"@id\":\"https:\/\/www.malasmora.si\/#website\"},\"primaryImageOfPage\":{\"@id\":\"https:\/\/www.malasmora.si\/izdelek\/handmade-shiny-ladybug-black-resin-round-drop-dangle-earrings\/#primaryimage\"},\"image\":{\"@id\":\"https:\/\/www.malasmora.si\/izdelek\/handmade-shiny-ladybug-black-resin-round-drop-dangle-earrings\/#primaryimage\"},\"thumbnailUrl\":\"https:\/\/www.malasmora.si\/wp-content\/uploads\/2024\/02\/il_fullxfull.5815445019_cdv5-scaled.jpg\",\"datePublished\":\"2024-02-23T13:02:25+00:00\",\"dateModified\":\"2025-02-17T10:43:25+00:00\",\"description\":\"Ladybug resin earrings, Uhani iz smole pikapolonica, Nau\u0161nice od smole bubamara\",\"breadcrumb\":{\"@id\":\"https:\/\/www.malasmora.si\/izdelek\/handmade-shiny-ladybug-black-resin-round-drop-dangle-earrings\/#breadcrumb\"},\"inLanguage\":\"hr\",\"potentialAction\":[{\"@type\":\"ReadAction\",\"target\":[\"https:\/\/www.malasmora.si\/izdelek\/handmade-shiny-ladybug-black-resin-round-drop-dangle-earrings\/\"]}]},{\"@type\":\"ImageObject\",\"inLanguage\":\"hr\",\"@id\":\"https:\/\/www.malasmora.si\/izdelek\/handmade-shiny-ladybug-black-resin-round-drop-dangle-earrings\/#primaryimage\",\"url\":\"https:\/\/www.malasmora.si\/wp-content\/uploads\/2024\/02\/il_fullxfull.5815445019_cdv5-scaled.jpg\",\"contentUrl\":\"https:\/\/www.malasmora.si\/wp-content\/uploads\/2024\/02\/il_fullxfull.5815445019_cdv5-scaled.jpg\",\"width\":1920,\"height\":2560},{\"@type\":\"BreadcrumbList\",\"@id\":\"https:\/\/www.malasmora.si\/izdelek\/handmade-shiny-ladybug-black-resin-round-drop-dangle-earrings\/#breadcrumb\",\"itemListElement\":[{\"@type\":\"ListItem\",\"position\":1,\"name\":\"Home\",\"item\":\"https:\/\/www.malasmora.si\/\"},{\"@type\":\"ListItem\",\"position\":2,\"name\":\"Shop\",\"item\":\"https:\/\/www.malasmora.si\/shop\/\"},{\"@type\":\"ListItem\",\"position\":3,\"name\":\"Okrogli vise\u010di uhani Pikapolonica\"}]},{\"@type\":\"WebSite\",\"@id\":\"https:\/\/www.malasmora.si\/#website\",\"url\":\"https:\/\/www.malasmora.si\/\",\"name\":\"Mala s mora\",\"description\":\"Ro\u010dno izdelan nakit iz epoksi smole\",\"publisher\":{\"@id\":\"https:\/\/www.malasmora.si\/#organization\"},\"potentialAction\":[{\"@type\":\"SearchAction\",\"target\":{\"@type\":\"EntryPoint\",\"urlTemplate\":\"https:\/\/www.malasmora.si\/?s={search_term_string}\"},\"query-input\":{\"@type\":\"PropertyValueSpecification\",\"valueRequired\":true,\"valueName\":\"search_term_string\"}}],\"inLanguage\":\"hr\"},{\"@type\":\"Organization\",\"@id\":\"https:\/\/www.malasmora.si\/#organization\",\"name\":\"Mala s mora\",\"url\":\"https:\/\/www.malasmora.si\/\",\"logo\":{\"@type\":\"ImageObject\",\"inLanguage\":\"hr\",\"@id\":\"https:\/\/www.malasmora.si\/#\/schema\/logo\/image\/\",\"url\":\"https:\/\/www.malasmora.si\/wp-content\/uploads\/2025\/07\/logo_novi_03.png\",\"contentUrl\":\"https:\/\/www.malasmora.si\/wp-content\/uploads\/2025\/07\/logo_novi_03.png\",\"width\":1536,\"height\":1024,\"caption\":\"Mala s mora\"},\"image\":{\"@id\":\"https:\/\/www.malasmora.si\/#\/schema\/logo\/image\/\"},\"sameAs\":[\"https:\/\/www.facebook.com\/MalaSMoraArt\/\"]}]}<\/script>\n<!-- \/ Yoast SEO plugin. -->","yoast_head_json":{"title":"Okrogli vise\u010di uhani Pikapolonica - Mala s mora","description":"Ladybug resin earrings, Uhani iz smole pikapolonica, Nau\u0161nice od smole bubamara","robots":{"index":"index","follow":"follow","max-snippet":"max-snippet:-1","max-image-preview":"max-image-preview:large","max-video-preview":"max-video-preview:-1"},"canonical":"https:\/\/www.malasmora.si\/hr\/proizvod\/handmade-shiny-ladybug-black-resin-round-drop-dangle-earrings\/","og_locale":"hr_HR","og_type":"article","og_title":"Okrogli vise\u010di uhani Pikapolonica - Mala s mora","og_description":"Ladybug resin earrings, Uhani iz smole pikapolonica, Nau\u0161nice od smole bubamara","og_url":"https:\/\/www.malasmora.si\/hr\/proizvod\/handmade-shiny-ladybug-black-resin-round-drop-dangle-earrings\/","og_site_name":"Mala s mora","article_publisher":"https:\/\/www.facebook.com\/MalaSMoraArt\/","article_modified_time":"2025-02-17T10:43:25+00:00","og_image":[{"width":1920,"height":2560,"url":"https:\/\/www.malasmora.si\/wp-content\/uploads\/2024\/02\/il_fullxfull.5815445019_cdv5-scaled.jpg","type":"image\/jpeg"}],"twitter_card":"summary_large_image","twitter_misc":{"Procijenjeno vrijeme \u010ditanja":"2 minute"},"schema":{"@context":"https:\/\/schema.org","@graph":[{"@type":"WebPage","@id":"https:\/\/www.malasmora.si\/izdelek\/handmade-shiny-ladybug-black-resin-round-drop-dangle-earrings\/","url":"https:\/\/www.malasmora.si\/izdelek\/handmade-shiny-ladybug-black-resin-round-drop-dangle-earrings\/","name":"Okrogli vise\u010di uhani Pikapolonica - Mala s mora","isPartOf":{"@id":"https:\/\/www.malasmora.si\/#website"},"primaryImageOfPage":{"@id":"https:\/\/www.malasmora.si\/izdelek\/handmade-shiny-ladybug-black-resin-round-drop-dangle-earrings\/#primaryimage"},"image":{"@id":"https:\/\/www.malasmora.si\/izdelek\/handmade-shiny-ladybug-black-resin-round-drop-dangle-earrings\/#primaryimage"},"thumbnailUrl":"https:\/\/www.malasmora.si\/wp-content\/uploads\/2024\/02\/il_fullxfull.5815445019_cdv5-scaled.jpg","datePublished":"2024-02-23T13:02:25+00:00","dateModified":"2025-02-17T10:43:25+00:00","description":"Ladybug resin earrings, Uhani iz smole pikapolonica, Nau\u0161nice od smole bubamara","breadcrumb":{"@id":"https:\/\/www.malasmora.si\/izdelek\/handmade-shiny-ladybug-black-resin-round-drop-dangle-earrings\/#breadcrumb"},"inLanguage":"hr","potentialAction":[{"@type":"ReadAction","target":["https:\/\/www.malasmora.si\/izdelek\/handmade-shiny-ladybug-black-resin-round-drop-dangle-earrings\/"]}]},{"@type":"ImageObject","inLanguage":"hr","@id":"https:\/\/www.malasmora.si\/izdelek\/handmade-shiny-ladybug-black-resin-round-drop-dangle-earrings\/#primaryimage","url":"https:\/\/www.malasmora.si\/wp-content\/uploads\/2024\/02\/il_fullxfull.5815445019_cdv5-scaled.jpg","contentUrl":"https:\/\/www.malasmora.si\/wp-content\/uploads\/2024\/02\/il_fullxfull.5815445019_cdv5-scaled.jpg","width":1920,"height":2560},{"@type":"BreadcrumbList","@id":"https:\/\/www.malasmora.si\/izdelek\/handmade-shiny-ladybug-black-resin-round-drop-dangle-earrings\/#breadcrumb","itemListElement":[{"@type":"ListItem","position":1,"name":"Home","item":"https:\/\/www.malasmora.si\/"},{"@type":"ListItem","position":2,"name":"Shop","item":"https:\/\/www.malasmora.si\/shop\/"},{"@type":"ListItem","position":3,"name":"Okrogli vise\u010di uhani Pikapolonica"}]},{"@type":"WebSite","@id":"https:\/\/www.malasmora.si\/#website","url":"https:\/\/www.malasmora.si\/","name":"Mala s mora","description":"Ro\u010dno izdelan nakit iz epoksi smole","publisher":{"@id":"https:\/\/www.malasmora.si\/#organization"},"potentialAction":[{"@type":"SearchAction","target":{"@type":"EntryPoint","urlTemplate":"https:\/\/www.malasmora.si\/?s={search_term_string}"},"query-input":{"@type":"PropertyValueSpecification","valueRequired":true,"valueName":"search_term_string"}}],"inLanguage":"hr"},{"@type":"Organization","@id":"https:\/\/www.malasmora.si\/#organization","name":"Mala s mora","url":"https:\/\/www.malasmora.si\/","logo":{"@type":"ImageObject","inLanguage":"hr","@id":"https:\/\/www.malasmora.si\/#\/schema\/logo\/image\/","url":"https:\/\/www.malasmora.si\/wp-content\/uploads\/2025\/07\/logo_novi_03.png","contentUrl":"https:\/\/www.malasmora.si\/wp-content\/uploads\/2025\/07\/logo_novi_03.png","width":1536,"height":1024,"caption":"Mala s mora"},"image":{"@id":"https:\/\/www.malasmora.si\/#\/schema\/logo\/image\/"},"sameAs":["https:\/\/www.facebook.com\/MalaSMoraArt\/"]}]}},"_links":{"self":[{"href":"https:\/\/www.malasmora.si\/hr\/wp-json\/wp\/v2\/product\/1943","targetHints":{"allow":["GET"]}}],"collection":[{"href":"https:\/\/www.malasmora.si\/hr\/wp-json\/wp\/v2\/product"}],"about":[{"href":"https:\/\/www.malasmora.si\/hr\/wp-json\/wp\/v2\/types\/product"}],"replies":[{"embeddable":true,"href":"https:\/\/www.malasmora.si\/hr\/wp-json\/wp\/v2\/comments?post=1943"}],"wp:featuredmedia":[{"embeddable":true,"href":"https:\/\/www.malasmora.si\/hr\/wp-json\/wp\/v2\/media\/1942"}],"wp:attachment":[{"href":"https:\/\/www.malasmora.si\/hr\/wp-json\/wp\/v2\/media?parent=1943"}],"wp:term":[{"taxonomy":"product_brand","embeddable":true,"href":"https:\/\/www.malasmora.si\/hr\/wp-json\/wp\/v2\/product_brand?post=1943"},{"taxonomy":"product_cat","embeddable":true,"href":"https:\/\/www.malasmora.si\/hr\/wp-json\/wp\/v2\/product_cat?post=1943"},{"taxonomy":"product_tag","embeddable":true,"href":"https:\/\/www.malasmora.si\/hr\/wp-json\/wp\/v2\/product_tag?post=1943"}],"curies":[{"name":"wp","href":"https:\/\/api.w.org\/{rel}","templated":true}]}}