{"id":1945,"date":"2024-02-23T15:02:33","date_gmt":"2024-02-23T13:02:33","guid":{"rendered":"https:\/\/www.malasmora.si\/izdelek\/handmade-tricolour-sparkling-rims-transparent-resin-cuff-bracelet\/"},"modified":"2024-05-21T19:55:48","modified_gmt":"2024-05-21T17:55:48","slug":"resin-cuff-bracelet","status":"publish","type":"product","link":"https:\/\/www.malasmora.si\/hr\/proizvod\/resin-cuff-bracelet\/","title":{"rendered":"Man\u0161etna zapestnica iz smole"},"content":{"rendered":"<p>Ta \u010dudovita ro\u010dno izdelana tribarvna zapestnica (modra, rumena in rde\u010da) ima ble\u0161\u010de\u010de robove.<br \/>\nJe prosojna in ustvarja \u010dudovite sence na soncu.<br \/>\nZapestnica je primerna za srednjo do veliko roko.<br \/>\nJe barvita, modna in elegantna.<\/p>\n<p>Dimenzije:<br \/>\nZunanja \u0161irina 8 cm<br \/>\nNotranja \u0161irina 6,7 cm<br \/>\nVi\u0161ina 2,7 cm<br \/>\nDebelina 0,7 cm<\/p>\n<p>Upo\u0161tevajte, da sem vse svoje izdelke ro\u010dno izdelala, torej ne obstajajo dva enaka izdelka. Poleg tega zaradi ro\u010dne izdelave vedno obstaja mo\u017enost majhnih nepravilnosti in mehur\u010dkov.<\/p>\n<p>Imajte na umu da se boja mo\u017ee neznatno razlikovati na nekim monitorima zbog razli\u010ditih postavki slike.<\/p>","protected":false},"excerpt":{"rendered":"<p>Ta \u010dudovita ro\u010dno izdelana tribarvna zapestnica (modra, rumena in rde\u010da) ima ble\u0161\u010de\u010de robove. Je prosojna in ustvarja \u010dudovite sence na soncu. Zapestnica je primerna za srednjo do veliko roko. Je barvita, modna in elegantna. Dimenzije: Zunanja \u0161irina 8 cm Notranja \u0161irina 6,7 cm Vi\u0161ina 2,7 cm Debelina 0,7 cm Upo\u0161tevajte, da sem vse svoje izdelke&#8230;<\/p>","protected":false},"featured_media":1944,"comment_status":"open","ping_status":"closed","template":"","meta":{"_kadence_starter_templates_imported_post":false,"_kad_post_transparent":"default","_kad_post_title":"","_kad_post_layout":"default","_kad_post_sidebar_id":"","_kad_post_content_style":"default","_kad_post_vertical_padding":"default","_kad_post_feature":"","_kad_post_feature_position":"","_kad_post_header":false,"_kad_post_footer":false},"product_brand":[],"product_cat":[57],"product_tag":[86,83,63,65,66,80,85,81,82,64,87,84,69],"class_list":{"0":"post-1945","1":"product","2":"type-product","3":"status-publish","4":"has-post-thumbnail","6":"product_cat-bracelets","7":"product_tag-colorful_jewelry","8":"product_tag-cuff_bracelet","9":"product_tag-designer_jewelry","10":"product_tag-gift_for_her","11":"product_tag-gift_for_mum","12":"product_tag-handmade_bracelet","13":"product_tag-open_bracelet","14":"product_tag-resin_bracelet","15":"product_tag-statement_bracelet","16":"product_tag-statement_jewelry","17":"product_tag-summer_jewelry","18":"product_tag-tricolour_bracelet","19":"product_tag-unique_jewelry","21":"first","22":"instock","23":"sold-individually","24":"taxable","25":"shipping-taxable","26":"purchasable","27":"product-type-simple","28":"entry","29":"content-bg","30":"loop-entry"},"yoast_head":"<!-- This site is optimized with the Yoast SEO plugin v26.6 - https:\/\/yoast.com\/wordpress\/plugins\/seo\/ -->\n<title>Man\u0161etna zapestnica iz smole - Mala s mora<\/title>\n<meta name=\"description\" content=\"Resin cuff bracelet, man\u0161etna zapestnica, man\u017eetna narukvica\" \/>\n<meta name=\"robots\" content=\"index, follow, max-snippet:-1, max-image-preview:large, max-video-preview:-1\" \/>\n<link rel=\"canonical\" href=\"https:\/\/www.malasmora.si\/hr\/proizvod\/resin-cuff-bracelet\/\" \/>\n<meta property=\"og:locale\" content=\"hr_HR\" \/>\n<meta property=\"og:type\" content=\"article\" \/>\n<meta property=\"og:title\" content=\"Man\u0161etna zapestnica iz smole - Mala s mora\" \/>\n<meta property=\"og:description\" content=\"Resin cuff bracelet, man\u0161etna zapestnica, man\u017eetna narukvica\" \/>\n<meta property=\"og:url\" content=\"https:\/\/www.malasmora.si\/hr\/proizvod\/resin-cuff-bracelet\/\" \/>\n<meta property=\"og:site_name\" content=\"Mala s mora\" \/>\n<meta property=\"article:publisher\" content=\"https:\/\/www.facebook.com\/MalaSMoraArt\/\" \/>\n<meta property=\"article:modified_time\" content=\"2024-05-21T17:55:48+00:00\" \/>\n<meta property=\"og:image\" content=\"https:\/\/www.malasmora.si\/wp-content\/uploads\/2024\/02\/il_fullxfull.5811058113_fz33-scaled.jpg\" \/>\n\t<meta property=\"og:image:width\" content=\"1920\" \/>\n\t<meta property=\"og:image:height\" content=\"2560\" \/>\n\t<meta property=\"og:image:type\" content=\"image\/jpeg\" \/>\n<meta name=\"twitter:card\" content=\"summary_large_image\" \/>\n<meta name=\"twitter:label1\" content=\"Procijenjeno vrijeme \u010ditanja\" \/>\n\t<meta name=\"twitter:data1\" content=\"1 minuta\" \/>\n<script type=\"application\/ld+json\" class=\"yoast-schema-graph\">{\"@context\":\"https:\/\/schema.org\",\"@graph\":[{\"@type\":\"WebPage\",\"@id\":\"https:\/\/www.malasmora.si\/izdelek\/resin-cuff-bracelet\/\",\"url\":\"https:\/\/www.malasmora.si\/izdelek\/resin-cuff-bracelet\/\",\"name\":\"Man\u0161etna zapestnica iz smole - Mala s mora\",\"isPartOf\":{\"@id\":\"https:\/\/www.malasmora.si\/#website\"},\"primaryImageOfPage\":{\"@id\":\"https:\/\/www.malasmora.si\/izdelek\/resin-cuff-bracelet\/#primaryimage\"},\"image\":{\"@id\":\"https:\/\/www.malasmora.si\/izdelek\/resin-cuff-bracelet\/#primaryimage\"},\"thumbnailUrl\":\"https:\/\/www.malasmora.si\/wp-content\/uploads\/2024\/02\/il_fullxfull.5811058113_fz33-scaled.jpg\",\"datePublished\":\"2024-02-23T13:02:33+00:00\",\"dateModified\":\"2024-05-21T17:55:48+00:00\",\"description\":\"Resin cuff bracelet, man\u0161etna zapestnica, man\u017eetna narukvica\",\"breadcrumb\":{\"@id\":\"https:\/\/www.malasmora.si\/izdelek\/resin-cuff-bracelet\/#breadcrumb\"},\"inLanguage\":\"hr\",\"potentialAction\":[{\"@type\":\"ReadAction\",\"target\":[\"https:\/\/www.malasmora.si\/izdelek\/resin-cuff-bracelet\/\"]}]},{\"@type\":\"ImageObject\",\"inLanguage\":\"hr\",\"@id\":\"https:\/\/www.malasmora.si\/izdelek\/resin-cuff-bracelet\/#primaryimage\",\"url\":\"https:\/\/www.malasmora.si\/wp-content\/uploads\/2024\/02\/il_fullxfull.5811058113_fz33-scaled.jpg\",\"contentUrl\":\"https:\/\/www.malasmora.si\/wp-content\/uploads\/2024\/02\/il_fullxfull.5811058113_fz33-scaled.jpg\",\"width\":1920,\"height\":2560,\"caption\":\"Cuff bracelet\"},{\"@type\":\"BreadcrumbList\",\"@id\":\"https:\/\/www.malasmora.si\/izdelek\/resin-cuff-bracelet\/#breadcrumb\",\"itemListElement\":[{\"@type\":\"ListItem\",\"position\":1,\"name\":\"Home\",\"item\":\"https:\/\/www.malasmora.si\/\"},{\"@type\":\"ListItem\",\"position\":2,\"name\":\"Shop\",\"item\":\"https:\/\/www.malasmora.si\/shop\/\"},{\"@type\":\"ListItem\",\"position\":3,\"name\":\"Man\u0161etna zapestnica iz smole\"}]},{\"@type\":\"WebSite\",\"@id\":\"https:\/\/www.malasmora.si\/#website\",\"url\":\"https:\/\/www.malasmora.si\/\",\"name\":\"Mala s mora\",\"description\":\"Ro\u010dno izdelan nakit iz epoksi smole\",\"publisher\":{\"@id\":\"https:\/\/www.malasmora.si\/#organization\"},\"potentialAction\":[{\"@type\":\"SearchAction\",\"target\":{\"@type\":\"EntryPoint\",\"urlTemplate\":\"https:\/\/www.malasmora.si\/?s={search_term_string}\"},\"query-input\":{\"@type\":\"PropertyValueSpecification\",\"valueRequired\":true,\"valueName\":\"search_term_string\"}}],\"inLanguage\":\"hr\"},{\"@type\":\"Organization\",\"@id\":\"https:\/\/www.malasmora.si\/#organization\",\"name\":\"Mala s mora\",\"url\":\"https:\/\/www.malasmora.si\/\",\"logo\":{\"@type\":\"ImageObject\",\"inLanguage\":\"hr\",\"@id\":\"https:\/\/www.malasmora.si\/#\/schema\/logo\/image\/\",\"url\":\"https:\/\/www.malasmora.si\/wp-content\/uploads\/2025\/07\/logo_novi_03.png\",\"contentUrl\":\"https:\/\/www.malasmora.si\/wp-content\/uploads\/2025\/07\/logo_novi_03.png\",\"width\":1536,\"height\":1024,\"caption\":\"Mala s mora\"},\"image\":{\"@id\":\"https:\/\/www.malasmora.si\/#\/schema\/logo\/image\/\"},\"sameAs\":[\"https:\/\/www.facebook.com\/MalaSMoraArt\/\"]}]}<\/script>\n<!-- \/ Yoast SEO plugin. -->","yoast_head_json":{"title":"Man\u0161etna zapestnica iz smole - Mala s mora","description":"Resin cuff bracelet, man\u0161etna zapestnica, man\u017eetna narukvica","robots":{"index":"index","follow":"follow","max-snippet":"max-snippet:-1","max-image-preview":"max-image-preview:large","max-video-preview":"max-video-preview:-1"},"canonical":"https:\/\/www.malasmora.si\/hr\/proizvod\/resin-cuff-bracelet\/","og_locale":"hr_HR","og_type":"article","og_title":"Man\u0161etna zapestnica iz smole - Mala s mora","og_description":"Resin cuff bracelet, man\u0161etna zapestnica, man\u017eetna narukvica","og_url":"https:\/\/www.malasmora.si\/hr\/proizvod\/resin-cuff-bracelet\/","og_site_name":"Mala s mora","article_publisher":"https:\/\/www.facebook.com\/MalaSMoraArt\/","article_modified_time":"2024-05-21T17:55:48+00:00","og_image":[{"width":1920,"height":2560,"url":"https:\/\/www.malasmora.si\/wp-content\/uploads\/2024\/02\/il_fullxfull.5811058113_fz33-scaled.jpg","type":"image\/jpeg"}],"twitter_card":"summary_large_image","twitter_misc":{"Procijenjeno vrijeme \u010ditanja":"1 minuta"},"schema":{"@context":"https:\/\/schema.org","@graph":[{"@type":"WebPage","@id":"https:\/\/www.malasmora.si\/izdelek\/resin-cuff-bracelet\/","url":"https:\/\/www.malasmora.si\/izdelek\/resin-cuff-bracelet\/","name":"Man\u0161etna zapestnica iz smole - Mala s mora","isPartOf":{"@id":"https:\/\/www.malasmora.si\/#website"},"primaryImageOfPage":{"@id":"https:\/\/www.malasmora.si\/izdelek\/resin-cuff-bracelet\/#primaryimage"},"image":{"@id":"https:\/\/www.malasmora.si\/izdelek\/resin-cuff-bracelet\/#primaryimage"},"thumbnailUrl":"https:\/\/www.malasmora.si\/wp-content\/uploads\/2024\/02\/il_fullxfull.5811058113_fz33-scaled.jpg","datePublished":"2024-02-23T13:02:33+00:00","dateModified":"2024-05-21T17:55:48+00:00","description":"Resin cuff bracelet, man\u0161etna zapestnica, man\u017eetna narukvica","breadcrumb":{"@id":"https:\/\/www.malasmora.si\/izdelek\/resin-cuff-bracelet\/#breadcrumb"},"inLanguage":"hr","potentialAction":[{"@type":"ReadAction","target":["https:\/\/www.malasmora.si\/izdelek\/resin-cuff-bracelet\/"]}]},{"@type":"ImageObject","inLanguage":"hr","@id":"https:\/\/www.malasmora.si\/izdelek\/resin-cuff-bracelet\/#primaryimage","url":"https:\/\/www.malasmora.si\/wp-content\/uploads\/2024\/02\/il_fullxfull.5811058113_fz33-scaled.jpg","contentUrl":"https:\/\/www.malasmora.si\/wp-content\/uploads\/2024\/02\/il_fullxfull.5811058113_fz33-scaled.jpg","width":1920,"height":2560,"caption":"Cuff bracelet"},{"@type":"BreadcrumbList","@id":"https:\/\/www.malasmora.si\/izdelek\/resin-cuff-bracelet\/#breadcrumb","itemListElement":[{"@type":"ListItem","position":1,"name":"Home","item":"https:\/\/www.malasmora.si\/"},{"@type":"ListItem","position":2,"name":"Shop","item":"https:\/\/www.malasmora.si\/shop\/"},{"@type":"ListItem","position":3,"name":"Man\u0161etna zapestnica iz smole"}]},{"@type":"WebSite","@id":"https:\/\/www.malasmora.si\/#website","url":"https:\/\/www.malasmora.si\/","name":"Mala s mora","description":"Ro\u010dno izdelan nakit iz epoksi smole","publisher":{"@id":"https:\/\/www.malasmora.si\/#organization"},"potentialAction":[{"@type":"SearchAction","target":{"@type":"EntryPoint","urlTemplate":"https:\/\/www.malasmora.si\/?s={search_term_string}"},"query-input":{"@type":"PropertyValueSpecification","valueRequired":true,"valueName":"search_term_string"}}],"inLanguage":"hr"},{"@type":"Organization","@id":"https:\/\/www.malasmora.si\/#organization","name":"Mala s mora","url":"https:\/\/www.malasmora.si\/","logo":{"@type":"ImageObject","inLanguage":"hr","@id":"https:\/\/www.malasmora.si\/#\/schema\/logo\/image\/","url":"https:\/\/www.malasmora.si\/wp-content\/uploads\/2025\/07\/logo_novi_03.png","contentUrl":"https:\/\/www.malasmora.si\/wp-content\/uploads\/2025\/07\/logo_novi_03.png","width":1536,"height":1024,"caption":"Mala s mora"},"image":{"@id":"https:\/\/www.malasmora.si\/#\/schema\/logo\/image\/"},"sameAs":["https:\/\/www.facebook.com\/MalaSMoraArt\/"]}]}},"_links":{"self":[{"href":"https:\/\/www.malasmora.si\/hr\/wp-json\/wp\/v2\/product\/1945","targetHints":{"allow":["GET"]}}],"collection":[{"href":"https:\/\/www.malasmora.si\/hr\/wp-json\/wp\/v2\/product"}],"about":[{"href":"https:\/\/www.malasmora.si\/hr\/wp-json\/wp\/v2\/types\/product"}],"replies":[{"embeddable":true,"href":"https:\/\/www.malasmora.si\/hr\/wp-json\/wp\/v2\/comments?post=1945"}],"wp:featuredmedia":[{"embeddable":true,"href":"https:\/\/www.malasmora.si\/hr\/wp-json\/wp\/v2\/media\/1944"}],"wp:attachment":[{"href":"https:\/\/www.malasmora.si\/hr\/wp-json\/wp\/v2\/media?parent=1945"}],"wp:term":[{"taxonomy":"product_brand","embeddable":true,"href":"https:\/\/www.malasmora.si\/hr\/wp-json\/wp\/v2\/product_brand?post=1945"},{"taxonomy":"product_cat","embeddable":true,"href":"https:\/\/www.malasmora.si\/hr\/wp-json\/wp\/v2\/product_cat?post=1945"},{"taxonomy":"product_tag","embeddable":true,"href":"https:\/\/www.malasmora.si\/hr\/wp-json\/wp\/v2\/product_tag?post=1945"}],"curies":[{"name":"wp","href":"https:\/\/api.w.org\/{rel}","templated":true}]}}