{"id":1963,"date":"2024-02-23T15:03:54","date_gmt":"2024-02-23T13:03:54","guid":{"rendered":"https:\/\/www.malasmora.si\/izdelek\/handmade-unique-resin-heartshaped-coffee-bean-trinket-tray\/"},"modified":"2025-02-17T15:52:04","modified_gmt":"2025-02-17T13:52:04","slug":"heart_resin_coffee_bean_trinket_tray","status":"publish","type":"product","link":"https:\/\/www.malasmora.si\/hr\/proizvod\/heart_resin_coffee_bean_trinket_tray\/","title":{"rendered":"Ro\u010dno izdelana unikatna posoda za nakit ali drobnarije v obliki srca iz smole in kavnih zrn"},"content":{"rendered":"<p>Ro\u010dno izdelane prisr\u010dne majhne unikatne posodice za nakit ali za drobnarije v obliki srca.<br \/>\nPopolne so za shranjevanje nakita, kovancev, klju\u010dev, sladkarij ali karkoli \u017eelite. So narejeni posebej za ljubitelje kave, s prozorno epoksi smolo, primerno za hrano, in pravimi pra\u017eenimi kavnimi zrni.<\/p>\n<p>Budu\u0107i da su svi proizvodi ru\u010dno izra\u0111eni, ne postoje dva potpuno ista. Nadalje, zbog ru\u010dne izrade, uvijek postoji mogu\u0107nost manjih nepravilnosti i mjehuri\u0107a.<br \/>\nKupec bo prejel eno (1) posodo, po moji izbiri.<\/p>\n<p>Dodatki porabljeni za fotografiranje niso naprodaj.<\/p>\n<p>Imajte na umu da se boja mo\u017ee neznatno razlikovati na nekim monitorima zbog razli\u010ditih postavki slike.<\/p>","protected":false},"excerpt":{"rendered":"<p>Ro\u010dno izdelane prisr\u010dne majhne unikatne posodice za nakit ali za drobnarije v obliki srca. Popolne so za shranjevanje nakita, kovancev, klju\u010dev, sladkarij ali karkoli \u017eelite. So narejeni posebej za ljubitelje kave, s prozorno epoksi smolo, primerno za hrano, in pravimi pra\u017eenimi kavnimi zrni. Ker so vsi izdelki ro\u010dno izdelani, ne obstajajo dva popolnoma enaka. Poleg&#8230;<\/p>","protected":false},"featured_media":1962,"comment_status":"open","ping_status":"closed","template":"","meta":{"_kadence_starter_templates_imported_post":false,"_kad_post_transparent":"default","_kad_post_title":"","_kad_post_layout":"default","_kad_post_sidebar_id":"","_kad_post_content_style":"default","_kad_post_vertical_padding":"default","_kad_post_feature":"","_kad_post_feature_position":"","_kad_post_header":false,"_kad_post_footer":false},"product_brand":[],"product_cat":[378],"product_tag":[900,901,139,140,65,107,145,142,902,135,137,138,141,143,136,144],"class_list":{"0":"post-1963","1":"product","2":"type-product","3":"status-publish","4":"has-post-thumbnail","6":"product_cat-trinket_trays","7":"product_tag-coffe_bean_ring_holder","8":"product_tag-coffe_bean_trinket_dish","9":"product_tag-coffee_bean_tray","10":"product_tag-coffee_lovers_tray","11":"product_tag-gift_for_her","12":"product_tag-gift_for_him","13":"product_tag-gift_under_15_dollar","14":"product_tag-handmade_tray","15":"product_tag-heart_trinket_dish","16":"product_tag-heartshaped_tray","17":"product_tag-jewelry_tray","18":"product_tag-jewelry_trinket_tray","19":"product_tag-resin_trinket_tray","20":"product_tag-ring_dish","21":"product_tag-trinket_tray","22":"product_tag-valentine_day_gift","24":"first","25":"instock","26":"taxable","27":"shipping-taxable","28":"purchasable","29":"product-type-simple","30":"entry","31":"content-bg","32":"loop-entry"},"yoast_head":"<!-- This site is optimized with the Yoast SEO plugin v26.6 - https:\/\/yoast.com\/wordpress\/plugins\/seo\/ -->\n<title>Ro\u010dno izdelana unikatna posoda za nakit ali drobnarije v obliki srca iz smole in kavnih zrn - Mala s mora<\/title>\n<meta name=\"description\" content=\"Heart resin coffee bean trinket tray, Posoda za drobnarije iz smole s pravimi kavni zrni, Posuda za nakit i sitnice od smole sa zrnima prave kave\" \/>\n<meta name=\"robots\" content=\"index, follow, max-snippet:-1, max-image-preview:large, max-video-preview:-1\" \/>\n<link rel=\"canonical\" href=\"https:\/\/www.malasmora.si\/hr\/proizvod\/heart_resin_coffee_bean_trinket_tray\/\" \/>\n<meta property=\"og:locale\" content=\"hr_HR\" \/>\n<meta property=\"og:type\" content=\"article\" \/>\n<meta property=\"og:title\" content=\"Ro\u010dno izdelana unikatna posoda za nakit ali drobnarije v obliki srca iz smole in kavnih zrn - Mala s mora\" \/>\n<meta property=\"og:description\" content=\"Heart resin coffee bean trinket tray, Posoda za drobnarije iz smole s pravimi kavni zrni, Posuda za nakit i sitnice od smole sa zrnima prave kave\" \/>\n<meta property=\"og:url\" content=\"https:\/\/www.malasmora.si\/hr\/proizvod\/heart_resin_coffee_bean_trinket_tray\/\" \/>\n<meta property=\"og:site_name\" content=\"Mala s mora\" \/>\n<meta property=\"article:publisher\" content=\"https:\/\/www.facebook.com\/MalaSMoraArt\/\" \/>\n<meta property=\"article:modified_time\" content=\"2025-02-17T13:52:04+00:00\" \/>\n<meta property=\"og:image\" content=\"https:\/\/www.malasmora.si\/wp-content\/uploads\/2024\/02\/il_fullxfull.5740767799_88d4-scaled.jpg\" \/>\n\t<meta property=\"og:image:width\" content=\"1920\" \/>\n\t<meta property=\"og:image:height\" content=\"2560\" \/>\n\t<meta property=\"og:image:type\" content=\"image\/jpeg\" \/>\n<meta name=\"twitter:card\" content=\"summary_large_image\" \/>\n<meta name=\"twitter:label1\" content=\"Procijenjeno vrijeme \u010ditanja\" \/>\n\t<meta name=\"twitter:data1\" content=\"1 minuta\" \/>\n<script type=\"application\/ld+json\" class=\"yoast-schema-graph\">{\"@context\":\"https:\/\/schema.org\",\"@graph\":[{\"@type\":\"WebPage\",\"@id\":\"https:\/\/www.malasmora.si\/izdelek\/heart_resin_coffee_bean_trinket_tray\/\",\"url\":\"https:\/\/www.malasmora.si\/izdelek\/heart_resin_coffee_bean_trinket_tray\/\",\"name\":\"Ro\u010dno izdelana unikatna posoda za nakit ali drobnarije v obliki srca iz smole in kavnih zrn - Mala s mora\",\"isPartOf\":{\"@id\":\"https:\/\/www.malasmora.si\/#website\"},\"primaryImageOfPage\":{\"@id\":\"https:\/\/www.malasmora.si\/izdelek\/heart_resin_coffee_bean_trinket_tray\/#primaryimage\"},\"image\":{\"@id\":\"https:\/\/www.malasmora.si\/izdelek\/heart_resin_coffee_bean_trinket_tray\/#primaryimage\"},\"thumbnailUrl\":\"https:\/\/www.malasmora.si\/wp-content\/uploads\/2024\/02\/il_fullxfull.5740767799_88d4-scaled.jpg\",\"datePublished\":\"2024-02-23T13:03:54+00:00\",\"dateModified\":\"2025-02-17T13:52:04+00:00\",\"description\":\"Heart resin coffee bean trinket tray, Posoda za drobnarije iz smole s pravimi kavni zrni, Posuda za nakit i sitnice od smole sa zrnima prave kave\",\"breadcrumb\":{\"@id\":\"https:\/\/www.malasmora.si\/izdelek\/heart_resin_coffee_bean_trinket_tray\/#breadcrumb\"},\"inLanguage\":\"hr\",\"potentialAction\":[{\"@type\":\"ReadAction\",\"target\":[\"https:\/\/www.malasmora.si\/izdelek\/heart_resin_coffee_bean_trinket_tray\/\"]}]},{\"@type\":\"ImageObject\",\"inLanguage\":\"hr\",\"@id\":\"https:\/\/www.malasmora.si\/izdelek\/heart_resin_coffee_bean_trinket_tray\/#primaryimage\",\"url\":\"https:\/\/www.malasmora.si\/wp-content\/uploads\/2024\/02\/il_fullxfull.5740767799_88d4-scaled.jpg\",\"contentUrl\":\"https:\/\/www.malasmora.si\/wp-content\/uploads\/2024\/02\/il_fullxfull.5740767799_88d4-scaled.jpg\",\"width\":1920,\"height\":2560},{\"@type\":\"BreadcrumbList\",\"@id\":\"https:\/\/www.malasmora.si\/izdelek\/heart_resin_coffee_bean_trinket_tray\/#breadcrumb\",\"itemListElement\":[{\"@type\":\"ListItem\",\"position\":1,\"name\":\"Home\",\"item\":\"https:\/\/www.malasmora.si\/\"},{\"@type\":\"ListItem\",\"position\":2,\"name\":\"Shop\",\"item\":\"https:\/\/www.malasmora.si\/shop\/\"},{\"@type\":\"ListItem\",\"position\":3,\"name\":\"Ro\u010dno izdelana unikatna posoda za nakit ali drobnarije v obliki srca iz smole in kavnih zrn\"}]},{\"@type\":\"WebSite\",\"@id\":\"https:\/\/www.malasmora.si\/#website\",\"url\":\"https:\/\/www.malasmora.si\/\",\"name\":\"Mala s mora\",\"description\":\"Ro\u010dno izdelan nakit iz epoksi smole\",\"publisher\":{\"@id\":\"https:\/\/www.malasmora.si\/#organization\"},\"potentialAction\":[{\"@type\":\"SearchAction\",\"target\":{\"@type\":\"EntryPoint\",\"urlTemplate\":\"https:\/\/www.malasmora.si\/?s={search_term_string}\"},\"query-input\":{\"@type\":\"PropertyValueSpecification\",\"valueRequired\":true,\"valueName\":\"search_term_string\"}}],\"inLanguage\":\"hr\"},{\"@type\":\"Organization\",\"@id\":\"https:\/\/www.malasmora.si\/#organization\",\"name\":\"Mala s mora\",\"url\":\"https:\/\/www.malasmora.si\/\",\"logo\":{\"@type\":\"ImageObject\",\"inLanguage\":\"hr\",\"@id\":\"https:\/\/www.malasmora.si\/#\/schema\/logo\/image\/\",\"url\":\"https:\/\/www.malasmora.si\/wp-content\/uploads\/2025\/07\/logo_novi_03.png\",\"contentUrl\":\"https:\/\/www.malasmora.si\/wp-content\/uploads\/2025\/07\/logo_novi_03.png\",\"width\":1536,\"height\":1024,\"caption\":\"Mala s mora\"},\"image\":{\"@id\":\"https:\/\/www.malasmora.si\/#\/schema\/logo\/image\/\"},\"sameAs\":[\"https:\/\/www.facebook.com\/MalaSMoraArt\/\"]}]}<\/script>\n<!-- \/ Yoast SEO plugin. -->","yoast_head_json":{"title":"Ro\u010dno izdelana unikatna posoda za nakit ali drobnarije v obliki srca iz smole in kavnih zrn - Mala s mora","description":"Heart resin coffee bean trinket tray, Posoda za drobnarije iz smole s pravimi kavni zrni, Posuda za nakit i sitnice od smole sa zrnima prave kave","robots":{"index":"index","follow":"follow","max-snippet":"max-snippet:-1","max-image-preview":"max-image-preview:large","max-video-preview":"max-video-preview:-1"},"canonical":"https:\/\/www.malasmora.si\/hr\/proizvod\/heart_resin_coffee_bean_trinket_tray\/","og_locale":"hr_HR","og_type":"article","og_title":"Ro\u010dno izdelana unikatna posoda za nakit ali drobnarije v obliki srca iz smole in kavnih zrn - Mala s mora","og_description":"Heart resin coffee bean trinket tray, Posoda za drobnarije iz smole s pravimi kavni zrni, Posuda za nakit i sitnice od smole sa zrnima prave kave","og_url":"https:\/\/www.malasmora.si\/hr\/proizvod\/heart_resin_coffee_bean_trinket_tray\/","og_site_name":"Mala s mora","article_publisher":"https:\/\/www.facebook.com\/MalaSMoraArt\/","article_modified_time":"2025-02-17T13:52:04+00:00","og_image":[{"width":1920,"height":2560,"url":"https:\/\/www.malasmora.si\/wp-content\/uploads\/2024\/02\/il_fullxfull.5740767799_88d4-scaled.jpg","type":"image\/jpeg"}],"twitter_card":"summary_large_image","twitter_misc":{"Procijenjeno vrijeme \u010ditanja":"1 minuta"},"schema":{"@context":"https:\/\/schema.org","@graph":[{"@type":"WebPage","@id":"https:\/\/www.malasmora.si\/izdelek\/heart_resin_coffee_bean_trinket_tray\/","url":"https:\/\/www.malasmora.si\/izdelek\/heart_resin_coffee_bean_trinket_tray\/","name":"Ro\u010dno izdelana unikatna posoda za nakit ali drobnarije v obliki srca iz smole in kavnih zrn - Mala s mora","isPartOf":{"@id":"https:\/\/www.malasmora.si\/#website"},"primaryImageOfPage":{"@id":"https:\/\/www.malasmora.si\/izdelek\/heart_resin_coffee_bean_trinket_tray\/#primaryimage"},"image":{"@id":"https:\/\/www.malasmora.si\/izdelek\/heart_resin_coffee_bean_trinket_tray\/#primaryimage"},"thumbnailUrl":"https:\/\/www.malasmora.si\/wp-content\/uploads\/2024\/02\/il_fullxfull.5740767799_88d4-scaled.jpg","datePublished":"2024-02-23T13:03:54+00:00","dateModified":"2025-02-17T13:52:04+00:00","description":"Heart resin coffee bean trinket tray, Posoda za drobnarije iz smole s pravimi kavni zrni, Posuda za nakit i sitnice od smole sa zrnima prave kave","breadcrumb":{"@id":"https:\/\/www.malasmora.si\/izdelek\/heart_resin_coffee_bean_trinket_tray\/#breadcrumb"},"inLanguage":"hr","potentialAction":[{"@type":"ReadAction","target":["https:\/\/www.malasmora.si\/izdelek\/heart_resin_coffee_bean_trinket_tray\/"]}]},{"@type":"ImageObject","inLanguage":"hr","@id":"https:\/\/www.malasmora.si\/izdelek\/heart_resin_coffee_bean_trinket_tray\/#primaryimage","url":"https:\/\/www.malasmora.si\/wp-content\/uploads\/2024\/02\/il_fullxfull.5740767799_88d4-scaled.jpg","contentUrl":"https:\/\/www.malasmora.si\/wp-content\/uploads\/2024\/02\/il_fullxfull.5740767799_88d4-scaled.jpg","width":1920,"height":2560},{"@type":"BreadcrumbList","@id":"https:\/\/www.malasmora.si\/izdelek\/heart_resin_coffee_bean_trinket_tray\/#breadcrumb","itemListElement":[{"@type":"ListItem","position":1,"name":"Home","item":"https:\/\/www.malasmora.si\/"},{"@type":"ListItem","position":2,"name":"Shop","item":"https:\/\/www.malasmora.si\/shop\/"},{"@type":"ListItem","position":3,"name":"Ro\u010dno izdelana unikatna posoda za nakit ali drobnarije v obliki srca iz smole in kavnih zrn"}]},{"@type":"WebSite","@id":"https:\/\/www.malasmora.si\/#website","url":"https:\/\/www.malasmora.si\/","name":"Mala s mora","description":"Ro\u010dno izdelan nakit iz epoksi smole","publisher":{"@id":"https:\/\/www.malasmora.si\/#organization"},"potentialAction":[{"@type":"SearchAction","target":{"@type":"EntryPoint","urlTemplate":"https:\/\/www.malasmora.si\/?s={search_term_string}"},"query-input":{"@type":"PropertyValueSpecification","valueRequired":true,"valueName":"search_term_string"}}],"inLanguage":"hr"},{"@type":"Organization","@id":"https:\/\/www.malasmora.si\/#organization","name":"Mala s mora","url":"https:\/\/www.malasmora.si\/","logo":{"@type":"ImageObject","inLanguage":"hr","@id":"https:\/\/www.malasmora.si\/#\/schema\/logo\/image\/","url":"https:\/\/www.malasmora.si\/wp-content\/uploads\/2025\/07\/logo_novi_03.png","contentUrl":"https:\/\/www.malasmora.si\/wp-content\/uploads\/2025\/07\/logo_novi_03.png","width":1536,"height":1024,"caption":"Mala s mora"},"image":{"@id":"https:\/\/www.malasmora.si\/#\/schema\/logo\/image\/"},"sameAs":["https:\/\/www.facebook.com\/MalaSMoraArt\/"]}]}},"_links":{"self":[{"href":"https:\/\/www.malasmora.si\/hr\/wp-json\/wp\/v2\/product\/1963","targetHints":{"allow":["GET"]}}],"collection":[{"href":"https:\/\/www.malasmora.si\/hr\/wp-json\/wp\/v2\/product"}],"about":[{"href":"https:\/\/www.malasmora.si\/hr\/wp-json\/wp\/v2\/types\/product"}],"replies":[{"embeddable":true,"href":"https:\/\/www.malasmora.si\/hr\/wp-json\/wp\/v2\/comments?post=1963"}],"wp:featuredmedia":[{"embeddable":true,"href":"https:\/\/www.malasmora.si\/hr\/wp-json\/wp\/v2\/media\/1962"}],"wp:attachment":[{"href":"https:\/\/www.malasmora.si\/hr\/wp-json\/wp\/v2\/media?parent=1963"}],"wp:term":[{"taxonomy":"product_brand","embeddable":true,"href":"https:\/\/www.malasmora.si\/hr\/wp-json\/wp\/v2\/product_brand?post=1963"},{"taxonomy":"product_cat","embeddable":true,"href":"https:\/\/www.malasmora.si\/hr\/wp-json\/wp\/v2\/product_cat?post=1963"},{"taxonomy":"product_tag","embeddable":true,"href":"https:\/\/www.malasmora.si\/hr\/wp-json\/wp\/v2\/product_tag?post=1963"}],"curies":[{"name":"wp","href":"https:\/\/api.w.org\/{rel}","templated":true}]}}