{"id":1967,"date":"2024-02-23T15:04:10","date_gmt":"2024-02-23T13:04:10","guid":{"rendered":"https:\/\/www.malasmora.si\/izdelek\/handmade-natural-turquoise-resin-pendant-necklaces\/"},"modified":"2026-02-03T14:34:03","modified_gmt":"2026-02-03T12:34:03","slug":"real_turquoise_in_resin_necklace","status":"publish","type":"product","link":"https:\/\/www.malasmora.si\/hr\/proizvod\/real_turquoise_in_resin_necklace\/","title":{"rendered":"Ogrlica iz smole v obliki solze s pravim turkizom"},"content":{"rendered":"<p>Ta ro\u010dno izdelana ogrlica v obliki solze je narejena iz smole in pravih turkiznih kamnov, zaradi \u010desar je vsak kos resni\u010dno edinstven.<br \/>\nNa voljo v dveh edinstvenih razli\u010dicah, vsaka s svojim zna\u010dajem in \u0161armom.<\/p>\n<p>\u2728 Razli\u010dica A \u2013 \u010crno ozadje<br \/>\nVsebuje tri pristne turkizne ko\u0161\u010dke na temno \u010drnem ozadju z ne\u017enimi zlatimi poudarki in ne\u017enimi zlatimi luskicami za brez\u010dasen, eleganten videz.<\/p>\n<p>\u2728 Razli\u010dica B \u2013 Rumeno ozadje<br \/>\nTa razli\u010dica na toplem rumenem ozadju vklju\u010duje tri turkizne ko\u0161\u010dke, od katerih eden ka\u017ee svojo naravno temnej\u0161o plat.<br \/>\nTa detajl poudarja surovo, organsko lepoto pravega kamna, zaradi \u010desar je ogrlica \u0161e bolj edinstvena in pristna.<\/p>\n<p>\u2728 Podrobnosti (obe razli\u010dici):<\/p>\n<p>Oblika obeska: solza<br \/>\nVelikost obeska: pribli\u017eno 3 cm<br \/>\nMateriali: smola, pravi turkiz, zlati luski<br \/>\nVeri\u017eica: nerjave\u010de jeklo zlate barve<br \/>\nDol\u017eina veri\u017eice: 45 cm<br \/>\nZaklju\u010dek: sijajni<br \/>\nRo\u010dno izdelano \u2013 vsaka ogrlica je edinstvena in se lahko nekoliko razlikuje<\/p>\n<p>\ud83c\udf81 Prilo\u017eeno skrbno zapakirano in pripravljeno za darilo.<\/p>\n<p>Te ogrlice slavijo individualnost, naravne nepopolnosti in ro\u010dno izdelano umetnost \u2013 popolne so za tiste, ki cenijo nakit z du\u0161o.<\/p>\n<p>\u2728 O turkizu<br \/>\nTurkiz je kamen, ki se tradicionalno povezuje z umirjenostjo, notranjim mirom in \u010dustvenim ravnovesjem.<br \/>\nNa splo\u0161no velja prepri\u010danje, da ponuja za\u0161\u010dito, zdravilno energijo, uspeh in sre\u010do, zaradi \u010desar je smiselna izbira za vsakodnevni nakit.<\/p>\n<p>Turkiz velja tudi za idealen dragulj za Strelca, saj simbolizira modrost, resnico in pozitivno energijo.<\/p>","protected":false},"excerpt":{"rendered":"<p>Ta ro\u010dno izdelana ogrlica v obliki solze je narejena iz smole in pravih turkiznih kamnov, zaradi \u010desar je vsak kos resni\u010dno edinstven. Na voljo v dveh edinstvenih razli\u010dicah, vsaka s svojim zna\u010dajem in \u0161armom. \u2728 Razli\u010dica A \u2013 \u010crno ozadje Vsebuje tri pristne turkizne ko\u0161\u010dke na temno \u010drnem ozadju z ne\u017enimi zlatimi poudarki in ne\u017enimi&#8230;<\/p>","protected":false},"featured_media":1966,"comment_status":"open","ping_status":"closed","template":"","meta":{"_kadence_starter_templates_imported_post":false,"_kad_post_transparent":"default","_kad_post_title":"","_kad_post_layout":"default","_kad_post_sidebar_id":"","_kad_post_content_style":"default","_kad_post_vertical_padding":"default","_kad_post_feature":"","_kad_post_feature_position":"","_kad_post_header":false,"_kad_post_footer":false},"product_brand":[],"product_cat":[20],"product_tag":[160,63,157,65,107,67,60,59,58,158,159,156,69],"class_list":{"0":"post-1967","1":"product","2":"type-product","3":"status-publish","4":"has-post-thumbnail","6":"product_cat-necklaces","7":"product_tag-birthstone","8":"product_tag-designer_jewelry","9":"product_tag-gemstone_jewelry","10":"product_tag-gift_for_her","11":"product_tag-gift_for_him","12":"product_tag-handmade_jewelry","13":"product_tag-handmade_necklace","14":"product_tag-handmade_pendant","15":"product_tag-pendant_necklace","16":"product_tag-turquoise_jewelry","17":"product_tag-turquoise_necklace","18":"product_tag-turquoise_pendant","19":"product_tag-unique_jewelry","21":"first","22":"instock","23":"taxable","24":"shipping-taxable","25":"purchasable","26":"product-type-variable","27":"entry","28":"content-bg","29":"loop-entry"},"yoast_head":"<!-- This site is optimized with the Yoast SEO plugin v26.6 - https:\/\/yoast.com\/wordpress\/plugins\/seo\/ -->\n<title>Ogrlica iz smole v obliki solze s pravim turkizom - Mala s mora<\/title>\n<meta name=\"description\" content=\"Teardrop Resin Necklace with Real Turquoise, Ogrlica iz smole v obliki solze s pravim turkizom, Ogrlica od smole u obliku suze s pravim tirkizom\" \/>\n<meta name=\"robots\" content=\"index, follow, max-snippet:-1, max-image-preview:large, max-video-preview:-1\" \/>\n<link rel=\"canonical\" href=\"https:\/\/www.malasmora.si\/hr\/proizvod\/real_turquoise_in_resin_necklace\/\" \/>\n<meta property=\"og:locale\" content=\"hr_HR\" \/>\n<meta property=\"og:type\" content=\"article\" \/>\n<meta property=\"og:title\" content=\"Ogrlica iz smole v obliki solze s pravim turkizom - Mala s mora\" \/>\n<meta property=\"og:description\" content=\"Teardrop Resin Necklace with Real Turquoise, Ogrlica iz smole v obliki solze s pravim turkizom, Ogrlica od smole u obliku suze s pravim tirkizom\" \/>\n<meta property=\"og:url\" content=\"https:\/\/www.malasmora.si\/hr\/proizvod\/real_turquoise_in_resin_necklace\/\" \/>\n<meta property=\"og:site_name\" content=\"Mala s mora\" \/>\n<meta property=\"article:publisher\" content=\"https:\/\/www.facebook.com\/MalaSMoraArt\/\" \/>\n<meta property=\"article:modified_time\" content=\"2026-02-03T12:34:03+00:00\" \/>\n<meta property=\"og:image\" content=\"https:\/\/www.malasmora.si\/wp-content\/uploads\/2024\/02\/il_fullxfull.5733369249_n5v4.jpg\" \/>\n\t<meta property=\"og:image:width\" content=\"1887\" \/>\n\t<meta property=\"og:image:height\" content=\"2516\" \/>\n\t<meta property=\"og:image:type\" content=\"image\/jpeg\" \/>\n<meta name=\"twitter:card\" content=\"summary_large_image\" \/>\n<meta name=\"twitter:label1\" content=\"Procijenjeno vrijeme \u010ditanja\" \/>\n\t<meta name=\"twitter:data1\" content=\"2 minute\" \/>\n<script type=\"application\/ld+json\" class=\"yoast-schema-graph\">{\"@context\":\"https:\/\/schema.org\",\"@graph\":[{\"@type\":\"WebPage\",\"@id\":\"https:\/\/www.malasmora.si\/izdelek\/real_turquoise_in_resin_necklace\/\",\"url\":\"https:\/\/www.malasmora.si\/izdelek\/real_turquoise_in_resin_necklace\/\",\"name\":\"Ogrlica iz smole v obliki solze s pravim turkizom - Mala s mora\",\"isPartOf\":{\"@id\":\"https:\/\/www.malasmora.si\/#website\"},\"primaryImageOfPage\":{\"@id\":\"https:\/\/www.malasmora.si\/izdelek\/real_turquoise_in_resin_necklace\/#primaryimage\"},\"image\":{\"@id\":\"https:\/\/www.malasmora.si\/izdelek\/real_turquoise_in_resin_necklace\/#primaryimage\"},\"thumbnailUrl\":\"https:\/\/www.malasmora.si\/wp-content\/uploads\/2024\/02\/il_fullxfull.5733369249_n5v4.jpg\",\"datePublished\":\"2024-02-23T13:04:10+00:00\",\"dateModified\":\"2026-02-03T12:34:03+00:00\",\"description\":\"Teardrop Resin Necklace with Real Turquoise, Ogrlica iz smole v obliki solze s pravim turkizom, Ogrlica od smole u obliku suze s pravim tirkizom\",\"breadcrumb\":{\"@id\":\"https:\/\/www.malasmora.si\/izdelek\/real_turquoise_in_resin_necklace\/#breadcrumb\"},\"inLanguage\":\"hr\",\"potentialAction\":[{\"@type\":\"ReadAction\",\"target\":[\"https:\/\/www.malasmora.si\/izdelek\/real_turquoise_in_resin_necklace\/\"]}]},{\"@type\":\"ImageObject\",\"inLanguage\":\"hr\",\"@id\":\"https:\/\/www.malasmora.si\/izdelek\/real_turquoise_in_resin_necklace\/#primaryimage\",\"url\":\"https:\/\/www.malasmora.si\/wp-content\/uploads\/2024\/02\/il_fullxfull.5733369249_n5v4.jpg\",\"contentUrl\":\"https:\/\/www.malasmora.si\/wp-content\/uploads\/2024\/02\/il_fullxfull.5733369249_n5v4.jpg\",\"width\":1887,\"height\":2516,\"caption\":\"real_turquoise_in_resin_necklace_N540\"},{\"@type\":\"BreadcrumbList\",\"@id\":\"https:\/\/www.malasmora.si\/izdelek\/real_turquoise_in_resin_necklace\/#breadcrumb\",\"itemListElement\":[{\"@type\":\"ListItem\",\"position\":1,\"name\":\"Home\",\"item\":\"https:\/\/www.malasmora.si\/\"},{\"@type\":\"ListItem\",\"position\":2,\"name\":\"Shop\",\"item\":\"https:\/\/www.malasmora.si\/shop\/\"},{\"@type\":\"ListItem\",\"position\":3,\"name\":\"Ogrlica iz smole v obliki solze s pravim turkizom\"}]},{\"@type\":\"WebSite\",\"@id\":\"https:\/\/www.malasmora.si\/#website\",\"url\":\"https:\/\/www.malasmora.si\/\",\"name\":\"Mala s mora\",\"description\":\"Ro\u010dno izdelan nakit iz epoksi smole\",\"publisher\":{\"@id\":\"https:\/\/www.malasmora.si\/#organization\"},\"potentialAction\":[{\"@type\":\"SearchAction\",\"target\":{\"@type\":\"EntryPoint\",\"urlTemplate\":\"https:\/\/www.malasmora.si\/?s={search_term_string}\"},\"query-input\":{\"@type\":\"PropertyValueSpecification\",\"valueRequired\":true,\"valueName\":\"search_term_string\"}}],\"inLanguage\":\"hr\"},{\"@type\":\"Organization\",\"@id\":\"https:\/\/www.malasmora.si\/#organization\",\"name\":\"Mala s mora\",\"url\":\"https:\/\/www.malasmora.si\/\",\"logo\":{\"@type\":\"ImageObject\",\"inLanguage\":\"hr\",\"@id\":\"https:\/\/www.malasmora.si\/#\/schema\/logo\/image\/\",\"url\":\"https:\/\/www.malasmora.si\/wp-content\/uploads\/2025\/07\/logo_novi_03.png\",\"contentUrl\":\"https:\/\/www.malasmora.si\/wp-content\/uploads\/2025\/07\/logo_novi_03.png\",\"width\":1536,\"height\":1024,\"caption\":\"Mala s mora\"},\"image\":{\"@id\":\"https:\/\/www.malasmora.si\/#\/schema\/logo\/image\/\"},\"sameAs\":[\"https:\/\/www.facebook.com\/MalaSMoraArt\/\"]}]}<\/script>\n<!-- \/ Yoast SEO plugin. -->","yoast_head_json":{"title":"Ogrlica iz smole v obliki solze s pravim turkizom - Mala s mora","description":"Teardrop Resin Necklace with Real Turquoise, Ogrlica iz smole v obliki solze s pravim turkizom, Ogrlica od smole u obliku suze s pravim tirkizom","robots":{"index":"index","follow":"follow","max-snippet":"max-snippet:-1","max-image-preview":"max-image-preview:large","max-video-preview":"max-video-preview:-1"},"canonical":"https:\/\/www.malasmora.si\/hr\/proizvod\/real_turquoise_in_resin_necklace\/","og_locale":"hr_HR","og_type":"article","og_title":"Ogrlica iz smole v obliki solze s pravim turkizom - Mala s mora","og_description":"Teardrop Resin Necklace with Real Turquoise, Ogrlica iz smole v obliki solze s pravim turkizom, Ogrlica od smole u obliku suze s pravim tirkizom","og_url":"https:\/\/www.malasmora.si\/hr\/proizvod\/real_turquoise_in_resin_necklace\/","og_site_name":"Mala s mora","article_publisher":"https:\/\/www.facebook.com\/MalaSMoraArt\/","article_modified_time":"2026-02-03T12:34:03+00:00","og_image":[{"width":1887,"height":2516,"url":"https:\/\/www.malasmora.si\/wp-content\/uploads\/2024\/02\/il_fullxfull.5733369249_n5v4.jpg","type":"image\/jpeg"}],"twitter_card":"summary_large_image","twitter_misc":{"Procijenjeno vrijeme \u010ditanja":"2 minute"},"schema":{"@context":"https:\/\/schema.org","@graph":[{"@type":"WebPage","@id":"https:\/\/www.malasmora.si\/izdelek\/real_turquoise_in_resin_necklace\/","url":"https:\/\/www.malasmora.si\/izdelek\/real_turquoise_in_resin_necklace\/","name":"Ogrlica iz smole v obliki solze s pravim turkizom - Mala s mora","isPartOf":{"@id":"https:\/\/www.malasmora.si\/#website"},"primaryImageOfPage":{"@id":"https:\/\/www.malasmora.si\/izdelek\/real_turquoise_in_resin_necklace\/#primaryimage"},"image":{"@id":"https:\/\/www.malasmora.si\/izdelek\/real_turquoise_in_resin_necklace\/#primaryimage"},"thumbnailUrl":"https:\/\/www.malasmora.si\/wp-content\/uploads\/2024\/02\/il_fullxfull.5733369249_n5v4.jpg","datePublished":"2024-02-23T13:04:10+00:00","dateModified":"2026-02-03T12:34:03+00:00","description":"Teardrop Resin Necklace with Real Turquoise, Ogrlica iz smole v obliki solze s pravim turkizom, Ogrlica od smole u obliku suze s pravim tirkizom","breadcrumb":{"@id":"https:\/\/www.malasmora.si\/izdelek\/real_turquoise_in_resin_necklace\/#breadcrumb"},"inLanguage":"hr","potentialAction":[{"@type":"ReadAction","target":["https:\/\/www.malasmora.si\/izdelek\/real_turquoise_in_resin_necklace\/"]}]},{"@type":"ImageObject","inLanguage":"hr","@id":"https:\/\/www.malasmora.si\/izdelek\/real_turquoise_in_resin_necklace\/#primaryimage","url":"https:\/\/www.malasmora.si\/wp-content\/uploads\/2024\/02\/il_fullxfull.5733369249_n5v4.jpg","contentUrl":"https:\/\/www.malasmora.si\/wp-content\/uploads\/2024\/02\/il_fullxfull.5733369249_n5v4.jpg","width":1887,"height":2516,"caption":"real_turquoise_in_resin_necklace_N540"},{"@type":"BreadcrumbList","@id":"https:\/\/www.malasmora.si\/izdelek\/real_turquoise_in_resin_necklace\/#breadcrumb","itemListElement":[{"@type":"ListItem","position":1,"name":"Home","item":"https:\/\/www.malasmora.si\/"},{"@type":"ListItem","position":2,"name":"Shop","item":"https:\/\/www.malasmora.si\/shop\/"},{"@type":"ListItem","position":3,"name":"Ogrlica iz smole v obliki solze s pravim turkizom"}]},{"@type":"WebSite","@id":"https:\/\/www.malasmora.si\/#website","url":"https:\/\/www.malasmora.si\/","name":"Mala s mora","description":"Ro\u010dno izdelan nakit iz epoksi smole","publisher":{"@id":"https:\/\/www.malasmora.si\/#organization"},"potentialAction":[{"@type":"SearchAction","target":{"@type":"EntryPoint","urlTemplate":"https:\/\/www.malasmora.si\/?s={search_term_string}"},"query-input":{"@type":"PropertyValueSpecification","valueRequired":true,"valueName":"search_term_string"}}],"inLanguage":"hr"},{"@type":"Organization","@id":"https:\/\/www.malasmora.si\/#organization","name":"Mala s mora","url":"https:\/\/www.malasmora.si\/","logo":{"@type":"ImageObject","inLanguage":"hr","@id":"https:\/\/www.malasmora.si\/#\/schema\/logo\/image\/","url":"https:\/\/www.malasmora.si\/wp-content\/uploads\/2025\/07\/logo_novi_03.png","contentUrl":"https:\/\/www.malasmora.si\/wp-content\/uploads\/2025\/07\/logo_novi_03.png","width":1536,"height":1024,"caption":"Mala s mora"},"image":{"@id":"https:\/\/www.malasmora.si\/#\/schema\/logo\/image\/"},"sameAs":["https:\/\/www.facebook.com\/MalaSMoraArt\/"]}]}},"_links":{"self":[{"href":"https:\/\/www.malasmora.si\/hr\/wp-json\/wp\/v2\/product\/1967","targetHints":{"allow":["GET"]}}],"collection":[{"href":"https:\/\/www.malasmora.si\/hr\/wp-json\/wp\/v2\/product"}],"about":[{"href":"https:\/\/www.malasmora.si\/hr\/wp-json\/wp\/v2\/types\/product"}],"replies":[{"embeddable":true,"href":"https:\/\/www.malasmora.si\/hr\/wp-json\/wp\/v2\/comments?post=1967"}],"wp:featuredmedia":[{"embeddable":true,"href":"https:\/\/www.malasmora.si\/hr\/wp-json\/wp\/v2\/media\/1966"}],"wp:attachment":[{"href":"https:\/\/www.malasmora.si\/hr\/wp-json\/wp\/v2\/media?parent=1967"}],"wp:term":[{"taxonomy":"product_brand","embeddable":true,"href":"https:\/\/www.malasmora.si\/hr\/wp-json\/wp\/v2\/product_brand?post=1967"},{"taxonomy":"product_cat","embeddable":true,"href":"https:\/\/www.malasmora.si\/hr\/wp-json\/wp\/v2\/product_cat?post=1967"},{"taxonomy":"product_tag","embeddable":true,"href":"https:\/\/www.malasmora.si\/hr\/wp-json\/wp\/v2\/product_tag?post=1967"}],"curies":[{"name":"wp","href":"https:\/\/api.w.org\/{rel}","templated":true}]}}