{"id":1973,"date":"2024-02-23T15:04:35","date_gmt":"2024-02-23T13:04:35","guid":{"rendered":"https:\/\/www.malasmora.si\/izdelek\/unique-alcohol-ink-resin-pendant-necklace\/"},"modified":"2025-02-05T12:36:12","modified_gmt":"2025-02-05T10:36:12","slug":"fluid_art-resin_necklace","status":"publish","type":"product","link":"https:\/\/www.malasmora.si\/hr\/proizvod\/fluid_art-resin_necklace\/","title":{"rendered":"Ogrlica iz smole Fluid Art"},"content":{"rendered":"<p>Ogrlice od smole s alkoholnom tintom prikladne su za svaki stil i prigodu. Izvrstan su poklon za svakoga tko voli ljepotu i umjetnost.<br \/>\nSvaki privjesak je ru\u010dno izra\u0111en i ima jedinstveni uzorak.<\/p>\n<p>\ud83d\udcd0Dimenzije so:<br \/>\n&#8211; Obeski v obliki solze so veliki 3,9 x 2,7 cm (1,54&#8243; x 1,06&#8243;)<br \/>\nVeri\u017eice iz nerjave\u010dega jekla so 50 cm (19,67&#8243;)<\/p>\n<p>&#8211; Obesek v obliki romba je 3,9 x 2,5 cm (1,54&#8243; x 0,98&#8243;)<br \/>\n\u010crna vrvica je 60 cm + 5 cm podalj\u0161ka (23,62&#8243; + 1,97&#8243;)<\/p>\n<p><img decoding=\"async\" class=\"emoji\" role=\"img\" draggable=\"false\" src=\"https:\/\/s.w.org\/images\/core\/emoji\/15.0.3\/svg\/1f496.svg\" alt=\"\ud83d\udc96\" \/> NJEGA ZA RU\u010cNO IZRA\u0110ENI NAKIT <img decoding=\"async\" class=\"emoji\" role=\"img\" draggable=\"false\" src=\"https:\/\/s.w.org\/images\/core\/emoji\/15.0.3\/svg\/1f496.svg\" alt=\"\ud83d\udc96\" \/><br \/>\nMolimo \u010duvajte na suhom mjestu i izbjegavajte dugotrajnu izravnu sun\u010devu svjetlost, vodu, kemikalije i parfeme kako biste sa\u010duvali i odr\u017eali ljepotu nakita.<\/p>\n<p><img decoding=\"async\" class=\"emoji\" role=\"img\" draggable=\"false\" src=\"https:\/\/s.w.org\/images\/core\/emoji\/15.0.3\/svg\/1f536.svg\" alt=\"\ud83d\udd36\" \/>Vse izdelke sem ro\u010dno izdelala, torej ne obstajajo dva enaka. Poleg tega zaradi ro\u010dne izdelave vedno obstaja mo\u017enost majhnih nepravilnosti in mehur\u010dkov.<\/p>\n<p><img decoding=\"async\" class=\"emoji\" role=\"img\" draggable=\"false\" src=\"https:\/\/s.w.org\/images\/core\/emoji\/15.0.3\/svg\/1f536.svg\" alt=\"\ud83d\udd36\" \/>Imajte na umu da se boja mo\u017ee neznatno razlikovati na nekim monitorima zbog razli\u010ditih postavki slike.<\/p>","protected":false},"excerpt":{"rendered":"<p>Ogrlice z obeski iz smole z alkoholnim \u010drnilom so primerne za vsak stil in prilo\u017enost. Je odli\u010dno darilo za vse, ki imate radi lepoto in umetnost. Vsak obesek je ro\u010dno izdelan in ima unikaten vzorec. \ud83d\udcd0Dimenzije so: &#8211; Obeski v obliki solze so veliki 3,9 x 2,7 cm (1,54&#8243; x 1,06&#8243;) Veri\u017eice iz nerjave\u010dega jekla&#8230;<\/p>","protected":false},"featured_media":3403,"comment_status":"open","ping_status":"closed","template":"","meta":{"_kadence_starter_templates_imported_post":false,"_kad_post_transparent":"default","_kad_post_title":"","_kad_post_layout":"default","_kad_post_sidebar_id":"","_kad_post_content_style":"default","_kad_post_vertical_padding":"default","_kad_post_feature":"","_kad_post_feature_position":"","_kad_post_header":false,"_kad_post_footer":false},"product_brand":[],"product_cat":[20],"product_tag":[204,208,870,65,210,67,60,59,207,206,203,168,209,205],"class_list":{"0":"post-1973","1":"product","2":"type-product","3":"status-publish","4":"has-post-thumbnail","6":"product_cat-necklaces","7":"product_tag-alcohol_ink_pendant","8":"product_tag-boho_pendant","9":"product_tag-fuid_art_resin_necklace","10":"product_tag-gift_for_her","11":"product_tag-green_pendant","12":"product_tag-handmade_jewelry","13":"product_tag-handmade_necklace","14":"product_tag-handmade_pendant","15":"product_tag-heartshape_pendant","16":"product_tag-penthagonal_pendant","17":"product_tag-red_pendant","18":"product_tag-resin_necklace","19":"product_tag-unique_handmade","20":"product_tag-unique_necklace","22":"first","23":"instock","24":"taxable","25":"shipping-taxable","26":"purchasable","27":"product-type-variable","28":"entry","29":"content-bg","30":"loop-entry"},"yoast_head":"<!-- This site is optimized with the Yoast SEO plugin v26.6 - https:\/\/yoast.com\/wordpress\/plugins\/seo\/ -->\n<title>Ogrlica iz smole Fluid Art - Mala s mora<\/title>\n<meta name=\"description\" content=\"Fluid art resin necklace, Ogrlica iz smole Fluid Art, Fluid art ogrlica od smole\" \/>\n<meta name=\"robots\" content=\"index, follow, max-snippet:-1, max-image-preview:large, max-video-preview:-1\" \/>\n<link rel=\"canonical\" href=\"https:\/\/www.malasmora.si\/hr\/proizvod\/fluid_art-resin_necklace\/\" \/>\n<meta property=\"og:locale\" content=\"hr_HR\" \/>\n<meta property=\"og:type\" content=\"article\" \/>\n<meta property=\"og:title\" content=\"Ogrlica iz smole Fluid Art - Mala s mora\" \/>\n<meta property=\"og:description\" content=\"Fluid art resin necklace, Ogrlica iz smole Fluid Art, Fluid art ogrlica od smole\" \/>\n<meta property=\"og:url\" content=\"https:\/\/www.malasmora.si\/hr\/proizvod\/fluid_art-resin_necklace\/\" \/>\n<meta property=\"og:site_name\" content=\"Mala s mora\" \/>\n<meta property=\"article:publisher\" content=\"https:\/\/www.facebook.com\/MalaSMoraArt\/\" \/>\n<meta property=\"article:modified_time\" content=\"2025-02-05T10:36:12+00:00\" \/>\n<meta property=\"og:image\" content=\"https:\/\/www.malasmora.si\/wp-content\/uploads\/2024\/02\/teardrop_green_yellow_resin_necklace_4-scaled.jpg\" \/>\n\t<meta property=\"og:image:width\" content=\"2560\" \/>\n\t<meta property=\"og:image:height\" content=\"2375\" \/>\n\t<meta property=\"og:image:type\" content=\"image\/jpeg\" \/>\n<meta name=\"twitter:card\" content=\"summary_large_image\" \/>\n<meta name=\"twitter:label1\" content=\"Procijenjeno vrijeme \u010ditanja\" \/>\n\t<meta name=\"twitter:data1\" content=\"2 minute\" \/>\n<script type=\"application\/ld+json\" class=\"yoast-schema-graph\">{\"@context\":\"https:\/\/schema.org\",\"@graph\":[{\"@type\":\"WebPage\",\"@id\":\"https:\/\/www.malasmora.si\/izdelek\/fluid_art-resin_necklace\/\",\"url\":\"https:\/\/www.malasmora.si\/izdelek\/fluid_art-resin_necklace\/\",\"name\":\"Ogrlica iz smole Fluid Art - Mala s mora\",\"isPartOf\":{\"@id\":\"https:\/\/www.malasmora.si\/#website\"},\"primaryImageOfPage\":{\"@id\":\"https:\/\/www.malasmora.si\/izdelek\/fluid_art-resin_necklace\/#primaryimage\"},\"image\":{\"@id\":\"https:\/\/www.malasmora.si\/izdelek\/fluid_art-resin_necklace\/#primaryimage\"},\"thumbnailUrl\":\"https:\/\/www.malasmora.si\/wp-content\/uploads\/2024\/02\/teardrop_green_yellow_resin_necklace_4-scaled.jpg\",\"datePublished\":\"2024-02-23T13:04:35+00:00\",\"dateModified\":\"2025-02-05T10:36:12+00:00\",\"description\":\"Fluid art resin necklace, Ogrlica iz smole Fluid Art, Fluid art ogrlica od smole\",\"breadcrumb\":{\"@id\":\"https:\/\/www.malasmora.si\/izdelek\/fluid_art-resin_necklace\/#breadcrumb\"},\"inLanguage\":\"hr\",\"potentialAction\":[{\"@type\":\"ReadAction\",\"target\":[\"https:\/\/www.malasmora.si\/izdelek\/fluid_art-resin_necklace\/\"]}]},{\"@type\":\"ImageObject\",\"inLanguage\":\"hr\",\"@id\":\"https:\/\/www.malasmora.si\/izdelek\/fluid_art-resin_necklace\/#primaryimage\",\"url\":\"https:\/\/www.malasmora.si\/wp-content\/uploads\/2024\/02\/teardrop_green_yellow_resin_necklace_4-scaled.jpg\",\"contentUrl\":\"https:\/\/www.malasmora.si\/wp-content\/uploads\/2024\/02\/teardrop_green_yellow_resin_necklace_4-scaled.jpg\",\"width\":2560,\"height\":2375,\"caption\":\"teardrop_green_yellow_resin_necklace_4\"},{\"@type\":\"BreadcrumbList\",\"@id\":\"https:\/\/www.malasmora.si\/izdelek\/fluid_art-resin_necklace\/#breadcrumb\",\"itemListElement\":[{\"@type\":\"ListItem\",\"position\":1,\"name\":\"Home\",\"item\":\"https:\/\/www.malasmora.si\/\"},{\"@type\":\"ListItem\",\"position\":2,\"name\":\"Shop\",\"item\":\"https:\/\/www.malasmora.si\/shop\/\"},{\"@type\":\"ListItem\",\"position\":3,\"name\":\"Ogrlica iz smole Fluid Art\"}]},{\"@type\":\"WebSite\",\"@id\":\"https:\/\/www.malasmora.si\/#website\",\"url\":\"https:\/\/www.malasmora.si\/\",\"name\":\"Mala s mora\",\"description\":\"Ro\u010dno izdelan nakit iz epoksi smole\",\"publisher\":{\"@id\":\"https:\/\/www.malasmora.si\/#organization\"},\"potentialAction\":[{\"@type\":\"SearchAction\",\"target\":{\"@type\":\"EntryPoint\",\"urlTemplate\":\"https:\/\/www.malasmora.si\/?s={search_term_string}\"},\"query-input\":{\"@type\":\"PropertyValueSpecification\",\"valueRequired\":true,\"valueName\":\"search_term_string\"}}],\"inLanguage\":\"hr\"},{\"@type\":\"Organization\",\"@id\":\"https:\/\/www.malasmora.si\/#organization\",\"name\":\"Mala s mora\",\"url\":\"https:\/\/www.malasmora.si\/\",\"logo\":{\"@type\":\"ImageObject\",\"inLanguage\":\"hr\",\"@id\":\"https:\/\/www.malasmora.si\/#\/schema\/logo\/image\/\",\"url\":\"https:\/\/www.malasmora.si\/wp-content\/uploads\/2025\/07\/logo_novi_03.png\",\"contentUrl\":\"https:\/\/www.malasmora.si\/wp-content\/uploads\/2025\/07\/logo_novi_03.png\",\"width\":1536,\"height\":1024,\"caption\":\"Mala s mora\"},\"image\":{\"@id\":\"https:\/\/www.malasmora.si\/#\/schema\/logo\/image\/\"},\"sameAs\":[\"https:\/\/www.facebook.com\/MalaSMoraArt\/\"]}]}<\/script>\n<!-- \/ Yoast SEO plugin. -->","yoast_head_json":{"title":"Ogrlica iz smole Fluid Art - Mala s mora","description":"Fluid art resin necklace, Ogrlica iz smole Fluid Art, Fluid art ogrlica od smole","robots":{"index":"index","follow":"follow","max-snippet":"max-snippet:-1","max-image-preview":"max-image-preview:large","max-video-preview":"max-video-preview:-1"},"canonical":"https:\/\/www.malasmora.si\/hr\/proizvod\/fluid_art-resin_necklace\/","og_locale":"hr_HR","og_type":"article","og_title":"Ogrlica iz smole Fluid Art - Mala s mora","og_description":"Fluid art resin necklace, Ogrlica iz smole Fluid Art, Fluid art ogrlica od smole","og_url":"https:\/\/www.malasmora.si\/hr\/proizvod\/fluid_art-resin_necklace\/","og_site_name":"Mala s mora","article_publisher":"https:\/\/www.facebook.com\/MalaSMoraArt\/","article_modified_time":"2025-02-05T10:36:12+00:00","og_image":[{"width":2560,"height":2375,"url":"https:\/\/www.malasmora.si\/wp-content\/uploads\/2024\/02\/teardrop_green_yellow_resin_necklace_4-scaled.jpg","type":"image\/jpeg"}],"twitter_card":"summary_large_image","twitter_misc":{"Procijenjeno vrijeme \u010ditanja":"2 minute"},"schema":{"@context":"https:\/\/schema.org","@graph":[{"@type":"WebPage","@id":"https:\/\/www.malasmora.si\/izdelek\/fluid_art-resin_necklace\/","url":"https:\/\/www.malasmora.si\/izdelek\/fluid_art-resin_necklace\/","name":"Ogrlica iz smole Fluid Art - Mala s mora","isPartOf":{"@id":"https:\/\/www.malasmora.si\/#website"},"primaryImageOfPage":{"@id":"https:\/\/www.malasmora.si\/izdelek\/fluid_art-resin_necklace\/#primaryimage"},"image":{"@id":"https:\/\/www.malasmora.si\/izdelek\/fluid_art-resin_necklace\/#primaryimage"},"thumbnailUrl":"https:\/\/www.malasmora.si\/wp-content\/uploads\/2024\/02\/teardrop_green_yellow_resin_necklace_4-scaled.jpg","datePublished":"2024-02-23T13:04:35+00:00","dateModified":"2025-02-05T10:36:12+00:00","description":"Fluid art resin necklace, Ogrlica iz smole Fluid Art, Fluid art ogrlica od smole","breadcrumb":{"@id":"https:\/\/www.malasmora.si\/izdelek\/fluid_art-resin_necklace\/#breadcrumb"},"inLanguage":"hr","potentialAction":[{"@type":"ReadAction","target":["https:\/\/www.malasmora.si\/izdelek\/fluid_art-resin_necklace\/"]}]},{"@type":"ImageObject","inLanguage":"hr","@id":"https:\/\/www.malasmora.si\/izdelek\/fluid_art-resin_necklace\/#primaryimage","url":"https:\/\/www.malasmora.si\/wp-content\/uploads\/2024\/02\/teardrop_green_yellow_resin_necklace_4-scaled.jpg","contentUrl":"https:\/\/www.malasmora.si\/wp-content\/uploads\/2024\/02\/teardrop_green_yellow_resin_necklace_4-scaled.jpg","width":2560,"height":2375,"caption":"teardrop_green_yellow_resin_necklace_4"},{"@type":"BreadcrumbList","@id":"https:\/\/www.malasmora.si\/izdelek\/fluid_art-resin_necklace\/#breadcrumb","itemListElement":[{"@type":"ListItem","position":1,"name":"Home","item":"https:\/\/www.malasmora.si\/"},{"@type":"ListItem","position":2,"name":"Shop","item":"https:\/\/www.malasmora.si\/shop\/"},{"@type":"ListItem","position":3,"name":"Ogrlica iz smole Fluid Art"}]},{"@type":"WebSite","@id":"https:\/\/www.malasmora.si\/#website","url":"https:\/\/www.malasmora.si\/","name":"Mala s mora","description":"Ro\u010dno izdelan nakit iz epoksi smole","publisher":{"@id":"https:\/\/www.malasmora.si\/#organization"},"potentialAction":[{"@type":"SearchAction","target":{"@type":"EntryPoint","urlTemplate":"https:\/\/www.malasmora.si\/?s={search_term_string}"},"query-input":{"@type":"PropertyValueSpecification","valueRequired":true,"valueName":"search_term_string"}}],"inLanguage":"hr"},{"@type":"Organization","@id":"https:\/\/www.malasmora.si\/#organization","name":"Mala s mora","url":"https:\/\/www.malasmora.si\/","logo":{"@type":"ImageObject","inLanguage":"hr","@id":"https:\/\/www.malasmora.si\/#\/schema\/logo\/image\/","url":"https:\/\/www.malasmora.si\/wp-content\/uploads\/2025\/07\/logo_novi_03.png","contentUrl":"https:\/\/www.malasmora.si\/wp-content\/uploads\/2025\/07\/logo_novi_03.png","width":1536,"height":1024,"caption":"Mala s mora"},"image":{"@id":"https:\/\/www.malasmora.si\/#\/schema\/logo\/image\/"},"sameAs":["https:\/\/www.facebook.com\/MalaSMoraArt\/"]}]}},"_links":{"self":[{"href":"https:\/\/www.malasmora.si\/hr\/wp-json\/wp\/v2\/product\/1973","targetHints":{"allow":["GET"]}}],"collection":[{"href":"https:\/\/www.malasmora.si\/hr\/wp-json\/wp\/v2\/product"}],"about":[{"href":"https:\/\/www.malasmora.si\/hr\/wp-json\/wp\/v2\/types\/product"}],"replies":[{"embeddable":true,"href":"https:\/\/www.malasmora.si\/hr\/wp-json\/wp\/v2\/comments?post=1973"}],"wp:featuredmedia":[{"embeddable":true,"href":"https:\/\/www.malasmora.si\/hr\/wp-json\/wp\/v2\/media\/3403"}],"wp:attachment":[{"href":"https:\/\/www.malasmora.si\/hr\/wp-json\/wp\/v2\/media?parent=1973"}],"wp:term":[{"taxonomy":"product_brand","embeddable":true,"href":"https:\/\/www.malasmora.si\/hr\/wp-json\/wp\/v2\/product_brand?post=1973"},{"taxonomy":"product_cat","embeddable":true,"href":"https:\/\/www.malasmora.si\/hr\/wp-json\/wp\/v2\/product_cat?post=1973"},{"taxonomy":"product_tag","embeddable":true,"href":"https:\/\/www.malasmora.si\/hr\/wp-json\/wp\/v2\/product_tag?post=1973"}],"curies":[{"name":"wp","href":"https:\/\/api.w.org\/{rel}","templated":true}]}}