{"id":1975,"date":"2024-02-23T15:04:43","date_gmt":"2024-02-23T13:04:43","guid":{"rendered":"https:\/\/www.malasmora.si\/izdelek\/resin-real-coffee-bean-coasters-set-of-2-or-4\/"},"modified":"2025-03-11T00:11:21","modified_gmt":"2025-03-10T22:11:21","slug":"resin-real-coffee-bean-coasters-set-of-2-or-4","status":"publish","type":"product","link":"https:\/\/www.malasmora.si\/hr\/proizvod\/resin-real-coffee-bean-coasters-set-of-2-or-4\/","title":{"rendered":"Komplet 2 ali 4 podstavkov za kozarce iz kavnih zrn in smolo"},"content":{"rendered":"<p>\u010cudoviti okrogli podstavki za kozarce so narejeni iz smole, kavnih zrn, zlatih listi\u010dev in pigmentne paste. Vsak kos je ro\u010dno izdelan in unikaten.<\/p>\n<p>Podstavki so \u010dudovito in edinstveno darilo za vse ljubitelje kave, &#8220;must have&#8221; v vsaki kavarni in eleganten dodatek vsakem domu in poslovnem prostoru.<\/p>\n<p>NAVODILA ZA NEGO<br \/>\n&#8211; Ro\u010dno pranje z vla\u017eno krpo<br \/>\n&#8211; Ni primerno za pomivanje v pomivalnem stroju<br \/>\n&#8211; <span class=\"HwtZe\" lang=\"sl\"><span class=\"jCAhz ChMk0b\"><span class=\"ryNqvb\">Na podstavke ne postavljajte vro\u010dih pija\u010d<\/span><\/span><\/span><\/p>\n<p>Dimenzije podstavkov:<br \/>\nPremer 8,7 cm (3,42&#8243;)<br \/>\nDebelina 0,7 cm (0,27&#8243;)<\/p>\n<p>Izberete lahko 2 podstavka (po\u0161ljem jih po moji izbiri) ali 4 podstavke.<\/p>\n<p>Imajte na umu da se boja mo\u017ee neznatno razlikovati na nekim monitorima zbog razli\u010ditih postavki slike.<\/p>","protected":false},"excerpt":{"rendered":"<p>\u010cudoviti okrogli podstavki za kozarce so narejeni iz smole, kavnih zrn, zlatih listi\u010dev in pigmentne paste. Vsak kos je ro\u010dno izdelan in unikaten. Podstavki so \u010dudovito in edinstveno darilo za vse ljubitelje kave, &#8220;must have&#8221; v vsaki kavarni in eleganten dodatek vsakem domu in poslovnem prostoru. NAVODILA ZA NEGO &#8211; Ro\u010dno pranje z vla\u017eno krpo&#8230;<\/p>","protected":false},"featured_media":1974,"comment_status":"open","ping_status":"closed","template":"","meta":{"_kadence_starter_templates_imported_post":false,"_kad_post_transparent":"default","_kad_post_title":"","_kad_post_layout":"default","_kad_post_sidebar_id":"","_kad_post_content_style":"default","_kad_post_vertical_padding":"default","_kad_post_feature":"","_kad_post_feature_position":"","_kad_post_header":false,"_kad_post_footer":false},"product_brand":[],"product_cat":[380],"product_tag":[217,123,124,65,107,212,216,214,213,131,211,215,125],"class_list":{"0":"post-1975","1":"product","2":"type-product","3":"status-publish","4":"has-post-thumbnail","6":"product_cat-coasters","7":"product_tag-brown_and_white","8":"product_tag-coffee_bean_coaster","9":"product_tag-elegant_coaster","10":"product_tag-gift_for_her","11":"product_tag-gift_for_him","12":"product_tag-handmade","13":"product_tag-home","14":"product_tag-home_decor","15":"product_tag-mothers_day_gift","16":"product_tag-resin_coaster","17":"product_tag-round_coaster","18":"product_tag-stylish","19":"product_tag-white_coaster","21":"first","22":"instock","23":"taxable","24":"shipping-taxable","25":"purchasable","26":"product-type-variable","27":"entry","28":"content-bg","29":"loop-entry"},"yoast_head":"<!-- This site is optimized with the Yoast SEO plugin v26.6 - https:\/\/yoast.com\/wordpress\/plugins\/seo\/ -->\n<title>Komplet 2 ali 4 podstavkov za kozarce iz kavnih zrn in smolo - Mala s mora<\/title>\n<meta name=\"description\" content=\"Resin coaster made with real coffee beans, Podstavek iz smole s pravimi kavni zrni, Podlo\u017eak od smole s pravim zrnima kave\" \/>\n<meta name=\"robots\" content=\"index, follow, max-snippet:-1, max-image-preview:large, max-video-preview:-1\" \/>\n<link rel=\"canonical\" href=\"https:\/\/www.malasmora.si\/hr\/proizvod\/resin-real-coffee-bean-coasters-set-of-2-or-4\/\" \/>\n<meta property=\"og:locale\" content=\"hr_HR\" \/>\n<meta property=\"og:type\" content=\"article\" \/>\n<meta property=\"og:title\" content=\"Komplet 2 ali 4 podstavkov za kozarce iz kavnih zrn in smolo - Mala s mora\" \/>\n<meta property=\"og:description\" content=\"Resin coaster made with real coffee beans, Podstavek iz smole s pravimi kavni zrni, Podlo\u017eak od smole s pravim zrnima kave\" \/>\n<meta property=\"og:url\" content=\"https:\/\/www.malasmora.si\/hr\/proizvod\/resin-real-coffee-bean-coasters-set-of-2-or-4\/\" \/>\n<meta property=\"og:site_name\" content=\"Mala s mora\" \/>\n<meta property=\"article:publisher\" content=\"https:\/\/www.facebook.com\/MalaSMoraArt\/\" \/>\n<meta property=\"article:modified_time\" content=\"2025-03-10T22:11:21+00:00\" \/>\n<meta property=\"og:image\" content=\"https:\/\/www.malasmora.si\/wp-content\/uploads\/2024\/02\/il_fullxfull.5685137483_rsyb-scaled.jpg\" \/>\n\t<meta property=\"og:image:width\" content=\"1920\" \/>\n\t<meta property=\"og:image:height\" content=\"2560\" \/>\n\t<meta property=\"og:image:type\" content=\"image\/jpeg\" \/>\n<meta name=\"twitter:card\" content=\"summary_large_image\" \/>\n<meta name=\"twitter:label1\" content=\"Procijenjeno vrijeme \u010ditanja\" \/>\n\t<meta name=\"twitter:data1\" content=\"1 minuta\" \/>\n<script type=\"application\/ld+json\" class=\"yoast-schema-graph\">{\"@context\":\"https:\/\/schema.org\",\"@graph\":[{\"@type\":\"WebPage\",\"@id\":\"https:\/\/www.malasmora.si\/izdelek\/resin-real-coffee-bean-coasters-set-of-2-or-4\/\",\"url\":\"https:\/\/www.malasmora.si\/izdelek\/resin-real-coffee-bean-coasters-set-of-2-or-4\/\",\"name\":\"Komplet 2 ali 4 podstavkov za kozarce iz kavnih zrn in smolo - Mala s mora\",\"isPartOf\":{\"@id\":\"https:\/\/www.malasmora.si\/#website\"},\"primaryImageOfPage\":{\"@id\":\"https:\/\/www.malasmora.si\/izdelek\/resin-real-coffee-bean-coasters-set-of-2-or-4\/#primaryimage\"},\"image\":{\"@id\":\"https:\/\/www.malasmora.si\/izdelek\/resin-real-coffee-bean-coasters-set-of-2-or-4\/#primaryimage\"},\"thumbnailUrl\":\"https:\/\/www.malasmora.si\/wp-content\/uploads\/2024\/02\/il_fullxfull.5685137483_rsyb-scaled.jpg\",\"datePublished\":\"2024-02-23T13:04:43+00:00\",\"dateModified\":\"2025-03-10T22:11:21+00:00\",\"description\":\"Resin coaster made with real coffee beans, Podstavek iz smole s pravimi kavni zrni, Podlo\u017eak od smole s pravim zrnima kave\",\"breadcrumb\":{\"@id\":\"https:\/\/www.malasmora.si\/izdelek\/resin-real-coffee-bean-coasters-set-of-2-or-4\/#breadcrumb\"},\"inLanguage\":\"hr\",\"potentialAction\":[{\"@type\":\"ReadAction\",\"target\":[\"https:\/\/www.malasmora.si\/izdelek\/resin-real-coffee-bean-coasters-set-of-2-or-4\/\"]}]},{\"@type\":\"ImageObject\",\"inLanguage\":\"hr\",\"@id\":\"https:\/\/www.malasmora.si\/izdelek\/resin-real-coffee-bean-coasters-set-of-2-or-4\/#primaryimage\",\"url\":\"https:\/\/www.malasmora.si\/wp-content\/uploads\/2024\/02\/il_fullxfull.5685137483_rsyb-scaled.jpg\",\"contentUrl\":\"https:\/\/www.malasmora.si\/wp-content\/uploads\/2024\/02\/il_fullxfull.5685137483_rsyb-scaled.jpg\",\"width\":1920,\"height\":2560},{\"@type\":\"BreadcrumbList\",\"@id\":\"https:\/\/www.malasmora.si\/izdelek\/resin-real-coffee-bean-coasters-set-of-2-or-4\/#breadcrumb\",\"itemListElement\":[{\"@type\":\"ListItem\",\"position\":1,\"name\":\"Home\",\"item\":\"https:\/\/www.malasmora.si\/\"},{\"@type\":\"ListItem\",\"position\":2,\"name\":\"Shop\",\"item\":\"https:\/\/www.malasmora.si\/shop\/\"},{\"@type\":\"ListItem\",\"position\":3,\"name\":\"Komplet 2 ali 4 podstavkov za kozarce iz kavnih zrn in smolo\"}]},{\"@type\":\"WebSite\",\"@id\":\"https:\/\/www.malasmora.si\/#website\",\"url\":\"https:\/\/www.malasmora.si\/\",\"name\":\"Mala s mora\",\"description\":\"Ro\u010dno izdelan nakit iz epoksi smole\",\"publisher\":{\"@id\":\"https:\/\/www.malasmora.si\/#organization\"},\"potentialAction\":[{\"@type\":\"SearchAction\",\"target\":{\"@type\":\"EntryPoint\",\"urlTemplate\":\"https:\/\/www.malasmora.si\/?s={search_term_string}\"},\"query-input\":{\"@type\":\"PropertyValueSpecification\",\"valueRequired\":true,\"valueName\":\"search_term_string\"}}],\"inLanguage\":\"hr\"},{\"@type\":\"Organization\",\"@id\":\"https:\/\/www.malasmora.si\/#organization\",\"name\":\"Mala s mora\",\"url\":\"https:\/\/www.malasmora.si\/\",\"logo\":{\"@type\":\"ImageObject\",\"inLanguage\":\"hr\",\"@id\":\"https:\/\/www.malasmora.si\/#\/schema\/logo\/image\/\",\"url\":\"https:\/\/www.malasmora.si\/wp-content\/uploads\/2025\/07\/logo_novi_03.png\",\"contentUrl\":\"https:\/\/www.malasmora.si\/wp-content\/uploads\/2025\/07\/logo_novi_03.png\",\"width\":1536,\"height\":1024,\"caption\":\"Mala s mora\"},\"image\":{\"@id\":\"https:\/\/www.malasmora.si\/#\/schema\/logo\/image\/\"},\"sameAs\":[\"https:\/\/www.facebook.com\/MalaSMoraArt\/\"]}]}<\/script>\n<!-- \/ Yoast SEO plugin. -->","yoast_head_json":{"title":"Komplet 2 ali 4 podstavkov za kozarce iz kavnih zrn in smolo - Mala s mora","description":"Resin coaster made with real coffee beans, Podstavek iz smole s pravimi kavni zrni, Podlo\u017eak od smole s pravim zrnima kave","robots":{"index":"index","follow":"follow","max-snippet":"max-snippet:-1","max-image-preview":"max-image-preview:large","max-video-preview":"max-video-preview:-1"},"canonical":"https:\/\/www.malasmora.si\/hr\/proizvod\/resin-real-coffee-bean-coasters-set-of-2-or-4\/","og_locale":"hr_HR","og_type":"article","og_title":"Komplet 2 ali 4 podstavkov za kozarce iz kavnih zrn in smolo - Mala s mora","og_description":"Resin coaster made with real coffee beans, Podstavek iz smole s pravimi kavni zrni, Podlo\u017eak od smole s pravim zrnima kave","og_url":"https:\/\/www.malasmora.si\/hr\/proizvod\/resin-real-coffee-bean-coasters-set-of-2-or-4\/","og_site_name":"Mala s mora","article_publisher":"https:\/\/www.facebook.com\/MalaSMoraArt\/","article_modified_time":"2025-03-10T22:11:21+00:00","og_image":[{"width":1920,"height":2560,"url":"https:\/\/www.malasmora.si\/wp-content\/uploads\/2024\/02\/il_fullxfull.5685137483_rsyb-scaled.jpg","type":"image\/jpeg"}],"twitter_card":"summary_large_image","twitter_misc":{"Procijenjeno vrijeme \u010ditanja":"1 minuta"},"schema":{"@context":"https:\/\/schema.org","@graph":[{"@type":"WebPage","@id":"https:\/\/www.malasmora.si\/izdelek\/resin-real-coffee-bean-coasters-set-of-2-or-4\/","url":"https:\/\/www.malasmora.si\/izdelek\/resin-real-coffee-bean-coasters-set-of-2-or-4\/","name":"Komplet 2 ali 4 podstavkov za kozarce iz kavnih zrn in smolo - Mala s mora","isPartOf":{"@id":"https:\/\/www.malasmora.si\/#website"},"primaryImageOfPage":{"@id":"https:\/\/www.malasmora.si\/izdelek\/resin-real-coffee-bean-coasters-set-of-2-or-4\/#primaryimage"},"image":{"@id":"https:\/\/www.malasmora.si\/izdelek\/resin-real-coffee-bean-coasters-set-of-2-or-4\/#primaryimage"},"thumbnailUrl":"https:\/\/www.malasmora.si\/wp-content\/uploads\/2024\/02\/il_fullxfull.5685137483_rsyb-scaled.jpg","datePublished":"2024-02-23T13:04:43+00:00","dateModified":"2025-03-10T22:11:21+00:00","description":"Resin coaster made with real coffee beans, Podstavek iz smole s pravimi kavni zrni, Podlo\u017eak od smole s pravim zrnima kave","breadcrumb":{"@id":"https:\/\/www.malasmora.si\/izdelek\/resin-real-coffee-bean-coasters-set-of-2-or-4\/#breadcrumb"},"inLanguage":"hr","potentialAction":[{"@type":"ReadAction","target":["https:\/\/www.malasmora.si\/izdelek\/resin-real-coffee-bean-coasters-set-of-2-or-4\/"]}]},{"@type":"ImageObject","inLanguage":"hr","@id":"https:\/\/www.malasmora.si\/izdelek\/resin-real-coffee-bean-coasters-set-of-2-or-4\/#primaryimage","url":"https:\/\/www.malasmora.si\/wp-content\/uploads\/2024\/02\/il_fullxfull.5685137483_rsyb-scaled.jpg","contentUrl":"https:\/\/www.malasmora.si\/wp-content\/uploads\/2024\/02\/il_fullxfull.5685137483_rsyb-scaled.jpg","width":1920,"height":2560},{"@type":"BreadcrumbList","@id":"https:\/\/www.malasmora.si\/izdelek\/resin-real-coffee-bean-coasters-set-of-2-or-4\/#breadcrumb","itemListElement":[{"@type":"ListItem","position":1,"name":"Home","item":"https:\/\/www.malasmora.si\/"},{"@type":"ListItem","position":2,"name":"Shop","item":"https:\/\/www.malasmora.si\/shop\/"},{"@type":"ListItem","position":3,"name":"Komplet 2 ali 4 podstavkov za kozarce iz kavnih zrn in smolo"}]},{"@type":"WebSite","@id":"https:\/\/www.malasmora.si\/#website","url":"https:\/\/www.malasmora.si\/","name":"Mala s mora","description":"Ro\u010dno izdelan nakit iz epoksi smole","publisher":{"@id":"https:\/\/www.malasmora.si\/#organization"},"potentialAction":[{"@type":"SearchAction","target":{"@type":"EntryPoint","urlTemplate":"https:\/\/www.malasmora.si\/?s={search_term_string}"},"query-input":{"@type":"PropertyValueSpecification","valueRequired":true,"valueName":"search_term_string"}}],"inLanguage":"hr"},{"@type":"Organization","@id":"https:\/\/www.malasmora.si\/#organization","name":"Mala s mora","url":"https:\/\/www.malasmora.si\/","logo":{"@type":"ImageObject","inLanguage":"hr","@id":"https:\/\/www.malasmora.si\/#\/schema\/logo\/image\/","url":"https:\/\/www.malasmora.si\/wp-content\/uploads\/2025\/07\/logo_novi_03.png","contentUrl":"https:\/\/www.malasmora.si\/wp-content\/uploads\/2025\/07\/logo_novi_03.png","width":1536,"height":1024,"caption":"Mala s mora"},"image":{"@id":"https:\/\/www.malasmora.si\/#\/schema\/logo\/image\/"},"sameAs":["https:\/\/www.facebook.com\/MalaSMoraArt\/"]}]}},"_links":{"self":[{"href":"https:\/\/www.malasmora.si\/hr\/wp-json\/wp\/v2\/product\/1975","targetHints":{"allow":["GET"]}}],"collection":[{"href":"https:\/\/www.malasmora.si\/hr\/wp-json\/wp\/v2\/product"}],"about":[{"href":"https:\/\/www.malasmora.si\/hr\/wp-json\/wp\/v2\/types\/product"}],"replies":[{"embeddable":true,"href":"https:\/\/www.malasmora.si\/hr\/wp-json\/wp\/v2\/comments?post=1975"}],"wp:featuredmedia":[{"embeddable":true,"href":"https:\/\/www.malasmora.si\/hr\/wp-json\/wp\/v2\/media\/1974"}],"wp:attachment":[{"href":"https:\/\/www.malasmora.si\/hr\/wp-json\/wp\/v2\/media?parent=1975"}],"wp:term":[{"taxonomy":"product_brand","embeddable":true,"href":"https:\/\/www.malasmora.si\/hr\/wp-json\/wp\/v2\/product_brand?post=1975"},{"taxonomy":"product_cat","embeddable":true,"href":"https:\/\/www.malasmora.si\/hr\/wp-json\/wp\/v2\/product_cat?post=1975"},{"taxonomy":"product_tag","embeddable":true,"href":"https:\/\/www.malasmora.si\/hr\/wp-json\/wp\/v2\/product_tag?post=1975"}],"curies":[{"name":"wp","href":"https:\/\/api.w.org\/{rel}","templated":true}]}}