{"id":1991,"date":"2024-02-23T15:06:02","date_gmt":"2024-02-23T13:06:02","guid":{"rendered":"https:\/\/www.malasmora.si\/izdelek\/unique-handmade-heart-resin-alcohol-ink-statement-pendant-necklaces\/"},"modified":"2025-11-08T12:42:02","modified_gmt":"2025-11-08T10:42:02","slug":"heart_shaped_unique_resin_necklace","status":"publish","type":"product","link":"https:\/\/www.malasmora.si\/hr\/proizvod\/heart_shaped_unique_resin_necklace\/","title":{"rendered":"Ogrlica iz smole v obliki srca"},"content":{"rendered":"<p>\u010cudovite in edinstvene te ro\u010dno izdelane ogrlice so narejene iz smole in alkoholnega \u010drnila. So modne in elegantne, zato bodo vse o\u010di uprte vanj.<\/p>\n<p>\ud83d\udcd0 Vsak sr\u010dek je velik pribli\u017eno 5 x 5 cm (1.97&#8243; x 1.97&#8243;)<\/p>\n<p>Vsak obesek ima pripadajo\u010do veri\u017eico\/vrvico. Njihove dimenzije so:<br \/>\nVijoli\u010dna&#8230; 45 cm vrvica + 5 cm podalj\u0161ek (17.72&#8243; + 1.97&#8243;)<br \/>\nModra&#8230; zlata veri\u017eica iz nerjave\u010dega jekla 50 cm (19.69&#8243;)<br \/>\nRde\u010da&#8230; 45 cm vrvica + 5 cm podalj\u0161ek (17.72&#8243; + 1.97&#8243;)<\/p>\n<p>Ne glede na to, ali boste ogrlico izbrali zase ali za darilo ljubljeni osebi, zagotovo ne boste zgre\u0161ili.<\/p>\n<p><img decoding=\"async\" class=\"emoji\" role=\"img\" draggable=\"false\" src=\"https:\/\/s.w.org\/images\/core\/emoji\/15.0.3\/svg\/1f496.svg\" alt=\"\ud83d\udc96\" \/> NJEGA ZA RU\u010cNO IZRA\u0110ENI NAKIT <img decoding=\"async\" class=\"emoji\" role=\"img\" draggable=\"false\" src=\"https:\/\/s.w.org\/images\/core\/emoji\/15.0.3\/svg\/1f496.svg\" alt=\"\ud83d\udc96\" \/><br \/>\nMolimo \u010duvajte na suhom mjestu i izbjegavajte dugotrajnu izravnu sun\u010devu svjetlost, vodu, kemikalije i parfeme kako biste sa\u010duvali i odr\u017eali ljepotu nakita.<\/p>\n<p><img decoding=\"async\" class=\"emoji\" role=\"img\" draggable=\"false\" src=\"https:\/\/s.w.org\/images\/core\/emoji\/15.0.3\/svg\/1f536.svg\" alt=\"\ud83d\udd36\" \/>Vse izdelke sem ro\u010dno izdelala, torej ne obstajajo dva enaka. Poleg tega zaradi ro\u010dne izdelave vedno obstaja mo\u017enost majhnih nepravilnosti in mehur\u010dkov.<\/p>\n<p><img decoding=\"async\" class=\"emoji\" role=\"img\" draggable=\"false\" src=\"https:\/\/s.w.org\/images\/core\/emoji\/15.0.3\/svg\/1f536.svg\" alt=\"\ud83d\udd36\" \/>Imajte na umu da se boja mo\u017ee neznatno razlikovati na nekim monitorima zbog razli\u010ditih postavki slike.<\/p>","protected":false},"excerpt":{"rendered":"<p>\u010cudovite in edinstvene te ro\u010dno izdelane ogrlice so narejene iz smole in alkoholnega \u010drnila. So modne in elegantne, zato bodo vse o\u010di uprte vanj. \ud83d\udcd0 Vsak sr\u010dek je velik pribli\u017eno 5 x 5 cm (1.97&#8243; x 1.97&#8243;) Vsak obesek ima pripadajo\u010do veri\u017eico\/vrvico. Njihove dimenzije so: Vijoli\u010dna&#8230; 45 cm vrvica + 5 cm podalj\u0161ek (17.72&#8243; +&#8230;<\/p>","protected":false},"featured_media":1990,"comment_status":"open","ping_status":"closed","template":"","meta":{"_kadence_starter_templates_imported_post":false,"_kad_post_transparent":"default","_kad_post_title":"","_kad_post_layout":"default","_kad_post_sidebar_id":"","_kad_post_content_style":"default","_kad_post_vertical_padding":"default","_kad_post_feature":"","_kad_post_feature_position":"","_kad_post_header":false,"_kad_post_footer":false},"product_brand":[],"product_cat":[56],"product_tag":[297,65,66,295,60,59,296,877,58,298,144,171],"class_list":{"0":"post-1991","1":"product","2":"type-product","3":"status-publish","4":"has-post-thumbnail","6":"product_cat-heart_shaped_pendant_necklaces","7":"product_tag-elegant_necklace","8":"product_tag-gift_for_her","9":"product_tag-gift_for_mum","10":"product_tag-glittering_heart","11":"product_tag-handmade_necklace","12":"product_tag-handmade_pendant","13":"product_tag-heart_shape_pendant","14":"product_tag-heart_shaped_resin_necklace","15":"product_tag-pendant_necklace","16":"product_tag-resin_heart_pendant","17":"product_tag-valentine_day_gift","18":"product_tag-womens_day_gift","20":"first","21":"instock","22":"sold-individually","23":"taxable","24":"shipping-taxable","25":"purchasable","26":"product-type-variable","27":"entry","28":"content-bg","29":"loop-entry"},"yoast_head":"<!-- This site is optimized with the Yoast SEO plugin v26.6 - https:\/\/yoast.com\/wordpress\/plugins\/seo\/ -->\n<title>Ogrlica iz smole v obliki srca - Mala s mora<\/title>\n<meta name=\"description\" content=\"Heart Shaped resin pendant necklace, Ogrlica z obeskom iz smole v obliki srca, Ogrlica s privjeskom od smole u obliku srca\" \/>\n<meta name=\"robots\" content=\"index, follow, max-snippet:-1, max-image-preview:large, max-video-preview:-1\" \/>\n<link rel=\"canonical\" href=\"https:\/\/www.malasmora.si\/hr\/proizvod\/heart_shaped_unique_resin_necklace\/\" \/>\n<meta property=\"og:locale\" content=\"hr_HR\" \/>\n<meta property=\"og:type\" content=\"article\" \/>\n<meta property=\"og:title\" content=\"Ogrlica iz smole v obliki srca - Mala s mora\" \/>\n<meta property=\"og:description\" content=\"Heart Shaped resin pendant necklace, Ogrlica z obeskom iz smole v obliki srca, Ogrlica s privjeskom od smole u obliku srca\" \/>\n<meta property=\"og:url\" content=\"https:\/\/www.malasmora.si\/hr\/proizvod\/heart_shaped_unique_resin_necklace\/\" \/>\n<meta property=\"og:site_name\" content=\"Mala s mora\" \/>\n<meta property=\"article:publisher\" content=\"https:\/\/www.facebook.com\/MalaSMoraArt\/\" \/>\n<meta property=\"article:modified_time\" content=\"2025-11-08T10:42:02+00:00\" \/>\n<meta property=\"og:image\" content=\"https:\/\/www.malasmora.si\/wp-content\/uploads\/2024\/02\/il_fullxfull.5568975453_9asq-scaled.jpg\" \/>\n\t<meta property=\"og:image:width\" content=\"2048\" \/>\n\t<meta property=\"og:image:height\" content=\"2560\" \/>\n\t<meta property=\"og:image:type\" content=\"image\/jpeg\" \/>\n<meta name=\"twitter:card\" content=\"summary_large_image\" \/>\n<meta name=\"twitter:label1\" content=\"Procijenjeno vrijeme \u010ditanja\" \/>\n\t<meta name=\"twitter:data1\" content=\"2 minute\" \/>\n<script type=\"application\/ld+json\" class=\"yoast-schema-graph\">{\"@context\":\"https:\/\/schema.org\",\"@graph\":[{\"@type\":\"WebPage\",\"@id\":\"https:\/\/www.malasmora.si\/izdelek\/heart_shaped_unique_resin_necklace\/\",\"url\":\"https:\/\/www.malasmora.si\/izdelek\/heart_shaped_unique_resin_necklace\/\",\"name\":\"Ogrlica iz smole v obliki srca - Mala s mora\",\"isPartOf\":{\"@id\":\"https:\/\/www.malasmora.si\/#website\"},\"primaryImageOfPage\":{\"@id\":\"https:\/\/www.malasmora.si\/izdelek\/heart_shaped_unique_resin_necklace\/#primaryimage\"},\"image\":{\"@id\":\"https:\/\/www.malasmora.si\/izdelek\/heart_shaped_unique_resin_necklace\/#primaryimage\"},\"thumbnailUrl\":\"https:\/\/www.malasmora.si\/wp-content\/uploads\/2024\/02\/il_fullxfull.5568975453_9asq-scaled.jpg\",\"datePublished\":\"2024-02-23T13:06:02+00:00\",\"dateModified\":\"2025-11-08T10:42:02+00:00\",\"description\":\"Heart Shaped resin pendant necklace, Ogrlica z obeskom iz smole v obliki srca, Ogrlica s privjeskom od smole u obliku srca\",\"breadcrumb\":{\"@id\":\"https:\/\/www.malasmora.si\/izdelek\/heart_shaped_unique_resin_necklace\/#breadcrumb\"},\"inLanguage\":\"hr\",\"potentialAction\":[{\"@type\":\"ReadAction\",\"target\":[\"https:\/\/www.malasmora.si\/izdelek\/heart_shaped_unique_resin_necklace\/\"]}]},{\"@type\":\"ImageObject\",\"inLanguage\":\"hr\",\"@id\":\"https:\/\/www.malasmora.si\/izdelek\/heart_shaped_unique_resin_necklace\/#primaryimage\",\"url\":\"https:\/\/www.malasmora.si\/wp-content\/uploads\/2024\/02\/il_fullxfull.5568975453_9asq-scaled.jpg\",\"contentUrl\":\"https:\/\/www.malasmora.si\/wp-content\/uploads\/2024\/02\/il_fullxfull.5568975453_9asq-scaled.jpg\",\"width\":2048,\"height\":2560},{\"@type\":\"BreadcrumbList\",\"@id\":\"https:\/\/www.malasmora.si\/izdelek\/heart_shaped_unique_resin_necklace\/#breadcrumb\",\"itemListElement\":[{\"@type\":\"ListItem\",\"position\":1,\"name\":\"Home\",\"item\":\"https:\/\/www.malasmora.si\/\"},{\"@type\":\"ListItem\",\"position\":2,\"name\":\"Shop\",\"item\":\"https:\/\/www.malasmora.si\/shop\/\"},{\"@type\":\"ListItem\",\"position\":3,\"name\":\"Ogrlica iz smole v obliki srca\"}]},{\"@type\":\"WebSite\",\"@id\":\"https:\/\/www.malasmora.si\/#website\",\"url\":\"https:\/\/www.malasmora.si\/\",\"name\":\"Mala s mora\",\"description\":\"Ro\u010dno izdelan nakit iz epoksi smole\",\"publisher\":{\"@id\":\"https:\/\/www.malasmora.si\/#organization\"},\"potentialAction\":[{\"@type\":\"SearchAction\",\"target\":{\"@type\":\"EntryPoint\",\"urlTemplate\":\"https:\/\/www.malasmora.si\/?s={search_term_string}\"},\"query-input\":{\"@type\":\"PropertyValueSpecification\",\"valueRequired\":true,\"valueName\":\"search_term_string\"}}],\"inLanguage\":\"hr\"},{\"@type\":\"Organization\",\"@id\":\"https:\/\/www.malasmora.si\/#organization\",\"name\":\"Mala s mora\",\"url\":\"https:\/\/www.malasmora.si\/\",\"logo\":{\"@type\":\"ImageObject\",\"inLanguage\":\"hr\",\"@id\":\"https:\/\/www.malasmora.si\/#\/schema\/logo\/image\/\",\"url\":\"https:\/\/www.malasmora.si\/wp-content\/uploads\/2025\/07\/logo_novi_03.png\",\"contentUrl\":\"https:\/\/www.malasmora.si\/wp-content\/uploads\/2025\/07\/logo_novi_03.png\",\"width\":1536,\"height\":1024,\"caption\":\"Mala s mora\"},\"image\":{\"@id\":\"https:\/\/www.malasmora.si\/#\/schema\/logo\/image\/\"},\"sameAs\":[\"https:\/\/www.facebook.com\/MalaSMoraArt\/\"]}]}<\/script>\n<!-- \/ Yoast SEO plugin. -->","yoast_head_json":{"title":"Ogrlica iz smole v obliki srca - Mala s mora","description":"Heart Shaped resin pendant necklace, Ogrlica z obeskom iz smole v obliki srca, Ogrlica s privjeskom od smole u obliku srca","robots":{"index":"index","follow":"follow","max-snippet":"max-snippet:-1","max-image-preview":"max-image-preview:large","max-video-preview":"max-video-preview:-1"},"canonical":"https:\/\/www.malasmora.si\/hr\/proizvod\/heart_shaped_unique_resin_necklace\/","og_locale":"hr_HR","og_type":"article","og_title":"Ogrlica iz smole v obliki srca - Mala s mora","og_description":"Heart Shaped resin pendant necklace, Ogrlica z obeskom iz smole v obliki srca, Ogrlica s privjeskom od smole u obliku srca","og_url":"https:\/\/www.malasmora.si\/hr\/proizvod\/heart_shaped_unique_resin_necklace\/","og_site_name":"Mala s mora","article_publisher":"https:\/\/www.facebook.com\/MalaSMoraArt\/","article_modified_time":"2025-11-08T10:42:02+00:00","og_image":[{"width":2048,"height":2560,"url":"https:\/\/www.malasmora.si\/wp-content\/uploads\/2024\/02\/il_fullxfull.5568975453_9asq-scaled.jpg","type":"image\/jpeg"}],"twitter_card":"summary_large_image","twitter_misc":{"Procijenjeno vrijeme \u010ditanja":"2 minute"},"schema":{"@context":"https:\/\/schema.org","@graph":[{"@type":"WebPage","@id":"https:\/\/www.malasmora.si\/izdelek\/heart_shaped_unique_resin_necklace\/","url":"https:\/\/www.malasmora.si\/izdelek\/heart_shaped_unique_resin_necklace\/","name":"Ogrlica iz smole v obliki srca - Mala s mora","isPartOf":{"@id":"https:\/\/www.malasmora.si\/#website"},"primaryImageOfPage":{"@id":"https:\/\/www.malasmora.si\/izdelek\/heart_shaped_unique_resin_necklace\/#primaryimage"},"image":{"@id":"https:\/\/www.malasmora.si\/izdelek\/heart_shaped_unique_resin_necklace\/#primaryimage"},"thumbnailUrl":"https:\/\/www.malasmora.si\/wp-content\/uploads\/2024\/02\/il_fullxfull.5568975453_9asq-scaled.jpg","datePublished":"2024-02-23T13:06:02+00:00","dateModified":"2025-11-08T10:42:02+00:00","description":"Heart Shaped resin pendant necklace, Ogrlica z obeskom iz smole v obliki srca, Ogrlica s privjeskom od smole u obliku srca","breadcrumb":{"@id":"https:\/\/www.malasmora.si\/izdelek\/heart_shaped_unique_resin_necklace\/#breadcrumb"},"inLanguage":"hr","potentialAction":[{"@type":"ReadAction","target":["https:\/\/www.malasmora.si\/izdelek\/heart_shaped_unique_resin_necklace\/"]}]},{"@type":"ImageObject","inLanguage":"hr","@id":"https:\/\/www.malasmora.si\/izdelek\/heart_shaped_unique_resin_necklace\/#primaryimage","url":"https:\/\/www.malasmora.si\/wp-content\/uploads\/2024\/02\/il_fullxfull.5568975453_9asq-scaled.jpg","contentUrl":"https:\/\/www.malasmora.si\/wp-content\/uploads\/2024\/02\/il_fullxfull.5568975453_9asq-scaled.jpg","width":2048,"height":2560},{"@type":"BreadcrumbList","@id":"https:\/\/www.malasmora.si\/izdelek\/heart_shaped_unique_resin_necklace\/#breadcrumb","itemListElement":[{"@type":"ListItem","position":1,"name":"Home","item":"https:\/\/www.malasmora.si\/"},{"@type":"ListItem","position":2,"name":"Shop","item":"https:\/\/www.malasmora.si\/shop\/"},{"@type":"ListItem","position":3,"name":"Ogrlica iz smole v obliki srca"}]},{"@type":"WebSite","@id":"https:\/\/www.malasmora.si\/#website","url":"https:\/\/www.malasmora.si\/","name":"Mala s mora","description":"Ro\u010dno izdelan nakit iz epoksi smole","publisher":{"@id":"https:\/\/www.malasmora.si\/#organization"},"potentialAction":[{"@type":"SearchAction","target":{"@type":"EntryPoint","urlTemplate":"https:\/\/www.malasmora.si\/?s={search_term_string}"},"query-input":{"@type":"PropertyValueSpecification","valueRequired":true,"valueName":"search_term_string"}}],"inLanguage":"hr"},{"@type":"Organization","@id":"https:\/\/www.malasmora.si\/#organization","name":"Mala s mora","url":"https:\/\/www.malasmora.si\/","logo":{"@type":"ImageObject","inLanguage":"hr","@id":"https:\/\/www.malasmora.si\/#\/schema\/logo\/image\/","url":"https:\/\/www.malasmora.si\/wp-content\/uploads\/2025\/07\/logo_novi_03.png","contentUrl":"https:\/\/www.malasmora.si\/wp-content\/uploads\/2025\/07\/logo_novi_03.png","width":1536,"height":1024,"caption":"Mala s mora"},"image":{"@id":"https:\/\/www.malasmora.si\/#\/schema\/logo\/image\/"},"sameAs":["https:\/\/www.facebook.com\/MalaSMoraArt\/"]}]}},"_links":{"self":[{"href":"https:\/\/www.malasmora.si\/hr\/wp-json\/wp\/v2\/product\/1991","targetHints":{"allow":["GET"]}}],"collection":[{"href":"https:\/\/www.malasmora.si\/hr\/wp-json\/wp\/v2\/product"}],"about":[{"href":"https:\/\/www.malasmora.si\/hr\/wp-json\/wp\/v2\/types\/product"}],"replies":[{"embeddable":true,"href":"https:\/\/www.malasmora.si\/hr\/wp-json\/wp\/v2\/comments?post=1991"}],"wp:featuredmedia":[{"embeddable":true,"href":"https:\/\/www.malasmora.si\/hr\/wp-json\/wp\/v2\/media\/1990"}],"wp:attachment":[{"href":"https:\/\/www.malasmora.si\/hr\/wp-json\/wp\/v2\/media?parent=1991"}],"wp:term":[{"taxonomy":"product_brand","embeddable":true,"href":"https:\/\/www.malasmora.si\/hr\/wp-json\/wp\/v2\/product_brand?post=1991"},{"taxonomy":"product_cat","embeddable":true,"href":"https:\/\/www.malasmora.si\/hr\/wp-json\/wp\/v2\/product_cat?post=1991"},{"taxonomy":"product_tag","embeddable":true,"href":"https:\/\/www.malasmora.si\/hr\/wp-json\/wp\/v2\/product_tag?post=1991"}],"curies":[{"name":"wp","href":"https:\/\/api.w.org\/{rel}","templated":true}]}}