{"id":1995,"date":"2024-02-23T15:06:20","date_gmt":"2024-02-23T13:06:20","guid":{"rendered":"https:\/\/www.malasmora.si\/izdelek\/unique-handmade-heart-glitter-resin-pendant-necklaces\/"},"modified":"2026-02-03T15:10:28","modified_gmt":"2026-02-03T13:10:28","slug":"blue_gree_sparkling_heart_shaped_necklace","status":"publish","type":"product","link":"https:\/\/www.malasmora.si\/hr\/proizvod\/blue_gree_sparkling_heart_shaped_necklace\/","title":{"rendered":"Modra ali zelena ble\u0161\u010de\u010da ogrlica v obliki srca"},"content":{"rendered":"<p>\u010cudovita in edinstvena, ta ro\u010dno izdelana ogrlica v modri ali zeleni barvi srca, ki sem jo izdelala iz visokokakovostne smole, je edinstvena, modna in elegantna, zasnovana tako, da lovi svetlobo s subtilnimi srebrnimi ble\u0161\u010dicami.<br \/>\nMinimalisti\u010dna, moderna in enostavna za vsakodnevno no\u0161enje, tako da bodo vse o\u010di uprte vate.<\/p>\n<p>\ud83d\udc99 Ogrlica v modri barvi srca<br \/>\nBogato modro srce z drobnimi srebrnimi ble\u0161\u010dicami \u2013 mirno, elegantno in brez\u010dasno.<\/p>\n<p>\ud83d\udc9a Ogrlica v prozorni zeleni barvi srca<br \/>\nSve\u017ee prozorno zeleno srce s srebrnimi ble\u0161\u010dicami \u2013 lahkotno, moderno in igrivo.<\/p>\n<p>\ud83d\udcd0Obesek v obliki srca je velik pribli\u017eno 5 x 5 cm (1,97&#8243; x 1,97&#8243;)<\/p>\n<p>Obe ogrlici imata 50 cm (19,69&#8243;) dolgo veri\u017eico iz nerjave\u010dega jekla, ki je trpe\u017ena, hipoalergena in idealna za vsakodnevno no\u0161enje.<\/p>\n<p>\u2728 Podrobnosti<br \/>\nVelikost srca: pribli\u017eno 5 x 5 cm<br \/>\nMaterial: epoksi smola s srebrnimi ble\u0161\u010dicami<br \/>\nVeri\u017eica: nerjave\u010de jeklo, 50 cm<br \/>\nZaklju\u010dek: sijajen<br \/>\nRo\u010dno izdelano \u2013 vsak kos je unikaten<\/p>\n<p>\ud83c\udf81 Odli\u010dno kot darilo za rojstne dneve, obletnice, valentinovo ali preprosto kot posebna poslastica zase.<\/p>","protected":false},"excerpt":{"rendered":"<p>\u010cudovita in edinstvena, ta ro\u010dno izdelana ogrlica v modri ali zeleni barvi srca, ki sem jo izdelala iz visokokakovostne smole, je edinstvena, modna in elegantna, zasnovana tako, da lovi svetlobo s subtilnimi srebrnimi ble\u0161\u010dicami. Minimalisti\u010dna, moderna in enostavna za vsakodnevno no\u0161enje, tako da bodo vse o\u010di uprte vate. \ud83d\udc99 Ogrlica v modri barvi srca Bogato&#8230;<\/p>","protected":false},"featured_media":4084,"comment_status":"open","ping_status":"closed","template":"","meta":{"_kadence_starter_templates_imported_post":false,"_kad_post_transparent":"default","_kad_post_title":"","_kad_post_layout":"default","_kad_post_sidebar_id":"","_kad_post_content_style":"default","_kad_post_vertical_padding":"default","_kad_post_feature":"","_kad_post_feature_position":"","_kad_post_header":false,"_kad_post_footer":false},"product_brand":[],"product_cat":[56],"product_tag":[879,297,65,66,301,67,60,296,58,168,246,69,144,171],"class_list":{"0":"post-1995","1":"product","2":"type-product","3":"status-publish","4":"has-post-thumbnail","6":"product_cat-heart_shaped_pendant_necklaces","7":"product_tag-blue_sparkling_heart_necklace","8":"product_tag-elegant_necklace","9":"product_tag-gift_for_her","10":"product_tag-gift_for_mum","11":"product_tag-glitter_heart","12":"product_tag-handmade_jewelry","13":"product_tag-handmade_necklace","14":"product_tag-heart_shape_pendant","15":"product_tag-pendant_necklace","16":"product_tag-resin_necklace","17":"product_tag-statement_necklace","18":"product_tag-unique_jewelry","19":"product_tag-valentine_day_gift","20":"product_tag-womens_day_gift","22":"first","23":"instock","24":"taxable","25":"shipping-taxable","26":"purchasable","27":"product-type-variable","28":"entry","29":"content-bg","30":"loop-entry"},"yoast_head":"<!-- This site is optimized with the Yoast SEO plugin v26.6 - https:\/\/yoast.com\/wordpress\/plugins\/seo\/ -->\n<title>Modra ali zelena ble\u0161\u010de\u010da ogrlica v obliki srca - Mala s mora<\/title>\n<meta name=\"description\" content=\"Blue or green sparkling heart shaped resin necklace, Modra ali zelena ble\u0161\u010de\u010da ogrlica iz smole v obliki srca, Plava ili zelena svjetlucava ogrlica od smole u obliku srca\" \/>\n<meta name=\"robots\" content=\"index, follow, max-snippet:-1, max-image-preview:large, max-video-preview:-1\" \/>\n<link rel=\"canonical\" href=\"https:\/\/www.malasmora.si\/hr\/proizvod\/blue_gree_sparkling_heart_shaped_necklace\/\" \/>\n<meta property=\"og:locale\" content=\"hr_HR\" \/>\n<meta property=\"og:type\" content=\"article\" \/>\n<meta property=\"og:title\" content=\"Modra ali zelena ble\u0161\u010de\u010da ogrlica v obliki srca - Mala s mora\" \/>\n<meta property=\"og:description\" content=\"Blue or green sparkling heart shaped resin necklace, Modra ali zelena ble\u0161\u010de\u010da ogrlica iz smole v obliki srca, Plava ili zelena svjetlucava ogrlica od smole u obliku srca\" \/>\n<meta property=\"og:url\" content=\"https:\/\/www.malasmora.si\/hr\/proizvod\/blue_gree_sparkling_heart_shaped_necklace\/\" \/>\n<meta property=\"og:site_name\" content=\"Mala s mora\" \/>\n<meta property=\"article:publisher\" content=\"https:\/\/www.facebook.com\/MalaSMoraArt\/\" \/>\n<meta property=\"article:modified_time\" content=\"2026-02-03T13:10:28+00:00\" \/>\n<meta property=\"og:image\" content=\"https:\/\/www.malasmora.si\/wp-content\/uploads\/2026\/02\/green_sparkling_heart_necklace_03-scaled.jpg\" \/>\n\t<meta property=\"og:image:width\" content=\"1920\" \/>\n\t<meta property=\"og:image:height\" content=\"2560\" \/>\n\t<meta property=\"og:image:type\" content=\"image\/jpeg\" \/>\n<meta name=\"twitter:card\" content=\"summary_large_image\" \/>\n<meta name=\"twitter:label1\" content=\"Procijenjeno vrijeme \u010ditanja\" \/>\n\t<meta name=\"twitter:data1\" content=\"2 minute\" \/>\n<script type=\"application\/ld+json\" class=\"yoast-schema-graph\">{\"@context\":\"https:\/\/schema.org\",\"@graph\":[{\"@type\":\"WebPage\",\"@id\":\"https:\/\/www.malasmora.si\/izdelek\/blue_gree_sparkling_heart_shaped_necklace\/\",\"url\":\"https:\/\/www.malasmora.si\/izdelek\/blue_gree_sparkling_heart_shaped_necklace\/\",\"name\":\"Modra ali zelena ble\u0161\u010de\u010da ogrlica v obliki srca - Mala s mora\",\"isPartOf\":{\"@id\":\"https:\/\/www.malasmora.si\/#website\"},\"primaryImageOfPage\":{\"@id\":\"https:\/\/www.malasmora.si\/izdelek\/blue_gree_sparkling_heart_shaped_necklace\/#primaryimage\"},\"image\":{\"@id\":\"https:\/\/www.malasmora.si\/izdelek\/blue_gree_sparkling_heart_shaped_necklace\/#primaryimage\"},\"thumbnailUrl\":\"https:\/\/www.malasmora.si\/wp-content\/uploads\/2026\/02\/green_sparkling_heart_necklace_03-scaled.jpg\",\"datePublished\":\"2024-02-23T13:06:20+00:00\",\"dateModified\":\"2026-02-03T13:10:28+00:00\",\"description\":\"Blue or green sparkling heart shaped resin necklace, Modra ali zelena ble\u0161\u010de\u010da ogrlica iz smole v obliki srca, Plava ili zelena svjetlucava ogrlica od smole u obliku srca\",\"breadcrumb\":{\"@id\":\"https:\/\/www.malasmora.si\/izdelek\/blue_gree_sparkling_heart_shaped_necklace\/#breadcrumb\"},\"inLanguage\":\"hr\",\"potentialAction\":[{\"@type\":\"ReadAction\",\"target\":[\"https:\/\/www.malasmora.si\/izdelek\/blue_gree_sparkling_heart_shaped_necklace\/\"]}]},{\"@type\":\"ImageObject\",\"inLanguage\":\"hr\",\"@id\":\"https:\/\/www.malasmora.si\/izdelek\/blue_gree_sparkling_heart_shaped_necklace\/#primaryimage\",\"url\":\"https:\/\/www.malasmora.si\/wp-content\/uploads\/2026\/02\/green_sparkling_heart_necklace_03-scaled.jpg\",\"contentUrl\":\"https:\/\/www.malasmora.si\/wp-content\/uploads\/2026\/02\/green_sparkling_heart_necklace_03-scaled.jpg\",\"width\":1920,\"height\":2560,\"caption\":\"green_sparkling_heart_necklace\"},{\"@type\":\"BreadcrumbList\",\"@id\":\"https:\/\/www.malasmora.si\/izdelek\/blue_gree_sparkling_heart_shaped_necklace\/#breadcrumb\",\"itemListElement\":[{\"@type\":\"ListItem\",\"position\":1,\"name\":\"Home\",\"item\":\"https:\/\/www.malasmora.si\/\"},{\"@type\":\"ListItem\",\"position\":2,\"name\":\"Shop\",\"item\":\"https:\/\/www.malasmora.si\/shop\/\"},{\"@type\":\"ListItem\",\"position\":3,\"name\":\"Modra ali zelena ble\u0161\u010de\u010da ogrlica v obliki srca\"}]},{\"@type\":\"WebSite\",\"@id\":\"https:\/\/www.malasmora.si\/#website\",\"url\":\"https:\/\/www.malasmora.si\/\",\"name\":\"Mala s mora\",\"description\":\"Ro\u010dno izdelan nakit iz epoksi smole\",\"publisher\":{\"@id\":\"https:\/\/www.malasmora.si\/#organization\"},\"potentialAction\":[{\"@type\":\"SearchAction\",\"target\":{\"@type\":\"EntryPoint\",\"urlTemplate\":\"https:\/\/www.malasmora.si\/?s={search_term_string}\"},\"query-input\":{\"@type\":\"PropertyValueSpecification\",\"valueRequired\":true,\"valueName\":\"search_term_string\"}}],\"inLanguage\":\"hr\"},{\"@type\":\"Organization\",\"@id\":\"https:\/\/www.malasmora.si\/#organization\",\"name\":\"Mala s mora\",\"url\":\"https:\/\/www.malasmora.si\/\",\"logo\":{\"@type\":\"ImageObject\",\"inLanguage\":\"hr\",\"@id\":\"https:\/\/www.malasmora.si\/#\/schema\/logo\/image\/\",\"url\":\"https:\/\/www.malasmora.si\/wp-content\/uploads\/2025\/07\/logo_novi_03.png\",\"contentUrl\":\"https:\/\/www.malasmora.si\/wp-content\/uploads\/2025\/07\/logo_novi_03.png\",\"width\":1536,\"height\":1024,\"caption\":\"Mala s mora\"},\"image\":{\"@id\":\"https:\/\/www.malasmora.si\/#\/schema\/logo\/image\/\"},\"sameAs\":[\"https:\/\/www.facebook.com\/MalaSMoraArt\/\"]}]}<\/script>\n<!-- \/ Yoast SEO plugin. -->","yoast_head_json":{"title":"Modra ali zelena ble\u0161\u010de\u010da ogrlica v obliki srca - Mala s mora","description":"Blue or green sparkling heart shaped resin necklace, Modra ali zelena ble\u0161\u010de\u010da ogrlica iz smole v obliki srca, Plava ili zelena svjetlucava ogrlica od smole u obliku srca","robots":{"index":"index","follow":"follow","max-snippet":"max-snippet:-1","max-image-preview":"max-image-preview:large","max-video-preview":"max-video-preview:-1"},"canonical":"https:\/\/www.malasmora.si\/hr\/proizvod\/blue_gree_sparkling_heart_shaped_necklace\/","og_locale":"hr_HR","og_type":"article","og_title":"Modra ali zelena ble\u0161\u010de\u010da ogrlica v obliki srca - Mala s mora","og_description":"Blue or green sparkling heart shaped resin necklace, Modra ali zelena ble\u0161\u010de\u010da ogrlica iz smole v obliki srca, Plava ili zelena svjetlucava ogrlica od smole u obliku srca","og_url":"https:\/\/www.malasmora.si\/hr\/proizvod\/blue_gree_sparkling_heart_shaped_necklace\/","og_site_name":"Mala s mora","article_publisher":"https:\/\/www.facebook.com\/MalaSMoraArt\/","article_modified_time":"2026-02-03T13:10:28+00:00","og_image":[{"width":1920,"height":2560,"url":"https:\/\/www.malasmora.si\/wp-content\/uploads\/2026\/02\/green_sparkling_heart_necklace_03-scaled.jpg","type":"image\/jpeg"}],"twitter_card":"summary_large_image","twitter_misc":{"Procijenjeno vrijeme \u010ditanja":"2 minute"},"schema":{"@context":"https:\/\/schema.org","@graph":[{"@type":"WebPage","@id":"https:\/\/www.malasmora.si\/izdelek\/blue_gree_sparkling_heart_shaped_necklace\/","url":"https:\/\/www.malasmora.si\/izdelek\/blue_gree_sparkling_heart_shaped_necklace\/","name":"Modra ali zelena ble\u0161\u010de\u010da ogrlica v obliki srca - Mala s mora","isPartOf":{"@id":"https:\/\/www.malasmora.si\/#website"},"primaryImageOfPage":{"@id":"https:\/\/www.malasmora.si\/izdelek\/blue_gree_sparkling_heart_shaped_necklace\/#primaryimage"},"image":{"@id":"https:\/\/www.malasmora.si\/izdelek\/blue_gree_sparkling_heart_shaped_necklace\/#primaryimage"},"thumbnailUrl":"https:\/\/www.malasmora.si\/wp-content\/uploads\/2026\/02\/green_sparkling_heart_necklace_03-scaled.jpg","datePublished":"2024-02-23T13:06:20+00:00","dateModified":"2026-02-03T13:10:28+00:00","description":"Blue or green sparkling heart shaped resin necklace, Modra ali zelena ble\u0161\u010de\u010da ogrlica iz smole v obliki srca, Plava ili zelena svjetlucava ogrlica od smole u obliku srca","breadcrumb":{"@id":"https:\/\/www.malasmora.si\/izdelek\/blue_gree_sparkling_heart_shaped_necklace\/#breadcrumb"},"inLanguage":"hr","potentialAction":[{"@type":"ReadAction","target":["https:\/\/www.malasmora.si\/izdelek\/blue_gree_sparkling_heart_shaped_necklace\/"]}]},{"@type":"ImageObject","inLanguage":"hr","@id":"https:\/\/www.malasmora.si\/izdelek\/blue_gree_sparkling_heart_shaped_necklace\/#primaryimage","url":"https:\/\/www.malasmora.si\/wp-content\/uploads\/2026\/02\/green_sparkling_heart_necklace_03-scaled.jpg","contentUrl":"https:\/\/www.malasmora.si\/wp-content\/uploads\/2026\/02\/green_sparkling_heart_necklace_03-scaled.jpg","width":1920,"height":2560,"caption":"green_sparkling_heart_necklace"},{"@type":"BreadcrumbList","@id":"https:\/\/www.malasmora.si\/izdelek\/blue_gree_sparkling_heart_shaped_necklace\/#breadcrumb","itemListElement":[{"@type":"ListItem","position":1,"name":"Home","item":"https:\/\/www.malasmora.si\/"},{"@type":"ListItem","position":2,"name":"Shop","item":"https:\/\/www.malasmora.si\/shop\/"},{"@type":"ListItem","position":3,"name":"Modra ali zelena ble\u0161\u010de\u010da ogrlica v obliki srca"}]},{"@type":"WebSite","@id":"https:\/\/www.malasmora.si\/#website","url":"https:\/\/www.malasmora.si\/","name":"Mala s mora","description":"Ro\u010dno izdelan nakit iz epoksi smole","publisher":{"@id":"https:\/\/www.malasmora.si\/#organization"},"potentialAction":[{"@type":"SearchAction","target":{"@type":"EntryPoint","urlTemplate":"https:\/\/www.malasmora.si\/?s={search_term_string}"},"query-input":{"@type":"PropertyValueSpecification","valueRequired":true,"valueName":"search_term_string"}}],"inLanguage":"hr"},{"@type":"Organization","@id":"https:\/\/www.malasmora.si\/#organization","name":"Mala s mora","url":"https:\/\/www.malasmora.si\/","logo":{"@type":"ImageObject","inLanguage":"hr","@id":"https:\/\/www.malasmora.si\/#\/schema\/logo\/image\/","url":"https:\/\/www.malasmora.si\/wp-content\/uploads\/2025\/07\/logo_novi_03.png","contentUrl":"https:\/\/www.malasmora.si\/wp-content\/uploads\/2025\/07\/logo_novi_03.png","width":1536,"height":1024,"caption":"Mala s mora"},"image":{"@id":"https:\/\/www.malasmora.si\/#\/schema\/logo\/image\/"},"sameAs":["https:\/\/www.facebook.com\/MalaSMoraArt\/"]}]}},"_links":{"self":[{"href":"https:\/\/www.malasmora.si\/hr\/wp-json\/wp\/v2\/product\/1995","targetHints":{"allow":["GET"]}}],"collection":[{"href":"https:\/\/www.malasmora.si\/hr\/wp-json\/wp\/v2\/product"}],"about":[{"href":"https:\/\/www.malasmora.si\/hr\/wp-json\/wp\/v2\/types\/product"}],"replies":[{"embeddable":true,"href":"https:\/\/www.malasmora.si\/hr\/wp-json\/wp\/v2\/comments?post=1995"}],"wp:featuredmedia":[{"embeddable":true,"href":"https:\/\/www.malasmora.si\/hr\/wp-json\/wp\/v2\/media\/4084"}],"wp:attachment":[{"href":"https:\/\/www.malasmora.si\/hr\/wp-json\/wp\/v2\/media?parent=1995"}],"wp:term":[{"taxonomy":"product_brand","embeddable":true,"href":"https:\/\/www.malasmora.si\/hr\/wp-json\/wp\/v2\/product_brand?post=1995"},{"taxonomy":"product_cat","embeddable":true,"href":"https:\/\/www.malasmora.si\/hr\/wp-json\/wp\/v2\/product_cat?post=1995"},{"taxonomy":"product_tag","embeddable":true,"href":"https:\/\/www.malasmora.si\/hr\/wp-json\/wp\/v2\/product_tag?post=1995"}],"curies":[{"name":"wp","href":"https:\/\/api.w.org\/{rel}","templated":true}]}}