{"id":2003,"date":"2024-02-23T15:07:02","date_gmt":"2024-02-23T13:07:02","guid":{"rendered":"https:\/\/www.malasmora.si\/izdelek\/handmade-epoxy-resin-merry-christmas-ornament-set-of-2\/"},"modified":"2025-12-04T00:02:12","modified_gmt":"2025-12-03T22:02:12","slug":"merry-christmas-resin-ornament","status":"publish","type":"product","link":"https:\/\/www.malasmora.si\/hr\/proizvod\/merry-christmas-resin-ornament\/","title":{"rendered":"Bo\u017ei\u010dni okraski iz smole Merry Christmas"},"content":{"rendered":"<p>Ti \u010dudoviti ro\u010dno izdelani bo\u017ei\u010dni okraski iz smole, izdelani iz prozorne smole, ble\u0161\u010dic, sljude v prahu in pigmentov,\u00a0 <span class=\"HwtZe\" lang=\"sl\"><span class=\"jCAhz ChMk0b\"><span class=\"ryNqvb\">bodo dopolnili va\u0161 prazni\u010dni ambient<\/span><\/span><\/span>.<\/p>\n<p><img decoding=\"async\" class=\"emoji\" role=\"img\" draggable=\"false\" src=\"https:\/\/s.w.org\/images\/core\/emoji\/15.0.3\/svg\/1f332.svg\" alt=\"\ud83c\udf32\" \/>Ti okraski so ljubek in prazni\u010den na\u010din za popestritev va\u0161ega bo\u017ei\u010dnega drevesca.<br \/>\nVsak okras je opremljen z zlatim trakom iz organze, ki je pripravljen za obe\u0161anje na va\u0161e bo\u017ei\u010dno drevesce<img decoding=\"async\" class=\"emoji\" role=\"img\" draggable=\"false\" src=\"https:\/\/s.w.org\/images\/core\/emoji\/15.0.3\/svg\/1f384.svg\" alt=\"\ud83c\udf84\" \/><\/p>\n<p><strong>\u2744\ufe0fDimenzije okraskov so:<br \/>\n<\/strong>Merry Christmas okrasek je 10,5 x 10,5 cm (4,13&#8243; x 4,13&#8243;)<br \/>\nBo\u017ei\u010dno drevo okrasek\u00a0 je 8,5 x 9 cm (3,35&#8243; x 3,54&#8243;)<strong>\u2744\ufe0f<\/strong><\/p>\n<p><img decoding=\"async\" class=\"emoji\" role=\"img\" draggable=\"false\" src=\"https:\/\/s.w.org\/images\/core\/emoji\/15.0.3\/svg\/1f536.svg\" alt=\"\ud83d\udd36\" \/>Upo\u0161tevajte, da sem vse svoje izdelke ro\u010dno izdelala, torej ne obstajajo dva enaka izdelka.\u00a0 Poleg tega zaradi ro\u010dne izdelave vedno obstaja mo\u017enost majhnih nepravilnosti in mehur\u010dkov.<\/p>\n<p><img decoding=\"async\" class=\"emoji\" role=\"img\" draggable=\"false\" src=\"https:\/\/s.w.org\/images\/core\/emoji\/15.0.3\/svg\/1f536.svg\" alt=\"\ud83d\udd36\" \/>Imajte na umu da se boja mo\u017ee neznatno razlikovati na nekim monitorima zbog razli\u010ditih postavki slike.<\/p>","protected":false},"excerpt":{"rendered":"<p>Ti \u010dudoviti ro\u010dno izdelani bo\u017ei\u010dni okraski iz smole, izdelani iz prozorne smole, ble\u0161\u010dic, sljude v prahu in pigmentov,\u00a0 bodo dopolnili va\u0161 prazni\u010dni ambient. Ti okraski so ljubek in prazni\u010den na\u010din za popestritev va\u0161ega bo\u017ei\u010dnega drevesca. Vsak okras je opremljen z zlatim trakom iz organze, ki je pripravljen za obe\u0161anje na va\u0161e bo\u017ei\u010dno drevesce \u2744\ufe0fDimenzije okraskov&#8230;<\/p>","protected":false},"featured_media":2985,"comment_status":"open","ping_status":"closed","template":"","meta":{"_kadence_starter_templates_imported_post":false,"_kad_post_transparent":"default","_kad_post_title":"","_kad_post_layout":"default","_kad_post_sidebar_id":"","_kad_post_content_style":"default","_kad_post_vertical_padding":"default","_kad_post_feature":"","_kad_post_feature_position":"","_kad_post_header":false,"_kad_post_footer":false},"product_brand":[],"product_cat":[360],"product_tag":[338,340,343,751,341,214,342,750,339,344,345],"class_list":{"0":"post-2003","1":"product","2":"type-product","3":"status-publish","4":"has-post-thumbnail","6":"product_cat-christmas_ornaments","7":"product_tag-christmas_decoration","8":"product_tag-christmas_ornament","9":"product_tag-christmas_tree_decor","10":"product_tag-christmas_tree_ornament","11":"product_tag-handmade_ornament","12":"product_tag-home_decor","13":"product_tag-merry_christmas","14":"product_tag-merry_christmas_ornament","15":"product_tag-resin_ornament","16":"product_tag-seasonal_ornaments","17":"product_tag-unique_ornament","19":"first","20":"instock","21":"sold-individually","22":"taxable","23":"shipping-taxable","24":"purchasable","25":"product-type-variable","26":"entry","27":"content-bg","28":"loop-entry"},"yoast_head":"<!-- This site is optimized with the Yoast SEO plugin v26.6 - https:\/\/yoast.com\/wordpress\/plugins\/seo\/ -->\n<title>Bo\u017ei\u010dni okraski iz smole Merry Christmas - Mala s mora<\/title>\n<meta name=\"description\" content=\"Handmade resin Merry Christmas ornament, Ro\u010dno izdelan okras Merry Christmas iz smole, Ru\u010dno ra\u0111en bo\u017ei\u0107ni ukras od smole Merry Christmas\" \/>\n<meta name=\"robots\" content=\"index, follow, max-snippet:-1, max-image-preview:large, max-video-preview:-1\" \/>\n<link rel=\"canonical\" href=\"https:\/\/www.malasmora.si\/hr\/proizvod\/merry-christmas-resin-ornament\/\" \/>\n<meta property=\"og:locale\" content=\"hr_HR\" \/>\n<meta property=\"og:type\" content=\"article\" \/>\n<meta property=\"og:title\" content=\"Bo\u017ei\u010dni okraski iz smole Merry Christmas - Mala s mora\" \/>\n<meta property=\"og:description\" content=\"Handmade resin Merry Christmas ornament, Ro\u010dno izdelan okras Merry Christmas iz smole, Ru\u010dno ra\u0111en bo\u017ei\u0107ni ukras od smole Merry Christmas\" \/>\n<meta property=\"og:url\" content=\"https:\/\/www.malasmora.si\/hr\/proizvod\/merry-christmas-resin-ornament\/\" \/>\n<meta property=\"og:site_name\" content=\"Mala s mora\" \/>\n<meta property=\"article:publisher\" content=\"https:\/\/www.facebook.com\/MalaSMoraArt\/\" \/>\n<meta property=\"article:modified_time\" content=\"2025-12-03T22:02:12+00:00\" \/>\n<meta property=\"og:image\" content=\"https:\/\/www.malasmora.si\/wp-content\/uploads\/2024\/02\/merry_christmas_resin_tree_ornament-scaled.jpg\" \/>\n\t<meta property=\"og:image:width\" content=\"1920\" \/>\n\t<meta property=\"og:image:height\" content=\"2560\" \/>\n\t<meta property=\"og:image:type\" content=\"image\/jpeg\" \/>\n<meta name=\"twitter:card\" content=\"summary_large_image\" \/>\n<meta name=\"twitter:label1\" content=\"Procijenjeno vrijeme \u010ditanja\" \/>\n\t<meta name=\"twitter:data1\" content=\"2 minute\" \/>\n<script type=\"application\/ld+json\" class=\"yoast-schema-graph\">{\"@context\":\"https:\/\/schema.org\",\"@graph\":[{\"@type\":\"WebPage\",\"@id\":\"https:\/\/www.malasmora.si\/izdelek\/merry-christmas-resin-ornament\/\",\"url\":\"https:\/\/www.malasmora.si\/izdelek\/merry-christmas-resin-ornament\/\",\"name\":\"Bo\u017ei\u010dni okraski iz smole Merry Christmas - Mala s mora\",\"isPartOf\":{\"@id\":\"https:\/\/www.malasmora.si\/#website\"},\"primaryImageOfPage\":{\"@id\":\"https:\/\/www.malasmora.si\/izdelek\/merry-christmas-resin-ornament\/#primaryimage\"},\"image\":{\"@id\":\"https:\/\/www.malasmora.si\/izdelek\/merry-christmas-resin-ornament\/#primaryimage\"},\"thumbnailUrl\":\"https:\/\/www.malasmora.si\/wp-content\/uploads\/2024\/02\/merry_christmas_resin_tree_ornament-scaled.jpg\",\"datePublished\":\"2024-02-23T13:07:02+00:00\",\"dateModified\":\"2025-12-03T22:02:12+00:00\",\"description\":\"Handmade resin Merry Christmas ornament, Ro\u010dno izdelan okras Merry Christmas iz smole, Ru\u010dno ra\u0111en bo\u017ei\u0107ni ukras od smole Merry Christmas\",\"breadcrumb\":{\"@id\":\"https:\/\/www.malasmora.si\/izdelek\/merry-christmas-resin-ornament\/#breadcrumb\"},\"inLanguage\":\"hr\",\"potentialAction\":[{\"@type\":\"ReadAction\",\"target\":[\"https:\/\/www.malasmora.si\/izdelek\/merry-christmas-resin-ornament\/\"]}]},{\"@type\":\"ImageObject\",\"inLanguage\":\"hr\",\"@id\":\"https:\/\/www.malasmora.si\/izdelek\/merry-christmas-resin-ornament\/#primaryimage\",\"url\":\"https:\/\/www.malasmora.si\/wp-content\/uploads\/2024\/02\/merry_christmas_resin_tree_ornament-scaled.jpg\",\"contentUrl\":\"https:\/\/www.malasmora.si\/wp-content\/uploads\/2024\/02\/merry_christmas_resin_tree_ornament-scaled.jpg\",\"width\":1920,\"height\":2560,\"caption\":\"Merry Christmas resin ornament\"},{\"@type\":\"BreadcrumbList\",\"@id\":\"https:\/\/www.malasmora.si\/izdelek\/merry-christmas-resin-ornament\/#breadcrumb\",\"itemListElement\":[{\"@type\":\"ListItem\",\"position\":1,\"name\":\"Home\",\"item\":\"https:\/\/www.malasmora.si\/\"},{\"@type\":\"ListItem\",\"position\":2,\"name\":\"Shop\",\"item\":\"https:\/\/www.malasmora.si\/shop\/\"},{\"@type\":\"ListItem\",\"position\":3,\"name\":\"Bo\u017ei\u010dni okraski iz smole Merry Christmas\"}]},{\"@type\":\"WebSite\",\"@id\":\"https:\/\/www.malasmora.si\/#website\",\"url\":\"https:\/\/www.malasmora.si\/\",\"name\":\"Mala s mora\",\"description\":\"Ro\u010dno izdelan nakit iz epoksi smole\",\"publisher\":{\"@id\":\"https:\/\/www.malasmora.si\/#organization\"},\"potentialAction\":[{\"@type\":\"SearchAction\",\"target\":{\"@type\":\"EntryPoint\",\"urlTemplate\":\"https:\/\/www.malasmora.si\/?s={search_term_string}\"},\"query-input\":{\"@type\":\"PropertyValueSpecification\",\"valueRequired\":true,\"valueName\":\"search_term_string\"}}],\"inLanguage\":\"hr\"},{\"@type\":\"Organization\",\"@id\":\"https:\/\/www.malasmora.si\/#organization\",\"name\":\"Mala s mora\",\"url\":\"https:\/\/www.malasmora.si\/\",\"logo\":{\"@type\":\"ImageObject\",\"inLanguage\":\"hr\",\"@id\":\"https:\/\/www.malasmora.si\/#\/schema\/logo\/image\/\",\"url\":\"https:\/\/www.malasmora.si\/wp-content\/uploads\/2025\/07\/logo_novi_03.png\",\"contentUrl\":\"https:\/\/www.malasmora.si\/wp-content\/uploads\/2025\/07\/logo_novi_03.png\",\"width\":1536,\"height\":1024,\"caption\":\"Mala s mora\"},\"image\":{\"@id\":\"https:\/\/www.malasmora.si\/#\/schema\/logo\/image\/\"},\"sameAs\":[\"https:\/\/www.facebook.com\/MalaSMoraArt\/\"]}]}<\/script>\n<!-- \/ Yoast SEO plugin. -->","yoast_head_json":{"title":"Bo\u017ei\u010dni okraski iz smole Merry Christmas - Mala s mora","description":"Handmade resin Merry Christmas ornament, Ro\u010dno izdelan okras Merry Christmas iz smole, Ru\u010dno ra\u0111en bo\u017ei\u0107ni ukras od smole Merry Christmas","robots":{"index":"index","follow":"follow","max-snippet":"max-snippet:-1","max-image-preview":"max-image-preview:large","max-video-preview":"max-video-preview:-1"},"canonical":"https:\/\/www.malasmora.si\/hr\/proizvod\/merry-christmas-resin-ornament\/","og_locale":"hr_HR","og_type":"article","og_title":"Bo\u017ei\u010dni okraski iz smole Merry Christmas - Mala s mora","og_description":"Handmade resin Merry Christmas ornament, Ro\u010dno izdelan okras Merry Christmas iz smole, Ru\u010dno ra\u0111en bo\u017ei\u0107ni ukras od smole Merry Christmas","og_url":"https:\/\/www.malasmora.si\/hr\/proizvod\/merry-christmas-resin-ornament\/","og_site_name":"Mala s mora","article_publisher":"https:\/\/www.facebook.com\/MalaSMoraArt\/","article_modified_time":"2025-12-03T22:02:12+00:00","og_image":[{"width":1920,"height":2560,"url":"https:\/\/www.malasmora.si\/wp-content\/uploads\/2024\/02\/merry_christmas_resin_tree_ornament-scaled.jpg","type":"image\/jpeg"}],"twitter_card":"summary_large_image","twitter_misc":{"Procijenjeno vrijeme \u010ditanja":"2 minute"},"schema":{"@context":"https:\/\/schema.org","@graph":[{"@type":"WebPage","@id":"https:\/\/www.malasmora.si\/izdelek\/merry-christmas-resin-ornament\/","url":"https:\/\/www.malasmora.si\/izdelek\/merry-christmas-resin-ornament\/","name":"Bo\u017ei\u010dni okraski iz smole Merry Christmas - Mala s mora","isPartOf":{"@id":"https:\/\/www.malasmora.si\/#website"},"primaryImageOfPage":{"@id":"https:\/\/www.malasmora.si\/izdelek\/merry-christmas-resin-ornament\/#primaryimage"},"image":{"@id":"https:\/\/www.malasmora.si\/izdelek\/merry-christmas-resin-ornament\/#primaryimage"},"thumbnailUrl":"https:\/\/www.malasmora.si\/wp-content\/uploads\/2024\/02\/merry_christmas_resin_tree_ornament-scaled.jpg","datePublished":"2024-02-23T13:07:02+00:00","dateModified":"2025-12-03T22:02:12+00:00","description":"Handmade resin Merry Christmas ornament, Ro\u010dno izdelan okras Merry Christmas iz smole, Ru\u010dno ra\u0111en bo\u017ei\u0107ni ukras od smole Merry Christmas","breadcrumb":{"@id":"https:\/\/www.malasmora.si\/izdelek\/merry-christmas-resin-ornament\/#breadcrumb"},"inLanguage":"hr","potentialAction":[{"@type":"ReadAction","target":["https:\/\/www.malasmora.si\/izdelek\/merry-christmas-resin-ornament\/"]}]},{"@type":"ImageObject","inLanguage":"hr","@id":"https:\/\/www.malasmora.si\/izdelek\/merry-christmas-resin-ornament\/#primaryimage","url":"https:\/\/www.malasmora.si\/wp-content\/uploads\/2024\/02\/merry_christmas_resin_tree_ornament-scaled.jpg","contentUrl":"https:\/\/www.malasmora.si\/wp-content\/uploads\/2024\/02\/merry_christmas_resin_tree_ornament-scaled.jpg","width":1920,"height":2560,"caption":"Merry Christmas resin ornament"},{"@type":"BreadcrumbList","@id":"https:\/\/www.malasmora.si\/izdelek\/merry-christmas-resin-ornament\/#breadcrumb","itemListElement":[{"@type":"ListItem","position":1,"name":"Home","item":"https:\/\/www.malasmora.si\/"},{"@type":"ListItem","position":2,"name":"Shop","item":"https:\/\/www.malasmora.si\/shop\/"},{"@type":"ListItem","position":3,"name":"Bo\u017ei\u010dni okraski iz smole Merry Christmas"}]},{"@type":"WebSite","@id":"https:\/\/www.malasmora.si\/#website","url":"https:\/\/www.malasmora.si\/","name":"Mala s mora","description":"Ro\u010dno izdelan nakit iz epoksi smole","publisher":{"@id":"https:\/\/www.malasmora.si\/#organization"},"potentialAction":[{"@type":"SearchAction","target":{"@type":"EntryPoint","urlTemplate":"https:\/\/www.malasmora.si\/?s={search_term_string}"},"query-input":{"@type":"PropertyValueSpecification","valueRequired":true,"valueName":"search_term_string"}}],"inLanguage":"hr"},{"@type":"Organization","@id":"https:\/\/www.malasmora.si\/#organization","name":"Mala s mora","url":"https:\/\/www.malasmora.si\/","logo":{"@type":"ImageObject","inLanguage":"hr","@id":"https:\/\/www.malasmora.si\/#\/schema\/logo\/image\/","url":"https:\/\/www.malasmora.si\/wp-content\/uploads\/2025\/07\/logo_novi_03.png","contentUrl":"https:\/\/www.malasmora.si\/wp-content\/uploads\/2025\/07\/logo_novi_03.png","width":1536,"height":1024,"caption":"Mala s mora"},"image":{"@id":"https:\/\/www.malasmora.si\/#\/schema\/logo\/image\/"},"sameAs":["https:\/\/www.facebook.com\/MalaSMoraArt\/"]}]}},"_links":{"self":[{"href":"https:\/\/www.malasmora.si\/hr\/wp-json\/wp\/v2\/product\/2003","targetHints":{"allow":["GET"]}}],"collection":[{"href":"https:\/\/www.malasmora.si\/hr\/wp-json\/wp\/v2\/product"}],"about":[{"href":"https:\/\/www.malasmora.si\/hr\/wp-json\/wp\/v2\/types\/product"}],"replies":[{"embeddable":true,"href":"https:\/\/www.malasmora.si\/hr\/wp-json\/wp\/v2\/comments?post=2003"}],"wp:featuredmedia":[{"embeddable":true,"href":"https:\/\/www.malasmora.si\/hr\/wp-json\/wp\/v2\/media\/2985"}],"wp:attachment":[{"href":"https:\/\/www.malasmora.si\/hr\/wp-json\/wp\/v2\/media?parent=2003"}],"wp:term":[{"taxonomy":"product_brand","embeddable":true,"href":"https:\/\/www.malasmora.si\/hr\/wp-json\/wp\/v2\/product_brand?post=2003"},{"taxonomy":"product_cat","embeddable":true,"href":"https:\/\/www.malasmora.si\/hr\/wp-json\/wp\/v2\/product_cat?post=2003"},{"taxonomy":"product_tag","embeddable":true,"href":"https:\/\/www.malasmora.si\/hr\/wp-json\/wp\/v2\/product_tag?post=2003"}],"curies":[{"name":"wp","href":"https:\/\/api.w.org\/{rel}","templated":true}]}}