{"id":2103,"date":"2024-02-26T18:57:53","date_gmt":"2024-02-26T16:57:53","guid":{"rendered":"https:\/\/www.malasmora.si\/?post_type=product&#038;p=2103"},"modified":"2025-03-30T22:54:18","modified_gmt":"2025-03-30T20:54:18","slug":"big_heart_trinket_dish","status":"publish","type":"product","link":"https:\/\/www.malasmora.si\/hr\/proizvod\/big_heart_trinket_dish\/","title":{"rendered":"Ro\u010dno izdelana velika posoda za nakit ali drobnarije v obliki srca iz smole"},"content":{"rendered":"<p>Ro\u010dno izdelana unikatna velika posoda v obliki srca je popolna za shranjevanje nakita, kovancev, klju\u010dev, denarja, sladkarij ali karkoli \u017eelite. Unikatna umetnina za va\u0161o dnevno sobo, kuhinjo, kopalnico ali spalnico.<br \/>\nPopolno darilo za drugega ali zase!<\/p>\n<p>Narejeno iz visokokakovostne epoksi smole za \u017eivila.<\/p>\n<p>Dimenzije posode so 12 cm x 9,5 cm x 1,7 cm<\/p>\n<p>Dodatki porabljeni za fotografiranje niso naprodaj.<\/p>\n<p>Imajte na umu da se boja mo\u017ee neznatno razlikovati na nekim monitorima zbog razli\u010ditih postavki slike.<\/p>","protected":false},"excerpt":{"rendered":"<p>Ro\u010dno izdelana unikatna velika posoda v obliki srca je popolna za shranjevanje nakita, kovancev, klju\u010dev, denarja, sladkarij ali karkoli \u017eelite. Unikatna umetnina za va\u0161o dnevno sobo, kuhinjo, kopalnico ali spalnico. Popolno darilo za drugega ali zase! Narejeno iz visokokakovostne epoksi smole za \u017eivila. Dimenzije posode so 12 cm x 9,5 cm x 1,7 cm Dodatki&#8230;<\/p>","protected":false},"featured_media":2107,"comment_status":"open","ping_status":"closed","template":"","meta":{"_kadence_starter_templates_imported_post":false,"_kad_post_transparent":"default","_kad_post_title":"","_kad_post_layout":"default","_kad_post_sidebar_id":"","_kad_post_content_style":"default","_kad_post_vertical_padding":"default","_kad_post_feature":"","_kad_post_feature_position":"","_kad_post_header":false,"_kad_post_footer":false},"product_brand":[],"product_cat":[378],"product_tag":[65,107,391,142,392,394,135,393,137,138,141,143,136,144],"class_list":{"0":"post-2103","1":"product","2":"type-product","3":"status-publish","4":"has-post-thumbnail","6":"product_cat-trinket_trays","7":"product_tag-gift_for_her","8":"product_tag-gift_for_him","9":"product_tag-gift_under_20_euro","10":"product_tag-handmade_tray","11":"product_tag-heart_dish","12":"product_tag-heart_home_decor","13":"product_tag-heartshaped_tray","14":"product_tag-jewelry_dish","15":"product_tag-jewelry_tray","16":"product_tag-jewelry_trinket_tray","17":"product_tag-resin_trinket_tray","18":"product_tag-ring_dish","19":"product_tag-trinket_tray","20":"product_tag-valentine_day_gift","22":"first","23":"outofstock","24":"sold-individually","25":"taxable","26":"shipping-taxable","27":"purchasable","28":"product-type-simple","29":"entry","30":"content-bg","31":"loop-entry"},"yoast_head":"<!-- This site is optimized with the Yoast SEO plugin v26.6 - https:\/\/yoast.com\/wordpress\/plugins\/seo\/ -->\n<title>Ro\u010dno izdelana velika posoda za nakit ali drobnarije v obliki srca iz smole - Mala s mora<\/title>\n<meta name=\"description\" content=\"Big heart trinket dish, Posoda za drobnarije veliko srce, Posuda za sitnice veliko srce\" \/>\n<meta name=\"robots\" content=\"index, follow, max-snippet:-1, max-image-preview:large, max-video-preview:-1\" \/>\n<link rel=\"canonical\" href=\"https:\/\/www.malasmora.si\/hr\/proizvod\/big_heart_trinket_dish\/\" \/>\n<meta property=\"og:locale\" content=\"hr_HR\" \/>\n<meta property=\"og:type\" content=\"article\" \/>\n<meta property=\"og:title\" content=\"Ro\u010dno izdelana velika posoda za nakit ali drobnarije v obliki srca iz smole - Mala s mora\" \/>\n<meta property=\"og:description\" content=\"Big heart trinket dish, Posoda za drobnarije veliko srce, Posuda za sitnice veliko srce\" \/>\n<meta property=\"og:url\" content=\"https:\/\/www.malasmora.si\/hr\/proizvod\/big_heart_trinket_dish\/\" \/>\n<meta property=\"og:site_name\" content=\"Mala s mora\" \/>\n<meta property=\"article:publisher\" content=\"https:\/\/www.facebook.com\/MalaSMoraArt\/\" \/>\n<meta property=\"article:modified_time\" content=\"2025-03-30T20:54:18+00:00\" \/>\n<meta property=\"og:image\" content=\"https:\/\/www.malasmora.si\/wp-content\/uploads\/2024\/02\/TD102-scaled.jpg\" \/>\n\t<meta property=\"og:image:width\" content=\"1920\" \/>\n\t<meta property=\"og:image:height\" content=\"2560\" \/>\n\t<meta property=\"og:image:type\" content=\"image\/jpeg\" \/>\n<meta name=\"twitter:card\" content=\"summary_large_image\" \/>\n<meta name=\"twitter:label1\" content=\"Procijenjeno vrijeme \u010ditanja\" \/>\n\t<meta name=\"twitter:data1\" content=\"1 minuta\" \/>\n<script type=\"application\/ld+json\" class=\"yoast-schema-graph\">{\"@context\":\"https:\/\/schema.org\",\"@graph\":[{\"@type\":\"WebPage\",\"@id\":\"https:\/\/www.malasmora.si\/izdelek\/big_heart_trinket_dish\/\",\"url\":\"https:\/\/www.malasmora.si\/izdelek\/big_heart_trinket_dish\/\",\"name\":\"Ro\u010dno izdelana velika posoda za nakit ali drobnarije v obliki srca iz smole - Mala s mora\",\"isPartOf\":{\"@id\":\"https:\/\/www.malasmora.si\/#website\"},\"primaryImageOfPage\":{\"@id\":\"https:\/\/www.malasmora.si\/izdelek\/big_heart_trinket_dish\/#primaryimage\"},\"image\":{\"@id\":\"https:\/\/www.malasmora.si\/izdelek\/big_heart_trinket_dish\/#primaryimage\"},\"thumbnailUrl\":\"https:\/\/www.malasmora.si\/wp-content\/uploads\/2024\/02\/TD102-scaled.jpg\",\"datePublished\":\"2024-02-26T16:57:53+00:00\",\"dateModified\":\"2025-03-30T20:54:18+00:00\",\"description\":\"Big heart trinket dish, Posoda za drobnarije veliko srce, Posuda za sitnice veliko srce\",\"breadcrumb\":{\"@id\":\"https:\/\/www.malasmora.si\/izdelek\/big_heart_trinket_dish\/#breadcrumb\"},\"inLanguage\":\"hr\",\"potentialAction\":[{\"@type\":\"ReadAction\",\"target\":[\"https:\/\/www.malasmora.si\/izdelek\/big_heart_trinket_dish\/\"]}]},{\"@type\":\"ImageObject\",\"inLanguage\":\"hr\",\"@id\":\"https:\/\/www.malasmora.si\/izdelek\/big_heart_trinket_dish\/#primaryimage\",\"url\":\"https:\/\/www.malasmora.si\/wp-content\/uploads\/2024\/02\/TD102-scaled.jpg\",\"contentUrl\":\"https:\/\/www.malasmora.si\/wp-content\/uploads\/2024\/02\/TD102-scaled.jpg\",\"width\":1920,\"height\":2560,\"caption\":\"rpt\"},{\"@type\":\"BreadcrumbList\",\"@id\":\"https:\/\/www.malasmora.si\/izdelek\/big_heart_trinket_dish\/#breadcrumb\",\"itemListElement\":[{\"@type\":\"ListItem\",\"position\":1,\"name\":\"Home\",\"item\":\"https:\/\/www.malasmora.si\/\"},{\"@type\":\"ListItem\",\"position\":2,\"name\":\"Shop\",\"item\":\"https:\/\/www.malasmora.si\/shop\/\"},{\"@type\":\"ListItem\",\"position\":3,\"name\":\"Ro\u010dno izdelana velika posoda za nakit ali drobnarije v obliki srca iz smole\"}]},{\"@type\":\"WebSite\",\"@id\":\"https:\/\/www.malasmora.si\/#website\",\"url\":\"https:\/\/www.malasmora.si\/\",\"name\":\"Mala s mora\",\"description\":\"Ro\u010dno izdelan nakit iz epoksi smole\",\"publisher\":{\"@id\":\"https:\/\/www.malasmora.si\/#organization\"},\"potentialAction\":[{\"@type\":\"SearchAction\",\"target\":{\"@type\":\"EntryPoint\",\"urlTemplate\":\"https:\/\/www.malasmora.si\/?s={search_term_string}\"},\"query-input\":{\"@type\":\"PropertyValueSpecification\",\"valueRequired\":true,\"valueName\":\"search_term_string\"}}],\"inLanguage\":\"hr\"},{\"@type\":\"Organization\",\"@id\":\"https:\/\/www.malasmora.si\/#organization\",\"name\":\"Mala s mora\",\"url\":\"https:\/\/www.malasmora.si\/\",\"logo\":{\"@type\":\"ImageObject\",\"inLanguage\":\"hr\",\"@id\":\"https:\/\/www.malasmora.si\/#\/schema\/logo\/image\/\",\"url\":\"https:\/\/www.malasmora.si\/wp-content\/uploads\/2025\/07\/logo_novi_03.png\",\"contentUrl\":\"https:\/\/www.malasmora.si\/wp-content\/uploads\/2025\/07\/logo_novi_03.png\",\"width\":1536,\"height\":1024,\"caption\":\"Mala s mora\"},\"image\":{\"@id\":\"https:\/\/www.malasmora.si\/#\/schema\/logo\/image\/\"},\"sameAs\":[\"https:\/\/www.facebook.com\/MalaSMoraArt\/\"]}]}<\/script>\n<!-- \/ Yoast SEO plugin. -->","yoast_head_json":{"title":"Ro\u010dno izdelana velika posoda za nakit ali drobnarije v obliki srca iz smole - Mala s mora","description":"Big heart trinket dish, Posoda za drobnarije veliko srce, Posuda za sitnice veliko srce","robots":{"index":"index","follow":"follow","max-snippet":"max-snippet:-1","max-image-preview":"max-image-preview:large","max-video-preview":"max-video-preview:-1"},"canonical":"https:\/\/www.malasmora.si\/hr\/proizvod\/big_heart_trinket_dish\/","og_locale":"hr_HR","og_type":"article","og_title":"Ro\u010dno izdelana velika posoda za nakit ali drobnarije v obliki srca iz smole - Mala s mora","og_description":"Big heart trinket dish, Posoda za drobnarije veliko srce, Posuda za sitnice veliko srce","og_url":"https:\/\/www.malasmora.si\/hr\/proizvod\/big_heart_trinket_dish\/","og_site_name":"Mala s mora","article_publisher":"https:\/\/www.facebook.com\/MalaSMoraArt\/","article_modified_time":"2025-03-30T20:54:18+00:00","og_image":[{"width":1920,"height":2560,"url":"https:\/\/www.malasmora.si\/wp-content\/uploads\/2024\/02\/TD102-scaled.jpg","type":"image\/jpeg"}],"twitter_card":"summary_large_image","twitter_misc":{"Procijenjeno vrijeme \u010ditanja":"1 minuta"},"schema":{"@context":"https:\/\/schema.org","@graph":[{"@type":"WebPage","@id":"https:\/\/www.malasmora.si\/izdelek\/big_heart_trinket_dish\/","url":"https:\/\/www.malasmora.si\/izdelek\/big_heart_trinket_dish\/","name":"Ro\u010dno izdelana velika posoda za nakit ali drobnarije v obliki srca iz smole - Mala s mora","isPartOf":{"@id":"https:\/\/www.malasmora.si\/#website"},"primaryImageOfPage":{"@id":"https:\/\/www.malasmora.si\/izdelek\/big_heart_trinket_dish\/#primaryimage"},"image":{"@id":"https:\/\/www.malasmora.si\/izdelek\/big_heart_trinket_dish\/#primaryimage"},"thumbnailUrl":"https:\/\/www.malasmora.si\/wp-content\/uploads\/2024\/02\/TD102-scaled.jpg","datePublished":"2024-02-26T16:57:53+00:00","dateModified":"2025-03-30T20:54:18+00:00","description":"Big heart trinket dish, Posoda za drobnarije veliko srce, Posuda za sitnice veliko srce","breadcrumb":{"@id":"https:\/\/www.malasmora.si\/izdelek\/big_heart_trinket_dish\/#breadcrumb"},"inLanguage":"hr","potentialAction":[{"@type":"ReadAction","target":["https:\/\/www.malasmora.si\/izdelek\/big_heart_trinket_dish\/"]}]},{"@type":"ImageObject","inLanguage":"hr","@id":"https:\/\/www.malasmora.si\/izdelek\/big_heart_trinket_dish\/#primaryimage","url":"https:\/\/www.malasmora.si\/wp-content\/uploads\/2024\/02\/TD102-scaled.jpg","contentUrl":"https:\/\/www.malasmora.si\/wp-content\/uploads\/2024\/02\/TD102-scaled.jpg","width":1920,"height":2560,"caption":"rpt"},{"@type":"BreadcrumbList","@id":"https:\/\/www.malasmora.si\/izdelek\/big_heart_trinket_dish\/#breadcrumb","itemListElement":[{"@type":"ListItem","position":1,"name":"Home","item":"https:\/\/www.malasmora.si\/"},{"@type":"ListItem","position":2,"name":"Shop","item":"https:\/\/www.malasmora.si\/shop\/"},{"@type":"ListItem","position":3,"name":"Ro\u010dno izdelana velika posoda za nakit ali drobnarije v obliki srca iz smole"}]},{"@type":"WebSite","@id":"https:\/\/www.malasmora.si\/#website","url":"https:\/\/www.malasmora.si\/","name":"Mala s mora","description":"Ro\u010dno izdelan nakit iz epoksi smole","publisher":{"@id":"https:\/\/www.malasmora.si\/#organization"},"potentialAction":[{"@type":"SearchAction","target":{"@type":"EntryPoint","urlTemplate":"https:\/\/www.malasmora.si\/?s={search_term_string}"},"query-input":{"@type":"PropertyValueSpecification","valueRequired":true,"valueName":"search_term_string"}}],"inLanguage":"hr"},{"@type":"Organization","@id":"https:\/\/www.malasmora.si\/#organization","name":"Mala s mora","url":"https:\/\/www.malasmora.si\/","logo":{"@type":"ImageObject","inLanguage":"hr","@id":"https:\/\/www.malasmora.si\/#\/schema\/logo\/image\/","url":"https:\/\/www.malasmora.si\/wp-content\/uploads\/2025\/07\/logo_novi_03.png","contentUrl":"https:\/\/www.malasmora.si\/wp-content\/uploads\/2025\/07\/logo_novi_03.png","width":1536,"height":1024,"caption":"Mala s mora"},"image":{"@id":"https:\/\/www.malasmora.si\/#\/schema\/logo\/image\/"},"sameAs":["https:\/\/www.facebook.com\/MalaSMoraArt\/"]}]}},"_links":{"self":[{"href":"https:\/\/www.malasmora.si\/hr\/wp-json\/wp\/v2\/product\/2103","targetHints":{"allow":["GET"]}}],"collection":[{"href":"https:\/\/www.malasmora.si\/hr\/wp-json\/wp\/v2\/product"}],"about":[{"href":"https:\/\/www.malasmora.si\/hr\/wp-json\/wp\/v2\/types\/product"}],"replies":[{"embeddable":true,"href":"https:\/\/www.malasmora.si\/hr\/wp-json\/wp\/v2\/comments?post=2103"}],"wp:featuredmedia":[{"embeddable":true,"href":"https:\/\/www.malasmora.si\/hr\/wp-json\/wp\/v2\/media\/2107"}],"wp:attachment":[{"href":"https:\/\/www.malasmora.si\/hr\/wp-json\/wp\/v2\/media?parent=2103"}],"wp:term":[{"taxonomy":"product_brand","embeddable":true,"href":"https:\/\/www.malasmora.si\/hr\/wp-json\/wp\/v2\/product_brand?post=2103"},{"taxonomy":"product_cat","embeddable":true,"href":"https:\/\/www.malasmora.si\/hr\/wp-json\/wp\/v2\/product_cat?post=2103"},{"taxonomy":"product_tag","embeddable":true,"href":"https:\/\/www.malasmora.si\/hr\/wp-json\/wp\/v2\/product_tag?post=2103"}],"curies":[{"name":"wp","href":"https:\/\/api.w.org\/{rel}","templated":true}]}}