{"id":2220,"date":"2024-03-09T17:16:58","date_gmt":"2024-03-09T15:16:58","guid":{"rendered":"https:\/\/www.malasmora.si\/?post_type=product&#038;p=2220"},"modified":"2025-06-30T13:08:26","modified_gmt":"2025-06-30T11:08:26","slug":"round_ocean_earrings_necklace_set","status":"publish","type":"product","link":"https:\/\/www.malasmora.si\/hr\/proizvod\/round_ocean_earrings_necklace_set\/","title":{"rendered":"Komplet okroglih uhanov in ogrlice Ocean"},"content":{"rendered":"<p>Predstavljajte si, da imate ko\u0161\u010dek morja in peska s seboj, kadar koli \u017eelite. S tem kompletom boste imeli to\u010dno to! Ro\u010dno izdelani uhani in ogrlica s pravimi \u0161koljkami, peskom, kamen\u010dki in morskim steklom so tu, da vam obudijo \u010dudovite spomine na sonce, morje in pla\u017eo.<br \/>\nObesek je na veri\u017eici iz nerjave\u010dega jekla, uhani pa imajo kavelj\u010dke iz srebra 925.<\/p>\n<p>Privo\u0161\u010dite si ga ali ga podarite kot popolno darilo za va\u0161o ljubljeno osebo.<\/p>\n<p><img decoding=\"async\" class=\"emoji\" role=\"img\" draggable=\"false\" src=\"https:\/\/s.w.org\/images\/core\/emoji\/15.0.3\/svg\/1f4d0.svg\" alt=\"\ud83d\udcd0\" \/>Dimenzije:<br \/>\n<strong>Nau\u0161nice<\/strong><br \/>\nCelotna dol\u017eina 5 cm<br \/>\nPremer 3 cm<\/p>\n<p><strong>Ogrlica<\/strong><br \/>\nPremer obeska 4 cm<br \/>\nVeri\u017eica iz nerjave\u010dega jekla\u00a0 50 cm<\/p>\n<p><img decoding=\"async\" class=\"emoji\" role=\"img\" draggable=\"false\" src=\"https:\/\/s.w.org\/images\/core\/emoji\/15.0.3\/svg\/1f496.svg\" alt=\"\ud83d\udc96\" \/> NJEGA ZA RU\u010cNO IZRA\u0110ENI NAKIT <img decoding=\"async\" class=\"emoji\" role=\"img\" draggable=\"false\" src=\"https:\/\/s.w.org\/images\/core\/emoji\/15.0.3\/svg\/1f496.svg\" alt=\"\ud83d\udc96\" \/><br \/>\nProsimo, hranite na suhem mestu in se izogibajte dolgotrajni neposredni son\u010dni svetlobi, vodi, kemikalijam in parfumom, da ohranite lepoto nakita.<\/p>\n<p><img decoding=\"async\" class=\"emoji\" role=\"img\" draggable=\"false\" src=\"https:\/\/s.w.org\/images\/core\/emoji\/15.0.3\/svg\/1f536.svg\" alt=\"\ud83d\udd36\" \/>Upo\u0161tevajte, da sem vse svoje izdelke ro\u010dno izdelala, torej ne obstajajo dva enaka izdelka.\u00a0 Poleg tega zaradi ro\u010dne izdelave vedno obstaja mo\u017enost majhnih nepravilnosti in mehur\u010dkov.<\/p>\n<p><img decoding=\"async\" class=\"emoji\" role=\"img\" draggable=\"false\" src=\"https:\/\/s.w.org\/images\/core\/emoji\/15.0.3\/svg\/1f536.svg\" alt=\"\ud83d\udd36\" \/>Imajte na umu da se boja mo\u017ee neznatno razlikovati na nekim monitorima zbog razli\u010ditih postavki slike.<\/p>\n<p>&nbsp;<\/p>","protected":false},"excerpt":{"rendered":"<p>Predstavljajte si, da imate ko\u0161\u010dek morja in peska s seboj, kadar koli \u017eelite. S tem kompletom boste imeli to\u010dno to! Ro\u010dno izdelani uhani in ogrlica s pravimi \u0161koljkami, peskom, kamen\u010dki in morskim steklom so tu, da vam obudijo \u010dudovite spomine na sonce, morje in pla\u017eo. Obesek je na veri\u017eici iz nerjave\u010dega jekla, uhani pa imajo&#8230;<\/p>","protected":false},"featured_media":2221,"comment_status":"open","ping_status":"closed","template":"","meta":{"_kadence_starter_templates_imported_post":false,"_kad_post_transparent":"default","_kad_post_title":"","_kad_post_layout":"default","_kad_post_sidebar_id":"","_kad_post_content_style":"default","_kad_post_vertical_padding":"default","_kad_post_feature":"","_kad_post_feature_position":"","_kad_post_header":false,"_kad_post_footer":false},"product_brand":[],"product_cat":[50],"product_tag":[1051,524,94,742,222,741,425,583,584,446,336,582,581,1052,75,70,144,171],"class_list":{"0":"post-2220","1":"product","2":"type-product","3":"status-publish","4":"has-post-thumbnail","6":"product_cat-jewelry_sets","7":"product_tag-adriatic-sea-jewelry","8":"product_tag-beach_jewelry_set","9":"product_tag-birthday_gift","10":"product_tag-blue_ocean_jewelry_set","11":"product_tag-jewelry","12":"product_tag-marine_jewelry_set","13":"product_tag-ocean-jewelry","14":"product_tag-ocean_earrings","15":"product_tag-ocean_jewelry_set","16":"product_tag-ocean_necklace","17":"product_tag-ocean_theme_pendant","18":"product_tag-real_sand_and_shells","19":"product_tag-real_sand_necklace","20":"product_tag-resin-beach","21":"product_tag-resin_earrings","22":"product_tag-resin_jewelry","23":"product_tag-valentine_day_gift","24":"product_tag-womens_day_gift","26":"first","27":"instock","28":"sale","29":"sold-individually","30":"taxable","31":"shipping-taxable","32":"purchasable","33":"product-type-simple","34":"entry","35":"content-bg","36":"loop-entry"},"yoast_head":"<!-- This site is optimized with the Yoast SEO plugin v26.6 - https:\/\/yoast.com\/wordpress\/plugins\/seo\/ -->\n<title>Komplet okroglih uhanov in ogrlice Ocean - Mala s mora<\/title>\n<meta name=\"description\" content=\"Beach Ocean Resin round Earrings and Necklace set, Komplet okroglih uhanov in ogrlice iz smole Ocean, Set okruglih nau\u0161nica i ogrlice od smole Ocean\" \/>\n<meta name=\"robots\" content=\"index, follow, max-snippet:-1, max-image-preview:large, max-video-preview:-1\" \/>\n<link rel=\"canonical\" href=\"https:\/\/www.malasmora.si\/hr\/proizvod\/round_ocean_earrings_necklace_set\/\" \/>\n<meta property=\"og:locale\" content=\"hr_HR\" \/>\n<meta property=\"og:type\" content=\"article\" \/>\n<meta property=\"og:title\" content=\"Komplet okroglih uhanov in ogrlice Ocean - Mala s mora\" \/>\n<meta property=\"og:description\" content=\"Beach Ocean Resin round Earrings and Necklace set, Komplet okroglih uhanov in ogrlice iz smole Ocean, Set okruglih nau\u0161nica i ogrlice od smole Ocean\" \/>\n<meta property=\"og:url\" content=\"https:\/\/www.malasmora.si\/hr\/proizvod\/round_ocean_earrings_necklace_set\/\" \/>\n<meta property=\"og:site_name\" content=\"Mala s mora\" \/>\n<meta property=\"article:publisher\" content=\"https:\/\/www.facebook.com\/MalaSMoraArt\/\" \/>\n<meta property=\"article:modified_time\" content=\"2025-06-30T11:08:26+00:00\" \/>\n<meta property=\"og:image\" content=\"https:\/\/www.malasmora.si\/wp-content\/uploads\/2024\/03\/N545_8-scaled.jpg\" \/>\n\t<meta property=\"og:image:width\" content=\"1897\" \/>\n\t<meta property=\"og:image:height\" content=\"2560\" \/>\n\t<meta property=\"og:image:type\" content=\"image\/jpeg\" \/>\n<meta name=\"twitter:card\" content=\"summary_large_image\" \/>\n<meta name=\"twitter:label1\" content=\"Procijenjeno vrijeme \u010ditanja\" \/>\n\t<meta name=\"twitter:data1\" content=\"3 minute\" \/>\n<script type=\"application\/ld+json\" class=\"yoast-schema-graph\">{\"@context\":\"https:\/\/schema.org\",\"@graph\":[{\"@type\":\"WebPage\",\"@id\":\"https:\/\/www.malasmora.si\/izdelek\/round_ocean_earrings_necklace_set\/\",\"url\":\"https:\/\/www.malasmora.si\/izdelek\/round_ocean_earrings_necklace_set\/\",\"name\":\"Komplet okroglih uhanov in ogrlice Ocean - Mala s mora\",\"isPartOf\":{\"@id\":\"https:\/\/www.malasmora.si\/#website\"},\"primaryImageOfPage\":{\"@id\":\"https:\/\/www.malasmora.si\/izdelek\/round_ocean_earrings_necklace_set\/#primaryimage\"},\"image\":{\"@id\":\"https:\/\/www.malasmora.si\/izdelek\/round_ocean_earrings_necklace_set\/#primaryimage\"},\"thumbnailUrl\":\"https:\/\/www.malasmora.si\/wp-content\/uploads\/2024\/03\/N545_8-scaled.jpg\",\"datePublished\":\"2024-03-09T15:16:58+00:00\",\"dateModified\":\"2025-06-30T11:08:26+00:00\",\"description\":\"Beach Ocean Resin round Earrings and Necklace set, Komplet okroglih uhanov in ogrlice iz smole Ocean, Set okruglih nau\u0161nica i ogrlice od smole Ocean\",\"breadcrumb\":{\"@id\":\"https:\/\/www.malasmora.si\/izdelek\/round_ocean_earrings_necklace_set\/#breadcrumb\"},\"inLanguage\":\"hr\",\"potentialAction\":[{\"@type\":\"ReadAction\",\"target\":[\"https:\/\/www.malasmora.si\/izdelek\/round_ocean_earrings_necklace_set\/\"]}]},{\"@type\":\"ImageObject\",\"inLanguage\":\"hr\",\"@id\":\"https:\/\/www.malasmora.si\/izdelek\/round_ocean_earrings_necklace_set\/#primaryimage\",\"url\":\"https:\/\/www.malasmora.si\/wp-content\/uploads\/2024\/03\/N545_8-scaled.jpg\",\"contentUrl\":\"https:\/\/www.malasmora.si\/wp-content\/uploads\/2024\/03\/N545_8-scaled.jpg\",\"width\":1897,\"height\":2560,\"caption\":\"round_ocean_earrings_necklace_set\"},{\"@type\":\"BreadcrumbList\",\"@id\":\"https:\/\/www.malasmora.si\/izdelek\/round_ocean_earrings_necklace_set\/#breadcrumb\",\"itemListElement\":[{\"@type\":\"ListItem\",\"position\":1,\"name\":\"Home\",\"item\":\"https:\/\/www.malasmora.si\/\"},{\"@type\":\"ListItem\",\"position\":2,\"name\":\"Shop\",\"item\":\"https:\/\/www.malasmora.si\/shop\/\"},{\"@type\":\"ListItem\",\"position\":3,\"name\":\"Komplet okroglih uhanov in ogrlice Ocean\"}]},{\"@type\":\"WebSite\",\"@id\":\"https:\/\/www.malasmora.si\/#website\",\"url\":\"https:\/\/www.malasmora.si\/\",\"name\":\"Mala s mora\",\"description\":\"Ro\u010dno izdelan nakit iz epoksi smole\",\"publisher\":{\"@id\":\"https:\/\/www.malasmora.si\/#organization\"},\"potentialAction\":[{\"@type\":\"SearchAction\",\"target\":{\"@type\":\"EntryPoint\",\"urlTemplate\":\"https:\/\/www.malasmora.si\/?s={search_term_string}\"},\"query-input\":{\"@type\":\"PropertyValueSpecification\",\"valueRequired\":true,\"valueName\":\"search_term_string\"}}],\"inLanguage\":\"hr\"},{\"@type\":\"Organization\",\"@id\":\"https:\/\/www.malasmora.si\/#organization\",\"name\":\"Mala s mora\",\"url\":\"https:\/\/www.malasmora.si\/\",\"logo\":{\"@type\":\"ImageObject\",\"inLanguage\":\"hr\",\"@id\":\"https:\/\/www.malasmora.si\/#\/schema\/logo\/image\/\",\"url\":\"https:\/\/www.malasmora.si\/wp-content\/uploads\/2025\/07\/logo_novi_03.png\",\"contentUrl\":\"https:\/\/www.malasmora.si\/wp-content\/uploads\/2025\/07\/logo_novi_03.png\",\"width\":1536,\"height\":1024,\"caption\":\"Mala s mora\"},\"image\":{\"@id\":\"https:\/\/www.malasmora.si\/#\/schema\/logo\/image\/\"},\"sameAs\":[\"https:\/\/www.facebook.com\/MalaSMoraArt\/\"]}]}<\/script>\n<!-- \/ Yoast SEO plugin. -->","yoast_head_json":{"title":"Komplet okroglih uhanov in ogrlice Ocean - Mala s mora","description":"Beach Ocean Resin round Earrings and Necklace set, Komplet okroglih uhanov in ogrlice iz smole Ocean, Set okruglih nau\u0161nica i ogrlice od smole Ocean","robots":{"index":"index","follow":"follow","max-snippet":"max-snippet:-1","max-image-preview":"max-image-preview:large","max-video-preview":"max-video-preview:-1"},"canonical":"https:\/\/www.malasmora.si\/hr\/proizvod\/round_ocean_earrings_necklace_set\/","og_locale":"hr_HR","og_type":"article","og_title":"Komplet okroglih uhanov in ogrlice Ocean - Mala s mora","og_description":"Beach Ocean Resin round Earrings and Necklace set, Komplet okroglih uhanov in ogrlice iz smole Ocean, Set okruglih nau\u0161nica i ogrlice od smole Ocean","og_url":"https:\/\/www.malasmora.si\/hr\/proizvod\/round_ocean_earrings_necklace_set\/","og_site_name":"Mala s mora","article_publisher":"https:\/\/www.facebook.com\/MalaSMoraArt\/","article_modified_time":"2025-06-30T11:08:26+00:00","og_image":[{"width":1897,"height":2560,"url":"https:\/\/www.malasmora.si\/wp-content\/uploads\/2024\/03\/N545_8-scaled.jpg","type":"image\/jpeg"}],"twitter_card":"summary_large_image","twitter_misc":{"Procijenjeno vrijeme \u010ditanja":"3 minute"},"schema":{"@context":"https:\/\/schema.org","@graph":[{"@type":"WebPage","@id":"https:\/\/www.malasmora.si\/izdelek\/round_ocean_earrings_necklace_set\/","url":"https:\/\/www.malasmora.si\/izdelek\/round_ocean_earrings_necklace_set\/","name":"Komplet okroglih uhanov in ogrlice Ocean - Mala s mora","isPartOf":{"@id":"https:\/\/www.malasmora.si\/#website"},"primaryImageOfPage":{"@id":"https:\/\/www.malasmora.si\/izdelek\/round_ocean_earrings_necklace_set\/#primaryimage"},"image":{"@id":"https:\/\/www.malasmora.si\/izdelek\/round_ocean_earrings_necklace_set\/#primaryimage"},"thumbnailUrl":"https:\/\/www.malasmora.si\/wp-content\/uploads\/2024\/03\/N545_8-scaled.jpg","datePublished":"2024-03-09T15:16:58+00:00","dateModified":"2025-06-30T11:08:26+00:00","description":"Beach Ocean Resin round Earrings and Necklace set, Komplet okroglih uhanov in ogrlice iz smole Ocean, Set okruglih nau\u0161nica i ogrlice od smole Ocean","breadcrumb":{"@id":"https:\/\/www.malasmora.si\/izdelek\/round_ocean_earrings_necklace_set\/#breadcrumb"},"inLanguage":"hr","potentialAction":[{"@type":"ReadAction","target":["https:\/\/www.malasmora.si\/izdelek\/round_ocean_earrings_necklace_set\/"]}]},{"@type":"ImageObject","inLanguage":"hr","@id":"https:\/\/www.malasmora.si\/izdelek\/round_ocean_earrings_necklace_set\/#primaryimage","url":"https:\/\/www.malasmora.si\/wp-content\/uploads\/2024\/03\/N545_8-scaled.jpg","contentUrl":"https:\/\/www.malasmora.si\/wp-content\/uploads\/2024\/03\/N545_8-scaled.jpg","width":1897,"height":2560,"caption":"round_ocean_earrings_necklace_set"},{"@type":"BreadcrumbList","@id":"https:\/\/www.malasmora.si\/izdelek\/round_ocean_earrings_necklace_set\/#breadcrumb","itemListElement":[{"@type":"ListItem","position":1,"name":"Home","item":"https:\/\/www.malasmora.si\/"},{"@type":"ListItem","position":2,"name":"Shop","item":"https:\/\/www.malasmora.si\/shop\/"},{"@type":"ListItem","position":3,"name":"Komplet okroglih uhanov in ogrlice Ocean"}]},{"@type":"WebSite","@id":"https:\/\/www.malasmora.si\/#website","url":"https:\/\/www.malasmora.si\/","name":"Mala s mora","description":"Ro\u010dno izdelan nakit iz epoksi smole","publisher":{"@id":"https:\/\/www.malasmora.si\/#organization"},"potentialAction":[{"@type":"SearchAction","target":{"@type":"EntryPoint","urlTemplate":"https:\/\/www.malasmora.si\/?s={search_term_string}"},"query-input":{"@type":"PropertyValueSpecification","valueRequired":true,"valueName":"search_term_string"}}],"inLanguage":"hr"},{"@type":"Organization","@id":"https:\/\/www.malasmora.si\/#organization","name":"Mala s mora","url":"https:\/\/www.malasmora.si\/","logo":{"@type":"ImageObject","inLanguage":"hr","@id":"https:\/\/www.malasmora.si\/#\/schema\/logo\/image\/","url":"https:\/\/www.malasmora.si\/wp-content\/uploads\/2025\/07\/logo_novi_03.png","contentUrl":"https:\/\/www.malasmora.si\/wp-content\/uploads\/2025\/07\/logo_novi_03.png","width":1536,"height":1024,"caption":"Mala s mora"},"image":{"@id":"https:\/\/www.malasmora.si\/#\/schema\/logo\/image\/"},"sameAs":["https:\/\/www.facebook.com\/MalaSMoraArt\/"]}]}},"_links":{"self":[{"href":"https:\/\/www.malasmora.si\/hr\/wp-json\/wp\/v2\/product\/2220","targetHints":{"allow":["GET"]}}],"collection":[{"href":"https:\/\/www.malasmora.si\/hr\/wp-json\/wp\/v2\/product"}],"about":[{"href":"https:\/\/www.malasmora.si\/hr\/wp-json\/wp\/v2\/types\/product"}],"replies":[{"embeddable":true,"href":"https:\/\/www.malasmora.si\/hr\/wp-json\/wp\/v2\/comments?post=2220"}],"wp:featuredmedia":[{"embeddable":true,"href":"https:\/\/www.malasmora.si\/hr\/wp-json\/wp\/v2\/media\/2221"}],"wp:attachment":[{"href":"https:\/\/www.malasmora.si\/hr\/wp-json\/wp\/v2\/media?parent=2220"}],"wp:term":[{"taxonomy":"product_brand","embeddable":true,"href":"https:\/\/www.malasmora.si\/hr\/wp-json\/wp\/v2\/product_brand?post=2220"},{"taxonomy":"product_cat","embeddable":true,"href":"https:\/\/www.malasmora.si\/hr\/wp-json\/wp\/v2\/product_cat?post=2220"},{"taxonomy":"product_tag","embeddable":true,"href":"https:\/\/www.malasmora.si\/hr\/wp-json\/wp\/v2\/product_tag?post=2220"}],"curies":[{"name":"wp","href":"https:\/\/api.w.org\/{rel}","templated":true}]}}