{"id":2264,"date":"2024-03-19T13:41:57","date_gmt":"2024-03-19T11:41:57","guid":{"rendered":"https:\/\/www.malasmora.si\/?post_type=product&#038;p=2264"},"modified":"2026-02-04T15:47:27","modified_gmt":"2026-02-04T13:47:27","slug":"heartshaped-photo-holder","status":"publish","type":"product","link":"https:\/\/www.malasmora.si\/hr\/proizvod\/heartshaped-photo-holder\/","title":{"rendered":"Dr\u017ealo za fotografije \/ vizitke \/ poro\u010dne vizitke iz smole, v obliki srca"},"content":{"rendered":"<p>Dodajte pridih ljubezni dekorju va\u0161ega doma ali pisarne z na\u0161imi dr\u017eali za fotografije v obliki srca. Ta ro\u010dno izdelana dr\u017eala za fotografije so popolna za prikazovanje va\u0161ih najljub\u0161ih slik ali zapiskov. So izdelana iz visokokakovostne smole, hkrati pa so \u010dvrsta in vizualno privla\u010dna ter va\u0161emu bivalnemu ali delovnemu prostoru dodajo pridih romantike, elegance in lepote.<\/p>\n<p>DIMENZIJE:<br \/>\nVsak nosilec za fotografije ima naslednje dimenzije:<br \/>\nVi\u0161ina: 4,7 cm (1,85 palca)<br \/>\n\u0160irina: 4,8 cm (1,89 palca)<br \/>\nGlobina: 2 cm (0,79 palca)<br \/>\nDimenzije se lahko nekoliko razlikujejo.<\/p>\n<p>Upo\u0161tevajte, da sem vse svoje izdelke ro\u010dno izdelala, torej ne obstajajo dva enaka izdelka.\u00a0 Poleg tega zaradi ro\u010dne izdelave vedno obstaja mo\u017enost majhnih nepravilnosti in mehur\u010dkov.<\/p>\n<p>Imajte na umu da se boja mo\u017ee neznatno razlikovati na nekim monitorima zbog razli\u010ditih postavki slike.<\/p>","protected":false},"excerpt":{"rendered":"<p>Dodajte pridih ljubezni dekorju va\u0161ega doma ali pisarne z na\u0161imi dr\u017eali za fotografije v obliki srca. Ta ro\u010dno izdelana dr\u017eala za fotografije so popolna za prikazovanje va\u0161ih najljub\u0161ih slik ali zapiskov. So izdelana iz visokokakovostne smole, hkrati pa so \u010dvrsta in vizualno privla\u010dna ter va\u0161emu bivalnemu ali delovnemu prostoru dodajo pridih romantike, elegance in lepote&#8230;.<\/p>","protected":false},"featured_media":2302,"comment_status":"open","ping_status":"closed","template":"","meta":{"_kadence_starter_templates_imported_post":false,"_kad_post_transparent":"default","_kad_post_title":"","_kad_post_layout":"default","_kad_post_sidebar_id":"","_kad_post_content_style":"default","_kad_post_vertical_padding":"default","_kad_post_feature":"","_kad_post_feature_position":"","_kad_post_header":false,"_kad_post_footer":false},"product_brand":[],"product_cat":[426],"product_tag":[435,65,107,433,434,421,439,438,437,436],"class_list":{"0":"post-2264","1":"product","2":"type-product","3":"status-publish","4":"has-post-thumbnail","6":"product_cat-statues_and_figurines","7":"product_tag-business_card_holder","8":"product_tag-gift_for_her","9":"product_tag-gift_for_him","10":"product_tag-heart_shaped_photo_holder","11":"product_tag-photo_holder","12":"product_tag-resin_art","13":"product_tag-resin_home_decor","14":"product_tag-resin_office_decor","15":"product_tag-resin_photo_holder","16":"product_tag-wedding_name_card_holder","18":"first","19":"instock","20":"sale","21":"sold-individually","22":"taxable","23":"shipping-taxable","24":"purchasable","25":"product-type-variable","26":"entry","27":"content-bg","28":"loop-entry"},"yoast_head":"<!-- This site is optimized with the Yoast SEO plugin v26.6 - https:\/\/yoast.com\/wordpress\/plugins\/seo\/ -->\n<title>Dr\u017ealo za fotografije \/ vizitke \/ poro\u010dne vizitke iz smole, v obliki srca - Mala s mora<\/title>\n<meta name=\"robots\" content=\"index, follow, max-snippet:-1, max-image-preview:large, max-video-preview:-1\" \/>\n<link rel=\"canonical\" href=\"https:\/\/www.malasmora.si\/hr\/proizvod\/heartshaped-photo-holder\/\" \/>\n<meta property=\"og:locale\" content=\"hr_HR\" \/>\n<meta property=\"og:type\" content=\"article\" \/>\n<meta property=\"og:title\" content=\"Dr\u017ealo za fotografije \/ vizitke \/ poro\u010dne vizitke iz smole, v obliki srca - Mala s mora\" \/>\n<meta property=\"og:description\" content=\"Dodajte pridih ljubezni dekorju va\u0161ega doma ali pisarne z na\u0161imi dr\u017eali za fotografije v obliki srca. Ta ro\u010dno izdelana dr\u017eala za fotografije so popolna za prikazovanje va\u0161ih najljub\u0161ih slik ali zapiskov. So izdelana iz visokokakovostne smole, hkrati pa so \u010dvrsta in vizualno privla\u010dna ter va\u0161emu bivalnemu ali delovnemu prostoru dodajo pridih romantike, elegance in lepote....\" \/>\n<meta property=\"og:url\" content=\"https:\/\/www.malasmora.si\/hr\/proizvod\/heartshaped-photo-holder\/\" \/>\n<meta property=\"og:site_name\" content=\"Mala s mora\" \/>\n<meta property=\"article:publisher\" content=\"https:\/\/www.facebook.com\/MalaSMoraArt\/\" \/>\n<meta property=\"article:modified_time\" content=\"2026-02-04T13:47:27+00:00\" \/>\n<meta property=\"og:image\" content=\"https:\/\/www.malasmora.si\/wp-content\/uploads\/2024\/03\/PH_201_all_4-scaled.jpg\" \/>\n\t<meta property=\"og:image:width\" content=\"2560\" \/>\n\t<meta property=\"og:image:height\" content=\"1630\" \/>\n\t<meta property=\"og:image:type\" content=\"image\/jpeg\" \/>\n<meta name=\"twitter:card\" content=\"summary_large_image\" \/>\n<meta name=\"twitter:label1\" content=\"Procijenjeno vrijeme \u010ditanja\" \/>\n\t<meta name=\"twitter:data1\" content=\"1 minuta\" \/>\n<script type=\"application\/ld+json\" class=\"yoast-schema-graph\">{\"@context\":\"https:\/\/schema.org\",\"@graph\":[{\"@type\":\"WebPage\",\"@id\":\"https:\/\/www.malasmora.si\/izdelek\/heartshaped-photo-holder\/\",\"url\":\"https:\/\/www.malasmora.si\/izdelek\/heartshaped-photo-holder\/\",\"name\":\"Dr\u017ealo za fotografije \/ vizitke \/ poro\u010dne vizitke iz smole, v obliki srca - Mala s mora\",\"isPartOf\":{\"@id\":\"https:\/\/www.malasmora.si\/#website\"},\"primaryImageOfPage\":{\"@id\":\"https:\/\/www.malasmora.si\/izdelek\/heartshaped-photo-holder\/#primaryimage\"},\"image\":{\"@id\":\"https:\/\/www.malasmora.si\/izdelek\/heartshaped-photo-holder\/#primaryimage\"},\"thumbnailUrl\":\"https:\/\/www.malasmora.si\/wp-content\/uploads\/2024\/03\/PH_201_all_4-scaled.jpg\",\"datePublished\":\"2024-03-19T11:41:57+00:00\",\"dateModified\":\"2026-02-04T13:47:27+00:00\",\"breadcrumb\":{\"@id\":\"https:\/\/www.malasmora.si\/izdelek\/heartshaped-photo-holder\/#breadcrumb\"},\"inLanguage\":\"hr\",\"potentialAction\":[{\"@type\":\"ReadAction\",\"target\":[\"https:\/\/www.malasmora.si\/izdelek\/heartshaped-photo-holder\/\"]}]},{\"@type\":\"ImageObject\",\"inLanguage\":\"hr\",\"@id\":\"https:\/\/www.malasmora.si\/izdelek\/heartshaped-photo-holder\/#primaryimage\",\"url\":\"https:\/\/www.malasmora.si\/wp-content\/uploads\/2024\/03\/PH_201_all_4-scaled.jpg\",\"contentUrl\":\"https:\/\/www.malasmora.si\/wp-content\/uploads\/2024\/03\/PH_201_all_4-scaled.jpg\",\"width\":2560,\"height\":1630},{\"@type\":\"BreadcrumbList\",\"@id\":\"https:\/\/www.malasmora.si\/izdelek\/heartshaped-photo-holder\/#breadcrumb\",\"itemListElement\":[{\"@type\":\"ListItem\",\"position\":1,\"name\":\"Home\",\"item\":\"https:\/\/www.malasmora.si\/\"},{\"@type\":\"ListItem\",\"position\":2,\"name\":\"Shop\",\"item\":\"https:\/\/www.malasmora.si\/shop\/\"},{\"@type\":\"ListItem\",\"position\":3,\"name\":\"Dr\u017ealo za fotografije \/ vizitke \/ poro\u010dne vizitke iz smole, v obliki srca\"}]},{\"@type\":\"WebSite\",\"@id\":\"https:\/\/www.malasmora.si\/#website\",\"url\":\"https:\/\/www.malasmora.si\/\",\"name\":\"Mala s mora\",\"description\":\"Ro\u010dno izdelan nakit iz epoksi smole\",\"publisher\":{\"@id\":\"https:\/\/www.malasmora.si\/#organization\"},\"potentialAction\":[{\"@type\":\"SearchAction\",\"target\":{\"@type\":\"EntryPoint\",\"urlTemplate\":\"https:\/\/www.malasmora.si\/?s={search_term_string}\"},\"query-input\":{\"@type\":\"PropertyValueSpecification\",\"valueRequired\":true,\"valueName\":\"search_term_string\"}}],\"inLanguage\":\"hr\"},{\"@type\":\"Organization\",\"@id\":\"https:\/\/www.malasmora.si\/#organization\",\"name\":\"Mala s mora\",\"url\":\"https:\/\/www.malasmora.si\/\",\"logo\":{\"@type\":\"ImageObject\",\"inLanguage\":\"hr\",\"@id\":\"https:\/\/www.malasmora.si\/#\/schema\/logo\/image\/\",\"url\":\"https:\/\/www.malasmora.si\/wp-content\/uploads\/2025\/07\/logo_novi_03.png\",\"contentUrl\":\"https:\/\/www.malasmora.si\/wp-content\/uploads\/2025\/07\/logo_novi_03.png\",\"width\":1536,\"height\":1024,\"caption\":\"Mala s mora\"},\"image\":{\"@id\":\"https:\/\/www.malasmora.si\/#\/schema\/logo\/image\/\"},\"sameAs\":[\"https:\/\/www.facebook.com\/MalaSMoraArt\/\"]}]}<\/script>\n<!-- \/ Yoast SEO plugin. -->","yoast_head_json":{"title":"Dr\u017ealo za fotografije \/ vizitke \/ poro\u010dne vizitke iz smole, v obliki srca - Mala s mora","robots":{"index":"index","follow":"follow","max-snippet":"max-snippet:-1","max-image-preview":"max-image-preview:large","max-video-preview":"max-video-preview:-1"},"canonical":"https:\/\/www.malasmora.si\/hr\/proizvod\/heartshaped-photo-holder\/","og_locale":"hr_HR","og_type":"article","og_title":"Dr\u017ealo za fotografije \/ vizitke \/ poro\u010dne vizitke iz smole, v obliki srca - Mala s mora","og_description":"Dodajte pridih ljubezni dekorju va\u0161ega doma ali pisarne z na\u0161imi dr\u017eali za fotografije v obliki srca. Ta ro\u010dno izdelana dr\u017eala za fotografije so popolna za prikazovanje va\u0161ih najljub\u0161ih slik ali zapiskov. So izdelana iz visokokakovostne smole, hkrati pa so \u010dvrsta in vizualno privla\u010dna ter va\u0161emu bivalnemu ali delovnemu prostoru dodajo pridih romantike, elegance in lepote....","og_url":"https:\/\/www.malasmora.si\/hr\/proizvod\/heartshaped-photo-holder\/","og_site_name":"Mala s mora","article_publisher":"https:\/\/www.facebook.com\/MalaSMoraArt\/","article_modified_time":"2026-02-04T13:47:27+00:00","og_image":[{"width":2560,"height":1630,"url":"https:\/\/www.malasmora.si\/wp-content\/uploads\/2024\/03\/PH_201_all_4-scaled.jpg","type":"image\/jpeg"}],"twitter_card":"summary_large_image","twitter_misc":{"Procijenjeno vrijeme \u010ditanja":"1 minuta"},"schema":{"@context":"https:\/\/schema.org","@graph":[{"@type":"WebPage","@id":"https:\/\/www.malasmora.si\/izdelek\/heartshaped-photo-holder\/","url":"https:\/\/www.malasmora.si\/izdelek\/heartshaped-photo-holder\/","name":"Dr\u017ealo za fotografije \/ vizitke \/ poro\u010dne vizitke iz smole, v obliki srca - Mala s mora","isPartOf":{"@id":"https:\/\/www.malasmora.si\/#website"},"primaryImageOfPage":{"@id":"https:\/\/www.malasmora.si\/izdelek\/heartshaped-photo-holder\/#primaryimage"},"image":{"@id":"https:\/\/www.malasmora.si\/izdelek\/heartshaped-photo-holder\/#primaryimage"},"thumbnailUrl":"https:\/\/www.malasmora.si\/wp-content\/uploads\/2024\/03\/PH_201_all_4-scaled.jpg","datePublished":"2024-03-19T11:41:57+00:00","dateModified":"2026-02-04T13:47:27+00:00","breadcrumb":{"@id":"https:\/\/www.malasmora.si\/izdelek\/heartshaped-photo-holder\/#breadcrumb"},"inLanguage":"hr","potentialAction":[{"@type":"ReadAction","target":["https:\/\/www.malasmora.si\/izdelek\/heartshaped-photo-holder\/"]}]},{"@type":"ImageObject","inLanguage":"hr","@id":"https:\/\/www.malasmora.si\/izdelek\/heartshaped-photo-holder\/#primaryimage","url":"https:\/\/www.malasmora.si\/wp-content\/uploads\/2024\/03\/PH_201_all_4-scaled.jpg","contentUrl":"https:\/\/www.malasmora.si\/wp-content\/uploads\/2024\/03\/PH_201_all_4-scaled.jpg","width":2560,"height":1630},{"@type":"BreadcrumbList","@id":"https:\/\/www.malasmora.si\/izdelek\/heartshaped-photo-holder\/#breadcrumb","itemListElement":[{"@type":"ListItem","position":1,"name":"Home","item":"https:\/\/www.malasmora.si\/"},{"@type":"ListItem","position":2,"name":"Shop","item":"https:\/\/www.malasmora.si\/shop\/"},{"@type":"ListItem","position":3,"name":"Dr\u017ealo za fotografije \/ vizitke \/ poro\u010dne vizitke iz smole, v obliki srca"}]},{"@type":"WebSite","@id":"https:\/\/www.malasmora.si\/#website","url":"https:\/\/www.malasmora.si\/","name":"Mala s mora","description":"Ro\u010dno izdelan nakit iz epoksi smole","publisher":{"@id":"https:\/\/www.malasmora.si\/#organization"},"potentialAction":[{"@type":"SearchAction","target":{"@type":"EntryPoint","urlTemplate":"https:\/\/www.malasmora.si\/?s={search_term_string}"},"query-input":{"@type":"PropertyValueSpecification","valueRequired":true,"valueName":"search_term_string"}}],"inLanguage":"hr"},{"@type":"Organization","@id":"https:\/\/www.malasmora.si\/#organization","name":"Mala s mora","url":"https:\/\/www.malasmora.si\/","logo":{"@type":"ImageObject","inLanguage":"hr","@id":"https:\/\/www.malasmora.si\/#\/schema\/logo\/image\/","url":"https:\/\/www.malasmora.si\/wp-content\/uploads\/2025\/07\/logo_novi_03.png","contentUrl":"https:\/\/www.malasmora.si\/wp-content\/uploads\/2025\/07\/logo_novi_03.png","width":1536,"height":1024,"caption":"Mala s mora"},"image":{"@id":"https:\/\/www.malasmora.si\/#\/schema\/logo\/image\/"},"sameAs":["https:\/\/www.facebook.com\/MalaSMoraArt\/"]}]}},"_links":{"self":[{"href":"https:\/\/www.malasmora.si\/hr\/wp-json\/wp\/v2\/product\/2264","targetHints":{"allow":["GET"]}}],"collection":[{"href":"https:\/\/www.malasmora.si\/hr\/wp-json\/wp\/v2\/product"}],"about":[{"href":"https:\/\/www.malasmora.si\/hr\/wp-json\/wp\/v2\/types\/product"}],"replies":[{"embeddable":true,"href":"https:\/\/www.malasmora.si\/hr\/wp-json\/wp\/v2\/comments?post=2264"}],"wp:featuredmedia":[{"embeddable":true,"href":"https:\/\/www.malasmora.si\/hr\/wp-json\/wp\/v2\/media\/2302"}],"wp:attachment":[{"href":"https:\/\/www.malasmora.si\/hr\/wp-json\/wp\/v2\/media?parent=2264"}],"wp:term":[{"taxonomy":"product_brand","embeddable":true,"href":"https:\/\/www.malasmora.si\/hr\/wp-json\/wp\/v2\/product_brand?post=2264"},{"taxonomy":"product_cat","embeddable":true,"href":"https:\/\/www.malasmora.si\/hr\/wp-json\/wp\/v2\/product_cat?post=2264"},{"taxonomy":"product_tag","embeddable":true,"href":"https:\/\/www.malasmora.si\/hr\/wp-json\/wp\/v2\/product_tag?post=2264"}],"curies":[{"name":"wp","href":"https:\/\/api.w.org\/{rel}","templated":true}]}}