{"id":2345,"date":"2024-05-02T14:06:17","date_gmt":"2024-05-02T12:06:17","guid":{"rendered":"https:\/\/www.malasmora.si\/?post_type=product&#038;p=2345"},"modified":"2025-01-15T11:47:14","modified_gmt":"2025-01-15T09:47:14","slug":"betta_fish_blue_wall_decor","status":"publish","type":"product","link":"https:\/\/www.malasmora.si\/hr\/proizvod\/betta_fish_blue_wall_decor\/","title":{"rendered":"Siamski borec, Betta ribica stenska dekoracija"},"content":{"rendered":"<p><span class=\"HwtZe\" lang=\"sl\"><span class=\"jCAhz JxVs2d ChMk0b\"><span class=\"ryNqvb\">Osupljiva ribica Betta iz visokokakovostne smole je edinstvena, ro\u010dno izdelana stenska dekoracija, ki bo <\/span><\/span><\/span>vsakemu prostoru dala pridih elegance.<\/p>\n<p><img decoding=\"async\" class=\"emoji\" role=\"img\" draggable=\"false\" src=\"https:\/\/s.w.org\/images\/core\/emoji\/15.0.3\/svg\/1f4d0.svg\" alt=\"\ud83d\udcd0\" \/>Dimenzije:<br \/>\n<span class=\"HwtZe\" lang=\"sl\"><span class=\"jCAhz JxVs2d ChMk0b\"><span class=\"ryNqvb\">Vi\u0161ina 16,5 cm (6,5&#8243;)<\/span><\/span><\/span><br \/>\n<span class=\"HwtZe\" lang=\"sl\"><span class=\"jCAhz JxVs2d ChMk0b\"><span class=\"ryNqvb\">\u0160irina 15 cm (5,9&#8243;)<\/span><\/span><\/span><\/p>\n<p><img decoding=\"async\" class=\"emoji\" role=\"img\" draggable=\"false\" src=\"https:\/\/s.w.org\/images\/core\/emoji\/15.0.3\/svg\/1f4a0.svg\" alt=\"\ud83d\udca0\" \/>Budu\u0107i da su svi proizvodi ru\u010dno izra\u0111eni, ne postoje dva potpuno ista. Nadalje, zbog ru\u010dne izrade, uvijek postoji mogu\u0107nost manjih nepravilnosti i mjehuri\u0107a.<\/p>\n<p><img decoding=\"async\" class=\"emoji\" role=\"img\" draggable=\"false\" src=\"https:\/\/s.w.org\/images\/core\/emoji\/15.0.3\/svg\/1f4a0.svg\" alt=\"\ud83d\udca0\" \/>Imajte na umu da se boja mo\u017ee neznatno razlikovati na nekim monitorima zbog razli\u010ditih postavki slike.<\/p>","protected":false},"excerpt":{"rendered":"<p>Osupljiva ribica Betta iz visokokakovostne smole je edinstvena, ro\u010dno izdelana stenska dekoracija, ki bo vsakemu prostoru dala pridih elegance. Dimenzije: Vi\u0161ina 16,5 cm (6,5&#8243;) \u0160irina 15 cm (5,9&#8243;) Ker so vsi izdelki ro\u010dno izdelani, ne obstajajo dva popolnoma enaka. Poleg tega zaradi ro\u010dne izdelave vedno obstaja mo\u017enost manj\u0161ih nepravilnosti in mehur\u010dkov. Upo\u0161tevajte, da se lahko&#8230;<\/p>","protected":false},"featured_media":2348,"comment_status":"open","ping_status":"closed","template":"","meta":{"_kadence_starter_templates_imported_post":false,"_kad_post_transparent":"default","_kad_post_title":"","_kad_post_layout":"default","_kad_post_sidebar_id":"","_kad_post_content_style":"default","_kad_post_vertical_padding":"default","_kad_post_feature":"","_kad_post_feature_position":"","_kad_post_header":false,"_kad_post_footer":false},"product_brand":[],"product_cat":[37],"product_tag":[496,65,212,293,291,214,498,290,497,294,53],"class_list":{"0":"post-2345","1":"product","2":"type-product","3":"status-publish","4":"has-post-thumbnail","6":"product_cat-wall_decorations","7":"product_tag-betta_fish","8":"product_tag-gift_for_her","9":"product_tag-handmade","10":"product_tag-handmade_gift","11":"product_tag-handmade_wall_decor","12":"product_tag-home_decor","13":"product_tag-resin_betta","14":"product_tag-resin_wall_decor","15":"product_tag-siamese_fighter","16":"product_tag-unique_decoration","17":"product_tag-wall_decoration","19":"first","20":"instock","21":"sale","22":"sold-individually","23":"taxable","24":"shipping-taxable","25":"purchasable","26":"product-type-simple","27":"entry","28":"content-bg","29":"loop-entry"},"yoast_head":"<!-- This site is optimized with the Yoast SEO plugin v26.6 - https:\/\/yoast.com\/wordpress\/plugins\/seo\/ -->\n<title>Siamski borec, Betta ribica stenska dekoracija - Mala s mora<\/title>\n<meta name=\"description\" content=\"Resin Betta fish Siamese fighting fish wall art, Stenski okras siamska bojna riba iz smole Betta fish, Zidni ukras Sijamska borbena ribica Betta fish\" \/>\n<meta name=\"robots\" content=\"index, follow, max-snippet:-1, max-image-preview:large, max-video-preview:-1\" \/>\n<link rel=\"canonical\" href=\"https:\/\/www.malasmora.si\/hr\/proizvod\/betta_fish_blue_wall_decor\/\" \/>\n<meta property=\"og:locale\" content=\"hr_HR\" \/>\n<meta property=\"og:type\" content=\"article\" \/>\n<meta property=\"og:title\" content=\"Siamski borec, Betta ribica stenska dekoracija - Mala s mora\" \/>\n<meta property=\"og:description\" content=\"Resin Betta fish Siamese fighting fish wall art, Stenski okras siamska bojna riba iz smole Betta fish, Zidni ukras Sijamska borbena ribica Betta fish\" \/>\n<meta property=\"og:url\" content=\"https:\/\/www.malasmora.si\/hr\/proizvod\/betta_fish_blue_wall_decor\/\" \/>\n<meta property=\"og:site_name\" content=\"Mala s mora\" \/>\n<meta property=\"article:publisher\" content=\"https:\/\/www.facebook.com\/MalaSMoraArt\/\" \/>\n<meta property=\"article:modified_time\" content=\"2025-01-15T09:47:14+00:00\" \/>\n<meta property=\"og:image\" content=\"https:\/\/www.malasmora.si\/wp-content\/uploads\/2024\/05\/Betta_fish_WD303-scaled.jpg\" \/>\n\t<meta property=\"og:image:width\" content=\"1920\" \/>\n\t<meta property=\"og:image:height\" content=\"2560\" \/>\n\t<meta property=\"og:image:type\" content=\"image\/jpeg\" \/>\n<meta name=\"twitter:card\" content=\"summary_large_image\" \/>\n<meta name=\"twitter:label1\" content=\"Procijenjeno vrijeme \u010ditanja\" \/>\n\t<meta name=\"twitter:data1\" content=\"2 minute\" \/>\n<script type=\"application\/ld+json\" class=\"yoast-schema-graph\">{\"@context\":\"https:\/\/schema.org\",\"@graph\":[{\"@type\":\"WebPage\",\"@id\":\"https:\/\/www.malasmora.si\/izdelek\/betta_fish_blue_wall_decor\/\",\"url\":\"https:\/\/www.malasmora.si\/izdelek\/betta_fish_blue_wall_decor\/\",\"name\":\"Siamski borec, Betta ribica stenska dekoracija - Mala s mora\",\"isPartOf\":{\"@id\":\"https:\/\/www.malasmora.si\/#website\"},\"primaryImageOfPage\":{\"@id\":\"https:\/\/www.malasmora.si\/izdelek\/betta_fish_blue_wall_decor\/#primaryimage\"},\"image\":{\"@id\":\"https:\/\/www.malasmora.si\/izdelek\/betta_fish_blue_wall_decor\/#primaryimage\"},\"thumbnailUrl\":\"https:\/\/www.malasmora.si\/wp-content\/uploads\/2024\/05\/Betta_fish_WD303-scaled.jpg\",\"datePublished\":\"2024-05-02T12:06:17+00:00\",\"dateModified\":\"2025-01-15T09:47:14+00:00\",\"description\":\"Resin Betta fish Siamese fighting fish wall art, Stenski okras siamska bojna riba iz smole Betta fish, Zidni ukras Sijamska borbena ribica Betta fish\",\"breadcrumb\":{\"@id\":\"https:\/\/www.malasmora.si\/izdelek\/betta_fish_blue_wall_decor\/#breadcrumb\"},\"inLanguage\":\"hr\",\"potentialAction\":[{\"@type\":\"ReadAction\",\"target\":[\"https:\/\/www.malasmora.si\/izdelek\/betta_fish_blue_wall_decor\/\"]}]},{\"@type\":\"ImageObject\",\"inLanguage\":\"hr\",\"@id\":\"https:\/\/www.malasmora.si\/izdelek\/betta_fish_blue_wall_decor\/#primaryimage\",\"url\":\"https:\/\/www.malasmora.si\/wp-content\/uploads\/2024\/05\/Betta_fish_WD303-scaled.jpg\",\"contentUrl\":\"https:\/\/www.malasmora.si\/wp-content\/uploads\/2024\/05\/Betta_fish_WD303-scaled.jpg\",\"width\":1920,\"height\":2560,\"caption\":\"Betta fish\"},{\"@type\":\"BreadcrumbList\",\"@id\":\"https:\/\/www.malasmora.si\/izdelek\/betta_fish_blue_wall_decor\/#breadcrumb\",\"itemListElement\":[{\"@type\":\"ListItem\",\"position\":1,\"name\":\"Home\",\"item\":\"https:\/\/www.malasmora.si\/\"},{\"@type\":\"ListItem\",\"position\":2,\"name\":\"Shop\",\"item\":\"https:\/\/www.malasmora.si\/shop\/\"},{\"@type\":\"ListItem\",\"position\":3,\"name\":\"Siamski borec, Betta ribica stenska dekoracija\"}]},{\"@type\":\"WebSite\",\"@id\":\"https:\/\/www.malasmora.si\/#website\",\"url\":\"https:\/\/www.malasmora.si\/\",\"name\":\"Mala s mora\",\"description\":\"Ro\u010dno izdelan nakit iz epoksi smole\",\"publisher\":{\"@id\":\"https:\/\/www.malasmora.si\/#organization\"},\"potentialAction\":[{\"@type\":\"SearchAction\",\"target\":{\"@type\":\"EntryPoint\",\"urlTemplate\":\"https:\/\/www.malasmora.si\/?s={search_term_string}\"},\"query-input\":{\"@type\":\"PropertyValueSpecification\",\"valueRequired\":true,\"valueName\":\"search_term_string\"}}],\"inLanguage\":\"hr\"},{\"@type\":\"Organization\",\"@id\":\"https:\/\/www.malasmora.si\/#organization\",\"name\":\"Mala s mora\",\"url\":\"https:\/\/www.malasmora.si\/\",\"logo\":{\"@type\":\"ImageObject\",\"inLanguage\":\"hr\",\"@id\":\"https:\/\/www.malasmora.si\/#\/schema\/logo\/image\/\",\"url\":\"https:\/\/www.malasmora.si\/wp-content\/uploads\/2025\/07\/logo_novi_03.png\",\"contentUrl\":\"https:\/\/www.malasmora.si\/wp-content\/uploads\/2025\/07\/logo_novi_03.png\",\"width\":1536,\"height\":1024,\"caption\":\"Mala s mora\"},\"image\":{\"@id\":\"https:\/\/www.malasmora.si\/#\/schema\/logo\/image\/\"},\"sameAs\":[\"https:\/\/www.facebook.com\/MalaSMoraArt\/\"]}]}<\/script>\n<!-- \/ Yoast SEO plugin. -->","yoast_head_json":{"title":"Siamski borec, Betta ribica stenska dekoracija - Mala s mora","description":"Resin Betta fish Siamese fighting fish wall art, Stenski okras siamska bojna riba iz smole Betta fish, Zidni ukras Sijamska borbena ribica Betta fish","robots":{"index":"index","follow":"follow","max-snippet":"max-snippet:-1","max-image-preview":"max-image-preview:large","max-video-preview":"max-video-preview:-1"},"canonical":"https:\/\/www.malasmora.si\/hr\/proizvod\/betta_fish_blue_wall_decor\/","og_locale":"hr_HR","og_type":"article","og_title":"Siamski borec, Betta ribica stenska dekoracija - Mala s mora","og_description":"Resin Betta fish Siamese fighting fish wall art, Stenski okras siamska bojna riba iz smole Betta fish, Zidni ukras Sijamska borbena ribica Betta fish","og_url":"https:\/\/www.malasmora.si\/hr\/proizvod\/betta_fish_blue_wall_decor\/","og_site_name":"Mala s mora","article_publisher":"https:\/\/www.facebook.com\/MalaSMoraArt\/","article_modified_time":"2025-01-15T09:47:14+00:00","og_image":[{"width":1920,"height":2560,"url":"https:\/\/www.malasmora.si\/wp-content\/uploads\/2024\/05\/Betta_fish_WD303-scaled.jpg","type":"image\/jpeg"}],"twitter_card":"summary_large_image","twitter_misc":{"Procijenjeno vrijeme \u010ditanja":"2 minute"},"schema":{"@context":"https:\/\/schema.org","@graph":[{"@type":"WebPage","@id":"https:\/\/www.malasmora.si\/izdelek\/betta_fish_blue_wall_decor\/","url":"https:\/\/www.malasmora.si\/izdelek\/betta_fish_blue_wall_decor\/","name":"Siamski borec, Betta ribica stenska dekoracija - Mala s mora","isPartOf":{"@id":"https:\/\/www.malasmora.si\/#website"},"primaryImageOfPage":{"@id":"https:\/\/www.malasmora.si\/izdelek\/betta_fish_blue_wall_decor\/#primaryimage"},"image":{"@id":"https:\/\/www.malasmora.si\/izdelek\/betta_fish_blue_wall_decor\/#primaryimage"},"thumbnailUrl":"https:\/\/www.malasmora.si\/wp-content\/uploads\/2024\/05\/Betta_fish_WD303-scaled.jpg","datePublished":"2024-05-02T12:06:17+00:00","dateModified":"2025-01-15T09:47:14+00:00","description":"Resin Betta fish Siamese fighting fish wall art, Stenski okras siamska bojna riba iz smole Betta fish, Zidni ukras Sijamska borbena ribica Betta fish","breadcrumb":{"@id":"https:\/\/www.malasmora.si\/izdelek\/betta_fish_blue_wall_decor\/#breadcrumb"},"inLanguage":"hr","potentialAction":[{"@type":"ReadAction","target":["https:\/\/www.malasmora.si\/izdelek\/betta_fish_blue_wall_decor\/"]}]},{"@type":"ImageObject","inLanguage":"hr","@id":"https:\/\/www.malasmora.si\/izdelek\/betta_fish_blue_wall_decor\/#primaryimage","url":"https:\/\/www.malasmora.si\/wp-content\/uploads\/2024\/05\/Betta_fish_WD303-scaled.jpg","contentUrl":"https:\/\/www.malasmora.si\/wp-content\/uploads\/2024\/05\/Betta_fish_WD303-scaled.jpg","width":1920,"height":2560,"caption":"Betta fish"},{"@type":"BreadcrumbList","@id":"https:\/\/www.malasmora.si\/izdelek\/betta_fish_blue_wall_decor\/#breadcrumb","itemListElement":[{"@type":"ListItem","position":1,"name":"Home","item":"https:\/\/www.malasmora.si\/"},{"@type":"ListItem","position":2,"name":"Shop","item":"https:\/\/www.malasmora.si\/shop\/"},{"@type":"ListItem","position":3,"name":"Siamski borec, Betta ribica stenska dekoracija"}]},{"@type":"WebSite","@id":"https:\/\/www.malasmora.si\/#website","url":"https:\/\/www.malasmora.si\/","name":"Mala s mora","description":"Ro\u010dno izdelan nakit iz epoksi smole","publisher":{"@id":"https:\/\/www.malasmora.si\/#organization"},"potentialAction":[{"@type":"SearchAction","target":{"@type":"EntryPoint","urlTemplate":"https:\/\/www.malasmora.si\/?s={search_term_string}"},"query-input":{"@type":"PropertyValueSpecification","valueRequired":true,"valueName":"search_term_string"}}],"inLanguage":"hr"},{"@type":"Organization","@id":"https:\/\/www.malasmora.si\/#organization","name":"Mala s mora","url":"https:\/\/www.malasmora.si\/","logo":{"@type":"ImageObject","inLanguage":"hr","@id":"https:\/\/www.malasmora.si\/#\/schema\/logo\/image\/","url":"https:\/\/www.malasmora.si\/wp-content\/uploads\/2025\/07\/logo_novi_03.png","contentUrl":"https:\/\/www.malasmora.si\/wp-content\/uploads\/2025\/07\/logo_novi_03.png","width":1536,"height":1024,"caption":"Mala s mora"},"image":{"@id":"https:\/\/www.malasmora.si\/#\/schema\/logo\/image\/"},"sameAs":["https:\/\/www.facebook.com\/MalaSMoraArt\/"]}]}},"_links":{"self":[{"href":"https:\/\/www.malasmora.si\/hr\/wp-json\/wp\/v2\/product\/2345","targetHints":{"allow":["GET"]}}],"collection":[{"href":"https:\/\/www.malasmora.si\/hr\/wp-json\/wp\/v2\/product"}],"about":[{"href":"https:\/\/www.malasmora.si\/hr\/wp-json\/wp\/v2\/types\/product"}],"replies":[{"embeddable":true,"href":"https:\/\/www.malasmora.si\/hr\/wp-json\/wp\/v2\/comments?post=2345"}],"wp:featuredmedia":[{"embeddable":true,"href":"https:\/\/www.malasmora.si\/hr\/wp-json\/wp\/v2\/media\/2348"}],"wp:attachment":[{"href":"https:\/\/www.malasmora.si\/hr\/wp-json\/wp\/v2\/media?parent=2345"}],"wp:term":[{"taxonomy":"product_brand","embeddable":true,"href":"https:\/\/www.malasmora.si\/hr\/wp-json\/wp\/v2\/product_brand?post=2345"},{"taxonomy":"product_cat","embeddable":true,"href":"https:\/\/www.malasmora.si\/hr\/wp-json\/wp\/v2\/product_cat?post=2345"},{"taxonomy":"product_tag","embeddable":true,"href":"https:\/\/www.malasmora.si\/hr\/wp-json\/wp\/v2\/product_tag?post=2345"}],"curies":[{"name":"wp","href":"https:\/\/api.w.org\/{rel}","templated":true}]}}