{"id":2347,"date":"2024-05-02T14:27:54","date_gmt":"2024-05-02T12:27:54","guid":{"rendered":"https:\/\/www.malasmora.si\/?post_type=product&#038;p=2347"},"modified":"2025-02-17T16:12:18","modified_gmt":"2025-02-17T14:12:18","slug":"gecko_lizard_resin_wall_decor","status":"publish","type":"product","link":"https:\/\/www.malasmora.si\/hr\/proizvod\/gecko_lizard_resin_wall_decor\/","title":{"rendered":"Gekon \/ ku\u0161\u010dar, stenski okras iz smole"},"content":{"rendered":"<p>Ro\u010dno izdelana vpadljiva stenska dekoracija gekon\/ku\u0161\u010dar \u010dudovitih barv, ki bo v va\u0161 dom ali pisarno vnesla pridih elegance.<\/p>\n<p>\ud83d\udcd0Dimenzije:<br \/>\n<span class=\"HwtZe\" lang=\"sl\"><span class=\"jCAhz JxVs2d ChMk0b\"><span class=\"ryNqvb\">Vi\u0161ina 20 cm (7,87&#8243;)<\/span><\/span><\/span><br \/>\n<span class=\"HwtZe\" lang=\"sl\"><span class=\"jCAhz JxVs2d ChMk0b\"><span class=\"ryNqvb\">\u0160irina\u00a0 8 cm (3,15&#8243;)<br \/>\n<\/span><\/span><\/span><\/p>\n<p>\ud83d\udca0Ker so vsi izdelki ro\u010dno izdelani, ne obstajajo dva popolnoma enaka. Poleg tega zaradi ro\u010dne izdelave vedno obstaja mo\u017enost manj\u0161ih nepravilnosti in mehur\u010dkov.<\/p>\n<p>\ud83d\udca0Upo\u0161tevajte, da se lahko na nekaterih monitorjih zaradi razli\u010dnih nastavitev slike barva nekoliko razlikuje.<\/p>","protected":false},"excerpt":{"rendered":"<p>Ro\u010dno izdelana vpadljiva stenska dekoracija gekon\/ku\u0161\u010dar \u010dudovitih barv, ki bo v va\u0161 dom ali pisarno vnesla pridih elegance. \ud83d\udcd0Dimenzije: Vi\u0161ina 20 cm (7,87&#8243;) \u0160irina\u00a0 8 cm (3,15&#8243;) \ud83d\udca0Ker so vsi izdelki ro\u010dno izdelani, ne obstajajo dva popolnoma enaka. Poleg tega zaradi ro\u010dne izdelave vedno obstaja mo\u017enost manj\u0161ih nepravilnosti in mehur\u010dkov. \ud83d\udca0Upo\u0161tevajte, da se lahko na&#8230;<\/p>","protected":false},"featured_media":2357,"comment_status":"open","ping_status":"closed","template":"","meta":{"_kadence_starter_templates_imported_post":false,"_kad_post_transparent":"default","_kad_post_title":"","_kad_post_layout":"default","_kad_post_sidebar_id":"","_kad_post_content_style":"default","_kad_post_vertical_padding":"default","_kad_post_feature":"","_kad_post_feature_position":"","_kad_post_header":false,"_kad_post_footer":false},"product_brand":[],"product_cat":[37],"product_tag":[502,499,65,212,293,291,214,501,500,290,294,53],"class_list":{"0":"post-2347","1":"product","2":"type-product","3":"status-publish","4":"has-post-thumbnail","6":"product_cat-wall_decorations","7":"product_tag-gecko_home_decor","8":"product_tag-gecko_resin","9":"product_tag-gift_for_her","10":"product_tag-handmade","11":"product_tag-handmade_gift","12":"product_tag-handmade_wall_decor","13":"product_tag-home_decor","14":"product_tag-lizard_home_decor","15":"product_tag-lizard_resin","16":"product_tag-resin_wall_decor","17":"product_tag-unique_decoration","18":"product_tag-wall_decoration","20":"first","21":"outofstock","22":"sold-individually","23":"taxable","24":"shipping-taxable","25":"purchasable","26":"product-type-simple","27":"entry","28":"content-bg","29":"loop-entry"},"yoast_head":"<!-- This site is optimized with the Yoast SEO plugin v26.6 - https:\/\/yoast.com\/wordpress\/plugins\/seo\/ -->\n<title>Gekon \/ ku\u0161\u010dar, stenski okras iz smole - Mala s mora<\/title>\n<meta name=\"description\" content=\"Gecko lizard resin wall decor, Stenski okras ku\u0161\u010dar, Gu\u0161ter od smole\" \/>\n<meta name=\"robots\" content=\"index, follow, max-snippet:-1, max-image-preview:large, max-video-preview:-1\" \/>\n<link rel=\"canonical\" href=\"https:\/\/www.malasmora.si\/hr\/proizvod\/gecko_lizard_resin_wall_decor\/\" \/>\n<meta property=\"og:locale\" content=\"hr_HR\" \/>\n<meta property=\"og:type\" content=\"article\" \/>\n<meta property=\"og:title\" content=\"Gekon \/ ku\u0161\u010dar, stenski okras iz smole - Mala s mora\" \/>\n<meta property=\"og:description\" content=\"Gecko lizard resin wall decor, Stenski okras ku\u0161\u010dar, Gu\u0161ter od smole\" \/>\n<meta property=\"og:url\" content=\"https:\/\/www.malasmora.si\/hr\/proizvod\/gecko_lizard_resin_wall_decor\/\" \/>\n<meta property=\"og:site_name\" content=\"Mala s mora\" \/>\n<meta property=\"article:publisher\" content=\"https:\/\/www.facebook.com\/MalaSMoraArt\/\" \/>\n<meta property=\"article:modified_time\" content=\"2025-02-17T14:12:18+00:00\" \/>\n<meta property=\"og:image\" content=\"https:\/\/www.malasmora.si\/wp-content\/uploads\/2024\/05\/resin_gecko_lizard-scaled-e1736770868661.jpg\" \/>\n\t<meta property=\"og:image:width\" content=\"1920\" \/>\n\t<meta property=\"og:image:height\" content=\"2560\" \/>\n\t<meta property=\"og:image:type\" content=\"image\/jpeg\" \/>\n<meta name=\"twitter:card\" content=\"summary_large_image\" \/>\n<meta name=\"twitter:label1\" content=\"Procijenjeno vrijeme \u010ditanja\" \/>\n\t<meta name=\"twitter:data1\" content=\"1 minuta\" \/>\n<script type=\"application\/ld+json\" class=\"yoast-schema-graph\">{\"@context\":\"https:\/\/schema.org\",\"@graph\":[{\"@type\":\"WebPage\",\"@id\":\"https:\/\/www.malasmora.si\/izdelek\/gecko_lizard_resin_wall_decor\/\",\"url\":\"https:\/\/www.malasmora.si\/izdelek\/gecko_lizard_resin_wall_decor\/\",\"name\":\"Gekon \/ ku\u0161\u010dar, stenski okras iz smole - Mala s mora\",\"isPartOf\":{\"@id\":\"https:\/\/www.malasmora.si\/#website\"},\"primaryImageOfPage\":{\"@id\":\"https:\/\/www.malasmora.si\/izdelek\/gecko_lizard_resin_wall_decor\/#primaryimage\"},\"image\":{\"@id\":\"https:\/\/www.malasmora.si\/izdelek\/gecko_lizard_resin_wall_decor\/#primaryimage\"},\"thumbnailUrl\":\"https:\/\/www.malasmora.si\/wp-content\/uploads\/2024\/05\/resin_gecko_lizard-scaled-e1736770868661.jpg\",\"datePublished\":\"2024-05-02T12:27:54+00:00\",\"dateModified\":\"2025-02-17T14:12:18+00:00\",\"description\":\"Gecko lizard resin wall decor, Stenski okras ku\u0161\u010dar, Gu\u0161ter od smole\",\"breadcrumb\":{\"@id\":\"https:\/\/www.malasmora.si\/izdelek\/gecko_lizard_resin_wall_decor\/#breadcrumb\"},\"inLanguage\":\"hr\",\"potentialAction\":[{\"@type\":\"ReadAction\",\"target\":[\"https:\/\/www.malasmora.si\/izdelek\/gecko_lizard_resin_wall_decor\/\"]}]},{\"@type\":\"ImageObject\",\"inLanguage\":\"hr\",\"@id\":\"https:\/\/www.malasmora.si\/izdelek\/gecko_lizard_resin_wall_decor\/#primaryimage\",\"url\":\"https:\/\/www.malasmora.si\/wp-content\/uploads\/2024\/05\/resin_gecko_lizard-scaled-e1736770868661.jpg\",\"contentUrl\":\"https:\/\/www.malasmora.si\/wp-content\/uploads\/2024\/05\/resin_gecko_lizard-scaled-e1736770868661.jpg\",\"width\":1920,\"height\":2560,\"caption\":\"Resin gecko lizard\"},{\"@type\":\"BreadcrumbList\",\"@id\":\"https:\/\/www.malasmora.si\/izdelek\/gecko_lizard_resin_wall_decor\/#breadcrumb\",\"itemListElement\":[{\"@type\":\"ListItem\",\"position\":1,\"name\":\"Home\",\"item\":\"https:\/\/www.malasmora.si\/\"},{\"@type\":\"ListItem\",\"position\":2,\"name\":\"Shop\",\"item\":\"https:\/\/www.malasmora.si\/shop\/\"},{\"@type\":\"ListItem\",\"position\":3,\"name\":\"Gekon \/ ku\u0161\u010dar, stenski okras iz smole\"}]},{\"@type\":\"WebSite\",\"@id\":\"https:\/\/www.malasmora.si\/#website\",\"url\":\"https:\/\/www.malasmora.si\/\",\"name\":\"Mala s mora\",\"description\":\"Ro\u010dno izdelan nakit iz epoksi smole\",\"publisher\":{\"@id\":\"https:\/\/www.malasmora.si\/#organization\"},\"potentialAction\":[{\"@type\":\"SearchAction\",\"target\":{\"@type\":\"EntryPoint\",\"urlTemplate\":\"https:\/\/www.malasmora.si\/?s={search_term_string}\"},\"query-input\":{\"@type\":\"PropertyValueSpecification\",\"valueRequired\":true,\"valueName\":\"search_term_string\"}}],\"inLanguage\":\"hr\"},{\"@type\":\"Organization\",\"@id\":\"https:\/\/www.malasmora.si\/#organization\",\"name\":\"Mala s mora\",\"url\":\"https:\/\/www.malasmora.si\/\",\"logo\":{\"@type\":\"ImageObject\",\"inLanguage\":\"hr\",\"@id\":\"https:\/\/www.malasmora.si\/#\/schema\/logo\/image\/\",\"url\":\"https:\/\/www.malasmora.si\/wp-content\/uploads\/2025\/07\/logo_novi_03.png\",\"contentUrl\":\"https:\/\/www.malasmora.si\/wp-content\/uploads\/2025\/07\/logo_novi_03.png\",\"width\":1536,\"height\":1024,\"caption\":\"Mala s mora\"},\"image\":{\"@id\":\"https:\/\/www.malasmora.si\/#\/schema\/logo\/image\/\"},\"sameAs\":[\"https:\/\/www.facebook.com\/MalaSMoraArt\/\"]}]}<\/script>\n<!-- \/ Yoast SEO plugin. -->","yoast_head_json":{"title":"Gekon \/ ku\u0161\u010dar, stenski okras iz smole - Mala s mora","description":"Gecko lizard resin wall decor, Stenski okras ku\u0161\u010dar, Gu\u0161ter od smole","robots":{"index":"index","follow":"follow","max-snippet":"max-snippet:-1","max-image-preview":"max-image-preview:large","max-video-preview":"max-video-preview:-1"},"canonical":"https:\/\/www.malasmora.si\/hr\/proizvod\/gecko_lizard_resin_wall_decor\/","og_locale":"hr_HR","og_type":"article","og_title":"Gekon \/ ku\u0161\u010dar, stenski okras iz smole - Mala s mora","og_description":"Gecko lizard resin wall decor, Stenski okras ku\u0161\u010dar, Gu\u0161ter od smole","og_url":"https:\/\/www.malasmora.si\/hr\/proizvod\/gecko_lizard_resin_wall_decor\/","og_site_name":"Mala s mora","article_publisher":"https:\/\/www.facebook.com\/MalaSMoraArt\/","article_modified_time":"2025-02-17T14:12:18+00:00","og_image":[{"width":1920,"height":2560,"url":"https:\/\/www.malasmora.si\/wp-content\/uploads\/2024\/05\/resin_gecko_lizard-scaled-e1736770868661.jpg","type":"image\/jpeg"}],"twitter_card":"summary_large_image","twitter_misc":{"Procijenjeno vrijeme \u010ditanja":"1 minuta"},"schema":{"@context":"https:\/\/schema.org","@graph":[{"@type":"WebPage","@id":"https:\/\/www.malasmora.si\/izdelek\/gecko_lizard_resin_wall_decor\/","url":"https:\/\/www.malasmora.si\/izdelek\/gecko_lizard_resin_wall_decor\/","name":"Gekon \/ ku\u0161\u010dar, stenski okras iz smole - Mala s mora","isPartOf":{"@id":"https:\/\/www.malasmora.si\/#website"},"primaryImageOfPage":{"@id":"https:\/\/www.malasmora.si\/izdelek\/gecko_lizard_resin_wall_decor\/#primaryimage"},"image":{"@id":"https:\/\/www.malasmora.si\/izdelek\/gecko_lizard_resin_wall_decor\/#primaryimage"},"thumbnailUrl":"https:\/\/www.malasmora.si\/wp-content\/uploads\/2024\/05\/resin_gecko_lizard-scaled-e1736770868661.jpg","datePublished":"2024-05-02T12:27:54+00:00","dateModified":"2025-02-17T14:12:18+00:00","description":"Gecko lizard resin wall decor, Stenski okras ku\u0161\u010dar, Gu\u0161ter od smole","breadcrumb":{"@id":"https:\/\/www.malasmora.si\/izdelek\/gecko_lizard_resin_wall_decor\/#breadcrumb"},"inLanguage":"hr","potentialAction":[{"@type":"ReadAction","target":["https:\/\/www.malasmora.si\/izdelek\/gecko_lizard_resin_wall_decor\/"]}]},{"@type":"ImageObject","inLanguage":"hr","@id":"https:\/\/www.malasmora.si\/izdelek\/gecko_lizard_resin_wall_decor\/#primaryimage","url":"https:\/\/www.malasmora.si\/wp-content\/uploads\/2024\/05\/resin_gecko_lizard-scaled-e1736770868661.jpg","contentUrl":"https:\/\/www.malasmora.si\/wp-content\/uploads\/2024\/05\/resin_gecko_lizard-scaled-e1736770868661.jpg","width":1920,"height":2560,"caption":"Resin gecko lizard"},{"@type":"BreadcrumbList","@id":"https:\/\/www.malasmora.si\/izdelek\/gecko_lizard_resin_wall_decor\/#breadcrumb","itemListElement":[{"@type":"ListItem","position":1,"name":"Home","item":"https:\/\/www.malasmora.si\/"},{"@type":"ListItem","position":2,"name":"Shop","item":"https:\/\/www.malasmora.si\/shop\/"},{"@type":"ListItem","position":3,"name":"Gekon \/ ku\u0161\u010dar, stenski okras iz smole"}]},{"@type":"WebSite","@id":"https:\/\/www.malasmora.si\/#website","url":"https:\/\/www.malasmora.si\/","name":"Mala s mora","description":"Ro\u010dno izdelan nakit iz epoksi smole","publisher":{"@id":"https:\/\/www.malasmora.si\/#organization"},"potentialAction":[{"@type":"SearchAction","target":{"@type":"EntryPoint","urlTemplate":"https:\/\/www.malasmora.si\/?s={search_term_string}"},"query-input":{"@type":"PropertyValueSpecification","valueRequired":true,"valueName":"search_term_string"}}],"inLanguage":"hr"},{"@type":"Organization","@id":"https:\/\/www.malasmora.si\/#organization","name":"Mala s mora","url":"https:\/\/www.malasmora.si\/","logo":{"@type":"ImageObject","inLanguage":"hr","@id":"https:\/\/www.malasmora.si\/#\/schema\/logo\/image\/","url":"https:\/\/www.malasmora.si\/wp-content\/uploads\/2025\/07\/logo_novi_03.png","contentUrl":"https:\/\/www.malasmora.si\/wp-content\/uploads\/2025\/07\/logo_novi_03.png","width":1536,"height":1024,"caption":"Mala s mora"},"image":{"@id":"https:\/\/www.malasmora.si\/#\/schema\/logo\/image\/"},"sameAs":["https:\/\/www.facebook.com\/MalaSMoraArt\/"]}]}},"_links":{"self":[{"href":"https:\/\/www.malasmora.si\/hr\/wp-json\/wp\/v2\/product\/2347","targetHints":{"allow":["GET"]}}],"collection":[{"href":"https:\/\/www.malasmora.si\/hr\/wp-json\/wp\/v2\/product"}],"about":[{"href":"https:\/\/www.malasmora.si\/hr\/wp-json\/wp\/v2\/types\/product"}],"replies":[{"embeddable":true,"href":"https:\/\/www.malasmora.si\/hr\/wp-json\/wp\/v2\/comments?post=2347"}],"wp:featuredmedia":[{"embeddable":true,"href":"https:\/\/www.malasmora.si\/hr\/wp-json\/wp\/v2\/media\/2357"}],"wp:attachment":[{"href":"https:\/\/www.malasmora.si\/hr\/wp-json\/wp\/v2\/media?parent=2347"}],"wp:term":[{"taxonomy":"product_brand","embeddable":true,"href":"https:\/\/www.malasmora.si\/hr\/wp-json\/wp\/v2\/product_brand?post=2347"},{"taxonomy":"product_cat","embeddable":true,"href":"https:\/\/www.malasmora.si\/hr\/wp-json\/wp\/v2\/product_cat?post=2347"},{"taxonomy":"product_tag","embeddable":true,"href":"https:\/\/www.malasmora.si\/hr\/wp-json\/wp\/v2\/product_tag?post=2347"}],"curies":[{"name":"wp","href":"https:\/\/api.w.org\/{rel}","templated":true}]}}