{"id":2425,"date":"2024-05-21T22:09:12","date_gmt":"2024-05-21T20:09:12","guid":{"rendered":"https:\/\/www.malasmora.si\/?post_type=product&#038;p=2425"},"modified":"2025-02-17T16:14:00","modified_gmt":"2025-02-17T14:14:00","slug":"gecko_lizard_resin_wall_decor_botanical","status":"publish","type":"product","link":"https:\/\/www.malasmora.si\/hr\/proizvod\/gecko_lizard_resin_wall_decor_botanical\/","title":{"rendered":"Gekon \/ ku\u0161\u010dar, stenski okras iz smole botani\u010dki"},"content":{"rendered":"<p>Ro\u010dno izdelana stenska dekoracija botani\u010dni gekon\/ku\u0161\u010dar z ro\u010dno nabranim in posu\u0161enim cvetjem iz mojega vrta bo v va\u0161 dom ali pisarno prinesla nekaj novega in sve\u017eega.<\/p>\n<p>Dimenzije tega lepotca so (pribli\u017eno):<br \/>\nDol\u017eina 20 cm (7,87&#8243;)<br \/>\n\u0160irina 8 cm (3,15&#8243;)<\/p>\n<p>Budu\u0107i da su svi proizvodi ru\u010dno izra\u0111eni, ne postoje dva potpuno ista. Nadalje, zbog ru\u010dne izrade, uvijek postoji mogu\u0107nost manjih nepravilnosti i mjehuri\u0107a.<\/p>\n<p>Imajte na umu da se boja mo\u017ee neznatno razlikovati na nekim monitorima zbog razli\u010ditih postavki slike.<\/p>","protected":false},"excerpt":{"rendered":"<p>Ro\u010dno izdelana stenska dekoracija botani\u010dni gekon\/ku\u0161\u010dar z ro\u010dno nabranim in posu\u0161enim cvetjem iz mojega vrta bo v va\u0161 dom ali pisarno prinesla nekaj novega in sve\u017eega. Dimenzije tega lepotca so (pribli\u017eno): Dol\u017eina 20 cm (7,87&#8243;) \u0160irina 8 cm (3,15&#8243;) Ker so vsi izdelki ro\u010dno izdelani, ne obstajajo dva popolnoma enaka. Poleg tega zaradi ro\u010dne izdelave&#8230;<\/p>","protected":false},"featured_media":2426,"comment_status":"open","ping_status":"closed","template":"","meta":{"_kadence_starter_templates_imported_post":false,"_kad_post_transparent":"default","_kad_post_title":"","_kad_post_layout":"default","_kad_post_sidebar_id":"","_kad_post_content_style":"default","_kad_post_vertical_padding":"default","_kad_post_feature":"","_kad_post_feature_position":"","_kad_post_header":false,"_kad_post_footer":false},"product_brand":[],"product_cat":[37],"product_tag":[508,502,499,65,212,293,291,214,501,500,290,294,53],"class_list":{"0":"post-2425","1":"product","2":"type-product","3":"status-publish","4":"has-post-thumbnail","6":"product_cat-wall_decorations","7":"product_tag-botanical_gecko_lizard","8":"product_tag-gecko_home_decor","9":"product_tag-gecko_resin","10":"product_tag-gift_for_her","11":"product_tag-handmade","12":"product_tag-handmade_gift","13":"product_tag-handmade_wall_decor","14":"product_tag-home_decor","15":"product_tag-lizard_home_decor","16":"product_tag-lizard_resin","17":"product_tag-resin_wall_decor","18":"product_tag-unique_decoration","19":"product_tag-wall_decoration","21":"first","22":"outofstock","23":"sold-individually","24":"taxable","25":"shipping-taxable","26":"purchasable","27":"product-type-simple","28":"entry","29":"content-bg","30":"loop-entry"},"yoast_head":"<!-- This site is optimized with the Yoast SEO plugin v26.6 - https:\/\/yoast.com\/wordpress\/plugins\/seo\/ -->\n<title>Gekon \/ ku\u0161\u010dar, stenski okras iz smole botani\u010dki - Mala s mora<\/title>\n<meta name=\"description\" content=\"Gecko lizard resin wall decor, Figurica gekona ku\u0161\u010dara, Gu\u0161ter od smole\" \/>\n<meta name=\"robots\" content=\"index, follow, max-snippet:-1, max-image-preview:large, max-video-preview:-1\" \/>\n<link rel=\"canonical\" href=\"https:\/\/www.malasmora.si\/hr\/proizvod\/gecko_lizard_resin_wall_decor_botanical\/\" \/>\n<meta property=\"og:locale\" content=\"hr_HR\" \/>\n<meta property=\"og:type\" content=\"article\" \/>\n<meta property=\"og:title\" content=\"Gekon \/ ku\u0161\u010dar, stenski okras iz smole botani\u010dki - Mala s mora\" \/>\n<meta property=\"og:description\" content=\"Gecko lizard resin wall decor, Figurica gekona ku\u0161\u010dara, Gu\u0161ter od smole\" \/>\n<meta property=\"og:url\" content=\"https:\/\/www.malasmora.si\/hr\/proizvod\/gecko_lizard_resin_wall_decor_botanical\/\" \/>\n<meta property=\"og:site_name\" content=\"Mala s mora\" \/>\n<meta property=\"article:publisher\" content=\"https:\/\/www.facebook.com\/MalaSMoraArt\/\" \/>\n<meta property=\"article:modified_time\" content=\"2025-02-17T14:14:00+00:00\" \/>\n<meta property=\"og:image\" content=\"https:\/\/www.malasmora.si\/wp-content\/uploads\/2024\/05\/gecko_lizard_botanical_resin_wd307-scaled.jpg\" \/>\n\t<meta property=\"og:image:width\" content=\"1658\" \/>\n\t<meta property=\"og:image:height\" content=\"2560\" \/>\n\t<meta property=\"og:image:type\" content=\"image\/jpeg\" \/>\n<meta name=\"twitter:card\" content=\"summary_large_image\" \/>\n<meta name=\"twitter:label1\" content=\"Procijenjeno vrijeme \u010ditanja\" \/>\n\t<meta name=\"twitter:data1\" content=\"1 minuta\" \/>\n<script type=\"application\/ld+json\" class=\"yoast-schema-graph\">{\"@context\":\"https:\/\/schema.org\",\"@graph\":[{\"@type\":\"WebPage\",\"@id\":\"https:\/\/www.malasmora.si\/izdelek\/gecko_lizard_resin_wall_decor_botanical\/\",\"url\":\"https:\/\/www.malasmora.si\/izdelek\/gecko_lizard_resin_wall_decor_botanical\/\",\"name\":\"Gekon \/ ku\u0161\u010dar, stenski okras iz smole botani\u010dki - Mala s mora\",\"isPartOf\":{\"@id\":\"https:\/\/www.malasmora.si\/#website\"},\"primaryImageOfPage\":{\"@id\":\"https:\/\/www.malasmora.si\/izdelek\/gecko_lizard_resin_wall_decor_botanical\/#primaryimage\"},\"image\":{\"@id\":\"https:\/\/www.malasmora.si\/izdelek\/gecko_lizard_resin_wall_decor_botanical\/#primaryimage\"},\"thumbnailUrl\":\"https:\/\/www.malasmora.si\/wp-content\/uploads\/2024\/05\/gecko_lizard_botanical_resin_wd307-scaled.jpg\",\"datePublished\":\"2024-05-21T20:09:12+00:00\",\"dateModified\":\"2025-02-17T14:14:00+00:00\",\"description\":\"Gecko lizard resin wall decor, Figurica gekona ku\u0161\u010dara, Gu\u0161ter od smole\",\"breadcrumb\":{\"@id\":\"https:\/\/www.malasmora.si\/izdelek\/gecko_lizard_resin_wall_decor_botanical\/#breadcrumb\"},\"inLanguage\":\"hr\",\"potentialAction\":[{\"@type\":\"ReadAction\",\"target\":[\"https:\/\/www.malasmora.si\/izdelek\/gecko_lizard_resin_wall_decor_botanical\/\"]}]},{\"@type\":\"ImageObject\",\"inLanguage\":\"hr\",\"@id\":\"https:\/\/www.malasmora.si\/izdelek\/gecko_lizard_resin_wall_decor_botanical\/#primaryimage\",\"url\":\"https:\/\/www.malasmora.si\/wp-content\/uploads\/2024\/05\/gecko_lizard_botanical_resin_wd307-scaled.jpg\",\"contentUrl\":\"https:\/\/www.malasmora.si\/wp-content\/uploads\/2024\/05\/gecko_lizard_botanical_resin_wd307-scaled.jpg\",\"width\":1658,\"height\":2560,\"caption\":\"Gecko lizard botanical resin\"},{\"@type\":\"BreadcrumbList\",\"@id\":\"https:\/\/www.malasmora.si\/izdelek\/gecko_lizard_resin_wall_decor_botanical\/#breadcrumb\",\"itemListElement\":[{\"@type\":\"ListItem\",\"position\":1,\"name\":\"Home\",\"item\":\"https:\/\/www.malasmora.si\/\"},{\"@type\":\"ListItem\",\"position\":2,\"name\":\"Shop\",\"item\":\"https:\/\/www.malasmora.si\/shop\/\"},{\"@type\":\"ListItem\",\"position\":3,\"name\":\"Gekon \/ ku\u0161\u010dar, stenski okras iz smole botani\u010dki\"}]},{\"@type\":\"WebSite\",\"@id\":\"https:\/\/www.malasmora.si\/#website\",\"url\":\"https:\/\/www.malasmora.si\/\",\"name\":\"Mala s mora\",\"description\":\"Ro\u010dno izdelan nakit iz epoksi smole\",\"publisher\":{\"@id\":\"https:\/\/www.malasmora.si\/#organization\"},\"potentialAction\":[{\"@type\":\"SearchAction\",\"target\":{\"@type\":\"EntryPoint\",\"urlTemplate\":\"https:\/\/www.malasmora.si\/?s={search_term_string}\"},\"query-input\":{\"@type\":\"PropertyValueSpecification\",\"valueRequired\":true,\"valueName\":\"search_term_string\"}}],\"inLanguage\":\"hr\"},{\"@type\":\"Organization\",\"@id\":\"https:\/\/www.malasmora.si\/#organization\",\"name\":\"Mala s mora\",\"url\":\"https:\/\/www.malasmora.si\/\",\"logo\":{\"@type\":\"ImageObject\",\"inLanguage\":\"hr\",\"@id\":\"https:\/\/www.malasmora.si\/#\/schema\/logo\/image\/\",\"url\":\"https:\/\/www.malasmora.si\/wp-content\/uploads\/2025\/07\/logo_novi_03.png\",\"contentUrl\":\"https:\/\/www.malasmora.si\/wp-content\/uploads\/2025\/07\/logo_novi_03.png\",\"width\":1536,\"height\":1024,\"caption\":\"Mala s mora\"},\"image\":{\"@id\":\"https:\/\/www.malasmora.si\/#\/schema\/logo\/image\/\"},\"sameAs\":[\"https:\/\/www.facebook.com\/MalaSMoraArt\/\"]}]}<\/script>\n<!-- \/ Yoast SEO plugin. -->","yoast_head_json":{"title":"Gekon \/ ku\u0161\u010dar, stenski okras iz smole botani\u010dki - Mala s mora","description":"Gecko lizard resin wall decor, Figurica gekona ku\u0161\u010dara, Gu\u0161ter od smole","robots":{"index":"index","follow":"follow","max-snippet":"max-snippet:-1","max-image-preview":"max-image-preview:large","max-video-preview":"max-video-preview:-1"},"canonical":"https:\/\/www.malasmora.si\/hr\/proizvod\/gecko_lizard_resin_wall_decor_botanical\/","og_locale":"hr_HR","og_type":"article","og_title":"Gekon \/ ku\u0161\u010dar, stenski okras iz smole botani\u010dki - Mala s mora","og_description":"Gecko lizard resin wall decor, Figurica gekona ku\u0161\u010dara, Gu\u0161ter od smole","og_url":"https:\/\/www.malasmora.si\/hr\/proizvod\/gecko_lizard_resin_wall_decor_botanical\/","og_site_name":"Mala s mora","article_publisher":"https:\/\/www.facebook.com\/MalaSMoraArt\/","article_modified_time":"2025-02-17T14:14:00+00:00","og_image":[{"width":1658,"height":2560,"url":"https:\/\/www.malasmora.si\/wp-content\/uploads\/2024\/05\/gecko_lizard_botanical_resin_wd307-scaled.jpg","type":"image\/jpeg"}],"twitter_card":"summary_large_image","twitter_misc":{"Procijenjeno vrijeme \u010ditanja":"1 minuta"},"schema":{"@context":"https:\/\/schema.org","@graph":[{"@type":"WebPage","@id":"https:\/\/www.malasmora.si\/izdelek\/gecko_lizard_resin_wall_decor_botanical\/","url":"https:\/\/www.malasmora.si\/izdelek\/gecko_lizard_resin_wall_decor_botanical\/","name":"Gekon \/ ku\u0161\u010dar, stenski okras iz smole botani\u010dki - Mala s mora","isPartOf":{"@id":"https:\/\/www.malasmora.si\/#website"},"primaryImageOfPage":{"@id":"https:\/\/www.malasmora.si\/izdelek\/gecko_lizard_resin_wall_decor_botanical\/#primaryimage"},"image":{"@id":"https:\/\/www.malasmora.si\/izdelek\/gecko_lizard_resin_wall_decor_botanical\/#primaryimage"},"thumbnailUrl":"https:\/\/www.malasmora.si\/wp-content\/uploads\/2024\/05\/gecko_lizard_botanical_resin_wd307-scaled.jpg","datePublished":"2024-05-21T20:09:12+00:00","dateModified":"2025-02-17T14:14:00+00:00","description":"Gecko lizard resin wall decor, Figurica gekona ku\u0161\u010dara, Gu\u0161ter od smole","breadcrumb":{"@id":"https:\/\/www.malasmora.si\/izdelek\/gecko_lizard_resin_wall_decor_botanical\/#breadcrumb"},"inLanguage":"hr","potentialAction":[{"@type":"ReadAction","target":["https:\/\/www.malasmora.si\/izdelek\/gecko_lizard_resin_wall_decor_botanical\/"]}]},{"@type":"ImageObject","inLanguage":"hr","@id":"https:\/\/www.malasmora.si\/izdelek\/gecko_lizard_resin_wall_decor_botanical\/#primaryimage","url":"https:\/\/www.malasmora.si\/wp-content\/uploads\/2024\/05\/gecko_lizard_botanical_resin_wd307-scaled.jpg","contentUrl":"https:\/\/www.malasmora.si\/wp-content\/uploads\/2024\/05\/gecko_lizard_botanical_resin_wd307-scaled.jpg","width":1658,"height":2560,"caption":"Gecko lizard botanical resin"},{"@type":"BreadcrumbList","@id":"https:\/\/www.malasmora.si\/izdelek\/gecko_lizard_resin_wall_decor_botanical\/#breadcrumb","itemListElement":[{"@type":"ListItem","position":1,"name":"Home","item":"https:\/\/www.malasmora.si\/"},{"@type":"ListItem","position":2,"name":"Shop","item":"https:\/\/www.malasmora.si\/shop\/"},{"@type":"ListItem","position":3,"name":"Gekon \/ ku\u0161\u010dar, stenski okras iz smole botani\u010dki"}]},{"@type":"WebSite","@id":"https:\/\/www.malasmora.si\/#website","url":"https:\/\/www.malasmora.si\/","name":"Mala s mora","description":"Ro\u010dno izdelan nakit iz epoksi smole","publisher":{"@id":"https:\/\/www.malasmora.si\/#organization"},"potentialAction":[{"@type":"SearchAction","target":{"@type":"EntryPoint","urlTemplate":"https:\/\/www.malasmora.si\/?s={search_term_string}"},"query-input":{"@type":"PropertyValueSpecification","valueRequired":true,"valueName":"search_term_string"}}],"inLanguage":"hr"},{"@type":"Organization","@id":"https:\/\/www.malasmora.si\/#organization","name":"Mala s mora","url":"https:\/\/www.malasmora.si\/","logo":{"@type":"ImageObject","inLanguage":"hr","@id":"https:\/\/www.malasmora.si\/#\/schema\/logo\/image\/","url":"https:\/\/www.malasmora.si\/wp-content\/uploads\/2025\/07\/logo_novi_03.png","contentUrl":"https:\/\/www.malasmora.si\/wp-content\/uploads\/2025\/07\/logo_novi_03.png","width":1536,"height":1024,"caption":"Mala s mora"},"image":{"@id":"https:\/\/www.malasmora.si\/#\/schema\/logo\/image\/"},"sameAs":["https:\/\/www.facebook.com\/MalaSMoraArt\/"]}]}},"_links":{"self":[{"href":"https:\/\/www.malasmora.si\/hr\/wp-json\/wp\/v2\/product\/2425","targetHints":{"allow":["GET"]}}],"collection":[{"href":"https:\/\/www.malasmora.si\/hr\/wp-json\/wp\/v2\/product"}],"about":[{"href":"https:\/\/www.malasmora.si\/hr\/wp-json\/wp\/v2\/types\/product"}],"replies":[{"embeddable":true,"href":"https:\/\/www.malasmora.si\/hr\/wp-json\/wp\/v2\/comments?post=2425"}],"wp:featuredmedia":[{"embeddable":true,"href":"https:\/\/www.malasmora.si\/hr\/wp-json\/wp\/v2\/media\/2426"}],"wp:attachment":[{"href":"https:\/\/www.malasmora.si\/hr\/wp-json\/wp\/v2\/media?parent=2425"}],"wp:term":[{"taxonomy":"product_brand","embeddable":true,"href":"https:\/\/www.malasmora.si\/hr\/wp-json\/wp\/v2\/product_brand?post=2425"},{"taxonomy":"product_cat","embeddable":true,"href":"https:\/\/www.malasmora.si\/hr\/wp-json\/wp\/v2\/product_cat?post=2425"},{"taxonomy":"product_tag","embeddable":true,"href":"https:\/\/www.malasmora.si\/hr\/wp-json\/wp\/v2\/product_tag?post=2425"}],"curies":[{"name":"wp","href":"https:\/\/api.w.org\/{rel}","templated":true}]}}