{"id":2434,"date":"2024-05-28T19:35:33","date_gmt":"2024-05-28T17:35:33","guid":{"rendered":"https:\/\/www.malasmora.si\/?post_type=product&#038;p=2434"},"modified":"2026-02-03T14:38:21","modified_gmt":"2026-02-03T12:38:21","slug":"tiger_eye_necklace","status":"publish","type":"product","link":"https:\/\/www.malasmora.si\/hr\/proizvod\/tiger_eye_necklace\/","title":{"rendered":"Ogrlica iz tigrovega o\u010desa v obliki solze"},"content":{"rendered":"<p>Ta ro\u010dno izdelana ogrlica v obliki solze ima dva pristna kamna tigrovega o\u010desa, skrbno vdelana v prozorno smolo na toplo rumenem ozadju, kar ustvarja kos, poln svetlobe, globine in naravne energije.<\/p>\n<p>Tigrovo oko se tradicionalno povezuje z mo\u010djo, samozavestjo in za\u0161\u010dito, zaradi \u010desar ta ogrlica ni le lepa, ampak tudi pomenljiva.<\/p>\n<p>Obesek ima elegantno obliko solze, dolg je pribli\u017eno 3 cm in visi na veri\u017eici iz nerjave\u010dega jekla zlate barve (45 cm). Ogrlica je pripravljena za darilo v \u010dudoviti darilni \u0161katli, idealni za rojstne dneve, posebne prilo\u017enosti ali kot premi\u0161ljeno razvajanje zase.<\/p>\n<p>\u2728 Podrobnosti:<\/p>\n<p>\u2022 Ro\u010dno izdelan obesek iz smole<br \/>\n\u2022 Dva prava kamna tigrovega o\u010desa<br \/>\n\u2022 Oblika obeska: solza<br \/>\n\u2022 Dol\u017eina obeska: pribli\u017eno 3 cm<br \/>\n\u2022 Veri\u017eica: nerjave\u010de jeklo, zlata barva<br \/>\n\u2022 Dol\u017eina veri\u017eice: 45 cm<br \/>\n\u2022 Lahka in udobna za no\u0161enje<br \/>\n\u2022 V darilni \u0161katli<\/p>\n<p>Vsak kos je ro\u010dno izdelan, zato so majhne razlike v vsaki ogrlici edinstvene \ud83e\udd0d<\/p>\n<p>\u2728 Pomen kamna tigrovega o\u010desa<\/p>\n<p>Kamni tigrovega o\u010desa, vdelani v kristalno \u010disto smolo na son\u010dno rumenem ozadju, ustvarjajo mo\u010dan in vznemirljiv kos nakita, ki ga navdihujeta toplina in mo\u010d.<\/p>\n<p>Tigrovo oko tradicionalno velja za kamen poguma, integritete in za\u0161\u010dite. Skozi zgodovino je bilo povezano z blaginjo in sre\u010do, saj naj bi \u0161\u010ditilo osebno energijo in odbijalo negativnost.<\/p>\n<p>Tigrovo oko je povezano tudi z zodiakalnimi znamenji Bik, Dvoj\u010dka, Lev in Kozorog, zaradi \u010desar je ta ogrlica popolno darilo za rojstni dan, zodiakalno darilo ali duhovni nakit.<\/p>","protected":false},"excerpt":{"rendered":"<p>Ta ro\u010dno izdelana ogrlica v obliki solze ima dva pristna kamna tigrovega o\u010desa, skrbno vdelana v prozorno smolo na toplo rumenem ozadju, kar ustvarja kos, poln svetlobe, globine in naravne energije. Tigrovo oko se tradicionalno povezuje z mo\u010djo, samozavestjo in za\u0161\u010dito, zaradi \u010desar ta ogrlica ni le lepa, ampak tudi pomenljiva. Obesek ima elegantno obliko&#8230;<\/p>","protected":false},"featured_media":2437,"comment_status":"open","ping_status":"closed","template":"","meta":{"_kadence_starter_templates_imported_post":false,"_kad_post_transparent":"default","_kad_post_title":"","_kad_post_layout":"default","_kad_post_sidebar_id":"","_kad_post_content_style":"default","_kad_post_vertical_padding":"default","_kad_post_feature":"","_kad_post_feature_position":"","_kad_post_header":false,"_kad_post_footer":false},"product_brand":[],"product_cat":[20],"product_tag":[1121,208,65,67,60,59,168,511,510,509,209,205,1120],"class_list":{"0":"post-2434","1":"product","2":"type-product","3":"status-publish","4":"has-post-thumbnail","6":"product_cat-necklaces","7":"product_tag-birthday_stone_jewelry","8":"product_tag-boho_pendant","9":"product_tag-gift_for_her","10":"product_tag-handmade_jewelry","11":"product_tag-handmade_necklace","12":"product_tag-handmade_pendant","13":"product_tag-resin_necklace","14":"product_tag-tiger_eye","15":"product_tag-tigers_eye","16":"product_tag-tigers_eye_necklace","17":"product_tag-unique_handmade","18":"product_tag-unique_necklace","19":"product_tag-zodiac_jewelry","21":"first","22":"instock","23":"taxable","24":"shipping-taxable","25":"purchasable","26":"product-type-simple","27":"entry","28":"content-bg","29":"loop-entry"},"yoast_head":"<!-- This site is optimized with the Yoast SEO plugin v26.6 - https:\/\/yoast.com\/wordpress\/plugins\/seo\/ -->\n<title>Ogrlica iz tigrovega o\u010desa v obliki solze - Mala s mora<\/title>\n<meta name=\"description\" content=\"Tiger\u2019s Eye Resin Teardrop Necklace, Ogrlica iz tigrovega o\u010desa v obliki solze, Ogrlica od tigrovog oka u obliku suze\" \/>\n<meta name=\"robots\" content=\"index, follow, max-snippet:-1, max-image-preview:large, max-video-preview:-1\" \/>\n<link rel=\"canonical\" href=\"https:\/\/www.malasmora.si\/hr\/proizvod\/tiger_eye_necklace\/\" \/>\n<meta property=\"og:locale\" content=\"hr_HR\" \/>\n<meta property=\"og:type\" content=\"article\" \/>\n<meta property=\"og:title\" content=\"Ogrlica iz tigrovega o\u010desa v obliki solze - Mala s mora\" \/>\n<meta property=\"og:description\" content=\"Tiger\u2019s Eye Resin Teardrop Necklace, Ogrlica iz tigrovega o\u010desa v obliki solze, Ogrlica od tigrovog oka u obliku suze\" \/>\n<meta property=\"og:url\" content=\"https:\/\/www.malasmora.si\/hr\/proizvod\/tiger_eye_necklace\/\" \/>\n<meta property=\"og:site_name\" content=\"Mala s mora\" \/>\n<meta property=\"article:publisher\" content=\"https:\/\/www.facebook.com\/MalaSMoraArt\/\" \/>\n<meta property=\"article:modified_time\" content=\"2026-02-03T12:38:21+00:00\" \/>\n<meta property=\"og:image\" content=\"https:\/\/www.malasmora.si\/wp-content\/uploads\/2024\/05\/tiger_eye_necklace_N547-scaled.jpg\" \/>\n\t<meta property=\"og:image:width\" content=\"1919\" \/>\n\t<meta property=\"og:image:height\" content=\"2560\" \/>\n\t<meta property=\"og:image:type\" content=\"image\/jpeg\" \/>\n<meta name=\"twitter:card\" content=\"summary_large_image\" \/>\n<meta name=\"twitter:label1\" content=\"Procijenjeno vrijeme \u010ditanja\" \/>\n\t<meta name=\"twitter:data1\" content=\"2 minute\" \/>\n<script type=\"application\/ld+json\" class=\"yoast-schema-graph\">{\"@context\":\"https:\/\/schema.org\",\"@graph\":[{\"@type\":\"WebPage\",\"@id\":\"https:\/\/www.malasmora.si\/izdelek\/tiger_eye_necklace\/\",\"url\":\"https:\/\/www.malasmora.si\/izdelek\/tiger_eye_necklace\/\",\"name\":\"Ogrlica iz tigrovega o\u010desa v obliki solze - Mala s mora\",\"isPartOf\":{\"@id\":\"https:\/\/www.malasmora.si\/#website\"},\"primaryImageOfPage\":{\"@id\":\"https:\/\/www.malasmora.si\/izdelek\/tiger_eye_necklace\/#primaryimage\"},\"image\":{\"@id\":\"https:\/\/www.malasmora.si\/izdelek\/tiger_eye_necklace\/#primaryimage\"},\"thumbnailUrl\":\"https:\/\/www.malasmora.si\/wp-content\/uploads\/2024\/05\/tiger_eye_necklace_N547-scaled.jpg\",\"datePublished\":\"2024-05-28T17:35:33+00:00\",\"dateModified\":\"2026-02-03T12:38:21+00:00\",\"description\":\"Tiger\u2019s Eye Resin Teardrop Necklace, Ogrlica iz tigrovega o\u010desa v obliki solze, Ogrlica od tigrovog oka u obliku suze\",\"breadcrumb\":{\"@id\":\"https:\/\/www.malasmora.si\/izdelek\/tiger_eye_necklace\/#breadcrumb\"},\"inLanguage\":\"hr\",\"potentialAction\":[{\"@type\":\"ReadAction\",\"target\":[\"https:\/\/www.malasmora.si\/izdelek\/tiger_eye_necklace\/\"]}]},{\"@type\":\"ImageObject\",\"inLanguage\":\"hr\",\"@id\":\"https:\/\/www.malasmora.si\/izdelek\/tiger_eye_necklace\/#primaryimage\",\"url\":\"https:\/\/www.malasmora.si\/wp-content\/uploads\/2024\/05\/tiger_eye_necklace_N547-scaled.jpg\",\"contentUrl\":\"https:\/\/www.malasmora.si\/wp-content\/uploads\/2024\/05\/tiger_eye_necklace_N547-scaled.jpg\",\"width\":1919,\"height\":2560,\"caption\":\"Tiger's eye necklace\"},{\"@type\":\"BreadcrumbList\",\"@id\":\"https:\/\/www.malasmora.si\/izdelek\/tiger_eye_necklace\/#breadcrumb\",\"itemListElement\":[{\"@type\":\"ListItem\",\"position\":1,\"name\":\"Home\",\"item\":\"https:\/\/www.malasmora.si\/\"},{\"@type\":\"ListItem\",\"position\":2,\"name\":\"Shop\",\"item\":\"https:\/\/www.malasmora.si\/shop\/\"},{\"@type\":\"ListItem\",\"position\":3,\"name\":\"Ogrlica iz tigrovega o\u010desa v obliki solze\"}]},{\"@type\":\"WebSite\",\"@id\":\"https:\/\/www.malasmora.si\/#website\",\"url\":\"https:\/\/www.malasmora.si\/\",\"name\":\"Mala s mora\",\"description\":\"Ro\u010dno izdelan nakit iz epoksi smole\",\"publisher\":{\"@id\":\"https:\/\/www.malasmora.si\/#organization\"},\"potentialAction\":[{\"@type\":\"SearchAction\",\"target\":{\"@type\":\"EntryPoint\",\"urlTemplate\":\"https:\/\/www.malasmora.si\/?s={search_term_string}\"},\"query-input\":{\"@type\":\"PropertyValueSpecification\",\"valueRequired\":true,\"valueName\":\"search_term_string\"}}],\"inLanguage\":\"hr\"},{\"@type\":\"Organization\",\"@id\":\"https:\/\/www.malasmora.si\/#organization\",\"name\":\"Mala s mora\",\"url\":\"https:\/\/www.malasmora.si\/\",\"logo\":{\"@type\":\"ImageObject\",\"inLanguage\":\"hr\",\"@id\":\"https:\/\/www.malasmora.si\/#\/schema\/logo\/image\/\",\"url\":\"https:\/\/www.malasmora.si\/wp-content\/uploads\/2025\/07\/logo_novi_03.png\",\"contentUrl\":\"https:\/\/www.malasmora.si\/wp-content\/uploads\/2025\/07\/logo_novi_03.png\",\"width\":1536,\"height\":1024,\"caption\":\"Mala s mora\"},\"image\":{\"@id\":\"https:\/\/www.malasmora.si\/#\/schema\/logo\/image\/\"},\"sameAs\":[\"https:\/\/www.facebook.com\/MalaSMoraArt\/\"]}]}<\/script>\n<!-- \/ Yoast SEO plugin. -->","yoast_head_json":{"title":"Ogrlica iz tigrovega o\u010desa v obliki solze - Mala s mora","description":"Tiger\u2019s Eye Resin Teardrop Necklace, Ogrlica iz tigrovega o\u010desa v obliki solze, Ogrlica od tigrovog oka u obliku suze","robots":{"index":"index","follow":"follow","max-snippet":"max-snippet:-1","max-image-preview":"max-image-preview:large","max-video-preview":"max-video-preview:-1"},"canonical":"https:\/\/www.malasmora.si\/hr\/proizvod\/tiger_eye_necklace\/","og_locale":"hr_HR","og_type":"article","og_title":"Ogrlica iz tigrovega o\u010desa v obliki solze - Mala s mora","og_description":"Tiger\u2019s Eye Resin Teardrop Necklace, Ogrlica iz tigrovega o\u010desa v obliki solze, Ogrlica od tigrovog oka u obliku suze","og_url":"https:\/\/www.malasmora.si\/hr\/proizvod\/tiger_eye_necklace\/","og_site_name":"Mala s mora","article_publisher":"https:\/\/www.facebook.com\/MalaSMoraArt\/","article_modified_time":"2026-02-03T12:38:21+00:00","og_image":[{"width":1919,"height":2560,"url":"https:\/\/www.malasmora.si\/wp-content\/uploads\/2024\/05\/tiger_eye_necklace_N547-scaled.jpg","type":"image\/jpeg"}],"twitter_card":"summary_large_image","twitter_misc":{"Procijenjeno vrijeme \u010ditanja":"2 minute"},"schema":{"@context":"https:\/\/schema.org","@graph":[{"@type":"WebPage","@id":"https:\/\/www.malasmora.si\/izdelek\/tiger_eye_necklace\/","url":"https:\/\/www.malasmora.si\/izdelek\/tiger_eye_necklace\/","name":"Ogrlica iz tigrovega o\u010desa v obliki solze - Mala s mora","isPartOf":{"@id":"https:\/\/www.malasmora.si\/#website"},"primaryImageOfPage":{"@id":"https:\/\/www.malasmora.si\/izdelek\/tiger_eye_necklace\/#primaryimage"},"image":{"@id":"https:\/\/www.malasmora.si\/izdelek\/tiger_eye_necklace\/#primaryimage"},"thumbnailUrl":"https:\/\/www.malasmora.si\/wp-content\/uploads\/2024\/05\/tiger_eye_necklace_N547-scaled.jpg","datePublished":"2024-05-28T17:35:33+00:00","dateModified":"2026-02-03T12:38:21+00:00","description":"Tiger\u2019s Eye Resin Teardrop Necklace, Ogrlica iz tigrovega o\u010desa v obliki solze, Ogrlica od tigrovog oka u obliku suze","breadcrumb":{"@id":"https:\/\/www.malasmora.si\/izdelek\/tiger_eye_necklace\/#breadcrumb"},"inLanguage":"hr","potentialAction":[{"@type":"ReadAction","target":["https:\/\/www.malasmora.si\/izdelek\/tiger_eye_necklace\/"]}]},{"@type":"ImageObject","inLanguage":"hr","@id":"https:\/\/www.malasmora.si\/izdelek\/tiger_eye_necklace\/#primaryimage","url":"https:\/\/www.malasmora.si\/wp-content\/uploads\/2024\/05\/tiger_eye_necklace_N547-scaled.jpg","contentUrl":"https:\/\/www.malasmora.si\/wp-content\/uploads\/2024\/05\/tiger_eye_necklace_N547-scaled.jpg","width":1919,"height":2560,"caption":"Tiger's eye necklace"},{"@type":"BreadcrumbList","@id":"https:\/\/www.malasmora.si\/izdelek\/tiger_eye_necklace\/#breadcrumb","itemListElement":[{"@type":"ListItem","position":1,"name":"Home","item":"https:\/\/www.malasmora.si\/"},{"@type":"ListItem","position":2,"name":"Shop","item":"https:\/\/www.malasmora.si\/shop\/"},{"@type":"ListItem","position":3,"name":"Ogrlica iz tigrovega o\u010desa v obliki solze"}]},{"@type":"WebSite","@id":"https:\/\/www.malasmora.si\/#website","url":"https:\/\/www.malasmora.si\/","name":"Mala s mora","description":"Ro\u010dno izdelan nakit iz epoksi smole","publisher":{"@id":"https:\/\/www.malasmora.si\/#organization"},"potentialAction":[{"@type":"SearchAction","target":{"@type":"EntryPoint","urlTemplate":"https:\/\/www.malasmora.si\/?s={search_term_string}"},"query-input":{"@type":"PropertyValueSpecification","valueRequired":true,"valueName":"search_term_string"}}],"inLanguage":"hr"},{"@type":"Organization","@id":"https:\/\/www.malasmora.si\/#organization","name":"Mala s mora","url":"https:\/\/www.malasmora.si\/","logo":{"@type":"ImageObject","inLanguage":"hr","@id":"https:\/\/www.malasmora.si\/#\/schema\/logo\/image\/","url":"https:\/\/www.malasmora.si\/wp-content\/uploads\/2025\/07\/logo_novi_03.png","contentUrl":"https:\/\/www.malasmora.si\/wp-content\/uploads\/2025\/07\/logo_novi_03.png","width":1536,"height":1024,"caption":"Mala s mora"},"image":{"@id":"https:\/\/www.malasmora.si\/#\/schema\/logo\/image\/"},"sameAs":["https:\/\/www.facebook.com\/MalaSMoraArt\/"]}]}},"_links":{"self":[{"href":"https:\/\/www.malasmora.si\/hr\/wp-json\/wp\/v2\/product\/2434","targetHints":{"allow":["GET"]}}],"collection":[{"href":"https:\/\/www.malasmora.si\/hr\/wp-json\/wp\/v2\/product"}],"about":[{"href":"https:\/\/www.malasmora.si\/hr\/wp-json\/wp\/v2\/types\/product"}],"replies":[{"embeddable":true,"href":"https:\/\/www.malasmora.si\/hr\/wp-json\/wp\/v2\/comments?post=2434"}],"wp:featuredmedia":[{"embeddable":true,"href":"https:\/\/www.malasmora.si\/hr\/wp-json\/wp\/v2\/media\/2437"}],"wp:attachment":[{"href":"https:\/\/www.malasmora.si\/hr\/wp-json\/wp\/v2\/media?parent=2434"}],"wp:term":[{"taxonomy":"product_brand","embeddable":true,"href":"https:\/\/www.malasmora.si\/hr\/wp-json\/wp\/v2\/product_brand?post=2434"},{"taxonomy":"product_cat","embeddable":true,"href":"https:\/\/www.malasmora.si\/hr\/wp-json\/wp\/v2\/product_cat?post=2434"},{"taxonomy":"product_tag","embeddable":true,"href":"https:\/\/www.malasmora.si\/hr\/wp-json\/wp\/v2\/product_tag?post=2434"}],"curies":[{"name":"wp","href":"https:\/\/api.w.org\/{rel}","templated":true}]}}