{"id":2447,"date":"2024-05-29T08:12:15","date_gmt":"2024-05-29T06:12:15","guid":{"rendered":"https:\/\/www.malasmora.si\/?post_type=product&#038;p=2447"},"modified":"2024-05-29T08:25:03","modified_gmt":"2024-05-29T06:25:03","slug":"freeform_irregular_bowl_green","status":"publish","type":"product","link":"https:\/\/www.malasmora.si\/hr\/proizvod\/freeform_irregular_bowl_green\/","title":{"rendered":"Skleda iz smole nepravilne oblike zelena"},"content":{"rendered":"<p><span class=\"HwtZe\" lang=\"sl\"><span class=\"jCAhz JxVs2d ChMk0b\"><span class=\"ryNqvb\">Ta skleda iz smole nepravilne oblike, ki jo je navdihnila narava, bo \u010dudovit dodatek k dekorju va\u0161ega doma. <\/span><\/span><span class=\"jCAhz JxVs2d ChMk0b\"><span class=\"ryNqvb\">Majhna skleda je kot nala\u0161\u010d za shranjevanje nakita, potpourija, kovancev, klju\u010dev, denarja, sladkarij ali karkoli \u017eelite.<\/span><\/span> <span class=\"jCAhz JxVs2d ChMk0b\"><span class=\"ryNqvb\">Unikatna umetnina za va\u0161o dnevno sobo, kuhinjo, kopalnico ali spalnico. <\/span><\/span><\/span><\/p>\n<p><span class=\"HwtZe\" lang=\"sl\"><span class=\"jCAhz JxVs2d ChMk0b\"><span class=\"ryNqvb\">Kot nala\u0161\u010d za darilo za materinski dan, bo\u017ei\u010d, rojstni dan ali obletnico&#8230;.ali darilo zase! <\/span><\/span><\/span><\/p>\n<p><span class=\"HwtZe\" lang=\"sl\"><span class=\"jCAhz JxVs2d ChMk0b\"><span class=\"ryNqvb\">Narejena je iz visokokakovostne epoksidne smole za \u017eivila. <\/span><\/span><\/span><\/p>\n<p><span class=\"HwtZe\" lang=\"sl\"><span class=\"jCAhz JxVs2d ChMk0b\"><span class=\"ryNqvb\">Ko je skleda bila izdelana in oblikovana, sem jo okrasila z zlatimi obrobami, kako bi dobila razko\u0161en videz. <\/span><\/span><\/span><\/p>\n<p><span class=\"HwtZe\" lang=\"sl\"><span class=\"jCAhz JxVs2d\"><span class=\"ryNqvb\">Mere (pribli\u017eno): <\/span><\/span><span class=\"jCAhz JxVs2d ChMk0b\"><span class=\"ryNqvb\">12 x 12 x 5 cm (4,72&#8243; x 4,72&#8243; x 1,97&#8243;) <\/span><\/span><\/span><\/p>\n<p><span class=\"HwtZe\" lang=\"sl\"><span class=\"jCAhz JxVs2d\"><span class=\"ryNqvb\">NI primerno za pomivalni stroj.<\/span><\/span><\/span><\/p>\n<p>Dodatki rabljeni za fotografiranje niso naprodaj.<\/p>\n<p>Upo\u0161tevajte, da sem vse svoje izdelke ro\u010dno izdelala, torej ne obstajajo dva enaka izdelka. Poleg tega zaradi ro\u010dne izdelave vedno obstaja mo\u017enost majhnih nepravilnosti in mehur\u010dkov.<\/p>\n<p>Imajte na umu da se boja mo\u017ee neznatno razlikovati na nekim monitorima zbog razli\u010ditih postavki slike.<\/p>","protected":false},"excerpt":{"rendered":"<p>Ta skleda iz smole nepravilne oblike, ki jo je navdihnila narava, bo \u010dudovit dodatek k dekorju va\u0161ega doma. Majhna skleda je kot nala\u0161\u010d za shranjevanje nakita, potpourija, kovancev, klju\u010dev, denarja, sladkarij ali karkoli \u017eelite. Unikatna umetnina za va\u0161o dnevno sobo, kuhinjo, kopalnico ali spalnico. Kot nala\u0161\u010d za darilo za materinski dan, bo\u017ei\u010d, rojstni dan ali&#8230;<\/p>","protected":false},"featured_media":2448,"comment_status":"open","ping_status":"closed","template":"","meta":{"_kadence_starter_templates_imported_post":false,"_kad_post_transparent":"default","_kad_post_title":"","_kad_post_layout":"default","_kad_post_sidebar_id":"","_kad_post_content_style":"default","_kad_post_vertical_padding":"default","_kad_post_feature":"","_kad_post_feature_position":"","_kad_post_header":false,"_kad_post_footer":false},"product_brand":[],"product_cat":[378],"product_tag":[516,65,107,142,135,517,137,138,401,141,143,507,400,136,144],"class_list":{"0":"post-2447","1":"product","2":"type-product","3":"status-publish","4":"has-post-thumbnail","6":"product_cat-trinket_trays","7":"product_tag-freeform_bowl","8":"product_tag-gift_for_her","9":"product_tag-gift_for_him","10":"product_tag-handmade_tray","11":"product_tag-heartshaped_tray","12":"product_tag-irregular_shape_bowl","13":"product_tag-jewelry_tray","14":"product_tag-jewelry_trinket_tray","15":"product_tag-resin_trinket_dish","16":"product_tag-resin_trinket_tray","17":"product_tag-ring_dish","18":"product_tag-ring_holder","19":"product_tag-trinket_dish","20":"product_tag-trinket_tray","21":"product_tag-valentine_day_gift","23":"first","24":"instock","25":"taxable","26":"shipping-taxable","27":"purchasable","28":"product-type-simple","29":"entry","30":"content-bg","31":"loop-entry"},"yoast_head":"<!-- This site is optimized with the Yoast SEO plugin v26.6 - https:\/\/yoast.com\/wordpress\/plugins\/seo\/ -->\n<title>Skleda iz smole nepravilne oblike zelena - Mala s mora<\/title>\n<meta name=\"description\" content=\"Freeform irregular shape resin bowl, Skleda za shranjevanje nakita nepravilne oblike\" \/>\n<meta name=\"robots\" content=\"index, follow, max-snippet:-1, max-image-preview:large, max-video-preview:-1\" \/>\n<link rel=\"canonical\" href=\"https:\/\/www.malasmora.si\/hr\/proizvod\/freeform_irregular_bowl_green\/\" \/>\n<meta property=\"og:locale\" content=\"hr_HR\" \/>\n<meta property=\"og:type\" content=\"article\" \/>\n<meta property=\"og:title\" content=\"Skleda iz smole nepravilne oblike zelena - Mala s mora\" \/>\n<meta property=\"og:description\" content=\"Freeform irregular shape resin bowl, Skleda za shranjevanje nakita nepravilne oblike\" \/>\n<meta property=\"og:url\" content=\"https:\/\/www.malasmora.si\/hr\/proizvod\/freeform_irregular_bowl_green\/\" \/>\n<meta property=\"og:site_name\" content=\"Mala s mora\" \/>\n<meta property=\"article:publisher\" content=\"https:\/\/www.facebook.com\/MalaSMoraArt\/\" \/>\n<meta property=\"article:modified_time\" content=\"2024-05-29T06:25:03+00:00\" \/>\n<meta property=\"og:image\" content=\"https:\/\/www.malasmora.si\/wp-content\/uploads\/2024\/05\/irregular_dish_TD108-scaled.jpg\" \/>\n\t<meta property=\"og:image:width\" content=\"1920\" \/>\n\t<meta property=\"og:image:height\" content=\"2560\" \/>\n\t<meta property=\"og:image:type\" content=\"image\/jpeg\" \/>\n<meta name=\"twitter:card\" content=\"summary_large_image\" \/>\n<meta name=\"twitter:label1\" content=\"Procijenjeno vrijeme \u010ditanja\" \/>\n\t<meta name=\"twitter:data1\" content=\"2 minute\" \/>\n<script type=\"application\/ld+json\" class=\"yoast-schema-graph\">{\"@context\":\"https:\/\/schema.org\",\"@graph\":[{\"@type\":\"WebPage\",\"@id\":\"https:\/\/www.malasmora.si\/izdelek\/freeform_irregular_bowl_green\/\",\"url\":\"https:\/\/www.malasmora.si\/izdelek\/freeform_irregular_bowl_green\/\",\"name\":\"Skleda iz smole nepravilne oblike zelena - Mala s mora\",\"isPartOf\":{\"@id\":\"https:\/\/www.malasmora.si\/#website\"},\"primaryImageOfPage\":{\"@id\":\"https:\/\/www.malasmora.si\/izdelek\/freeform_irregular_bowl_green\/#primaryimage\"},\"image\":{\"@id\":\"https:\/\/www.malasmora.si\/izdelek\/freeform_irregular_bowl_green\/#primaryimage\"},\"thumbnailUrl\":\"https:\/\/www.malasmora.si\/wp-content\/uploads\/2024\/05\/irregular_dish_TD108-scaled.jpg\",\"datePublished\":\"2024-05-29T06:12:15+00:00\",\"dateModified\":\"2024-05-29T06:25:03+00:00\",\"description\":\"Freeform irregular shape resin bowl, Skleda za shranjevanje nakita nepravilne oblike\",\"breadcrumb\":{\"@id\":\"https:\/\/www.malasmora.si\/izdelek\/freeform_irregular_bowl_green\/#breadcrumb\"},\"inLanguage\":\"hr\",\"potentialAction\":[{\"@type\":\"ReadAction\",\"target\":[\"https:\/\/www.malasmora.si\/izdelek\/freeform_irregular_bowl_green\/\"]}]},{\"@type\":\"ImageObject\",\"inLanguage\":\"hr\",\"@id\":\"https:\/\/www.malasmora.si\/izdelek\/freeform_irregular_bowl_green\/#primaryimage\",\"url\":\"https:\/\/www.malasmora.si\/wp-content\/uploads\/2024\/05\/irregular_dish_TD108-scaled.jpg\",\"contentUrl\":\"https:\/\/www.malasmora.si\/wp-content\/uploads\/2024\/05\/irregular_dish_TD108-scaled.jpg\",\"width\":1920,\"height\":2560,\"caption\":\"Freeform irregular shape bowl\"},{\"@type\":\"BreadcrumbList\",\"@id\":\"https:\/\/www.malasmora.si\/izdelek\/freeform_irregular_bowl_green\/#breadcrumb\",\"itemListElement\":[{\"@type\":\"ListItem\",\"position\":1,\"name\":\"Home\",\"item\":\"https:\/\/www.malasmora.si\/\"},{\"@type\":\"ListItem\",\"position\":2,\"name\":\"Shop\",\"item\":\"https:\/\/www.malasmora.si\/shop\/\"},{\"@type\":\"ListItem\",\"position\":3,\"name\":\"Skleda iz smole nepravilne oblike zelena\"}]},{\"@type\":\"WebSite\",\"@id\":\"https:\/\/www.malasmora.si\/#website\",\"url\":\"https:\/\/www.malasmora.si\/\",\"name\":\"Mala s mora\",\"description\":\"Ro\u010dno izdelan nakit iz epoksi smole\",\"publisher\":{\"@id\":\"https:\/\/www.malasmora.si\/#organization\"},\"potentialAction\":[{\"@type\":\"SearchAction\",\"target\":{\"@type\":\"EntryPoint\",\"urlTemplate\":\"https:\/\/www.malasmora.si\/?s={search_term_string}\"},\"query-input\":{\"@type\":\"PropertyValueSpecification\",\"valueRequired\":true,\"valueName\":\"search_term_string\"}}],\"inLanguage\":\"hr\"},{\"@type\":\"Organization\",\"@id\":\"https:\/\/www.malasmora.si\/#organization\",\"name\":\"Mala s mora\",\"url\":\"https:\/\/www.malasmora.si\/\",\"logo\":{\"@type\":\"ImageObject\",\"inLanguage\":\"hr\",\"@id\":\"https:\/\/www.malasmora.si\/#\/schema\/logo\/image\/\",\"url\":\"https:\/\/www.malasmora.si\/wp-content\/uploads\/2025\/07\/logo_novi_03.png\",\"contentUrl\":\"https:\/\/www.malasmora.si\/wp-content\/uploads\/2025\/07\/logo_novi_03.png\",\"width\":1536,\"height\":1024,\"caption\":\"Mala s mora\"},\"image\":{\"@id\":\"https:\/\/www.malasmora.si\/#\/schema\/logo\/image\/\"},\"sameAs\":[\"https:\/\/www.facebook.com\/MalaSMoraArt\/\"]}]}<\/script>\n<!-- \/ Yoast SEO plugin. -->","yoast_head_json":{"title":"Skleda iz smole nepravilne oblike zelena - Mala s mora","description":"Freeform irregular shape resin bowl, Skleda za shranjevanje nakita nepravilne oblike","robots":{"index":"index","follow":"follow","max-snippet":"max-snippet:-1","max-image-preview":"max-image-preview:large","max-video-preview":"max-video-preview:-1"},"canonical":"https:\/\/www.malasmora.si\/hr\/proizvod\/freeform_irregular_bowl_green\/","og_locale":"hr_HR","og_type":"article","og_title":"Skleda iz smole nepravilne oblike zelena - Mala s mora","og_description":"Freeform irregular shape resin bowl, Skleda za shranjevanje nakita nepravilne oblike","og_url":"https:\/\/www.malasmora.si\/hr\/proizvod\/freeform_irregular_bowl_green\/","og_site_name":"Mala s mora","article_publisher":"https:\/\/www.facebook.com\/MalaSMoraArt\/","article_modified_time":"2024-05-29T06:25:03+00:00","og_image":[{"width":1920,"height":2560,"url":"https:\/\/www.malasmora.si\/wp-content\/uploads\/2024\/05\/irregular_dish_TD108-scaled.jpg","type":"image\/jpeg"}],"twitter_card":"summary_large_image","twitter_misc":{"Procijenjeno vrijeme \u010ditanja":"2 minute"},"schema":{"@context":"https:\/\/schema.org","@graph":[{"@type":"WebPage","@id":"https:\/\/www.malasmora.si\/izdelek\/freeform_irregular_bowl_green\/","url":"https:\/\/www.malasmora.si\/izdelek\/freeform_irregular_bowl_green\/","name":"Skleda iz smole nepravilne oblike zelena - Mala s mora","isPartOf":{"@id":"https:\/\/www.malasmora.si\/#website"},"primaryImageOfPage":{"@id":"https:\/\/www.malasmora.si\/izdelek\/freeform_irregular_bowl_green\/#primaryimage"},"image":{"@id":"https:\/\/www.malasmora.si\/izdelek\/freeform_irregular_bowl_green\/#primaryimage"},"thumbnailUrl":"https:\/\/www.malasmora.si\/wp-content\/uploads\/2024\/05\/irregular_dish_TD108-scaled.jpg","datePublished":"2024-05-29T06:12:15+00:00","dateModified":"2024-05-29T06:25:03+00:00","description":"Freeform irregular shape resin bowl, Skleda za shranjevanje nakita nepravilne oblike","breadcrumb":{"@id":"https:\/\/www.malasmora.si\/izdelek\/freeform_irregular_bowl_green\/#breadcrumb"},"inLanguage":"hr","potentialAction":[{"@type":"ReadAction","target":["https:\/\/www.malasmora.si\/izdelek\/freeform_irregular_bowl_green\/"]}]},{"@type":"ImageObject","inLanguage":"hr","@id":"https:\/\/www.malasmora.si\/izdelek\/freeform_irregular_bowl_green\/#primaryimage","url":"https:\/\/www.malasmora.si\/wp-content\/uploads\/2024\/05\/irregular_dish_TD108-scaled.jpg","contentUrl":"https:\/\/www.malasmora.si\/wp-content\/uploads\/2024\/05\/irregular_dish_TD108-scaled.jpg","width":1920,"height":2560,"caption":"Freeform irregular shape bowl"},{"@type":"BreadcrumbList","@id":"https:\/\/www.malasmora.si\/izdelek\/freeform_irregular_bowl_green\/#breadcrumb","itemListElement":[{"@type":"ListItem","position":1,"name":"Home","item":"https:\/\/www.malasmora.si\/"},{"@type":"ListItem","position":2,"name":"Shop","item":"https:\/\/www.malasmora.si\/shop\/"},{"@type":"ListItem","position":3,"name":"Skleda iz smole nepravilne oblike zelena"}]},{"@type":"WebSite","@id":"https:\/\/www.malasmora.si\/#website","url":"https:\/\/www.malasmora.si\/","name":"Mala s mora","description":"Ro\u010dno izdelan nakit iz epoksi smole","publisher":{"@id":"https:\/\/www.malasmora.si\/#organization"},"potentialAction":[{"@type":"SearchAction","target":{"@type":"EntryPoint","urlTemplate":"https:\/\/www.malasmora.si\/?s={search_term_string}"},"query-input":{"@type":"PropertyValueSpecification","valueRequired":true,"valueName":"search_term_string"}}],"inLanguage":"hr"},{"@type":"Organization","@id":"https:\/\/www.malasmora.si\/#organization","name":"Mala s mora","url":"https:\/\/www.malasmora.si\/","logo":{"@type":"ImageObject","inLanguage":"hr","@id":"https:\/\/www.malasmora.si\/#\/schema\/logo\/image\/","url":"https:\/\/www.malasmora.si\/wp-content\/uploads\/2025\/07\/logo_novi_03.png","contentUrl":"https:\/\/www.malasmora.si\/wp-content\/uploads\/2025\/07\/logo_novi_03.png","width":1536,"height":1024,"caption":"Mala s mora"},"image":{"@id":"https:\/\/www.malasmora.si\/#\/schema\/logo\/image\/"},"sameAs":["https:\/\/www.facebook.com\/MalaSMoraArt\/"]}]}},"_links":{"self":[{"href":"https:\/\/www.malasmora.si\/hr\/wp-json\/wp\/v2\/product\/2447","targetHints":{"allow":["GET"]}}],"collection":[{"href":"https:\/\/www.malasmora.si\/hr\/wp-json\/wp\/v2\/product"}],"about":[{"href":"https:\/\/www.malasmora.si\/hr\/wp-json\/wp\/v2\/types\/product"}],"replies":[{"embeddable":true,"href":"https:\/\/www.malasmora.si\/hr\/wp-json\/wp\/v2\/comments?post=2447"}],"wp:featuredmedia":[{"embeddable":true,"href":"https:\/\/www.malasmora.si\/hr\/wp-json\/wp\/v2\/media\/2448"}],"wp:attachment":[{"href":"https:\/\/www.malasmora.si\/hr\/wp-json\/wp\/v2\/media?parent=2447"}],"wp:term":[{"taxonomy":"product_brand","embeddable":true,"href":"https:\/\/www.malasmora.si\/hr\/wp-json\/wp\/v2\/product_brand?post=2447"},{"taxonomy":"product_cat","embeddable":true,"href":"https:\/\/www.malasmora.si\/hr\/wp-json\/wp\/v2\/product_cat?post=2447"},{"taxonomy":"product_tag","embeddable":true,"href":"https:\/\/www.malasmora.si\/hr\/wp-json\/wp\/v2\/product_tag?post=2447"}],"curies":[{"name":"wp","href":"https:\/\/api.w.org\/{rel}","templated":true}]}}