{"id":2460,"date":"2024-06-03T15:54:04","date_gmt":"2024-06-03T13:54:04","guid":{"rendered":"https:\/\/www.malasmora.si\/?post_type=product&#038;p=2460"},"modified":"2024-12-09T17:06:57","modified_gmt":"2024-12-09T15:06:57","slug":"mushroom_jar_botanical","status":"publish","type":"product","link":"https:\/\/www.malasmora.si\/hr\/proizvod\/mushroom_jar_botanical\/","title":{"rendered":"Posoda v obliki gobe, botani\u010dna"},"content":{"rendered":"<p>Samo en pogled na to \u010dudovito botani\u010dno gobo vas bo popeljal v gozd. To privla\u010dno umetnino sem naredila s posu\u0161enimi cvetovi, listi in stor\u017ei, ki sem jih nabrala med spro\u0161\u010dujo\u010dim sprehodom po prelepih slovenskih gozdovih. Dodala sem ravno toliko zlatega alkoholnega \u010drnila, da poudarim lepoto naravnih materialov.<\/p>\n<p>Gobica je kot nala\u0161\u010d za shranjevanje va\u0161ih malih zakladov, kot so nakit ali drobnarije. Je lep dodatek za va\u0161 dom ali pisarno.<\/p>\n<p>Dimenzije:<br \/>\nvi\u0161ina 9,0 cm (3,54&#8243;)<br \/>\n\u0161irina naj\u0161ir\u0161ega dela 8,0 cm (3,15&#8243;)<br \/>\nglobina spodnjeg dela 4,6 cm (1,81&#8243;)<\/p>\n<p><span class=\"HwtZe\" lang=\"sl\"><span class=\"jCAhz JxVs2d ChMk0b\"><span class=\"ryNqvb\">Vse v moji trgovini izdelujem ro\u010dno, tako da noben izdelek ni popolnoma enak.<\/span><\/span> <span class=\"jCAhz JxVs2d ChMk0b\"><span class=\"ryNqvb\">Poleg tega zaradi ro\u010dne izdelave vedno obstaja mo\u017enost majhnih nepravilnosti in mehur\u010dkov. <\/span><\/span><\/span><\/p>\n<p>Imajte na umu da se boja mo\u017ee neznatno razlikovati na nekim monitorima zbog razli\u010ditih postavki slike.<\/p>\n<p><span class=\"HwtZe\" lang=\"sl\"><span class=\"jCAhz JxVs2d ChMk0b\"><span class=\"ryNqvb\">Pripomo\u010dki za fotografiranje niso naprodaj.<\/span><\/span><\/span><\/p>","protected":false},"excerpt":{"rendered":"<p>Samo en pogled na to \u010dudovito botani\u010dno gobo vas bo popeljal v gozd. To privla\u010dno umetnino sem naredila s posu\u0161enimi cvetovi, listi in stor\u017ei, ki sem jih nabrala med spro\u0161\u010dujo\u010dim sprehodom po prelepih slovenskih gozdovih. Dodala sem ravno toliko zlatega alkoholnega \u010drnila, da poudarim lepoto naravnih materialov. Gobica je kot nala\u0161\u010d za shranjevanje va\u0161ih malih&#8230;<\/p>","protected":false},"featured_media":2461,"comment_status":"open","ping_status":"closed","template":"","meta":{"_kadence_starter_templates_imported_post":false,"_kad_post_transparent":"default","_kad_post_title":"","_kad_post_layout":"default","_kad_post_sidebar_id":"","_kad_post_content_style":"default","_kad_post_vertical_padding":"default","_kad_post_feature":"","_kad_post_feature_position":"","_kad_post_header":false,"_kad_post_footer":false},"product_brand":[],"product_cat":[22],"product_tag":[518,519,404,405,521,194,520],"class_list":{"0":"post-2460","1":"product","2":"type-product","3":"status-publish","4":"has-post-thumbnail","6":"product_cat-trinket_jars_with_lid","7":"product_tag-botanical_mushroom","8":"product_tag-botanical_mushroom_jar","9":"product_tag-epoxy_art","10":"product_tag-mushroom_trinket_box","11":"product_tag-pinecone_mushroom_jar","12":"product_tag-resin_mushroom","13":"product_tag-resin_mushroom_jar","15":"first","16":"outofstock","17":"sale","18":"sold-individually","19":"taxable","20":"shipping-taxable","21":"purchasable","22":"product-type-simple","23":"entry","24":"content-bg","25":"loop-entry"},"yoast_head":"<!-- This site is optimized with the Yoast SEO plugin v26.6 - https:\/\/yoast.com\/wordpress\/plugins\/seo\/ -->\n<title>Posoda v obliki gobe, botani\u010dna - Mala s mora<\/title>\n<meta name=\"description\" content=\"Mushroom jar, Botanical mushroom jar, Resin botanical jar, Posoda v obliki gobe, Posudica u obliku gljive\" \/>\n<meta name=\"robots\" content=\"index, follow, max-snippet:-1, max-image-preview:large, max-video-preview:-1\" \/>\n<link rel=\"canonical\" href=\"https:\/\/www.malasmora.si\/hr\/proizvod\/mushroom_jar_botanical\/\" \/>\n<meta property=\"og:locale\" content=\"hr_HR\" \/>\n<meta property=\"og:type\" content=\"article\" \/>\n<meta property=\"og:title\" content=\"Posoda v obliki gobe, botani\u010dna - Mala s mora\" \/>\n<meta property=\"og:description\" content=\"Mushroom jar, Botanical mushroom jar, Resin botanical jar, Posoda v obliki gobe, Posudica u obliku gljive\" \/>\n<meta property=\"og:url\" content=\"https:\/\/www.malasmora.si\/hr\/proizvod\/mushroom_jar_botanical\/\" \/>\n<meta property=\"og:site_name\" content=\"Mala s mora\" \/>\n<meta property=\"article:publisher\" content=\"https:\/\/www.facebook.com\/MalaSMoraArt\/\" \/>\n<meta property=\"article:modified_time\" content=\"2024-12-09T15:06:57+00:00\" \/>\n<meta property=\"og:image\" content=\"https:\/\/www.malasmora.si\/wp-content\/uploads\/2024\/06\/mushroom_resin_jar_M205-scaled.jpg\" \/>\n\t<meta property=\"og:image:width\" content=\"2231\" \/>\n\t<meta property=\"og:image:height\" content=\"2560\" \/>\n\t<meta property=\"og:image:type\" content=\"image\/jpeg\" \/>\n<meta name=\"twitter:card\" content=\"summary_large_image\" \/>\n<meta name=\"twitter:label1\" content=\"Procijenjeno vrijeme \u010ditanja\" \/>\n\t<meta name=\"twitter:data1\" content=\"1 minuta\" \/>\n<script type=\"application\/ld+json\" class=\"yoast-schema-graph\">{\"@context\":\"https:\/\/schema.org\",\"@graph\":[{\"@type\":\"WebPage\",\"@id\":\"https:\/\/www.malasmora.si\/izdelek\/mushroom_jar_botanical\/\",\"url\":\"https:\/\/www.malasmora.si\/izdelek\/mushroom_jar_botanical\/\",\"name\":\"Posoda v obliki gobe, botani\u010dna - Mala s mora\",\"isPartOf\":{\"@id\":\"https:\/\/www.malasmora.si\/#website\"},\"primaryImageOfPage\":{\"@id\":\"https:\/\/www.malasmora.si\/izdelek\/mushroom_jar_botanical\/#primaryimage\"},\"image\":{\"@id\":\"https:\/\/www.malasmora.si\/izdelek\/mushroom_jar_botanical\/#primaryimage\"},\"thumbnailUrl\":\"https:\/\/www.malasmora.si\/wp-content\/uploads\/2024\/06\/mushroom_resin_jar_M205-scaled.jpg\",\"datePublished\":\"2024-06-03T13:54:04+00:00\",\"dateModified\":\"2024-12-09T15:06:57+00:00\",\"description\":\"Mushroom jar, Botanical mushroom jar, Resin botanical jar, Posoda v obliki gobe, Posudica u obliku gljive\",\"breadcrumb\":{\"@id\":\"https:\/\/www.malasmora.si\/izdelek\/mushroom_jar_botanical\/#breadcrumb\"},\"inLanguage\":\"hr\",\"potentialAction\":[{\"@type\":\"ReadAction\",\"target\":[\"https:\/\/www.malasmora.si\/izdelek\/mushroom_jar_botanical\/\"]}]},{\"@type\":\"ImageObject\",\"inLanguage\":\"hr\",\"@id\":\"https:\/\/www.malasmora.si\/izdelek\/mushroom_jar_botanical\/#primaryimage\",\"url\":\"https:\/\/www.malasmora.si\/wp-content\/uploads\/2024\/06\/mushroom_resin_jar_M205-scaled.jpg\",\"contentUrl\":\"https:\/\/www.malasmora.si\/wp-content\/uploads\/2024\/06\/mushroom_resin_jar_M205-scaled.jpg\",\"width\":2231,\"height\":2560,\"caption\":\"Botanical mushroom jar\"},{\"@type\":\"BreadcrumbList\",\"@id\":\"https:\/\/www.malasmora.si\/izdelek\/mushroom_jar_botanical\/#breadcrumb\",\"itemListElement\":[{\"@type\":\"ListItem\",\"position\":1,\"name\":\"Home\",\"item\":\"https:\/\/www.malasmora.si\/\"},{\"@type\":\"ListItem\",\"position\":2,\"name\":\"Shop\",\"item\":\"https:\/\/www.malasmora.si\/shop\/\"},{\"@type\":\"ListItem\",\"position\":3,\"name\":\"Posoda v obliki gobe, botani\u010dna\"}]},{\"@type\":\"WebSite\",\"@id\":\"https:\/\/www.malasmora.si\/#website\",\"url\":\"https:\/\/www.malasmora.si\/\",\"name\":\"Mala s mora\",\"description\":\"Ro\u010dno izdelan nakit iz epoksi smole\",\"publisher\":{\"@id\":\"https:\/\/www.malasmora.si\/#organization\"},\"potentialAction\":[{\"@type\":\"SearchAction\",\"target\":{\"@type\":\"EntryPoint\",\"urlTemplate\":\"https:\/\/www.malasmora.si\/?s={search_term_string}\"},\"query-input\":{\"@type\":\"PropertyValueSpecification\",\"valueRequired\":true,\"valueName\":\"search_term_string\"}}],\"inLanguage\":\"hr\"},{\"@type\":\"Organization\",\"@id\":\"https:\/\/www.malasmora.si\/#organization\",\"name\":\"Mala s mora\",\"url\":\"https:\/\/www.malasmora.si\/\",\"logo\":{\"@type\":\"ImageObject\",\"inLanguage\":\"hr\",\"@id\":\"https:\/\/www.malasmora.si\/#\/schema\/logo\/image\/\",\"url\":\"https:\/\/www.malasmora.si\/wp-content\/uploads\/2025\/07\/logo_novi_03.png\",\"contentUrl\":\"https:\/\/www.malasmora.si\/wp-content\/uploads\/2025\/07\/logo_novi_03.png\",\"width\":1536,\"height\":1024,\"caption\":\"Mala s mora\"},\"image\":{\"@id\":\"https:\/\/www.malasmora.si\/#\/schema\/logo\/image\/\"},\"sameAs\":[\"https:\/\/www.facebook.com\/MalaSMoraArt\/\"]}]}<\/script>\n<!-- \/ Yoast SEO plugin. -->","yoast_head_json":{"title":"Posoda v obliki gobe, botani\u010dna - Mala s mora","description":"Mushroom jar, Botanical mushroom jar, Resin botanical jar, Posoda v obliki gobe, Posudica u obliku gljive","robots":{"index":"index","follow":"follow","max-snippet":"max-snippet:-1","max-image-preview":"max-image-preview:large","max-video-preview":"max-video-preview:-1"},"canonical":"https:\/\/www.malasmora.si\/hr\/proizvod\/mushroom_jar_botanical\/","og_locale":"hr_HR","og_type":"article","og_title":"Posoda v obliki gobe, botani\u010dna - Mala s mora","og_description":"Mushroom jar, Botanical mushroom jar, Resin botanical jar, Posoda v obliki gobe, Posudica u obliku gljive","og_url":"https:\/\/www.malasmora.si\/hr\/proizvod\/mushroom_jar_botanical\/","og_site_name":"Mala s mora","article_publisher":"https:\/\/www.facebook.com\/MalaSMoraArt\/","article_modified_time":"2024-12-09T15:06:57+00:00","og_image":[{"width":2231,"height":2560,"url":"https:\/\/www.malasmora.si\/wp-content\/uploads\/2024\/06\/mushroom_resin_jar_M205-scaled.jpg","type":"image\/jpeg"}],"twitter_card":"summary_large_image","twitter_misc":{"Procijenjeno vrijeme \u010ditanja":"1 minuta"},"schema":{"@context":"https:\/\/schema.org","@graph":[{"@type":"WebPage","@id":"https:\/\/www.malasmora.si\/izdelek\/mushroom_jar_botanical\/","url":"https:\/\/www.malasmora.si\/izdelek\/mushroom_jar_botanical\/","name":"Posoda v obliki gobe, botani\u010dna - Mala s mora","isPartOf":{"@id":"https:\/\/www.malasmora.si\/#website"},"primaryImageOfPage":{"@id":"https:\/\/www.malasmora.si\/izdelek\/mushroom_jar_botanical\/#primaryimage"},"image":{"@id":"https:\/\/www.malasmora.si\/izdelek\/mushroom_jar_botanical\/#primaryimage"},"thumbnailUrl":"https:\/\/www.malasmora.si\/wp-content\/uploads\/2024\/06\/mushroom_resin_jar_M205-scaled.jpg","datePublished":"2024-06-03T13:54:04+00:00","dateModified":"2024-12-09T15:06:57+00:00","description":"Mushroom jar, Botanical mushroom jar, Resin botanical jar, Posoda v obliki gobe, Posudica u obliku gljive","breadcrumb":{"@id":"https:\/\/www.malasmora.si\/izdelek\/mushroom_jar_botanical\/#breadcrumb"},"inLanguage":"hr","potentialAction":[{"@type":"ReadAction","target":["https:\/\/www.malasmora.si\/izdelek\/mushroom_jar_botanical\/"]}]},{"@type":"ImageObject","inLanguage":"hr","@id":"https:\/\/www.malasmora.si\/izdelek\/mushroom_jar_botanical\/#primaryimage","url":"https:\/\/www.malasmora.si\/wp-content\/uploads\/2024\/06\/mushroom_resin_jar_M205-scaled.jpg","contentUrl":"https:\/\/www.malasmora.si\/wp-content\/uploads\/2024\/06\/mushroom_resin_jar_M205-scaled.jpg","width":2231,"height":2560,"caption":"Botanical mushroom jar"},{"@type":"BreadcrumbList","@id":"https:\/\/www.malasmora.si\/izdelek\/mushroom_jar_botanical\/#breadcrumb","itemListElement":[{"@type":"ListItem","position":1,"name":"Home","item":"https:\/\/www.malasmora.si\/"},{"@type":"ListItem","position":2,"name":"Shop","item":"https:\/\/www.malasmora.si\/shop\/"},{"@type":"ListItem","position":3,"name":"Posoda v obliki gobe, botani\u010dna"}]},{"@type":"WebSite","@id":"https:\/\/www.malasmora.si\/#website","url":"https:\/\/www.malasmora.si\/","name":"Mala s mora","description":"Ro\u010dno izdelan nakit iz epoksi smole","publisher":{"@id":"https:\/\/www.malasmora.si\/#organization"},"potentialAction":[{"@type":"SearchAction","target":{"@type":"EntryPoint","urlTemplate":"https:\/\/www.malasmora.si\/?s={search_term_string}"},"query-input":{"@type":"PropertyValueSpecification","valueRequired":true,"valueName":"search_term_string"}}],"inLanguage":"hr"},{"@type":"Organization","@id":"https:\/\/www.malasmora.si\/#organization","name":"Mala s mora","url":"https:\/\/www.malasmora.si\/","logo":{"@type":"ImageObject","inLanguage":"hr","@id":"https:\/\/www.malasmora.si\/#\/schema\/logo\/image\/","url":"https:\/\/www.malasmora.si\/wp-content\/uploads\/2025\/07\/logo_novi_03.png","contentUrl":"https:\/\/www.malasmora.si\/wp-content\/uploads\/2025\/07\/logo_novi_03.png","width":1536,"height":1024,"caption":"Mala s mora"},"image":{"@id":"https:\/\/www.malasmora.si\/#\/schema\/logo\/image\/"},"sameAs":["https:\/\/www.facebook.com\/MalaSMoraArt\/"]}]}},"_links":{"self":[{"href":"https:\/\/www.malasmora.si\/hr\/wp-json\/wp\/v2\/product\/2460","targetHints":{"allow":["GET"]}}],"collection":[{"href":"https:\/\/www.malasmora.si\/hr\/wp-json\/wp\/v2\/product"}],"about":[{"href":"https:\/\/www.malasmora.si\/hr\/wp-json\/wp\/v2\/types\/product"}],"replies":[{"embeddable":true,"href":"https:\/\/www.malasmora.si\/hr\/wp-json\/wp\/v2\/comments?post=2460"}],"wp:featuredmedia":[{"embeddable":true,"href":"https:\/\/www.malasmora.si\/hr\/wp-json\/wp\/v2\/media\/2461"}],"wp:attachment":[{"href":"https:\/\/www.malasmora.si\/hr\/wp-json\/wp\/v2\/media?parent=2460"}],"wp:term":[{"taxonomy":"product_brand","embeddable":true,"href":"https:\/\/www.malasmora.si\/hr\/wp-json\/wp\/v2\/product_brand?post=2460"},{"taxonomy":"product_cat","embeddable":true,"href":"https:\/\/www.malasmora.si\/hr\/wp-json\/wp\/v2\/product_cat?post=2460"},{"taxonomy":"product_tag","embeddable":true,"href":"https:\/\/www.malasmora.si\/hr\/wp-json\/wp\/v2\/product_tag?post=2460"}],"curies":[{"name":"wp","href":"https:\/\/api.w.org\/{rel}","templated":true}]}}