{"id":2622,"date":"2024-08-11T09:54:55","date_gmt":"2024-08-11T07:54:55","guid":{"rendered":"https:\/\/www.malasmora.si\/?post_type=product&#038;p=2622"},"modified":"2025-11-08T13:34:17","modified_gmt":"2025-11-08T11:34:17","slug":"purplish_resin_bottle_opener","status":"publish","type":"product","link":"https:\/\/www.malasmora.si\/hr\/proizvod\/purplish_resin_bottle_opener\/","title":{"rendered":"Vijoli\u010dast odpira\u010d za steklenice, z magnetom"},"content":{"rendered":"<p>Vnesite eleganco v svoj vsakdan s tem ljubkem odpira\u010dem za steklenice iz smole. Naro\u010dite zdaj, da svoji kuhinji ali baru dodate edinstveno in funkcionalno umetni\u0161ko delo ali pa ga podarite kot nepozabno darilo nekomu posebnemu.<\/p>\n<p>Odli\u010dno darilo za rojstni dan, darilo za praznovanje, darilo za zahvalo u\u010ditelju! Idealno darilo za nove lastnike stanovanj ali gostitelje zabave itn.!<\/p>\n<p>Odpira\u010di za steklenice iz smole so na voljo v razli\u010dnih stilih in oblikah, kot na sliki. So zelo \u010dvrsti in odporni na zlom. Imajo tudi luknjo, da jih je la\u017eje vstaviti v obeske za klju\u010de.<\/p>\n<p><img decoding=\"async\" class=\"emoji\" role=\"img\" draggable=\"false\" src=\"https:\/\/s.w.org\/images\/core\/emoji\/15.0.3\/svg\/1f4d0.svg\" alt=\"\ud83d\udcd0\" \/>Velikosti:<br \/>\n&#8211; okrogla oblika (6,5 x 6 cm)<br \/>\n&#8211; oblika kozarca za vino (7 x 6 cm)<\/p>\n<p>\u2757\u0160iroka uporaba\u2757<\/p>\n<p>Odpira\u010d za steklenice lahko uporabite v kuhinji, baru, restavraciji, delavnici in ob vseh prilo\u017enostih, rojstnem dnevu, poroki, poletni zabavi, \u017earu itd.<\/p>\n<p>\u2757NAVODILA ZA NEGO\u2757<\/p>\n<p>&#8211; Enostavno operite ro\u010dno, da bo va\u0161 odpira\u010d za steklenice spet lep<br \/>\n&#8211; \u010ce \u017eelite ohraniti \u017eive barve, ne izpostavljajte ga neposredni son\u010dni svetlobi<br \/>\n&#8211; Ne pozabite, da smola NI primerna za pomivalni stroj<\/p>\n<p><img decoding=\"async\" class=\"emoji\" role=\"img\" draggable=\"false\" src=\"https:\/\/s.w.org\/images\/core\/emoji\/15.0.3\/svg\/1f4a0.svg\" alt=\"\ud83d\udca0\" \/>Budu\u0107i da su svi proizvodi ru\u010dno izra\u0111eni, ne postoje dva potpuno ista. Nadalje, zbog ru\u010dne izrade, uvijek postoji mogu\u0107nost manjih nepravilnosti i mjehuri\u0107a.<\/p>\n<p><img decoding=\"async\" class=\"emoji\" role=\"img\" draggable=\"false\" src=\"https:\/\/s.w.org\/images\/core\/emoji\/15.0.3\/svg\/1f4a0.svg\" alt=\"\ud83d\udca0\" \/>Imajte na umu da se boja mo\u017ee neznatno razlikovati na nekim monitorima zbog razli\u010ditih postavki slike.<\/p>\n<p>&nbsp;<\/p>","protected":false},"excerpt":{"rendered":"<p>Vnesite eleganco v svoj vsakdan s tem ljubkem odpira\u010dem za steklenice iz smole. Naro\u010dite zdaj, da svoji kuhinji ali baru dodate edinstveno in funkcionalno umetni\u0161ko delo ali pa ga podarite kot nepozabno darilo nekomu posebnemu. Odli\u010dno darilo za rojstni dan, darilo za praznovanje, darilo za zahvalo u\u010ditelju! Idealno darilo za nove lastnike stanovanj ali gostitelje&#8230;<\/p>","protected":false},"featured_media":2628,"comment_status":"open","ping_status":"closed","template":"","meta":{"_kadence_starter_templates_imported_post":false,"_kad_post_transparent":"default","_kad_post_title":"","_kad_post_layout":"default","_kad_post_sidebar_id":"","_kad_post_content_style":"default","_kad_post_vertical_padding":"default","_kad_post_feature":"","_kad_post_feature_position":"","_kad_post_header":false,"_kad_post_footer":false},"product_brand":[],"product_cat":[556],"product_tag":[573,576,569,94,568,577,404,107,574,572,610,571,144,575,570],"class_list":{"0":"post-2622","1":"product","2":"type-product","3":"status-publish","4":"has-post-thumbnail","6":"product_cat-bottle_openers","7":"product_tag-bar_accessories","8":"product_tag-beer_lover_gift","9":"product_tag-beer_opener","10":"product_tag-birthday_gift","11":"product_tag-bottle_opener","12":"product_tag-elegant_bottle_opener","13":"product_tag-epoxy_art","14":"product_tag-gift_for_him","15":"product_tag-kitchen_accessories","16":"product_tag-party_accessories","17":"product_tag-purplish_bottle_opener","18":"product_tag-resin_bottle_opener","19":"product_tag-valentine_day_gift","20":"product_tag-wine_lover_gift","21":"product_tag-wine_opener","23":"first","24":"instock","25":"sold-individually","26":"taxable","27":"shipping-taxable","28":"purchasable","29":"product-type-variable","30":"entry","31":"content-bg","32":"loop-entry"},"yoast_head":"<!-- This site is optimized with the Yoast SEO plugin v26.6 - https:\/\/yoast.com\/wordpress\/plugins\/seo\/ -->\n<title>Vijoli\u010dast odpira\u010d za steklenice, z magnetom - Mala s mora<\/title>\n<meta name=\"description\" content=\"Purplish resin bottle opener with confetti, Vijoli\u010dni odpira\u010d za steklenice, Otvara\u010d za pivo vino boce\" \/>\n<meta name=\"robots\" content=\"index, follow, max-snippet:-1, max-image-preview:large, max-video-preview:-1\" \/>\n<link rel=\"canonical\" href=\"https:\/\/www.malasmora.si\/hr\/proizvod\/purplish_resin_bottle_opener\/\" \/>\n<meta property=\"og:locale\" content=\"hr_HR\" \/>\n<meta property=\"og:type\" content=\"article\" \/>\n<meta property=\"og:title\" content=\"Vijoli\u010dast odpira\u010d za steklenice, z magnetom - Mala s mora\" \/>\n<meta property=\"og:description\" content=\"Purplish resin bottle opener with confetti, Vijoli\u010dni odpira\u010d za steklenice, Otvara\u010d za pivo vino boce\" \/>\n<meta property=\"og:url\" content=\"https:\/\/www.malasmora.si\/hr\/proizvod\/purplish_resin_bottle_opener\/\" \/>\n<meta property=\"og:site_name\" content=\"Mala s mora\" \/>\n<meta property=\"article:publisher\" content=\"https:\/\/www.facebook.com\/MalaSMoraArt\/\" \/>\n<meta property=\"article:modified_time\" content=\"2025-11-08T11:34:17+00:00\" \/>\n<meta property=\"og:image\" content=\"https:\/\/www.malasmora.si\/wp-content\/uploads\/2024\/08\/bottle_opener_bo102-scaled.jpg\" \/>\n\t<meta property=\"og:image:width\" content=\"2560\" \/>\n\t<meta property=\"og:image:height\" content=\"1920\" \/>\n\t<meta property=\"og:image:type\" content=\"image\/jpeg\" \/>\n<meta name=\"twitter:card\" content=\"summary_large_image\" \/>\n<meta name=\"twitter:label1\" content=\"Procijenjeno vrijeme \u010ditanja\" \/>\n\t<meta name=\"twitter:data1\" content=\"2 minute\" \/>\n<script type=\"application\/ld+json\" class=\"yoast-schema-graph\">{\"@context\":\"https:\/\/schema.org\",\"@graph\":[{\"@type\":\"WebPage\",\"@id\":\"https:\/\/www.malasmora.si\/izdelek\/purplish_resin_bottle_opener\/\",\"url\":\"https:\/\/www.malasmora.si\/izdelek\/purplish_resin_bottle_opener\/\",\"name\":\"Vijoli\u010dast odpira\u010d za steklenice, z magnetom - Mala s mora\",\"isPartOf\":{\"@id\":\"https:\/\/www.malasmora.si\/#website\"},\"primaryImageOfPage\":{\"@id\":\"https:\/\/www.malasmora.si\/izdelek\/purplish_resin_bottle_opener\/#primaryimage\"},\"image\":{\"@id\":\"https:\/\/www.malasmora.si\/izdelek\/purplish_resin_bottle_opener\/#primaryimage\"},\"thumbnailUrl\":\"https:\/\/www.malasmora.si\/wp-content\/uploads\/2024\/08\/bottle_opener_bo102-scaled.jpg\",\"datePublished\":\"2024-08-11T07:54:55+00:00\",\"dateModified\":\"2025-11-08T11:34:17+00:00\",\"description\":\"Purplish resin bottle opener with confetti, Vijoli\u010dni odpira\u010d za steklenice, Otvara\u010d za pivo vino boce\",\"breadcrumb\":{\"@id\":\"https:\/\/www.malasmora.si\/izdelek\/purplish_resin_bottle_opener\/#breadcrumb\"},\"inLanguage\":\"hr\",\"potentialAction\":[{\"@type\":\"ReadAction\",\"target\":[\"https:\/\/www.malasmora.si\/izdelek\/purplish_resin_bottle_opener\/\"]}]},{\"@type\":\"ImageObject\",\"inLanguage\":\"hr\",\"@id\":\"https:\/\/www.malasmora.si\/izdelek\/purplish_resin_bottle_opener\/#primaryimage\",\"url\":\"https:\/\/www.malasmora.si\/wp-content\/uploads\/2024\/08\/bottle_opener_bo102-scaled.jpg\",\"contentUrl\":\"https:\/\/www.malasmora.si\/wp-content\/uploads\/2024\/08\/bottle_opener_bo102-scaled.jpg\",\"width\":2560,\"height\":1920,\"caption\":\"purplish_bottle_opener\"},{\"@type\":\"BreadcrumbList\",\"@id\":\"https:\/\/www.malasmora.si\/izdelek\/purplish_resin_bottle_opener\/#breadcrumb\",\"itemListElement\":[{\"@type\":\"ListItem\",\"position\":1,\"name\":\"Home\",\"item\":\"https:\/\/www.malasmora.si\/\"},{\"@type\":\"ListItem\",\"position\":2,\"name\":\"Shop\",\"item\":\"https:\/\/www.malasmora.si\/shop\/\"},{\"@type\":\"ListItem\",\"position\":3,\"name\":\"Vijoli\u010dast odpira\u010d za steklenice, z magnetom\"}]},{\"@type\":\"WebSite\",\"@id\":\"https:\/\/www.malasmora.si\/#website\",\"url\":\"https:\/\/www.malasmora.si\/\",\"name\":\"Mala s mora\",\"description\":\"Ro\u010dno izdelan nakit iz epoksi smole\",\"publisher\":{\"@id\":\"https:\/\/www.malasmora.si\/#organization\"},\"potentialAction\":[{\"@type\":\"SearchAction\",\"target\":{\"@type\":\"EntryPoint\",\"urlTemplate\":\"https:\/\/www.malasmora.si\/?s={search_term_string}\"},\"query-input\":{\"@type\":\"PropertyValueSpecification\",\"valueRequired\":true,\"valueName\":\"search_term_string\"}}],\"inLanguage\":\"hr\"},{\"@type\":\"Organization\",\"@id\":\"https:\/\/www.malasmora.si\/#organization\",\"name\":\"Mala s mora\",\"url\":\"https:\/\/www.malasmora.si\/\",\"logo\":{\"@type\":\"ImageObject\",\"inLanguage\":\"hr\",\"@id\":\"https:\/\/www.malasmora.si\/#\/schema\/logo\/image\/\",\"url\":\"https:\/\/www.malasmora.si\/wp-content\/uploads\/2025\/07\/logo_novi_03.png\",\"contentUrl\":\"https:\/\/www.malasmora.si\/wp-content\/uploads\/2025\/07\/logo_novi_03.png\",\"width\":1536,\"height\":1024,\"caption\":\"Mala s mora\"},\"image\":{\"@id\":\"https:\/\/www.malasmora.si\/#\/schema\/logo\/image\/\"},\"sameAs\":[\"https:\/\/www.facebook.com\/MalaSMoraArt\/\"]}]}<\/script>\n<!-- \/ Yoast SEO plugin. -->","yoast_head_json":{"title":"Vijoli\u010dast odpira\u010d za steklenice, z magnetom - Mala s mora","description":"Purplish resin bottle opener with confetti, Vijoli\u010dni odpira\u010d za steklenice, Otvara\u010d za pivo vino boce","robots":{"index":"index","follow":"follow","max-snippet":"max-snippet:-1","max-image-preview":"max-image-preview:large","max-video-preview":"max-video-preview:-1"},"canonical":"https:\/\/www.malasmora.si\/hr\/proizvod\/purplish_resin_bottle_opener\/","og_locale":"hr_HR","og_type":"article","og_title":"Vijoli\u010dast odpira\u010d za steklenice, z magnetom - Mala s mora","og_description":"Purplish resin bottle opener with confetti, Vijoli\u010dni odpira\u010d za steklenice, Otvara\u010d za pivo vino boce","og_url":"https:\/\/www.malasmora.si\/hr\/proizvod\/purplish_resin_bottle_opener\/","og_site_name":"Mala s mora","article_publisher":"https:\/\/www.facebook.com\/MalaSMoraArt\/","article_modified_time":"2025-11-08T11:34:17+00:00","og_image":[{"width":2560,"height":1920,"url":"https:\/\/www.malasmora.si\/wp-content\/uploads\/2024\/08\/bottle_opener_bo102-scaled.jpg","type":"image\/jpeg"}],"twitter_card":"summary_large_image","twitter_misc":{"Procijenjeno vrijeme \u010ditanja":"2 minute"},"schema":{"@context":"https:\/\/schema.org","@graph":[{"@type":"WebPage","@id":"https:\/\/www.malasmora.si\/izdelek\/purplish_resin_bottle_opener\/","url":"https:\/\/www.malasmora.si\/izdelek\/purplish_resin_bottle_opener\/","name":"Vijoli\u010dast odpira\u010d za steklenice, z magnetom - Mala s mora","isPartOf":{"@id":"https:\/\/www.malasmora.si\/#website"},"primaryImageOfPage":{"@id":"https:\/\/www.malasmora.si\/izdelek\/purplish_resin_bottle_opener\/#primaryimage"},"image":{"@id":"https:\/\/www.malasmora.si\/izdelek\/purplish_resin_bottle_opener\/#primaryimage"},"thumbnailUrl":"https:\/\/www.malasmora.si\/wp-content\/uploads\/2024\/08\/bottle_opener_bo102-scaled.jpg","datePublished":"2024-08-11T07:54:55+00:00","dateModified":"2025-11-08T11:34:17+00:00","description":"Purplish resin bottle opener with confetti, Vijoli\u010dni odpira\u010d za steklenice, Otvara\u010d za pivo vino boce","breadcrumb":{"@id":"https:\/\/www.malasmora.si\/izdelek\/purplish_resin_bottle_opener\/#breadcrumb"},"inLanguage":"hr","potentialAction":[{"@type":"ReadAction","target":["https:\/\/www.malasmora.si\/izdelek\/purplish_resin_bottle_opener\/"]}]},{"@type":"ImageObject","inLanguage":"hr","@id":"https:\/\/www.malasmora.si\/izdelek\/purplish_resin_bottle_opener\/#primaryimage","url":"https:\/\/www.malasmora.si\/wp-content\/uploads\/2024\/08\/bottle_opener_bo102-scaled.jpg","contentUrl":"https:\/\/www.malasmora.si\/wp-content\/uploads\/2024\/08\/bottle_opener_bo102-scaled.jpg","width":2560,"height":1920,"caption":"purplish_bottle_opener"},{"@type":"BreadcrumbList","@id":"https:\/\/www.malasmora.si\/izdelek\/purplish_resin_bottle_opener\/#breadcrumb","itemListElement":[{"@type":"ListItem","position":1,"name":"Home","item":"https:\/\/www.malasmora.si\/"},{"@type":"ListItem","position":2,"name":"Shop","item":"https:\/\/www.malasmora.si\/shop\/"},{"@type":"ListItem","position":3,"name":"Vijoli\u010dast odpira\u010d za steklenice, z magnetom"}]},{"@type":"WebSite","@id":"https:\/\/www.malasmora.si\/#website","url":"https:\/\/www.malasmora.si\/","name":"Mala s mora","description":"Ro\u010dno izdelan nakit iz epoksi smole","publisher":{"@id":"https:\/\/www.malasmora.si\/#organization"},"potentialAction":[{"@type":"SearchAction","target":{"@type":"EntryPoint","urlTemplate":"https:\/\/www.malasmora.si\/?s={search_term_string}"},"query-input":{"@type":"PropertyValueSpecification","valueRequired":true,"valueName":"search_term_string"}}],"inLanguage":"hr"},{"@type":"Organization","@id":"https:\/\/www.malasmora.si\/#organization","name":"Mala s mora","url":"https:\/\/www.malasmora.si\/","logo":{"@type":"ImageObject","inLanguage":"hr","@id":"https:\/\/www.malasmora.si\/#\/schema\/logo\/image\/","url":"https:\/\/www.malasmora.si\/wp-content\/uploads\/2025\/07\/logo_novi_03.png","contentUrl":"https:\/\/www.malasmora.si\/wp-content\/uploads\/2025\/07\/logo_novi_03.png","width":1536,"height":1024,"caption":"Mala s mora"},"image":{"@id":"https:\/\/www.malasmora.si\/#\/schema\/logo\/image\/"},"sameAs":["https:\/\/www.facebook.com\/MalaSMoraArt\/"]}]}},"_links":{"self":[{"href":"https:\/\/www.malasmora.si\/hr\/wp-json\/wp\/v2\/product\/2622","targetHints":{"allow":["GET"]}}],"collection":[{"href":"https:\/\/www.malasmora.si\/hr\/wp-json\/wp\/v2\/product"}],"about":[{"href":"https:\/\/www.malasmora.si\/hr\/wp-json\/wp\/v2\/types\/product"}],"replies":[{"embeddable":true,"href":"https:\/\/www.malasmora.si\/hr\/wp-json\/wp\/v2\/comments?post=2622"}],"wp:featuredmedia":[{"embeddable":true,"href":"https:\/\/www.malasmora.si\/hr\/wp-json\/wp\/v2\/media\/2628"}],"wp:attachment":[{"href":"https:\/\/www.malasmora.si\/hr\/wp-json\/wp\/v2\/media?parent=2622"}],"wp:term":[{"taxonomy":"product_brand","embeddable":true,"href":"https:\/\/www.malasmora.si\/hr\/wp-json\/wp\/v2\/product_brand?post=2622"},{"taxonomy":"product_cat","embeddable":true,"href":"https:\/\/www.malasmora.si\/hr\/wp-json\/wp\/v2\/product_cat?post=2622"},{"taxonomy":"product_tag","embeddable":true,"href":"https:\/\/www.malasmora.si\/hr\/wp-json\/wp\/v2\/product_tag?post=2622"}],"curies":[{"name":"wp","href":"https:\/\/api.w.org\/{rel}","templated":true}]}}