{"id":2638,"date":"2024-08-12T20:03:32","date_gmt":"2024-08-12T18:03:32","guid":{"rendered":"https:\/\/www.malasmora.si\/?post_type=product&#038;p=2638"},"modified":"2025-07-17T17:32:48","modified_gmt":"2025-07-17T15:32:48","slug":"resin_bookmark_happy_birthday","status":"publish","type":"product","link":"https:\/\/www.malasmora.si\/hr\/proizvod\/resin_bookmark_happy_birthday\/","title":{"rendered":"Darilo za rojstni dan knji\u017eni zaznamki iz smole"},"content":{"rendered":"<p>Knji\u017eni zaznamek iz smole, izdelan s kakovostno prozorno smolo, pigmenti, zlatimi kosmi\u010di in Happy birthday napisom v ujemajo\u010di se barvi. Zaznamek je skrbno pakiran v lepo darilno \u0161katlo.<\/p>\n<p>Ro\u010dno izdelan zaznamek je popoln knji\u017eni pripomo\u010dek in lepo rojstnodnevno darilo za vse ljubitelje knjig.<\/p>\n<p><img decoding=\"async\" class=\"emoji\" role=\"img\" draggable=\"false\" src=\"https:\/\/s.w.org\/images\/core\/emoji\/15.0.3\/svg\/1f4d0.svg\" alt=\"\ud83d\udcd0\" \/>Dimenzije so 19 x 2,5 cm (7,48&#8243; x 0,98&#8243;)<\/p>\n<p>Zaznamki se odli\u010dno prilegajo med strani ve\u010dine knjig &#8211; niso pretanki in ne predebeli. Dopolnjeni s cofkom v ujemajo\u010di se barvi.<\/p>\n<p>\u2757Skrbno zapakirano v \u0161katlico\u2757<br \/>\n\u2757Pripravljeno za obdarovanje\u2757<\/p>\n<p><img decoding=\"async\" class=\"emoji\" role=\"img\" draggable=\"false\" src=\"https:\/\/s.w.org\/images\/core\/emoji\/15.0.3\/svg\/1f4a0.svg\" alt=\"\ud83d\udca0\" \/>Budu\u0107i da su svi proizvodi ru\u010dno izra\u0111eni, ne postoje dva potpuno ista. Nadalje, zbog ru\u010dne izrade, uvijek postoji mogu\u0107nost manjih nepravilnosti i mjehuri\u0107a.<\/p>\n<p><img decoding=\"async\" class=\"emoji\" role=\"img\" draggable=\"false\" src=\"https:\/\/s.w.org\/images\/core\/emoji\/15.0.3\/svg\/1f4a0.svg\" alt=\"\ud83d\udca0\" \/>Imajte na umu da se boja mo\u017ee neznatno razlikovati na nekim monitorima zbog razli\u010ditih postavki slike.<\/p>\n<p>&nbsp;<\/p>","protected":false},"excerpt":{"rendered":"<p>Knji\u017eni zaznamek iz smole, izdelan s kakovostno prozorno smolo, pigmenti, zlatimi kosmi\u010di in Happy birthday napisom v ujemajo\u010di se barvi. Zaznamek je skrbno pakiran v lepo darilno \u0161katlo. Ro\u010dno izdelan zaznamek je popoln knji\u017eni pripomo\u010dek in lepo rojstnodnevno darilo za vse ljubitelje knjig. Dimenzije so 19 x 2,5 cm (7,48&#8243; x 0,98&#8243;) Zaznamki se odli\u010dno&#8230;<\/p>","protected":false},"featured_media":2642,"comment_status":"open","ping_status":"closed","template":"","meta":{"_kadence_starter_templates_imported_post":false,"_kad_post_transparent":"default","_kad_post_title":"","_kad_post_layout":"default","_kad_post_sidebar_id":"","_kad_post_content_style":"default","_kad_post_vertical_padding":"default","_kad_post_feature":"","_kad_post_feature_position":"","_kad_post_header":false,"_kad_post_footer":false},"product_brand":[],"product_cat":[377],"product_tag":[94,111,108,65,107,109,611,612,614,615,103,106,110,398,144,613,171],"class_list":{"0":"post-2638","1":"product","2":"type-product","3":"status-publish","4":"has-post-thumbnail","6":"product_cat-bookmarks","7":"product_tag-birthday_gift","8":"product_tag-bookmark","9":"product_tag-gift_for_book_lover","10":"product_tag-gift_for_her","11":"product_tag-gift_for_him","12":"product_tag-handmade_bookmark","13":"product_tag-happy_birthday_bookmark","14":"product_tag-happy_birthday_gift","15":"product_tag-orange_bookmark","16":"product_tag-pink_bookmark","17":"product_tag-resin_bookmark","18":"product_tag-shiny_bookmark","19":"product_tag-tassel_bookmark","20":"product_tag-unique_bookmarks","21":"product_tag-valentine_day_gift","22":"product_tag-watermelon_bookmark","23":"product_tag-womens_day_gift","25":"first","26":"instock","27":"taxable","28":"shipping-taxable","29":"purchasable","30":"product-type-variable","31":"entry","32":"content-bg","33":"loop-entry"},"yoast_head":"<!-- This site is optimized with the Yoast SEO plugin v26.6 - https:\/\/yoast.com\/wordpress\/plugins\/seo\/ -->\n<title>Darilo za rojstni dan knji\u017eni zaznamki iz smole - Mala s mora<\/title>\n<meta name=\"description\" content=\"Resin bookmark Happy Birthday, Rojstnodnevni knji\u017eni zaznamki iz smole, Knji\u017ene oznake od smole za ro\u0111endan\" \/>\n<meta name=\"robots\" content=\"index, follow, max-snippet:-1, max-image-preview:large, max-video-preview:-1\" \/>\n<link rel=\"canonical\" href=\"https:\/\/www.malasmora.si\/hr\/proizvod\/resin_bookmark_happy_birthday\/\" \/>\n<meta property=\"og:locale\" content=\"hr_HR\" \/>\n<meta property=\"og:type\" content=\"article\" \/>\n<meta property=\"og:title\" content=\"Darilo za rojstni dan knji\u017eni zaznamki iz smole - Mala s mora\" \/>\n<meta property=\"og:description\" content=\"Resin bookmark Happy Birthday, Rojstnodnevni knji\u017eni zaznamki iz smole, Knji\u017ene oznake od smole za ro\u0111endan\" \/>\n<meta property=\"og:url\" content=\"https:\/\/www.malasmora.si\/hr\/proizvod\/resin_bookmark_happy_birthday\/\" \/>\n<meta property=\"og:site_name\" content=\"Mala s mora\" \/>\n<meta property=\"article:publisher\" content=\"https:\/\/www.facebook.com\/MalaSMoraArt\/\" \/>\n<meta property=\"article:modified_time\" content=\"2025-07-17T15:32:48+00:00\" \/>\n<meta property=\"og:image\" content=\"https:\/\/www.malasmora.si\/wp-content\/uploads\/2024\/08\/bookmark_bm704-scaled.jpg\" \/>\n\t<meta property=\"og:image:width\" content=\"1920\" \/>\n\t<meta property=\"og:image:height\" content=\"2560\" \/>\n\t<meta property=\"og:image:type\" content=\"image\/jpeg\" \/>\n<meta name=\"twitter:card\" content=\"summary_large_image\" \/>\n<meta name=\"twitter:label1\" content=\"Procijenjeno vrijeme \u010ditanja\" \/>\n\t<meta name=\"twitter:data1\" content=\"2 minute\" \/>\n<script type=\"application\/ld+json\" class=\"yoast-schema-graph\">{\"@context\":\"https:\/\/schema.org\",\"@graph\":[{\"@type\":\"WebPage\",\"@id\":\"https:\/\/www.malasmora.si\/izdelek\/resin_bookmark_happy_birthday\/\",\"url\":\"https:\/\/www.malasmora.si\/izdelek\/resin_bookmark_happy_birthday\/\",\"name\":\"Darilo za rojstni dan knji\u017eni zaznamki iz smole - Mala s mora\",\"isPartOf\":{\"@id\":\"https:\/\/www.malasmora.si\/#website\"},\"primaryImageOfPage\":{\"@id\":\"https:\/\/www.malasmora.si\/izdelek\/resin_bookmark_happy_birthday\/#primaryimage\"},\"image\":{\"@id\":\"https:\/\/www.malasmora.si\/izdelek\/resin_bookmark_happy_birthday\/#primaryimage\"},\"thumbnailUrl\":\"https:\/\/www.malasmora.si\/wp-content\/uploads\/2024\/08\/bookmark_bm704-scaled.jpg\",\"datePublished\":\"2024-08-12T18:03:32+00:00\",\"dateModified\":\"2025-07-17T15:32:48+00:00\",\"description\":\"Resin bookmark Happy Birthday, Rojstnodnevni knji\u017eni zaznamki iz smole, Knji\u017ene oznake od smole za ro\u0111endan\",\"breadcrumb\":{\"@id\":\"https:\/\/www.malasmora.si\/izdelek\/resin_bookmark_happy_birthday\/#breadcrumb\"},\"inLanguage\":\"hr\",\"potentialAction\":[{\"@type\":\"ReadAction\",\"target\":[\"https:\/\/www.malasmora.si\/izdelek\/resin_bookmark_happy_birthday\/\"]}]},{\"@type\":\"ImageObject\",\"inLanguage\":\"hr\",\"@id\":\"https:\/\/www.malasmora.si\/izdelek\/resin_bookmark_happy_birthday\/#primaryimage\",\"url\":\"https:\/\/www.malasmora.si\/wp-content\/uploads\/2024\/08\/bookmark_bm704-scaled.jpg\",\"contentUrl\":\"https:\/\/www.malasmora.si\/wp-content\/uploads\/2024\/08\/bookmark_bm704-scaled.jpg\",\"width\":1920,\"height\":2560,\"caption\":\"resin_bookmark_happy_birthday\"},{\"@type\":\"BreadcrumbList\",\"@id\":\"https:\/\/www.malasmora.si\/izdelek\/resin_bookmark_happy_birthday\/#breadcrumb\",\"itemListElement\":[{\"@type\":\"ListItem\",\"position\":1,\"name\":\"Home\",\"item\":\"https:\/\/www.malasmora.si\/\"},{\"@type\":\"ListItem\",\"position\":2,\"name\":\"Shop\",\"item\":\"https:\/\/www.malasmora.si\/shop\/\"},{\"@type\":\"ListItem\",\"position\":3,\"name\":\"Darilo za rojstni dan knji\u017eni zaznamki iz smole\"}]},{\"@type\":\"WebSite\",\"@id\":\"https:\/\/www.malasmora.si\/#website\",\"url\":\"https:\/\/www.malasmora.si\/\",\"name\":\"Mala s mora\",\"description\":\"Ro\u010dno izdelan nakit iz epoksi smole\",\"publisher\":{\"@id\":\"https:\/\/www.malasmora.si\/#organization\"},\"potentialAction\":[{\"@type\":\"SearchAction\",\"target\":{\"@type\":\"EntryPoint\",\"urlTemplate\":\"https:\/\/www.malasmora.si\/?s={search_term_string}\"},\"query-input\":{\"@type\":\"PropertyValueSpecification\",\"valueRequired\":true,\"valueName\":\"search_term_string\"}}],\"inLanguage\":\"hr\"},{\"@type\":\"Organization\",\"@id\":\"https:\/\/www.malasmora.si\/#organization\",\"name\":\"Mala s mora\",\"url\":\"https:\/\/www.malasmora.si\/\",\"logo\":{\"@type\":\"ImageObject\",\"inLanguage\":\"hr\",\"@id\":\"https:\/\/www.malasmora.si\/#\/schema\/logo\/image\/\",\"url\":\"https:\/\/www.malasmora.si\/wp-content\/uploads\/2025\/07\/logo_novi_03.png\",\"contentUrl\":\"https:\/\/www.malasmora.si\/wp-content\/uploads\/2025\/07\/logo_novi_03.png\",\"width\":1536,\"height\":1024,\"caption\":\"Mala s mora\"},\"image\":{\"@id\":\"https:\/\/www.malasmora.si\/#\/schema\/logo\/image\/\"},\"sameAs\":[\"https:\/\/www.facebook.com\/MalaSMoraArt\/\"]}]}<\/script>\n<!-- \/ Yoast SEO plugin. -->","yoast_head_json":{"title":"Darilo za rojstni dan knji\u017eni zaznamki iz smole - Mala s mora","description":"Resin bookmark Happy Birthday, Rojstnodnevni knji\u017eni zaznamki iz smole, Knji\u017ene oznake od smole za ro\u0111endan","robots":{"index":"index","follow":"follow","max-snippet":"max-snippet:-1","max-image-preview":"max-image-preview:large","max-video-preview":"max-video-preview:-1"},"canonical":"https:\/\/www.malasmora.si\/hr\/proizvod\/resin_bookmark_happy_birthday\/","og_locale":"hr_HR","og_type":"article","og_title":"Darilo za rojstni dan knji\u017eni zaznamki iz smole - Mala s mora","og_description":"Resin bookmark Happy Birthday, Rojstnodnevni knji\u017eni zaznamki iz smole, Knji\u017ene oznake od smole za ro\u0111endan","og_url":"https:\/\/www.malasmora.si\/hr\/proizvod\/resin_bookmark_happy_birthday\/","og_site_name":"Mala s mora","article_publisher":"https:\/\/www.facebook.com\/MalaSMoraArt\/","article_modified_time":"2025-07-17T15:32:48+00:00","og_image":[{"width":1920,"height":2560,"url":"https:\/\/www.malasmora.si\/wp-content\/uploads\/2024\/08\/bookmark_bm704-scaled.jpg","type":"image\/jpeg"}],"twitter_card":"summary_large_image","twitter_misc":{"Procijenjeno vrijeme \u010ditanja":"2 minute"},"schema":{"@context":"https:\/\/schema.org","@graph":[{"@type":"WebPage","@id":"https:\/\/www.malasmora.si\/izdelek\/resin_bookmark_happy_birthday\/","url":"https:\/\/www.malasmora.si\/izdelek\/resin_bookmark_happy_birthday\/","name":"Darilo za rojstni dan knji\u017eni zaznamki iz smole - Mala s mora","isPartOf":{"@id":"https:\/\/www.malasmora.si\/#website"},"primaryImageOfPage":{"@id":"https:\/\/www.malasmora.si\/izdelek\/resin_bookmark_happy_birthday\/#primaryimage"},"image":{"@id":"https:\/\/www.malasmora.si\/izdelek\/resin_bookmark_happy_birthday\/#primaryimage"},"thumbnailUrl":"https:\/\/www.malasmora.si\/wp-content\/uploads\/2024\/08\/bookmark_bm704-scaled.jpg","datePublished":"2024-08-12T18:03:32+00:00","dateModified":"2025-07-17T15:32:48+00:00","description":"Resin bookmark Happy Birthday, Rojstnodnevni knji\u017eni zaznamki iz smole, Knji\u017ene oznake od smole za ro\u0111endan","breadcrumb":{"@id":"https:\/\/www.malasmora.si\/izdelek\/resin_bookmark_happy_birthday\/#breadcrumb"},"inLanguage":"hr","potentialAction":[{"@type":"ReadAction","target":["https:\/\/www.malasmora.si\/izdelek\/resin_bookmark_happy_birthday\/"]}]},{"@type":"ImageObject","inLanguage":"hr","@id":"https:\/\/www.malasmora.si\/izdelek\/resin_bookmark_happy_birthday\/#primaryimage","url":"https:\/\/www.malasmora.si\/wp-content\/uploads\/2024\/08\/bookmark_bm704-scaled.jpg","contentUrl":"https:\/\/www.malasmora.si\/wp-content\/uploads\/2024\/08\/bookmark_bm704-scaled.jpg","width":1920,"height":2560,"caption":"resin_bookmark_happy_birthday"},{"@type":"BreadcrumbList","@id":"https:\/\/www.malasmora.si\/izdelek\/resin_bookmark_happy_birthday\/#breadcrumb","itemListElement":[{"@type":"ListItem","position":1,"name":"Home","item":"https:\/\/www.malasmora.si\/"},{"@type":"ListItem","position":2,"name":"Shop","item":"https:\/\/www.malasmora.si\/shop\/"},{"@type":"ListItem","position":3,"name":"Darilo za rojstni dan knji\u017eni zaznamki iz smole"}]},{"@type":"WebSite","@id":"https:\/\/www.malasmora.si\/#website","url":"https:\/\/www.malasmora.si\/","name":"Mala s mora","description":"Ro\u010dno izdelan nakit iz epoksi smole","publisher":{"@id":"https:\/\/www.malasmora.si\/#organization"},"potentialAction":[{"@type":"SearchAction","target":{"@type":"EntryPoint","urlTemplate":"https:\/\/www.malasmora.si\/?s={search_term_string}"},"query-input":{"@type":"PropertyValueSpecification","valueRequired":true,"valueName":"search_term_string"}}],"inLanguage":"hr"},{"@type":"Organization","@id":"https:\/\/www.malasmora.si\/#organization","name":"Mala s mora","url":"https:\/\/www.malasmora.si\/","logo":{"@type":"ImageObject","inLanguage":"hr","@id":"https:\/\/www.malasmora.si\/#\/schema\/logo\/image\/","url":"https:\/\/www.malasmora.si\/wp-content\/uploads\/2025\/07\/logo_novi_03.png","contentUrl":"https:\/\/www.malasmora.si\/wp-content\/uploads\/2025\/07\/logo_novi_03.png","width":1536,"height":1024,"caption":"Mala s mora"},"image":{"@id":"https:\/\/www.malasmora.si\/#\/schema\/logo\/image\/"},"sameAs":["https:\/\/www.facebook.com\/MalaSMoraArt\/"]}]}},"_links":{"self":[{"href":"https:\/\/www.malasmora.si\/hr\/wp-json\/wp\/v2\/product\/2638","targetHints":{"allow":["GET"]}}],"collection":[{"href":"https:\/\/www.malasmora.si\/hr\/wp-json\/wp\/v2\/product"}],"about":[{"href":"https:\/\/www.malasmora.si\/hr\/wp-json\/wp\/v2\/types\/product"}],"replies":[{"embeddable":true,"href":"https:\/\/www.malasmora.si\/hr\/wp-json\/wp\/v2\/comments?post=2638"}],"wp:featuredmedia":[{"embeddable":true,"href":"https:\/\/www.malasmora.si\/hr\/wp-json\/wp\/v2\/media\/2642"}],"wp:attachment":[{"href":"https:\/\/www.malasmora.si\/hr\/wp-json\/wp\/v2\/media?parent=2638"}],"wp:term":[{"taxonomy":"product_brand","embeddable":true,"href":"https:\/\/www.malasmora.si\/hr\/wp-json\/wp\/v2\/product_brand?post=2638"},{"taxonomy":"product_cat","embeddable":true,"href":"https:\/\/www.malasmora.si\/hr\/wp-json\/wp\/v2\/product_cat?post=2638"},{"taxonomy":"product_tag","embeddable":true,"href":"https:\/\/www.malasmora.si\/hr\/wp-json\/wp\/v2\/product_tag?post=2638"}],"curies":[{"name":"wp","href":"https:\/\/api.w.org\/{rel}","templated":true}]}}