{"id":2658,"date":"2024-08-20T20:19:54","date_gmt":"2024-08-20T18:19:54","guid":{"rendered":"https:\/\/www.malasmora.si\/?post_type=product&#038;p=2658"},"modified":"2025-02-17T16:02:06","modified_gmt":"2025-02-17T14:02:06","slug":"resin_double_shell_amethyst_dish","status":"publish","type":"product","link":"https:\/\/www.malasmora.si\/hr\/proizvod\/resin_double_shell_amethyst_dish\/","title":{"rendered":"Dvojni podstavek za milo v obliki \u0161koljk, s ametisti"},"content":{"rendered":"<p>Ta posoda v obliki dvojne \u0161koljke s ko\u0161\u010dki naravnega ametista je odli\u010dno darilo za va\u0161o ljubljeno osebo.<\/p>\n<p>Je 100 % ro\u010dno izdelana iz visokokakovostne epoksidne smole, naravnih pigmentov, zlatih kosmi\u010dev in drobcev naravnega ametista. Zasnovana je kot eleganten podstavek za milo za va\u0161o kopalnico, lahko pa jo uporabite tudi kot dr\u017ealo za nakit ali za shranjevanje \u010desar koli \u017eelite. Mo\u017enosti so neskon\u010dne!<\/p>\n<p>\ud83d\udcd0 Dimenzije:<br \/>\n10 x 14,8 cm \/\/ 3,94 x 5,83 in<\/p>\n<p><img decoding=\"async\" class=\"emoji\" role=\"img\" draggable=\"false\" src=\"https:\/\/s.w.org\/images\/core\/emoji\/15.0.3\/svg\/2757.svg\" alt=\"\u2757\" \/>NAVODILA ZA NEGO<img decoding=\"async\" class=\"emoji\" role=\"img\" draggable=\"false\" src=\"https:\/\/s.w.org\/images\/core\/emoji\/15.0.3\/svg\/2757.svg\" alt=\"\u2757\" \/><\/p>\n<p>&#8211; Ro\u010dno pranje z vla\u017eno krpo<br \/>\n&#8211; Ne postavljajte v pomivalni stroj<br \/>\n&#8211; Hraniti stran od vro\u010dine dlje \u010dasa<\/p>\n<p><span class=\"HwtZe\" lang=\"sl\"><span class=\"jCAhz JxVs2d ChMk0b\"><span class=\"ryNqvb\">\u2726 Vse kaj je v moji trgovini izdelujem ro\u010dno, torej ne obstajajo dva popolnoma enaka izdelka.<\/span><\/span> <span class=\"jCAhz JxVs2d ChMk0b\"><span class=\"ryNqvb\">Poleg tega zaradi ro\u010dne izdelave vedno obstaja mo\u017enost majhnih nepravilnosti in mehur\u010dkov. <\/span><\/span><\/span><\/p>\n<p>\u2726 Upo\u0161tevajte, da se lahko na nekaterih monitorjih zaradi razli\u010dnih nastavitev slike barva nekoliko razlikuje.<\/p>","protected":false},"excerpt":{"rendered":"<p>Ta posoda v obliki dvojne \u0161koljke s ko\u0161\u010dki naravnega ametista je odli\u010dno darilo za va\u0161o ljubljeno osebo. Je 100 % ro\u010dno izdelana iz visokokakovostne epoksidne smole, naravnih pigmentov, zlatih kosmi\u010dev in drobcev naravnega ametista. Zasnovana je kot eleganten podstavek za milo za va\u0161o kopalnico, lahko pa jo uporabite tudi kot dr\u017ealo za nakit ali za&#8230;<\/p>","protected":false},"featured_media":2659,"comment_status":"open","ping_status":"closed","template":"","meta":{"_kadence_starter_templates_imported_post":false,"_kad_post_transparent":"default","_kad_post_title":"","_kad_post_layout":"default","_kad_post_sidebar_id":"","_kad_post_content_style":"default","_kad_post_vertical_padding":"default","_kad_post_feature":"","_kad_post_feature_position":"","_kad_post_header":false,"_kad_post_footer":false},"product_brand":[],"product_cat":[378],"product_tag":[625,579,622,616,404,65,66,138,578,626,627,618,621,401,141,617,136],"class_list":{"0":"post-2658","1":"product","2":"type-product","3":"status-publish","4":"has-post-thumbnail","6":"product_cat-trinket_trays","7":"product_tag-amethyst_resin_dish","8":"product_tag-artisan_tray","9":"product_tag-bathroom_resin_decor","10":"product_tag-double_shell_dish","11":"product_tag-epoxy_art","12":"product_tag-gift_for_her","13":"product_tag-gift_for_mum","14":"product_tag-jewelry_trinket_tray","15":"product_tag-oval_tray","16":"product_tag-purple_soap_dish","17":"product_tag-purple_tray","18":"product_tag-resin_sea_shell","19":"product_tag-resin_soap_dish","20":"product_tag-resin_trinket_dish","21":"product_tag-resin_trinket_tray","22":"product_tag-sea_shell_resin","23":"product_tag-trinket_tray","25":"first","26":"instock","27":"sold-individually","28":"taxable","29":"shipping-taxable","30":"purchasable","31":"product-type-simple","32":"entry","33":"content-bg","34":"loop-entry"},"yoast_head":"<!-- This site is optimized with the Yoast SEO plugin v26.6 - https:\/\/yoast.com\/wordpress\/plugins\/seo\/ -->\n<title>Dvojni podstavek za milo v obliki \u0161koljk, s ametisti - Mala s mora<\/title>\n<meta name=\"description\" content=\"Resin double shell amethyst dish, Pladenj za drobnarije s ametistom, Pladanj za sitnice i nakits ametistom\" \/>\n<meta name=\"robots\" content=\"index, follow, max-snippet:-1, max-image-preview:large, max-video-preview:-1\" \/>\n<link rel=\"canonical\" href=\"https:\/\/www.malasmora.si\/hr\/proizvod\/resin_double_shell_amethyst_dish\/\" \/>\n<meta property=\"og:locale\" content=\"hr_HR\" \/>\n<meta property=\"og:type\" content=\"article\" \/>\n<meta property=\"og:title\" content=\"Dvojni podstavek za milo v obliki \u0161koljk, s ametisti - Mala s mora\" \/>\n<meta property=\"og:description\" content=\"Resin double shell amethyst dish, Pladenj za drobnarije s ametistom, Pladanj za sitnice i nakits ametistom\" \/>\n<meta property=\"og:url\" content=\"https:\/\/www.malasmora.si\/hr\/proizvod\/resin_double_shell_amethyst_dish\/\" \/>\n<meta property=\"og:site_name\" content=\"Mala s mora\" \/>\n<meta property=\"article:publisher\" content=\"https:\/\/www.facebook.com\/MalaSMoraArt\/\" \/>\n<meta property=\"article:modified_time\" content=\"2025-02-17T14:02:06+00:00\" \/>\n<meta property=\"og:image\" content=\"https:\/\/www.malasmora.si\/wp-content\/uploads\/2024\/08\/resin_double_shell_amethyst_dish_TD112_4-scaled.jpg\" \/>\n\t<meta property=\"og:image:width\" content=\"2560\" \/>\n\t<meta property=\"og:image:height\" content=\"2225\" \/>\n\t<meta property=\"og:image:type\" content=\"image\/jpeg\" \/>\n<meta name=\"twitter:card\" content=\"summary_large_image\" \/>\n<meta name=\"twitter:label1\" content=\"Procijenjeno vrijeme \u010ditanja\" \/>\n\t<meta name=\"twitter:data1\" content=\"2 minute\" \/>\n<script type=\"application\/ld+json\" class=\"yoast-schema-graph\">{\"@context\":\"https:\/\/schema.org\",\"@graph\":[{\"@type\":\"WebPage\",\"@id\":\"https:\/\/www.malasmora.si\/izdelek\/resin_double_shell_amethyst_dish\/\",\"url\":\"https:\/\/www.malasmora.si\/izdelek\/resin_double_shell_amethyst_dish\/\",\"name\":\"Dvojni podstavek za milo v obliki \u0161koljk, s ametisti - Mala s mora\",\"isPartOf\":{\"@id\":\"https:\/\/www.malasmora.si\/#website\"},\"primaryImageOfPage\":{\"@id\":\"https:\/\/www.malasmora.si\/izdelek\/resin_double_shell_amethyst_dish\/#primaryimage\"},\"image\":{\"@id\":\"https:\/\/www.malasmora.si\/izdelek\/resin_double_shell_amethyst_dish\/#primaryimage\"},\"thumbnailUrl\":\"https:\/\/www.malasmora.si\/wp-content\/uploads\/2024\/08\/resin_double_shell_amethyst_dish_TD112_4-scaled.jpg\",\"datePublished\":\"2024-08-20T18:19:54+00:00\",\"dateModified\":\"2025-02-17T14:02:06+00:00\",\"description\":\"Resin double shell amethyst dish, Pladenj za drobnarije s ametistom, Pladanj za sitnice i nakits ametistom\",\"breadcrumb\":{\"@id\":\"https:\/\/www.malasmora.si\/izdelek\/resin_double_shell_amethyst_dish\/#breadcrumb\"},\"inLanguage\":\"hr\",\"potentialAction\":[{\"@type\":\"ReadAction\",\"target\":[\"https:\/\/www.malasmora.si\/izdelek\/resin_double_shell_amethyst_dish\/\"]}]},{\"@type\":\"ImageObject\",\"inLanguage\":\"hr\",\"@id\":\"https:\/\/www.malasmora.si\/izdelek\/resin_double_shell_amethyst_dish\/#primaryimage\",\"url\":\"https:\/\/www.malasmora.si\/wp-content\/uploads\/2024\/08\/resin_double_shell_amethyst_dish_TD112_4-scaled.jpg\",\"contentUrl\":\"https:\/\/www.malasmora.si\/wp-content\/uploads\/2024\/08\/resin_double_shell_amethyst_dish_TD112_4-scaled.jpg\",\"width\":2560,\"height\":2225,\"caption\":\"resin_double_shell_amethyst_dish_TD112\"},{\"@type\":\"BreadcrumbList\",\"@id\":\"https:\/\/www.malasmora.si\/izdelek\/resin_double_shell_amethyst_dish\/#breadcrumb\",\"itemListElement\":[{\"@type\":\"ListItem\",\"position\":1,\"name\":\"Home\",\"item\":\"https:\/\/www.malasmora.si\/\"},{\"@type\":\"ListItem\",\"position\":2,\"name\":\"Shop\",\"item\":\"https:\/\/www.malasmora.si\/shop\/\"},{\"@type\":\"ListItem\",\"position\":3,\"name\":\"Dvojni podstavek za milo v obliki \u0161koljk, s ametisti\"}]},{\"@type\":\"WebSite\",\"@id\":\"https:\/\/www.malasmora.si\/#website\",\"url\":\"https:\/\/www.malasmora.si\/\",\"name\":\"Mala s mora\",\"description\":\"Ro\u010dno izdelan nakit iz epoksi smole\",\"publisher\":{\"@id\":\"https:\/\/www.malasmora.si\/#organization\"},\"potentialAction\":[{\"@type\":\"SearchAction\",\"target\":{\"@type\":\"EntryPoint\",\"urlTemplate\":\"https:\/\/www.malasmora.si\/?s={search_term_string}\"},\"query-input\":{\"@type\":\"PropertyValueSpecification\",\"valueRequired\":true,\"valueName\":\"search_term_string\"}}],\"inLanguage\":\"hr\"},{\"@type\":\"Organization\",\"@id\":\"https:\/\/www.malasmora.si\/#organization\",\"name\":\"Mala s mora\",\"url\":\"https:\/\/www.malasmora.si\/\",\"logo\":{\"@type\":\"ImageObject\",\"inLanguage\":\"hr\",\"@id\":\"https:\/\/www.malasmora.si\/#\/schema\/logo\/image\/\",\"url\":\"https:\/\/www.malasmora.si\/wp-content\/uploads\/2025\/07\/logo_novi_03.png\",\"contentUrl\":\"https:\/\/www.malasmora.si\/wp-content\/uploads\/2025\/07\/logo_novi_03.png\",\"width\":1536,\"height\":1024,\"caption\":\"Mala s mora\"},\"image\":{\"@id\":\"https:\/\/www.malasmora.si\/#\/schema\/logo\/image\/\"},\"sameAs\":[\"https:\/\/www.facebook.com\/MalaSMoraArt\/\"]}]}<\/script>\n<!-- \/ Yoast SEO plugin. -->","yoast_head_json":{"title":"Dvojni podstavek za milo v obliki \u0161koljk, s ametisti - Mala s mora","description":"Resin double shell amethyst dish, Pladenj za drobnarije s ametistom, Pladanj za sitnice i nakits ametistom","robots":{"index":"index","follow":"follow","max-snippet":"max-snippet:-1","max-image-preview":"max-image-preview:large","max-video-preview":"max-video-preview:-1"},"canonical":"https:\/\/www.malasmora.si\/hr\/proizvod\/resin_double_shell_amethyst_dish\/","og_locale":"hr_HR","og_type":"article","og_title":"Dvojni podstavek za milo v obliki \u0161koljk, s ametisti - Mala s mora","og_description":"Resin double shell amethyst dish, Pladenj za drobnarije s ametistom, Pladanj za sitnice i nakits ametistom","og_url":"https:\/\/www.malasmora.si\/hr\/proizvod\/resin_double_shell_amethyst_dish\/","og_site_name":"Mala s mora","article_publisher":"https:\/\/www.facebook.com\/MalaSMoraArt\/","article_modified_time":"2025-02-17T14:02:06+00:00","og_image":[{"width":2560,"height":2225,"url":"https:\/\/www.malasmora.si\/wp-content\/uploads\/2024\/08\/resin_double_shell_amethyst_dish_TD112_4-scaled.jpg","type":"image\/jpeg"}],"twitter_card":"summary_large_image","twitter_misc":{"Procijenjeno vrijeme \u010ditanja":"2 minute"},"schema":{"@context":"https:\/\/schema.org","@graph":[{"@type":"WebPage","@id":"https:\/\/www.malasmora.si\/izdelek\/resin_double_shell_amethyst_dish\/","url":"https:\/\/www.malasmora.si\/izdelek\/resin_double_shell_amethyst_dish\/","name":"Dvojni podstavek za milo v obliki \u0161koljk, s ametisti - Mala s mora","isPartOf":{"@id":"https:\/\/www.malasmora.si\/#website"},"primaryImageOfPage":{"@id":"https:\/\/www.malasmora.si\/izdelek\/resin_double_shell_amethyst_dish\/#primaryimage"},"image":{"@id":"https:\/\/www.malasmora.si\/izdelek\/resin_double_shell_amethyst_dish\/#primaryimage"},"thumbnailUrl":"https:\/\/www.malasmora.si\/wp-content\/uploads\/2024\/08\/resin_double_shell_amethyst_dish_TD112_4-scaled.jpg","datePublished":"2024-08-20T18:19:54+00:00","dateModified":"2025-02-17T14:02:06+00:00","description":"Resin double shell amethyst dish, Pladenj za drobnarije s ametistom, Pladanj za sitnice i nakits ametistom","breadcrumb":{"@id":"https:\/\/www.malasmora.si\/izdelek\/resin_double_shell_amethyst_dish\/#breadcrumb"},"inLanguage":"hr","potentialAction":[{"@type":"ReadAction","target":["https:\/\/www.malasmora.si\/izdelek\/resin_double_shell_amethyst_dish\/"]}]},{"@type":"ImageObject","inLanguage":"hr","@id":"https:\/\/www.malasmora.si\/izdelek\/resin_double_shell_amethyst_dish\/#primaryimage","url":"https:\/\/www.malasmora.si\/wp-content\/uploads\/2024\/08\/resin_double_shell_amethyst_dish_TD112_4-scaled.jpg","contentUrl":"https:\/\/www.malasmora.si\/wp-content\/uploads\/2024\/08\/resin_double_shell_amethyst_dish_TD112_4-scaled.jpg","width":2560,"height":2225,"caption":"resin_double_shell_amethyst_dish_TD112"},{"@type":"BreadcrumbList","@id":"https:\/\/www.malasmora.si\/izdelek\/resin_double_shell_amethyst_dish\/#breadcrumb","itemListElement":[{"@type":"ListItem","position":1,"name":"Home","item":"https:\/\/www.malasmora.si\/"},{"@type":"ListItem","position":2,"name":"Shop","item":"https:\/\/www.malasmora.si\/shop\/"},{"@type":"ListItem","position":3,"name":"Dvojni podstavek za milo v obliki \u0161koljk, s ametisti"}]},{"@type":"WebSite","@id":"https:\/\/www.malasmora.si\/#website","url":"https:\/\/www.malasmora.si\/","name":"Mala s mora","description":"Ro\u010dno izdelan nakit iz epoksi smole","publisher":{"@id":"https:\/\/www.malasmora.si\/#organization"},"potentialAction":[{"@type":"SearchAction","target":{"@type":"EntryPoint","urlTemplate":"https:\/\/www.malasmora.si\/?s={search_term_string}"},"query-input":{"@type":"PropertyValueSpecification","valueRequired":true,"valueName":"search_term_string"}}],"inLanguage":"hr"},{"@type":"Organization","@id":"https:\/\/www.malasmora.si\/#organization","name":"Mala s mora","url":"https:\/\/www.malasmora.si\/","logo":{"@type":"ImageObject","inLanguage":"hr","@id":"https:\/\/www.malasmora.si\/#\/schema\/logo\/image\/","url":"https:\/\/www.malasmora.si\/wp-content\/uploads\/2025\/07\/logo_novi_03.png","contentUrl":"https:\/\/www.malasmora.si\/wp-content\/uploads\/2025\/07\/logo_novi_03.png","width":1536,"height":1024,"caption":"Mala s mora"},"image":{"@id":"https:\/\/www.malasmora.si\/#\/schema\/logo\/image\/"},"sameAs":["https:\/\/www.facebook.com\/MalaSMoraArt\/"]}]}},"_links":{"self":[{"href":"https:\/\/www.malasmora.si\/hr\/wp-json\/wp\/v2\/product\/2658","targetHints":{"allow":["GET"]}}],"collection":[{"href":"https:\/\/www.malasmora.si\/hr\/wp-json\/wp\/v2\/product"}],"about":[{"href":"https:\/\/www.malasmora.si\/hr\/wp-json\/wp\/v2\/types\/product"}],"replies":[{"embeddable":true,"href":"https:\/\/www.malasmora.si\/hr\/wp-json\/wp\/v2\/comments?post=2658"}],"wp:featuredmedia":[{"embeddable":true,"href":"https:\/\/www.malasmora.si\/hr\/wp-json\/wp\/v2\/media\/2659"}],"wp:attachment":[{"href":"https:\/\/www.malasmora.si\/hr\/wp-json\/wp\/v2\/media?parent=2658"}],"wp:term":[{"taxonomy":"product_brand","embeddable":true,"href":"https:\/\/www.malasmora.si\/hr\/wp-json\/wp\/v2\/product_brand?post=2658"},{"taxonomy":"product_cat","embeddable":true,"href":"https:\/\/www.malasmora.si\/hr\/wp-json\/wp\/v2\/product_cat?post=2658"},{"taxonomy":"product_tag","embeddable":true,"href":"https:\/\/www.malasmora.si\/hr\/wp-json\/wp\/v2\/product_tag?post=2658"}],"curies":[{"name":"wp","href":"https:\/\/api.w.org\/{rel}","templated":true}]}}