{"id":2875,"date":"2024-09-27T21:21:03","date_gmt":"2024-09-27T19:21:03","guid":{"rendered":"https:\/\/www.malasmora.si\/?post_type=product&#038;p=2875"},"modified":"2025-01-19T17:30:25","modified_gmt":"2025-01-19T15:30:25","slug":"chameleon_color_shifting_resin_earrings","status":"publish","type":"product","link":"https:\/\/www.malasmora.si\/hr\/proizvod\/chameleon_color_shifting_resin_earrings\/","title":{"rendered":"\u010crtasti svetlikajo\u010di uhani"},"content":{"rendered":"<p>Mavri\u010dni in sijo\u010di, prikupni uhani iz epoksi smole. Vsak par je ro\u010dno pobarvan s kameleonskim prahom, ki sveti v razli\u010dnih barvah, odvisno od kota gledanja.<\/p>\n<p>So odli\u010dna poslastica zase ali darilo za drago osebo.<\/p>\n<p>\ud83c\udf08Uhani so lahki in enostavni za no\u0161enje ves dan. Za ob\u010dutljiva u\u0161esa uporabljam hipoalergene kavelj\u010dke iz nerjave\u010dega jekla\ud83c\udf08<\/p>\n<p>\ud83d\udcd0Pribli\u017ena dol\u017eina uhanov:<br \/>\nOkrogla oblika&#8230;.. 5,8 cm (2,23&#8243;)<br \/>\nOvalna oblika&#8230;.. 6 cm (2,36&#8243;)<br \/>\nTrikotna oblika&#8230;.. 5,5 cm (2,17&#8243;)<br \/>\nOblika romba&#8230;.. 6,5 cm (2,56&#8243;)<\/p>\n<p><img decoding=\"async\" class=\"emoji\" role=\"img\" draggable=\"false\" src=\"https:\/\/s.w.org\/images\/core\/emoji\/15.0.3\/svg\/1f496.svg\" alt=\"\ud83d\udc96\" \/> NJEGA ZA RU\u010cNO IZRA\u0110ENI NAKIT <img decoding=\"async\" class=\"emoji\" role=\"img\" draggable=\"false\" src=\"https:\/\/s.w.org\/images\/core\/emoji\/15.0.3\/svg\/1f496.svg\" alt=\"\ud83d\udc96\" \/><br \/>\nProsimo, hranite na suhem mestu in se izogibajte dolgotrajni neposredni son\u010dni svetlobi, vodi, kemikalijam in parfumom, da ohranite lepoto nakita.<\/p>\n<p>\ud83d\udd36 Vsi moji izdelki so ro\u010dno izdelani, torej ne obstajajo dva enaka izdelka. Poleg tega zaradi ro\u010dne izdelave vedno obstaja mo\u017enost majhnih nepravilnosti in mehur\u010dkov.<\/p>\n<p>\ud83d\udd36Upo\u0161tevajte, da se lahko na nekaterih ra\u010dunalni\u0161kih monitorjih zaradi razli\u010dnih nastavitev slike barva nekoliko razlikuje.<\/p>\n<p>&nbsp;<\/p>","protected":false},"excerpt":{"rendered":"<p>Mavri\u010dni in sijo\u010di, prikupni uhani iz epoksi smole. Vsak par je ro\u010dno pobarvan s kameleonskim prahom, ki sveti v razli\u010dnih barvah, odvisno od kota gledanja. So odli\u010dna poslastica zase ali darilo za drago osebo. \ud83c\udf08Uhani so lahki in enostavni za no\u0161enje ves dan. Za ob\u010dutljiva u\u0161esa uporabljam hipoalergene kavelj\u010dke iz nerjave\u010dega jekla\ud83c\udf08 \ud83d\udcd0Pribli\u017ena dol\u017eina uhanov:&#8230;<\/p>","protected":false},"featured_media":2876,"comment_status":"open","ping_status":"closed","template":"","meta":{"_kadence_starter_templates_imported_post":false,"_kad_post_transparent":"default","_kad_post_title":"","_kad_post_layout":"default","_kad_post_sidebar_id":"","_kad_post_content_style":"default","_kad_post_vertical_padding":"default","_kad_post_feature":"","_kad_post_feature_position":"","_kad_post_header":false,"_kad_post_footer":false},"product_brand":[],"product_cat":[19],"product_tag":[674,670,673,73,72,65,74,67,677,671,672,675,75,676,853,854,69],"class_list":{"0":"post-2875","1":"product","2":"type-product","3":"status-publish","4":"has-post-thumbnail","6":"product_cat-earrings","7":"product_tag-chameleon_earrings","8":"product_tag-chameleon_pigment_earrings","9":"product_tag-color_shift_earrings","10":"product_tag-dangle_earrings","11":"product_tag-drop_earrings","12":"product_tag-gift_for_her","13":"product_tag-handmade_earrings","14":"product_tag-handmade_jewelry","15":"product_tag-handmade_resin_earrings","16":"product_tag-iridescent_earrings","17":"product_tag-luminous_earrings","18":"product_tag-multicolor_earrings","19":"product_tag-resin_earrings","20":"product_tag-sparkly_earrings","21":"product_tag-striped_resin_earrings","22":"product_tag-striped_shimmering_earrings","23":"product_tag-unique_jewelry","25":"first","26":"instock","27":"sale","28":"sold-individually","29":"taxable","30":"shipping-taxable","31":"purchasable","32":"product-type-variable","33":"entry","34":"content-bg","35":"loop-entry"},"yoast_head":"<!-- This site is optimized with the Yoast SEO plugin v26.6 - https:\/\/yoast.com\/wordpress\/plugins\/seo\/ -->\n<title>\u010crtasti svetlikajo\u010di uhani - Mala s mora<\/title>\n<meta name=\"description\" content=\"Color shifting chameleon resin earrings, Uhani iz kameleonskega pigmenta ki spreminjajo barvo, Nau\u0161nice od kameleonskog pigmenta koje mijenjaju boju\" \/>\n<meta name=\"robots\" content=\"index, follow, max-snippet:-1, max-image-preview:large, max-video-preview:-1\" \/>\n<link rel=\"canonical\" href=\"https:\/\/www.malasmora.si\/hr\/proizvod\/chameleon_color_shifting_resin_earrings\/\" \/>\n<meta property=\"og:locale\" content=\"hr_HR\" \/>\n<meta property=\"og:type\" content=\"article\" \/>\n<meta property=\"og:title\" content=\"\u010crtasti svetlikajo\u010di uhani - Mala s mora\" \/>\n<meta property=\"og:description\" content=\"Color shifting chameleon resin earrings, Uhani iz kameleonskega pigmenta ki spreminjajo barvo, Nau\u0161nice od kameleonskog pigmenta koje mijenjaju boju\" \/>\n<meta property=\"og:url\" content=\"https:\/\/www.malasmora.si\/hr\/proizvod\/chameleon_color_shifting_resin_earrings\/\" \/>\n<meta property=\"og:site_name\" content=\"Mala s mora\" \/>\n<meta property=\"article:publisher\" content=\"https:\/\/www.facebook.com\/MalaSMoraArt\/\" \/>\n<meta property=\"article:modified_time\" content=\"2025-01-19T15:30:25+00:00\" \/>\n<meta property=\"og:image\" content=\"https:\/\/www.malasmora.si\/wp-content\/uploads\/2024\/09\/chameleon_color_shifting_resin_earrings-scaled.jpg\" \/>\n\t<meta property=\"og:image:width\" content=\"1920\" \/>\n\t<meta property=\"og:image:height\" content=\"2560\" \/>\n\t<meta property=\"og:image:type\" content=\"image\/jpeg\" \/>\n<meta name=\"twitter:card\" content=\"summary_large_image\" \/>\n<meta name=\"twitter:label1\" content=\"Procijenjeno vrijeme \u010ditanja\" \/>\n\t<meta name=\"twitter:data1\" content=\"2 minute\" \/>\n<script type=\"application\/ld+json\" class=\"yoast-schema-graph\">{\"@context\":\"https:\/\/schema.org\",\"@graph\":[{\"@type\":\"WebPage\",\"@id\":\"https:\/\/www.malasmora.si\/izdelek\/chameleon_color_shifting_resin_earrings\/\",\"url\":\"https:\/\/www.malasmora.si\/izdelek\/chameleon_color_shifting_resin_earrings\/\",\"name\":\"\u010crtasti svetlikajo\u010di uhani - Mala s mora\",\"isPartOf\":{\"@id\":\"https:\/\/www.malasmora.si\/#website\"},\"primaryImageOfPage\":{\"@id\":\"https:\/\/www.malasmora.si\/izdelek\/chameleon_color_shifting_resin_earrings\/#primaryimage\"},\"image\":{\"@id\":\"https:\/\/www.malasmora.si\/izdelek\/chameleon_color_shifting_resin_earrings\/#primaryimage\"},\"thumbnailUrl\":\"https:\/\/www.malasmora.si\/wp-content\/uploads\/2024\/09\/chameleon_color_shifting_resin_earrings-scaled.jpg\",\"datePublished\":\"2024-09-27T19:21:03+00:00\",\"dateModified\":\"2025-01-19T15:30:25+00:00\",\"description\":\"Color shifting chameleon resin earrings, Uhani iz kameleonskega pigmenta ki spreminjajo barvo, Nau\u0161nice od kameleonskog pigmenta koje mijenjaju boju\",\"breadcrumb\":{\"@id\":\"https:\/\/www.malasmora.si\/izdelek\/chameleon_color_shifting_resin_earrings\/#breadcrumb\"},\"inLanguage\":\"hr\",\"potentialAction\":[{\"@type\":\"ReadAction\",\"target\":[\"https:\/\/www.malasmora.si\/izdelek\/chameleon_color_shifting_resin_earrings\/\"]}]},{\"@type\":\"ImageObject\",\"inLanguage\":\"hr\",\"@id\":\"https:\/\/www.malasmora.si\/izdelek\/chameleon_color_shifting_resin_earrings\/#primaryimage\",\"url\":\"https:\/\/www.malasmora.si\/wp-content\/uploads\/2024\/09\/chameleon_color_shifting_resin_earrings-scaled.jpg\",\"contentUrl\":\"https:\/\/www.malasmora.si\/wp-content\/uploads\/2024\/09\/chameleon_color_shifting_resin_earrings-scaled.jpg\",\"width\":1920,\"height\":2560,\"caption\":\"chameleon_color_shifting_resin_earrings\"},{\"@type\":\"BreadcrumbList\",\"@id\":\"https:\/\/www.malasmora.si\/izdelek\/chameleon_color_shifting_resin_earrings\/#breadcrumb\",\"itemListElement\":[{\"@type\":\"ListItem\",\"position\":1,\"name\":\"Home\",\"item\":\"https:\/\/www.malasmora.si\/\"},{\"@type\":\"ListItem\",\"position\":2,\"name\":\"Shop\",\"item\":\"https:\/\/www.malasmora.si\/shop\/\"},{\"@type\":\"ListItem\",\"position\":3,\"name\":\"\u010crtasti svetlikajo\u010di uhani\"}]},{\"@type\":\"WebSite\",\"@id\":\"https:\/\/www.malasmora.si\/#website\",\"url\":\"https:\/\/www.malasmora.si\/\",\"name\":\"Mala s mora\",\"description\":\"Ro\u010dno izdelan nakit iz epoksi smole\",\"publisher\":{\"@id\":\"https:\/\/www.malasmora.si\/#organization\"},\"potentialAction\":[{\"@type\":\"SearchAction\",\"target\":{\"@type\":\"EntryPoint\",\"urlTemplate\":\"https:\/\/www.malasmora.si\/?s={search_term_string}\"},\"query-input\":{\"@type\":\"PropertyValueSpecification\",\"valueRequired\":true,\"valueName\":\"search_term_string\"}}],\"inLanguage\":\"hr\"},{\"@type\":\"Organization\",\"@id\":\"https:\/\/www.malasmora.si\/#organization\",\"name\":\"Mala s mora\",\"url\":\"https:\/\/www.malasmora.si\/\",\"logo\":{\"@type\":\"ImageObject\",\"inLanguage\":\"hr\",\"@id\":\"https:\/\/www.malasmora.si\/#\/schema\/logo\/image\/\",\"url\":\"https:\/\/www.malasmora.si\/wp-content\/uploads\/2025\/07\/logo_novi_03.png\",\"contentUrl\":\"https:\/\/www.malasmora.si\/wp-content\/uploads\/2025\/07\/logo_novi_03.png\",\"width\":1536,\"height\":1024,\"caption\":\"Mala s mora\"},\"image\":{\"@id\":\"https:\/\/www.malasmora.si\/#\/schema\/logo\/image\/\"},\"sameAs\":[\"https:\/\/www.facebook.com\/MalaSMoraArt\/\"]}]}<\/script>\n<!-- \/ Yoast SEO plugin. -->","yoast_head_json":{"title":"\u010crtasti svetlikajo\u010di uhani - Mala s mora","description":"Color shifting chameleon resin earrings, Uhani iz kameleonskega pigmenta ki spreminjajo barvo, Nau\u0161nice od kameleonskog pigmenta koje mijenjaju boju","robots":{"index":"index","follow":"follow","max-snippet":"max-snippet:-1","max-image-preview":"max-image-preview:large","max-video-preview":"max-video-preview:-1"},"canonical":"https:\/\/www.malasmora.si\/hr\/proizvod\/chameleon_color_shifting_resin_earrings\/","og_locale":"hr_HR","og_type":"article","og_title":"\u010crtasti svetlikajo\u010di uhani - Mala s mora","og_description":"Color shifting chameleon resin earrings, Uhani iz kameleonskega pigmenta ki spreminjajo barvo, Nau\u0161nice od kameleonskog pigmenta koje mijenjaju boju","og_url":"https:\/\/www.malasmora.si\/hr\/proizvod\/chameleon_color_shifting_resin_earrings\/","og_site_name":"Mala s mora","article_publisher":"https:\/\/www.facebook.com\/MalaSMoraArt\/","article_modified_time":"2025-01-19T15:30:25+00:00","og_image":[{"width":1920,"height":2560,"url":"https:\/\/www.malasmora.si\/wp-content\/uploads\/2024\/09\/chameleon_color_shifting_resin_earrings-scaled.jpg","type":"image\/jpeg"}],"twitter_card":"summary_large_image","twitter_misc":{"Procijenjeno vrijeme \u010ditanja":"2 minute"},"schema":{"@context":"https:\/\/schema.org","@graph":[{"@type":"WebPage","@id":"https:\/\/www.malasmora.si\/izdelek\/chameleon_color_shifting_resin_earrings\/","url":"https:\/\/www.malasmora.si\/izdelek\/chameleon_color_shifting_resin_earrings\/","name":"\u010crtasti svetlikajo\u010di uhani - Mala s mora","isPartOf":{"@id":"https:\/\/www.malasmora.si\/#website"},"primaryImageOfPage":{"@id":"https:\/\/www.malasmora.si\/izdelek\/chameleon_color_shifting_resin_earrings\/#primaryimage"},"image":{"@id":"https:\/\/www.malasmora.si\/izdelek\/chameleon_color_shifting_resin_earrings\/#primaryimage"},"thumbnailUrl":"https:\/\/www.malasmora.si\/wp-content\/uploads\/2024\/09\/chameleon_color_shifting_resin_earrings-scaled.jpg","datePublished":"2024-09-27T19:21:03+00:00","dateModified":"2025-01-19T15:30:25+00:00","description":"Color shifting chameleon resin earrings, Uhani iz kameleonskega pigmenta ki spreminjajo barvo, Nau\u0161nice od kameleonskog pigmenta koje mijenjaju boju","breadcrumb":{"@id":"https:\/\/www.malasmora.si\/izdelek\/chameleon_color_shifting_resin_earrings\/#breadcrumb"},"inLanguage":"hr","potentialAction":[{"@type":"ReadAction","target":["https:\/\/www.malasmora.si\/izdelek\/chameleon_color_shifting_resin_earrings\/"]}]},{"@type":"ImageObject","inLanguage":"hr","@id":"https:\/\/www.malasmora.si\/izdelek\/chameleon_color_shifting_resin_earrings\/#primaryimage","url":"https:\/\/www.malasmora.si\/wp-content\/uploads\/2024\/09\/chameleon_color_shifting_resin_earrings-scaled.jpg","contentUrl":"https:\/\/www.malasmora.si\/wp-content\/uploads\/2024\/09\/chameleon_color_shifting_resin_earrings-scaled.jpg","width":1920,"height":2560,"caption":"chameleon_color_shifting_resin_earrings"},{"@type":"BreadcrumbList","@id":"https:\/\/www.malasmora.si\/izdelek\/chameleon_color_shifting_resin_earrings\/#breadcrumb","itemListElement":[{"@type":"ListItem","position":1,"name":"Home","item":"https:\/\/www.malasmora.si\/"},{"@type":"ListItem","position":2,"name":"Shop","item":"https:\/\/www.malasmora.si\/shop\/"},{"@type":"ListItem","position":3,"name":"\u010crtasti svetlikajo\u010di uhani"}]},{"@type":"WebSite","@id":"https:\/\/www.malasmora.si\/#website","url":"https:\/\/www.malasmora.si\/","name":"Mala s mora","description":"Ro\u010dno izdelan nakit iz epoksi smole","publisher":{"@id":"https:\/\/www.malasmora.si\/#organization"},"potentialAction":[{"@type":"SearchAction","target":{"@type":"EntryPoint","urlTemplate":"https:\/\/www.malasmora.si\/?s={search_term_string}"},"query-input":{"@type":"PropertyValueSpecification","valueRequired":true,"valueName":"search_term_string"}}],"inLanguage":"hr"},{"@type":"Organization","@id":"https:\/\/www.malasmora.si\/#organization","name":"Mala s mora","url":"https:\/\/www.malasmora.si\/","logo":{"@type":"ImageObject","inLanguage":"hr","@id":"https:\/\/www.malasmora.si\/#\/schema\/logo\/image\/","url":"https:\/\/www.malasmora.si\/wp-content\/uploads\/2025\/07\/logo_novi_03.png","contentUrl":"https:\/\/www.malasmora.si\/wp-content\/uploads\/2025\/07\/logo_novi_03.png","width":1536,"height":1024,"caption":"Mala s mora"},"image":{"@id":"https:\/\/www.malasmora.si\/#\/schema\/logo\/image\/"},"sameAs":["https:\/\/www.facebook.com\/MalaSMoraArt\/"]}]}},"_links":{"self":[{"href":"https:\/\/www.malasmora.si\/hr\/wp-json\/wp\/v2\/product\/2875","targetHints":{"allow":["GET"]}}],"collection":[{"href":"https:\/\/www.malasmora.si\/hr\/wp-json\/wp\/v2\/product"}],"about":[{"href":"https:\/\/www.malasmora.si\/hr\/wp-json\/wp\/v2\/types\/product"}],"replies":[{"embeddable":true,"href":"https:\/\/www.malasmora.si\/hr\/wp-json\/wp\/v2\/comments?post=2875"}],"wp:featuredmedia":[{"embeddable":true,"href":"https:\/\/www.malasmora.si\/hr\/wp-json\/wp\/v2\/media\/2876"}],"wp:attachment":[{"href":"https:\/\/www.malasmora.si\/hr\/wp-json\/wp\/v2\/media?parent=2875"}],"wp:term":[{"taxonomy":"product_brand","embeddable":true,"href":"https:\/\/www.malasmora.si\/hr\/wp-json\/wp\/v2\/product_brand?post=2875"},{"taxonomy":"product_cat","embeddable":true,"href":"https:\/\/www.malasmora.si\/hr\/wp-json\/wp\/v2\/product_cat?post=2875"},{"taxonomy":"product_tag","embeddable":true,"href":"https:\/\/www.malasmora.si\/hr\/wp-json\/wp\/v2\/product_tag?post=2875"}],"curies":[{"name":"wp","href":"https:\/\/api.w.org\/{rel}","templated":true}]}}