{"id":2898,"date":"2024-09-27T22:19:12","date_gmt":"2024-09-27T20:19:12","guid":{"rendered":"https:\/\/www.malasmora.si\/?post_type=product&#038;p=2898"},"modified":"2025-11-08T13:53:57","modified_gmt":"2025-11-08T11:53:57","slug":"iridescent_halloween_resin_pumpkin_jar","status":"publish","type":"product","link":"https:\/\/www.malasmora.si\/hr\/proizvod\/iridescent_halloween_resin_pumpkin_jar\/","title":{"rendered":"Bu\u010da za no\u010d \u010darovnic v prelivajo\u010dih se barvah"},"content":{"rendered":"<p>\u010ce i\u0161\u010dete popolno darilo za no\u010d \u010darovnic, ne i\u0161\u010dite ve\u010d!!! Ta sijo\u010da ve\u010dbarvna posodica v obliki bu\u010de s pokrovom je PRAVA IZBIRA!<\/p>\n<p>Dekoracija za jesen in no\u010d \u010darovnic ni le lepa, ampak uporabna umetnina za va\u0161 dom ali pisarno.<br \/>\nUporabite jo lahko kot kozarec za shranjevanje klju\u010dev, majhnih drobnarij, nakita, pisarni\u0161kega materiala&#8230; Lahko date LED lu\u010dke ali sve\u010do, da ustvarite prijetno vzdu\u0161je. Primerna je tudi za shranjevanje bonbonov, ker je narejena iz smole primerne za hrano \ud83c\udf6c\ud83c\udf6c\ud83c\udf6c<\/p>\n<p>\ud83d\udcd0Dimenzije (pribli\u017eno):<br \/>\nPremer 9 cm (3,54&#8243;)<br \/>\nVi\u0161ina s pokrovom 7 cm (2,76&#8243;)<br \/>\nGlobina posodice 5 cm (1,97&#8243;)<\/p>\n<p>\u2757NAVODILA ZA NEGO\u2757<\/p>\n<p>&#8211; Ro\u010dno pranje z vla\u017eno krpo<br \/>\n&#8211; Ne postavljajte v pomivalni stroj<br \/>\n&#8211; Ne izpostavljajte dlje \u010dasa vro\u010dini<\/p>\n<p><span class=\"HwtZe\" lang=\"sl\"><span class=\"jCAhz JxVs2d ChMk0b\"><span class=\"ryNqvb\">\u2726 Vse kaj je v moji trgovini izdelujem ro\u010dno, torej ne obstajajo dva popolnoma enaka izdelka.<\/span><\/span> <span class=\"jCAhz JxVs2d ChMk0b\"><span class=\"ryNqvb\">Poleg tega zaradi ro\u010dne izdelave vedno obstaja mo\u017enost majhnih nepravilnosti in mehur\u010dkov. <\/span><\/span><\/span><\/p>\n<p>\u2726 Upo\u0161tevajte, da se lahko na nekaterih monitorjih zaradi razli\u010dnih nastavitev slike barva nekoliko razlikuje.<\/p>","protected":false},"excerpt":{"rendered":"<p>\u010ce i\u0161\u010dete popolno darilo za no\u010d \u010darovnic, ne i\u0161\u010dite ve\u010d!!! Ta sijo\u010da ve\u010dbarvna posodica v obliki bu\u010de s pokrovom je PRAVA IZBIRA! Dekoracija za jesen in no\u010d \u010darovnic ni le lepa, ampak uporabna umetnina za va\u0161 dom ali pisarno. Uporabite jo lahko kot kozarec za shranjevanje klju\u010dev, majhnih drobnarij, nakita, pisarni\u0161kega materiala&#8230; Lahko date LED&#8230;<\/p>","protected":false},"featured_media":2905,"comment_status":"open","ping_status":"closed","template":"","meta":{"_kadence_starter_templates_imported_post":false,"_kad_post_transparent":"default","_kad_post_title":"","_kad_post_layout":"default","_kad_post_sidebar_id":"","_kad_post_content_style":"default","_kad_post_vertical_padding":"default","_kad_post_feature":"","_kad_post_feature_position":"","_kad_post_header":false,"_kad_post_footer":false},"product_brand":[],"product_cat":[22],"product_tag":[696,697,684,404,685,687,689,664,695,691,686,659,186,694,663,690,183,693,692],"class_list":{"0":"post-2898","1":"product","2":"type-product","3":"status-publish","4":"has-post-thumbnail","6":"product_cat-trinket_jars_with_lid","7":"product_tag-chameleon_pumpkin","8":"product_tag-chameleon_pumpkin_jar","9":"product_tag-decorative_jar","10":"product_tag-epoxy_art","11":"product_tag-fall_pumpkin_decor","12":"product_tag-halloween_decor","13":"product_tag-halloween_pumpkin","14":"product_tag-handmade_resin_jar","15":"product_tag-multicolor_pumpkin","16":"product_tag-pumpkin_jar","17":"product_tag-pumpkin_trinket_jar","18":"product_tag-resin_container","19":"product_tag-resin_jar","20":"product_tag-resin_jar_with_lid","21":"product_tag-resin_lid_jar","22":"product_tag-resin_pumpkin","23":"product_tag-stash_jar","24":"product_tag-storage_-jar","25":"product_tag-teachers_gift","27":"first","28":"instock","29":"sale","30":"sold-individually","31":"taxable","32":"shipping-taxable","33":"purchasable","34":"product-type-simple","35":"entry","36":"content-bg","37":"loop-entry"},"yoast_head":"<!-- This site is optimized with the Yoast SEO plugin v26.6 - https:\/\/yoast.com\/wordpress\/plugins\/seo\/ -->\n<title>Bu\u010da za no\u010d \u010darovnic v prelivajo\u010dih se barvah - Mala s mora<\/title>\n<meta name=\"description\" content=\"Halloween pumpkin jar in iridescent colors, Bu\u010da za no\u010d \u010darovnic v prelivajo\u010dih se barvah, Posudica bundeva za No\u0107 vje\u0161tica u bojama koje se prelijevaju\" \/>\n<meta name=\"robots\" content=\"index, follow, max-snippet:-1, max-image-preview:large, max-video-preview:-1\" \/>\n<link rel=\"canonical\" href=\"https:\/\/www.malasmora.si\/hr\/proizvod\/iridescent_halloween_resin_pumpkin_jar\/\" \/>\n<meta property=\"og:locale\" content=\"hr_HR\" \/>\n<meta property=\"og:type\" content=\"article\" \/>\n<meta property=\"og:title\" content=\"Bu\u010da za no\u010d \u010darovnic v prelivajo\u010dih se barvah - Mala s mora\" \/>\n<meta property=\"og:description\" content=\"Halloween pumpkin jar in iridescent colors, Bu\u010da za no\u010d \u010darovnic v prelivajo\u010dih se barvah, Posudica bundeva za No\u0107 vje\u0161tica u bojama koje se prelijevaju\" \/>\n<meta property=\"og:url\" content=\"https:\/\/www.malasmora.si\/hr\/proizvod\/iridescent_halloween_resin_pumpkin_jar\/\" \/>\n<meta property=\"og:site_name\" content=\"Mala s mora\" \/>\n<meta property=\"article:publisher\" content=\"https:\/\/www.facebook.com\/MalaSMoraArt\/\" \/>\n<meta property=\"article:modified_time\" content=\"2025-11-08T11:53:57+00:00\" \/>\n<meta property=\"og:image\" content=\"https:\/\/www.malasmora.si\/wp-content\/uploads\/2024\/09\/pumpkin_jar_multicoloured_chameleon_resin-scaled.jpg\" \/>\n\t<meta property=\"og:image:width\" content=\"2093\" \/>\n\t<meta property=\"og:image:height\" content=\"2560\" \/>\n\t<meta property=\"og:image:type\" content=\"image\/jpeg\" \/>\n<meta name=\"twitter:card\" content=\"summary_large_image\" \/>\n<meta name=\"twitter:label1\" content=\"Procijenjeno vrijeme \u010ditanja\" \/>\n\t<meta name=\"twitter:data1\" content=\"2 minute\" \/>\n<script type=\"application\/ld+json\" class=\"yoast-schema-graph\">{\"@context\":\"https:\/\/schema.org\",\"@graph\":[{\"@type\":\"WebPage\",\"@id\":\"https:\/\/www.malasmora.si\/izdelek\/iridescent_halloween_resin_pumpkin_jar\/\",\"url\":\"https:\/\/www.malasmora.si\/izdelek\/iridescent_halloween_resin_pumpkin_jar\/\",\"name\":\"Bu\u010da za no\u010d \u010darovnic v prelivajo\u010dih se barvah - Mala s mora\",\"isPartOf\":{\"@id\":\"https:\/\/www.malasmora.si\/#website\"},\"primaryImageOfPage\":{\"@id\":\"https:\/\/www.malasmora.si\/izdelek\/iridescent_halloween_resin_pumpkin_jar\/#primaryimage\"},\"image\":{\"@id\":\"https:\/\/www.malasmora.si\/izdelek\/iridescent_halloween_resin_pumpkin_jar\/#primaryimage\"},\"thumbnailUrl\":\"https:\/\/www.malasmora.si\/wp-content\/uploads\/2024\/09\/pumpkin_jar_multicoloured_chameleon_resin-scaled.jpg\",\"datePublished\":\"2024-09-27T20:19:12+00:00\",\"dateModified\":\"2025-11-08T11:53:57+00:00\",\"description\":\"Halloween pumpkin jar in iridescent colors, Bu\u010da za no\u010d \u010darovnic v prelivajo\u010dih se barvah, Posudica bundeva za No\u0107 vje\u0161tica u bojama koje se prelijevaju\",\"breadcrumb\":{\"@id\":\"https:\/\/www.malasmora.si\/izdelek\/iridescent_halloween_resin_pumpkin_jar\/#breadcrumb\"},\"inLanguage\":\"hr\",\"potentialAction\":[{\"@type\":\"ReadAction\",\"target\":[\"https:\/\/www.malasmora.si\/izdelek\/iridescent_halloween_resin_pumpkin_jar\/\"]}]},{\"@type\":\"ImageObject\",\"inLanguage\":\"hr\",\"@id\":\"https:\/\/www.malasmora.si\/izdelek\/iridescent_halloween_resin_pumpkin_jar\/#primaryimage\",\"url\":\"https:\/\/www.malasmora.si\/wp-content\/uploads\/2024\/09\/pumpkin_jar_multicoloured_chameleon_resin-scaled.jpg\",\"contentUrl\":\"https:\/\/www.malasmora.si\/wp-content\/uploads\/2024\/09\/pumpkin_jar_multicoloured_chameleon_resin-scaled.jpg\",\"width\":2093,\"height\":2560,\"caption\":\"pumpkin_jar_multicoloured_chameleon_resin\"},{\"@type\":\"BreadcrumbList\",\"@id\":\"https:\/\/www.malasmora.si\/izdelek\/iridescent_halloween_resin_pumpkin_jar\/#breadcrumb\",\"itemListElement\":[{\"@type\":\"ListItem\",\"position\":1,\"name\":\"Home\",\"item\":\"https:\/\/www.malasmora.si\/\"},{\"@type\":\"ListItem\",\"position\":2,\"name\":\"Shop\",\"item\":\"https:\/\/www.malasmora.si\/shop\/\"},{\"@type\":\"ListItem\",\"position\":3,\"name\":\"Bu\u010da za no\u010d \u010darovnic v prelivajo\u010dih se barvah\"}]},{\"@type\":\"WebSite\",\"@id\":\"https:\/\/www.malasmora.si\/#website\",\"url\":\"https:\/\/www.malasmora.si\/\",\"name\":\"Mala s mora\",\"description\":\"Ro\u010dno izdelan nakit iz epoksi smole\",\"publisher\":{\"@id\":\"https:\/\/www.malasmora.si\/#organization\"},\"potentialAction\":[{\"@type\":\"SearchAction\",\"target\":{\"@type\":\"EntryPoint\",\"urlTemplate\":\"https:\/\/www.malasmora.si\/?s={search_term_string}\"},\"query-input\":{\"@type\":\"PropertyValueSpecification\",\"valueRequired\":true,\"valueName\":\"search_term_string\"}}],\"inLanguage\":\"hr\"},{\"@type\":\"Organization\",\"@id\":\"https:\/\/www.malasmora.si\/#organization\",\"name\":\"Mala s mora\",\"url\":\"https:\/\/www.malasmora.si\/\",\"logo\":{\"@type\":\"ImageObject\",\"inLanguage\":\"hr\",\"@id\":\"https:\/\/www.malasmora.si\/#\/schema\/logo\/image\/\",\"url\":\"https:\/\/www.malasmora.si\/wp-content\/uploads\/2025\/07\/logo_novi_03.png\",\"contentUrl\":\"https:\/\/www.malasmora.si\/wp-content\/uploads\/2025\/07\/logo_novi_03.png\",\"width\":1536,\"height\":1024,\"caption\":\"Mala s mora\"},\"image\":{\"@id\":\"https:\/\/www.malasmora.si\/#\/schema\/logo\/image\/\"},\"sameAs\":[\"https:\/\/www.facebook.com\/MalaSMoraArt\/\"]}]}<\/script>\n<!-- \/ Yoast SEO plugin. -->","yoast_head_json":{"title":"Bu\u010da za no\u010d \u010darovnic v prelivajo\u010dih se barvah - Mala s mora","description":"Halloween pumpkin jar in iridescent colors, Bu\u010da za no\u010d \u010darovnic v prelivajo\u010dih se barvah, Posudica bundeva za No\u0107 vje\u0161tica u bojama koje se prelijevaju","robots":{"index":"index","follow":"follow","max-snippet":"max-snippet:-1","max-image-preview":"max-image-preview:large","max-video-preview":"max-video-preview:-1"},"canonical":"https:\/\/www.malasmora.si\/hr\/proizvod\/iridescent_halloween_resin_pumpkin_jar\/","og_locale":"hr_HR","og_type":"article","og_title":"Bu\u010da za no\u010d \u010darovnic v prelivajo\u010dih se barvah - Mala s mora","og_description":"Halloween pumpkin jar in iridescent colors, Bu\u010da za no\u010d \u010darovnic v prelivajo\u010dih se barvah, Posudica bundeva za No\u0107 vje\u0161tica u bojama koje se prelijevaju","og_url":"https:\/\/www.malasmora.si\/hr\/proizvod\/iridescent_halloween_resin_pumpkin_jar\/","og_site_name":"Mala s mora","article_publisher":"https:\/\/www.facebook.com\/MalaSMoraArt\/","article_modified_time":"2025-11-08T11:53:57+00:00","og_image":[{"width":2093,"height":2560,"url":"https:\/\/www.malasmora.si\/wp-content\/uploads\/2024\/09\/pumpkin_jar_multicoloured_chameleon_resin-scaled.jpg","type":"image\/jpeg"}],"twitter_card":"summary_large_image","twitter_misc":{"Procijenjeno vrijeme \u010ditanja":"2 minute"},"schema":{"@context":"https:\/\/schema.org","@graph":[{"@type":"WebPage","@id":"https:\/\/www.malasmora.si\/izdelek\/iridescent_halloween_resin_pumpkin_jar\/","url":"https:\/\/www.malasmora.si\/izdelek\/iridescent_halloween_resin_pumpkin_jar\/","name":"Bu\u010da za no\u010d \u010darovnic v prelivajo\u010dih se barvah - Mala s mora","isPartOf":{"@id":"https:\/\/www.malasmora.si\/#website"},"primaryImageOfPage":{"@id":"https:\/\/www.malasmora.si\/izdelek\/iridescent_halloween_resin_pumpkin_jar\/#primaryimage"},"image":{"@id":"https:\/\/www.malasmora.si\/izdelek\/iridescent_halloween_resin_pumpkin_jar\/#primaryimage"},"thumbnailUrl":"https:\/\/www.malasmora.si\/wp-content\/uploads\/2024\/09\/pumpkin_jar_multicoloured_chameleon_resin-scaled.jpg","datePublished":"2024-09-27T20:19:12+00:00","dateModified":"2025-11-08T11:53:57+00:00","description":"Halloween pumpkin jar in iridescent colors, Bu\u010da za no\u010d \u010darovnic v prelivajo\u010dih se barvah, Posudica bundeva za No\u0107 vje\u0161tica u bojama koje se prelijevaju","breadcrumb":{"@id":"https:\/\/www.malasmora.si\/izdelek\/iridescent_halloween_resin_pumpkin_jar\/#breadcrumb"},"inLanguage":"hr","potentialAction":[{"@type":"ReadAction","target":["https:\/\/www.malasmora.si\/izdelek\/iridescent_halloween_resin_pumpkin_jar\/"]}]},{"@type":"ImageObject","inLanguage":"hr","@id":"https:\/\/www.malasmora.si\/izdelek\/iridescent_halloween_resin_pumpkin_jar\/#primaryimage","url":"https:\/\/www.malasmora.si\/wp-content\/uploads\/2024\/09\/pumpkin_jar_multicoloured_chameleon_resin-scaled.jpg","contentUrl":"https:\/\/www.malasmora.si\/wp-content\/uploads\/2024\/09\/pumpkin_jar_multicoloured_chameleon_resin-scaled.jpg","width":2093,"height":2560,"caption":"pumpkin_jar_multicoloured_chameleon_resin"},{"@type":"BreadcrumbList","@id":"https:\/\/www.malasmora.si\/izdelek\/iridescent_halloween_resin_pumpkin_jar\/#breadcrumb","itemListElement":[{"@type":"ListItem","position":1,"name":"Home","item":"https:\/\/www.malasmora.si\/"},{"@type":"ListItem","position":2,"name":"Shop","item":"https:\/\/www.malasmora.si\/shop\/"},{"@type":"ListItem","position":3,"name":"Bu\u010da za no\u010d \u010darovnic v prelivajo\u010dih se barvah"}]},{"@type":"WebSite","@id":"https:\/\/www.malasmora.si\/#website","url":"https:\/\/www.malasmora.si\/","name":"Mala s mora","description":"Ro\u010dno izdelan nakit iz epoksi smole","publisher":{"@id":"https:\/\/www.malasmora.si\/#organization"},"potentialAction":[{"@type":"SearchAction","target":{"@type":"EntryPoint","urlTemplate":"https:\/\/www.malasmora.si\/?s={search_term_string}"},"query-input":{"@type":"PropertyValueSpecification","valueRequired":true,"valueName":"search_term_string"}}],"inLanguage":"hr"},{"@type":"Organization","@id":"https:\/\/www.malasmora.si\/#organization","name":"Mala s mora","url":"https:\/\/www.malasmora.si\/","logo":{"@type":"ImageObject","inLanguage":"hr","@id":"https:\/\/www.malasmora.si\/#\/schema\/logo\/image\/","url":"https:\/\/www.malasmora.si\/wp-content\/uploads\/2025\/07\/logo_novi_03.png","contentUrl":"https:\/\/www.malasmora.si\/wp-content\/uploads\/2025\/07\/logo_novi_03.png","width":1536,"height":1024,"caption":"Mala s mora"},"image":{"@id":"https:\/\/www.malasmora.si\/#\/schema\/logo\/image\/"},"sameAs":["https:\/\/www.facebook.com\/MalaSMoraArt\/"]}]}},"_links":{"self":[{"href":"https:\/\/www.malasmora.si\/hr\/wp-json\/wp\/v2\/product\/2898","targetHints":{"allow":["GET"]}}],"collection":[{"href":"https:\/\/www.malasmora.si\/hr\/wp-json\/wp\/v2\/product"}],"about":[{"href":"https:\/\/www.malasmora.si\/hr\/wp-json\/wp\/v2\/types\/product"}],"replies":[{"embeddable":true,"href":"https:\/\/www.malasmora.si\/hr\/wp-json\/wp\/v2\/comments?post=2898"}],"wp:featuredmedia":[{"embeddable":true,"href":"https:\/\/www.malasmora.si\/hr\/wp-json\/wp\/v2\/media\/2905"}],"wp:attachment":[{"href":"https:\/\/www.malasmora.si\/hr\/wp-json\/wp\/v2\/media?parent=2898"}],"wp:term":[{"taxonomy":"product_brand","embeddable":true,"href":"https:\/\/www.malasmora.si\/hr\/wp-json\/wp\/v2\/product_brand?post=2898"},{"taxonomy":"product_cat","embeddable":true,"href":"https:\/\/www.malasmora.si\/hr\/wp-json\/wp\/v2\/product_cat?post=2898"},{"taxonomy":"product_tag","embeddable":true,"href":"https:\/\/www.malasmora.si\/hr\/wp-json\/wp\/v2\/product_tag?post=2898"}],"curies":[{"name":"wp","href":"https:\/\/api.w.org\/{rel}","templated":true}]}}