{"id":2911,"date":"2024-09-27T23:26:12","date_gmt":"2024-09-27T21:26:12","guid":{"rendered":"https:\/\/www.malasmora.si\/?post_type=product&#038;p=2911"},"modified":"2025-11-08T13:54:02","modified_gmt":"2025-11-08T11:54:02","slug":"orange_resin_pumpkin_jar","status":"publish","type":"product","link":"https:\/\/www.malasmora.si\/hr\/proizvod\/orange_resin_pumpkin_jar\/","title":{"rendered":"Oran\u017ena bu\u010da za no\u010d \u010darovnic s pokrovom"},"content":{"rendered":"<p>Majhen prikupna posoda v obliki bu\u010de, s pokrovom, je popoln okras za no\u010d \u010darovnic in jesen \ud83e\udde1<\/p>\n<p>Lepa in uporabna umetnina za va\u0161 dom ali pisarno.<br \/>\nUporabite jo lahko kot kozarec za shranjevanje klju\u010dev, drobnarij, nakita, pisarni\u0161kega materiala &#8230; Ali pa vanjo date LED lu\u010dke ali sve\u010do, da ustvarite prijetno vzdu\u0161je.<\/p>\n<p>\ud83d\udcd0Dimenzije (pribli\u017eno):<br \/>\nPremer 9 cm (3,54&#8243;)<br \/>\nVi\u0161ina s pokrovom 7 cm (2,76&#8243;)<br \/>\nGlobina posodice 5 cm (1,97&#8243;)<\/p>\n<p>\u2757NAVODILA ZA NEGO\u2757<\/p>\n<p>&#8211; Ro\u010dno pranje z vla\u017eno krpo<br \/>\n&#8211; Ne postavljajte v pomivalni stroj<br \/>\n&#8211; Ne izpostavljajte dlje \u010dasa vro\u010dini<\/p>\n<p><span class=\"HwtZe\" lang=\"sl\"><span class=\"jCAhz JxVs2d ChMk0b\"><span class=\"ryNqvb\">\u2726 Vse kaj je v moji trgovini izdelujem ro\u010dno, torej ne obstajajo dva popolnoma enaka izdelka.<\/span><\/span> <span class=\"jCAhz JxVs2d ChMk0b\"><span class=\"ryNqvb\">Poleg tega zaradi ro\u010dne izdelave vedno obstaja mo\u017enost majhnih nepravilnosti in mehur\u010dkov. <\/span><\/span><\/span><\/p>\n<p>\u2726 Upo\u0161tevajte, da se lahko na nekaterih monitorjih zaradi razli\u010dnih nastavitev slike barva nekoliko razlikuje.<\/p>","protected":false},"excerpt":{"rendered":"<p>Majhen prikupna posoda v obliki bu\u010de, s pokrovom, je popoln okras za no\u010d \u010darovnic in jesen \ud83e\udde1 Lepa in uporabna umetnina za va\u0161 dom ali pisarno. Uporabite jo lahko kot kozarec za shranjevanje klju\u010dev, drobnarij, nakita, pisarni\u0161kega materiala &#8230; Ali pa vanjo date LED lu\u010dke ali sve\u010do, da ustvarite prijetno vzdu\u0161je. \ud83d\udcd0Dimenzije (pribli\u017eno): Premer 9&#8230;<\/p>","protected":false},"featured_media":2899,"comment_status":"open","ping_status":"closed","template":"","meta":{"_kadence_starter_templates_imported_post":false,"_kad_post_transparent":"default","_kad_post_title":"","_kad_post_layout":"default","_kad_post_sidebar_id":"","_kad_post_content_style":"default","_kad_post_vertical_padding":"default","_kad_post_feature":"","_kad_post_feature_position":"","_kad_post_header":false,"_kad_post_footer":false},"product_brand":[],"product_cat":[22],"product_tag":[684,404,685,687,689,664,688,698,691,686,659,186,694,663,690,183,693,692],"class_list":{"0":"post-2911","1":"product","2":"type-product","3":"status-publish","4":"has-post-thumbnail","6":"product_cat-trinket_jars_with_lid","7":"product_tag-decorative_jar","8":"product_tag-epoxy_art","9":"product_tag-fall_pumpkin_decor","10":"product_tag-halloween_decor","11":"product_tag-halloween_pumpkin","12":"product_tag-handmade_resin_jar","13":"product_tag-orange_pumpkin","14":"product_tag-orange_pumpkin_jar","15":"product_tag-pumpkin_jar","16":"product_tag-pumpkin_trinket_jar","17":"product_tag-resin_container","18":"product_tag-resin_jar","19":"product_tag-resin_jar_with_lid","20":"product_tag-resin_lid_jar","21":"product_tag-resin_pumpkin","22":"product_tag-stash_jar","23":"product_tag-storage_-jar","24":"product_tag-teachers_gift","26":"first","27":"instock","28":"sale","29":"sold-individually","30":"taxable","31":"shipping-taxable","32":"purchasable","33":"product-type-simple","34":"entry","35":"content-bg","36":"loop-entry"},"yoast_head":"<!-- This site is optimized with the Yoast SEO plugin v26.6 - https:\/\/yoast.com\/wordpress\/plugins\/seo\/ -->\n<title>Oran\u017ena bu\u010da za no\u010d \u010darovnic s pokrovom - Mala s mora<\/title>\n<meta name=\"description\" content=\"Halloween orange resin pumpkin jar with lid, Oran\u017ena bu\u010da za no\u010d \u010darovnic s pokrovom, Naran\u010dasta posudica bundeva za No\u0107 vje\u0161tica s poklopcem\" \/>\n<meta name=\"robots\" content=\"index, follow, max-snippet:-1, max-image-preview:large, max-video-preview:-1\" \/>\n<link rel=\"canonical\" href=\"https:\/\/www.malasmora.si\/hr\/proizvod\/orange_resin_pumpkin_jar\/\" \/>\n<meta property=\"og:locale\" content=\"hr_HR\" \/>\n<meta property=\"og:type\" content=\"article\" \/>\n<meta property=\"og:title\" content=\"Oran\u017ena bu\u010da za no\u010d \u010darovnic s pokrovom - Mala s mora\" \/>\n<meta property=\"og:description\" content=\"Halloween orange resin pumpkin jar with lid, Oran\u017ena bu\u010da za no\u010d \u010darovnic s pokrovom, Naran\u010dasta posudica bundeva za No\u0107 vje\u0161tica s poklopcem\" \/>\n<meta property=\"og:url\" content=\"https:\/\/www.malasmora.si\/hr\/proizvod\/orange_resin_pumpkin_jar\/\" \/>\n<meta property=\"og:site_name\" content=\"Mala s mora\" \/>\n<meta property=\"article:publisher\" content=\"https:\/\/www.facebook.com\/MalaSMoraArt\/\" \/>\n<meta property=\"article:modified_time\" content=\"2025-11-08T11:54:02+00:00\" \/>\n<meta property=\"og:image\" content=\"https:\/\/www.malasmora.si\/wp-content\/uploads\/2024\/09\/Halloween_pumpkin_resin_jar_6-scaled.jpg\" \/>\n\t<meta property=\"og:image:width\" content=\"1920\" \/>\n\t<meta property=\"og:image:height\" content=\"2560\" \/>\n\t<meta property=\"og:image:type\" content=\"image\/jpeg\" \/>\n<meta name=\"twitter:card\" content=\"summary_large_image\" \/>\n<meta name=\"twitter:label1\" content=\"Procijenjeno vrijeme \u010ditanja\" \/>\n\t<meta name=\"twitter:data1\" content=\"1 minuta\" \/>\n<script type=\"application\/ld+json\" class=\"yoast-schema-graph\">{\"@context\":\"https:\/\/schema.org\",\"@graph\":[{\"@type\":\"WebPage\",\"@id\":\"https:\/\/www.malasmora.si\/izdelek\/orange_resin_pumpkin_jar\/\",\"url\":\"https:\/\/www.malasmora.si\/izdelek\/orange_resin_pumpkin_jar\/\",\"name\":\"Oran\u017ena bu\u010da za no\u010d \u010darovnic s pokrovom - Mala s mora\",\"isPartOf\":{\"@id\":\"https:\/\/www.malasmora.si\/#website\"},\"primaryImageOfPage\":{\"@id\":\"https:\/\/www.malasmora.si\/izdelek\/orange_resin_pumpkin_jar\/#primaryimage\"},\"image\":{\"@id\":\"https:\/\/www.malasmora.si\/izdelek\/orange_resin_pumpkin_jar\/#primaryimage\"},\"thumbnailUrl\":\"https:\/\/www.malasmora.si\/wp-content\/uploads\/2024\/09\/Halloween_pumpkin_resin_jar_6-scaled.jpg\",\"datePublished\":\"2024-09-27T21:26:12+00:00\",\"dateModified\":\"2025-11-08T11:54:02+00:00\",\"description\":\"Halloween orange resin pumpkin jar with lid, Oran\u017ena bu\u010da za no\u010d \u010darovnic s pokrovom, Naran\u010dasta posudica bundeva za No\u0107 vje\u0161tica s poklopcem\",\"breadcrumb\":{\"@id\":\"https:\/\/www.malasmora.si\/izdelek\/orange_resin_pumpkin_jar\/#breadcrumb\"},\"inLanguage\":\"hr\",\"potentialAction\":[{\"@type\":\"ReadAction\",\"target\":[\"https:\/\/www.malasmora.si\/izdelek\/orange_resin_pumpkin_jar\/\"]}]},{\"@type\":\"ImageObject\",\"inLanguage\":\"hr\",\"@id\":\"https:\/\/www.malasmora.si\/izdelek\/orange_resin_pumpkin_jar\/#primaryimage\",\"url\":\"https:\/\/www.malasmora.si\/wp-content\/uploads\/2024\/09\/Halloween_pumpkin_resin_jar_6-scaled.jpg\",\"contentUrl\":\"https:\/\/www.malasmora.si\/wp-content\/uploads\/2024\/09\/Halloween_pumpkin_resin_jar_6-scaled.jpg\",\"width\":1920,\"height\":2560,\"caption\":\"Halloween_pumpkin_resin_jar\"},{\"@type\":\"BreadcrumbList\",\"@id\":\"https:\/\/www.malasmora.si\/izdelek\/orange_resin_pumpkin_jar\/#breadcrumb\",\"itemListElement\":[{\"@type\":\"ListItem\",\"position\":1,\"name\":\"Home\",\"item\":\"https:\/\/www.malasmora.si\/\"},{\"@type\":\"ListItem\",\"position\":2,\"name\":\"Shop\",\"item\":\"https:\/\/www.malasmora.si\/shop\/\"},{\"@type\":\"ListItem\",\"position\":3,\"name\":\"Oran\u017ena bu\u010da za no\u010d \u010darovnic s pokrovom\"}]},{\"@type\":\"WebSite\",\"@id\":\"https:\/\/www.malasmora.si\/#website\",\"url\":\"https:\/\/www.malasmora.si\/\",\"name\":\"Mala s mora\",\"description\":\"Ro\u010dno izdelan nakit iz epoksi smole\",\"publisher\":{\"@id\":\"https:\/\/www.malasmora.si\/#organization\"},\"potentialAction\":[{\"@type\":\"SearchAction\",\"target\":{\"@type\":\"EntryPoint\",\"urlTemplate\":\"https:\/\/www.malasmora.si\/?s={search_term_string}\"},\"query-input\":{\"@type\":\"PropertyValueSpecification\",\"valueRequired\":true,\"valueName\":\"search_term_string\"}}],\"inLanguage\":\"hr\"},{\"@type\":\"Organization\",\"@id\":\"https:\/\/www.malasmora.si\/#organization\",\"name\":\"Mala s mora\",\"url\":\"https:\/\/www.malasmora.si\/\",\"logo\":{\"@type\":\"ImageObject\",\"inLanguage\":\"hr\",\"@id\":\"https:\/\/www.malasmora.si\/#\/schema\/logo\/image\/\",\"url\":\"https:\/\/www.malasmora.si\/wp-content\/uploads\/2025\/07\/logo_novi_03.png\",\"contentUrl\":\"https:\/\/www.malasmora.si\/wp-content\/uploads\/2025\/07\/logo_novi_03.png\",\"width\":1536,\"height\":1024,\"caption\":\"Mala s mora\"},\"image\":{\"@id\":\"https:\/\/www.malasmora.si\/#\/schema\/logo\/image\/\"},\"sameAs\":[\"https:\/\/www.facebook.com\/MalaSMoraArt\/\"]}]}<\/script>\n<!-- \/ Yoast SEO plugin. -->","yoast_head_json":{"title":"Oran\u017ena bu\u010da za no\u010d \u010darovnic s pokrovom - Mala s mora","description":"Halloween orange resin pumpkin jar with lid, Oran\u017ena bu\u010da za no\u010d \u010darovnic s pokrovom, Naran\u010dasta posudica bundeva za No\u0107 vje\u0161tica s poklopcem","robots":{"index":"index","follow":"follow","max-snippet":"max-snippet:-1","max-image-preview":"max-image-preview:large","max-video-preview":"max-video-preview:-1"},"canonical":"https:\/\/www.malasmora.si\/hr\/proizvod\/orange_resin_pumpkin_jar\/","og_locale":"hr_HR","og_type":"article","og_title":"Oran\u017ena bu\u010da za no\u010d \u010darovnic s pokrovom - Mala s mora","og_description":"Halloween orange resin pumpkin jar with lid, Oran\u017ena bu\u010da za no\u010d \u010darovnic s pokrovom, Naran\u010dasta posudica bundeva za No\u0107 vje\u0161tica s poklopcem","og_url":"https:\/\/www.malasmora.si\/hr\/proizvod\/orange_resin_pumpkin_jar\/","og_site_name":"Mala s mora","article_publisher":"https:\/\/www.facebook.com\/MalaSMoraArt\/","article_modified_time":"2025-11-08T11:54:02+00:00","og_image":[{"width":1920,"height":2560,"url":"https:\/\/www.malasmora.si\/wp-content\/uploads\/2024\/09\/Halloween_pumpkin_resin_jar_6-scaled.jpg","type":"image\/jpeg"}],"twitter_card":"summary_large_image","twitter_misc":{"Procijenjeno vrijeme \u010ditanja":"1 minuta"},"schema":{"@context":"https:\/\/schema.org","@graph":[{"@type":"WebPage","@id":"https:\/\/www.malasmora.si\/izdelek\/orange_resin_pumpkin_jar\/","url":"https:\/\/www.malasmora.si\/izdelek\/orange_resin_pumpkin_jar\/","name":"Oran\u017ena bu\u010da za no\u010d \u010darovnic s pokrovom - Mala s mora","isPartOf":{"@id":"https:\/\/www.malasmora.si\/#website"},"primaryImageOfPage":{"@id":"https:\/\/www.malasmora.si\/izdelek\/orange_resin_pumpkin_jar\/#primaryimage"},"image":{"@id":"https:\/\/www.malasmora.si\/izdelek\/orange_resin_pumpkin_jar\/#primaryimage"},"thumbnailUrl":"https:\/\/www.malasmora.si\/wp-content\/uploads\/2024\/09\/Halloween_pumpkin_resin_jar_6-scaled.jpg","datePublished":"2024-09-27T21:26:12+00:00","dateModified":"2025-11-08T11:54:02+00:00","description":"Halloween orange resin pumpkin jar with lid, Oran\u017ena bu\u010da za no\u010d \u010darovnic s pokrovom, Naran\u010dasta posudica bundeva za No\u0107 vje\u0161tica s poklopcem","breadcrumb":{"@id":"https:\/\/www.malasmora.si\/izdelek\/orange_resin_pumpkin_jar\/#breadcrumb"},"inLanguage":"hr","potentialAction":[{"@type":"ReadAction","target":["https:\/\/www.malasmora.si\/izdelek\/orange_resin_pumpkin_jar\/"]}]},{"@type":"ImageObject","inLanguage":"hr","@id":"https:\/\/www.malasmora.si\/izdelek\/orange_resin_pumpkin_jar\/#primaryimage","url":"https:\/\/www.malasmora.si\/wp-content\/uploads\/2024\/09\/Halloween_pumpkin_resin_jar_6-scaled.jpg","contentUrl":"https:\/\/www.malasmora.si\/wp-content\/uploads\/2024\/09\/Halloween_pumpkin_resin_jar_6-scaled.jpg","width":1920,"height":2560,"caption":"Halloween_pumpkin_resin_jar"},{"@type":"BreadcrumbList","@id":"https:\/\/www.malasmora.si\/izdelek\/orange_resin_pumpkin_jar\/#breadcrumb","itemListElement":[{"@type":"ListItem","position":1,"name":"Home","item":"https:\/\/www.malasmora.si\/"},{"@type":"ListItem","position":2,"name":"Shop","item":"https:\/\/www.malasmora.si\/shop\/"},{"@type":"ListItem","position":3,"name":"Oran\u017ena bu\u010da za no\u010d \u010darovnic s pokrovom"}]},{"@type":"WebSite","@id":"https:\/\/www.malasmora.si\/#website","url":"https:\/\/www.malasmora.si\/","name":"Mala s mora","description":"Ro\u010dno izdelan nakit iz epoksi smole","publisher":{"@id":"https:\/\/www.malasmora.si\/#organization"},"potentialAction":[{"@type":"SearchAction","target":{"@type":"EntryPoint","urlTemplate":"https:\/\/www.malasmora.si\/?s={search_term_string}"},"query-input":{"@type":"PropertyValueSpecification","valueRequired":true,"valueName":"search_term_string"}}],"inLanguage":"hr"},{"@type":"Organization","@id":"https:\/\/www.malasmora.si\/#organization","name":"Mala s mora","url":"https:\/\/www.malasmora.si\/","logo":{"@type":"ImageObject","inLanguage":"hr","@id":"https:\/\/www.malasmora.si\/#\/schema\/logo\/image\/","url":"https:\/\/www.malasmora.si\/wp-content\/uploads\/2025\/07\/logo_novi_03.png","contentUrl":"https:\/\/www.malasmora.si\/wp-content\/uploads\/2025\/07\/logo_novi_03.png","width":1536,"height":1024,"caption":"Mala s mora"},"image":{"@id":"https:\/\/www.malasmora.si\/#\/schema\/logo\/image\/"},"sameAs":["https:\/\/www.facebook.com\/MalaSMoraArt\/"]}]}},"_links":{"self":[{"href":"https:\/\/www.malasmora.si\/hr\/wp-json\/wp\/v2\/product\/2911","targetHints":{"allow":["GET"]}}],"collection":[{"href":"https:\/\/www.malasmora.si\/hr\/wp-json\/wp\/v2\/product"}],"about":[{"href":"https:\/\/www.malasmora.si\/hr\/wp-json\/wp\/v2\/types\/product"}],"replies":[{"embeddable":true,"href":"https:\/\/www.malasmora.si\/hr\/wp-json\/wp\/v2\/comments?post=2911"}],"wp:featuredmedia":[{"embeddable":true,"href":"https:\/\/www.malasmora.si\/hr\/wp-json\/wp\/v2\/media\/2899"}],"wp:attachment":[{"href":"https:\/\/www.malasmora.si\/hr\/wp-json\/wp\/v2\/media?parent=2911"}],"wp:term":[{"taxonomy":"product_brand","embeddable":true,"href":"https:\/\/www.malasmora.si\/hr\/wp-json\/wp\/v2\/product_brand?post=2911"},{"taxonomy":"product_cat","embeddable":true,"href":"https:\/\/www.malasmora.si\/hr\/wp-json\/wp\/v2\/product_cat?post=2911"},{"taxonomy":"product_tag","embeddable":true,"href":"https:\/\/www.malasmora.si\/hr\/wp-json\/wp\/v2\/product_tag?post=2911"}],"curies":[{"name":"wp","href":"https:\/\/api.w.org\/{rel}","templated":true}]}}