{"id":2952,"date":"2025-11-20T18:25:20","date_gmt":"2025-11-20T16:25:20","guid":{"rendered":"https:\/\/www.malasmora.si\/?post_type=product&#038;p=2952"},"modified":"2025-11-20T19:25:56","modified_gmt":"2025-11-20T17:25:56","slug":"maple_leaf_necklace","status":"publish","type":"product","link":"https:\/\/www.malasmora.si\/hr\/proizvod\/maple_leaf_necklace\/","title":{"rendered":"Ogrlica iz stisnjenega lista japonskega javorja"},"content":{"rendered":"<p>V svojem lepem slovenskem vrtu imam japonski javor. Nabrala sem nekaj njegovih \u010dudovitih listov, jih stisnila in posu\u0161ila. Nato jih prema\u017eem z ve\u010d plastmi kristalno \u010diste UV smole. Rezultat je ta \u010dudovita naravna ogrlica.<br \/>\nDa bi poudarila naravno lepoto lista, sem njegove \u017eile poudarila z zlato barvo, na povr\u0161ino lista pa dodala malo bakrenega prahu.<br \/>\nVso to lepoto sem ohranila v visokokakovostni kristalno \u010disti UV smoli.<\/p>\n<p>Obesek iz javorja je na zlati veri\u017eici iz nerjave\u010dega jekla z zaponko.<\/p>\n<p>\ud83d\udcaeOgrlica iz javorjevega lista je popoln naravni nakit, ki vas ponovno pove\u017ee z materjo naravo!\ud83d\udcae<\/p>\n<p>\ud83d\udcd0Dimenzije:<br \/>\nVeri\u017eica iz nerjave\u010dega jekla je dolga <span class=\"HwtZe\" lang=\"sl\"><span class=\"jCAhz ChMk0b\"><span class=\"ryNqvb\">45 cm (17,72&#8243;)<\/span><\/span><\/span><br \/>\nObesek iz javorja je pribli\u017eno <span class=\"HwtZe\" lang=\"sl\"><span class=\"jCAhz ChMk0b\"><span class=\"ryNqvb\">5,2 x 5 cm (2,05&#8243; x 1,97&#8243;)<\/span><\/span><\/span><\/p>\n<p><img decoding=\"async\" class=\"emoji\" role=\"img\" draggable=\"false\" src=\"https:\/\/s.w.org\/images\/core\/emoji\/15.0.3\/svg\/1f496.svg\" alt=\"\ud83d\udc96\" \/> NJEGA ZA RU\u010cNO IZRA\u0110ENI NAKIT <img decoding=\"async\" class=\"emoji\" role=\"img\" draggable=\"false\" src=\"https:\/\/s.w.org\/images\/core\/emoji\/15.0.3\/svg\/1f496.svg\" alt=\"\ud83d\udc96\" \/><br \/>\nMolimo \u010duvajte na suhom mjestu i izbjegavajte dugotrajnu izravnu sun\u010devu svjetlost, vodu, kemikalije i parfeme kako biste sa\u010duvali i odr\u017eali ljepotu nakita.<\/p>\n<p>\ud83d\udd36Vse izdelke sem ro\u010dno izdelala, torej ne obstajajo dva enaka. Poleg tega zaradi ro\u010dne izdelave vedno obstaja mo\u017enost majhnih nepravilnosti in mehur\u010dkov.<\/p>\n<p>\ud83d\udd36Upo\u0161tevajte, da se lahko na nekaterih monitorjih zaradi razli\u010dnih nastavitev slike barva nekoliko razlikuje.<\/p>\n<p>\u010ce \u017eelite ujemajo\u010de se uhane, jih lahko kupite tukaj \ud83d\udc47\ud83d\udc47\ud83d\udc47<\/p>\n<blockquote class=\"wp-embedded-content\" data-secret=\"1DbVFBM7uj\"><p><a href=\"https:\/\/www.malasmora.si\/hr\/proizvod\/pressed_maple_leaves_eaerrings\/\">Uhani iz smole iz stisnjenih listov japonskega javorja<\/a><\/p><\/blockquote>\n<p><iframe loading=\"lazy\" class=\"wp-embedded-content\" sandbox=\"allow-scripts\" security=\"restricted\" style=\"position: absolute; visibility: hidden;\" title=\"&#8220;Uhani iz smole iz stisnjenih listov japonskega javorja&#8221; &#8212; Mala s mora\" src=\"https:\/\/www.malasmora.si\/izdelek\/pressed_maple_leaves_eaerrings\/embed\/#?secret=lHfKVba0j7#?secret=1DbVFBM7uj\" data-secret=\"1DbVFBM7uj\" width=\"600\" height=\"338\" frameborder=\"0\" marginwidth=\"0\" marginheight=\"0\" scrolling=\"no\"><\/iframe><\/p>","protected":false},"excerpt":{"rendered":"<p>V svojem lepem slovenskem vrtu imam japonski javor. Nabrala sem nekaj njegovih \u010dudovitih listov, jih stisnila in posu\u0161ila. Nato jih prema\u017eem z ve\u010d plastmi kristalno \u010diste UV smole. Rezultat je ta \u010dudovita naravna ogrlica. Da bi poudarila naravno lepoto lista, sem njegove \u017eile poudarila z zlato barvo, na povr\u0161ino lista pa dodala malo bakrenega prahu&#8230;.<\/p>","protected":false},"featured_media":3945,"comment_status":"open","ping_status":"closed","template":"","meta":{"_kadence_starter_templates_imported_post":false,"_kad_post_transparent":"default","_kad_post_title":"","_kad_post_layout":"default","_kad_post_sidebar_id":"","_kad_post_content_style":"default","_kad_post_vertical_padding":"default","_kad_post_feature":"","_kad_post_feature_position":"","_kad_post_header":false,"_kad_post_footer":false},"product_brand":[],"product_cat":[20],"product_tag":[1081,94,529,208,454,1080,1078,1077,1082,1083,65,1079,67,60,1076,1073,1074,1075,168,1072,205],"class_list":{"0":"post-2952","1":"product","2":"type-product","3":"status-publish","4":"has-post-thumbnail","6":"product_cat-necklaces","7":"product_tag-ahornblatt-halskette","8":"product_tag-birthday_gift","9":"product_tag-boho-necklace","10":"product_tag-boho_pendant","11":"product_tag-botanical_necklace","12":"product_tag-collana-con-foglia-dacero","13":"product_tag-collana-in-acero","14":"product_tag-collar-de-arce","15":"product_tag-collar-de-hoja-de-arce","16":"product_tag-collier-feuille-derable","17":"product_tag-gift_for_her","18":"product_tag-halskette-aus-ahorn","19":"product_tag-handmade_jewelry","20":"product_tag-handmade_necklace","21":"product_tag-maple-leaf-necklace","22":"product_tag-maple-necklace","23":"product_tag-maple-resin-necklace","24":"product_tag-press-leaf-necklace","25":"product_tag-resin_necklace","26":"product_tag-terrarium-necklace","27":"product_tag-unique_necklace","29":"first","30":"instock","31":"taxable","32":"shipping-taxable","33":"purchasable","34":"product-type-simple","35":"entry","36":"content-bg","37":"loop-entry"},"yoast_head":"<!-- This site is optimized with the Yoast SEO plugin v26.6 - https:\/\/yoast.com\/wordpress\/plugins\/seo\/ -->\n<title>Ogrlica iz stisnjenega lista japonskega javorja - Mala s mora<\/title>\n<meta name=\"description\" content=\"Real Japanese maple pressed leaf resin necklace, Ogrlica iz pravega stisnjenega lista japonskega javorja, Ogrlica od pravog pre\u0161anog lista japanskog javora\" \/>\n<meta name=\"robots\" content=\"index, follow, max-snippet:-1, max-image-preview:large, max-video-preview:-1\" \/>\n<link rel=\"canonical\" href=\"https:\/\/www.malasmora.si\/hr\/proizvod\/maple_leaf_necklace\/\" \/>\n<meta property=\"og:locale\" content=\"hr_HR\" \/>\n<meta property=\"og:type\" content=\"article\" \/>\n<meta property=\"og:title\" content=\"Ogrlica iz stisnjenega lista japonskega javorja - Mala s mora\" \/>\n<meta property=\"og:description\" content=\"Real Japanese maple pressed leaf resin necklace, Ogrlica iz pravega stisnjenega lista japonskega javorja, Ogrlica od pravog pre\u0161anog lista japanskog javora\" \/>\n<meta property=\"og:url\" content=\"https:\/\/www.malasmora.si\/hr\/proizvod\/maple_leaf_necklace\/\" \/>\n<meta property=\"og:site_name\" content=\"Mala s mora\" \/>\n<meta property=\"article:publisher\" content=\"https:\/\/www.facebook.com\/MalaSMoraArt\/\" \/>\n<meta property=\"article:modified_time\" content=\"2025-11-20T17:25:56+00:00\" \/>\n<meta property=\"og:image\" content=\"https:\/\/www.malasmora.si\/wp-content\/uploads\/2024\/10\/maple_leaf_necklace_02.jpg\" \/>\n\t<meta property=\"og:image:width\" content=\"794\" \/>\n\t<meta property=\"og:image:height\" content=\"1059\" \/>\n\t<meta property=\"og:image:type\" content=\"image\/jpeg\" \/>\n<meta name=\"twitter:card\" content=\"summary_large_image\" \/>\n<meta name=\"twitter:label1\" content=\"Procijenjeno vrijeme \u010ditanja\" \/>\n\t<meta name=\"twitter:data1\" content=\"2 minute\" \/>\n<script type=\"application\/ld+json\" class=\"yoast-schema-graph\">{\"@context\":\"https:\/\/schema.org\",\"@graph\":[{\"@type\":\"WebPage\",\"@id\":\"https:\/\/www.malasmora.si\/izdelek\/maple_leaf_necklace\/\",\"url\":\"https:\/\/www.malasmora.si\/izdelek\/maple_leaf_necklace\/\",\"name\":\"Ogrlica iz stisnjenega lista japonskega javorja - Mala s mora\",\"isPartOf\":{\"@id\":\"https:\/\/www.malasmora.si\/#website\"},\"primaryImageOfPage\":{\"@id\":\"https:\/\/www.malasmora.si\/izdelek\/maple_leaf_necklace\/#primaryimage\"},\"image\":{\"@id\":\"https:\/\/www.malasmora.si\/izdelek\/maple_leaf_necklace\/#primaryimage\"},\"thumbnailUrl\":\"https:\/\/www.malasmora.si\/wp-content\/uploads\/2024\/10\/maple_leaf_necklace_02.jpg\",\"datePublished\":\"2025-11-20T16:25:20+00:00\",\"dateModified\":\"2025-11-20T17:25:56+00:00\",\"description\":\"Real Japanese maple pressed leaf resin necklace, Ogrlica iz pravega stisnjenega lista japonskega javorja, Ogrlica od pravog pre\u0161anog lista japanskog javora\",\"breadcrumb\":{\"@id\":\"https:\/\/www.malasmora.si\/izdelek\/maple_leaf_necklace\/#breadcrumb\"},\"inLanguage\":\"hr\",\"potentialAction\":[{\"@type\":\"ReadAction\",\"target\":[\"https:\/\/www.malasmora.si\/izdelek\/maple_leaf_necklace\/\"]}]},{\"@type\":\"ImageObject\",\"inLanguage\":\"hr\",\"@id\":\"https:\/\/www.malasmora.si\/izdelek\/maple_leaf_necklace\/#primaryimage\",\"url\":\"https:\/\/www.malasmora.si\/wp-content\/uploads\/2024\/10\/maple_leaf_necklace_02.jpg\",\"contentUrl\":\"https:\/\/www.malasmora.si\/wp-content\/uploads\/2024\/10\/maple_leaf_necklace_02.jpg\",\"width\":794,\"height\":1059,\"caption\":\"maple_leaf_necklace\"},{\"@type\":\"BreadcrumbList\",\"@id\":\"https:\/\/www.malasmora.si\/izdelek\/maple_leaf_necklace\/#breadcrumb\",\"itemListElement\":[{\"@type\":\"ListItem\",\"position\":1,\"name\":\"Home\",\"item\":\"https:\/\/www.malasmora.si\/\"},{\"@type\":\"ListItem\",\"position\":2,\"name\":\"Shop\",\"item\":\"https:\/\/www.malasmora.si\/shop\/\"},{\"@type\":\"ListItem\",\"position\":3,\"name\":\"Ogrlica iz stisnjenega lista japonskega javorja\"}]},{\"@type\":\"WebSite\",\"@id\":\"https:\/\/www.malasmora.si\/#website\",\"url\":\"https:\/\/www.malasmora.si\/\",\"name\":\"Mala s mora\",\"description\":\"Ro\u010dno izdelan nakit iz epoksi smole\",\"publisher\":{\"@id\":\"https:\/\/www.malasmora.si\/#organization\"},\"potentialAction\":[{\"@type\":\"SearchAction\",\"target\":{\"@type\":\"EntryPoint\",\"urlTemplate\":\"https:\/\/www.malasmora.si\/?s={search_term_string}\"},\"query-input\":{\"@type\":\"PropertyValueSpecification\",\"valueRequired\":true,\"valueName\":\"search_term_string\"}}],\"inLanguage\":\"hr\"},{\"@type\":\"Organization\",\"@id\":\"https:\/\/www.malasmora.si\/#organization\",\"name\":\"Mala s mora\",\"url\":\"https:\/\/www.malasmora.si\/\",\"logo\":{\"@type\":\"ImageObject\",\"inLanguage\":\"hr\",\"@id\":\"https:\/\/www.malasmora.si\/#\/schema\/logo\/image\/\",\"url\":\"https:\/\/www.malasmora.si\/wp-content\/uploads\/2025\/07\/logo_novi_03.png\",\"contentUrl\":\"https:\/\/www.malasmora.si\/wp-content\/uploads\/2025\/07\/logo_novi_03.png\",\"width\":1536,\"height\":1024,\"caption\":\"Mala s mora\"},\"image\":{\"@id\":\"https:\/\/www.malasmora.si\/#\/schema\/logo\/image\/\"},\"sameAs\":[\"https:\/\/www.facebook.com\/MalaSMoraArt\/\"]}]}<\/script>\n<!-- \/ Yoast SEO plugin. -->","yoast_head_json":{"title":"Ogrlica iz stisnjenega lista japonskega javorja - Mala s mora","description":"Real Japanese maple pressed leaf resin necklace, Ogrlica iz pravega stisnjenega lista japonskega javorja, Ogrlica od pravog pre\u0161anog lista japanskog javora","robots":{"index":"index","follow":"follow","max-snippet":"max-snippet:-1","max-image-preview":"max-image-preview:large","max-video-preview":"max-video-preview:-1"},"canonical":"https:\/\/www.malasmora.si\/hr\/proizvod\/maple_leaf_necklace\/","og_locale":"hr_HR","og_type":"article","og_title":"Ogrlica iz stisnjenega lista japonskega javorja - Mala s mora","og_description":"Real Japanese maple pressed leaf resin necklace, Ogrlica iz pravega stisnjenega lista japonskega javorja, Ogrlica od pravog pre\u0161anog lista japanskog javora","og_url":"https:\/\/www.malasmora.si\/hr\/proizvod\/maple_leaf_necklace\/","og_site_name":"Mala s mora","article_publisher":"https:\/\/www.facebook.com\/MalaSMoraArt\/","article_modified_time":"2025-11-20T17:25:56+00:00","og_image":[{"width":794,"height":1059,"url":"https:\/\/www.malasmora.si\/wp-content\/uploads\/2024\/10\/maple_leaf_necklace_02.jpg","type":"image\/jpeg"}],"twitter_card":"summary_large_image","twitter_misc":{"Procijenjeno vrijeme \u010ditanja":"2 minute"},"schema":{"@context":"https:\/\/schema.org","@graph":[{"@type":"WebPage","@id":"https:\/\/www.malasmora.si\/izdelek\/maple_leaf_necklace\/","url":"https:\/\/www.malasmora.si\/izdelek\/maple_leaf_necklace\/","name":"Ogrlica iz stisnjenega lista japonskega javorja - Mala s mora","isPartOf":{"@id":"https:\/\/www.malasmora.si\/#website"},"primaryImageOfPage":{"@id":"https:\/\/www.malasmora.si\/izdelek\/maple_leaf_necklace\/#primaryimage"},"image":{"@id":"https:\/\/www.malasmora.si\/izdelek\/maple_leaf_necklace\/#primaryimage"},"thumbnailUrl":"https:\/\/www.malasmora.si\/wp-content\/uploads\/2024\/10\/maple_leaf_necklace_02.jpg","datePublished":"2025-11-20T16:25:20+00:00","dateModified":"2025-11-20T17:25:56+00:00","description":"Real Japanese maple pressed leaf resin necklace, Ogrlica iz pravega stisnjenega lista japonskega javorja, Ogrlica od pravog pre\u0161anog lista japanskog javora","breadcrumb":{"@id":"https:\/\/www.malasmora.si\/izdelek\/maple_leaf_necklace\/#breadcrumb"},"inLanguage":"hr","potentialAction":[{"@type":"ReadAction","target":["https:\/\/www.malasmora.si\/izdelek\/maple_leaf_necklace\/"]}]},{"@type":"ImageObject","inLanguage":"hr","@id":"https:\/\/www.malasmora.si\/izdelek\/maple_leaf_necklace\/#primaryimage","url":"https:\/\/www.malasmora.si\/wp-content\/uploads\/2024\/10\/maple_leaf_necklace_02.jpg","contentUrl":"https:\/\/www.malasmora.si\/wp-content\/uploads\/2024\/10\/maple_leaf_necklace_02.jpg","width":794,"height":1059,"caption":"maple_leaf_necklace"},{"@type":"BreadcrumbList","@id":"https:\/\/www.malasmora.si\/izdelek\/maple_leaf_necklace\/#breadcrumb","itemListElement":[{"@type":"ListItem","position":1,"name":"Home","item":"https:\/\/www.malasmora.si\/"},{"@type":"ListItem","position":2,"name":"Shop","item":"https:\/\/www.malasmora.si\/shop\/"},{"@type":"ListItem","position":3,"name":"Ogrlica iz stisnjenega lista japonskega javorja"}]},{"@type":"WebSite","@id":"https:\/\/www.malasmora.si\/#website","url":"https:\/\/www.malasmora.si\/","name":"Mala s mora","description":"Ro\u010dno izdelan nakit iz epoksi smole","publisher":{"@id":"https:\/\/www.malasmora.si\/#organization"},"potentialAction":[{"@type":"SearchAction","target":{"@type":"EntryPoint","urlTemplate":"https:\/\/www.malasmora.si\/?s={search_term_string}"},"query-input":{"@type":"PropertyValueSpecification","valueRequired":true,"valueName":"search_term_string"}}],"inLanguage":"hr"},{"@type":"Organization","@id":"https:\/\/www.malasmora.si\/#organization","name":"Mala s mora","url":"https:\/\/www.malasmora.si\/","logo":{"@type":"ImageObject","inLanguage":"hr","@id":"https:\/\/www.malasmora.si\/#\/schema\/logo\/image\/","url":"https:\/\/www.malasmora.si\/wp-content\/uploads\/2025\/07\/logo_novi_03.png","contentUrl":"https:\/\/www.malasmora.si\/wp-content\/uploads\/2025\/07\/logo_novi_03.png","width":1536,"height":1024,"caption":"Mala s mora"},"image":{"@id":"https:\/\/www.malasmora.si\/#\/schema\/logo\/image\/"},"sameAs":["https:\/\/www.facebook.com\/MalaSMoraArt\/"]}]}},"_links":{"self":[{"href":"https:\/\/www.malasmora.si\/hr\/wp-json\/wp\/v2\/product\/2952","targetHints":{"allow":["GET"]}}],"collection":[{"href":"https:\/\/www.malasmora.si\/hr\/wp-json\/wp\/v2\/product"}],"about":[{"href":"https:\/\/www.malasmora.si\/hr\/wp-json\/wp\/v2\/types\/product"}],"replies":[{"embeddable":true,"href":"https:\/\/www.malasmora.si\/hr\/wp-json\/wp\/v2\/comments?post=2952"}],"wp:featuredmedia":[{"embeddable":true,"href":"https:\/\/www.malasmora.si\/hr\/wp-json\/wp\/v2\/media\/3945"}],"wp:attachment":[{"href":"https:\/\/www.malasmora.si\/hr\/wp-json\/wp\/v2\/media?parent=2952"}],"wp:term":[{"taxonomy":"product_brand","embeddable":true,"href":"https:\/\/www.malasmora.si\/hr\/wp-json\/wp\/v2\/product_brand?post=2952"},{"taxonomy":"product_cat","embeddable":true,"href":"https:\/\/www.malasmora.si\/hr\/wp-json\/wp\/v2\/product_cat?post=2952"},{"taxonomy":"product_tag","embeddable":true,"href":"https:\/\/www.malasmora.si\/hr\/wp-json\/wp\/v2\/product_tag?post=2952"}],"curies":[{"name":"wp","href":"https:\/\/api.w.org\/{rel}","templated":true}]}}