{"id":3108,"date":"2024-11-06T13:58:41","date_gmt":"2024-11-06T11:58:41","guid":{"rendered":"https:\/\/www.malasmora.si\/?post_type=product&#038;p=3108"},"modified":"2025-01-01T00:07:41","modified_gmt":"2024-12-31T22:07:41","slug":"glitter_christmas_snowflake","status":"publish","type":"product","link":"https:\/\/www.malasmora.si\/hr\/proizvod\/glitter_christmas_snowflake\/","title":{"rendered":"Bo\u017ei\u010dna ble\u0161\u010de\u010da sne\u017einka iz smole"},"content":{"rendered":"<p>Ble\u0161\u010de\u010di okraski sne\u017einke iz smole so odli\u010dna ideja za darilo za bo\u017ei\u010dno in prazni\u010dno dekoracijo. Je odli\u010dno darilo za ljubitelje sne\u017eink in idealno za popestritev bo\u017ei\u010dnega vzdu\u0161ja.<\/p>\n<p><img decoding=\"async\" class=\"emoji\" role=\"img\" draggable=\"false\" src=\"https:\/\/s.w.org\/images\/core\/emoji\/15.0.3\/svg\/1f332.svg\" alt=\"\ud83c\udf32\" \/>Ti okraski so ljubek in prazni\u010den na\u010din za popestritev va\u0161ega bo\u017ei\u010dnega drevesca.<br \/>\nVsak okras je opremljen z <span class=\"HwtZe\" lang=\"sl\"><span class=\"jCAhz ChMk0b\"><span class=\"ryNqvb\">rde\u010do vrvico<\/span><\/span><\/span>, in je pripravljen za obe\u0161anje na va\u0161e bo\u017ei\u010dno drevesce<img decoding=\"async\" class=\"emoji\" role=\"img\" draggable=\"false\" src=\"https:\/\/s.w.org\/images\/core\/emoji\/15.0.3\/svg\/1f384.svg\" alt=\"\ud83c\udf84\" \/><\/p>\n<p>\u2744\ufe0fVelikost sne\u017einke je 10,5 x 10,5 cm (4,13&#8243; x 4,13&#8243;)\u2744\ufe0f<\/p>\n<p><img decoding=\"async\" class=\"emoji\" role=\"img\" draggable=\"false\" src=\"https:\/\/s.w.org\/images\/core\/emoji\/15.0.3\/svg\/1f536.svg\" alt=\"\ud83d\udd36\" \/>Upo\u0161tevajte, da sem vse svoje izdelke ro\u010dno izdelala, torej ne obstajajo dva enaka izdelka.\u00a0 Poleg tega zaradi ro\u010dne izdelave vedno obstaja mo\u017enost majhnih nepravilnosti in mehur\u010dkov.<\/p>\n<p><img decoding=\"async\" class=\"emoji\" role=\"img\" draggable=\"false\" src=\"https:\/\/s.w.org\/images\/core\/emoji\/15.0.3\/svg\/1f536.svg\" alt=\"\ud83d\udd36\" \/>Imajte na umu da se boja mo\u017ee neznatno razlikovati na nekim monitorima zbog razli\u010ditih postavki slike.<\/p>\n<p>&nbsp;<\/p>","protected":false},"excerpt":{"rendered":"<p>Ble\u0161\u010de\u010di okraski sne\u017einke iz smole so odli\u010dna ideja za darilo za bo\u017ei\u010dno in prazni\u010dno dekoracijo. Je odli\u010dno darilo za ljubitelje sne\u017eink in idealno za popestritev bo\u017ei\u010dnega vzdu\u0161ja. Ti okraski so ljubek in prazni\u010den na\u010din za popestritev va\u0161ega bo\u017ei\u010dnega drevesca. Vsak okras je opremljen z rde\u010do vrvico, in je pripravljen za obe\u0161anje na va\u0161e bo\u017ei\u010dno drevesce&#8230;<\/p>","protected":false},"featured_media":3113,"comment_status":"open","ping_status":"closed","template":"","meta":{"_kadence_starter_templates_imported_post":false,"_kad_post_transparent":"default","_kad_post_title":"","_kad_post_layout":"default","_kad_post_sidebar_id":"","_kad_post_content_style":"default","_kad_post_vertical_padding":"default","_kad_post_feature":"","_kad_post_feature_position":"","_kad_post_header":false,"_kad_post_footer":false},"product_brand":[],"product_cat":[360],"product_tag":[338,348,346,769,634,767,149,65,107,66,353,341,351,350,339,349,345],"class_list":{"0":"post-3108","1":"product","2":"type-product","3":"status-publish","4":"has-post-thumbnail","6":"product_cat-christmas_ornaments","7":"product_tag-christmas_decoration","8":"product_tag-christmas_gift","9":"product_tag-christmas_ornaments","10":"product_tag-christmas_snowflake_ornament","11":"product_tag-christmas_tree_decoration","12":"product_tag-colorful_christmas_ornament","13":"product_tag-gift_for_dad","14":"product_tag-gift_for_her","15":"product_tag-gift_for_him","16":"product_tag-gift_for_mum","17":"product_tag-glitter_snowflake","18":"product_tag-handmade_ornament","19":"product_tag-handmade_snowflake","20":"product_tag-home_decoration","21":"product_tag-resin_ornament","22":"product_tag-seasonal_decoration","23":"product_tag-unique_ornament","25":"first","26":"instock","27":"sold-individually","28":"taxable","29":"shipping-taxable","30":"purchasable","31":"product-type-variable","32":"entry","33":"content-bg","34":"loop-entry"},"yoast_head":"<!-- This site is optimized with the Yoast SEO plugin v26.6 - https:\/\/yoast.com\/wordpress\/plugins\/seo\/ -->\n<title>Bo\u017ei\u010dna ble\u0161\u010de\u010da sne\u017einka iz smole - Mala s mora<\/title>\n<meta name=\"description\" content=\"Christmas resin sparkling snowflake ornament, Bo\u017ei\u010dni okras v obliki ble\u0161\u010de\u010de sne\u017einke iz smole, Bo\u017ei\u0107ni ukras svjetlucave pahulje od smole\" \/>\n<meta name=\"robots\" content=\"index, follow, max-snippet:-1, max-image-preview:large, max-video-preview:-1\" \/>\n<link rel=\"canonical\" href=\"https:\/\/www.malasmora.si\/hr\/proizvod\/glitter_christmas_snowflake\/\" \/>\n<meta property=\"og:locale\" content=\"hr_HR\" \/>\n<meta property=\"og:type\" content=\"article\" \/>\n<meta property=\"og:title\" content=\"Bo\u017ei\u010dna ble\u0161\u010de\u010da sne\u017einka iz smole - Mala s mora\" \/>\n<meta property=\"og:description\" content=\"Christmas resin sparkling snowflake ornament, Bo\u017ei\u010dni okras v obliki ble\u0161\u010de\u010de sne\u017einke iz smole, Bo\u017ei\u0107ni ukras svjetlucave pahulje od smole\" \/>\n<meta property=\"og:url\" content=\"https:\/\/www.malasmora.si\/hr\/proizvod\/glitter_christmas_snowflake\/\" \/>\n<meta property=\"og:site_name\" content=\"Mala s mora\" \/>\n<meta property=\"article:publisher\" content=\"https:\/\/www.facebook.com\/MalaSMoraArt\/\" \/>\n<meta property=\"article:modified_time\" content=\"2024-12-31T22:07:41+00:00\" \/>\n<meta property=\"og:image\" content=\"https:\/\/www.malasmora.si\/wp-content\/uploads\/2024\/11\/sparkling_glitter_resin_snowflake_ornament_3-scaled.jpg\" \/>\n\t<meta property=\"og:image:width\" content=\"1920\" \/>\n\t<meta property=\"og:image:height\" content=\"2560\" \/>\n\t<meta property=\"og:image:type\" content=\"image\/jpeg\" \/>\n<meta name=\"twitter:card\" content=\"summary_large_image\" \/>\n<meta name=\"twitter:label1\" content=\"Procijenjeno vrijeme \u010ditanja\" \/>\n\t<meta name=\"twitter:data1\" content=\"2 minute\" \/>\n<script type=\"application\/ld+json\" class=\"yoast-schema-graph\">{\"@context\":\"https:\/\/schema.org\",\"@graph\":[{\"@type\":\"WebPage\",\"@id\":\"https:\/\/www.malasmora.si\/izdelek\/glitter_christmas_snowflake\/\",\"url\":\"https:\/\/www.malasmora.si\/izdelek\/glitter_christmas_snowflake\/\",\"name\":\"Bo\u017ei\u010dna ble\u0161\u010de\u010da sne\u017einka iz smole - Mala s mora\",\"isPartOf\":{\"@id\":\"https:\/\/www.malasmora.si\/#website\"},\"primaryImageOfPage\":{\"@id\":\"https:\/\/www.malasmora.si\/izdelek\/glitter_christmas_snowflake\/#primaryimage\"},\"image\":{\"@id\":\"https:\/\/www.malasmora.si\/izdelek\/glitter_christmas_snowflake\/#primaryimage\"},\"thumbnailUrl\":\"https:\/\/www.malasmora.si\/wp-content\/uploads\/2024\/11\/sparkling_glitter_resin_snowflake_ornament_3-scaled.jpg\",\"datePublished\":\"2024-11-06T11:58:41+00:00\",\"dateModified\":\"2024-12-31T22:07:41+00:00\",\"description\":\"Christmas resin sparkling snowflake ornament, Bo\u017ei\u010dni okras v obliki ble\u0161\u010de\u010de sne\u017einke iz smole, Bo\u017ei\u0107ni ukras svjetlucave pahulje od smole\",\"breadcrumb\":{\"@id\":\"https:\/\/www.malasmora.si\/izdelek\/glitter_christmas_snowflake\/#breadcrumb\"},\"inLanguage\":\"hr\",\"potentialAction\":[{\"@type\":\"ReadAction\",\"target\":[\"https:\/\/www.malasmora.si\/izdelek\/glitter_christmas_snowflake\/\"]}]},{\"@type\":\"ImageObject\",\"inLanguage\":\"hr\",\"@id\":\"https:\/\/www.malasmora.si\/izdelek\/glitter_christmas_snowflake\/#primaryimage\",\"url\":\"https:\/\/www.malasmora.si\/wp-content\/uploads\/2024\/11\/sparkling_glitter_resin_snowflake_ornament_3-scaled.jpg\",\"contentUrl\":\"https:\/\/www.malasmora.si\/wp-content\/uploads\/2024\/11\/sparkling_glitter_resin_snowflake_ornament_3-scaled.jpg\",\"width\":1920,\"height\":2560,\"caption\":\"sparkling_glitter_resin_snowflake_ornament\"},{\"@type\":\"BreadcrumbList\",\"@id\":\"https:\/\/www.malasmora.si\/izdelek\/glitter_christmas_snowflake\/#breadcrumb\",\"itemListElement\":[{\"@type\":\"ListItem\",\"position\":1,\"name\":\"Home\",\"item\":\"https:\/\/www.malasmora.si\/\"},{\"@type\":\"ListItem\",\"position\":2,\"name\":\"Shop\",\"item\":\"https:\/\/www.malasmora.si\/shop\/\"},{\"@type\":\"ListItem\",\"position\":3,\"name\":\"Bo\u017ei\u010dna ble\u0161\u010de\u010da sne\u017einka iz smole\"}]},{\"@type\":\"WebSite\",\"@id\":\"https:\/\/www.malasmora.si\/#website\",\"url\":\"https:\/\/www.malasmora.si\/\",\"name\":\"Mala s mora\",\"description\":\"Ro\u010dno izdelan nakit iz epoksi smole\",\"publisher\":{\"@id\":\"https:\/\/www.malasmora.si\/#organization\"},\"potentialAction\":[{\"@type\":\"SearchAction\",\"target\":{\"@type\":\"EntryPoint\",\"urlTemplate\":\"https:\/\/www.malasmora.si\/?s={search_term_string}\"},\"query-input\":{\"@type\":\"PropertyValueSpecification\",\"valueRequired\":true,\"valueName\":\"search_term_string\"}}],\"inLanguage\":\"hr\"},{\"@type\":\"Organization\",\"@id\":\"https:\/\/www.malasmora.si\/#organization\",\"name\":\"Mala s mora\",\"url\":\"https:\/\/www.malasmora.si\/\",\"logo\":{\"@type\":\"ImageObject\",\"inLanguage\":\"hr\",\"@id\":\"https:\/\/www.malasmora.si\/#\/schema\/logo\/image\/\",\"url\":\"https:\/\/www.malasmora.si\/wp-content\/uploads\/2025\/07\/logo_novi_03.png\",\"contentUrl\":\"https:\/\/www.malasmora.si\/wp-content\/uploads\/2025\/07\/logo_novi_03.png\",\"width\":1536,\"height\":1024,\"caption\":\"Mala s mora\"},\"image\":{\"@id\":\"https:\/\/www.malasmora.si\/#\/schema\/logo\/image\/\"},\"sameAs\":[\"https:\/\/www.facebook.com\/MalaSMoraArt\/\"]}]}<\/script>\n<!-- \/ Yoast SEO plugin. -->","yoast_head_json":{"title":"Bo\u017ei\u010dna ble\u0161\u010de\u010da sne\u017einka iz smole - Mala s mora","description":"Christmas resin sparkling snowflake ornament, Bo\u017ei\u010dni okras v obliki ble\u0161\u010de\u010de sne\u017einke iz smole, Bo\u017ei\u0107ni ukras svjetlucave pahulje od smole","robots":{"index":"index","follow":"follow","max-snippet":"max-snippet:-1","max-image-preview":"max-image-preview:large","max-video-preview":"max-video-preview:-1"},"canonical":"https:\/\/www.malasmora.si\/hr\/proizvod\/glitter_christmas_snowflake\/","og_locale":"hr_HR","og_type":"article","og_title":"Bo\u017ei\u010dna ble\u0161\u010de\u010da sne\u017einka iz smole - Mala s mora","og_description":"Christmas resin sparkling snowflake ornament, Bo\u017ei\u010dni okras v obliki ble\u0161\u010de\u010de sne\u017einke iz smole, Bo\u017ei\u0107ni ukras svjetlucave pahulje od smole","og_url":"https:\/\/www.malasmora.si\/hr\/proizvod\/glitter_christmas_snowflake\/","og_site_name":"Mala s mora","article_publisher":"https:\/\/www.facebook.com\/MalaSMoraArt\/","article_modified_time":"2024-12-31T22:07:41+00:00","og_image":[{"width":1920,"height":2560,"url":"https:\/\/www.malasmora.si\/wp-content\/uploads\/2024\/11\/sparkling_glitter_resin_snowflake_ornament_3-scaled.jpg","type":"image\/jpeg"}],"twitter_card":"summary_large_image","twitter_misc":{"Procijenjeno vrijeme \u010ditanja":"2 minute"},"schema":{"@context":"https:\/\/schema.org","@graph":[{"@type":"WebPage","@id":"https:\/\/www.malasmora.si\/izdelek\/glitter_christmas_snowflake\/","url":"https:\/\/www.malasmora.si\/izdelek\/glitter_christmas_snowflake\/","name":"Bo\u017ei\u010dna ble\u0161\u010de\u010da sne\u017einka iz smole - Mala s mora","isPartOf":{"@id":"https:\/\/www.malasmora.si\/#website"},"primaryImageOfPage":{"@id":"https:\/\/www.malasmora.si\/izdelek\/glitter_christmas_snowflake\/#primaryimage"},"image":{"@id":"https:\/\/www.malasmora.si\/izdelek\/glitter_christmas_snowflake\/#primaryimage"},"thumbnailUrl":"https:\/\/www.malasmora.si\/wp-content\/uploads\/2024\/11\/sparkling_glitter_resin_snowflake_ornament_3-scaled.jpg","datePublished":"2024-11-06T11:58:41+00:00","dateModified":"2024-12-31T22:07:41+00:00","description":"Christmas resin sparkling snowflake ornament, Bo\u017ei\u010dni okras v obliki ble\u0161\u010de\u010de sne\u017einke iz smole, Bo\u017ei\u0107ni ukras svjetlucave pahulje od smole","breadcrumb":{"@id":"https:\/\/www.malasmora.si\/izdelek\/glitter_christmas_snowflake\/#breadcrumb"},"inLanguage":"hr","potentialAction":[{"@type":"ReadAction","target":["https:\/\/www.malasmora.si\/izdelek\/glitter_christmas_snowflake\/"]}]},{"@type":"ImageObject","inLanguage":"hr","@id":"https:\/\/www.malasmora.si\/izdelek\/glitter_christmas_snowflake\/#primaryimage","url":"https:\/\/www.malasmora.si\/wp-content\/uploads\/2024\/11\/sparkling_glitter_resin_snowflake_ornament_3-scaled.jpg","contentUrl":"https:\/\/www.malasmora.si\/wp-content\/uploads\/2024\/11\/sparkling_glitter_resin_snowflake_ornament_3-scaled.jpg","width":1920,"height":2560,"caption":"sparkling_glitter_resin_snowflake_ornament"},{"@type":"BreadcrumbList","@id":"https:\/\/www.malasmora.si\/izdelek\/glitter_christmas_snowflake\/#breadcrumb","itemListElement":[{"@type":"ListItem","position":1,"name":"Home","item":"https:\/\/www.malasmora.si\/"},{"@type":"ListItem","position":2,"name":"Shop","item":"https:\/\/www.malasmora.si\/shop\/"},{"@type":"ListItem","position":3,"name":"Bo\u017ei\u010dna ble\u0161\u010de\u010da sne\u017einka iz smole"}]},{"@type":"WebSite","@id":"https:\/\/www.malasmora.si\/#website","url":"https:\/\/www.malasmora.si\/","name":"Mala s mora","description":"Ro\u010dno izdelan nakit iz epoksi smole","publisher":{"@id":"https:\/\/www.malasmora.si\/#organization"},"potentialAction":[{"@type":"SearchAction","target":{"@type":"EntryPoint","urlTemplate":"https:\/\/www.malasmora.si\/?s={search_term_string}"},"query-input":{"@type":"PropertyValueSpecification","valueRequired":true,"valueName":"search_term_string"}}],"inLanguage":"hr"},{"@type":"Organization","@id":"https:\/\/www.malasmora.si\/#organization","name":"Mala s mora","url":"https:\/\/www.malasmora.si\/","logo":{"@type":"ImageObject","inLanguage":"hr","@id":"https:\/\/www.malasmora.si\/#\/schema\/logo\/image\/","url":"https:\/\/www.malasmora.si\/wp-content\/uploads\/2025\/07\/logo_novi_03.png","contentUrl":"https:\/\/www.malasmora.si\/wp-content\/uploads\/2025\/07\/logo_novi_03.png","width":1536,"height":1024,"caption":"Mala s mora"},"image":{"@id":"https:\/\/www.malasmora.si\/#\/schema\/logo\/image\/"},"sameAs":["https:\/\/www.facebook.com\/MalaSMoraArt\/"]}]}},"_links":{"self":[{"href":"https:\/\/www.malasmora.si\/hr\/wp-json\/wp\/v2\/product\/3108","targetHints":{"allow":["GET"]}}],"collection":[{"href":"https:\/\/www.malasmora.si\/hr\/wp-json\/wp\/v2\/product"}],"about":[{"href":"https:\/\/www.malasmora.si\/hr\/wp-json\/wp\/v2\/types\/product"}],"replies":[{"embeddable":true,"href":"https:\/\/www.malasmora.si\/hr\/wp-json\/wp\/v2\/comments?post=3108"}],"wp:featuredmedia":[{"embeddable":true,"href":"https:\/\/www.malasmora.si\/hr\/wp-json\/wp\/v2\/media\/3113"}],"wp:attachment":[{"href":"https:\/\/www.malasmora.si\/hr\/wp-json\/wp\/v2\/media?parent=3108"}],"wp:term":[{"taxonomy":"product_brand","embeddable":true,"href":"https:\/\/www.malasmora.si\/hr\/wp-json\/wp\/v2\/product_brand?post=3108"},{"taxonomy":"product_cat","embeddable":true,"href":"https:\/\/www.malasmora.si\/hr\/wp-json\/wp\/v2\/product_cat?post=3108"},{"taxonomy":"product_tag","embeddable":true,"href":"https:\/\/www.malasmora.si\/hr\/wp-json\/wp\/v2\/product_tag?post=3108"}],"curies":[{"name":"wp","href":"https:\/\/api.w.org\/{rel}","templated":true}]}}