{"id":3119,"date":"2024-11-06T14:22:41","date_gmt":"2024-11-06T12:22:41","guid":{"rendered":"https:\/\/www.malasmora.si\/?post_type=product&#038;p=3119"},"modified":"2025-11-08T13:29:56","modified_gmt":"2025-11-08T11:29:56","slug":"real_pansy_earrings","status":"publish","type":"product","link":"https:\/\/www.malasmora.si\/hr\/proizvod\/real_pansy_earrings\/","title":{"rendered":"Uhani s pravimi ma\u010duhicami"},"content":{"rendered":"<p>Ti ne\u017eni uhani ma\u010dehice so ro\u010dno izdelani iz ljubkih pravih rumenih in vijoli\u010dnih cvetov ma\u010dehic, srebrnih ali zlatih listi\u010dev in visokokakovostne kristalno \u010diste UV smole. Ne\u017eni cvetovi ma\u010deh so iz mojega vrta. Skrbno sem jih nabrala, posu\u0161ila in konzervirala v ve\u010d plasteh smole.<br \/>\nIzbirate lahko med dvema okvirjema: s srebrno ali zlato barvo. Oba sta zelo elegantna.<\/p>\n<p>\u2757Uhani so pakirani v ljubki darilni \u0161katli, pripravljeni, da jih podarite nekomu posebnemu\u2757<\/p>\n<p>\ud83d\udcaeTo so popolni pravi cvetli\u010dni uhani, ki vas ponovno pove\u017eejo z materjo naravo!\ud83d\udcae<\/p>\n<p>\ud83d\udcd0Dimenzije:<br \/>\nCelotna dol\u017eina je 5.6 cm (2.20&#8243;)<br \/>\nObesek je \u0161irok 2,5 cm (0,98&#8243;)<\/p>\n<p><img decoding=\"async\" class=\"emoji\" role=\"img\" draggable=\"false\" src=\"https:\/\/s.w.org\/images\/core\/emoji\/15.0.3\/svg\/1f496.svg\" alt=\"\ud83d\udc96\" \/> NJEGA ZA RU\u010cNO IZRA\u0110ENI NAKIT <img decoding=\"async\" class=\"emoji\" role=\"img\" draggable=\"false\" src=\"https:\/\/s.w.org\/images\/core\/emoji\/15.0.3\/svg\/1f496.svg\" alt=\"\ud83d\udc96\" \/><br \/>\nProsimo, hranite na suhem mestu in se izogibajte dolgotrajni neposredni son\u010dni svetlobi, vodi, kemikalijam in parfumom, da ohranite lepoto nakita.<\/p>\n<p>\ud83d\udd36 Vsi moji izdelki so ro\u010dno izdelani, torej ne obstajajo dva enaka izdelka. Poleg tega zaradi ro\u010dne izdelave vedno obstaja mo\u017enost majhnih nepravilnosti in mehur\u010dkov.<\/p>\n<p>\ud83d\udd36Upo\u0161tevajte, da se lahko na nekaterih ra\u010dunalni\u0161kih monitorjih zaradi razli\u010dnih nastavitev slike barva nekoliko razlikuje.<\/p>\n<p>&nbsp;<\/p>","protected":false},"excerpt":{"rendered":"<p>Ti ne\u017eni uhani ma\u010dehice so ro\u010dno izdelani iz ljubkih pravih rumenih in vijoli\u010dnih cvetov ma\u010dehic, srebrnih ali zlatih listi\u010dev in visokokakovostne kristalno \u010diste UV smole. Ne\u017eni cvetovi ma\u010deh so iz mojega vrta. Skrbno sem jih nabrala, posu\u0161ila in konzervirala v ve\u010d plasteh smole. Izbirate lahko med dvema okvirjema: s srebrno ali zlato barvo. Oba sta&#8230;<\/p>","protected":false},"featured_media":3122,"comment_status":"open","ping_status":"closed","template":"","meta":{"_kadence_starter_templates_imported_post":false,"_kad_post_transparent":"default","_kad_post_title":"","_kad_post_layout":"default","_kad_post_sidebar_id":"","_kad_post_content_style":"default","_kad_post_vertical_padding":"default","_kad_post_feature":"","_kad_post_feature_position":"","_kad_post_header":false,"_kad_post_footer":false},"product_brand":[],"product_cat":[19],"product_tag":[94,719,73,229,710,72,718,65,74,67,677,717,711,722,75,720,69],"class_list":{"0":"post-3119","1":"product","2":"type-product","3":"status-publish","4":"has-post-thumbnail","6":"product_cat-earrings","7":"product_tag-birthday_gift","8":"product_tag-botanical_earring","9":"product_tag-dangle_earrings","10":"product_tag-dried_flower_earring","11":"product_tag-dried_pansy_flower","12":"product_tag-drop_earrings","13":"product_tag-floral_earrings","14":"product_tag-gift_for_her","15":"product_tag-handmade_earrings","16":"product_tag-handmade_jewelry","17":"product_tag-handmade_resin_earrings","18":"product_tag-pansy_earrings","19":"product_tag-pressed_pansy_flower","20":"product_tag-real_pansy_earrings","21":"product_tag-resin_earrings","22":"product_tag-resin_pansy_earrings","23":"product_tag-unique_jewelry","25":"first","26":"instock","27":"sold-individually","28":"taxable","29":"shipping-taxable","30":"purchasable","31":"product-type-variable","32":"entry","33":"content-bg","34":"loop-entry"},"yoast_head":"<!-- This site is optimized with the Yoast SEO plugin v26.6 - https:\/\/yoast.com\/wordpress\/plugins\/seo\/ -->\n<title>Uhani s pravimi ma\u010duhicami - Mala s mora<\/title>\n<meta name=\"description\" content=\"Real Pansy resin earrings, Uhani s pravim cvetjem ma\u010dehic, Nau\u0161nice s pravim ma\u0107uhicama\" \/>\n<meta name=\"robots\" content=\"index, follow, max-snippet:-1, max-image-preview:large, max-video-preview:-1\" \/>\n<link rel=\"canonical\" href=\"https:\/\/www.malasmora.si\/hr\/proizvod\/real_pansy_earrings\/\" \/>\n<meta property=\"og:locale\" content=\"hr_HR\" \/>\n<meta property=\"og:type\" content=\"article\" \/>\n<meta property=\"og:title\" content=\"Uhani s pravimi ma\u010duhicami - Mala s mora\" \/>\n<meta property=\"og:description\" content=\"Real Pansy resin earrings, Uhani s pravim cvetjem ma\u010dehic, Nau\u0161nice s pravim ma\u0107uhicama\" \/>\n<meta property=\"og:url\" content=\"https:\/\/www.malasmora.si\/hr\/proizvod\/real_pansy_earrings\/\" \/>\n<meta property=\"og:site_name\" content=\"Mala s mora\" \/>\n<meta property=\"article:publisher\" content=\"https:\/\/www.facebook.com\/MalaSMoraArt\/\" \/>\n<meta property=\"article:modified_time\" content=\"2025-11-08T11:29:56+00:00\" \/>\n<meta property=\"og:image\" content=\"https:\/\/www.malasmora.si\/wp-content\/uploads\/2024\/11\/yellow_purple_real_pansy_resin_earrings-scaled.jpg\" \/>\n\t<meta property=\"og:image:width\" content=\"1920\" \/>\n\t<meta property=\"og:image:height\" content=\"2560\" \/>\n\t<meta property=\"og:image:type\" content=\"image\/jpeg\" \/>\n<meta name=\"twitter:card\" content=\"summary_large_image\" \/>\n<meta name=\"twitter:label1\" content=\"Procijenjeno vrijeme \u010ditanja\" \/>\n\t<meta name=\"twitter:data1\" content=\"2 minute\" \/>\n<script type=\"application\/ld+json\" class=\"yoast-schema-graph\">{\"@context\":\"https:\/\/schema.org\",\"@graph\":[{\"@type\":\"WebPage\",\"@id\":\"https:\/\/www.malasmora.si\/izdelek\/real_pansy_earrings\/\",\"url\":\"https:\/\/www.malasmora.si\/izdelek\/real_pansy_earrings\/\",\"name\":\"Uhani s pravimi ma\u010duhicami - Mala s mora\",\"isPartOf\":{\"@id\":\"https:\/\/www.malasmora.si\/#website\"},\"primaryImageOfPage\":{\"@id\":\"https:\/\/www.malasmora.si\/izdelek\/real_pansy_earrings\/#primaryimage\"},\"image\":{\"@id\":\"https:\/\/www.malasmora.si\/izdelek\/real_pansy_earrings\/#primaryimage\"},\"thumbnailUrl\":\"https:\/\/www.malasmora.si\/wp-content\/uploads\/2024\/11\/yellow_purple_real_pansy_resin_earrings-scaled.jpg\",\"datePublished\":\"2024-11-06T12:22:41+00:00\",\"dateModified\":\"2025-11-08T11:29:56+00:00\",\"description\":\"Real Pansy resin earrings, Uhani s pravim cvetjem ma\u010dehic, Nau\u0161nice s pravim ma\u0107uhicama\",\"breadcrumb\":{\"@id\":\"https:\/\/www.malasmora.si\/izdelek\/real_pansy_earrings\/#breadcrumb\"},\"inLanguage\":\"hr\",\"potentialAction\":[{\"@type\":\"ReadAction\",\"target\":[\"https:\/\/www.malasmora.si\/izdelek\/real_pansy_earrings\/\"]}]},{\"@type\":\"ImageObject\",\"inLanguage\":\"hr\",\"@id\":\"https:\/\/www.malasmora.si\/izdelek\/real_pansy_earrings\/#primaryimage\",\"url\":\"https:\/\/www.malasmora.si\/wp-content\/uploads\/2024\/11\/yellow_purple_real_pansy_resin_earrings-scaled.jpg\",\"contentUrl\":\"https:\/\/www.malasmora.si\/wp-content\/uploads\/2024\/11\/yellow_purple_real_pansy_resin_earrings-scaled.jpg\",\"width\":1920,\"height\":2560,\"caption\":\"yellow_purple_real_pansy_resin_earrings\"},{\"@type\":\"BreadcrumbList\",\"@id\":\"https:\/\/www.malasmora.si\/izdelek\/real_pansy_earrings\/#breadcrumb\",\"itemListElement\":[{\"@type\":\"ListItem\",\"position\":1,\"name\":\"Home\",\"item\":\"https:\/\/www.malasmora.si\/\"},{\"@type\":\"ListItem\",\"position\":2,\"name\":\"Shop\",\"item\":\"https:\/\/www.malasmora.si\/shop\/\"},{\"@type\":\"ListItem\",\"position\":3,\"name\":\"Uhani s pravimi ma\u010duhicami\"}]},{\"@type\":\"WebSite\",\"@id\":\"https:\/\/www.malasmora.si\/#website\",\"url\":\"https:\/\/www.malasmora.si\/\",\"name\":\"Mala s mora\",\"description\":\"Ro\u010dno izdelan nakit iz epoksi smole\",\"publisher\":{\"@id\":\"https:\/\/www.malasmora.si\/#organization\"},\"potentialAction\":[{\"@type\":\"SearchAction\",\"target\":{\"@type\":\"EntryPoint\",\"urlTemplate\":\"https:\/\/www.malasmora.si\/?s={search_term_string}\"},\"query-input\":{\"@type\":\"PropertyValueSpecification\",\"valueRequired\":true,\"valueName\":\"search_term_string\"}}],\"inLanguage\":\"hr\"},{\"@type\":\"Organization\",\"@id\":\"https:\/\/www.malasmora.si\/#organization\",\"name\":\"Mala s mora\",\"url\":\"https:\/\/www.malasmora.si\/\",\"logo\":{\"@type\":\"ImageObject\",\"inLanguage\":\"hr\",\"@id\":\"https:\/\/www.malasmora.si\/#\/schema\/logo\/image\/\",\"url\":\"https:\/\/www.malasmora.si\/wp-content\/uploads\/2025\/07\/logo_novi_03.png\",\"contentUrl\":\"https:\/\/www.malasmora.si\/wp-content\/uploads\/2025\/07\/logo_novi_03.png\",\"width\":1536,\"height\":1024,\"caption\":\"Mala s mora\"},\"image\":{\"@id\":\"https:\/\/www.malasmora.si\/#\/schema\/logo\/image\/\"},\"sameAs\":[\"https:\/\/www.facebook.com\/MalaSMoraArt\/\"]}]}<\/script>\n<!-- \/ Yoast SEO plugin. -->","yoast_head_json":{"title":"Uhani s pravimi ma\u010duhicami - Mala s mora","description":"Real Pansy resin earrings, Uhani s pravim cvetjem ma\u010dehic, Nau\u0161nice s pravim ma\u0107uhicama","robots":{"index":"index","follow":"follow","max-snippet":"max-snippet:-1","max-image-preview":"max-image-preview:large","max-video-preview":"max-video-preview:-1"},"canonical":"https:\/\/www.malasmora.si\/hr\/proizvod\/real_pansy_earrings\/","og_locale":"hr_HR","og_type":"article","og_title":"Uhani s pravimi ma\u010duhicami - Mala s mora","og_description":"Real Pansy resin earrings, Uhani s pravim cvetjem ma\u010dehic, Nau\u0161nice s pravim ma\u0107uhicama","og_url":"https:\/\/www.malasmora.si\/hr\/proizvod\/real_pansy_earrings\/","og_site_name":"Mala s mora","article_publisher":"https:\/\/www.facebook.com\/MalaSMoraArt\/","article_modified_time":"2025-11-08T11:29:56+00:00","og_image":[{"width":1920,"height":2560,"url":"https:\/\/www.malasmora.si\/wp-content\/uploads\/2024\/11\/yellow_purple_real_pansy_resin_earrings-scaled.jpg","type":"image\/jpeg"}],"twitter_card":"summary_large_image","twitter_misc":{"Procijenjeno vrijeme \u010ditanja":"2 minute"},"schema":{"@context":"https:\/\/schema.org","@graph":[{"@type":"WebPage","@id":"https:\/\/www.malasmora.si\/izdelek\/real_pansy_earrings\/","url":"https:\/\/www.malasmora.si\/izdelek\/real_pansy_earrings\/","name":"Uhani s pravimi ma\u010duhicami - Mala s mora","isPartOf":{"@id":"https:\/\/www.malasmora.si\/#website"},"primaryImageOfPage":{"@id":"https:\/\/www.malasmora.si\/izdelek\/real_pansy_earrings\/#primaryimage"},"image":{"@id":"https:\/\/www.malasmora.si\/izdelek\/real_pansy_earrings\/#primaryimage"},"thumbnailUrl":"https:\/\/www.malasmora.si\/wp-content\/uploads\/2024\/11\/yellow_purple_real_pansy_resin_earrings-scaled.jpg","datePublished":"2024-11-06T12:22:41+00:00","dateModified":"2025-11-08T11:29:56+00:00","description":"Real Pansy resin earrings, Uhani s pravim cvetjem ma\u010dehic, Nau\u0161nice s pravim ma\u0107uhicama","breadcrumb":{"@id":"https:\/\/www.malasmora.si\/izdelek\/real_pansy_earrings\/#breadcrumb"},"inLanguage":"hr","potentialAction":[{"@type":"ReadAction","target":["https:\/\/www.malasmora.si\/izdelek\/real_pansy_earrings\/"]}]},{"@type":"ImageObject","inLanguage":"hr","@id":"https:\/\/www.malasmora.si\/izdelek\/real_pansy_earrings\/#primaryimage","url":"https:\/\/www.malasmora.si\/wp-content\/uploads\/2024\/11\/yellow_purple_real_pansy_resin_earrings-scaled.jpg","contentUrl":"https:\/\/www.malasmora.si\/wp-content\/uploads\/2024\/11\/yellow_purple_real_pansy_resin_earrings-scaled.jpg","width":1920,"height":2560,"caption":"yellow_purple_real_pansy_resin_earrings"},{"@type":"BreadcrumbList","@id":"https:\/\/www.malasmora.si\/izdelek\/real_pansy_earrings\/#breadcrumb","itemListElement":[{"@type":"ListItem","position":1,"name":"Home","item":"https:\/\/www.malasmora.si\/"},{"@type":"ListItem","position":2,"name":"Shop","item":"https:\/\/www.malasmora.si\/shop\/"},{"@type":"ListItem","position":3,"name":"Uhani s pravimi ma\u010duhicami"}]},{"@type":"WebSite","@id":"https:\/\/www.malasmora.si\/#website","url":"https:\/\/www.malasmora.si\/","name":"Mala s mora","description":"Ro\u010dno izdelan nakit iz epoksi smole","publisher":{"@id":"https:\/\/www.malasmora.si\/#organization"},"potentialAction":[{"@type":"SearchAction","target":{"@type":"EntryPoint","urlTemplate":"https:\/\/www.malasmora.si\/?s={search_term_string}"},"query-input":{"@type":"PropertyValueSpecification","valueRequired":true,"valueName":"search_term_string"}}],"inLanguage":"hr"},{"@type":"Organization","@id":"https:\/\/www.malasmora.si\/#organization","name":"Mala s mora","url":"https:\/\/www.malasmora.si\/","logo":{"@type":"ImageObject","inLanguage":"hr","@id":"https:\/\/www.malasmora.si\/#\/schema\/logo\/image\/","url":"https:\/\/www.malasmora.si\/wp-content\/uploads\/2025\/07\/logo_novi_03.png","contentUrl":"https:\/\/www.malasmora.si\/wp-content\/uploads\/2025\/07\/logo_novi_03.png","width":1536,"height":1024,"caption":"Mala s mora"},"image":{"@id":"https:\/\/www.malasmora.si\/#\/schema\/logo\/image\/"},"sameAs":["https:\/\/www.facebook.com\/MalaSMoraArt\/"]}]}},"_links":{"self":[{"href":"https:\/\/www.malasmora.si\/hr\/wp-json\/wp\/v2\/product\/3119","targetHints":{"allow":["GET"]}}],"collection":[{"href":"https:\/\/www.malasmora.si\/hr\/wp-json\/wp\/v2\/product"}],"about":[{"href":"https:\/\/www.malasmora.si\/hr\/wp-json\/wp\/v2\/types\/product"}],"replies":[{"embeddable":true,"href":"https:\/\/www.malasmora.si\/hr\/wp-json\/wp\/v2\/comments?post=3119"}],"wp:featuredmedia":[{"embeddable":true,"href":"https:\/\/www.malasmora.si\/hr\/wp-json\/wp\/v2\/media\/3122"}],"wp:attachment":[{"href":"https:\/\/www.malasmora.si\/hr\/wp-json\/wp\/v2\/media?parent=3119"}],"wp:term":[{"taxonomy":"product_brand","embeddable":true,"href":"https:\/\/www.malasmora.si\/hr\/wp-json\/wp\/v2\/product_brand?post=3119"},{"taxonomy":"product_cat","embeddable":true,"href":"https:\/\/www.malasmora.si\/hr\/wp-json\/wp\/v2\/product_cat?post=3119"},{"taxonomy":"product_tag","embeddable":true,"href":"https:\/\/www.malasmora.si\/hr\/wp-json\/wp\/v2\/product_tag?post=3119"}],"curies":[{"name":"wp","href":"https:\/\/api.w.org\/{rel}","templated":true}]}}