{"id":3187,"date":"2024-12-06T14:05:50","date_gmt":"2024-12-06T12:05:50","guid":{"rendered":"https:\/\/www.malasmora.si\/?post_type=product&#038;p=3187"},"modified":"2024-12-06T14:20:50","modified_gmt":"2024-12-06T12:20:50","slug":"ocean_keychain","status":"publish","type":"product","link":"https:\/\/www.malasmora.si\/hr\/proizvod\/ocean_keychain\/","title":{"rendered":"Obesek za klju\u010de Ocean"},"content":{"rendered":"<p><span class=\"HwtZe\" lang=\"sl\"><span class=\"jCAhz ChMk0b\"><span class=\"ryNqvb\">Ljubitelji morja bodo cenili ta ljubek in edinstven obesek za klju\u010de,<\/span><\/span><\/span> ro\u010dno izdelan iz smole, zlatega prstana za klju\u010de in ujemajo\u010de se resice za ve\u010d ljubkosti.<br \/>\nLahko ga uporabite za shranjevanje vseh klju\u010dev, lahko ga obesite na nahrbtnik, torbo&#8230; Je tudi lepo darilo za nekoga, ki ga bo cenil.<\/p>\n<p>\ud83d\udcd0Dimenzije:<br \/>\nPremer obeska 5 cm (1,97&#8243;)<br \/>\nSkupna dol\u017eina 10,8 cm (4,25&#8243;)<\/p>\n<p><img decoding=\"async\" class=\"emoji\" role=\"img\" draggable=\"false\" src=\"https:\/\/s.w.org\/images\/core\/emoji\/15.0.3\/svg\/2757.svg\" alt=\"\u2757\" \/>NAVODILA ZA NEGO<img decoding=\"async\" class=\"emoji\" role=\"img\" draggable=\"false\" src=\"https:\/\/s.w.org\/images\/core\/emoji\/15.0.3\/svg\/2757.svg\" alt=\"\u2757\" \/><\/p>\n<p>&#8211; Ro\u010dno pranje z vla\u017eno krpo<br \/>\n&#8211; Ne postavljajte v pomivalni stroj<br \/>\n&#8211; Hraniti stran od vro\u010dine dlje \u010dasa<\/p>\n<p><span class=\"HwtZe\" lang=\"sl\"><span class=\"jCAhz JxVs2d ChMk0b\"><span class=\"ryNqvb\">\u2726 Vse kaj je v moji trgovini izdelujem ro\u010dno, torej ne obstajajo dva popolnoma enaka izdelka.<\/span><\/span> <span class=\"jCAhz JxVs2d ChMk0b\"><span class=\"ryNqvb\">Poleg tega zaradi ro\u010dne izdelave vedno obstaja mo\u017enost majhnih nepravilnosti in mehur\u010dkov. <\/span><\/span><\/span><\/p>\n<p>\u2726 Upo\u0161tevajte, da se lahko na nekaterih monitorjih zaradi razli\u010dnih nastavitev slike barva nekoliko razlikuje.<\/p>","protected":false},"excerpt":{"rendered":"<p>Ljubitelji morja bodo cenili ta ljubek in edinstven obesek za klju\u010de, ro\u010dno izdelan iz smole, zlatega prstana za klju\u010de in ujemajo\u010de se resice za ve\u010d ljubkosti. Lahko ga uporabite za shranjevanje vseh klju\u010dev, lahko ga obesite na nahrbtnik, torbo&#8230; Je tudi lepo darilo za nekoga, ki ga bo cenil. \ud83d\udcd0Dimenzije: Premer obeska 5 cm (1,97&#8243;)&#8230;<\/p>","protected":false},"featured_media":3188,"comment_status":"open","ping_status":"closed","template":"","meta":{"_kadence_starter_templates_imported_post":false,"_kad_post_transparent":"default","_kad_post_title":"","_kad_post_layout":"default","_kad_post_sidebar_id":"","_kad_post_content_style":"default","_kad_post_vertical_padding":"default","_kad_post_feature":"","_kad_post_feature_position":"","_kad_post_header":false,"_kad_post_footer":false},"product_brand":[],"product_cat":[635],"product_tag":[638,639,404,644,786,787,65,66,640,641,784,785,788,789,636,637],"class_list":{"0":"post-3187","1":"product","2":"type-product","3":"status-publish","4":"has-post-thumbnail","6":"product_cat-key_chains","7":"product_tag-charm_pendant_keychain","8":"product_tag-charm_pendant_keyring","9":"product_tag-epoxy_art","10":"product_tag-epoxy_keychain","11":"product_tag-fish_shell_keychain","12":"product_tag-fish_shell_keyring","13":"product_tag-gift_for_her","14":"product_tag-gift_for_mum","15":"product_tag-handmade_keychain","16":"product_tag-handmade_keyring","17":"product_tag-ocean_keychain","18":"product_tag-ocean_keyring","19":"product_tag-resin_fish_keychain","20":"product_tag-resin_fish_keyring","21":"product_tag-resin_keychain","22":"product_tag-resin_keyring","24":"first","25":"instock","26":"sale","27":"sold-individually","28":"taxable","29":"shipping-taxable","30":"purchasable","31":"product-type-simple","32":"entry","33":"content-bg","34":"loop-entry"},"yoast_head":"<!-- This site is optimized with the Yoast SEO plugin v26.6 - https:\/\/yoast.com\/wordpress\/plugins\/seo\/ -->\n<title>Obesek za klju\u010de Ocean - Mala s mora<\/title>\n<meta name=\"description\" content=\"Handmade resin ocean fish shell charm pendant keychain, Ro\u010dno izdelan obesek za klju\u010de s morskim motivom, Ru\u010dno ra\u0111en privjesak za klju\u010deve ocean\" \/>\n<meta name=\"robots\" content=\"index, follow, max-snippet:-1, max-image-preview:large, max-video-preview:-1\" \/>\n<link rel=\"canonical\" href=\"https:\/\/www.malasmora.si\/hr\/proizvod\/ocean_keychain\/\" \/>\n<meta property=\"og:locale\" content=\"hr_HR\" \/>\n<meta property=\"og:type\" content=\"article\" \/>\n<meta property=\"og:title\" content=\"Obesek za klju\u010de Ocean - Mala s mora\" \/>\n<meta property=\"og:description\" content=\"Handmade resin ocean fish shell charm pendant keychain, Ro\u010dno izdelan obesek za klju\u010de s morskim motivom, Ru\u010dno ra\u0111en privjesak za klju\u010deve ocean\" \/>\n<meta property=\"og:url\" content=\"https:\/\/www.malasmora.si\/hr\/proizvod\/ocean_keychain\/\" \/>\n<meta property=\"og:site_name\" content=\"Mala s mora\" \/>\n<meta property=\"article:publisher\" content=\"https:\/\/www.facebook.com\/MalaSMoraArt\/\" \/>\n<meta property=\"article:modified_time\" content=\"2024-12-06T12:20:50+00:00\" \/>\n<meta property=\"og:image\" content=\"https:\/\/www.malasmora.si\/wp-content\/uploads\/2024\/12\/resin_fish_keychain_rk107_2-scaled.jpg\" \/>\n\t<meta property=\"og:image:width\" content=\"1920\" \/>\n\t<meta property=\"og:image:height\" content=\"2560\" \/>\n\t<meta property=\"og:image:type\" content=\"image\/jpeg\" \/>\n<meta name=\"twitter:card\" content=\"summary_large_image\" \/>\n<meta name=\"twitter:label1\" content=\"Procijenjeno vrijeme \u010ditanja\" \/>\n\t<meta name=\"twitter:data1\" content=\"2 minute\" \/>\n<script type=\"application\/ld+json\" class=\"yoast-schema-graph\">{\"@context\":\"https:\/\/schema.org\",\"@graph\":[{\"@type\":\"WebPage\",\"@id\":\"https:\/\/www.malasmora.si\/izdelek\/ocean_keychain\/\",\"url\":\"https:\/\/www.malasmora.si\/izdelek\/ocean_keychain\/\",\"name\":\"Obesek za klju\u010de Ocean - Mala s mora\",\"isPartOf\":{\"@id\":\"https:\/\/www.malasmora.si\/#website\"},\"primaryImageOfPage\":{\"@id\":\"https:\/\/www.malasmora.si\/izdelek\/ocean_keychain\/#primaryimage\"},\"image\":{\"@id\":\"https:\/\/www.malasmora.si\/izdelek\/ocean_keychain\/#primaryimage\"},\"thumbnailUrl\":\"https:\/\/www.malasmora.si\/wp-content\/uploads\/2024\/12\/resin_fish_keychain_rk107_2-scaled.jpg\",\"datePublished\":\"2024-12-06T12:05:50+00:00\",\"dateModified\":\"2024-12-06T12:20:50+00:00\",\"description\":\"Handmade resin ocean fish shell charm pendant keychain, Ro\u010dno izdelan obesek za klju\u010de s morskim motivom, Ru\u010dno ra\u0111en privjesak za klju\u010deve ocean\",\"breadcrumb\":{\"@id\":\"https:\/\/www.malasmora.si\/izdelek\/ocean_keychain\/#breadcrumb\"},\"inLanguage\":\"hr\",\"potentialAction\":[{\"@type\":\"ReadAction\",\"target\":[\"https:\/\/www.malasmora.si\/izdelek\/ocean_keychain\/\"]}]},{\"@type\":\"ImageObject\",\"inLanguage\":\"hr\",\"@id\":\"https:\/\/www.malasmora.si\/izdelek\/ocean_keychain\/#primaryimage\",\"url\":\"https:\/\/www.malasmora.si\/wp-content\/uploads\/2024\/12\/resin_fish_keychain_rk107_2-scaled.jpg\",\"contentUrl\":\"https:\/\/www.malasmora.si\/wp-content\/uploads\/2024\/12\/resin_fish_keychain_rk107_2-scaled.jpg\",\"width\":1920,\"height\":2560,\"caption\":\"resin_fish_keychain\"},{\"@type\":\"BreadcrumbList\",\"@id\":\"https:\/\/www.malasmora.si\/izdelek\/ocean_keychain\/#breadcrumb\",\"itemListElement\":[{\"@type\":\"ListItem\",\"position\":1,\"name\":\"Home\",\"item\":\"https:\/\/www.malasmora.si\/\"},{\"@type\":\"ListItem\",\"position\":2,\"name\":\"Shop\",\"item\":\"https:\/\/www.malasmora.si\/shop\/\"},{\"@type\":\"ListItem\",\"position\":3,\"name\":\"Obesek za klju\u010de Ocean\"}]},{\"@type\":\"WebSite\",\"@id\":\"https:\/\/www.malasmora.si\/#website\",\"url\":\"https:\/\/www.malasmora.si\/\",\"name\":\"Mala s mora\",\"description\":\"Ro\u010dno izdelan nakit iz epoksi smole\",\"publisher\":{\"@id\":\"https:\/\/www.malasmora.si\/#organization\"},\"potentialAction\":[{\"@type\":\"SearchAction\",\"target\":{\"@type\":\"EntryPoint\",\"urlTemplate\":\"https:\/\/www.malasmora.si\/?s={search_term_string}\"},\"query-input\":{\"@type\":\"PropertyValueSpecification\",\"valueRequired\":true,\"valueName\":\"search_term_string\"}}],\"inLanguage\":\"hr\"},{\"@type\":\"Organization\",\"@id\":\"https:\/\/www.malasmora.si\/#organization\",\"name\":\"Mala s mora\",\"url\":\"https:\/\/www.malasmora.si\/\",\"logo\":{\"@type\":\"ImageObject\",\"inLanguage\":\"hr\",\"@id\":\"https:\/\/www.malasmora.si\/#\/schema\/logo\/image\/\",\"url\":\"https:\/\/www.malasmora.si\/wp-content\/uploads\/2025\/07\/logo_novi_03.png\",\"contentUrl\":\"https:\/\/www.malasmora.si\/wp-content\/uploads\/2025\/07\/logo_novi_03.png\",\"width\":1536,\"height\":1024,\"caption\":\"Mala s mora\"},\"image\":{\"@id\":\"https:\/\/www.malasmora.si\/#\/schema\/logo\/image\/\"},\"sameAs\":[\"https:\/\/www.facebook.com\/MalaSMoraArt\/\"]}]}<\/script>\n<!-- \/ Yoast SEO plugin. -->","yoast_head_json":{"title":"Obesek za klju\u010de Ocean - Mala s mora","description":"Handmade resin ocean fish shell charm pendant keychain, Ro\u010dno izdelan obesek za klju\u010de s morskim motivom, Ru\u010dno ra\u0111en privjesak za klju\u010deve ocean","robots":{"index":"index","follow":"follow","max-snippet":"max-snippet:-1","max-image-preview":"max-image-preview:large","max-video-preview":"max-video-preview:-1"},"canonical":"https:\/\/www.malasmora.si\/hr\/proizvod\/ocean_keychain\/","og_locale":"hr_HR","og_type":"article","og_title":"Obesek za klju\u010de Ocean - Mala s mora","og_description":"Handmade resin ocean fish shell charm pendant keychain, Ro\u010dno izdelan obesek za klju\u010de s morskim motivom, Ru\u010dno ra\u0111en privjesak za klju\u010deve ocean","og_url":"https:\/\/www.malasmora.si\/hr\/proizvod\/ocean_keychain\/","og_site_name":"Mala s mora","article_publisher":"https:\/\/www.facebook.com\/MalaSMoraArt\/","article_modified_time":"2024-12-06T12:20:50+00:00","og_image":[{"width":1920,"height":2560,"url":"https:\/\/www.malasmora.si\/wp-content\/uploads\/2024\/12\/resin_fish_keychain_rk107_2-scaled.jpg","type":"image\/jpeg"}],"twitter_card":"summary_large_image","twitter_misc":{"Procijenjeno vrijeme \u010ditanja":"2 minute"},"schema":{"@context":"https:\/\/schema.org","@graph":[{"@type":"WebPage","@id":"https:\/\/www.malasmora.si\/izdelek\/ocean_keychain\/","url":"https:\/\/www.malasmora.si\/izdelek\/ocean_keychain\/","name":"Obesek za klju\u010de Ocean - Mala s mora","isPartOf":{"@id":"https:\/\/www.malasmora.si\/#website"},"primaryImageOfPage":{"@id":"https:\/\/www.malasmora.si\/izdelek\/ocean_keychain\/#primaryimage"},"image":{"@id":"https:\/\/www.malasmora.si\/izdelek\/ocean_keychain\/#primaryimage"},"thumbnailUrl":"https:\/\/www.malasmora.si\/wp-content\/uploads\/2024\/12\/resin_fish_keychain_rk107_2-scaled.jpg","datePublished":"2024-12-06T12:05:50+00:00","dateModified":"2024-12-06T12:20:50+00:00","description":"Handmade resin ocean fish shell charm pendant keychain, Ro\u010dno izdelan obesek za klju\u010de s morskim motivom, Ru\u010dno ra\u0111en privjesak za klju\u010deve ocean","breadcrumb":{"@id":"https:\/\/www.malasmora.si\/izdelek\/ocean_keychain\/#breadcrumb"},"inLanguage":"hr","potentialAction":[{"@type":"ReadAction","target":["https:\/\/www.malasmora.si\/izdelek\/ocean_keychain\/"]}]},{"@type":"ImageObject","inLanguage":"hr","@id":"https:\/\/www.malasmora.si\/izdelek\/ocean_keychain\/#primaryimage","url":"https:\/\/www.malasmora.si\/wp-content\/uploads\/2024\/12\/resin_fish_keychain_rk107_2-scaled.jpg","contentUrl":"https:\/\/www.malasmora.si\/wp-content\/uploads\/2024\/12\/resin_fish_keychain_rk107_2-scaled.jpg","width":1920,"height":2560,"caption":"resin_fish_keychain"},{"@type":"BreadcrumbList","@id":"https:\/\/www.malasmora.si\/izdelek\/ocean_keychain\/#breadcrumb","itemListElement":[{"@type":"ListItem","position":1,"name":"Home","item":"https:\/\/www.malasmora.si\/"},{"@type":"ListItem","position":2,"name":"Shop","item":"https:\/\/www.malasmora.si\/shop\/"},{"@type":"ListItem","position":3,"name":"Obesek za klju\u010de Ocean"}]},{"@type":"WebSite","@id":"https:\/\/www.malasmora.si\/#website","url":"https:\/\/www.malasmora.si\/","name":"Mala s mora","description":"Ro\u010dno izdelan nakit iz epoksi smole","publisher":{"@id":"https:\/\/www.malasmora.si\/#organization"},"potentialAction":[{"@type":"SearchAction","target":{"@type":"EntryPoint","urlTemplate":"https:\/\/www.malasmora.si\/?s={search_term_string}"},"query-input":{"@type":"PropertyValueSpecification","valueRequired":true,"valueName":"search_term_string"}}],"inLanguage":"hr"},{"@type":"Organization","@id":"https:\/\/www.malasmora.si\/#organization","name":"Mala s mora","url":"https:\/\/www.malasmora.si\/","logo":{"@type":"ImageObject","inLanguage":"hr","@id":"https:\/\/www.malasmora.si\/#\/schema\/logo\/image\/","url":"https:\/\/www.malasmora.si\/wp-content\/uploads\/2025\/07\/logo_novi_03.png","contentUrl":"https:\/\/www.malasmora.si\/wp-content\/uploads\/2025\/07\/logo_novi_03.png","width":1536,"height":1024,"caption":"Mala s mora"},"image":{"@id":"https:\/\/www.malasmora.si\/#\/schema\/logo\/image\/"},"sameAs":["https:\/\/www.facebook.com\/MalaSMoraArt\/"]}]}},"_links":{"self":[{"href":"https:\/\/www.malasmora.si\/hr\/wp-json\/wp\/v2\/product\/3187","targetHints":{"allow":["GET"]}}],"collection":[{"href":"https:\/\/www.malasmora.si\/hr\/wp-json\/wp\/v2\/product"}],"about":[{"href":"https:\/\/www.malasmora.si\/hr\/wp-json\/wp\/v2\/types\/product"}],"replies":[{"embeddable":true,"href":"https:\/\/www.malasmora.si\/hr\/wp-json\/wp\/v2\/comments?post=3187"}],"wp:featuredmedia":[{"embeddable":true,"href":"https:\/\/www.malasmora.si\/hr\/wp-json\/wp\/v2\/media\/3188"}],"wp:attachment":[{"href":"https:\/\/www.malasmora.si\/hr\/wp-json\/wp\/v2\/media?parent=3187"}],"wp:term":[{"taxonomy":"product_brand","embeddable":true,"href":"https:\/\/www.malasmora.si\/hr\/wp-json\/wp\/v2\/product_brand?post=3187"},{"taxonomy":"product_cat","embeddable":true,"href":"https:\/\/www.malasmora.si\/hr\/wp-json\/wp\/v2\/product_cat?post=3187"},{"taxonomy":"product_tag","embeddable":true,"href":"https:\/\/www.malasmora.si\/hr\/wp-json\/wp\/v2\/product_tag?post=3187"}],"curies":[{"name":"wp","href":"https:\/\/api.w.org\/{rel}","templated":true}]}}