{"id":3190,"date":"2024-12-06T14:12:59","date_gmt":"2024-12-06T12:12:59","guid":{"rendered":"https:\/\/www.malasmora.si\/?post_type=product&#038;p=3190"},"modified":"2024-12-06T14:19:18","modified_gmt":"2024-12-06T12:19:18","slug":"bee_keychain","status":"publish","type":"product","link":"https:\/\/www.malasmora.si\/hr\/proizvod\/bee_keychain\/","title":{"rendered":"Obesek za klju\u010de \u010cebela"},"content":{"rendered":"<p><span class=\"HwtZe\" lang=\"sl\"><span class=\"jCAhz ChMk0b\"><span class=\"ryNqvb\">\u010cebele so zelo pomembne za na\u0161 ekosistem, zato bo vsak ljubitelj narave cenil ta ljubek in edinstven obesek za klju\u010de,<\/span><\/span><\/span> ro\u010dno izdelan iz smole, zlatega prstana za klju\u010de in ujemajo\u010de se resice za ve\u010d ljubkosti.<br \/>\nLahko ga uporabite za shranjevanje vseh klju\u010dev, lahko ga obesite na nahrbtnik, torbo&#8230; Je tudi lepo darilo za nekoga, ki ga bo cenil.<\/p>\n<p>\ud83d\udcd0Dimenzije:<br \/>\nPremer obeska 5 cm (1,97&#8243;)<br \/>\nSkupna dol\u017eina 10,8 cm (4,25&#8243;)<\/p>\n<p><img decoding=\"async\" class=\"emoji\" role=\"img\" draggable=\"false\" src=\"https:\/\/s.w.org\/images\/core\/emoji\/15.0.3\/svg\/2757.svg\" alt=\"\u2757\" \/>NAVODILA ZA NEGO<img decoding=\"async\" class=\"emoji\" role=\"img\" draggable=\"false\" src=\"https:\/\/s.w.org\/images\/core\/emoji\/15.0.3\/svg\/2757.svg\" alt=\"\u2757\" \/><\/p>\n<p>&#8211; Ro\u010dno pranje z vla\u017eno krpo<br \/>\n&#8211; Ne postavljajte v pomivalni stroj<br \/>\n&#8211; Hraniti stran od vro\u010dine dlje \u010dasa<\/p>\n<p><span class=\"HwtZe\" lang=\"sl\"><span class=\"jCAhz JxVs2d ChMk0b\"><span class=\"ryNqvb\">\u2726 Vse kaj je v moji trgovini izdelujem ro\u010dno, torej ne obstajajo dva popolnoma enaka izdelka.<\/span><\/span> <span class=\"jCAhz JxVs2d ChMk0b\"><span class=\"ryNqvb\">Poleg tega zaradi ro\u010dne izdelave vedno obstaja mo\u017enost majhnih nepravilnosti in mehur\u010dkov. <\/span><\/span><\/span><\/p>\n<p>\u2726 Upo\u0161tevajte, da se lahko na nekaterih monitorjih zaradi razli\u010dnih nastavitev slike barva nekoliko razlikuje.<\/p>","protected":false},"excerpt":{"rendered":"<p>\u010cebele so zelo pomembne za na\u0161 ekosistem, zato bo vsak ljubitelj narave cenil ta ljubek in edinstven obesek za klju\u010de, ro\u010dno izdelan iz smole, zlatega prstana za klju\u010de in ujemajo\u010de se resice za ve\u010d ljubkosti. Lahko ga uporabite za shranjevanje vseh klju\u010dev, lahko ga obesite na nahrbtnik, torbo&#8230; Je tudi lepo darilo za nekoga, ki&#8230;<\/p>","protected":false},"featured_media":3191,"comment_status":"open","ping_status":"closed","template":"","meta":{"_kadence_starter_templates_imported_post":false,"_kad_post_transparent":"default","_kad_post_title":"","_kad_post_layout":"default","_kad_post_sidebar_id":"","_kad_post_content_style":"default","_kad_post_vertical_padding":"default","_kad_post_feature":"","_kad_post_feature_position":"","_kad_post_header":false,"_kad_post_footer":false},"product_brand":[],"product_cat":[635],"product_tag":[790,791,638,639,404,644,65,66,640,641,792,793,636,637],"class_list":{"0":"post-3190","1":"product","2":"type-product","3":"status-publish","4":"has-post-thumbnail","6":"product_cat-key_chains","7":"product_tag-bee_keychain","8":"product_tag-bee_keyring","9":"product_tag-charm_pendant_keychain","10":"product_tag-charm_pendant_keyring","11":"product_tag-epoxy_art","12":"product_tag-epoxy_keychain","13":"product_tag-gift_for_her","14":"product_tag-gift_for_mum","15":"product_tag-handmade_keychain","16":"product_tag-handmade_keyring","17":"product_tag-resin_bee_keychain","18":"product_tag-resin_bee_keyring","19":"product_tag-resin_keychain","20":"product_tag-resin_keyring","22":"first","23":"instock","24":"sale","25":"sold-individually","26":"taxable","27":"shipping-taxable","28":"purchasable","29":"product-type-simple","30":"entry","31":"content-bg","32":"loop-entry"},"yoast_head":"<!-- This site is optimized with the Yoast SEO plugin v26.6 - https:\/\/yoast.com\/wordpress\/plugins\/seo\/ -->\n<title>Obesek za klju\u010de \u010cebela - Mala s mora<\/title>\n<meta name=\"description\" content=\"Handmade resin bee charm pendant keychain, Ro\u010dno izdelan obesek za klju\u010de \u010debela, Ru\u010dno ra\u0111en privjesak za klju\u010deve p\u010dela\" \/>\n<meta name=\"robots\" content=\"index, follow, max-snippet:-1, max-image-preview:large, max-video-preview:-1\" \/>\n<link rel=\"canonical\" href=\"https:\/\/www.malasmora.si\/hr\/proizvod\/bee_keychain\/\" \/>\n<meta property=\"og:locale\" content=\"hr_HR\" \/>\n<meta property=\"og:type\" content=\"article\" \/>\n<meta property=\"og:title\" content=\"Obesek za klju\u010de \u010cebela - Mala s mora\" \/>\n<meta property=\"og:description\" content=\"Handmade resin bee charm pendant keychain, Ro\u010dno izdelan obesek za klju\u010de \u010debela, Ru\u010dno ra\u0111en privjesak za klju\u010deve p\u010dela\" \/>\n<meta property=\"og:url\" content=\"https:\/\/www.malasmora.si\/hr\/proizvod\/bee_keychain\/\" \/>\n<meta property=\"og:site_name\" content=\"Mala s mora\" \/>\n<meta property=\"article:publisher\" content=\"https:\/\/www.facebook.com\/MalaSMoraArt\/\" \/>\n<meta property=\"article:modified_time\" content=\"2024-12-06T12:19:18+00:00\" \/>\n<meta property=\"og:image\" content=\"https:\/\/www.malasmora.si\/wp-content\/uploads\/2024\/12\/bee_keychain_7-scaled.jpg\" \/>\n\t<meta property=\"og:image:width\" content=\"1920\" \/>\n\t<meta property=\"og:image:height\" content=\"2560\" \/>\n\t<meta property=\"og:image:type\" content=\"image\/jpeg\" \/>\n<meta name=\"twitter:card\" content=\"summary_large_image\" \/>\n<meta name=\"twitter:label1\" content=\"Procijenjeno vrijeme \u010ditanja\" \/>\n\t<meta name=\"twitter:data1\" content=\"2 minute\" \/>\n<script type=\"application\/ld+json\" class=\"yoast-schema-graph\">{\"@context\":\"https:\/\/schema.org\",\"@graph\":[{\"@type\":\"WebPage\",\"@id\":\"https:\/\/www.malasmora.si\/izdelek\/bee_keychain\/\",\"url\":\"https:\/\/www.malasmora.si\/izdelek\/bee_keychain\/\",\"name\":\"Obesek za klju\u010de \u010cebela - Mala s mora\",\"isPartOf\":{\"@id\":\"https:\/\/www.malasmora.si\/#website\"},\"primaryImageOfPage\":{\"@id\":\"https:\/\/www.malasmora.si\/izdelek\/bee_keychain\/#primaryimage\"},\"image\":{\"@id\":\"https:\/\/www.malasmora.si\/izdelek\/bee_keychain\/#primaryimage\"},\"thumbnailUrl\":\"https:\/\/www.malasmora.si\/wp-content\/uploads\/2024\/12\/bee_keychain_7-scaled.jpg\",\"datePublished\":\"2024-12-06T12:12:59+00:00\",\"dateModified\":\"2024-12-06T12:19:18+00:00\",\"description\":\"Handmade resin bee charm pendant keychain, Ro\u010dno izdelan obesek za klju\u010de \u010debela, Ru\u010dno ra\u0111en privjesak za klju\u010deve p\u010dela\",\"breadcrumb\":{\"@id\":\"https:\/\/www.malasmora.si\/izdelek\/bee_keychain\/#breadcrumb\"},\"inLanguage\":\"hr\",\"potentialAction\":[{\"@type\":\"ReadAction\",\"target\":[\"https:\/\/www.malasmora.si\/izdelek\/bee_keychain\/\"]}]},{\"@type\":\"ImageObject\",\"inLanguage\":\"hr\",\"@id\":\"https:\/\/www.malasmora.si\/izdelek\/bee_keychain\/#primaryimage\",\"url\":\"https:\/\/www.malasmora.si\/wp-content\/uploads\/2024\/12\/bee_keychain_7-scaled.jpg\",\"contentUrl\":\"https:\/\/www.malasmora.si\/wp-content\/uploads\/2024\/12\/bee_keychain_7-scaled.jpg\",\"width\":1920,\"height\":2560,\"caption\":\"bee_keychain\"},{\"@type\":\"BreadcrumbList\",\"@id\":\"https:\/\/www.malasmora.si\/izdelek\/bee_keychain\/#breadcrumb\",\"itemListElement\":[{\"@type\":\"ListItem\",\"position\":1,\"name\":\"Home\",\"item\":\"https:\/\/www.malasmora.si\/\"},{\"@type\":\"ListItem\",\"position\":2,\"name\":\"Shop\",\"item\":\"https:\/\/www.malasmora.si\/shop\/\"},{\"@type\":\"ListItem\",\"position\":3,\"name\":\"Obesek za klju\u010de \u010cebela\"}]},{\"@type\":\"WebSite\",\"@id\":\"https:\/\/www.malasmora.si\/#website\",\"url\":\"https:\/\/www.malasmora.si\/\",\"name\":\"Mala s mora\",\"description\":\"Ro\u010dno izdelan nakit iz epoksi smole\",\"publisher\":{\"@id\":\"https:\/\/www.malasmora.si\/#organization\"},\"potentialAction\":[{\"@type\":\"SearchAction\",\"target\":{\"@type\":\"EntryPoint\",\"urlTemplate\":\"https:\/\/www.malasmora.si\/?s={search_term_string}\"},\"query-input\":{\"@type\":\"PropertyValueSpecification\",\"valueRequired\":true,\"valueName\":\"search_term_string\"}}],\"inLanguage\":\"hr\"},{\"@type\":\"Organization\",\"@id\":\"https:\/\/www.malasmora.si\/#organization\",\"name\":\"Mala s mora\",\"url\":\"https:\/\/www.malasmora.si\/\",\"logo\":{\"@type\":\"ImageObject\",\"inLanguage\":\"hr\",\"@id\":\"https:\/\/www.malasmora.si\/#\/schema\/logo\/image\/\",\"url\":\"https:\/\/www.malasmora.si\/wp-content\/uploads\/2025\/07\/logo_novi_03.png\",\"contentUrl\":\"https:\/\/www.malasmora.si\/wp-content\/uploads\/2025\/07\/logo_novi_03.png\",\"width\":1536,\"height\":1024,\"caption\":\"Mala s mora\"},\"image\":{\"@id\":\"https:\/\/www.malasmora.si\/#\/schema\/logo\/image\/\"},\"sameAs\":[\"https:\/\/www.facebook.com\/MalaSMoraArt\/\"]}]}<\/script>\n<!-- \/ Yoast SEO plugin. -->","yoast_head_json":{"title":"Obesek za klju\u010de \u010cebela - Mala s mora","description":"Handmade resin bee charm pendant keychain, Ro\u010dno izdelan obesek za klju\u010de \u010debela, Ru\u010dno ra\u0111en privjesak za klju\u010deve p\u010dela","robots":{"index":"index","follow":"follow","max-snippet":"max-snippet:-1","max-image-preview":"max-image-preview:large","max-video-preview":"max-video-preview:-1"},"canonical":"https:\/\/www.malasmora.si\/hr\/proizvod\/bee_keychain\/","og_locale":"hr_HR","og_type":"article","og_title":"Obesek za klju\u010de \u010cebela - Mala s mora","og_description":"Handmade resin bee charm pendant keychain, Ro\u010dno izdelan obesek za klju\u010de \u010debela, Ru\u010dno ra\u0111en privjesak za klju\u010deve p\u010dela","og_url":"https:\/\/www.malasmora.si\/hr\/proizvod\/bee_keychain\/","og_site_name":"Mala s mora","article_publisher":"https:\/\/www.facebook.com\/MalaSMoraArt\/","article_modified_time":"2024-12-06T12:19:18+00:00","og_image":[{"width":1920,"height":2560,"url":"https:\/\/www.malasmora.si\/wp-content\/uploads\/2024\/12\/bee_keychain_7-scaled.jpg","type":"image\/jpeg"}],"twitter_card":"summary_large_image","twitter_misc":{"Procijenjeno vrijeme \u010ditanja":"2 minute"},"schema":{"@context":"https:\/\/schema.org","@graph":[{"@type":"WebPage","@id":"https:\/\/www.malasmora.si\/izdelek\/bee_keychain\/","url":"https:\/\/www.malasmora.si\/izdelek\/bee_keychain\/","name":"Obesek za klju\u010de \u010cebela - Mala s mora","isPartOf":{"@id":"https:\/\/www.malasmora.si\/#website"},"primaryImageOfPage":{"@id":"https:\/\/www.malasmora.si\/izdelek\/bee_keychain\/#primaryimage"},"image":{"@id":"https:\/\/www.malasmora.si\/izdelek\/bee_keychain\/#primaryimage"},"thumbnailUrl":"https:\/\/www.malasmora.si\/wp-content\/uploads\/2024\/12\/bee_keychain_7-scaled.jpg","datePublished":"2024-12-06T12:12:59+00:00","dateModified":"2024-12-06T12:19:18+00:00","description":"Handmade resin bee charm pendant keychain, Ro\u010dno izdelan obesek za klju\u010de \u010debela, Ru\u010dno ra\u0111en privjesak za klju\u010deve p\u010dela","breadcrumb":{"@id":"https:\/\/www.malasmora.si\/izdelek\/bee_keychain\/#breadcrumb"},"inLanguage":"hr","potentialAction":[{"@type":"ReadAction","target":["https:\/\/www.malasmora.si\/izdelek\/bee_keychain\/"]}]},{"@type":"ImageObject","inLanguage":"hr","@id":"https:\/\/www.malasmora.si\/izdelek\/bee_keychain\/#primaryimage","url":"https:\/\/www.malasmora.si\/wp-content\/uploads\/2024\/12\/bee_keychain_7-scaled.jpg","contentUrl":"https:\/\/www.malasmora.si\/wp-content\/uploads\/2024\/12\/bee_keychain_7-scaled.jpg","width":1920,"height":2560,"caption":"bee_keychain"},{"@type":"BreadcrumbList","@id":"https:\/\/www.malasmora.si\/izdelek\/bee_keychain\/#breadcrumb","itemListElement":[{"@type":"ListItem","position":1,"name":"Home","item":"https:\/\/www.malasmora.si\/"},{"@type":"ListItem","position":2,"name":"Shop","item":"https:\/\/www.malasmora.si\/shop\/"},{"@type":"ListItem","position":3,"name":"Obesek za klju\u010de \u010cebela"}]},{"@type":"WebSite","@id":"https:\/\/www.malasmora.si\/#website","url":"https:\/\/www.malasmora.si\/","name":"Mala s mora","description":"Ro\u010dno izdelan nakit iz epoksi smole","publisher":{"@id":"https:\/\/www.malasmora.si\/#organization"},"potentialAction":[{"@type":"SearchAction","target":{"@type":"EntryPoint","urlTemplate":"https:\/\/www.malasmora.si\/?s={search_term_string}"},"query-input":{"@type":"PropertyValueSpecification","valueRequired":true,"valueName":"search_term_string"}}],"inLanguage":"hr"},{"@type":"Organization","@id":"https:\/\/www.malasmora.si\/#organization","name":"Mala s mora","url":"https:\/\/www.malasmora.si\/","logo":{"@type":"ImageObject","inLanguage":"hr","@id":"https:\/\/www.malasmora.si\/#\/schema\/logo\/image\/","url":"https:\/\/www.malasmora.si\/wp-content\/uploads\/2025\/07\/logo_novi_03.png","contentUrl":"https:\/\/www.malasmora.si\/wp-content\/uploads\/2025\/07\/logo_novi_03.png","width":1536,"height":1024,"caption":"Mala s mora"},"image":{"@id":"https:\/\/www.malasmora.si\/#\/schema\/logo\/image\/"},"sameAs":["https:\/\/www.facebook.com\/MalaSMoraArt\/"]}]}},"_links":{"self":[{"href":"https:\/\/www.malasmora.si\/hr\/wp-json\/wp\/v2\/product\/3190","targetHints":{"allow":["GET"]}}],"collection":[{"href":"https:\/\/www.malasmora.si\/hr\/wp-json\/wp\/v2\/product"}],"about":[{"href":"https:\/\/www.malasmora.si\/hr\/wp-json\/wp\/v2\/types\/product"}],"replies":[{"embeddable":true,"href":"https:\/\/www.malasmora.si\/hr\/wp-json\/wp\/v2\/comments?post=3190"}],"wp:featuredmedia":[{"embeddable":true,"href":"https:\/\/www.malasmora.si\/hr\/wp-json\/wp\/v2\/media\/3191"}],"wp:attachment":[{"href":"https:\/\/www.malasmora.si\/hr\/wp-json\/wp\/v2\/media?parent=3190"}],"wp:term":[{"taxonomy":"product_brand","embeddable":true,"href":"https:\/\/www.malasmora.si\/hr\/wp-json\/wp\/v2\/product_brand?post=3190"},{"taxonomy":"product_cat","embeddable":true,"href":"https:\/\/www.malasmora.si\/hr\/wp-json\/wp\/v2\/product_cat?post=3190"},{"taxonomy":"product_tag","embeddable":true,"href":"https:\/\/www.malasmora.si\/hr\/wp-json\/wp\/v2\/product_tag?post=3190"}],"curies":[{"name":"wp","href":"https:\/\/api.w.org\/{rel}","templated":true}]}}