{"id":3204,"date":"2024-12-13T12:33:27","date_gmt":"2024-12-13T10:33:27","guid":{"rendered":"https:\/\/www.malasmora.si\/?post_type=product&#038;p=3204"},"modified":"2025-11-08T13:21:36","modified_gmt":"2025-11-08T11:21:36","slug":"dried_flower_stud_round_earrings","status":"publish","type":"product","link":"https:\/\/www.malasmora.si\/hr\/proizvod\/dried_flower_stud_round_earrings\/","title":{"rendered":"Uhani na iglico iz suhega cvetja, okrogli"},"content":{"rendered":"<p>Ti ne\u017eni uhani so ro\u010dno izdelani z ljubkimi pravimi ro\u017eami, ki sem jih skrbno nabrala, posu\u0161ila in shranila v ve\u010d plasteh visokokakovostne kristalno \u010diste UV smole. Vse ro\u017ee so ali iz mojega vrta ali pa so divje ro\u017ee iz \u010dudovite slovenske narave. Dodala sem malo holografskih kosmi\u010dev, da jim dam tisti poseben sijaj.<\/p>\n<p>\ud83d\udcaeTo je popoln par pravih cvetli\u010dnih uhanov, ki vas povezujejo z materjo naravo!\ud83d\udcae<\/p>\n<p>Vsi deli so hipoalergeni, vklju\u010dno s silikonskimi \u010depki.<\/p>\n<p>\ud83c\udf38 V moji trgovini lahko izberete razli\u010dne oblike:<\/p>\n<blockquote class=\"wp-embedded-content\" data-secret=\"a4yHCbROCE\"><p><a href=\"https:\/\/www.malasmora.si\/hr\/proizvod\/dried_flower_stud_oval_earrings\/\">Uhani na iglico iz suhega cvetja, ovalni<\/a><\/p><\/blockquote>\n<p><iframe loading=\"lazy\" class=\"wp-embedded-content\" sandbox=\"allow-scripts\" security=\"restricted\" style=\"position: absolute; visibility: hidden;\" title=\"&#8220;Uhani na iglico iz suhega cvetja, ovalni&#8221; &#8212; Mala s mora\" src=\"https:\/\/www.malasmora.si\/izdelek\/dried_flower_stud_oval_earrings\/embed\/#?secret=P0wiMdLrdZ#?secret=a4yHCbROCE\" data-secret=\"a4yHCbROCE\" width=\"600\" height=\"338\" frameborder=\"0\" marginwidth=\"0\" marginheight=\"0\" scrolling=\"no\"><\/iframe><\/p>\n<blockquote class=\"wp-embedded-content\" data-secret=\"mE8AYYVyvW\"><p><a href=\"https:\/\/www.malasmora.si\/hr\/proizvod\/dried_flower_resin_stud_quad_earrings\/\">Uhani na iglico iz suhega cvetja, kvadratni<\/a><\/p><\/blockquote>\n<p><iframe loading=\"lazy\" class=\"wp-embedded-content\" sandbox=\"allow-scripts\" security=\"restricted\" style=\"position: absolute; visibility: hidden;\" title=\"&#8220;Uhani na iglico iz suhega cvetja, kvadratni&#8221; &#8212; Mala s mora\" src=\"https:\/\/www.malasmora.si\/izdelek\/dried_flower_resin_stud_quad_earrings\/embed\/#?secret=8y0JDwYlsj#?secret=mE8AYYVyvW\" data-secret=\"mE8AYYVyvW\" width=\"600\" height=\"338\" frameborder=\"0\" marginwidth=\"0\" marginheight=\"0\" scrolling=\"no\"><\/iframe><\/p>\n<p><img decoding=\"async\" class=\"emoji\" role=\"img\" draggable=\"false\" src=\"https:\/\/s.w.org\/images\/core\/emoji\/15.0.3\/svg\/1f496.svg\" alt=\"\ud83d\udc96\" \/> NJEGA ZA RU\u010cNO IZRA\u0110ENI NAKIT <img decoding=\"async\" class=\"emoji\" role=\"img\" draggable=\"false\" src=\"https:\/\/s.w.org\/images\/core\/emoji\/15.0.3\/svg\/1f496.svg\" alt=\"\ud83d\udc96\" \/><br \/>\nProsimo, hranite na suhem mestu in se izogibajte dolgotrajni neposredni son\u010dni svetlobi, vodi, kemikalijam in parfumom, da ohranite lepoto nakita.<\/p>\n<p>\ud83d\udd36 Vsi moji izdelki so ro\u010dno izdelani, torej ne obstajajo dva enaka izdelka. Poleg tega zaradi ro\u010dne izdelave vedno obstaja mo\u017enost majhnih nepravilnosti in mehur\u010dkov.<\/p>\n<p>\ud83d\udd36Upo\u0161tevajte, da se lahko na nekaterih ra\u010dunalni\u0161kih monitorjih zaradi razli\u010dnih nastavitev slike barva nekoliko razlikuje.<\/p>\n<p>&nbsp;<\/p>","protected":false},"excerpt":{"rendered":"<p>Ti ne\u017eni uhani so ro\u010dno izdelani z ljubkimi pravimi ro\u017eami, ki sem jih skrbno nabrala, posu\u0161ila in shranila v ve\u010d plasteh visokokakovostne kristalno \u010diste UV smole. Vse ro\u017ee so ali iz mojega vrta ali pa so divje ro\u017ee iz \u010dudovite slovenske narave. Dodala sem malo holografskih kosmi\u010dev, da jim dam tisti poseben sijaj. \ud83d\udcaeTo je&#8230;<\/p>","protected":false},"featured_media":3210,"comment_status":"open","ping_status":"closed","template":"","meta":{"_kadence_starter_templates_imported_post":false,"_kad_post_transparent":"default","_kad_post_title":"","_kad_post_layout":"default","_kad_post_sidebar_id":"","_kad_post_content_style":"default","_kad_post_vertical_padding":"default","_kad_post_feature":"","_kad_post_feature_position":"","_kad_post_header":false,"_kad_post_footer":false},"product_brand":[],"product_cat":[19],"product_tag":[94,231,794,718,65,74,67,734,796,75,795,733,69],"class_list":{"0":"post-3204","1":"product","2":"type-product","3":"status-publish","4":"has-post-thumbnail","6":"product_cat-earrings","7":"product_tag-birthday_gift","8":"product_tag-botanical_earrings","9":"product_tag-dried_flower_stud_resin_earrings","10":"product_tag-floral_earrings","11":"product_tag-gift_for_her","12":"product_tag-handmade_earrings","13":"product_tag-handmade_jewelry","14":"product_tag-natural_jewelry","15":"product_tag-real_flower_earrings","16":"product_tag-resin_earrings","17":"product_tag-stud_earrings","18":"product_tag-terrarium_jewelry","19":"product_tag-unique_jewelry","21":"first","22":"instock","23":"sold-individually","24":"taxable","25":"shipping-taxable","26":"purchasable","27":"product-type-variable","28":"entry","29":"content-bg","30":"loop-entry"},"yoast_head":"<!-- This site is optimized with the Yoast SEO plugin v26.6 - https:\/\/yoast.com\/wordpress\/plugins\/seo\/ -->\n<title>Uhani na iglico iz suhega cvetja, okrogli - Mala s mora<\/title>\n<meta name=\"description\" content=\"Real Dried flower resin stud earrings, Uhani iz pravih posu\u0161enih ro\u017e, Nau\u0161nice od pravog suhog cvije\u0107a u smoli\" \/>\n<meta name=\"robots\" content=\"index, follow, max-snippet:-1, max-image-preview:large, max-video-preview:-1\" \/>\n<link rel=\"canonical\" href=\"https:\/\/www.malasmora.si\/hr\/proizvod\/dried_flower_stud_round_earrings\/\" \/>\n<meta property=\"og:locale\" content=\"hr_HR\" \/>\n<meta property=\"og:type\" content=\"article\" \/>\n<meta property=\"og:title\" content=\"Uhani na iglico iz suhega cvetja, okrogli - Mala s mora\" \/>\n<meta property=\"og:description\" content=\"Real Dried flower resin stud earrings, Uhani iz pravih posu\u0161enih ro\u017e, Nau\u0161nice od pravog suhog cvije\u0107a u smoli\" \/>\n<meta property=\"og:url\" content=\"https:\/\/www.malasmora.si\/hr\/proizvod\/dried_flower_stud_round_earrings\/\" \/>\n<meta property=\"og:site_name\" content=\"Mala s mora\" \/>\n<meta property=\"article:publisher\" content=\"https:\/\/www.facebook.com\/MalaSMoraArt\/\" \/>\n<meta property=\"article:modified_time\" content=\"2025-11-08T11:21:36+00:00\" \/>\n<meta property=\"og:image\" content=\"https:\/\/www.malasmora.si\/wp-content\/uploads\/2024\/12\/dried_flowers_resin-stud_earrings_r8mm_02.jpg\" \/>\n\t<meta property=\"og:image:width\" content=\"1576\" \/>\n\t<meta property=\"og:image:height\" content=\"2087\" \/>\n\t<meta property=\"og:image:type\" content=\"image\/jpeg\" \/>\n<meta name=\"twitter:card\" content=\"summary_large_image\" \/>\n<meta name=\"twitter:label1\" content=\"Procijenjeno vrijeme \u010ditanja\" \/>\n\t<meta name=\"twitter:data1\" content=\"2 minute\" \/>\n<script type=\"application\/ld+json\" class=\"yoast-schema-graph\">{\"@context\":\"https:\/\/schema.org\",\"@graph\":[{\"@type\":\"WebPage\",\"@id\":\"https:\/\/www.malasmora.si\/izdelek\/dried_flower_stud_round_earrings\/\",\"url\":\"https:\/\/www.malasmora.si\/izdelek\/dried_flower_stud_round_earrings\/\",\"name\":\"Uhani na iglico iz suhega cvetja, okrogli - Mala s mora\",\"isPartOf\":{\"@id\":\"https:\/\/www.malasmora.si\/#website\"},\"primaryImageOfPage\":{\"@id\":\"https:\/\/www.malasmora.si\/izdelek\/dried_flower_stud_round_earrings\/#primaryimage\"},\"image\":{\"@id\":\"https:\/\/www.malasmora.si\/izdelek\/dried_flower_stud_round_earrings\/#primaryimage\"},\"thumbnailUrl\":\"https:\/\/www.malasmora.si\/wp-content\/uploads\/2024\/12\/dried_flowers_resin-stud_earrings_r8mm_02.jpg\",\"datePublished\":\"2024-12-13T10:33:27+00:00\",\"dateModified\":\"2025-11-08T11:21:36+00:00\",\"description\":\"Real Dried flower resin stud earrings, Uhani iz pravih posu\u0161enih ro\u017e, Nau\u0161nice od pravog suhog cvije\u0107a u smoli\",\"breadcrumb\":{\"@id\":\"https:\/\/www.malasmora.si\/izdelek\/dried_flower_stud_round_earrings\/#breadcrumb\"},\"inLanguage\":\"hr\",\"potentialAction\":[{\"@type\":\"ReadAction\",\"target\":[\"https:\/\/www.malasmora.si\/izdelek\/dried_flower_stud_round_earrings\/\"]}]},{\"@type\":\"ImageObject\",\"inLanguage\":\"hr\",\"@id\":\"https:\/\/www.malasmora.si\/izdelek\/dried_flower_stud_round_earrings\/#primaryimage\",\"url\":\"https:\/\/www.malasmora.si\/wp-content\/uploads\/2024\/12\/dried_flowers_resin-stud_earrings_r8mm_02.jpg\",\"contentUrl\":\"https:\/\/www.malasmora.si\/wp-content\/uploads\/2024\/12\/dried_flowers_resin-stud_earrings_r8mm_02.jpg\",\"width\":1576,\"height\":2087,\"caption\":\"dried_flower_stud_round_earrings\"},{\"@type\":\"BreadcrumbList\",\"@id\":\"https:\/\/www.malasmora.si\/izdelek\/dried_flower_stud_round_earrings\/#breadcrumb\",\"itemListElement\":[{\"@type\":\"ListItem\",\"position\":1,\"name\":\"Home\",\"item\":\"https:\/\/www.malasmora.si\/\"},{\"@type\":\"ListItem\",\"position\":2,\"name\":\"Shop\",\"item\":\"https:\/\/www.malasmora.si\/shop\/\"},{\"@type\":\"ListItem\",\"position\":3,\"name\":\"Uhani na iglico iz suhega cvetja, okrogli\"}]},{\"@type\":\"WebSite\",\"@id\":\"https:\/\/www.malasmora.si\/#website\",\"url\":\"https:\/\/www.malasmora.si\/\",\"name\":\"Mala s mora\",\"description\":\"Ro\u010dno izdelan nakit iz epoksi smole\",\"publisher\":{\"@id\":\"https:\/\/www.malasmora.si\/#organization\"},\"potentialAction\":[{\"@type\":\"SearchAction\",\"target\":{\"@type\":\"EntryPoint\",\"urlTemplate\":\"https:\/\/www.malasmora.si\/?s={search_term_string}\"},\"query-input\":{\"@type\":\"PropertyValueSpecification\",\"valueRequired\":true,\"valueName\":\"search_term_string\"}}],\"inLanguage\":\"hr\"},{\"@type\":\"Organization\",\"@id\":\"https:\/\/www.malasmora.si\/#organization\",\"name\":\"Mala s mora\",\"url\":\"https:\/\/www.malasmora.si\/\",\"logo\":{\"@type\":\"ImageObject\",\"inLanguage\":\"hr\",\"@id\":\"https:\/\/www.malasmora.si\/#\/schema\/logo\/image\/\",\"url\":\"https:\/\/www.malasmora.si\/wp-content\/uploads\/2025\/07\/logo_novi_03.png\",\"contentUrl\":\"https:\/\/www.malasmora.si\/wp-content\/uploads\/2025\/07\/logo_novi_03.png\",\"width\":1536,\"height\":1024,\"caption\":\"Mala s mora\"},\"image\":{\"@id\":\"https:\/\/www.malasmora.si\/#\/schema\/logo\/image\/\"},\"sameAs\":[\"https:\/\/www.facebook.com\/MalaSMoraArt\/\"]}]}<\/script>\n<!-- \/ Yoast SEO plugin. -->","yoast_head_json":{"title":"Uhani na iglico iz suhega cvetja, okrogli - Mala s mora","description":"Real Dried flower resin stud earrings, Uhani iz pravih posu\u0161enih ro\u017e, Nau\u0161nice od pravog suhog cvije\u0107a u smoli","robots":{"index":"index","follow":"follow","max-snippet":"max-snippet:-1","max-image-preview":"max-image-preview:large","max-video-preview":"max-video-preview:-1"},"canonical":"https:\/\/www.malasmora.si\/hr\/proizvod\/dried_flower_stud_round_earrings\/","og_locale":"hr_HR","og_type":"article","og_title":"Uhani na iglico iz suhega cvetja, okrogli - Mala s mora","og_description":"Real Dried flower resin stud earrings, Uhani iz pravih posu\u0161enih ro\u017e, Nau\u0161nice od pravog suhog cvije\u0107a u smoli","og_url":"https:\/\/www.malasmora.si\/hr\/proizvod\/dried_flower_stud_round_earrings\/","og_site_name":"Mala s mora","article_publisher":"https:\/\/www.facebook.com\/MalaSMoraArt\/","article_modified_time":"2025-11-08T11:21:36+00:00","og_image":[{"width":1576,"height":2087,"url":"https:\/\/www.malasmora.si\/wp-content\/uploads\/2024\/12\/dried_flowers_resin-stud_earrings_r8mm_02.jpg","type":"image\/jpeg"}],"twitter_card":"summary_large_image","twitter_misc":{"Procijenjeno vrijeme \u010ditanja":"2 minute"},"schema":{"@context":"https:\/\/schema.org","@graph":[{"@type":"WebPage","@id":"https:\/\/www.malasmora.si\/izdelek\/dried_flower_stud_round_earrings\/","url":"https:\/\/www.malasmora.si\/izdelek\/dried_flower_stud_round_earrings\/","name":"Uhani na iglico iz suhega cvetja, okrogli - Mala s mora","isPartOf":{"@id":"https:\/\/www.malasmora.si\/#website"},"primaryImageOfPage":{"@id":"https:\/\/www.malasmora.si\/izdelek\/dried_flower_stud_round_earrings\/#primaryimage"},"image":{"@id":"https:\/\/www.malasmora.si\/izdelek\/dried_flower_stud_round_earrings\/#primaryimage"},"thumbnailUrl":"https:\/\/www.malasmora.si\/wp-content\/uploads\/2024\/12\/dried_flowers_resin-stud_earrings_r8mm_02.jpg","datePublished":"2024-12-13T10:33:27+00:00","dateModified":"2025-11-08T11:21:36+00:00","description":"Real Dried flower resin stud earrings, Uhani iz pravih posu\u0161enih ro\u017e, Nau\u0161nice od pravog suhog cvije\u0107a u smoli","breadcrumb":{"@id":"https:\/\/www.malasmora.si\/izdelek\/dried_flower_stud_round_earrings\/#breadcrumb"},"inLanguage":"hr","potentialAction":[{"@type":"ReadAction","target":["https:\/\/www.malasmora.si\/izdelek\/dried_flower_stud_round_earrings\/"]}]},{"@type":"ImageObject","inLanguage":"hr","@id":"https:\/\/www.malasmora.si\/izdelek\/dried_flower_stud_round_earrings\/#primaryimage","url":"https:\/\/www.malasmora.si\/wp-content\/uploads\/2024\/12\/dried_flowers_resin-stud_earrings_r8mm_02.jpg","contentUrl":"https:\/\/www.malasmora.si\/wp-content\/uploads\/2024\/12\/dried_flowers_resin-stud_earrings_r8mm_02.jpg","width":1576,"height":2087,"caption":"dried_flower_stud_round_earrings"},{"@type":"BreadcrumbList","@id":"https:\/\/www.malasmora.si\/izdelek\/dried_flower_stud_round_earrings\/#breadcrumb","itemListElement":[{"@type":"ListItem","position":1,"name":"Home","item":"https:\/\/www.malasmora.si\/"},{"@type":"ListItem","position":2,"name":"Shop","item":"https:\/\/www.malasmora.si\/shop\/"},{"@type":"ListItem","position":3,"name":"Uhani na iglico iz suhega cvetja, okrogli"}]},{"@type":"WebSite","@id":"https:\/\/www.malasmora.si\/#website","url":"https:\/\/www.malasmora.si\/","name":"Mala s mora","description":"Ro\u010dno izdelan nakit iz epoksi smole","publisher":{"@id":"https:\/\/www.malasmora.si\/#organization"},"potentialAction":[{"@type":"SearchAction","target":{"@type":"EntryPoint","urlTemplate":"https:\/\/www.malasmora.si\/?s={search_term_string}"},"query-input":{"@type":"PropertyValueSpecification","valueRequired":true,"valueName":"search_term_string"}}],"inLanguage":"hr"},{"@type":"Organization","@id":"https:\/\/www.malasmora.si\/#organization","name":"Mala s mora","url":"https:\/\/www.malasmora.si\/","logo":{"@type":"ImageObject","inLanguage":"hr","@id":"https:\/\/www.malasmora.si\/#\/schema\/logo\/image\/","url":"https:\/\/www.malasmora.si\/wp-content\/uploads\/2025\/07\/logo_novi_03.png","contentUrl":"https:\/\/www.malasmora.si\/wp-content\/uploads\/2025\/07\/logo_novi_03.png","width":1536,"height":1024,"caption":"Mala s mora"},"image":{"@id":"https:\/\/www.malasmora.si\/#\/schema\/logo\/image\/"},"sameAs":["https:\/\/www.facebook.com\/MalaSMoraArt\/"]}]}},"_links":{"self":[{"href":"https:\/\/www.malasmora.si\/hr\/wp-json\/wp\/v2\/product\/3204","targetHints":{"allow":["GET"]}}],"collection":[{"href":"https:\/\/www.malasmora.si\/hr\/wp-json\/wp\/v2\/product"}],"about":[{"href":"https:\/\/www.malasmora.si\/hr\/wp-json\/wp\/v2\/types\/product"}],"replies":[{"embeddable":true,"href":"https:\/\/www.malasmora.si\/hr\/wp-json\/wp\/v2\/comments?post=3204"}],"wp:featuredmedia":[{"embeddable":true,"href":"https:\/\/www.malasmora.si\/hr\/wp-json\/wp\/v2\/media\/3210"}],"wp:attachment":[{"href":"https:\/\/www.malasmora.si\/hr\/wp-json\/wp\/v2\/media?parent=3204"}],"wp:term":[{"taxonomy":"product_brand","embeddable":true,"href":"https:\/\/www.malasmora.si\/hr\/wp-json\/wp\/v2\/product_brand?post=3204"},{"taxonomy":"product_cat","embeddable":true,"href":"https:\/\/www.malasmora.si\/hr\/wp-json\/wp\/v2\/product_cat?post=3204"},{"taxonomy":"product_tag","embeddable":true,"href":"https:\/\/www.malasmora.si\/hr\/wp-json\/wp\/v2\/product_tag?post=3204"}],"curies":[{"name":"wp","href":"https:\/\/api.w.org\/{rel}","templated":true}]}}