{"id":3308,"date":"2025-01-05T19:54:33","date_gmt":"2025-01-05T17:54:33","guid":{"rendered":"https:\/\/www.malasmora.si\/?post_type=product&#038;p=3308"},"modified":"2025-11-08T14:06:39","modified_gmt":"2025-11-08T12:06:39","slug":"real_petals_black_necklace","status":"publish","type":"product","link":"https:\/\/www.malasmora.si\/hr\/proizvod\/real_petals_black_necklace\/","title":{"rendered":"Ogrlica s pravimi cvetnimi listi, \u010drna z zlatim robom"},"content":{"rendered":"<p>Prefinjena in elegantna, edinstvena ogrlica iz ro\u010dno nabranih in posu\u0161enih ne\u017enih cvetov in semen, obdanih z ve\u010d plastmi visokokakovostne kristalno \u010diste UV smole. Dodala sem tudi nekaj holografskih kosmi\u010dev za ve\u010dji sijaj in zlat rob za zaokro\u017eitev vsega skupaj.<\/p>\n<p>\ud83c\udff5\ufe0fTo je popoln kos naravnega nakita, ki vas ponovno pove\u017ee z materjo naravo!\ud83c\udff5\ufe0f<\/p>\n<p>\ud83d\udcd0Dimenzije:<br \/>\nVrvica je dolga 45 cm + 5 cm podalj\u0161ka (17,72&#8243; + 1,97&#8243;)<br \/>\nObesek je 4 x 2,8 cm (1,57&#8243; x 1,10&#8243;)<\/p>\n<p>Veri\u017eico prejmete v darilni \u0161katli, pripravljeno za obdarovanje<\/p>\n<p><img decoding=\"async\" class=\"emoji\" role=\"img\" draggable=\"false\" src=\"https:\/\/s.w.org\/images\/core\/emoji\/15.0.3\/svg\/1f496.svg\" alt=\"\ud83d\udc96\" \/> NJEGA ZA RU\u010cNO IZRA\u0110ENI NAKIT <img decoding=\"async\" class=\"emoji\" role=\"img\" draggable=\"false\" src=\"https:\/\/s.w.org\/images\/core\/emoji\/15.0.3\/svg\/1f496.svg\" alt=\"\ud83d\udc96\" \/><br \/>\nMolimo \u010duvajte na suhom mjestu i izbjegavajte dugotrajnu izravnu sun\u010devu svjetlost, vodu, kemikalije i parfeme kako biste sa\u010duvali i odr\u017eali ljepotu nakita.<\/p>\n<p>\ud83d\udd36Vse izdelke sem ro\u010dno izdelala, torej ne obstajajo dva enaka. Poleg tega zaradi ro\u010dne izdelave vedno obstaja mo\u017enost majhnih nepravilnosti in mehur\u010dkov.<\/p>\n<p>\ud83d\udd36Upo\u0161tevajte, da se lahko na nekaterih monitorjih zaradi razli\u010dnih nastavitev slike barva nekoliko razlikuje.<\/p>\n<p>&nbsp;<\/p>","protected":false},"excerpt":{"rendered":"<p>Prefinjena in elegantna, edinstvena ogrlica iz ro\u010dno nabranih in posu\u0161enih ne\u017enih cvetov in semen, obdanih z ve\u010d plastmi visokokakovostne kristalno \u010diste UV smole. Dodala sem tudi nekaj holografskih kosmi\u010dev za ve\u010dji sijaj in zlat rob za zaokro\u017eitev vsega skupaj. \ud83c\udff5\ufe0fTo je popoln kos naravnega nakita, ki vas ponovno pove\u017ee z materjo naravo!\ud83c\udff5\ufe0f \ud83d\udcd0Dimenzije: Vrvica je&#8230;<\/p>","protected":false},"featured_media":3309,"comment_status":"open","ping_status":"closed","template":"","meta":{"_kadence_starter_templates_imported_post":false,"_kad_post_transparent":"default","_kad_post_title":"","_kad_post_layout":"default","_kad_post_sidebar_id":"","_kad_post_content_style":"default","_kad_post_vertical_padding":"default","_kad_post_feature":"","_kad_post_feature_position":"","_kad_post_header":false,"_kad_post_footer":false},"product_brand":[],"product_cat":[20],"product_tag":[94,529,208,454,824,714,822,65,67,60,59,821,820,168,823,778,205],"class_list":{"0":"post-3308","1":"product","2":"type-product","3":"status-publish","4":"has-post-thumbnail","6":"product_cat-necklaces","7":"product_tag-birthday_gift","8":"product_tag-boho-necklace","9":"product_tag-boho_pendant","10":"product_tag-botanical_necklace","11":"product_tag-dried_petals_necklace","12":"product_tag-floral_necklace","13":"product_tag-flower_petal_necklace","14":"product_tag-gift_for_her","15":"product_tag-handmade_jewelry","16":"product_tag-handmade_necklace","17":"product_tag-handmade_pendant","18":"product_tag-petal_necklace","19":"product_tag-real_petal_necklace","20":"product_tag-resin_necklace","21":"product_tag-seed_necklace","22":"product_tag-terrarium_necklace","23":"product_tag-unique_necklace","25":"first","26":"instock","27":"taxable","28":"shipping-taxable","29":"purchasable","30":"product-type-simple","31":"entry","32":"content-bg","33":"loop-entry"},"yoast_head":"<!-- This site is optimized with the Yoast SEO plugin v26.6 - https:\/\/yoast.com\/wordpress\/plugins\/seo\/ -->\n<title>Ogrlica s pravimi cvetnimi listi, \u010drna z zlatim robom - Mala s mora<\/title>\n<meta name=\"description\" content=\"Real flower petals necklace, Ogrlica s pravimi cvetnimi listi, Ogrlica od pravih latica cvije\u0107a\" \/>\n<meta name=\"robots\" content=\"index, follow, max-snippet:-1, max-image-preview:large, max-video-preview:-1\" \/>\n<link rel=\"canonical\" href=\"https:\/\/www.malasmora.si\/hr\/proizvod\/real_petals_black_necklace\/\" \/>\n<meta property=\"og:locale\" content=\"hr_HR\" \/>\n<meta property=\"og:type\" content=\"article\" \/>\n<meta property=\"og:title\" content=\"Ogrlica s pravimi cvetnimi listi, \u010drna z zlatim robom - Mala s mora\" \/>\n<meta property=\"og:description\" content=\"Real flower petals necklace, Ogrlica s pravimi cvetnimi listi, Ogrlica od pravih latica cvije\u0107a\" \/>\n<meta property=\"og:url\" content=\"https:\/\/www.malasmora.si\/hr\/proizvod\/real_petals_black_necklace\/\" \/>\n<meta property=\"og:site_name\" content=\"Mala s mora\" \/>\n<meta property=\"article:publisher\" content=\"https:\/\/www.facebook.com\/MalaSMoraArt\/\" \/>\n<meta property=\"article:modified_time\" content=\"2025-11-08T12:06:39+00:00\" \/>\n<meta property=\"og:image\" content=\"https:\/\/www.malasmora.si\/wp-content\/uploads\/2025\/01\/dried_flowers_black_resin_holographic_necklase_5-scaled.jpg\" \/>\n\t<meta property=\"og:image:width\" content=\"1686\" \/>\n\t<meta property=\"og:image:height\" content=\"2560\" \/>\n\t<meta property=\"og:image:type\" content=\"image\/jpeg\" \/>\n<meta name=\"twitter:card\" content=\"summary_large_image\" \/>\n<meta name=\"twitter:label1\" content=\"Procijenjeno vrijeme \u010ditanja\" \/>\n\t<meta name=\"twitter:data1\" content=\"2 minute\" \/>\n<script type=\"application\/ld+json\" class=\"yoast-schema-graph\">{\"@context\":\"https:\/\/schema.org\",\"@graph\":[{\"@type\":\"WebPage\",\"@id\":\"https:\/\/www.malasmora.si\/izdelek\/real_petals_black_necklace\/\",\"url\":\"https:\/\/www.malasmora.si\/izdelek\/real_petals_black_necklace\/\",\"name\":\"Ogrlica s pravimi cvetnimi listi, \u010drna z zlatim robom - Mala s mora\",\"isPartOf\":{\"@id\":\"https:\/\/www.malasmora.si\/#website\"},\"primaryImageOfPage\":{\"@id\":\"https:\/\/www.malasmora.si\/izdelek\/real_petals_black_necklace\/#primaryimage\"},\"image\":{\"@id\":\"https:\/\/www.malasmora.si\/izdelek\/real_petals_black_necklace\/#primaryimage\"},\"thumbnailUrl\":\"https:\/\/www.malasmora.si\/wp-content\/uploads\/2025\/01\/dried_flowers_black_resin_holographic_necklase_5-scaled.jpg\",\"datePublished\":\"2025-01-05T17:54:33+00:00\",\"dateModified\":\"2025-11-08T12:06:39+00:00\",\"description\":\"Real flower petals necklace, Ogrlica s pravimi cvetnimi listi, Ogrlica od pravih latica cvije\u0107a\",\"breadcrumb\":{\"@id\":\"https:\/\/www.malasmora.si\/izdelek\/real_petals_black_necklace\/#breadcrumb\"},\"inLanguage\":\"hr\",\"potentialAction\":[{\"@type\":\"ReadAction\",\"target\":[\"https:\/\/www.malasmora.si\/izdelek\/real_petals_black_necklace\/\"]}]},{\"@type\":\"ImageObject\",\"inLanguage\":\"hr\",\"@id\":\"https:\/\/www.malasmora.si\/izdelek\/real_petals_black_necklace\/#primaryimage\",\"url\":\"https:\/\/www.malasmora.si\/wp-content\/uploads\/2025\/01\/dried_flowers_black_resin_holographic_necklase_5-scaled.jpg\",\"contentUrl\":\"https:\/\/www.malasmora.si\/wp-content\/uploads\/2025\/01\/dried_flowers_black_resin_holographic_necklase_5-scaled.jpg\",\"width\":1686,\"height\":2560,\"caption\":\"dried_flowers_black_resin_holographic_necklase\"},{\"@type\":\"BreadcrumbList\",\"@id\":\"https:\/\/www.malasmora.si\/izdelek\/real_petals_black_necklace\/#breadcrumb\",\"itemListElement\":[{\"@type\":\"ListItem\",\"position\":1,\"name\":\"Home\",\"item\":\"https:\/\/www.malasmora.si\/\"},{\"@type\":\"ListItem\",\"position\":2,\"name\":\"Shop\",\"item\":\"https:\/\/www.malasmora.si\/shop\/\"},{\"@type\":\"ListItem\",\"position\":3,\"name\":\"Ogrlica s pravimi cvetnimi listi, \u010drna z zlatim robom\"}]},{\"@type\":\"WebSite\",\"@id\":\"https:\/\/www.malasmora.si\/#website\",\"url\":\"https:\/\/www.malasmora.si\/\",\"name\":\"Mala s mora\",\"description\":\"Ro\u010dno izdelan nakit iz epoksi smole\",\"publisher\":{\"@id\":\"https:\/\/www.malasmora.si\/#organization\"},\"potentialAction\":[{\"@type\":\"SearchAction\",\"target\":{\"@type\":\"EntryPoint\",\"urlTemplate\":\"https:\/\/www.malasmora.si\/?s={search_term_string}\"},\"query-input\":{\"@type\":\"PropertyValueSpecification\",\"valueRequired\":true,\"valueName\":\"search_term_string\"}}],\"inLanguage\":\"hr\"},{\"@type\":\"Organization\",\"@id\":\"https:\/\/www.malasmora.si\/#organization\",\"name\":\"Mala s mora\",\"url\":\"https:\/\/www.malasmora.si\/\",\"logo\":{\"@type\":\"ImageObject\",\"inLanguage\":\"hr\",\"@id\":\"https:\/\/www.malasmora.si\/#\/schema\/logo\/image\/\",\"url\":\"https:\/\/www.malasmora.si\/wp-content\/uploads\/2025\/07\/logo_novi_03.png\",\"contentUrl\":\"https:\/\/www.malasmora.si\/wp-content\/uploads\/2025\/07\/logo_novi_03.png\",\"width\":1536,\"height\":1024,\"caption\":\"Mala s mora\"},\"image\":{\"@id\":\"https:\/\/www.malasmora.si\/#\/schema\/logo\/image\/\"},\"sameAs\":[\"https:\/\/www.facebook.com\/MalaSMoraArt\/\"]}]}<\/script>\n<!-- \/ Yoast SEO plugin. -->","yoast_head_json":{"title":"Ogrlica s pravimi cvetnimi listi, \u010drna z zlatim robom - Mala s mora","description":"Real flower petals necklace, Ogrlica s pravimi cvetnimi listi, Ogrlica od pravih latica cvije\u0107a","robots":{"index":"index","follow":"follow","max-snippet":"max-snippet:-1","max-image-preview":"max-image-preview:large","max-video-preview":"max-video-preview:-1"},"canonical":"https:\/\/www.malasmora.si\/hr\/proizvod\/real_petals_black_necklace\/","og_locale":"hr_HR","og_type":"article","og_title":"Ogrlica s pravimi cvetnimi listi, \u010drna z zlatim robom - Mala s mora","og_description":"Real flower petals necklace, Ogrlica s pravimi cvetnimi listi, Ogrlica od pravih latica cvije\u0107a","og_url":"https:\/\/www.malasmora.si\/hr\/proizvod\/real_petals_black_necklace\/","og_site_name":"Mala s mora","article_publisher":"https:\/\/www.facebook.com\/MalaSMoraArt\/","article_modified_time":"2025-11-08T12:06:39+00:00","og_image":[{"width":1686,"height":2560,"url":"https:\/\/www.malasmora.si\/wp-content\/uploads\/2025\/01\/dried_flowers_black_resin_holographic_necklase_5-scaled.jpg","type":"image\/jpeg"}],"twitter_card":"summary_large_image","twitter_misc":{"Procijenjeno vrijeme \u010ditanja":"2 minute"},"schema":{"@context":"https:\/\/schema.org","@graph":[{"@type":"WebPage","@id":"https:\/\/www.malasmora.si\/izdelek\/real_petals_black_necklace\/","url":"https:\/\/www.malasmora.si\/izdelek\/real_petals_black_necklace\/","name":"Ogrlica s pravimi cvetnimi listi, \u010drna z zlatim robom - Mala s mora","isPartOf":{"@id":"https:\/\/www.malasmora.si\/#website"},"primaryImageOfPage":{"@id":"https:\/\/www.malasmora.si\/izdelek\/real_petals_black_necklace\/#primaryimage"},"image":{"@id":"https:\/\/www.malasmora.si\/izdelek\/real_petals_black_necklace\/#primaryimage"},"thumbnailUrl":"https:\/\/www.malasmora.si\/wp-content\/uploads\/2025\/01\/dried_flowers_black_resin_holographic_necklase_5-scaled.jpg","datePublished":"2025-01-05T17:54:33+00:00","dateModified":"2025-11-08T12:06:39+00:00","description":"Real flower petals necklace, Ogrlica s pravimi cvetnimi listi, Ogrlica od pravih latica cvije\u0107a","breadcrumb":{"@id":"https:\/\/www.malasmora.si\/izdelek\/real_petals_black_necklace\/#breadcrumb"},"inLanguage":"hr","potentialAction":[{"@type":"ReadAction","target":["https:\/\/www.malasmora.si\/izdelek\/real_petals_black_necklace\/"]}]},{"@type":"ImageObject","inLanguage":"hr","@id":"https:\/\/www.malasmora.si\/izdelek\/real_petals_black_necklace\/#primaryimage","url":"https:\/\/www.malasmora.si\/wp-content\/uploads\/2025\/01\/dried_flowers_black_resin_holographic_necklase_5-scaled.jpg","contentUrl":"https:\/\/www.malasmora.si\/wp-content\/uploads\/2025\/01\/dried_flowers_black_resin_holographic_necklase_5-scaled.jpg","width":1686,"height":2560,"caption":"dried_flowers_black_resin_holographic_necklase"},{"@type":"BreadcrumbList","@id":"https:\/\/www.malasmora.si\/izdelek\/real_petals_black_necklace\/#breadcrumb","itemListElement":[{"@type":"ListItem","position":1,"name":"Home","item":"https:\/\/www.malasmora.si\/"},{"@type":"ListItem","position":2,"name":"Shop","item":"https:\/\/www.malasmora.si\/shop\/"},{"@type":"ListItem","position":3,"name":"Ogrlica s pravimi cvetnimi listi, \u010drna z zlatim robom"}]},{"@type":"WebSite","@id":"https:\/\/www.malasmora.si\/#website","url":"https:\/\/www.malasmora.si\/","name":"Mala s mora","description":"Ro\u010dno izdelan nakit iz epoksi smole","publisher":{"@id":"https:\/\/www.malasmora.si\/#organization"},"potentialAction":[{"@type":"SearchAction","target":{"@type":"EntryPoint","urlTemplate":"https:\/\/www.malasmora.si\/?s={search_term_string}"},"query-input":{"@type":"PropertyValueSpecification","valueRequired":true,"valueName":"search_term_string"}}],"inLanguage":"hr"},{"@type":"Organization","@id":"https:\/\/www.malasmora.si\/#organization","name":"Mala s mora","url":"https:\/\/www.malasmora.si\/","logo":{"@type":"ImageObject","inLanguage":"hr","@id":"https:\/\/www.malasmora.si\/#\/schema\/logo\/image\/","url":"https:\/\/www.malasmora.si\/wp-content\/uploads\/2025\/07\/logo_novi_03.png","contentUrl":"https:\/\/www.malasmora.si\/wp-content\/uploads\/2025\/07\/logo_novi_03.png","width":1536,"height":1024,"caption":"Mala s mora"},"image":{"@id":"https:\/\/www.malasmora.si\/#\/schema\/logo\/image\/"},"sameAs":["https:\/\/www.facebook.com\/MalaSMoraArt\/"]}]}},"_links":{"self":[{"href":"https:\/\/www.malasmora.si\/hr\/wp-json\/wp\/v2\/product\/3308","targetHints":{"allow":["GET"]}}],"collection":[{"href":"https:\/\/www.malasmora.si\/hr\/wp-json\/wp\/v2\/product"}],"about":[{"href":"https:\/\/www.malasmora.si\/hr\/wp-json\/wp\/v2\/types\/product"}],"replies":[{"embeddable":true,"href":"https:\/\/www.malasmora.si\/hr\/wp-json\/wp\/v2\/comments?post=3308"}],"wp:featuredmedia":[{"embeddable":true,"href":"https:\/\/www.malasmora.si\/hr\/wp-json\/wp\/v2\/media\/3309"}],"wp:attachment":[{"href":"https:\/\/www.malasmora.si\/hr\/wp-json\/wp\/v2\/media?parent=3308"}],"wp:term":[{"taxonomy":"product_brand","embeddable":true,"href":"https:\/\/www.malasmora.si\/hr\/wp-json\/wp\/v2\/product_brand?post=3308"},{"taxonomy":"product_cat","embeddable":true,"href":"https:\/\/www.malasmora.si\/hr\/wp-json\/wp\/v2\/product_cat?post=3308"},{"taxonomy":"product_tag","embeddable":true,"href":"https:\/\/www.malasmora.si\/hr\/wp-json\/wp\/v2\/product_tag?post=3308"}],"curies":[{"name":"wp","href":"https:\/\/api.w.org\/{rel}","templated":true}]}}