{"id":3373,"date":"2025-01-19T11:22:25","date_gmt":"2025-01-19T09:22:25","guid":{"rendered":"https:\/\/www.malasmora.si\/?post_type=product&#038;p=3373"},"modified":"2025-01-19T11:38:17","modified_gmt":"2025-01-19T09:38:17","slug":"minimalist_black_dangle_earrings","status":"publish","type":"product","link":"https:\/\/www.malasmora.si\/hr\/proizvod\/minimalist_black_dangle_earrings\/","title":{"rendered":"Minimalisti\u010dni \u010drni vise\u010di uhani"},"content":{"rendered":"<p>Naredila sem tri razli\u010dice \u010drnih minimalisti\u010dnih uhanov. Vsi so preprosti, a zelo lepi in elegantni. Popolni za vsako prilo\u017enost, ne glede na to, ali se urejate za ve\u010derni izhod ali \u017eelite zaokro\u017eiti svoj vsakdanji videz.<\/p>\n<p>So lahki, zato jih lahko nosite ves dan.<br \/>\nVsak par je specifi\u010den: eden je okrogel, drugi s suhimi cvetovi, tretji pa z diskretno vijoli\u010dno zgornjo plastjo.<\/p>\n<p>\ud83d\udcd0 Pribli\u017ene velikosti:<br \/>\nCelotna dol\u017eina uhanov z vijoli\u010dno plastjo 6 cm (2,36&#8243;)<br \/>\nCelotna dol\u017eina uhanov s suhim cvetjem 6 cm (2,36&#8243;)<br \/>\nCelotna dol\u017eina okroglih uhanov 4,5 cm (1,77&#8243;)<\/p>\n<p><img decoding=\"async\" class=\"emoji\" role=\"img\" draggable=\"false\" src=\"https:\/\/s.w.org\/images\/core\/emoji\/15.0.3\/svg\/1f496.svg\" alt=\"\ud83d\udc96\" \/> NJEGA ZA RU\u010cNO IZRA\u0110ENI NAKIT <img decoding=\"async\" class=\"emoji\" role=\"img\" draggable=\"false\" src=\"https:\/\/s.w.org\/images\/core\/emoji\/15.0.3\/svg\/1f496.svg\" alt=\"\ud83d\udc96\" \/><br \/>\nProsimo, hranite na suhem mestu in se izogibajte dolgotrajni neposredni son\u010dni svetlobi, vodi, kemikalijam in parfumom, da ohranite lepoto nakita.<\/p>\n<p><span class=\"HwtZe\" lang=\"sl\"><span class=\"jCAhz JxVs2d ChMk0b\"><span class=\"ryNqvb\">\u2726 Vse kaj je v moji trgovini izdelujem ro\u010dno, torej ne obstajajo dva popolnoma enaka izdelka.<\/span><\/span> <span class=\"jCAhz JxVs2d ChMk0b\"><span class=\"ryNqvb\">Poleg tega zaradi ro\u010dne izdelave vedno obstaja mo\u017enost majhnih nepravilnosti in mehur\u010dkov. <\/span><\/span><\/span><\/p>\n<p>\u2726 Upo\u0161tevajte, da se lahko na nekaterih monitorjih zaradi razli\u010dnih nastavitev slike barva nekoliko razlikuje.<\/p>","protected":false},"excerpt":{"rendered":"<p>Naredila sem tri razli\u010dice \u010drnih minimalisti\u010dnih uhanov. Vsi so preprosti, a zelo lepi in elegantni. Popolni za vsako prilo\u017enost, ne glede na to, ali se urejate za ve\u010derni izhod ali \u017eelite zaokro\u017eiti svoj vsakdanji videz. So lahki, zato jih lahko nosite ves dan. Vsak par je specifi\u010den: eden je okrogel, drugi s suhimi cvetovi, tretji&#8230;<\/p>","protected":false},"featured_media":3374,"comment_status":"open","ping_status":"closed","template":"","meta":{"_kadence_starter_templates_imported_post":false,"_kad_post_transparent":"default","_kad_post_title":"","_kad_post_layout":"default","_kad_post_sidebar_id":"","_kad_post_content_style":"default","_kad_post_vertical_padding":"default","_kad_post_feature":"","_kad_post_feature_position":"","_kad_post_header":false,"_kad_post_footer":false},"product_brand":[],"product_cat":[19],"product_tag":[851,852,73,242,850,67,75,484,849,76],"class_list":{"0":"post-3373","1":"product","2":"type-product","3":"status-publish","4":"has-post-thumbnail","6":"product_cat-earrings","7":"product_tag-black_multicolored_glitter_resin_earringss","8":"product_tag-black_resin_earrings","9":"product_tag-dangle_earrings","10":"product_tag-glitter_earrings","11":"product_tag-glittery_earrings","12":"product_tag-handmade_jewelry","13":"product_tag-resin_earrings","14":"product_tag-resin_glitter_earrings","15":"product_tag-shimmering_earrings","16":"product_tag-statement_earrings","18":"first","19":"instock","20":"sold-individually","21":"taxable","22":"shipping-taxable","23":"purchasable","24":"product-type-variable","25":"entry","26":"content-bg","27":"loop-entry"},"yoast_head":"<!-- This site is optimized with the Yoast SEO plugin v26.6 - https:\/\/yoast.com\/wordpress\/plugins\/seo\/ -->\n<title>Minimalisti\u010dni \u010drni vise\u010di uhani - Mala s mora<\/title>\n<meta name=\"description\" content=\"Minimalist black dangle resin earrings, Minimalisti\u010dni \u010drni vise\u010di uhani iz smole, Minimalisti\u010dke crne vise\u0107e nau\u0161nice od smole\" \/>\n<meta name=\"robots\" content=\"index, follow, max-snippet:-1, max-image-preview:large, max-video-preview:-1\" \/>\n<link rel=\"canonical\" href=\"https:\/\/www.malasmora.si\/hr\/proizvod\/minimalist_black_dangle_earrings\/\" \/>\n<meta property=\"og:locale\" content=\"hr_HR\" \/>\n<meta property=\"og:type\" content=\"article\" \/>\n<meta property=\"og:title\" content=\"Minimalisti\u010dni \u010drni vise\u010di uhani - Mala s mora\" \/>\n<meta property=\"og:description\" content=\"Minimalist black dangle resin earrings, Minimalisti\u010dni \u010drni vise\u010di uhani iz smole, Minimalisti\u010dke crne vise\u0107e nau\u0161nice od smole\" \/>\n<meta property=\"og:url\" content=\"https:\/\/www.malasmora.si\/hr\/proizvod\/minimalist_black_dangle_earrings\/\" \/>\n<meta property=\"og:site_name\" content=\"Mala s mora\" \/>\n<meta property=\"article:publisher\" content=\"https:\/\/www.facebook.com\/MalaSMoraArt\/\" \/>\n<meta property=\"article:modified_time\" content=\"2025-01-19T09:38:17+00:00\" \/>\n<meta property=\"og:image\" content=\"https:\/\/www.malasmora.si\/wp-content\/uploads\/2025\/01\/minimalist_black_resin_earrings_5-scaled.jpg\" \/>\n\t<meta property=\"og:image:width\" content=\"1920\" \/>\n\t<meta property=\"og:image:height\" content=\"2560\" \/>\n\t<meta property=\"og:image:type\" content=\"image\/jpeg\" \/>\n<meta name=\"twitter:card\" content=\"summary_large_image\" \/>\n<meta name=\"twitter:label1\" content=\"Procijenjeno vrijeme \u010ditanja\" \/>\n\t<meta name=\"twitter:data1\" content=\"2 minute\" \/>\n<script type=\"application\/ld+json\" class=\"yoast-schema-graph\">{\"@context\":\"https:\/\/schema.org\",\"@graph\":[{\"@type\":\"WebPage\",\"@id\":\"https:\/\/www.malasmora.si\/izdelek\/minimalist_black_dangle_earrings\/\",\"url\":\"https:\/\/www.malasmora.si\/izdelek\/minimalist_black_dangle_earrings\/\",\"name\":\"Minimalisti\u010dni \u010drni vise\u010di uhani - Mala s mora\",\"isPartOf\":{\"@id\":\"https:\/\/www.malasmora.si\/#website\"},\"primaryImageOfPage\":{\"@id\":\"https:\/\/www.malasmora.si\/izdelek\/minimalist_black_dangle_earrings\/#primaryimage\"},\"image\":{\"@id\":\"https:\/\/www.malasmora.si\/izdelek\/minimalist_black_dangle_earrings\/#primaryimage\"},\"thumbnailUrl\":\"https:\/\/www.malasmora.si\/wp-content\/uploads\/2025\/01\/minimalist_black_resin_earrings_5-scaled.jpg\",\"datePublished\":\"2025-01-19T09:22:25+00:00\",\"dateModified\":\"2025-01-19T09:38:17+00:00\",\"description\":\"Minimalist black dangle resin earrings, Minimalisti\u010dni \u010drni vise\u010di uhani iz smole, Minimalisti\u010dke crne vise\u0107e nau\u0161nice od smole\",\"breadcrumb\":{\"@id\":\"https:\/\/www.malasmora.si\/izdelek\/minimalist_black_dangle_earrings\/#breadcrumb\"},\"inLanguage\":\"hr\",\"potentialAction\":[{\"@type\":\"ReadAction\",\"target\":[\"https:\/\/www.malasmora.si\/izdelek\/minimalist_black_dangle_earrings\/\"]}]},{\"@type\":\"ImageObject\",\"inLanguage\":\"hr\",\"@id\":\"https:\/\/www.malasmora.si\/izdelek\/minimalist_black_dangle_earrings\/#primaryimage\",\"url\":\"https:\/\/www.malasmora.si\/wp-content\/uploads\/2025\/01\/minimalist_black_resin_earrings_5-scaled.jpg\",\"contentUrl\":\"https:\/\/www.malasmora.si\/wp-content\/uploads\/2025\/01\/minimalist_black_resin_earrings_5-scaled.jpg\",\"width\":1920,\"height\":2560,\"caption\":\"minimalist_black_resin_earrings\"},{\"@type\":\"BreadcrumbList\",\"@id\":\"https:\/\/www.malasmora.si\/izdelek\/minimalist_black_dangle_earrings\/#breadcrumb\",\"itemListElement\":[{\"@type\":\"ListItem\",\"position\":1,\"name\":\"Home\",\"item\":\"https:\/\/www.malasmora.si\/\"},{\"@type\":\"ListItem\",\"position\":2,\"name\":\"Shop\",\"item\":\"https:\/\/www.malasmora.si\/shop\/\"},{\"@type\":\"ListItem\",\"position\":3,\"name\":\"Minimalisti\u010dni \u010drni vise\u010di uhani\"}]},{\"@type\":\"WebSite\",\"@id\":\"https:\/\/www.malasmora.si\/#website\",\"url\":\"https:\/\/www.malasmora.si\/\",\"name\":\"Mala s mora\",\"description\":\"Ro\u010dno izdelan nakit iz epoksi smole\",\"publisher\":{\"@id\":\"https:\/\/www.malasmora.si\/#organization\"},\"potentialAction\":[{\"@type\":\"SearchAction\",\"target\":{\"@type\":\"EntryPoint\",\"urlTemplate\":\"https:\/\/www.malasmora.si\/?s={search_term_string}\"},\"query-input\":{\"@type\":\"PropertyValueSpecification\",\"valueRequired\":true,\"valueName\":\"search_term_string\"}}],\"inLanguage\":\"hr\"},{\"@type\":\"Organization\",\"@id\":\"https:\/\/www.malasmora.si\/#organization\",\"name\":\"Mala s mora\",\"url\":\"https:\/\/www.malasmora.si\/\",\"logo\":{\"@type\":\"ImageObject\",\"inLanguage\":\"hr\",\"@id\":\"https:\/\/www.malasmora.si\/#\/schema\/logo\/image\/\",\"url\":\"https:\/\/www.malasmora.si\/wp-content\/uploads\/2025\/07\/logo_novi_03.png\",\"contentUrl\":\"https:\/\/www.malasmora.si\/wp-content\/uploads\/2025\/07\/logo_novi_03.png\",\"width\":1536,\"height\":1024,\"caption\":\"Mala s mora\"},\"image\":{\"@id\":\"https:\/\/www.malasmora.si\/#\/schema\/logo\/image\/\"},\"sameAs\":[\"https:\/\/www.facebook.com\/MalaSMoraArt\/\"]}]}<\/script>\n<!-- \/ Yoast SEO plugin. -->","yoast_head_json":{"title":"Minimalisti\u010dni \u010drni vise\u010di uhani - Mala s mora","description":"Minimalist black dangle resin earrings, Minimalisti\u010dni \u010drni vise\u010di uhani iz smole, Minimalisti\u010dke crne vise\u0107e nau\u0161nice od smole","robots":{"index":"index","follow":"follow","max-snippet":"max-snippet:-1","max-image-preview":"max-image-preview:large","max-video-preview":"max-video-preview:-1"},"canonical":"https:\/\/www.malasmora.si\/hr\/proizvod\/minimalist_black_dangle_earrings\/","og_locale":"hr_HR","og_type":"article","og_title":"Minimalisti\u010dni \u010drni vise\u010di uhani - Mala s mora","og_description":"Minimalist black dangle resin earrings, Minimalisti\u010dni \u010drni vise\u010di uhani iz smole, Minimalisti\u010dke crne vise\u0107e nau\u0161nice od smole","og_url":"https:\/\/www.malasmora.si\/hr\/proizvod\/minimalist_black_dangle_earrings\/","og_site_name":"Mala s mora","article_publisher":"https:\/\/www.facebook.com\/MalaSMoraArt\/","article_modified_time":"2025-01-19T09:38:17+00:00","og_image":[{"width":1920,"height":2560,"url":"https:\/\/www.malasmora.si\/wp-content\/uploads\/2025\/01\/minimalist_black_resin_earrings_5-scaled.jpg","type":"image\/jpeg"}],"twitter_card":"summary_large_image","twitter_misc":{"Procijenjeno vrijeme \u010ditanja":"2 minute"},"schema":{"@context":"https:\/\/schema.org","@graph":[{"@type":"WebPage","@id":"https:\/\/www.malasmora.si\/izdelek\/minimalist_black_dangle_earrings\/","url":"https:\/\/www.malasmora.si\/izdelek\/minimalist_black_dangle_earrings\/","name":"Minimalisti\u010dni \u010drni vise\u010di uhani - Mala s mora","isPartOf":{"@id":"https:\/\/www.malasmora.si\/#website"},"primaryImageOfPage":{"@id":"https:\/\/www.malasmora.si\/izdelek\/minimalist_black_dangle_earrings\/#primaryimage"},"image":{"@id":"https:\/\/www.malasmora.si\/izdelek\/minimalist_black_dangle_earrings\/#primaryimage"},"thumbnailUrl":"https:\/\/www.malasmora.si\/wp-content\/uploads\/2025\/01\/minimalist_black_resin_earrings_5-scaled.jpg","datePublished":"2025-01-19T09:22:25+00:00","dateModified":"2025-01-19T09:38:17+00:00","description":"Minimalist black dangle resin earrings, Minimalisti\u010dni \u010drni vise\u010di uhani iz smole, Minimalisti\u010dke crne vise\u0107e nau\u0161nice od smole","breadcrumb":{"@id":"https:\/\/www.malasmora.si\/izdelek\/minimalist_black_dangle_earrings\/#breadcrumb"},"inLanguage":"hr","potentialAction":[{"@type":"ReadAction","target":["https:\/\/www.malasmora.si\/izdelek\/minimalist_black_dangle_earrings\/"]}]},{"@type":"ImageObject","inLanguage":"hr","@id":"https:\/\/www.malasmora.si\/izdelek\/minimalist_black_dangle_earrings\/#primaryimage","url":"https:\/\/www.malasmora.si\/wp-content\/uploads\/2025\/01\/minimalist_black_resin_earrings_5-scaled.jpg","contentUrl":"https:\/\/www.malasmora.si\/wp-content\/uploads\/2025\/01\/minimalist_black_resin_earrings_5-scaled.jpg","width":1920,"height":2560,"caption":"minimalist_black_resin_earrings"},{"@type":"BreadcrumbList","@id":"https:\/\/www.malasmora.si\/izdelek\/minimalist_black_dangle_earrings\/#breadcrumb","itemListElement":[{"@type":"ListItem","position":1,"name":"Home","item":"https:\/\/www.malasmora.si\/"},{"@type":"ListItem","position":2,"name":"Shop","item":"https:\/\/www.malasmora.si\/shop\/"},{"@type":"ListItem","position":3,"name":"Minimalisti\u010dni \u010drni vise\u010di uhani"}]},{"@type":"WebSite","@id":"https:\/\/www.malasmora.si\/#website","url":"https:\/\/www.malasmora.si\/","name":"Mala s mora","description":"Ro\u010dno izdelan nakit iz epoksi smole","publisher":{"@id":"https:\/\/www.malasmora.si\/#organization"},"potentialAction":[{"@type":"SearchAction","target":{"@type":"EntryPoint","urlTemplate":"https:\/\/www.malasmora.si\/?s={search_term_string}"},"query-input":{"@type":"PropertyValueSpecification","valueRequired":true,"valueName":"search_term_string"}}],"inLanguage":"hr"},{"@type":"Organization","@id":"https:\/\/www.malasmora.si\/#organization","name":"Mala s mora","url":"https:\/\/www.malasmora.si\/","logo":{"@type":"ImageObject","inLanguage":"hr","@id":"https:\/\/www.malasmora.si\/#\/schema\/logo\/image\/","url":"https:\/\/www.malasmora.si\/wp-content\/uploads\/2025\/07\/logo_novi_03.png","contentUrl":"https:\/\/www.malasmora.si\/wp-content\/uploads\/2025\/07\/logo_novi_03.png","width":1536,"height":1024,"caption":"Mala s mora"},"image":{"@id":"https:\/\/www.malasmora.si\/#\/schema\/logo\/image\/"},"sameAs":["https:\/\/www.facebook.com\/MalaSMoraArt\/"]}]}},"_links":{"self":[{"href":"https:\/\/www.malasmora.si\/hr\/wp-json\/wp\/v2\/product\/3373","targetHints":{"allow":["GET"]}}],"collection":[{"href":"https:\/\/www.malasmora.si\/hr\/wp-json\/wp\/v2\/product"}],"about":[{"href":"https:\/\/www.malasmora.si\/hr\/wp-json\/wp\/v2\/types\/product"}],"replies":[{"embeddable":true,"href":"https:\/\/www.malasmora.si\/hr\/wp-json\/wp\/v2\/comments?post=3373"}],"wp:featuredmedia":[{"embeddable":true,"href":"https:\/\/www.malasmora.si\/hr\/wp-json\/wp\/v2\/media\/3374"}],"wp:attachment":[{"href":"https:\/\/www.malasmora.si\/hr\/wp-json\/wp\/v2\/media?parent=3373"}],"wp:term":[{"taxonomy":"product_brand","embeddable":true,"href":"https:\/\/www.malasmora.si\/hr\/wp-json\/wp\/v2\/product_brand?post=3373"},{"taxonomy":"product_cat","embeddable":true,"href":"https:\/\/www.malasmora.si\/hr\/wp-json\/wp\/v2\/product_cat?post=3373"},{"taxonomy":"product_tag","embeddable":true,"href":"https:\/\/www.malasmora.si\/hr\/wp-json\/wp\/v2\/product_tag?post=3373"}],"curies":[{"name":"wp","href":"https:\/\/api.w.org\/{rel}","templated":true}]}}