{"id":3382,"date":"2025-01-20T16:22:47","date_gmt":"2025-01-20T14:22:47","guid":{"rendered":"https:\/\/www.malasmora.si\/?post_type=product&#038;p=3382"},"modified":"2025-11-08T13:14:25","modified_gmt":"2025-11-08T11:14:25","slug":"black_heart_ocean_earrings","status":"publish","type":"product","link":"https:\/\/www.malasmora.si\/hr\/proizvod\/black_heart_ocean_earrings\/","title":{"rendered":"\u010crni vise\u010di uhani srce in morje"},"content":{"rendered":"<p>\u010ce ste ljubitelj globokega morja, so to pravi uhani za vas! Med pravim morskim peskom, \u0161koljkami in rastlinami se skriva svetlikajo\u010da riba. Ti uhani so prava mala mojstrovina, unikatni in zanimivi.<br \/>\nSo lahki, zato jih z lahkoto nosite ves dan.<\/p>\n<p><img decoding=\"async\" class=\"emoji\" role=\"img\" draggable=\"false\" src=\"https:\/\/s.w.org\/images\/core\/emoji\/15.0.3\/svg\/1f4d0.svg\" alt=\"\ud83d\udcd0\" \/> Celotna dol\u017eina uhanov je 4.7 cm (1.85&#8243;)<\/p>\n<p><img decoding=\"async\" class=\"emoji\" role=\"img\" draggable=\"false\" src=\"https:\/\/s.w.org\/images\/core\/emoji\/15.0.3\/svg\/1f496.svg\" alt=\"\ud83d\udc96\" \/> NJEGA ZA RU\u010cNO IZRA\u0110ENI NAKIT <img decoding=\"async\" class=\"emoji\" role=\"img\" draggable=\"false\" src=\"https:\/\/s.w.org\/images\/core\/emoji\/15.0.3\/svg\/1f496.svg\" alt=\"\ud83d\udc96\" \/><br \/>\nProsimo, hranite na suhem mestu in se izogibajte dolgotrajni neposredni son\u010dni svetlobi, vodi, kemikalijam in parfumom, da ohranite lepoto nakita.<\/p>\n<p><span class=\"HwtZe\" lang=\"sl\"><span class=\"jCAhz JxVs2d ChMk0b\"><span class=\"ryNqvb\">\u2726 Vse kaj je v moji trgovini izdelujem ro\u010dno, torej ne obstajajo dva popolnoma enaka izdelka.<\/span><\/span> <span class=\"jCAhz JxVs2d ChMk0b\"><span class=\"ryNqvb\">Poleg tega zaradi ro\u010dne izdelave vedno obstaja mo\u017enost majhnih nepravilnosti in mehur\u010dkov. <\/span><\/span><\/span><\/p>\n<p>\u2726 Upo\u0161tevajte, da se lahko na nekaterih monitorjih zaradi razli\u010dnih nastavitev slike barva nekoliko razlikuje.<\/p>","protected":false},"excerpt":{"rendered":"<p>\u010ce ste ljubitelj globokega morja, so to pravi uhani za vas! Med pravim morskim peskom, \u0161koljkami in rastlinami se skriva svetlikajo\u010da riba. Ti uhani so prava mala mojstrovina, unikatni in zanimivi. So lahki, zato jih z lahkoto nosite ves dan. Celotna dol\u017eina uhanov je 4.7 cm (1.85&#8243;) SKRBITE ZA ro\u010dno izdelan nakit Prosimo, hranite na&#8230;<\/p>","protected":false},"featured_media":3383,"comment_status":"open","ping_status":"closed","template":"","meta":{"_kadence_starter_templates_imported_post":false,"_kad_post_transparent":"default","_kad_post_title":"","_kad_post_layout":"default","_kad_post_sidebar_id":"","_kad_post_content_style":"default","_kad_post_vertical_padding":"default","_kad_post_feature":"","_kad_post_feature_position":"","_kad_post_header":false,"_kad_post_footer":false},"product_brand":[],"product_cat":[19],"product_tag":[858,857,855,852,73,67,75,849,856],"class_list":{"0":"post-3382","1":"product","2":"type-product","3":"status-publish","4":"has-post-thumbnail","6":"product_cat-earrings","7":"product_tag-black_heart_ocean_fish_shell_resin_earrings","8":"product_tag-black_heart_resin_earrings","9":"product_tag-black_ocean_resin_earrings","10":"product_tag-black_resin_earrings","11":"product_tag-dangle_earrings","12":"product_tag-handmade_jewelry","13":"product_tag-resin_earrings","14":"product_tag-shimmering_earrings","15":"product_tag-shiny_fish_in_resin_earrings","17":"first","18":"instock","19":"sold-individually","20":"taxable","21":"shipping-taxable","22":"purchasable","23":"product-type-simple","24":"entry","25":"content-bg","26":"loop-entry"},"yoast_head":"<!-- This site is optimized with the Yoast SEO plugin v26.6 - https:\/\/yoast.com\/wordpress\/plugins\/seo\/ -->\n<title>\u010crni vise\u010di uhani srce in morje - Mala s mora<\/title>\n<meta name=\"description\" content=\"Black heart resin earrings with sparkling fish among natural sand shells and plants, \u010crni uhani iz smole v obliki srca z lesketajo\u010do se ribo med naravno mivko \u0161koljkami in rastlinami, Crne nau\u0161nice od smole u obliku srca s svjetle\u0107om ribom izme\u0111u prirodnog pijeska \u0161koljke i biljaka\" \/>\n<meta name=\"robots\" content=\"index, follow, max-snippet:-1, max-image-preview:large, max-video-preview:-1\" \/>\n<link rel=\"canonical\" href=\"https:\/\/www.malasmora.si\/hr\/proizvod\/black_heart_ocean_earrings\/\" \/>\n<meta property=\"og:locale\" content=\"hr_HR\" \/>\n<meta property=\"og:type\" content=\"article\" \/>\n<meta property=\"og:title\" content=\"\u010crni vise\u010di uhani srce in morje - Mala s mora\" \/>\n<meta property=\"og:description\" content=\"Black heart resin earrings with sparkling fish among natural sand shells and plants, \u010crni uhani iz smole v obliki srca z lesketajo\u010do se ribo med naravno mivko \u0161koljkami in rastlinami, Crne nau\u0161nice od smole u obliku srca s svjetle\u0107om ribom izme\u0111u prirodnog pijeska \u0161koljke i biljaka\" \/>\n<meta property=\"og:url\" content=\"https:\/\/www.malasmora.si\/hr\/proizvod\/black_heart_ocean_earrings\/\" \/>\n<meta property=\"og:site_name\" content=\"Mala s mora\" \/>\n<meta property=\"article:publisher\" content=\"https:\/\/www.facebook.com\/MalaSMoraArt\/\" \/>\n<meta property=\"article:modified_time\" content=\"2025-11-08T11:14:25+00:00\" \/>\n<meta property=\"og:image\" content=\"https:\/\/www.malasmora.si\/wp-content\/uploads\/2025\/01\/deep_sea_black_heart_resin_earrings_2-scaled.jpg\" \/>\n\t<meta property=\"og:image:width\" content=\"1920\" \/>\n\t<meta property=\"og:image:height\" content=\"2560\" \/>\n\t<meta property=\"og:image:type\" content=\"image\/jpeg\" \/>\n<meta name=\"twitter:card\" content=\"summary_large_image\" \/>\n<meta name=\"twitter:label1\" content=\"Procijenjeno vrijeme \u010ditanja\" \/>\n\t<meta name=\"twitter:data1\" content=\"2 minute\" \/>\n<script type=\"application\/ld+json\" class=\"yoast-schema-graph\">{\"@context\":\"https:\/\/schema.org\",\"@graph\":[{\"@type\":\"WebPage\",\"@id\":\"https:\/\/www.malasmora.si\/izdelek\/black_heart_ocean_earrings\/\",\"url\":\"https:\/\/www.malasmora.si\/izdelek\/black_heart_ocean_earrings\/\",\"name\":\"\u010crni vise\u010di uhani srce in morje - Mala s mora\",\"isPartOf\":{\"@id\":\"https:\/\/www.malasmora.si\/#website\"},\"primaryImageOfPage\":{\"@id\":\"https:\/\/www.malasmora.si\/izdelek\/black_heart_ocean_earrings\/#primaryimage\"},\"image\":{\"@id\":\"https:\/\/www.malasmora.si\/izdelek\/black_heart_ocean_earrings\/#primaryimage\"},\"thumbnailUrl\":\"https:\/\/www.malasmora.si\/wp-content\/uploads\/2025\/01\/deep_sea_black_heart_resin_earrings_2-scaled.jpg\",\"datePublished\":\"2025-01-20T14:22:47+00:00\",\"dateModified\":\"2025-11-08T11:14:25+00:00\",\"description\":\"Black heart resin earrings with sparkling fish among natural sand shells and plants, \u010crni uhani iz smole v obliki srca z lesketajo\u010do se ribo med naravno mivko \u0161koljkami in rastlinami, Crne nau\u0161nice od smole u obliku srca s svjetle\u0107om ribom izme\u0111u prirodnog pijeska \u0161koljke i biljaka\",\"breadcrumb\":{\"@id\":\"https:\/\/www.malasmora.si\/izdelek\/black_heart_ocean_earrings\/#breadcrumb\"},\"inLanguage\":\"hr\",\"potentialAction\":[{\"@type\":\"ReadAction\",\"target\":[\"https:\/\/www.malasmora.si\/izdelek\/black_heart_ocean_earrings\/\"]}]},{\"@type\":\"ImageObject\",\"inLanguage\":\"hr\",\"@id\":\"https:\/\/www.malasmora.si\/izdelek\/black_heart_ocean_earrings\/#primaryimage\",\"url\":\"https:\/\/www.malasmora.si\/wp-content\/uploads\/2025\/01\/deep_sea_black_heart_resin_earrings_2-scaled.jpg\",\"contentUrl\":\"https:\/\/www.malasmora.si\/wp-content\/uploads\/2025\/01\/deep_sea_black_heart_resin_earrings_2-scaled.jpg\",\"width\":1920,\"height\":2560,\"caption\":\"deep_sea_black_heart_resin_earrings\"},{\"@type\":\"BreadcrumbList\",\"@id\":\"https:\/\/www.malasmora.si\/izdelek\/black_heart_ocean_earrings\/#breadcrumb\",\"itemListElement\":[{\"@type\":\"ListItem\",\"position\":1,\"name\":\"Home\",\"item\":\"https:\/\/www.malasmora.si\/\"},{\"@type\":\"ListItem\",\"position\":2,\"name\":\"Shop\",\"item\":\"https:\/\/www.malasmora.si\/shop\/\"},{\"@type\":\"ListItem\",\"position\":3,\"name\":\"\u010crni vise\u010di uhani srce in morje\"}]},{\"@type\":\"WebSite\",\"@id\":\"https:\/\/www.malasmora.si\/#website\",\"url\":\"https:\/\/www.malasmora.si\/\",\"name\":\"Mala s mora\",\"description\":\"Ro\u010dno izdelan nakit iz epoksi smole\",\"publisher\":{\"@id\":\"https:\/\/www.malasmora.si\/#organization\"},\"potentialAction\":[{\"@type\":\"SearchAction\",\"target\":{\"@type\":\"EntryPoint\",\"urlTemplate\":\"https:\/\/www.malasmora.si\/?s={search_term_string}\"},\"query-input\":{\"@type\":\"PropertyValueSpecification\",\"valueRequired\":true,\"valueName\":\"search_term_string\"}}],\"inLanguage\":\"hr\"},{\"@type\":\"Organization\",\"@id\":\"https:\/\/www.malasmora.si\/#organization\",\"name\":\"Mala s mora\",\"url\":\"https:\/\/www.malasmora.si\/\",\"logo\":{\"@type\":\"ImageObject\",\"inLanguage\":\"hr\",\"@id\":\"https:\/\/www.malasmora.si\/#\/schema\/logo\/image\/\",\"url\":\"https:\/\/www.malasmora.si\/wp-content\/uploads\/2025\/07\/logo_novi_03.png\",\"contentUrl\":\"https:\/\/www.malasmora.si\/wp-content\/uploads\/2025\/07\/logo_novi_03.png\",\"width\":1536,\"height\":1024,\"caption\":\"Mala s mora\"},\"image\":{\"@id\":\"https:\/\/www.malasmora.si\/#\/schema\/logo\/image\/\"},\"sameAs\":[\"https:\/\/www.facebook.com\/MalaSMoraArt\/\"]}]}<\/script>\n<!-- \/ Yoast SEO plugin. -->","yoast_head_json":{"title":"\u010crni vise\u010di uhani srce in morje - Mala s mora","description":"Black heart resin earrings with sparkling fish among natural sand shells and plants, \u010crni uhani iz smole v obliki srca z lesketajo\u010do se ribo med naravno mivko \u0161koljkami in rastlinami, Crne nau\u0161nice od smole u obliku srca s svjetle\u0107om ribom izme\u0111u prirodnog pijeska \u0161koljke i biljaka","robots":{"index":"index","follow":"follow","max-snippet":"max-snippet:-1","max-image-preview":"max-image-preview:large","max-video-preview":"max-video-preview:-1"},"canonical":"https:\/\/www.malasmora.si\/hr\/proizvod\/black_heart_ocean_earrings\/","og_locale":"hr_HR","og_type":"article","og_title":"\u010crni vise\u010di uhani srce in morje - Mala s mora","og_description":"Black heart resin earrings with sparkling fish among natural sand shells and plants, \u010crni uhani iz smole v obliki srca z lesketajo\u010do se ribo med naravno mivko \u0161koljkami in rastlinami, Crne nau\u0161nice od smole u obliku srca s svjetle\u0107om ribom izme\u0111u prirodnog pijeska \u0161koljke i biljaka","og_url":"https:\/\/www.malasmora.si\/hr\/proizvod\/black_heart_ocean_earrings\/","og_site_name":"Mala s mora","article_publisher":"https:\/\/www.facebook.com\/MalaSMoraArt\/","article_modified_time":"2025-11-08T11:14:25+00:00","og_image":[{"width":1920,"height":2560,"url":"https:\/\/www.malasmora.si\/wp-content\/uploads\/2025\/01\/deep_sea_black_heart_resin_earrings_2-scaled.jpg","type":"image\/jpeg"}],"twitter_card":"summary_large_image","twitter_misc":{"Procijenjeno vrijeme \u010ditanja":"2 minute"},"schema":{"@context":"https:\/\/schema.org","@graph":[{"@type":"WebPage","@id":"https:\/\/www.malasmora.si\/izdelek\/black_heart_ocean_earrings\/","url":"https:\/\/www.malasmora.si\/izdelek\/black_heart_ocean_earrings\/","name":"\u010crni vise\u010di uhani srce in morje - Mala s mora","isPartOf":{"@id":"https:\/\/www.malasmora.si\/#website"},"primaryImageOfPage":{"@id":"https:\/\/www.malasmora.si\/izdelek\/black_heart_ocean_earrings\/#primaryimage"},"image":{"@id":"https:\/\/www.malasmora.si\/izdelek\/black_heart_ocean_earrings\/#primaryimage"},"thumbnailUrl":"https:\/\/www.malasmora.si\/wp-content\/uploads\/2025\/01\/deep_sea_black_heart_resin_earrings_2-scaled.jpg","datePublished":"2025-01-20T14:22:47+00:00","dateModified":"2025-11-08T11:14:25+00:00","description":"Black heart resin earrings with sparkling fish among natural sand shells and plants, \u010crni uhani iz smole v obliki srca z lesketajo\u010do se ribo med naravno mivko \u0161koljkami in rastlinami, Crne nau\u0161nice od smole u obliku srca s svjetle\u0107om ribom izme\u0111u prirodnog pijeska \u0161koljke i biljaka","breadcrumb":{"@id":"https:\/\/www.malasmora.si\/izdelek\/black_heart_ocean_earrings\/#breadcrumb"},"inLanguage":"hr","potentialAction":[{"@type":"ReadAction","target":["https:\/\/www.malasmora.si\/izdelek\/black_heart_ocean_earrings\/"]}]},{"@type":"ImageObject","inLanguage":"hr","@id":"https:\/\/www.malasmora.si\/izdelek\/black_heart_ocean_earrings\/#primaryimage","url":"https:\/\/www.malasmora.si\/wp-content\/uploads\/2025\/01\/deep_sea_black_heart_resin_earrings_2-scaled.jpg","contentUrl":"https:\/\/www.malasmora.si\/wp-content\/uploads\/2025\/01\/deep_sea_black_heart_resin_earrings_2-scaled.jpg","width":1920,"height":2560,"caption":"deep_sea_black_heart_resin_earrings"},{"@type":"BreadcrumbList","@id":"https:\/\/www.malasmora.si\/izdelek\/black_heart_ocean_earrings\/#breadcrumb","itemListElement":[{"@type":"ListItem","position":1,"name":"Home","item":"https:\/\/www.malasmora.si\/"},{"@type":"ListItem","position":2,"name":"Shop","item":"https:\/\/www.malasmora.si\/shop\/"},{"@type":"ListItem","position":3,"name":"\u010crni vise\u010di uhani srce in morje"}]},{"@type":"WebSite","@id":"https:\/\/www.malasmora.si\/#website","url":"https:\/\/www.malasmora.si\/","name":"Mala s mora","description":"Ro\u010dno izdelan nakit iz epoksi smole","publisher":{"@id":"https:\/\/www.malasmora.si\/#organization"},"potentialAction":[{"@type":"SearchAction","target":{"@type":"EntryPoint","urlTemplate":"https:\/\/www.malasmora.si\/?s={search_term_string}"},"query-input":{"@type":"PropertyValueSpecification","valueRequired":true,"valueName":"search_term_string"}}],"inLanguage":"hr"},{"@type":"Organization","@id":"https:\/\/www.malasmora.si\/#organization","name":"Mala s mora","url":"https:\/\/www.malasmora.si\/","logo":{"@type":"ImageObject","inLanguage":"hr","@id":"https:\/\/www.malasmora.si\/#\/schema\/logo\/image\/","url":"https:\/\/www.malasmora.si\/wp-content\/uploads\/2025\/07\/logo_novi_03.png","contentUrl":"https:\/\/www.malasmora.si\/wp-content\/uploads\/2025\/07\/logo_novi_03.png","width":1536,"height":1024,"caption":"Mala s mora"},"image":{"@id":"https:\/\/www.malasmora.si\/#\/schema\/logo\/image\/"},"sameAs":["https:\/\/www.facebook.com\/MalaSMoraArt\/"]}]}},"_links":{"self":[{"href":"https:\/\/www.malasmora.si\/hr\/wp-json\/wp\/v2\/product\/3382","targetHints":{"allow":["GET"]}}],"collection":[{"href":"https:\/\/www.malasmora.si\/hr\/wp-json\/wp\/v2\/product"}],"about":[{"href":"https:\/\/www.malasmora.si\/hr\/wp-json\/wp\/v2\/types\/product"}],"replies":[{"embeddable":true,"href":"https:\/\/www.malasmora.si\/hr\/wp-json\/wp\/v2\/comments?post=3382"}],"wp:featuredmedia":[{"embeddable":true,"href":"https:\/\/www.malasmora.si\/hr\/wp-json\/wp\/v2\/media\/3383"}],"wp:attachment":[{"href":"https:\/\/www.malasmora.si\/hr\/wp-json\/wp\/v2\/media?parent=3382"}],"wp:term":[{"taxonomy":"product_brand","embeddable":true,"href":"https:\/\/www.malasmora.si\/hr\/wp-json\/wp\/v2\/product_brand?post=3382"},{"taxonomy":"product_cat","embeddable":true,"href":"https:\/\/www.malasmora.si\/hr\/wp-json\/wp\/v2\/product_cat?post=3382"},{"taxonomy":"product_tag","embeddable":true,"href":"https:\/\/www.malasmora.si\/hr\/wp-json\/wp\/v2\/product_tag?post=3382"}],"curies":[{"name":"wp","href":"https:\/\/api.w.org\/{rel}","templated":true}]}}