{"id":3454,"date":"2025-02-09T13:14:26","date_gmt":"2025-02-09T11:14:26","guid":{"rendered":"https:\/\/www.malasmora.si\/?post_type=product&#038;p=3454"},"modified":"2025-11-08T13:08:49","modified_gmt":"2025-11-08T11:08:49","slug":"black_white_gold_heart_drop_earrings","status":"publish","type":"product","link":"https:\/\/www.malasmora.si\/hr\/proizvod\/black_white_gold_heart_drop_earrings\/","title":{"rendered":"\u010crno belo zlati vise\u010di uhani srce z zlatimi listi\u010di"},"content":{"rendered":"<p>Ti ro\u010dno izdelani uhani iz smole so kot nala\u0161\u010d za ta poseben ve\u010der! Izdelani z ljubeznijo so odli\u010dno darilo za posebno osebo ob valentinovem, rojstnem dnevu ali kateri koli drugi posebni prilo\u017enosti.<\/p>\n<p>Izdelano iz smole, crnih, belih in zlatih pigmentov ter zlatih listi\u010dev za eleganten videz. Kavelj\u010dki so iz sterling srebra zlate barve.<\/p>\n<p>\ud83d\udcd0 Naredila sem jih v treh bvelikostih, ki si jih lahko izberete v spustnem meniju:<br \/>\n3,5 cm (1,38&#8243;)<br \/>\n4 cm (1,57&#8243;)<br \/>\n5 cm (1,97&#8243;)<\/p>\n<p>\u203c\ufe0f<br \/>\nUjemajo\u010de se ogrlice lahko kupite na tej povezavi:<br \/>\n<a href=\"https:\/\/www.malasmora.si\/hr\/proizvod\/red_gold_black_resin_heart_necklace\/\" target=\"_blank\" rel=\"noopener\">https:\/\/www.malasmora.si\/izdelek\/red_gold_black_resin_heart_necklace\/<\/a><br \/>\n\u203c\ufe0f<\/p>\n<p><img decoding=\"async\" class=\"emoji\" role=\"img\" draggable=\"false\" src=\"https:\/\/s.w.org\/images\/core\/emoji\/15.0.3\/svg\/1f496.svg\" alt=\"\ud83d\udc96\" \/> NJEGA ZA RU\u010cNO IZRA\u0110ENI NAKIT <img decoding=\"async\" class=\"emoji\" role=\"img\" draggable=\"false\" src=\"https:\/\/s.w.org\/images\/core\/emoji\/15.0.3\/svg\/1f496.svg\" alt=\"\ud83d\udc96\" \/><br \/>\nProsimo, hranite na suhem mestu in se izogibajte dolgotrajni neposredni son\u010dni svetlobi, vodi, kemikalijam in parfumom, da ohranite lepoto nakita.<\/p>\n<p><span class=\"HwtZe\" lang=\"sl\"><span class=\"jCAhz JxVs2d ChMk0b\"><span class=\"ryNqvb\">\u2726 Vse kaj je v moji trgovini izdelujem ro\u010dno, torej ne obstajajo dva popolnoma enaka izdelka.<\/span><\/span> <span class=\"jCAhz JxVs2d ChMk0b\"><span class=\"ryNqvb\">Poleg tega zaradi ro\u010dne izdelave vedno obstaja mo\u017enost majhnih nepravilnosti in mehur\u010dkov. <\/span><\/span><\/span><\/p>\n<p>\u2726 Upo\u0161tevajte, da se lahko na nekaterih monitorjih zaradi razli\u010dnih nastavitev slike barva nekoliko razlikuje.<\/p>","protected":false},"excerpt":{"rendered":"<p>Ti ro\u010dno izdelani uhani iz smole so kot nala\u0161\u010d za ta poseben ve\u010der! Izdelani z ljubeznijo so odli\u010dno darilo za posebno osebo ob valentinovem, rojstnem dnevu ali kateri koli drugi posebni prilo\u017enosti. Izdelano iz smole, crnih, belih in zlatih pigmentov ter zlatih listi\u010dev za eleganten videz. Kavelj\u010dki so iz sterling srebra zlate barve. \ud83d\udcd0 Naredila&#8230;<\/p>","protected":false},"featured_media":3457,"comment_status":"open","ping_status":"closed","template":"","meta":{"_kadence_starter_templates_imported_post":false,"_kad_post_transparent":"default","_kad_post_title":"","_kad_post_layout":"default","_kad_post_sidebar_id":"","_kad_post_content_style":"default","_kad_post_vertical_padding":"default","_kad_post_feature":"","_kad_post_feature_position":"","_kad_post_header":false,"_kad_post_footer":false},"product_brand":[],"product_cat":[19],"product_tag":[94,73,67,884,885,886,75,144],"class_list":{"0":"post-3454","1":"product","2":"type-product","3":"status-publish","4":"has-post-thumbnail","6":"product_cat-earrings","7":"product_tag-birthday_gift","8":"product_tag-dangle_earrings","9":"product_tag-handmade_jewelry","10":"product_tag-love_and_frienship_gift","11":"product_tag-red_heart_drop_earrings","12":"product_tag-red_heart_resin_earrings","13":"product_tag-resin_earrings","14":"product_tag-valentine_day_gift","16":"first","17":"instock","18":"sold-individually","19":"taxable","20":"shipping-taxable","21":"purchasable","22":"product-type-variable","23":"entry","24":"content-bg","25":"loop-entry"},"yoast_head":"<!-- This site is optimized with the Yoast SEO plugin v26.6 - https:\/\/yoast.com\/wordpress\/plugins\/seo\/ -->\n<title>\u010crno belo zlati vise\u010di uhani srce z zlatimi listi\u010di - Mala s mora<\/title>\n<meta name=\"description\" content=\"Black white gold heart dangle drop earrings with gold leaves, \u010crno beli zlati vise\u010di uhani srce z zlatimi listi\u010di, Vise\u0107e nau\u0161nice u obliku srca crno bijele i zlatne boje sa zlatnim listi\u0107ima\" \/>\n<meta name=\"robots\" content=\"index, follow, max-snippet:-1, max-image-preview:large, max-video-preview:-1\" \/>\n<link rel=\"canonical\" href=\"https:\/\/www.malasmora.si\/hr\/proizvod\/black_white_gold_heart_drop_earrings\/\" \/>\n<meta property=\"og:locale\" content=\"hr_HR\" \/>\n<meta property=\"og:type\" content=\"article\" \/>\n<meta property=\"og:title\" content=\"\u010crno belo zlati vise\u010di uhani srce z zlatimi listi\u010di - Mala s mora\" \/>\n<meta property=\"og:description\" content=\"Black white gold heart dangle drop earrings with gold leaves, \u010crno beli zlati vise\u010di uhani srce z zlatimi listi\u010di, Vise\u0107e nau\u0161nice u obliku srca crno bijele i zlatne boje sa zlatnim listi\u0107ima\" \/>\n<meta property=\"og:url\" content=\"https:\/\/www.malasmora.si\/hr\/proizvod\/black_white_gold_heart_drop_earrings\/\" \/>\n<meta property=\"og:site_name\" content=\"Mala s mora\" \/>\n<meta property=\"article:publisher\" content=\"https:\/\/www.facebook.com\/MalaSMoraArt\/\" \/>\n<meta property=\"article:modified_time\" content=\"2025-11-08T11:08:49+00:00\" \/>\n<meta property=\"og:image\" content=\"https:\/\/www.malasmora.si\/wp-content\/uploads\/2025\/02\/black_gold_white_drop_resin_heart_earrings_6-scaled.jpg\" \/>\n\t<meta property=\"og:image:width\" content=\"1959\" \/>\n\t<meta property=\"og:image:height\" content=\"2560\" \/>\n\t<meta property=\"og:image:type\" content=\"image\/jpeg\" \/>\n<meta name=\"twitter:card\" content=\"summary_large_image\" \/>\n<meta name=\"twitter:label1\" content=\"Procijenjeno vrijeme \u010ditanja\" \/>\n\t<meta name=\"twitter:data1\" content=\"2 minute\" \/>\n<script type=\"application\/ld+json\" class=\"yoast-schema-graph\">{\"@context\":\"https:\/\/schema.org\",\"@graph\":[{\"@type\":\"WebPage\",\"@id\":\"https:\/\/www.malasmora.si\/izdelek\/black_white_gold_heart_drop_earrings\/\",\"url\":\"https:\/\/www.malasmora.si\/izdelek\/black_white_gold_heart_drop_earrings\/\",\"name\":\"\u010crno belo zlati vise\u010di uhani srce z zlatimi listi\u010di - Mala s mora\",\"isPartOf\":{\"@id\":\"https:\/\/www.malasmora.si\/#website\"},\"primaryImageOfPage\":{\"@id\":\"https:\/\/www.malasmora.si\/izdelek\/black_white_gold_heart_drop_earrings\/#primaryimage\"},\"image\":{\"@id\":\"https:\/\/www.malasmora.si\/izdelek\/black_white_gold_heart_drop_earrings\/#primaryimage\"},\"thumbnailUrl\":\"https:\/\/www.malasmora.si\/wp-content\/uploads\/2025\/02\/black_gold_white_drop_resin_heart_earrings_6-scaled.jpg\",\"datePublished\":\"2025-02-09T11:14:26+00:00\",\"dateModified\":\"2025-11-08T11:08:49+00:00\",\"description\":\"Black white gold heart dangle drop earrings with gold leaves, \u010crno beli zlati vise\u010di uhani srce z zlatimi listi\u010di, Vise\u0107e nau\u0161nice u obliku srca crno bijele i zlatne boje sa zlatnim listi\u0107ima\",\"breadcrumb\":{\"@id\":\"https:\/\/www.malasmora.si\/izdelek\/black_white_gold_heart_drop_earrings\/#breadcrumb\"},\"inLanguage\":\"hr\",\"potentialAction\":[{\"@type\":\"ReadAction\",\"target\":[\"https:\/\/www.malasmora.si\/izdelek\/black_white_gold_heart_drop_earrings\/\"]}]},{\"@type\":\"ImageObject\",\"inLanguage\":\"hr\",\"@id\":\"https:\/\/www.malasmora.si\/izdelek\/black_white_gold_heart_drop_earrings\/#primaryimage\",\"url\":\"https:\/\/www.malasmora.si\/wp-content\/uploads\/2025\/02\/black_gold_white_drop_resin_heart_earrings_6-scaled.jpg\",\"contentUrl\":\"https:\/\/www.malasmora.si\/wp-content\/uploads\/2025\/02\/black_gold_white_drop_resin_heart_earrings_6-scaled.jpg\",\"width\":1959,\"height\":2560,\"caption\":\"black_gold_white_drop_resin_heart_earrings\"},{\"@type\":\"BreadcrumbList\",\"@id\":\"https:\/\/www.malasmora.si\/izdelek\/black_white_gold_heart_drop_earrings\/#breadcrumb\",\"itemListElement\":[{\"@type\":\"ListItem\",\"position\":1,\"name\":\"Home\",\"item\":\"https:\/\/www.malasmora.si\/\"},{\"@type\":\"ListItem\",\"position\":2,\"name\":\"Shop\",\"item\":\"https:\/\/www.malasmora.si\/shop\/\"},{\"@type\":\"ListItem\",\"position\":3,\"name\":\"\u010crno belo zlati vise\u010di uhani srce z zlatimi listi\u010di\"}]},{\"@type\":\"WebSite\",\"@id\":\"https:\/\/www.malasmora.si\/#website\",\"url\":\"https:\/\/www.malasmora.si\/\",\"name\":\"Mala s mora\",\"description\":\"Ro\u010dno izdelan nakit iz epoksi smole\",\"publisher\":{\"@id\":\"https:\/\/www.malasmora.si\/#organization\"},\"potentialAction\":[{\"@type\":\"SearchAction\",\"target\":{\"@type\":\"EntryPoint\",\"urlTemplate\":\"https:\/\/www.malasmora.si\/?s={search_term_string}\"},\"query-input\":{\"@type\":\"PropertyValueSpecification\",\"valueRequired\":true,\"valueName\":\"search_term_string\"}}],\"inLanguage\":\"hr\"},{\"@type\":\"Organization\",\"@id\":\"https:\/\/www.malasmora.si\/#organization\",\"name\":\"Mala s mora\",\"url\":\"https:\/\/www.malasmora.si\/\",\"logo\":{\"@type\":\"ImageObject\",\"inLanguage\":\"hr\",\"@id\":\"https:\/\/www.malasmora.si\/#\/schema\/logo\/image\/\",\"url\":\"https:\/\/www.malasmora.si\/wp-content\/uploads\/2025\/07\/logo_novi_03.png\",\"contentUrl\":\"https:\/\/www.malasmora.si\/wp-content\/uploads\/2025\/07\/logo_novi_03.png\",\"width\":1536,\"height\":1024,\"caption\":\"Mala s mora\"},\"image\":{\"@id\":\"https:\/\/www.malasmora.si\/#\/schema\/logo\/image\/\"},\"sameAs\":[\"https:\/\/www.facebook.com\/MalaSMoraArt\/\"]}]}<\/script>\n<!-- \/ Yoast SEO plugin. -->","yoast_head_json":{"title":"\u010crno belo zlati vise\u010di uhani srce z zlatimi listi\u010di - Mala s mora","description":"Black white gold heart dangle drop earrings with gold leaves, \u010crno beli zlati vise\u010di uhani srce z zlatimi listi\u010di, Vise\u0107e nau\u0161nice u obliku srca crno bijele i zlatne boje sa zlatnim listi\u0107ima","robots":{"index":"index","follow":"follow","max-snippet":"max-snippet:-1","max-image-preview":"max-image-preview:large","max-video-preview":"max-video-preview:-1"},"canonical":"https:\/\/www.malasmora.si\/hr\/proizvod\/black_white_gold_heart_drop_earrings\/","og_locale":"hr_HR","og_type":"article","og_title":"\u010crno belo zlati vise\u010di uhani srce z zlatimi listi\u010di - Mala s mora","og_description":"Black white gold heart dangle drop earrings with gold leaves, \u010crno beli zlati vise\u010di uhani srce z zlatimi listi\u010di, Vise\u0107e nau\u0161nice u obliku srca crno bijele i zlatne boje sa zlatnim listi\u0107ima","og_url":"https:\/\/www.malasmora.si\/hr\/proizvod\/black_white_gold_heart_drop_earrings\/","og_site_name":"Mala s mora","article_publisher":"https:\/\/www.facebook.com\/MalaSMoraArt\/","article_modified_time":"2025-11-08T11:08:49+00:00","og_image":[{"width":1959,"height":2560,"url":"https:\/\/www.malasmora.si\/wp-content\/uploads\/2025\/02\/black_gold_white_drop_resin_heart_earrings_6-scaled.jpg","type":"image\/jpeg"}],"twitter_card":"summary_large_image","twitter_misc":{"Procijenjeno vrijeme \u010ditanja":"2 minute"},"schema":{"@context":"https:\/\/schema.org","@graph":[{"@type":"WebPage","@id":"https:\/\/www.malasmora.si\/izdelek\/black_white_gold_heart_drop_earrings\/","url":"https:\/\/www.malasmora.si\/izdelek\/black_white_gold_heart_drop_earrings\/","name":"\u010crno belo zlati vise\u010di uhani srce z zlatimi listi\u010di - Mala s mora","isPartOf":{"@id":"https:\/\/www.malasmora.si\/#website"},"primaryImageOfPage":{"@id":"https:\/\/www.malasmora.si\/izdelek\/black_white_gold_heart_drop_earrings\/#primaryimage"},"image":{"@id":"https:\/\/www.malasmora.si\/izdelek\/black_white_gold_heart_drop_earrings\/#primaryimage"},"thumbnailUrl":"https:\/\/www.malasmora.si\/wp-content\/uploads\/2025\/02\/black_gold_white_drop_resin_heart_earrings_6-scaled.jpg","datePublished":"2025-02-09T11:14:26+00:00","dateModified":"2025-11-08T11:08:49+00:00","description":"Black white gold heart dangle drop earrings with gold leaves, \u010crno beli zlati vise\u010di uhani srce z zlatimi listi\u010di, Vise\u0107e nau\u0161nice u obliku srca crno bijele i zlatne boje sa zlatnim listi\u0107ima","breadcrumb":{"@id":"https:\/\/www.malasmora.si\/izdelek\/black_white_gold_heart_drop_earrings\/#breadcrumb"},"inLanguage":"hr","potentialAction":[{"@type":"ReadAction","target":["https:\/\/www.malasmora.si\/izdelek\/black_white_gold_heart_drop_earrings\/"]}]},{"@type":"ImageObject","inLanguage":"hr","@id":"https:\/\/www.malasmora.si\/izdelek\/black_white_gold_heart_drop_earrings\/#primaryimage","url":"https:\/\/www.malasmora.si\/wp-content\/uploads\/2025\/02\/black_gold_white_drop_resin_heart_earrings_6-scaled.jpg","contentUrl":"https:\/\/www.malasmora.si\/wp-content\/uploads\/2025\/02\/black_gold_white_drop_resin_heart_earrings_6-scaled.jpg","width":1959,"height":2560,"caption":"black_gold_white_drop_resin_heart_earrings"},{"@type":"BreadcrumbList","@id":"https:\/\/www.malasmora.si\/izdelek\/black_white_gold_heart_drop_earrings\/#breadcrumb","itemListElement":[{"@type":"ListItem","position":1,"name":"Home","item":"https:\/\/www.malasmora.si\/"},{"@type":"ListItem","position":2,"name":"Shop","item":"https:\/\/www.malasmora.si\/shop\/"},{"@type":"ListItem","position":3,"name":"\u010crno belo zlati vise\u010di uhani srce z zlatimi listi\u010di"}]},{"@type":"WebSite","@id":"https:\/\/www.malasmora.si\/#website","url":"https:\/\/www.malasmora.si\/","name":"Mala s mora","description":"Ro\u010dno izdelan nakit iz epoksi smole","publisher":{"@id":"https:\/\/www.malasmora.si\/#organization"},"potentialAction":[{"@type":"SearchAction","target":{"@type":"EntryPoint","urlTemplate":"https:\/\/www.malasmora.si\/?s={search_term_string}"},"query-input":{"@type":"PropertyValueSpecification","valueRequired":true,"valueName":"search_term_string"}}],"inLanguage":"hr"},{"@type":"Organization","@id":"https:\/\/www.malasmora.si\/#organization","name":"Mala s mora","url":"https:\/\/www.malasmora.si\/","logo":{"@type":"ImageObject","inLanguage":"hr","@id":"https:\/\/www.malasmora.si\/#\/schema\/logo\/image\/","url":"https:\/\/www.malasmora.si\/wp-content\/uploads\/2025\/07\/logo_novi_03.png","contentUrl":"https:\/\/www.malasmora.si\/wp-content\/uploads\/2025\/07\/logo_novi_03.png","width":1536,"height":1024,"caption":"Mala s mora"},"image":{"@id":"https:\/\/www.malasmora.si\/#\/schema\/logo\/image\/"},"sameAs":["https:\/\/www.facebook.com\/MalaSMoraArt\/"]}]}},"_links":{"self":[{"href":"https:\/\/www.malasmora.si\/hr\/wp-json\/wp\/v2\/product\/3454","targetHints":{"allow":["GET"]}}],"collection":[{"href":"https:\/\/www.malasmora.si\/hr\/wp-json\/wp\/v2\/product"}],"about":[{"href":"https:\/\/www.malasmora.si\/hr\/wp-json\/wp\/v2\/types\/product"}],"replies":[{"embeddable":true,"href":"https:\/\/www.malasmora.si\/hr\/wp-json\/wp\/v2\/comments?post=3454"}],"wp:featuredmedia":[{"embeddable":true,"href":"https:\/\/www.malasmora.si\/hr\/wp-json\/wp\/v2\/media\/3457"}],"wp:attachment":[{"href":"https:\/\/www.malasmora.si\/hr\/wp-json\/wp\/v2\/media?parent=3454"}],"wp:term":[{"taxonomy":"product_brand","embeddable":true,"href":"https:\/\/www.malasmora.si\/hr\/wp-json\/wp\/v2\/product_brand?post=3454"},{"taxonomy":"product_cat","embeddable":true,"href":"https:\/\/www.malasmora.si\/hr\/wp-json\/wp\/v2\/product_cat?post=3454"},{"taxonomy":"product_tag","embeddable":true,"href":"https:\/\/www.malasmora.si\/hr\/wp-json\/wp\/v2\/product_tag?post=3454"}],"curies":[{"name":"wp","href":"https:\/\/api.w.org\/{rel}","templated":true}]}}