{"id":3521,"date":"2025-03-13T12:33:55","date_gmt":"2025-03-13T10:33:55","guid":{"rendered":"https:\/\/www.malasmora.si\/?post_type=product&#038;p=3521"},"modified":"2026-02-26T13:38:14","modified_gmt":"2026-02-26T11:38:14","slug":"real_gemstone_cross_necklace","status":"publish","type":"product","link":"https:\/\/www.malasmora.si\/hr\/proizvod\/real_gemstone_cross_necklace\/","title":{"rendered":"Ogrlica s kri\u017eem iz pravega dragega kamna"},"content":{"rendered":"<p>Kamor koli greste, nosite s seboj simbol vere in narave. Ta edinstvena ogrlica ima obesek v obliki kri\u017ea, skrbno ro\u010dno izdelan z vdelavo pristnih ametistov, kalcedonov, peridotov, olivina ali amazonitnih drobcev v visokokakovostno, kristalno \u010disto smolo.<br \/>\nKer uporabljam prave naravne kamne, ima vsak obesek svoj edinstven vzorec in energijo, kar zagotavlja, da je va\u0161 kos resni\u010dno unikaten. Je lahek, sodoben in pomenljiv dodatek, idealen za vsakodnevno no\u0161enje ali posebne prilo\u017enosti.<\/p>\n<p>Material obeska: Visokokakovostna smola, odporna proti UV-\u017earkom, in pristni zdrobljeni dragi kamni.<\/p>\n<p>Velikost obeska: Pribli\u017eno 3,5 x 2,5 cm (1,38&#8243; x 0,98&#8243;)<br \/>\nVeri\u017eica ogrlice: \u010drna voskasta vrvica 45 + 5 cm podalj\u0161ek (17,72&#8243; + 1,97&#8243;)<br \/>\nZapenjanje: Trpe\u017ena zaponka v obliki karabinerja.<\/p>\n<p>Zakaj vam bo v\u0161e\u010d:<br \/>\nEdinstvena umetnost: Zaradi naravnih razlik v kamnih ni noben kri\u017e popolnoma enak.<br \/>\nSodobna vera: Sodoben pridih tradicionalnemu simbolu, ki zdru\u017euje duhovnost z organsko lepoto.<\/p>\n<p>Udobno: Zasnovano tako, da je lahko in gladko ob ko\u017ei.<\/p>\n<p>\ud83c\udf81 Popolno darilo: Idealna izbira za rojstne dneve, birme, krste ali kot premi\u0161ljeno darilo \u00bbmislimo nate\u00ab.<\/p>\n<p>\ud83d\udc9e Navodila za nego:<br \/>\nDa bi ohranili prozornost smole in \u017eivahnost kamnov, se izogibajte dolgotrajni izpostavljenosti neposredni son\u010dni svetlobi, vodi in agresivnim kemikalijam (kot so parfumi ali \u010distila). Obri\u0161ite z mehko, suho krpo.<\/p>","protected":false},"excerpt":{"rendered":"<p>Kamor koli greste, nosite s seboj simbol vere in narave. Ta edinstvena ogrlica ima obesek v obliki kri\u017ea, skrbno ro\u010dno izdelan z vdelavo pristnih ametistov, kalcedonov, peridotov, olivina ali amazonitnih drobcev v visokokakovostno, kristalno \u010disto smolo. Ker uporabljam prave naravne kamne, ima vsak obesek svoj edinstven vzorec in energijo, kar zagotavlja, da je va\u0161 kos&#8230;<\/p>","protected":false},"featured_media":4168,"comment_status":"open","ping_status":"closed","template":"","meta":{"_kadence_starter_templates_imported_post":false,"_kad_post_transparent":"default","_kad_post_title":"","_kad_post_layout":"default","_kad_post_sidebar_id":"","_kad_post_content_style":"default","_kad_post_vertical_padding":"default","_kad_post_feature":"","_kad_post_feature_position":"","_kad_post_header":false,"_kad_post_footer":false},"product_brand":[],"product_cat":[20],"product_tag":[987,910,913,911,989,1160,1161,67,60,59,909,907,908,988,168,914],"class_list":{"0":"post-3521","1":"product","2":"type-product","3":"status-publish","4":"has-post-thumbnail","6":"product_cat-necklaces","7":"product_tag-amazonite_resin_cross_necklace","8":"product_tag-amethyst_chips_pendant","9":"product_tag-amethyst_cross_pendant","10":"product_tag-amethyst_pendant_necklace","11":"product_tag-chalcedony_resin_cross_necklace","12":"product_tag-gemstone_cross","13":"product_tag-gemstone_cross_necklace","14":"product_tag-handmade_jewelry","15":"product_tag-handmade_necklace","16":"product_tag-handmade_pendant","17":"product_tag-natural_amethyst_necklace","18":"product_tag-natural_crystal_necklace","19":"product_tag-natural_gemstone_necklace","20":"product_tag-olivine_resin_cross_necklace","21":"product_tag-resin_necklace","22":"product_tag-turquoise_cross_pendant","24":"first","25":"instock","26":"taxable","27":"shipping-taxable","28":"purchasable","29":"product-type-variable","30":"entry","31":"content-bg","32":"loop-entry"},"yoast_head":"<!-- This site is optimized with the Yoast SEO plugin v26.6 - https:\/\/yoast.com\/wordpress\/plugins\/seo\/ -->\n<title>Ogrlica s kri\u017eem iz pravega dragega kamna - Mala s mora<\/title>\n<meta name=\"description\" content=\"Natural genstone chips in resin cross pendant necklace, Ogrlica kri\u017e iz naravnih dragih kamnov v smoli, Ogrlica s kri\u017eem od pravih dragih kamena u smoli\" \/>\n<meta name=\"robots\" content=\"index, follow, max-snippet:-1, max-image-preview:large, max-video-preview:-1\" \/>\n<link rel=\"canonical\" href=\"https:\/\/www.malasmora.si\/hr\/proizvod\/real_gemstone_cross_necklace\/\" \/>\n<meta property=\"og:locale\" content=\"hr_HR\" \/>\n<meta property=\"og:type\" content=\"article\" \/>\n<meta property=\"og:title\" content=\"Ogrlica s kri\u017eem iz pravega dragega kamna - Mala s mora\" \/>\n<meta property=\"og:description\" content=\"Natural genstone chips in resin cross pendant necklace, Ogrlica kri\u017e iz naravnih dragih kamnov v smoli, Ogrlica s kri\u017eem od pravih dragih kamena u smoli\" \/>\n<meta property=\"og:url\" content=\"https:\/\/www.malasmora.si\/hr\/proizvod\/real_gemstone_cross_necklace\/\" \/>\n<meta property=\"og:site_name\" content=\"Mala s mora\" \/>\n<meta property=\"article:publisher\" content=\"https:\/\/www.facebook.com\/MalaSMoraArt\/\" \/>\n<meta property=\"article:modified_time\" content=\"2026-02-26T11:38:14+00:00\" \/>\n<meta property=\"og:image\" content=\"https:\/\/www.malasmora.si\/wp-content\/uploads\/2025\/03\/natural_gemstone_resin_cross_necklace_03-scaled.jpg\" \/>\n\t<meta property=\"og:image:width\" content=\"1920\" \/>\n\t<meta property=\"og:image:height\" content=\"2560\" \/>\n\t<meta property=\"og:image:type\" content=\"image\/jpeg\" \/>\n<meta name=\"twitter:card\" content=\"summary_large_image\" \/>\n<meta name=\"twitter:label1\" content=\"Procijenjeno vrijeme \u010ditanja\" \/>\n\t<meta name=\"twitter:data1\" content=\"2 minute\" \/>\n<script type=\"application\/ld+json\" class=\"yoast-schema-graph\">{\"@context\":\"https:\/\/schema.org\",\"@graph\":[{\"@type\":\"WebPage\",\"@id\":\"https:\/\/www.malasmora.si\/izdelek\/real_gemstone_cross_necklace\/\",\"url\":\"https:\/\/www.malasmora.si\/izdelek\/real_gemstone_cross_necklace\/\",\"name\":\"Ogrlica s kri\u017eem iz pravega dragega kamna - Mala s mora\",\"isPartOf\":{\"@id\":\"https:\/\/www.malasmora.si\/#website\"},\"primaryImageOfPage\":{\"@id\":\"https:\/\/www.malasmora.si\/izdelek\/real_gemstone_cross_necklace\/#primaryimage\"},\"image\":{\"@id\":\"https:\/\/www.malasmora.si\/izdelek\/real_gemstone_cross_necklace\/#primaryimage\"},\"thumbnailUrl\":\"https:\/\/www.malasmora.si\/wp-content\/uploads\/2025\/03\/natural_gemstone_resin_cross_necklace_03-scaled.jpg\",\"datePublished\":\"2025-03-13T10:33:55+00:00\",\"dateModified\":\"2026-02-26T11:38:14+00:00\",\"description\":\"Natural genstone chips in resin cross pendant necklace, Ogrlica kri\u017e iz naravnih dragih kamnov v smoli, Ogrlica s kri\u017eem od pravih dragih kamena u smoli\",\"breadcrumb\":{\"@id\":\"https:\/\/www.malasmora.si\/izdelek\/real_gemstone_cross_necklace\/#breadcrumb\"},\"inLanguage\":\"hr\",\"potentialAction\":[{\"@type\":\"ReadAction\",\"target\":[\"https:\/\/www.malasmora.si\/izdelek\/real_gemstone_cross_necklace\/\"]}]},{\"@type\":\"ImageObject\",\"inLanguage\":\"hr\",\"@id\":\"https:\/\/www.malasmora.si\/izdelek\/real_gemstone_cross_necklace\/#primaryimage\",\"url\":\"https:\/\/www.malasmora.si\/wp-content\/uploads\/2025\/03\/natural_gemstone_resin_cross_necklace_03-scaled.jpg\",\"contentUrl\":\"https:\/\/www.malasmora.si\/wp-content\/uploads\/2025\/03\/natural_gemstone_resin_cross_necklace_03-scaled.jpg\",\"width\":1920,\"height\":2560,\"caption\":\"natural_gemstone_resin_cross_necklace\"},{\"@type\":\"BreadcrumbList\",\"@id\":\"https:\/\/www.malasmora.si\/izdelek\/real_gemstone_cross_necklace\/#breadcrumb\",\"itemListElement\":[{\"@type\":\"ListItem\",\"position\":1,\"name\":\"Home\",\"item\":\"https:\/\/www.malasmora.si\/\"},{\"@type\":\"ListItem\",\"position\":2,\"name\":\"Shop\",\"item\":\"https:\/\/www.malasmora.si\/shop\/\"},{\"@type\":\"ListItem\",\"position\":3,\"name\":\"Ogrlica s kri\u017eem iz pravega dragega kamna\"}]},{\"@type\":\"WebSite\",\"@id\":\"https:\/\/www.malasmora.si\/#website\",\"url\":\"https:\/\/www.malasmora.si\/\",\"name\":\"Mala s mora\",\"description\":\"Ro\u010dno izdelan nakit iz epoksi smole\",\"publisher\":{\"@id\":\"https:\/\/www.malasmora.si\/#organization\"},\"potentialAction\":[{\"@type\":\"SearchAction\",\"target\":{\"@type\":\"EntryPoint\",\"urlTemplate\":\"https:\/\/www.malasmora.si\/?s={search_term_string}\"},\"query-input\":{\"@type\":\"PropertyValueSpecification\",\"valueRequired\":true,\"valueName\":\"search_term_string\"}}],\"inLanguage\":\"hr\"},{\"@type\":\"Organization\",\"@id\":\"https:\/\/www.malasmora.si\/#organization\",\"name\":\"Mala s mora\",\"url\":\"https:\/\/www.malasmora.si\/\",\"logo\":{\"@type\":\"ImageObject\",\"inLanguage\":\"hr\",\"@id\":\"https:\/\/www.malasmora.si\/#\/schema\/logo\/image\/\",\"url\":\"https:\/\/www.malasmora.si\/wp-content\/uploads\/2025\/07\/logo_novi_03.png\",\"contentUrl\":\"https:\/\/www.malasmora.si\/wp-content\/uploads\/2025\/07\/logo_novi_03.png\",\"width\":1536,\"height\":1024,\"caption\":\"Mala s mora\"},\"image\":{\"@id\":\"https:\/\/www.malasmora.si\/#\/schema\/logo\/image\/\"},\"sameAs\":[\"https:\/\/www.facebook.com\/MalaSMoraArt\/\"]}]}<\/script>\n<!-- \/ Yoast SEO plugin. -->","yoast_head_json":{"title":"Ogrlica s kri\u017eem iz pravega dragega kamna - Mala s mora","description":"Natural genstone chips in resin cross pendant necklace, Ogrlica kri\u017e iz naravnih dragih kamnov v smoli, Ogrlica s kri\u017eem od pravih dragih kamena u smoli","robots":{"index":"index","follow":"follow","max-snippet":"max-snippet:-1","max-image-preview":"max-image-preview:large","max-video-preview":"max-video-preview:-1"},"canonical":"https:\/\/www.malasmora.si\/hr\/proizvod\/real_gemstone_cross_necklace\/","og_locale":"hr_HR","og_type":"article","og_title":"Ogrlica s kri\u017eem iz pravega dragega kamna - Mala s mora","og_description":"Natural genstone chips in resin cross pendant necklace, Ogrlica kri\u017e iz naravnih dragih kamnov v smoli, Ogrlica s kri\u017eem od pravih dragih kamena u smoli","og_url":"https:\/\/www.malasmora.si\/hr\/proizvod\/real_gemstone_cross_necklace\/","og_site_name":"Mala s mora","article_publisher":"https:\/\/www.facebook.com\/MalaSMoraArt\/","article_modified_time":"2026-02-26T11:38:14+00:00","og_image":[{"width":1920,"height":2560,"url":"https:\/\/www.malasmora.si\/wp-content\/uploads\/2025\/03\/natural_gemstone_resin_cross_necklace_03-scaled.jpg","type":"image\/jpeg"}],"twitter_card":"summary_large_image","twitter_misc":{"Procijenjeno vrijeme \u010ditanja":"2 minute"},"schema":{"@context":"https:\/\/schema.org","@graph":[{"@type":"WebPage","@id":"https:\/\/www.malasmora.si\/izdelek\/real_gemstone_cross_necklace\/","url":"https:\/\/www.malasmora.si\/izdelek\/real_gemstone_cross_necklace\/","name":"Ogrlica s kri\u017eem iz pravega dragega kamna - Mala s mora","isPartOf":{"@id":"https:\/\/www.malasmora.si\/#website"},"primaryImageOfPage":{"@id":"https:\/\/www.malasmora.si\/izdelek\/real_gemstone_cross_necklace\/#primaryimage"},"image":{"@id":"https:\/\/www.malasmora.si\/izdelek\/real_gemstone_cross_necklace\/#primaryimage"},"thumbnailUrl":"https:\/\/www.malasmora.si\/wp-content\/uploads\/2025\/03\/natural_gemstone_resin_cross_necklace_03-scaled.jpg","datePublished":"2025-03-13T10:33:55+00:00","dateModified":"2026-02-26T11:38:14+00:00","description":"Natural genstone chips in resin cross pendant necklace, Ogrlica kri\u017e iz naravnih dragih kamnov v smoli, Ogrlica s kri\u017eem od pravih dragih kamena u smoli","breadcrumb":{"@id":"https:\/\/www.malasmora.si\/izdelek\/real_gemstone_cross_necklace\/#breadcrumb"},"inLanguage":"hr","potentialAction":[{"@type":"ReadAction","target":["https:\/\/www.malasmora.si\/izdelek\/real_gemstone_cross_necklace\/"]}]},{"@type":"ImageObject","inLanguage":"hr","@id":"https:\/\/www.malasmora.si\/izdelek\/real_gemstone_cross_necklace\/#primaryimage","url":"https:\/\/www.malasmora.si\/wp-content\/uploads\/2025\/03\/natural_gemstone_resin_cross_necklace_03-scaled.jpg","contentUrl":"https:\/\/www.malasmora.si\/wp-content\/uploads\/2025\/03\/natural_gemstone_resin_cross_necklace_03-scaled.jpg","width":1920,"height":2560,"caption":"natural_gemstone_resin_cross_necklace"},{"@type":"BreadcrumbList","@id":"https:\/\/www.malasmora.si\/izdelek\/real_gemstone_cross_necklace\/#breadcrumb","itemListElement":[{"@type":"ListItem","position":1,"name":"Home","item":"https:\/\/www.malasmora.si\/"},{"@type":"ListItem","position":2,"name":"Shop","item":"https:\/\/www.malasmora.si\/shop\/"},{"@type":"ListItem","position":3,"name":"Ogrlica s kri\u017eem iz pravega dragega kamna"}]},{"@type":"WebSite","@id":"https:\/\/www.malasmora.si\/#website","url":"https:\/\/www.malasmora.si\/","name":"Mala s mora","description":"Ro\u010dno izdelan nakit iz epoksi smole","publisher":{"@id":"https:\/\/www.malasmora.si\/#organization"},"potentialAction":[{"@type":"SearchAction","target":{"@type":"EntryPoint","urlTemplate":"https:\/\/www.malasmora.si\/?s={search_term_string}"},"query-input":{"@type":"PropertyValueSpecification","valueRequired":true,"valueName":"search_term_string"}}],"inLanguage":"hr"},{"@type":"Organization","@id":"https:\/\/www.malasmora.si\/#organization","name":"Mala s mora","url":"https:\/\/www.malasmora.si\/","logo":{"@type":"ImageObject","inLanguage":"hr","@id":"https:\/\/www.malasmora.si\/#\/schema\/logo\/image\/","url":"https:\/\/www.malasmora.si\/wp-content\/uploads\/2025\/07\/logo_novi_03.png","contentUrl":"https:\/\/www.malasmora.si\/wp-content\/uploads\/2025\/07\/logo_novi_03.png","width":1536,"height":1024,"caption":"Mala s mora"},"image":{"@id":"https:\/\/www.malasmora.si\/#\/schema\/logo\/image\/"},"sameAs":["https:\/\/www.facebook.com\/MalaSMoraArt\/"]}]}},"_links":{"self":[{"href":"https:\/\/www.malasmora.si\/hr\/wp-json\/wp\/v2\/product\/3521","targetHints":{"allow":["GET"]}}],"collection":[{"href":"https:\/\/www.malasmora.si\/hr\/wp-json\/wp\/v2\/product"}],"about":[{"href":"https:\/\/www.malasmora.si\/hr\/wp-json\/wp\/v2\/types\/product"}],"replies":[{"embeddable":true,"href":"https:\/\/www.malasmora.si\/hr\/wp-json\/wp\/v2\/comments?post=3521"}],"wp:featuredmedia":[{"embeddable":true,"href":"https:\/\/www.malasmora.si\/hr\/wp-json\/wp\/v2\/media\/4168"}],"wp:attachment":[{"href":"https:\/\/www.malasmora.si\/hr\/wp-json\/wp\/v2\/media?parent=3521"}],"wp:term":[{"taxonomy":"product_brand","embeddable":true,"href":"https:\/\/www.malasmora.si\/hr\/wp-json\/wp\/v2\/product_brand?post=3521"},{"taxonomy":"product_cat","embeddable":true,"href":"https:\/\/www.malasmora.si\/hr\/wp-json\/wp\/v2\/product_cat?post=3521"},{"taxonomy":"product_tag","embeddable":true,"href":"https:\/\/www.malasmora.si\/hr\/wp-json\/wp\/v2\/product_tag?post=3521"}],"curies":[{"name":"wp","href":"https:\/\/api.w.org\/{rel}","templated":true}]}}