{"id":3583,"date":"2025-03-30T23:13:55","date_gmt":"2025-03-30T21:13:55","guid":{"rendered":"https:\/\/www.malasmora.si\/?post_type=product&#038;p=3583"},"modified":"2026-01-17T18:37:37","modified_gmt":"2026-01-17T16:37:37","slug":"two_halves_one_heart_couple_necklace_set","status":"publish","type":"product","link":"https:\/\/www.malasmora.si\/hr\/proizvod\/two_halves_one_heart_couple_necklace_set\/","title":{"rendered":"Komplet ogrlic za pare"},"content":{"rendered":"<p>Ro\u010dno izdelan komplet ogrlic za pare &#8220;Dve polovici, eno srce&#8221;<\/p>\n<p>Naj bo va\u0161a bolj\u0161a polovica blizu, ne glede na razdaljo. Ta komplet vsebuje dve posamezni ogrlici, vsaka z obeskom v obliki pol srca. Ko ju zdru\u017eite, se zdru\u017eita v popolno srce, ki simbolizira edinstveno vez, ki jo delite.<\/p>\n<p>Te ogrlice, ro\u010dno izdelane z natan\u010dnostjo, so zasnovane za vsakodnevno no\u0161enje, zaradi \u010desar so popolno sentimentalno darilo za obletnice, rojstne dneve ali razmerja na daljavo.<\/p>\n<p>Komplet vsebuje: Dve (2) ogrlici, vsaka z obeskom v obliki pol srca.<\/p>\n<p>Dol\u017eina veri\u017eice: 45 cm + 5 cm podalj\u0161ka (17,72&#8243; + 1,97&#8243;)<br \/>\nZapenjanje: Varna zaponka v obliki karabinerja.<\/p>\n<p>Simboli\u010dna oblika: Fizi\u010dni opomnik, da ste drug drugemu &#8220;manjkajo\u010di del\u010dek&#8221;.<\/p>\n<p>Vsestranski slog: Minimalisti\u010dne in elegantne, te se podajo k vsaki obleki, od vsakdanje do formalne.<\/p>\n<p>\ud83c\udf81 Pripravljene za darilo: Pakirane v darilni \u0161katli, pripravljene za va\u0161o posebno osebo.<\/p>\n<p>\ud83d\udc9e Navodila za nego:<br \/>\nZa ohranitev sijaja se izogibajte stiku z vodo, parfumi in losjoni. Ko izdelka ne uporabljate, ga hranite na suhem mestu.<\/p>","protected":false},"excerpt":{"rendered":"<p>Ro\u010dno izdelan komplet ogrlic za pare &#8220;Dve polovici, eno srce&#8221; Naj bo va\u0161a bolj\u0161a polovica blizu, ne glede na razdaljo. Ta komplet vsebuje dve posamezni ogrlici, vsaka z obeskom v obliki pol srca. Ko ju zdru\u017eite, se zdru\u017eita v popolno srce, ki simbolizira edinstveno vez, ki jo delite. Te ogrlice, ro\u010dno izdelane z natan\u010dnostjo, so&#8230;<\/p>","protected":false},"featured_media":4030,"comment_status":"open","ping_status":"closed","template":"","meta":{"_kadence_starter_templates_imported_post":false,"_kad_post_transparent":"default","_kad_post_title":"","_kad_post_layout":"default","_kad_post_sidebar_id":"","_kad_post_content_style":"default","_kad_post_vertical_padding":"default","_kad_post_feature":"","_kad_post_feature_position":"","_kad_post_header":false,"_kad_post_footer":false},"product_brand":[],"product_cat":[20],"product_tag":[1099,940,67,296,1100,941,1097,1098,298,1096,144,300],"class_list":{"0":"post-3583","1":"product","2":"type-product","3":"status-publish","4":"has-post-thumbnail","6":"product_cat-necklaces","7":"product_tag-anniversary_gift","8":"product_tag-couple_necklace","9":"product_tag-handmade_jewelry","10":"product_tag-heart_shape_pendant","11":"product_tag-long_distance_relationship_gift","12":"product_tag-necklace_for_lovers","13":"product_tag-necklace_for_pair","14":"product_tag-necklace_set","15":"product_tag-resin_heart_pendant","16":"product_tag-two_halves_one_heart","17":"product_tag-valentine_day_gift","18":"product_tag-valentine_gift","20":"first","21":"instock","22":"purchasable","23":"product-type-variable","24":"entry","25":"content-bg","26":"loop-entry"},"yoast_head":"<!-- This site is optimized with the Yoast SEO plugin v26.6 - https:\/\/yoast.com\/wordpress\/plugins\/seo\/ -->\n<title>Komplet ogrlic za pare - Mala s mora<\/title>\n<meta name=\"description\" content=\"Handcrafted &quot;Two Halves, One Heart&quot; Couples Necklace Set, Ro\u010dno izdelan komplet ogrlic za pare &quot;Dve polovici, eno srce&quot;, Ru\u010dno izra\u0111eni set ogrlica za parove &quot;Dvije polovice, jedno srce\" \/>\n<meta name=\"robots\" content=\"index, follow, max-snippet:-1, max-image-preview:large, max-video-preview:-1\" \/>\n<link rel=\"canonical\" href=\"https:\/\/www.malasmora.si\/hr\/proizvod\/two_halves_one_heart_couple_necklace_set\/\" \/>\n<meta property=\"og:locale\" content=\"hr_HR\" \/>\n<meta property=\"og:type\" content=\"article\" \/>\n<meta property=\"og:title\" content=\"Komplet ogrlic za pare - Mala s mora\" \/>\n<meta property=\"og:description\" content=\"Handcrafted &quot;Two Halves, One Heart&quot; Couples Necklace Set, Ro\u010dno izdelan komplet ogrlic za pare &quot;Dve polovici, eno srce&quot;, Ru\u010dno izra\u0111eni set ogrlica za parove &quot;Dvije polovice, jedno srce\" \/>\n<meta property=\"og:url\" content=\"https:\/\/www.malasmora.si\/hr\/proizvod\/two_halves_one_heart_couple_necklace_set\/\" \/>\n<meta property=\"og:site_name\" content=\"Mala s mora\" \/>\n<meta property=\"article:publisher\" content=\"https:\/\/www.facebook.com\/MalaSMoraArt\/\" \/>\n<meta property=\"article:modified_time\" content=\"2026-01-17T16:37:37+00:00\" \/>\n<meta property=\"og:image\" content=\"https:\/\/www.malasmora.si\/wp-content\/uploads\/2025\/03\/two_halves_one_heart_couples_necklaces_02-scaled.jpg\" \/>\n\t<meta property=\"og:image:width\" content=\"1920\" \/>\n\t<meta property=\"og:image:height\" content=\"2560\" \/>\n\t<meta property=\"og:image:type\" content=\"image\/jpeg\" \/>\n<meta name=\"twitter:card\" content=\"summary_large_image\" \/>\n<meta name=\"twitter:label1\" content=\"Procijenjeno vrijeme \u010ditanja\" \/>\n\t<meta name=\"twitter:data1\" content=\"2 minute\" \/>\n<script type=\"application\/ld+json\" class=\"yoast-schema-graph\">{\"@context\":\"https:\/\/schema.org\",\"@graph\":[{\"@type\":\"WebPage\",\"@id\":\"https:\/\/www.malasmora.si\/izdelek\/two_halves_one_heart_couple_necklace_set\/\",\"url\":\"https:\/\/www.malasmora.si\/izdelek\/two_halves_one_heart_couple_necklace_set\/\",\"name\":\"Komplet ogrlic za pare - Mala s mora\",\"isPartOf\":{\"@id\":\"https:\/\/www.malasmora.si\/#website\"},\"primaryImageOfPage\":{\"@id\":\"https:\/\/www.malasmora.si\/izdelek\/two_halves_one_heart_couple_necklace_set\/#primaryimage\"},\"image\":{\"@id\":\"https:\/\/www.malasmora.si\/izdelek\/two_halves_one_heart_couple_necklace_set\/#primaryimage\"},\"thumbnailUrl\":\"https:\/\/www.malasmora.si\/wp-content\/uploads\/2025\/03\/two_halves_one_heart_couples_necklaces_02-scaled.jpg\",\"datePublished\":\"2025-03-30T21:13:55+00:00\",\"dateModified\":\"2026-01-17T16:37:37+00:00\",\"description\":\"Handcrafted \\\"Two Halves, One Heart\\\" Couples Necklace Set, Ro\u010dno izdelan komplet ogrlic za pare \\\"Dve polovici, eno srce\\\", Ru\u010dno izra\u0111eni set ogrlica za parove \\\"Dvije polovice, jedno srce\",\"breadcrumb\":{\"@id\":\"https:\/\/www.malasmora.si\/izdelek\/two_halves_one_heart_couple_necklace_set\/#breadcrumb\"},\"inLanguage\":\"hr\",\"potentialAction\":[{\"@type\":\"ReadAction\",\"target\":[\"https:\/\/www.malasmora.si\/izdelek\/two_halves_one_heart_couple_necklace_set\/\"]}]},{\"@type\":\"ImageObject\",\"inLanguage\":\"hr\",\"@id\":\"https:\/\/www.malasmora.si\/izdelek\/two_halves_one_heart_couple_necklace_set\/#primaryimage\",\"url\":\"https:\/\/www.malasmora.si\/wp-content\/uploads\/2025\/03\/two_halves_one_heart_couples_necklaces_02-scaled.jpg\",\"contentUrl\":\"https:\/\/www.malasmora.si\/wp-content\/uploads\/2025\/03\/two_halves_one_heart_couples_necklaces_02-scaled.jpg\",\"width\":1920,\"height\":2560,\"caption\":\"two_halves_one_heart_couples_necklaces\"},{\"@type\":\"BreadcrumbList\",\"@id\":\"https:\/\/www.malasmora.si\/izdelek\/two_halves_one_heart_couple_necklace_set\/#breadcrumb\",\"itemListElement\":[{\"@type\":\"ListItem\",\"position\":1,\"name\":\"Home\",\"item\":\"https:\/\/www.malasmora.si\/\"},{\"@type\":\"ListItem\",\"position\":2,\"name\":\"Shop\",\"item\":\"https:\/\/www.malasmora.si\/shop\/\"},{\"@type\":\"ListItem\",\"position\":3,\"name\":\"Komplet ogrlic za pare\"}]},{\"@type\":\"WebSite\",\"@id\":\"https:\/\/www.malasmora.si\/#website\",\"url\":\"https:\/\/www.malasmora.si\/\",\"name\":\"Mala s mora\",\"description\":\"Ro\u010dno izdelan nakit iz epoksi smole\",\"publisher\":{\"@id\":\"https:\/\/www.malasmora.si\/#organization\"},\"potentialAction\":[{\"@type\":\"SearchAction\",\"target\":{\"@type\":\"EntryPoint\",\"urlTemplate\":\"https:\/\/www.malasmora.si\/?s={search_term_string}\"},\"query-input\":{\"@type\":\"PropertyValueSpecification\",\"valueRequired\":true,\"valueName\":\"search_term_string\"}}],\"inLanguage\":\"hr\"},{\"@type\":\"Organization\",\"@id\":\"https:\/\/www.malasmora.si\/#organization\",\"name\":\"Mala s mora\",\"url\":\"https:\/\/www.malasmora.si\/\",\"logo\":{\"@type\":\"ImageObject\",\"inLanguage\":\"hr\",\"@id\":\"https:\/\/www.malasmora.si\/#\/schema\/logo\/image\/\",\"url\":\"https:\/\/www.malasmora.si\/wp-content\/uploads\/2025\/07\/logo_novi_03.png\",\"contentUrl\":\"https:\/\/www.malasmora.si\/wp-content\/uploads\/2025\/07\/logo_novi_03.png\",\"width\":1536,\"height\":1024,\"caption\":\"Mala s mora\"},\"image\":{\"@id\":\"https:\/\/www.malasmora.si\/#\/schema\/logo\/image\/\"},\"sameAs\":[\"https:\/\/www.facebook.com\/MalaSMoraArt\/\"]}]}<\/script>\n<!-- \/ Yoast SEO plugin. -->","yoast_head_json":{"title":"Komplet ogrlic za pare - Mala s mora","description":"Handcrafted \"Two Halves, One Heart\" Couples Necklace Set, Ro\u010dno izdelan komplet ogrlic za pare \"Dve polovici, eno srce\", Ru\u010dno izra\u0111eni set ogrlica za parove \"Dvije polovice, jedno srce","robots":{"index":"index","follow":"follow","max-snippet":"max-snippet:-1","max-image-preview":"max-image-preview:large","max-video-preview":"max-video-preview:-1"},"canonical":"https:\/\/www.malasmora.si\/hr\/proizvod\/two_halves_one_heart_couple_necklace_set\/","og_locale":"hr_HR","og_type":"article","og_title":"Komplet ogrlic za pare - Mala s mora","og_description":"Handcrafted \"Two Halves, One Heart\" Couples Necklace Set, Ro\u010dno izdelan komplet ogrlic za pare \"Dve polovici, eno srce\", Ru\u010dno izra\u0111eni set ogrlica za parove \"Dvije polovice, jedno srce","og_url":"https:\/\/www.malasmora.si\/hr\/proizvod\/two_halves_one_heart_couple_necklace_set\/","og_site_name":"Mala s mora","article_publisher":"https:\/\/www.facebook.com\/MalaSMoraArt\/","article_modified_time":"2026-01-17T16:37:37+00:00","og_image":[{"width":1920,"height":2560,"url":"https:\/\/www.malasmora.si\/wp-content\/uploads\/2025\/03\/two_halves_one_heart_couples_necklaces_02-scaled.jpg","type":"image\/jpeg"}],"twitter_card":"summary_large_image","twitter_misc":{"Procijenjeno vrijeme \u010ditanja":"2 minute"},"schema":{"@context":"https:\/\/schema.org","@graph":[{"@type":"WebPage","@id":"https:\/\/www.malasmora.si\/izdelek\/two_halves_one_heart_couple_necklace_set\/","url":"https:\/\/www.malasmora.si\/izdelek\/two_halves_one_heart_couple_necklace_set\/","name":"Komplet ogrlic za pare - Mala s mora","isPartOf":{"@id":"https:\/\/www.malasmora.si\/#website"},"primaryImageOfPage":{"@id":"https:\/\/www.malasmora.si\/izdelek\/two_halves_one_heart_couple_necklace_set\/#primaryimage"},"image":{"@id":"https:\/\/www.malasmora.si\/izdelek\/two_halves_one_heart_couple_necklace_set\/#primaryimage"},"thumbnailUrl":"https:\/\/www.malasmora.si\/wp-content\/uploads\/2025\/03\/two_halves_one_heart_couples_necklaces_02-scaled.jpg","datePublished":"2025-03-30T21:13:55+00:00","dateModified":"2026-01-17T16:37:37+00:00","description":"Handcrafted \"Two Halves, One Heart\" Couples Necklace Set, Ro\u010dno izdelan komplet ogrlic za pare \"Dve polovici, eno srce\", Ru\u010dno izra\u0111eni set ogrlica za parove \"Dvije polovice, jedno srce","breadcrumb":{"@id":"https:\/\/www.malasmora.si\/izdelek\/two_halves_one_heart_couple_necklace_set\/#breadcrumb"},"inLanguage":"hr","potentialAction":[{"@type":"ReadAction","target":["https:\/\/www.malasmora.si\/izdelek\/two_halves_one_heart_couple_necklace_set\/"]}]},{"@type":"ImageObject","inLanguage":"hr","@id":"https:\/\/www.malasmora.si\/izdelek\/two_halves_one_heart_couple_necklace_set\/#primaryimage","url":"https:\/\/www.malasmora.si\/wp-content\/uploads\/2025\/03\/two_halves_one_heart_couples_necklaces_02-scaled.jpg","contentUrl":"https:\/\/www.malasmora.si\/wp-content\/uploads\/2025\/03\/two_halves_one_heart_couples_necklaces_02-scaled.jpg","width":1920,"height":2560,"caption":"two_halves_one_heart_couples_necklaces"},{"@type":"BreadcrumbList","@id":"https:\/\/www.malasmora.si\/izdelek\/two_halves_one_heart_couple_necklace_set\/#breadcrumb","itemListElement":[{"@type":"ListItem","position":1,"name":"Home","item":"https:\/\/www.malasmora.si\/"},{"@type":"ListItem","position":2,"name":"Shop","item":"https:\/\/www.malasmora.si\/shop\/"},{"@type":"ListItem","position":3,"name":"Komplet ogrlic za pare"}]},{"@type":"WebSite","@id":"https:\/\/www.malasmora.si\/#website","url":"https:\/\/www.malasmora.si\/","name":"Mala s mora","description":"Ro\u010dno izdelan nakit iz epoksi smole","publisher":{"@id":"https:\/\/www.malasmora.si\/#organization"},"potentialAction":[{"@type":"SearchAction","target":{"@type":"EntryPoint","urlTemplate":"https:\/\/www.malasmora.si\/?s={search_term_string}"},"query-input":{"@type":"PropertyValueSpecification","valueRequired":true,"valueName":"search_term_string"}}],"inLanguage":"hr"},{"@type":"Organization","@id":"https:\/\/www.malasmora.si\/#organization","name":"Mala s mora","url":"https:\/\/www.malasmora.si\/","logo":{"@type":"ImageObject","inLanguage":"hr","@id":"https:\/\/www.malasmora.si\/#\/schema\/logo\/image\/","url":"https:\/\/www.malasmora.si\/wp-content\/uploads\/2025\/07\/logo_novi_03.png","contentUrl":"https:\/\/www.malasmora.si\/wp-content\/uploads\/2025\/07\/logo_novi_03.png","width":1536,"height":1024,"caption":"Mala s mora"},"image":{"@id":"https:\/\/www.malasmora.si\/#\/schema\/logo\/image\/"},"sameAs":["https:\/\/www.facebook.com\/MalaSMoraArt\/"]}]}},"_links":{"self":[{"href":"https:\/\/www.malasmora.si\/hr\/wp-json\/wp\/v2\/product\/3583","targetHints":{"allow":["GET"]}}],"collection":[{"href":"https:\/\/www.malasmora.si\/hr\/wp-json\/wp\/v2\/product"}],"about":[{"href":"https:\/\/www.malasmora.si\/hr\/wp-json\/wp\/v2\/types\/product"}],"replies":[{"embeddable":true,"href":"https:\/\/www.malasmora.si\/hr\/wp-json\/wp\/v2\/comments?post=3583"}],"wp:featuredmedia":[{"embeddable":true,"href":"https:\/\/www.malasmora.si\/hr\/wp-json\/wp\/v2\/media\/4030"}],"wp:attachment":[{"href":"https:\/\/www.malasmora.si\/hr\/wp-json\/wp\/v2\/media?parent=3583"}],"wp:term":[{"taxonomy":"product_brand","embeddable":true,"href":"https:\/\/www.malasmora.si\/hr\/wp-json\/wp\/v2\/product_brand?post=3583"},{"taxonomy":"product_cat","embeddable":true,"href":"https:\/\/www.malasmora.si\/hr\/wp-json\/wp\/v2\/product_cat?post=3583"},{"taxonomy":"product_tag","embeddable":true,"href":"https:\/\/www.malasmora.si\/hr\/wp-json\/wp\/v2\/product_tag?post=3583"}],"curies":[{"name":"wp","href":"https:\/\/api.w.org\/{rel}","templated":true}]}}