{"id":3612,"date":"2025-03-31T01:15:27","date_gmt":"2025-03-30T23:15:27","guid":{"rendered":"https:\/\/www.malasmora.si\/?post_type=product&#038;p=3612"},"modified":"2026-01-05T15:11:21","modified_gmt":"2026-01-05T13:11:21","slug":"wine_glass_holder_pink","status":"publish","type":"product","link":"https:\/\/www.malasmora.si\/hr\/proizvod\/wine_glass_holder_pink\/","title":{"rendered":"Dr\u017ealo vinskih kozarcev pink"},"content":{"rendered":"<p>Dr\u017ealo za kozarce \/ vinski butler iz epoksidne smole dr\u017ei 2 kozarca za vino \u2013 zasnovan tako, da varno le\u017ei na ve\u010dini standardnih vinskih steklenic, zaradi \u010desar je popoln namizni ali barski dodatek.<\/p>\n<p>Odli\u010dno darilo za ljubitelje vina, idealno za poroke, obletnice, vselitve, rojstne dneve&#8230;<\/p>\n<p>\ud83d\udcd0 Dimenzije:<br \/>\nD\/\u0160\/G 25,5 x 10 x 0,7 cm (10,04&#8243; x 3,94 x 0,28&#8243;)<\/p>\n<p>\u2757NAVODILA ZA NEGO\u2757<br \/>\n\u2013 Ro\u010dno pranje z vla\u017eno krpo<br \/>\n\u2013 Ne postavljajte v pomivalni stroj<br \/>\n\u2013 Hraniti stran od vro\u010dine dlje \u010dasa<\/p>\n<p><span class=\"HwtZe\" lang=\"sl\"><span class=\"jCAhz ChMk0b\"><span class=\"ryNqvb\">\ud83d\udd36 Vsi moji izdelki so ro\u010dno izdelani z ljubeznijo &#8211; majhne razlike v barvi in \u200b\u200bvzorcu naredijo vsak kos edinstveno lep.<\/span><\/span> <span class=\"jCAhz ChMk0b\"><span class=\"ryNqvb\">Poleg tega zaradi ro\u010dne izdelave vedno obstaja mo\u017enost majhnih nepravilnosti in mehur\u010dkov. <\/span><\/span><\/span><\/p>\n<p><span class=\"HwtZe\" lang=\"sl\"><span class=\"jCAhz ChMk0b\"><span class=\"ryNqvb\">\ud83d\udd36 Pri nekaterih monitorjih lahko zaradi razli\u010dnih nastavitev slike barva nekoliko odstopa. <\/span><\/span><\/span><\/p>\n<p><span class=\"HwtZe\" lang=\"sl\"><span class=\"jCAhz ChMk0b\"><span class=\"ryNqvb\">\ud83d\uded2 Dodajte v ko\u0161arico zdaj in v svojo vinsko izku\u0161njo vnesite pridih elegance!<\/span><\/span><\/span><\/p>","protected":false},"excerpt":{"rendered":"<p>Dr\u017ealo za kozarce \/ vinski butler iz epoksidne smole dr\u017ei 2 kozarca za vino \u2013 zasnovan tako, da varno le\u017ei na ve\u010dini standardnih vinskih steklenic, zaradi \u010desar je popoln namizni ali barski dodatek. Odli\u010dno darilo za ljubitelje vina, idealno za poroke, obletnice, vselitve, rojstne dneve&#8230; \ud83d\udcd0 Dimenzije: D\/\u0160\/G 25,5 x 10 x 0,7 cm (10,04&#8243;&#8230;<\/p>","protected":false},"featured_media":3613,"comment_status":"open","ping_status":"closed","template":"","meta":{"_kadence_starter_templates_imported_post":false,"_kad_post_transparent":"default","_kad_post_title":"","_kad_post_layout":"default","_kad_post_sidebar_id":"","_kad_post_content_style":"default","_kad_post_vertical_padding":"default","_kad_post_feature":"","_kad_post_feature_position":"","_kad_post_header":false,"_kad_post_footer":false},"product_brand":[],"product_cat":[949],"product_tag":[956,951,421,952,439,954,955,950,959,958,953,575,957],"class_list":{"0":"post-3612","1":"product","2":"type-product","3":"status-publish","4":"has-post-thumbnail","6":"product_cat-wine_accessories","7":"product_tag-bar_decoration","8":"product_tag-glass_holder","9":"product_tag-resin_art","10":"product_tag-resin_glass_holder","11":"product_tag-resin_home_decor","12":"product_tag-resin_wine_butler","13":"product_tag-wedding_gift","14":"product_tag-wine_accessory","15":"product_tag-wine_bottle_butler","16":"product_tag-wine_butler","17":"product_tag-wine_glass_holder","18":"product_tag-wine_lover_gift","19":"product_tag-wine_night_gift","21":"first","22":"instock","23":"sold-individually","24":"taxable","25":"shipping-taxable","26":"purchasable","27":"product-type-simple","28":"entry","29":"content-bg","30":"loop-entry"},"yoast_head":"<!-- This site is optimized with the Yoast SEO plugin v26.6 - https:\/\/yoast.com\/wordpress\/plugins\/seo\/ -->\n<title>Dr\u017ealo vinskih kozarcev pink - Mala s mora<\/title>\n<meta name=\"description\" content=\"Handmade Wine glass resin holder made of high quality crystal clear epoxy resin, Dr\u017ealo za kozarec za vino, Dr\u017ea\u010d \u010da\u0161a za vino\" \/>\n<meta name=\"robots\" content=\"index, follow, max-snippet:-1, max-image-preview:large, max-video-preview:-1\" \/>\n<link rel=\"canonical\" href=\"https:\/\/www.malasmora.si\/hr\/proizvod\/wine_glass_holder_pink\/\" \/>\n<meta property=\"og:locale\" content=\"hr_HR\" \/>\n<meta property=\"og:type\" content=\"article\" \/>\n<meta property=\"og:title\" content=\"Dr\u017ealo vinskih kozarcev pink - Mala s mora\" \/>\n<meta property=\"og:description\" content=\"Handmade Wine glass resin holder made of high quality crystal clear epoxy resin, Dr\u017ealo za kozarec za vino, Dr\u017ea\u010d \u010da\u0161a za vino\" \/>\n<meta property=\"og:url\" content=\"https:\/\/www.malasmora.si\/hr\/proizvod\/wine_glass_holder_pink\/\" \/>\n<meta property=\"og:site_name\" content=\"Mala s mora\" \/>\n<meta property=\"article:publisher\" content=\"https:\/\/www.facebook.com\/MalaSMoraArt\/\" \/>\n<meta property=\"article:modified_time\" content=\"2026-01-05T13:11:21+00:00\" \/>\n<meta property=\"og:image\" content=\"https:\/\/www.malasmora.si\/wp-content\/uploads\/2025\/03\/resin_wine_glass_holder_2-scaled.jpg\" \/>\n\t<meta property=\"og:image:width\" content=\"2560\" \/>\n\t<meta property=\"og:image:height\" content=\"1920\" \/>\n\t<meta property=\"og:image:type\" content=\"image\/jpeg\" \/>\n<meta name=\"twitter:card\" content=\"summary_large_image\" \/>\n<meta name=\"twitter:label1\" content=\"Procijenjeno vrijeme \u010ditanja\" \/>\n\t<meta name=\"twitter:data1\" content=\"1 minuta\" \/>\n<script type=\"application\/ld+json\" class=\"yoast-schema-graph\">{\"@context\":\"https:\/\/schema.org\",\"@graph\":[{\"@type\":\"WebPage\",\"@id\":\"https:\/\/www.malasmora.si\/izdelek\/wine_glass_holder_pink\/\",\"url\":\"https:\/\/www.malasmora.si\/izdelek\/wine_glass_holder_pink\/\",\"name\":\"Dr\u017ealo vinskih kozarcev pink - Mala s mora\",\"isPartOf\":{\"@id\":\"https:\/\/www.malasmora.si\/#website\"},\"primaryImageOfPage\":{\"@id\":\"https:\/\/www.malasmora.si\/izdelek\/wine_glass_holder_pink\/#primaryimage\"},\"image\":{\"@id\":\"https:\/\/www.malasmora.si\/izdelek\/wine_glass_holder_pink\/#primaryimage\"},\"thumbnailUrl\":\"https:\/\/www.malasmora.si\/wp-content\/uploads\/2025\/03\/resin_wine_glass_holder_2-scaled.jpg\",\"datePublished\":\"2025-03-30T23:15:27+00:00\",\"dateModified\":\"2026-01-05T13:11:21+00:00\",\"description\":\"Handmade Wine glass resin holder made of high quality crystal clear epoxy resin, Dr\u017ealo za kozarec za vino, Dr\u017ea\u010d \u010da\u0161a za vino\",\"breadcrumb\":{\"@id\":\"https:\/\/www.malasmora.si\/izdelek\/wine_glass_holder_pink\/#breadcrumb\"},\"inLanguage\":\"hr\",\"potentialAction\":[{\"@type\":\"ReadAction\",\"target\":[\"https:\/\/www.malasmora.si\/izdelek\/wine_glass_holder_pink\/\"]}]},{\"@type\":\"ImageObject\",\"inLanguage\":\"hr\",\"@id\":\"https:\/\/www.malasmora.si\/izdelek\/wine_glass_holder_pink\/#primaryimage\",\"url\":\"https:\/\/www.malasmora.si\/wp-content\/uploads\/2025\/03\/resin_wine_glass_holder_2-scaled.jpg\",\"contentUrl\":\"https:\/\/www.malasmora.si\/wp-content\/uploads\/2025\/03\/resin_wine_glass_holder_2-scaled.jpg\",\"width\":2560,\"height\":1920,\"caption\":\"resin_wine_glass_holder\"},{\"@type\":\"BreadcrumbList\",\"@id\":\"https:\/\/www.malasmora.si\/izdelek\/wine_glass_holder_pink\/#breadcrumb\",\"itemListElement\":[{\"@type\":\"ListItem\",\"position\":1,\"name\":\"Home\",\"item\":\"https:\/\/www.malasmora.si\/\"},{\"@type\":\"ListItem\",\"position\":2,\"name\":\"Shop\",\"item\":\"https:\/\/www.malasmora.si\/shop\/\"},{\"@type\":\"ListItem\",\"position\":3,\"name\":\"Dr\u017ealo vinskih kozarcev pink\"}]},{\"@type\":\"WebSite\",\"@id\":\"https:\/\/www.malasmora.si\/#website\",\"url\":\"https:\/\/www.malasmora.si\/\",\"name\":\"Mala s mora\",\"description\":\"Ro\u010dno izdelan nakit iz epoksi smole\",\"publisher\":{\"@id\":\"https:\/\/www.malasmora.si\/#organization\"},\"potentialAction\":[{\"@type\":\"SearchAction\",\"target\":{\"@type\":\"EntryPoint\",\"urlTemplate\":\"https:\/\/www.malasmora.si\/?s={search_term_string}\"},\"query-input\":{\"@type\":\"PropertyValueSpecification\",\"valueRequired\":true,\"valueName\":\"search_term_string\"}}],\"inLanguage\":\"hr\"},{\"@type\":\"Organization\",\"@id\":\"https:\/\/www.malasmora.si\/#organization\",\"name\":\"Mala s mora\",\"url\":\"https:\/\/www.malasmora.si\/\",\"logo\":{\"@type\":\"ImageObject\",\"inLanguage\":\"hr\",\"@id\":\"https:\/\/www.malasmora.si\/#\/schema\/logo\/image\/\",\"url\":\"https:\/\/www.malasmora.si\/wp-content\/uploads\/2025\/07\/logo_novi_03.png\",\"contentUrl\":\"https:\/\/www.malasmora.si\/wp-content\/uploads\/2025\/07\/logo_novi_03.png\",\"width\":1536,\"height\":1024,\"caption\":\"Mala s mora\"},\"image\":{\"@id\":\"https:\/\/www.malasmora.si\/#\/schema\/logo\/image\/\"},\"sameAs\":[\"https:\/\/www.facebook.com\/MalaSMoraArt\/\"]}]}<\/script>\n<!-- \/ Yoast SEO plugin. -->","yoast_head_json":{"title":"Dr\u017ealo vinskih kozarcev pink - Mala s mora","description":"Handmade Wine glass resin holder made of high quality crystal clear epoxy resin, Dr\u017ealo za kozarec za vino, Dr\u017ea\u010d \u010da\u0161a za vino","robots":{"index":"index","follow":"follow","max-snippet":"max-snippet:-1","max-image-preview":"max-image-preview:large","max-video-preview":"max-video-preview:-1"},"canonical":"https:\/\/www.malasmora.si\/hr\/proizvod\/wine_glass_holder_pink\/","og_locale":"hr_HR","og_type":"article","og_title":"Dr\u017ealo vinskih kozarcev pink - Mala s mora","og_description":"Handmade Wine glass resin holder made of high quality crystal clear epoxy resin, Dr\u017ealo za kozarec za vino, Dr\u017ea\u010d \u010da\u0161a za vino","og_url":"https:\/\/www.malasmora.si\/hr\/proizvod\/wine_glass_holder_pink\/","og_site_name":"Mala s mora","article_publisher":"https:\/\/www.facebook.com\/MalaSMoraArt\/","article_modified_time":"2026-01-05T13:11:21+00:00","og_image":[{"width":2560,"height":1920,"url":"https:\/\/www.malasmora.si\/wp-content\/uploads\/2025\/03\/resin_wine_glass_holder_2-scaled.jpg","type":"image\/jpeg"}],"twitter_card":"summary_large_image","twitter_misc":{"Procijenjeno vrijeme \u010ditanja":"1 minuta"},"schema":{"@context":"https:\/\/schema.org","@graph":[{"@type":"WebPage","@id":"https:\/\/www.malasmora.si\/izdelek\/wine_glass_holder_pink\/","url":"https:\/\/www.malasmora.si\/izdelek\/wine_glass_holder_pink\/","name":"Dr\u017ealo vinskih kozarcev pink - Mala s mora","isPartOf":{"@id":"https:\/\/www.malasmora.si\/#website"},"primaryImageOfPage":{"@id":"https:\/\/www.malasmora.si\/izdelek\/wine_glass_holder_pink\/#primaryimage"},"image":{"@id":"https:\/\/www.malasmora.si\/izdelek\/wine_glass_holder_pink\/#primaryimage"},"thumbnailUrl":"https:\/\/www.malasmora.si\/wp-content\/uploads\/2025\/03\/resin_wine_glass_holder_2-scaled.jpg","datePublished":"2025-03-30T23:15:27+00:00","dateModified":"2026-01-05T13:11:21+00:00","description":"Handmade Wine glass resin holder made of high quality crystal clear epoxy resin, Dr\u017ealo za kozarec za vino, Dr\u017ea\u010d \u010da\u0161a za vino","breadcrumb":{"@id":"https:\/\/www.malasmora.si\/izdelek\/wine_glass_holder_pink\/#breadcrumb"},"inLanguage":"hr","potentialAction":[{"@type":"ReadAction","target":["https:\/\/www.malasmora.si\/izdelek\/wine_glass_holder_pink\/"]}]},{"@type":"ImageObject","inLanguage":"hr","@id":"https:\/\/www.malasmora.si\/izdelek\/wine_glass_holder_pink\/#primaryimage","url":"https:\/\/www.malasmora.si\/wp-content\/uploads\/2025\/03\/resin_wine_glass_holder_2-scaled.jpg","contentUrl":"https:\/\/www.malasmora.si\/wp-content\/uploads\/2025\/03\/resin_wine_glass_holder_2-scaled.jpg","width":2560,"height":1920,"caption":"resin_wine_glass_holder"},{"@type":"BreadcrumbList","@id":"https:\/\/www.malasmora.si\/izdelek\/wine_glass_holder_pink\/#breadcrumb","itemListElement":[{"@type":"ListItem","position":1,"name":"Home","item":"https:\/\/www.malasmora.si\/"},{"@type":"ListItem","position":2,"name":"Shop","item":"https:\/\/www.malasmora.si\/shop\/"},{"@type":"ListItem","position":3,"name":"Dr\u017ealo vinskih kozarcev pink"}]},{"@type":"WebSite","@id":"https:\/\/www.malasmora.si\/#website","url":"https:\/\/www.malasmora.si\/","name":"Mala s mora","description":"Ro\u010dno izdelan nakit iz epoksi smole","publisher":{"@id":"https:\/\/www.malasmora.si\/#organization"},"potentialAction":[{"@type":"SearchAction","target":{"@type":"EntryPoint","urlTemplate":"https:\/\/www.malasmora.si\/?s={search_term_string}"},"query-input":{"@type":"PropertyValueSpecification","valueRequired":true,"valueName":"search_term_string"}}],"inLanguage":"hr"},{"@type":"Organization","@id":"https:\/\/www.malasmora.si\/#organization","name":"Mala s mora","url":"https:\/\/www.malasmora.si\/","logo":{"@type":"ImageObject","inLanguage":"hr","@id":"https:\/\/www.malasmora.si\/#\/schema\/logo\/image\/","url":"https:\/\/www.malasmora.si\/wp-content\/uploads\/2025\/07\/logo_novi_03.png","contentUrl":"https:\/\/www.malasmora.si\/wp-content\/uploads\/2025\/07\/logo_novi_03.png","width":1536,"height":1024,"caption":"Mala s mora"},"image":{"@id":"https:\/\/www.malasmora.si\/#\/schema\/logo\/image\/"},"sameAs":["https:\/\/www.facebook.com\/MalaSMoraArt\/"]}]}},"_links":{"self":[{"href":"https:\/\/www.malasmora.si\/hr\/wp-json\/wp\/v2\/product\/3612","targetHints":{"allow":["GET"]}}],"collection":[{"href":"https:\/\/www.malasmora.si\/hr\/wp-json\/wp\/v2\/product"}],"about":[{"href":"https:\/\/www.malasmora.si\/hr\/wp-json\/wp\/v2\/types\/product"}],"replies":[{"embeddable":true,"href":"https:\/\/www.malasmora.si\/hr\/wp-json\/wp\/v2\/comments?post=3612"}],"wp:featuredmedia":[{"embeddable":true,"href":"https:\/\/www.malasmora.si\/hr\/wp-json\/wp\/v2\/media\/3613"}],"wp:attachment":[{"href":"https:\/\/www.malasmora.si\/hr\/wp-json\/wp\/v2\/media?parent=3612"}],"wp:term":[{"taxonomy":"product_brand","embeddable":true,"href":"https:\/\/www.malasmora.si\/hr\/wp-json\/wp\/v2\/product_brand?post=3612"},{"taxonomy":"product_cat","embeddable":true,"href":"https:\/\/www.malasmora.si\/hr\/wp-json\/wp\/v2\/product_cat?post=3612"},{"taxonomy":"product_tag","embeddable":true,"href":"https:\/\/www.malasmora.si\/hr\/wp-json\/wp\/v2\/product_tag?post=3612"}],"curies":[{"name":"wp","href":"https:\/\/api.w.org\/{rel}","templated":true}]}}