{"id":3742,"date":"2025-06-02T16:42:16","date_gmt":"2025-06-02T14:42:16","guid":{"rendered":"https:\/\/www.malasmora.si\/?post_type=product&#038;p=3742"},"modified":"2025-11-08T12:52:57","modified_gmt":"2025-11-08T10:52:57","slug":"real_buttercup_earrings","status":"publish","type":"product","link":"https:\/\/www.malasmora.si\/hr\/proizvod\/real_buttercup_earrings\/","title":{"rendered":"Vise\u0107e nau\u0161nice s cvjetovima ljuti\u0107a"},"content":{"rendered":"<p>Uhani iz smole, izdelani iz pravih rumenih divjih ro\u017e zlatice iz slovenskih gozdov\ud83c\udf3c<\/p>\n<p>Srebrni kavelj\u010dki za ob\u010dutljiva u\u0161esa.\ud83c\udf3c<\/p>\n<p>Sve moje kreacije od smole izra\u0111ene su od pravog suhog i prirodno pre\u0161anog lokalnog cvije\u0107a. Pa\u017eljivo ih ru\u010dno berem, pre\u0161am, su\u0161im i konzerviram u vi\u0161e slojeva smole.<\/p>\n<p>\ud83c\udf3c To je popoln par uhanov iz pravih cvetov, ki vas bodo ponovno povezali z materjo naravo!\ud83c\udf3c<\/p>\n<p>\ud83d\udcd0Celotna dol\u017eina je 6,5 cm (2,56&#8243;), premer je 2,5 cm (0,98&#8243;)<\/p>\n<p><img decoding=\"async\" class=\"emoji\" role=\"img\" draggable=\"false\" src=\"https:\/\/s.w.org\/images\/core\/emoji\/15.0.3\/svg\/1f496.svg\" alt=\"\ud83d\udc96\" \/> NJEGA ZA RU\u010cNO IZRA\u0110ENI NAKIT <img decoding=\"async\" class=\"emoji\" role=\"img\" draggable=\"false\" src=\"https:\/\/s.w.org\/images\/core\/emoji\/15.0.3\/svg\/1f496.svg\" alt=\"\ud83d\udc96\" \/><br \/>\nProsimo, hranite na suhem mestu in se izogibajte dolgotrajni neposredni son\u010dni svetlobi, vodi, kemikalijam in parfumom, da ohranite lepoto nakita.<\/p>\n<p>\ud83d\udd36 Vse izdelke izdelujem ro\u010dno, tako da noben kos ni popolnoma enak. Prav tako zaradi ro\u010dne izdelave vedno obstaja mo\u017enost majhnih nepravilnosti in mehur\u010dkov. To ni napaka, je del \u0161arma in edinstvenosti.<\/p>\n<p>\ud83d\udd36Boja se mo\u017ee neznatno razlikovati na nekim monitorima zbog razli\u010ditih postavki slike.<\/p>\n<p>\ud83d\uded2 Za ujemajo\u010do se ogrlico sledite tej povezavi:<br \/>\n<a href=\"https:\/\/www.malasmora.si\/hr\/proizvod\/real_buttercup_necklace\/\">https:\/\/www.malasmora.si\/izdelek\/real_buttercup_necklace\/<\/a><\/p>\n<p>&nbsp;<\/p>","protected":false},"excerpt":{"rendered":"<p>Uhani iz smole, izdelani iz pravih rumenih divjih ro\u017e zlatice iz slovenskih gozdov\ud83c\udf3c Srebrni kavelj\u010dki za ob\u010dutljiva u\u0161esa.\ud83c\udf3c Vse moje kreacije iz smole so narejene iz pravega posu\u0161enega in naravno stisnjenega lokalnega cvetja. Skrbno jih ro\u010dno naberem, stisnem, posu\u0161im in konzerviram v ve\u010d plasteh smole. \ud83c\udf3c To je popoln par uhanov iz pravih cvetov, ki&#8230;<\/p>","protected":false},"featured_media":3743,"comment_status":"open","ping_status":"closed","template":"","meta":{"_kadence_starter_templates_imported_post":false,"_kad_post_transparent":"default","_kad_post_title":"","_kad_post_layout":"default","_kad_post_sidebar_id":"","_kad_post_content_style":"default","_kad_post_vertical_padding":"default","_kad_post_feature":"","_kad_post_feature_position":"","_kad_post_header":false,"_kad_post_footer":false},"product_brand":[],"product_cat":[19],"product_tag":[94,231,718,65,74,67,734,1018,75,733,69,1013,1019],"class_list":{"0":"post-3742","1":"product","2":"type-product","3":"status-publish","4":"has-post-thumbnail","6":"product_cat-earrings","7":"product_tag-birthday_gift","8":"product_tag-botanical_earrings","9":"product_tag-floral_earrings","10":"product_tag-gift_for_her","11":"product_tag-handmade_earrings","12":"product_tag-handmade_jewelry","13":"product_tag-natural_jewelry","14":"product_tag-pressed-flower-buttercup-dangling-earrings","15":"product_tag-resin_earrings","16":"product_tag-terrarium_jewelry","17":"product_tag-unique_jewelry","18":"product_tag-yellow-wildflower-earrings","19":"product_tag-yellow-wildflower-earrings-sterling-silver-hooks","21":"first","22":"instock","23":"sold-individually","24":"taxable","25":"shipping-taxable","26":"purchasable","27":"product-type-simple","28":"entry","29":"content-bg","30":"loop-entry"},"yoast_head":"<!-- This site is optimized with the Yoast SEO plugin v26.6 - https:\/\/yoast.com\/wordpress\/plugins\/seo\/ -->\n<title>Vise\u010di uhani s cvetjem zlatice - Mala s mora<\/title>\n<meta name=\"description\" content=\"Real handmade Buttercup flower earrings, Uhani s pravim cvetjem zlatice, Ru\u010dno napravjlene nau\u0161nice od pravih cvjetova ljuti\u0107a\" \/>\n<meta name=\"robots\" content=\"index, follow, max-snippet:-1, max-image-preview:large, max-video-preview:-1\" \/>\n<link rel=\"canonical\" href=\"https:\/\/www.malasmora.si\/hr\/proizvod\/real_buttercup_earrings\/\" \/>\n<meta property=\"og:locale\" content=\"hr_HR\" \/>\n<meta property=\"og:type\" content=\"article\" \/>\n<meta property=\"og:title\" content=\"Vise\u010di uhani s cvetjem zlatice - Mala s mora\" \/>\n<meta property=\"og:description\" content=\"Real handmade Buttercup flower earrings, Uhani s pravim cvetjem zlatice, Ru\u010dno napravjlene nau\u0161nice od pravih cvjetova ljuti\u0107a\" \/>\n<meta property=\"og:url\" content=\"https:\/\/www.malasmora.si\/hr\/proizvod\/real_buttercup_earrings\/\" \/>\n<meta property=\"og:site_name\" content=\"Mala s mora\" \/>\n<meta property=\"article:publisher\" content=\"https:\/\/www.facebook.com\/MalaSMoraArt\/\" \/>\n<meta property=\"article:modified_time\" content=\"2025-11-08T10:52:57+00:00\" \/>\n<meta property=\"og:image\" content=\"https:\/\/www.malasmora.si\/wp-content\/uploads\/2025\/06\/buttercup_resin_dangle_earrings_8-scaled.jpg\" \/>\n\t<meta property=\"og:image:width\" content=\"1920\" \/>\n\t<meta property=\"og:image:height\" content=\"2560\" \/>\n\t<meta property=\"og:image:type\" content=\"image\/jpeg\" \/>\n<meta name=\"twitter:card\" content=\"summary_large_image\" \/>\n<meta name=\"twitter:label1\" content=\"Procijenjeno vrijeme \u010ditanja\" \/>\n\t<meta name=\"twitter:data1\" content=\"2 minute\" \/>\n<script type=\"application\/ld+json\" class=\"yoast-schema-graph\">{\"@context\":\"https:\/\/schema.org\",\"@graph\":[{\"@type\":\"WebPage\",\"@id\":\"https:\/\/www.malasmora.si\/izdelek\/real_buttercup_earrings\/\",\"url\":\"https:\/\/www.malasmora.si\/izdelek\/real_buttercup_earrings\/\",\"name\":\"Vise\u010di uhani s cvetjem zlatice - Mala s mora\",\"isPartOf\":{\"@id\":\"https:\/\/www.malasmora.si\/#website\"},\"primaryImageOfPage\":{\"@id\":\"https:\/\/www.malasmora.si\/izdelek\/real_buttercup_earrings\/#primaryimage\"},\"image\":{\"@id\":\"https:\/\/www.malasmora.si\/izdelek\/real_buttercup_earrings\/#primaryimage\"},\"thumbnailUrl\":\"https:\/\/www.malasmora.si\/wp-content\/uploads\/2025\/06\/buttercup_resin_dangle_earrings_8-scaled.jpg\",\"datePublished\":\"2025-06-02T14:42:16+00:00\",\"dateModified\":\"2025-11-08T10:52:57+00:00\",\"description\":\"Real handmade Buttercup flower earrings, Uhani s pravim cvetjem zlatice, Ru\u010dno napravjlene nau\u0161nice od pravih cvjetova ljuti\u0107a\",\"breadcrumb\":{\"@id\":\"https:\/\/www.malasmora.si\/izdelek\/real_buttercup_earrings\/#breadcrumb\"},\"inLanguage\":\"hr\",\"potentialAction\":[{\"@type\":\"ReadAction\",\"target\":[\"https:\/\/www.malasmora.si\/izdelek\/real_buttercup_earrings\/\"]}]},{\"@type\":\"ImageObject\",\"inLanguage\":\"hr\",\"@id\":\"https:\/\/www.malasmora.si\/izdelek\/real_buttercup_earrings\/#primaryimage\",\"url\":\"https:\/\/www.malasmora.si\/wp-content\/uploads\/2025\/06\/buttercup_resin_dangle_earrings_8-scaled.jpg\",\"contentUrl\":\"https:\/\/www.malasmora.si\/wp-content\/uploads\/2025\/06\/buttercup_resin_dangle_earrings_8-scaled.jpg\",\"width\":1920,\"height\":2560,\"caption\":\"buttercup_resin_dangle_earrings\"},{\"@type\":\"BreadcrumbList\",\"@id\":\"https:\/\/www.malasmora.si\/izdelek\/real_buttercup_earrings\/#breadcrumb\",\"itemListElement\":[{\"@type\":\"ListItem\",\"position\":1,\"name\":\"Home\",\"item\":\"https:\/\/www.malasmora.si\/\"},{\"@type\":\"ListItem\",\"position\":2,\"name\":\"Shop\",\"item\":\"https:\/\/www.malasmora.si\/shop\/\"},{\"@type\":\"ListItem\",\"position\":3,\"name\":\"Vise\u010di uhani s cvetjem zlatice\"}]},{\"@type\":\"WebSite\",\"@id\":\"https:\/\/www.malasmora.si\/#website\",\"url\":\"https:\/\/www.malasmora.si\/\",\"name\":\"Mala s mora\",\"description\":\"Ro\u010dno izdelan nakit iz epoksi smole\",\"publisher\":{\"@id\":\"https:\/\/www.malasmora.si\/#organization\"},\"potentialAction\":[{\"@type\":\"SearchAction\",\"target\":{\"@type\":\"EntryPoint\",\"urlTemplate\":\"https:\/\/www.malasmora.si\/?s={search_term_string}\"},\"query-input\":{\"@type\":\"PropertyValueSpecification\",\"valueRequired\":true,\"valueName\":\"search_term_string\"}}],\"inLanguage\":\"hr\"},{\"@type\":\"Organization\",\"@id\":\"https:\/\/www.malasmora.si\/#organization\",\"name\":\"Mala s mora\",\"url\":\"https:\/\/www.malasmora.si\/\",\"logo\":{\"@type\":\"ImageObject\",\"inLanguage\":\"hr\",\"@id\":\"https:\/\/www.malasmora.si\/#\/schema\/logo\/image\/\",\"url\":\"https:\/\/www.malasmora.si\/wp-content\/uploads\/2025\/07\/logo_novi_03.png\",\"contentUrl\":\"https:\/\/www.malasmora.si\/wp-content\/uploads\/2025\/07\/logo_novi_03.png\",\"width\":1536,\"height\":1024,\"caption\":\"Mala s mora\"},\"image\":{\"@id\":\"https:\/\/www.malasmora.si\/#\/schema\/logo\/image\/\"},\"sameAs\":[\"https:\/\/www.facebook.com\/MalaSMoraArt\/\"]}]}<\/script>\n<!-- \/ Yoast SEO plugin. -->","yoast_head_json":{"title":"Vise\u010di uhani s cvetjem zlatice - Mala s mora","description":"Real handmade Buttercup flower earrings, Uhani s pravim cvetjem zlatice, Ru\u010dno napravjlene nau\u0161nice od pravih cvjetova ljuti\u0107a","robots":{"index":"index","follow":"follow","max-snippet":"max-snippet:-1","max-image-preview":"max-image-preview:large","max-video-preview":"max-video-preview:-1"},"canonical":"https:\/\/www.malasmora.si\/hr\/proizvod\/real_buttercup_earrings\/","og_locale":"hr_HR","og_type":"article","og_title":"Vise\u010di uhani s cvetjem zlatice - Mala s mora","og_description":"Real handmade Buttercup flower earrings, Uhani s pravim cvetjem zlatice, Ru\u010dno napravjlene nau\u0161nice od pravih cvjetova ljuti\u0107a","og_url":"https:\/\/www.malasmora.si\/hr\/proizvod\/real_buttercup_earrings\/","og_site_name":"Mala s mora","article_publisher":"https:\/\/www.facebook.com\/MalaSMoraArt\/","article_modified_time":"2025-11-08T10:52:57+00:00","og_image":[{"width":1920,"height":2560,"url":"https:\/\/www.malasmora.si\/wp-content\/uploads\/2025\/06\/buttercup_resin_dangle_earrings_8-scaled.jpg","type":"image\/jpeg"}],"twitter_card":"summary_large_image","twitter_misc":{"Procijenjeno vrijeme \u010ditanja":"2 minute"},"schema":{"@context":"https:\/\/schema.org","@graph":[{"@type":"WebPage","@id":"https:\/\/www.malasmora.si\/izdelek\/real_buttercup_earrings\/","url":"https:\/\/www.malasmora.si\/izdelek\/real_buttercup_earrings\/","name":"Vise\u010di uhani s cvetjem zlatice - Mala s mora","isPartOf":{"@id":"https:\/\/www.malasmora.si\/#website"},"primaryImageOfPage":{"@id":"https:\/\/www.malasmora.si\/izdelek\/real_buttercup_earrings\/#primaryimage"},"image":{"@id":"https:\/\/www.malasmora.si\/izdelek\/real_buttercup_earrings\/#primaryimage"},"thumbnailUrl":"https:\/\/www.malasmora.si\/wp-content\/uploads\/2025\/06\/buttercup_resin_dangle_earrings_8-scaled.jpg","datePublished":"2025-06-02T14:42:16+00:00","dateModified":"2025-11-08T10:52:57+00:00","description":"Real handmade Buttercup flower earrings, Uhani s pravim cvetjem zlatice, Ru\u010dno napravjlene nau\u0161nice od pravih cvjetova ljuti\u0107a","breadcrumb":{"@id":"https:\/\/www.malasmora.si\/izdelek\/real_buttercup_earrings\/#breadcrumb"},"inLanguage":"hr","potentialAction":[{"@type":"ReadAction","target":["https:\/\/www.malasmora.si\/izdelek\/real_buttercup_earrings\/"]}]},{"@type":"ImageObject","inLanguage":"hr","@id":"https:\/\/www.malasmora.si\/izdelek\/real_buttercup_earrings\/#primaryimage","url":"https:\/\/www.malasmora.si\/wp-content\/uploads\/2025\/06\/buttercup_resin_dangle_earrings_8-scaled.jpg","contentUrl":"https:\/\/www.malasmora.si\/wp-content\/uploads\/2025\/06\/buttercup_resin_dangle_earrings_8-scaled.jpg","width":1920,"height":2560,"caption":"buttercup_resin_dangle_earrings"},{"@type":"BreadcrumbList","@id":"https:\/\/www.malasmora.si\/izdelek\/real_buttercup_earrings\/#breadcrumb","itemListElement":[{"@type":"ListItem","position":1,"name":"Home","item":"https:\/\/www.malasmora.si\/"},{"@type":"ListItem","position":2,"name":"Shop","item":"https:\/\/www.malasmora.si\/shop\/"},{"@type":"ListItem","position":3,"name":"Vise\u010di uhani s cvetjem zlatice"}]},{"@type":"WebSite","@id":"https:\/\/www.malasmora.si\/#website","url":"https:\/\/www.malasmora.si\/","name":"Mala s mora","description":"Ro\u010dno izdelan nakit iz epoksi smole","publisher":{"@id":"https:\/\/www.malasmora.si\/#organization"},"potentialAction":[{"@type":"SearchAction","target":{"@type":"EntryPoint","urlTemplate":"https:\/\/www.malasmora.si\/?s={search_term_string}"},"query-input":{"@type":"PropertyValueSpecification","valueRequired":true,"valueName":"search_term_string"}}],"inLanguage":"hr"},{"@type":"Organization","@id":"https:\/\/www.malasmora.si\/#organization","name":"Mala s mora","url":"https:\/\/www.malasmora.si\/","logo":{"@type":"ImageObject","inLanguage":"hr","@id":"https:\/\/www.malasmora.si\/#\/schema\/logo\/image\/","url":"https:\/\/www.malasmora.si\/wp-content\/uploads\/2025\/07\/logo_novi_03.png","contentUrl":"https:\/\/www.malasmora.si\/wp-content\/uploads\/2025\/07\/logo_novi_03.png","width":1536,"height":1024,"caption":"Mala s mora"},"image":{"@id":"https:\/\/www.malasmora.si\/#\/schema\/logo\/image\/"},"sameAs":["https:\/\/www.facebook.com\/MalaSMoraArt\/"]}]}},"_links":{"self":[{"href":"https:\/\/www.malasmora.si\/hr\/wp-json\/wp\/v2\/product\/3742","targetHints":{"allow":["GET"]}}],"collection":[{"href":"https:\/\/www.malasmora.si\/hr\/wp-json\/wp\/v2\/product"}],"about":[{"href":"https:\/\/www.malasmora.si\/hr\/wp-json\/wp\/v2\/types\/product"}],"replies":[{"embeddable":true,"href":"https:\/\/www.malasmora.si\/hr\/wp-json\/wp\/v2\/comments?post=3742"}],"wp:featuredmedia":[{"embeddable":true,"href":"https:\/\/www.malasmora.si\/hr\/wp-json\/wp\/v2\/media\/3743"}],"wp:attachment":[{"href":"https:\/\/www.malasmora.si\/hr\/wp-json\/wp\/v2\/media?parent=3742"}],"wp:term":[{"taxonomy":"product_brand","embeddable":true,"href":"https:\/\/www.malasmora.si\/hr\/wp-json\/wp\/v2\/product_brand?post=3742"},{"taxonomy":"product_cat","embeddable":true,"href":"https:\/\/www.malasmora.si\/hr\/wp-json\/wp\/v2\/product_cat?post=3742"},{"taxonomy":"product_tag","embeddable":true,"href":"https:\/\/www.malasmora.si\/hr\/wp-json\/wp\/v2\/product_tag?post=3742"}],"curies":[{"name":"wp","href":"https:\/\/api.w.org\/{rel}","templated":true}]}}