{"id":3806,"date":"2025-06-04T11:24:19","date_gmt":"2025-06-04T09:24:19","guid":{"rendered":"https:\/\/www.malasmora.si\/?post_type=product&#038;p=3806"},"modified":"2025-06-04T11:36:15","modified_gmt":"2025-06-04T09:36:15","slug":"queen_anne_lace_earrings","status":"publish","type":"product","link":"https:\/\/www.malasmora.si\/hr\/proizvod\/queen_anne_lace_earrings\/","title":{"rendered":"Nau\u0161nice od divlje mrkve"},"content":{"rendered":"<p>Ro\u010dno izdelani uhani iz smole, narejeni iz stisnjenih posu\u0161enih cvetlic divjega korenja iz slovenskih gozdov in travnikov\ud83c\udf3c<\/p>\n<p>Sve moje kreacije od smole izra\u0111ene su od pravog suhog i prirodno pre\u0161anog lokalnog cvije\u0107a. Pa\u017eljivo ih ru\u010dno berem, pre\u0161am, su\u0161im i konzerviram u vi\u0161e slojeva smole.<\/p>\n<p>\ud83c\udf3c To je popoln par uhanov iz pravih cvetov, ki vas bodo ponovno povezali z materjo naravo!\ud83c\udf3c<\/p>\n<p>\ud83d\udcd0Dimenzije:<br \/>\nCelotna dol\u017eina <span class=\"HwtZe\" lang=\"sl\"><span class=\"jCAhz ChMk0b\"><span class=\"ryNqvb\">ovalnih uhanov s kavelj\u010dki iz srebra je 5 cm (1,97&#8243;)<\/span><\/span><\/span><br \/>\nCelotna dol\u017eina <span class=\"HwtZe\" lang=\"sl\"><span class=\"jCAhz ChMk0b\"><span class=\"ryNqvb\">okroglih uhanov z iglico v obliki lista iz nerjave\u010dega jekla je 4 cm (1,57&#8243;)<\/span><\/span><\/span><\/p>\n<p><img decoding=\"async\" class=\"emoji\" role=\"img\" draggable=\"false\" src=\"https:\/\/s.w.org\/images\/core\/emoji\/15.0.3\/svg\/1f496.svg\" alt=\"\ud83d\udc96\" \/> NJEGA ZA RU\u010cNO IZRA\u0110ENI NAKIT <img decoding=\"async\" class=\"emoji\" role=\"img\" draggable=\"false\" src=\"https:\/\/s.w.org\/images\/core\/emoji\/15.0.3\/svg\/1f496.svg\" alt=\"\ud83d\udc96\" \/><br \/>\nProsimo, hranite na suhem mestu in se izogibajte dolgotrajni neposredni son\u010dni svetlobi, vodi, kemikalijam in parfumom, da ohranite lepoto nakita.<\/p>\n<p>\ud83d\udd36 Vse izdelke izdelujem ro\u010dno, tako da noben kos ni popolnoma enak. Prav tako zaradi ro\u010dne izdelave vedno obstaja mo\u017enost majhnih nepravilnosti in mehur\u010dkov. To ni napaka, je del \u0161arma in edinstvenosti.<\/p>\n<p>\ud83d\udd36Boja se mo\u017ee neznatno razlikovati na nekim monitorima zbog razli\u010ditih postavki slike.<\/p>\n<p>&nbsp;<\/p>","protected":false},"excerpt":{"rendered":"<p>Ro\u010dno izdelani uhani iz smole, narejeni iz stisnjenih posu\u0161enih cvetlic divjega korenja iz slovenskih gozdov in travnikov\ud83c\udf3c Vse moje kreacije iz smole so narejene iz pravega posu\u0161enega in naravno stisnjenega lokalnega cvetja. Skrbno jih ro\u010dno naberem, stisnem, posu\u0161im in konzerviram v ve\u010d plasteh smole. \ud83c\udf3c To je popoln par uhanov iz pravih cvetov, ki vas&#8230;<\/p>","protected":false},"featured_media":3809,"comment_status":"open","ping_status":"closed","template":"","meta":{"_kadence_starter_templates_imported_post":false,"_kad_post_transparent":"default","_kad_post_title":"","_kad_post_layout":"default","_kad_post_sidebar_id":"","_kad_post_content_style":"default","_kad_post_vertical_padding":"default","_kad_post_feature":"","_kad_post_feature_position":"","_kad_post_header":false,"_kad_post_footer":false},"product_brand":[],"product_cat":[19],"product_tag":[231,718,74,67,1038,1040,734,1041,1037,75,733],"class_list":{"0":"post-3806","1":"product","2":"type-product","3":"status-publish","4":"has-post-thumbnail","6":"product_cat-earrings","7":"product_tag-botanical_earrings","8":"product_tag-floral_earrings","9":"product_tag-handmade_earrings","10":"product_tag-handmade_jewelry","11":"product_tag-meadow-flower-resin-earrings","12":"product_tag-minimalistic-botanical-earrings","13":"product_tag-natural_jewelry","14":"product_tag-real-queen-annes-lace-earrings","15":"product_tag-real-wildflower-earrings","16":"product_tag-resin_earrings","17":"product_tag-terrarium_jewelry","19":"first","20":"instock","21":"sold-individually","22":"taxable","23":"shipping-taxable","24":"purchasable","25":"product-type-variable","26":"entry","27":"content-bg","28":"loop-entry"},"yoast_head":"<!-- This site is optimized with the Yoast SEO plugin v26.6 - https:\/\/yoast.com\/wordpress\/plugins\/seo\/ -->\n<title>Uhani iz divjega korenja - Mala s mora<\/title>\n<meta name=\"description\" content=\"Handmade real Queen Anne&#039;s lace resin earrings, Uhani iz cvetlic divjega korenja in smole, Nau\u0161nice od cvijeta divlje mrkve i smole\" \/>\n<meta name=\"robots\" content=\"index, follow, max-snippet:-1, max-image-preview:large, max-video-preview:-1\" \/>\n<link rel=\"canonical\" href=\"https:\/\/www.malasmora.si\/hr\/proizvod\/queen_anne_lace_earrings\/\" \/>\n<meta property=\"og:locale\" content=\"hr_HR\" \/>\n<meta property=\"og:type\" content=\"article\" \/>\n<meta property=\"og:title\" content=\"Uhani iz divjega korenja - Mala s mora\" \/>\n<meta property=\"og:description\" content=\"Handmade real Queen Anne&#039;s lace resin earrings, Uhani iz cvetlic divjega korenja in smole, Nau\u0161nice od cvijeta divlje mrkve i smole\" \/>\n<meta property=\"og:url\" content=\"https:\/\/www.malasmora.si\/hr\/proizvod\/queen_anne_lace_earrings\/\" \/>\n<meta property=\"og:site_name\" content=\"Mala s mora\" \/>\n<meta property=\"article:publisher\" content=\"https:\/\/www.facebook.com\/MalaSMoraArt\/\" \/>\n<meta property=\"article:modified_time\" content=\"2025-06-04T09:36:15+00:00\" \/>\n<meta property=\"og:image\" content=\"https:\/\/www.malasmora.si\/wp-content\/uploads\/2025\/06\/Queen_Anne_lace_resin_earrings_5-scaled.jpg\" \/>\n\t<meta property=\"og:image:width\" content=\"1873\" \/>\n\t<meta property=\"og:image:height\" content=\"2560\" \/>\n\t<meta property=\"og:image:type\" content=\"image\/jpeg\" \/>\n<meta name=\"twitter:card\" content=\"summary_large_image\" \/>\n<meta name=\"twitter:label1\" content=\"Procijenjeno vrijeme \u010ditanja\" \/>\n\t<meta name=\"twitter:data1\" content=\"2 minute\" \/>\n<script type=\"application\/ld+json\" class=\"yoast-schema-graph\">{\"@context\":\"https:\/\/schema.org\",\"@graph\":[{\"@type\":\"WebPage\",\"@id\":\"https:\/\/www.malasmora.si\/izdelek\/queen_anne_lace_earrings\/\",\"url\":\"https:\/\/www.malasmora.si\/izdelek\/queen_anne_lace_earrings\/\",\"name\":\"Uhani iz divjega korenja - Mala s mora\",\"isPartOf\":{\"@id\":\"https:\/\/www.malasmora.si\/#website\"},\"primaryImageOfPage\":{\"@id\":\"https:\/\/www.malasmora.si\/izdelek\/queen_anne_lace_earrings\/#primaryimage\"},\"image\":{\"@id\":\"https:\/\/www.malasmora.si\/izdelek\/queen_anne_lace_earrings\/#primaryimage\"},\"thumbnailUrl\":\"https:\/\/www.malasmora.si\/wp-content\/uploads\/2025\/06\/Queen_Anne_lace_resin_earrings_5-scaled.jpg\",\"datePublished\":\"2025-06-04T09:24:19+00:00\",\"dateModified\":\"2025-06-04T09:36:15+00:00\",\"description\":\"Handmade real Queen Anne's lace resin earrings, Uhani iz cvetlic divjega korenja in smole, Nau\u0161nice od cvijeta divlje mrkve i smole\",\"breadcrumb\":{\"@id\":\"https:\/\/www.malasmora.si\/izdelek\/queen_anne_lace_earrings\/#breadcrumb\"},\"inLanguage\":\"hr\",\"potentialAction\":[{\"@type\":\"ReadAction\",\"target\":[\"https:\/\/www.malasmora.si\/izdelek\/queen_anne_lace_earrings\/\"]}]},{\"@type\":\"ImageObject\",\"inLanguage\":\"hr\",\"@id\":\"https:\/\/www.malasmora.si\/izdelek\/queen_anne_lace_earrings\/#primaryimage\",\"url\":\"https:\/\/www.malasmora.si\/wp-content\/uploads\/2025\/06\/Queen_Anne_lace_resin_earrings_5-scaled.jpg\",\"contentUrl\":\"https:\/\/www.malasmora.si\/wp-content\/uploads\/2025\/06\/Queen_Anne_lace_resin_earrings_5-scaled.jpg\",\"width\":1873,\"height\":2560,\"caption\":\"Queen_Anne_lace_resin_earrings\"},{\"@type\":\"BreadcrumbList\",\"@id\":\"https:\/\/www.malasmora.si\/izdelek\/queen_anne_lace_earrings\/#breadcrumb\",\"itemListElement\":[{\"@type\":\"ListItem\",\"position\":1,\"name\":\"Home\",\"item\":\"https:\/\/www.malasmora.si\/\"},{\"@type\":\"ListItem\",\"position\":2,\"name\":\"Shop\",\"item\":\"https:\/\/www.malasmora.si\/shop\/\"},{\"@type\":\"ListItem\",\"position\":3,\"name\":\"Uhani iz divjega korenja\"}]},{\"@type\":\"WebSite\",\"@id\":\"https:\/\/www.malasmora.si\/#website\",\"url\":\"https:\/\/www.malasmora.si\/\",\"name\":\"Mala s mora\",\"description\":\"Ro\u010dno izdelan nakit iz epoksi smole\",\"publisher\":{\"@id\":\"https:\/\/www.malasmora.si\/#organization\"},\"potentialAction\":[{\"@type\":\"SearchAction\",\"target\":{\"@type\":\"EntryPoint\",\"urlTemplate\":\"https:\/\/www.malasmora.si\/?s={search_term_string}\"},\"query-input\":{\"@type\":\"PropertyValueSpecification\",\"valueRequired\":true,\"valueName\":\"search_term_string\"}}],\"inLanguage\":\"hr\"},{\"@type\":\"Organization\",\"@id\":\"https:\/\/www.malasmora.si\/#organization\",\"name\":\"Mala s mora\",\"url\":\"https:\/\/www.malasmora.si\/\",\"logo\":{\"@type\":\"ImageObject\",\"inLanguage\":\"hr\",\"@id\":\"https:\/\/www.malasmora.si\/#\/schema\/logo\/image\/\",\"url\":\"https:\/\/www.malasmora.si\/wp-content\/uploads\/2025\/07\/logo_novi_03.png\",\"contentUrl\":\"https:\/\/www.malasmora.si\/wp-content\/uploads\/2025\/07\/logo_novi_03.png\",\"width\":1536,\"height\":1024,\"caption\":\"Mala s mora\"},\"image\":{\"@id\":\"https:\/\/www.malasmora.si\/#\/schema\/logo\/image\/\"},\"sameAs\":[\"https:\/\/www.facebook.com\/MalaSMoraArt\/\"]}]}<\/script>\n<!-- \/ Yoast SEO plugin. -->","yoast_head_json":{"title":"Uhani iz divjega korenja - Mala s mora","description":"Handmade real Queen Anne's lace resin earrings, Uhani iz cvetlic divjega korenja in smole, Nau\u0161nice od cvijeta divlje mrkve i smole","robots":{"index":"index","follow":"follow","max-snippet":"max-snippet:-1","max-image-preview":"max-image-preview:large","max-video-preview":"max-video-preview:-1"},"canonical":"https:\/\/www.malasmora.si\/hr\/proizvod\/queen_anne_lace_earrings\/","og_locale":"hr_HR","og_type":"article","og_title":"Uhani iz divjega korenja - Mala s mora","og_description":"Handmade real Queen Anne's lace resin earrings, Uhani iz cvetlic divjega korenja in smole, Nau\u0161nice od cvijeta divlje mrkve i smole","og_url":"https:\/\/www.malasmora.si\/hr\/proizvod\/queen_anne_lace_earrings\/","og_site_name":"Mala s mora","article_publisher":"https:\/\/www.facebook.com\/MalaSMoraArt\/","article_modified_time":"2025-06-04T09:36:15+00:00","og_image":[{"width":1873,"height":2560,"url":"https:\/\/www.malasmora.si\/wp-content\/uploads\/2025\/06\/Queen_Anne_lace_resin_earrings_5-scaled.jpg","type":"image\/jpeg"}],"twitter_card":"summary_large_image","twitter_misc":{"Procijenjeno vrijeme \u010ditanja":"2 minute"},"schema":{"@context":"https:\/\/schema.org","@graph":[{"@type":"WebPage","@id":"https:\/\/www.malasmora.si\/izdelek\/queen_anne_lace_earrings\/","url":"https:\/\/www.malasmora.si\/izdelek\/queen_anne_lace_earrings\/","name":"Uhani iz divjega korenja - Mala s mora","isPartOf":{"@id":"https:\/\/www.malasmora.si\/#website"},"primaryImageOfPage":{"@id":"https:\/\/www.malasmora.si\/izdelek\/queen_anne_lace_earrings\/#primaryimage"},"image":{"@id":"https:\/\/www.malasmora.si\/izdelek\/queen_anne_lace_earrings\/#primaryimage"},"thumbnailUrl":"https:\/\/www.malasmora.si\/wp-content\/uploads\/2025\/06\/Queen_Anne_lace_resin_earrings_5-scaled.jpg","datePublished":"2025-06-04T09:24:19+00:00","dateModified":"2025-06-04T09:36:15+00:00","description":"Handmade real Queen Anne's lace resin earrings, Uhani iz cvetlic divjega korenja in smole, Nau\u0161nice od cvijeta divlje mrkve i smole","breadcrumb":{"@id":"https:\/\/www.malasmora.si\/izdelek\/queen_anne_lace_earrings\/#breadcrumb"},"inLanguage":"hr","potentialAction":[{"@type":"ReadAction","target":["https:\/\/www.malasmora.si\/izdelek\/queen_anne_lace_earrings\/"]}]},{"@type":"ImageObject","inLanguage":"hr","@id":"https:\/\/www.malasmora.si\/izdelek\/queen_anne_lace_earrings\/#primaryimage","url":"https:\/\/www.malasmora.si\/wp-content\/uploads\/2025\/06\/Queen_Anne_lace_resin_earrings_5-scaled.jpg","contentUrl":"https:\/\/www.malasmora.si\/wp-content\/uploads\/2025\/06\/Queen_Anne_lace_resin_earrings_5-scaled.jpg","width":1873,"height":2560,"caption":"Queen_Anne_lace_resin_earrings"},{"@type":"BreadcrumbList","@id":"https:\/\/www.malasmora.si\/izdelek\/queen_anne_lace_earrings\/#breadcrumb","itemListElement":[{"@type":"ListItem","position":1,"name":"Home","item":"https:\/\/www.malasmora.si\/"},{"@type":"ListItem","position":2,"name":"Shop","item":"https:\/\/www.malasmora.si\/shop\/"},{"@type":"ListItem","position":3,"name":"Uhani iz divjega korenja"}]},{"@type":"WebSite","@id":"https:\/\/www.malasmora.si\/#website","url":"https:\/\/www.malasmora.si\/","name":"Mala s mora","description":"Ro\u010dno izdelan nakit iz epoksi smole","publisher":{"@id":"https:\/\/www.malasmora.si\/#organization"},"potentialAction":[{"@type":"SearchAction","target":{"@type":"EntryPoint","urlTemplate":"https:\/\/www.malasmora.si\/?s={search_term_string}"},"query-input":{"@type":"PropertyValueSpecification","valueRequired":true,"valueName":"search_term_string"}}],"inLanguage":"hr"},{"@type":"Organization","@id":"https:\/\/www.malasmora.si\/#organization","name":"Mala s mora","url":"https:\/\/www.malasmora.si\/","logo":{"@type":"ImageObject","inLanguage":"hr","@id":"https:\/\/www.malasmora.si\/#\/schema\/logo\/image\/","url":"https:\/\/www.malasmora.si\/wp-content\/uploads\/2025\/07\/logo_novi_03.png","contentUrl":"https:\/\/www.malasmora.si\/wp-content\/uploads\/2025\/07\/logo_novi_03.png","width":1536,"height":1024,"caption":"Mala s mora"},"image":{"@id":"https:\/\/www.malasmora.si\/#\/schema\/logo\/image\/"},"sameAs":["https:\/\/www.facebook.com\/MalaSMoraArt\/"]}]}},"_links":{"self":[{"href":"https:\/\/www.malasmora.si\/hr\/wp-json\/wp\/v2\/product\/3806","targetHints":{"allow":["GET"]}}],"collection":[{"href":"https:\/\/www.malasmora.si\/hr\/wp-json\/wp\/v2\/product"}],"about":[{"href":"https:\/\/www.malasmora.si\/hr\/wp-json\/wp\/v2\/types\/product"}],"replies":[{"embeddable":true,"href":"https:\/\/www.malasmora.si\/hr\/wp-json\/wp\/v2\/comments?post=3806"}],"wp:featuredmedia":[{"embeddable":true,"href":"https:\/\/www.malasmora.si\/hr\/wp-json\/wp\/v2\/media\/3809"}],"wp:attachment":[{"href":"https:\/\/www.malasmora.si\/hr\/wp-json\/wp\/v2\/media?parent=3806"}],"wp:term":[{"taxonomy":"product_brand","embeddable":true,"href":"https:\/\/www.malasmora.si\/hr\/wp-json\/wp\/v2\/product_brand?post=3806"},{"taxonomy":"product_cat","embeddable":true,"href":"https:\/\/www.malasmora.si\/hr\/wp-json\/wp\/v2\/product_cat?post=3806"},{"taxonomy":"product_tag","embeddable":true,"href":"https:\/\/www.malasmora.si\/hr\/wp-json\/wp\/v2\/product_tag?post=3806"}],"curies":[{"name":"wp","href":"https:\/\/api.w.org\/{rel}","templated":true}]}}